{"id":267838,"date":"2025-06-04T10:19:57","date_gmt":"2025-06-04T08:19:57","guid":{"rendered":"https:\/\/empow-her.com\/?post_type=product&#038;p=267838"},"modified":"2025-06-04T10:23:41","modified_gmt":"2025-06-04T08:23:41","slug":"coaching-assurer-la-viabilite-economique-12","status":"publish","type":"product","link":"https:\/\/empow-her.com\/es\/produit\/coaching-assurer-la-viabilite-economique-12\/","title":{"rendered":"Coaching &#8211; Assurer la viabilit\u00e9 \u00e9conomique"},"content":{"rendered":"<p data-start=\"0\" data-end=\"68\">&#x1f4e2; <strong data-start=\"3\" data-end=\"66\">Coaching &#8211; Travailler la viabilit\u00e9 \u00e9conomique de son projet<\/strong><\/p>\n<p data-start=\"70\" data-end=\"337\">Vous avez imagin\u00e9 une premi\u00e8re offre et identifi\u00e9 vos premier\u00b7es client\u00b7es et b\u00e9n\u00e9ficiaires, mais vous avez du mal \u00e0 structurer la viabilit\u00e9 de votre projet ? Quels seront les co\u00fbts principaux ? Comment fixer un prix juste pour vous r\u00e9mun\u00e9rer et couvrir vos frais ?<\/p>\n<p data-start=\"339\" data-end=\"631\">Lors de cette session de coaching, nous explorerons ensemble des raisonnements et outils simples pour vous aider \u00e0 r\u00e9pondre \u00e0 ces questions. Vous repartirez avec des pistes concr\u00e8tes pour d\u00e9velopper votre activit\u00e9, des outils adapt\u00e9s \u00e0 votre projet ou une feuille de route pr\u00eate \u00e0 l\u2019emploi.<\/p>\n<p data-start=\"633\" data-end=\"670\">&#x1f4a1; <strong data-start=\"636\" data-end=\"668\">Ce que nous pourrons aborder<\/strong><\/p>\n<p data-start=\"672\" data-end=\"859\">&#x1f539; <strong data-start=\"675\" data-end=\"742\">Identification des co\u00fbts principaux et structuration financi\u00e8re<\/strong><br data-start=\"742\" data-end=\"745\" \/>Comprendre les diff\u00e9rentes d\u00e9penses li\u00e9es \u00e0 votre projet et apprendre \u00e0 les organiser pour assurer sa p\u00e9rennit\u00e9.<\/p>\n<p data-start=\"861\" data-end=\"1045\">&#x1f539; <strong data-start=\"864\" data-end=\"927\">D\u00e9finition d\u2019un prix adapt\u00e9 \u00e0 votre offre et \u00e0 votre march\u00e9<\/strong><br data-start=\"927\" data-end=\"930\" \/>Apprendre \u00e0 fixer un tarif coh\u00e9rent en fonction de vos co\u00fbts, de la valeur per\u00e7ue et des attentes de votre cible.<\/p>\n<p data-start=\"1047\" data-end=\"1201\">&#x1f539; <strong data-start=\"1050\" data-end=\"1111\">Outils et m\u00e9thodes pour am\u00e9liorer la viabilit\u00e9 \u00e9conomique<\/strong><br data-start=\"1111\" data-end=\"1114\" \/>Explorer des m\u00e9thodes simples pour rendre votre activit\u00e9 plus durable financi\u00e8rement.<\/p>\n<p data-start=\"1203\" data-end=\"1356\">&#x1f539; <strong data-start=\"1206\" data-end=\"1274\">Construction d\u2019une feuille de route pour consolider votre mod\u00e8le<\/strong><br data-start=\"1274\" data-end=\"1277\" \/>D\u00e9finir les prochaines \u00e9tapes pour tester et ajuster votre mod\u00e8le \u00e9conomique.<\/p>\n<p data-start=\"1358\" data-end=\"1377\">&#x1f4cc; <strong data-start=\"1361\" data-end=\"1375\">Pr\u00e9-requis<\/strong><\/p>\n<p data-start=\"1379\" data-end=\"1582\">&#x2714; Avoir une premi\u00e8re offre ou une id\u00e9e de service\/produit<br data-start=\"1436\" data-end=\"1439\" \/>&#x2714; Avoir identifi\u00e9 des client\u00b7es ou b\u00e9n\u00e9ficiaires potentiels<br data-start=\"1498\" data-end=\"1501\" \/>&#x2714; \u00catre pr\u00eat\u00b7e \u00e0 explorer des strat\u00e9gies pour assurer la p\u00e9rennit\u00e9 de son projet<\/p>\n<p data-start=\"1584\" data-end=\"1612\">&#x1f4da; <strong data-start=\"1587\" data-end=\"1610\">Ressources fournies<\/strong><\/p>\n<ul data-start=\"1614\" data-end=\"1789\">\n<li data-start=\"1614\" data-end=\"1660\">Outils de structuration financi\u00e8re adapt\u00e9s<\/li>\n<li data-start=\"1661\" data-end=\"1716\">Mod\u00e8les de calcul de prix et d\u2019\u00e9valuation des co\u00fbts<\/li>\n<li data-start=\"1717\" data-end=\"1789\">Feuille de route personnalisable pour assurer la viabilit\u00e9 du projet<\/li>\n<\/ul>\n<p data-start=\"1791\" data-end=\"1985\" data-is-last-node=\"\" data-is-only-node=\"\">Avant la session, vous pouvez envoyer vos questions pr\u00e9cises ou documents utiles \u00e0 l\u2019\u00e9quipe d\u2019accompagnement Empow\u2019Her. Ceux-ci seront transmis \u00e0 l\u2019\u00e9quipe de plus1 pour optimiser votre \u00e9change !<\/p>\n<p><strong>Courte pr\u00e9sentation : Alexandre Sourzac-Lami :<\/strong> Apr\u00e8s mon double dipl\u00f4me \u00e0 l\u2019Ecole Centrale Paris et l\u2019ESCP Europe, j&#8217;ai cr\u00e9\u00e9 l\u2019entreprise sociale Fuso et travaill\u00e9 dans le secteur du conseil en France puis en Allemagne. Fondateur de +1, j&#8217;habite d\u00e9sormais \u00e0 Bruxelles d\u2019o\u00f9 j&#8217;accompagne avec enthousiasme les entrepreneur\u00b7e\u00b7s fran\u00e7ais et belges de l&#8217;ESS sur leur mod\u00e8le \u00e9conomique.<\/p>\n<p><strong>Son super pouvoir :<\/strong> Convertir d&#8217;un claquement de doigts un projet en chiffres&#8230; et r\u00e9ciproquement<\/p>\n<p><strong>Son petit mot :<\/strong> Une id\u00e9e g\u00e9niale, c&#8217;est bien. Un mod\u00e8le \u00e9conomique solidaire, qui inclut et s&#8217;appuie sur tout son \u00e9cosyst\u00e8me pour \u00eatre p\u00e9renne, c&#8217;est mieux !<\/p>\n<p><strong>NB<\/strong> : Cette permanence est particuli\u00e8rement adapt\u00e9e si vous avez particip\u00e9 en amont \u00e0 l&#8217;ateliers &#8220;Mod\u00e8le \u00e9conomique et viabilit\u00e9&#8221;.<\/p>\n<p><strong>Attention !<\/strong> Veuillez vous pr\u00e9senter \u00e0 l&#8217;heure pour que l&#8217;activit\u00e9 puisse commencer \u00e0 temps. Si vous avez du retard veuillez pr\u00e9venir l&#8217;intervenant.e. Si vous avez plus de 15 min de retard l&#8217;intervenant.e se r\u00e9serve le droit de ne plus vous accepter pour le coaching ou l&#8217;atelier.<\/p>\n","protected":false},"excerpt":{"rendered":"<p data-start=\"0\" data-end=\"68\">&#x1f4e2; <strong data-start=\"3\" data-end=\"66\">Coaching &#8211; Travailler la viabilit\u00e9 \u00e9conomique de son projet<\/strong><\/p>\n<p data-start=\"70\" data-end=\"337\">Vous avez imagin\u00e9 une premi\u00e8re offre et identifi\u00e9 vos premier\u00b7es client\u00b7es et b\u00e9n\u00e9ficiaires, mais vous avez du mal \u00e0 structurer la viabilit\u00e9 de votre projet ? Quels seront les co\u00fbts principaux ? Comment fixer un prix juste pour vous r\u00e9mun\u00e9rer et couvrir vos frais ?<\/p>\n<p data-start=\"339\" data-end=\"631\">Lors de cette session de coaching, nous explorerons ensemble des raisonnements et outils simples pour vous aider \u00e0 r\u00e9pondre \u00e0 ces questions. Vous repartirez avec des pistes concr\u00e8tes pour d\u00e9velopper votre activit\u00e9, des outils adapt\u00e9s \u00e0 votre projet ou une feuille de route pr\u00eate \u00e0 l\u2019emploi.<\/p>\n<p data-start=\"633\" data-end=\"670\">&#x1f4a1; <strong data-start=\"636\" data-end=\"668\">Ce que nous pourrons aborder<\/strong><\/p>\n<p data-start=\"672\" data-end=\"859\">&#x1f539; <strong data-start=\"675\" data-end=\"742\">Identification des co\u00fbts principaux et structuration financi\u00e8re<\/strong><br data-start=\"742\" data-end=\"745\" \/>Comprendre les diff\u00e9rentes d\u00e9penses li\u00e9es \u00e0 votre projet et apprendre \u00e0 les organiser pour assurer sa p\u00e9rennit\u00e9.<\/p>\n<p data-start=\"861\" data-end=\"1045\">&#x1f539; <strong data-start=\"864\" data-end=\"927\">D\u00e9finition d\u2019un prix adapt\u00e9 \u00e0 votre offre et \u00e0 votre march\u00e9<\/strong><br data-start=\"927\" data-end=\"930\" \/>Apprendre \u00e0 fixer un tarif coh\u00e9rent en fonction de vos co\u00fbts, de la valeur per\u00e7ue et des attentes de votre cible.<\/p>\n<p data-start=\"1047\" data-end=\"1201\">&#x1f539; <strong data-start=\"1050\" data-end=\"1111\">Outils et m\u00e9thodes pour am\u00e9liorer la viabilit\u00e9 \u00e9conomique<\/strong><br data-start=\"1111\" data-end=\"1114\" \/>Explorer des m\u00e9thodes simples pour rendre votre activit\u00e9 plus durable financi\u00e8rement.<\/p>\n<p data-start=\"1203\" data-end=\"1356\">&#x1f539; <strong data-start=\"1206\" data-end=\"1274\">Construction d\u2019une feuille de route pour consolider votre mod\u00e8le<\/strong><br data-start=\"1274\" data-end=\"1277\" \/>D\u00e9finir les prochaines \u00e9tapes pour tester et ajuster votre mod\u00e8le \u00e9conomique.<\/p>\n<p data-start=\"1358\" data-end=\"1377\">&#x1f4cc; <strong data-start=\"1361\" data-end=\"1375\">Pr\u00e9-requis<\/strong><\/p>\n<p data-start=\"1379\" data-end=\"1582\">&#x2714; Avoir une premi\u00e8re offre ou une id\u00e9e de service\/produit<br data-start=\"1436\" data-end=\"1439\" \/>&#x2714; Avoir identifi\u00e9 des client\u00b7es ou b\u00e9n\u00e9ficiaires potentiels<br data-start=\"1498\" data-end=\"1501\" \/>&#x2714; \u00catre pr\u00eat\u00b7e \u00e0 explorer des strat\u00e9gies pour assurer la p\u00e9rennit\u00e9 de son projet<\/p>\n<p data-start=\"1584\" data-end=\"1612\">&#x1f4da; <strong data-start=\"1587\" data-end=\"1610\">Ressources fournies<\/strong><\/p>\n<ul data-start=\"1614\" data-end=\"1789\">\n<li data-start=\"1614\" data-end=\"1660\">Outils de structuration financi\u00e8re adapt\u00e9s<\/li>\n<li data-start=\"1661\" data-end=\"1716\">Mod\u00e8les de calcul de prix et d\u2019\u00e9valuation des co\u00fbts<\/li>\n<li data-start=\"1717\" data-end=\"1789\">Feuille de route personnalisable pour assurer la viabilit\u00e9 du projet<\/li>\n<\/ul>\n<p data-start=\"1791\" data-end=\"1985\" data-is-last-node=\"\" data-is-only-node=\"\">Avant la session, vous pouvez envoyer vos questions pr\u00e9cises ou documents utiles \u00e0 l\u2019\u00e9quipe d\u2019accompagnement Empow\u2019Her. Ceux-ci seront transmis \u00e0 l\u2019\u00e9quipe de plus1 pour optimiser votre \u00e9change !<\/p>\n<p><strong>Courte pr\u00e9sentation : Alexandre Sourzac-Lami :<\/strong> Apr\u00e8s mon double dipl\u00f4me \u00e0 l\u2019Ecole Centrale Paris et l\u2019ESCP Europe, j&#8217;ai cr\u00e9\u00e9 l\u2019entreprise sociale Fuso et travaill\u00e9 dans le secteur du conseil en France puis en Allemagne. Fondateur de +1, j&#8217;habite d\u00e9sormais \u00e0 Bruxelles d\u2019o\u00f9 j&#8217;accompagne avec enthousiasme les entrepreneur\u00b7e\u00b7s fran\u00e7ais et belges de l&#8217;ESS sur leur mod\u00e8le \u00e9conomique.<\/p>\n<p><strong>Son super pouvoir :<\/strong> Convertir d&#8217;un claquement de doigts un projet en chiffres&#8230; et r\u00e9ciproquement<\/p>\n<p><strong>Son petit mot :<\/strong> Une id\u00e9e g\u00e9niale, c&#8217;est bien. Un mod\u00e8le \u00e9conomique solidaire, qui inclut et s&#8217;appuie sur tout son \u00e9cosyst\u00e8me pour \u00eatre p\u00e9renne, c&#8217;est mieux !<\/p>\n<p><strong>NB<\/strong> : Cette permanence est particuli\u00e8rement adapt\u00e9e si vous avez particip\u00e9 en amont \u00e0 l&#8217;ateliers &#8220;Mod\u00e8le \u00e9conomique et viabilit\u00e9&#8221;.<\/p>\n<p><strong>Attention !<\/strong> Veuillez vous pr\u00e9senter \u00e0 l&#8217;heure pour que l&#8217;activit\u00e9 puisse commencer \u00e0 temps. Si vous avez du retard veuillez pr\u00e9venir l&#8217;intervenant.e. Si vous avez plus de 15 min de retard l&#8217;intervenant.e se r\u00e9serve le droit de ne plus vous accepter pour le coaching ou l&#8217;atelier.<\/p>\n","protected":false},"featured_media":267839,"template":"","format":"standard","meta":{"_acf_changed":false,"om_disable_all_campaigns":false,"_uf_show_specific_survey":0,"_uf_disable_surveys":false},"product_brand":[],"product_cat":[121],"product_tag":[143],"lieu":[125],"thematiques":[],"class_list":{"0":"post-267838","1":"product","2":"type-product","3":"status-publish","4":"format-standard","5":"has-post-thumbnail","7":"product_cat-coaching","8":"product_tag-en-ligne","9":"lieu-en-ligne","11":"first","12":"instock","13":"virtual","14":"purchasable","15":"product-type-appointment"},"exclude_global_add_ons":[],"addons":[],"acf":[],"yoast_head":"<!-- This site is optimized with the Yoast SEO plugin v24.8 - https:\/\/yoast.com\/wordpress\/plugins\/seo\/ -->\n<title>Coaching - Assurer la viabilit\u00e9 \u00e9conomique - Empow&#039;Her<\/title>\n<meta name=\"robots\" content=\"index, follow, max-snippet:-1, max-image-preview:large, max-video-preview:-1\" \/>\n<link rel=\"canonical\" href=\"https:\/\/empow-her.com\/produit\/coaching-assurer-la-viabilite-economique-12\/\" \/>\n<meta property=\"og:locale\" content=\"es_ES\" \/>\n<meta property=\"og:type\" content=\"article\" \/>\n<meta property=\"og:title\" content=\"Coaching - Assurer la viabilit\u00e9 \u00e9conomique - Empow&#039;Her\" \/>\n<meta property=\"og:description\" content=\"&#x1f4e2; Coaching - Travailler la viabilit\u00e9 \u00e9conomique de son projet Vous avez imagin\u00e9 une premi\u00e8re offre et identifi\u00e9 vos premier\u00b7es client\u00b7es et b\u00e9n\u00e9ficiaires, mais vous avez du mal \u00e0 structurer la viabilit\u00e9 de votre projet ? Quels seront les co\u00fbts principaux ? Comment fixer un prix juste pour vous r\u00e9mun\u00e9rer et couvrir vos frais ? Lors de cette session de coaching, nous explorerons ensemble des raisonnements et outils simples pour vous aider \u00e0 r\u00e9pondre \u00e0 ces questions. Vous repartirez avec des pistes concr\u00e8tes pour d\u00e9velopper votre activit\u00e9, des outils adapt\u00e9s \u00e0 votre projet ou une feuille de route pr\u00eate \u00e0 l\u2019emploi. &#x1f4a1; Ce que nous pourrons aborder &#x1f539; Identification des co\u00fbts principaux et structuration financi\u00e8reComprendre les diff\u00e9rentes d\u00e9penses li\u00e9es \u00e0 votre projet et apprendre \u00e0 les organiser pour assurer sa p\u00e9rennit\u00e9. &#x1f539; D\u00e9finition d\u2019un prix adapt\u00e9 \u00e0 votre offre et \u00e0 votre march\u00e9Apprendre \u00e0 fixer un tarif coh\u00e9rent en fonction de vos co\u00fbts, de la valeur per\u00e7ue et des attentes de votre cible. &#x1f539; Outils et m\u00e9thodes pour am\u00e9liorer la viabilit\u00e9 \u00e9conomiqueExplorer des m\u00e9thodes simples pour rendre votre activit\u00e9 plus durable financi\u00e8rement. &#x1f539; Construction d\u2019une feuille de route pour consolider votre mod\u00e8leD\u00e9finir les prochaines \u00e9tapes pour tester et ajuster votre mod\u00e8le \u00e9conomique. &#x1f4cc; Pr\u00e9-requis &#x2714; Avoir une premi\u00e8re offre ou une id\u00e9e de service\/produit&#x2714; Avoir identifi\u00e9 des client\u00b7es ou b\u00e9n\u00e9ficiaires potentiels&#x2714; \u00catre pr\u00eat\u00b7e \u00e0 explorer des strat\u00e9gies pour assurer la p\u00e9rennit\u00e9 de son projet &#x1f4da; Ressources fournies    Outils de structuration financi\u00e8re adapt\u00e9s  Mod\u00e8les de calcul de prix et d\u2019\u00e9valuation des co\u00fbts  Feuille de route personnalisable pour assurer la viabilit\u00e9 du projet  Avant la session, vous pouvez envoyer vos questions pr\u00e9cises ou documents utiles \u00e0 l\u2019\u00e9quipe d\u2019accompagnement Empow\u2019Her. Ceux-ci seront transmis \u00e0 l\u2019\u00e9quipe de plus1 pour optimiser votre \u00e9change ! Courte pr\u00e9sentation : Alexandre Sourzac-Lami : Apr\u00e8s mon double dipl\u00f4me \u00e0 l\u2019Ecole Centrale Paris et l\u2019ESCP Europe, j&#039;ai cr\u00e9\u00e9 l\u2019entreprise sociale Fuso et travaill\u00e9 dans le secteur du conseil en France puis en Allemagne. Fondateur de +1, j&#039;habite d\u00e9sormais \u00e0 Bruxelles d\u2019o\u00f9 j&#039;accompagne avec enthousiasme les entrepreneur\u00b7e\u00b7s fran\u00e7ais et belges de l&#039;ESS sur leur mod\u00e8le \u00e9conomique.  Son super pouvoir : Convertir d&#039;un claquement de doigts un projet en chiffres... et r\u00e9ciproquement  Son petit mot : Une id\u00e9e g\u00e9niale, c&#039;est bien. Un mod\u00e8le \u00e9conomique solidaire, qui inclut et s&#039;appuie sur tout son \u00e9cosyst\u00e8me pour \u00eatre p\u00e9renne, c&#039;est mieux !  NB : Cette permanence est particuli\u00e8rement adapt\u00e9e si vous avez particip\u00e9 en amont \u00e0 l&#039;ateliers &quot;Mod\u00e8le \u00e9conomique et viabilit\u00e9&quot;.  Attention ! Veuillez vous pr\u00e9senter \u00e0 l&#039;heure pour que l&#039;activit\u00e9 puisse commencer \u00e0 temps. Si vous avez du retard veuillez pr\u00e9venir l&#039;intervenant.e. Si vous avez plus de 15 min de retard l&#039;intervenant.e se r\u00e9serve le droit de ne plus vous accepter pour le coaching ou l&#039;atelier.\" \/>\n<meta property=\"og:url\" content=\"https:\/\/empow-her.com\/produit\/coaching-assurer-la-viabilite-economique-12\/\" \/>\n<meta property=\"og:site_name\" content=\"Empow&#039;Her\" \/>\n<meta property=\"article:modified_time\" content=\"2025-06-04T08:23:41+00:00\" \/>\n<meta property=\"og:image\" content=\"https:\/\/empow-her.com\/wp-content\/uploads\/2025\/06\/Women-Dare-templates-events-79.png\" \/>\n\t<meta property=\"og:image:width\" content=\"1080\" \/>\n\t<meta property=\"og:image:height\" content=\"1080\" \/>\n\t<meta property=\"og:image:type\" content=\"image\/png\" \/>\n<meta name=\"twitter:card\" content=\"summary_large_image\" \/>\n<meta name=\"twitter:label1\" content=\"Tiempo de lectura\" \/>\n\t<meta name=\"twitter:data1\" content=\"3 minutos\" \/>\n<script type=\"application\/ld+json\" class=\"yoast-schema-graph\">{\"@context\":\"https:\/\/schema.org\",\"@graph\":[{\"@type\":\"WebPage\",\"@id\":\"https:\/\/empow-her.com\/produit\/coaching-assurer-la-viabilite-economique-12\/\",\"url\":\"https:\/\/empow-her.com\/produit\/coaching-assurer-la-viabilite-economique-12\/\",\"name\":\"Coaching - Assurer la viabilit\u00e9 \u00e9conomique - Empow&#039;Her\",\"isPartOf\":{\"@id\":\"https:\/\/empow-her.com\/#website\"},\"primaryImageOfPage\":{\"@id\":\"https:\/\/empow-her.com\/produit\/coaching-assurer-la-viabilite-economique-12\/#primaryimage\"},\"image\":{\"@id\":\"https:\/\/empow-her.com\/produit\/coaching-assurer-la-viabilite-economique-12\/#primaryimage\"},\"thumbnailUrl\":\"https:\/\/empow-her.com\/wp-content\/uploads\/2025\/06\/Women-Dare-templates-events-79.png\",\"datePublished\":\"2025-06-04T08:19:57+00:00\",\"dateModified\":\"2025-06-04T08:23:41+00:00\",\"breadcrumb\":{\"@id\":\"https:\/\/empow-her.com\/produit\/coaching-assurer-la-viabilite-economique-12\/#breadcrumb\"},\"inLanguage\":\"es\",\"potentialAction\":[{\"@type\":\"ReadAction\",\"target\":[\"https:\/\/empow-her.com\/produit\/coaching-assurer-la-viabilite-economique-12\/\"]}]},{\"@type\":\"ImageObject\",\"inLanguage\":\"es\",\"@id\":\"https:\/\/empow-her.com\/produit\/coaching-assurer-la-viabilite-economique-12\/#primaryimage\",\"url\":\"https:\/\/empow-her.com\/wp-content\/uploads\/2025\/06\/Women-Dare-templates-events-79.png\",\"contentUrl\":\"https:\/\/empow-her.com\/wp-content\/uploads\/2025\/06\/Women-Dare-templates-events-79.png\",\"width\":1080,\"height\":1080},{\"@type\":\"BreadcrumbList\",\"@id\":\"https:\/\/empow-her.com\/produit\/coaching-assurer-la-viabilite-economique-12\/#breadcrumb\",\"itemListElement\":[{\"@type\":\"ListItem\",\"position\":1,\"name\":\"Accueil\",\"item\":\"https:\/\/empow-her.com\/es\/inicio\/\"},{\"@type\":\"ListItem\",\"position\":2,\"name\":\"LA BOUTIQUE\",\"item\":\"https:\/\/empow-her.com\/boutique\/\"},{\"@type\":\"ListItem\",\"position\":3,\"name\":\"Coaching &#8211; Assurer la viabilit\u00e9 \u00e9conomique\"}]},{\"@type\":\"WebSite\",\"@id\":\"https:\/\/empow-her.com\/#website\",\"url\":\"https:\/\/empow-her.com\/\",\"name\":\"Empow&#039;Her\",\"description\":\"Women Development\",\"potentialAction\":[{\"@type\":\"SearchAction\",\"target\":{\"@type\":\"EntryPoint\",\"urlTemplate\":\"https:\/\/empow-her.com\/?s={search_term_string}\"},\"query-input\":{\"@type\":\"PropertyValueSpecification\",\"valueRequired\":true,\"valueName\":\"search_term_string\"}}],\"inLanguage\":\"es\"}]}<\/script>\n<!-- \/ Yoast SEO plugin. -->","yoast_head_json":{"title":"Coaching - Assurer la viabilit\u00e9 \u00e9conomique - Empow&#039;Her","robots":{"index":"index","follow":"follow","max-snippet":"max-snippet:-1","max-image-preview":"max-image-preview:large","max-video-preview":"max-video-preview:-1"},"canonical":"https:\/\/empow-her.com\/produit\/coaching-assurer-la-viabilite-economique-12\/","og_locale":"es_ES","og_type":"article","og_title":"Coaching - Assurer la viabilit\u00e9 \u00e9conomique - Empow&#039;Her","og_description":"&#x1f4e2; Coaching - Travailler la viabilit\u00e9 \u00e9conomique de son projet Vous avez imagin\u00e9 une premi\u00e8re offre et identifi\u00e9 vos premier\u00b7es client\u00b7es et b\u00e9n\u00e9ficiaires, mais vous avez du mal \u00e0 structurer la viabilit\u00e9 de votre projet ? Quels seront les co\u00fbts principaux ? Comment fixer un prix juste pour vous r\u00e9mun\u00e9rer et couvrir vos frais ? Lors de cette session de coaching, nous explorerons ensemble des raisonnements et outils simples pour vous aider \u00e0 r\u00e9pondre \u00e0 ces questions. Vous repartirez avec des pistes concr\u00e8tes pour d\u00e9velopper votre activit\u00e9, des outils adapt\u00e9s \u00e0 votre projet ou une feuille de route pr\u00eate \u00e0 l\u2019emploi. &#x1f4a1; Ce que nous pourrons aborder &#x1f539; Identification des co\u00fbts principaux et structuration financi\u00e8reComprendre les diff\u00e9rentes d\u00e9penses li\u00e9es \u00e0 votre projet et apprendre \u00e0 les organiser pour assurer sa p\u00e9rennit\u00e9. &#x1f539; D\u00e9finition d\u2019un prix adapt\u00e9 \u00e0 votre offre et \u00e0 votre march\u00e9Apprendre \u00e0 fixer un tarif coh\u00e9rent en fonction de vos co\u00fbts, de la valeur per\u00e7ue et des attentes de votre cible. &#x1f539; Outils et m\u00e9thodes pour am\u00e9liorer la viabilit\u00e9 \u00e9conomiqueExplorer des m\u00e9thodes simples pour rendre votre activit\u00e9 plus durable financi\u00e8rement. &#x1f539; Construction d\u2019une feuille de route pour consolider votre mod\u00e8leD\u00e9finir les prochaines \u00e9tapes pour tester et ajuster votre mod\u00e8le \u00e9conomique. &#x1f4cc; Pr\u00e9-requis &#x2714; Avoir une premi\u00e8re offre ou une id\u00e9e de service\/produit&#x2714; Avoir identifi\u00e9 des client\u00b7es ou b\u00e9n\u00e9ficiaires potentiels&#x2714; \u00catre pr\u00eat\u00b7e \u00e0 explorer des strat\u00e9gies pour assurer la p\u00e9rennit\u00e9 de son projet &#x1f4da; Ressources fournies    Outils de structuration financi\u00e8re adapt\u00e9s  Mod\u00e8les de calcul de prix et d\u2019\u00e9valuation des co\u00fbts  Feuille de route personnalisable pour assurer la viabilit\u00e9 du projet  Avant la session, vous pouvez envoyer vos questions pr\u00e9cises ou documents utiles \u00e0 l\u2019\u00e9quipe d\u2019accompagnement Empow\u2019Her. Ceux-ci seront transmis \u00e0 l\u2019\u00e9quipe de plus1 pour optimiser votre \u00e9change ! Courte pr\u00e9sentation : Alexandre Sourzac-Lami : Apr\u00e8s mon double dipl\u00f4me \u00e0 l\u2019Ecole Centrale Paris et l\u2019ESCP Europe, j'ai cr\u00e9\u00e9 l\u2019entreprise sociale Fuso et travaill\u00e9 dans le secteur du conseil en France puis en Allemagne. Fondateur de +1, j'habite d\u00e9sormais \u00e0 Bruxelles d\u2019o\u00f9 j'accompagne avec enthousiasme les entrepreneur\u00b7e\u00b7s fran\u00e7ais et belges de l'ESS sur leur mod\u00e8le \u00e9conomique.  Son super pouvoir : Convertir d'un claquement de doigts un projet en chiffres... et r\u00e9ciproquement  Son petit mot : Une id\u00e9e g\u00e9niale, c'est bien. Un mod\u00e8le \u00e9conomique solidaire, qui inclut et s'appuie sur tout son \u00e9cosyst\u00e8me pour \u00eatre p\u00e9renne, c'est mieux !  NB : Cette permanence est particuli\u00e8rement adapt\u00e9e si vous avez particip\u00e9 en amont \u00e0 l'ateliers \"Mod\u00e8le \u00e9conomique et viabilit\u00e9\".  Attention ! Veuillez vous pr\u00e9senter \u00e0 l'heure pour que l'activit\u00e9 puisse commencer \u00e0 temps. Si vous avez du retard veuillez pr\u00e9venir l'intervenant.e. Si vous avez plus de 15 min de retard l'intervenant.e se r\u00e9serve le droit de ne plus vous accepter pour le coaching ou l'atelier.","og_url":"https:\/\/empow-her.com\/produit\/coaching-assurer-la-viabilite-economique-12\/","og_site_name":"Empow&#039;Her","article_modified_time":"2025-06-04T08:23:41+00:00","og_image":[{"width":1080,"height":1080,"url":"https:\/\/empow-her.com\/wp-content\/uploads\/2025\/06\/Women-Dare-templates-events-79.png","type":"image\/png"}],"twitter_card":"summary_large_image","twitter_misc":{"Tiempo de lectura":"3 minutos"},"schema":{"@context":"https:\/\/schema.org","@graph":[{"@type":"WebPage","@id":"https:\/\/empow-her.com\/produit\/coaching-assurer-la-viabilite-economique-12\/","url":"https:\/\/empow-her.com\/produit\/coaching-assurer-la-viabilite-economique-12\/","name":"Coaching - Assurer la viabilit\u00e9 \u00e9conomique - Empow&#039;Her","isPartOf":{"@id":"https:\/\/empow-her.com\/#website"},"primaryImageOfPage":{"@id":"https:\/\/empow-her.com\/produit\/coaching-assurer-la-viabilite-economique-12\/#primaryimage"},"image":{"@id":"https:\/\/empow-her.com\/produit\/coaching-assurer-la-viabilite-economique-12\/#primaryimage"},"thumbnailUrl":"https:\/\/empow-her.com\/wp-content\/uploads\/2025\/06\/Women-Dare-templates-events-79.png","datePublished":"2025-06-04T08:19:57+00:00","dateModified":"2025-06-04T08:23:41+00:00","breadcrumb":{"@id":"https:\/\/empow-her.com\/produit\/coaching-assurer-la-viabilite-economique-12\/#breadcrumb"},"inLanguage":"es","potentialAction":[{"@type":"ReadAction","target":["https:\/\/empow-her.com\/produit\/coaching-assurer-la-viabilite-economique-12\/"]}]},{"@type":"ImageObject","inLanguage":"es","@id":"https:\/\/empow-her.com\/produit\/coaching-assurer-la-viabilite-economique-12\/#primaryimage","url":"https:\/\/empow-her.com\/wp-content\/uploads\/2025\/06\/Women-Dare-templates-events-79.png","contentUrl":"https:\/\/empow-her.com\/wp-content\/uploads\/2025\/06\/Women-Dare-templates-events-79.png","width":1080,"height":1080},{"@type":"BreadcrumbList","@id":"https:\/\/empow-her.com\/produit\/coaching-assurer-la-viabilite-economique-12\/#breadcrumb","itemListElement":[{"@type":"ListItem","position":1,"name":"Accueil","item":"https:\/\/empow-her.com\/es\/inicio\/"},{"@type":"ListItem","position":2,"name":"LA BOUTIQUE","item":"https:\/\/empow-her.com\/boutique\/"},{"@type":"ListItem","position":3,"name":"Coaching &#8211; Assurer la viabilit\u00e9 \u00e9conomique"}]},{"@type":"WebSite","@id":"https:\/\/empow-her.com\/#website","url":"https:\/\/empow-her.com\/","name":"Empow&#039;Her","description":"Women Development","potentialAction":[{"@type":"SearchAction","target":{"@type":"EntryPoint","urlTemplate":"https:\/\/empow-her.com\/?s={search_term_string}"},"query-input":{"@type":"PropertyValueSpecification","valueRequired":true,"valueName":"search_term_string"}}],"inLanguage":"es"}]}},"_links":{"self":[{"href":"https:\/\/empow-her.com\/es\/wp-json\/wp\/v2\/product\/267838","targetHints":{"allow":["GET"]}}],"collection":[{"href":"https:\/\/empow-her.com\/es\/wp-json\/wp\/v2\/product"}],"about":[{"href":"https:\/\/empow-her.com\/es\/wp-json\/wp\/v2\/types\/product"}],"wp:featuredmedia":[{"embeddable":true,"href":"https:\/\/empow-her.com\/es\/wp-json\/wp\/v2\/media\/267839"}],"wp:attachment":[{"href":"https:\/\/empow-her.com\/es\/wp-json\/wp\/v2\/media?parent=267838"}],"wp:term":[{"taxonomy":"product_brand","embeddable":true,"href":"https:\/\/empow-her.com\/es\/wp-json\/wp\/v2\/product_brand?post=267838"},{"taxonomy":"product_cat","embeddable":true,"href":"https:\/\/empow-her.com\/es\/wp-json\/wp\/v2\/product_cat?post=267838"},{"taxonomy":"product_tag","embeddable":true,"href":"https:\/\/empow-her.com\/es\/wp-json\/wp\/v2\/product_tag?post=267838"},{"taxonomy":"lieu","embeddable":true,"href":"https:\/\/empow-her.com\/es\/wp-json\/wp\/v2\/lieu?post=267838"},{"taxonomy":"thematiques","embeddable":true,"href":"https:\/\/empow-her.com\/es\/wp-json\/wp\/v2\/thematiques?post=267838"}],"curies":[{"name":"wp","href":"https:\/\/api.w.org\/{rel}","templated":true}]}}