{"id":267834,"date":"2025-06-04T10:14:09","date_gmt":"2025-06-04T08:14:09","guid":{"rendered":"https:\/\/empow-her.com\/?post_type=product&#038;p=267834"},"modified":"2025-06-04T10:18:16","modified_gmt":"2025-06-04T08:18:16","slug":"coaching-creer-du-contenu-qui-depote-sur-les-reseaux-sociaux-2","status":"publish","type":"product","link":"https:\/\/empow-her.com\/es\/produit\/coaching-creer-du-contenu-qui-depote-sur-les-reseaux-sociaux-2\/","title":{"rendered":"Coaching &#8211; Cr\u00e9er du contenu qui d\u00e9pote sur les r\u00e9seaux sociaux"},"content":{"rendered":"<div class=\"elementor-element elementor-element-6dcaf591 elementor-widget elementor-widget-woocommerce-product-short-description\" data-id=\"6dcaf591\" data-element_type=\"widget\" data-widget_type=\"woocommerce-product-short-description.default\">\n<div class=\"elementor-widget-container\">\n<div class=\"woocommerce-product-details__short-description\">\n<p>&#x1f4e2; 1h de coaching pour structurer et optimiser ta strat\u00e9gie de contenus<\/p>\n<p>Cr\u00e9er du contenu ne suffit pas : encore faut-il qu\u2019il soit coh\u00e9rent, efficace et adapt\u00e9 \u00e0 l\u2019audience vis\u00e9e. Cette s\u00e9ance permettra de structurer la communication pour gagner en visibilit\u00e9 et en impact, tout en optimisant le temps consacr\u00e9 \u00e0 la cr\u00e9ation.<\/p>\n<p>&#x1f4a1; Ce que nous pouvons aborder :<\/p>\n<p>&#x1f539; Comprendre l\u2019importance d\u2019une strat\u00e9gie de contenus<br \/>\nPourquoi publier du contenu au hasard ne fonctionne pas ? Poser les bases d\u2019une strat\u00e9gie efficace, align\u00e9e avec les objectifs et la cible.<\/p>\n<p>&#x1f6e0; D\u00e9couvrir les bonnes m\u00e9thodes et outils<br \/>\nCr\u00e9er du contenu ne doit pas \u00eatre une corv\u00e9e. Exploration de techniques et d\u2019outils pour produire plus facilement, recycler intelligemment et diffuser efficacement sur les diff\u00e9rents canaux.<\/p>\n<p>&#x1f4ca; Identifier les formats qui fonctionnent vraiment<br \/>\nChaque plateforme a ses codes et ses contenus phares. Analyse des formats les plus pertinents selon l\u2019activit\u00e9 et l\u2019audience.<\/p>\n<p>&#x1f5d3; Structurer un calendrier \u00e9ditorial efficace<br \/>\nPlanifier les publications, anticiper les temps forts et gagner en r\u00e9gularit\u00e9 : organisation du contenu pour \u00e9viter la panne d\u2019inspiration et maintenir une pr\u00e9sence dynamique.<\/p>\n<p>\u00c0 l\u2019issue de cette heure de coaching, une vision claire, des outils pratiques et un plan d\u2019action concret permettront d\u2019optimiser la communication et de maximiser son impact ! &#x1f680;<\/p>\n<p><strong>No\u00e9mie Kempf :<\/strong> No\u00e9mie est autrice, chroniqueuse, podcasteuse et consultante ind\u00e9pendante sp\u00e9cialis\u00e9e sur les sujets de Brand Content et de Community Building. Elle concilie sa passion pour la sociologie, les nouvelles technologies et le marketing \u00e0 travers ses deux m\u00e9dias : The Storyline, qui explore le futur des marques ainsi que Community Centric, qui d\u00e9crypte les secrets des communaut\u00e9s puissantes.<br \/>\nElle est autrice l\u2019ouvrage Le pouvoir des communaut\u00e9s, publi\u00e9 aux \u00e9ditions Eyrolles.<\/p>\n<p><strong>Son petit mot : <\/strong>C&#8217;est par nos actions aujourd&#8217;hui que nous \u00e9crivons le monde de demain &#8211; bravo de vous \u00eatre lanc\u00e9e dans cette aventure !<\/p>\n<p><strong>Son super pouvoir :\u00a0<\/strong>Exploratrice du marketing de demain<\/p>\n<p><strong>Pr\u00e9-requis<\/strong> <strong>:<\/strong> <span data-sheets-value=\"{&quot;1&quot;:2,&quot;2&quot;:&quot;nVous souhaitez vous inscrire \u00e0 cette session ? Merci d'indiquer votre besoin principal en remplissant ce questionnaire avant la session : https:\/\/airtable.com\/shrbpqpYDX8WKP0gJ nou communiquez-le par mail \u00e0 votre r\u00e9f\u00e9rente Empow'Her : nadege.serrero@empow-her.com&quot;}\" data-sheets-userformat=\"{&quot;2&quot;:4993,&quot;3&quot;:{&quot;1&quot;:0},&quot;10&quot;:1,&quot;11&quot;:4,&quot;12&quot;:0,&quot;15&quot;:&quot;Hind&quot;}\">Aucun !<\/span><\/p>\n<p><strong>Dur\u00e9e<\/strong> <strong>:<\/strong> U<span data-sheets-value=\"{&quot;1&quot;:2,&quot;2&quot;:&quot;Permanence de 4h avec un cr\u00e9neau de 1h par participante (+ 15 minutes entre chaque)&quot;}\" data-sheets-userformat=\"{&quot;2&quot;:7167,&quot;3&quot;:{&quot;1&quot;:0},&quot;4&quot;:{&quot;1&quot;:2,&quot;2&quot;:16777215},&quot;5&quot;:{&quot;1&quot;:[{&quot;1&quot;:2,&quot;2&quot;:0,&quot;5&quot;:{&quot;1&quot;:2,&quot;2&quot;:0}},{&quot;1&quot;:0,&quot;2&quot;:0,&quot;3&quot;:3},{&quot;1&quot;:1,&quot;2&quot;:0,&quot;4&quot;:1}]},&quot;6&quot;:{&quot;1&quot;:[{&quot;1&quot;:2,&quot;2&quot;:0,&quot;5&quot;:{&quot;1&quot;:2,&quot;2&quot;:0}},{&quot;1&quot;:0,&quot;2&quot;:0,&quot;3&quot;:3},{&quot;1&quot;:1,&quot;2&quot;:0,&quot;4&quot;:1}]},&quot;7&quot;:{&quot;1&quot;:[{&quot;1&quot;:2,&quot;2&quot;:0,&quot;5&quot;:{&quot;1&quot;:2,&quot;2&quot;:0}},{&quot;1&quot;:0,&quot;2&quot;:0,&quot;3&quot;:3},{&quot;1&quot;:1,&quot;2&quot;:0,&quot;4&quot;:1}]},&quot;8&quot;:{&quot;1&quot;:[{&quot;1&quot;:2,&quot;2&quot;:0,&quot;5&quot;:{&quot;1&quot;:2,&quot;2&quot;:0}},{&quot;1&quot;:0,&quot;2&quot;:0,&quot;3&quot;:3},{&quot;1&quot;:1,&quot;2&quot;:0,&quot;4&quot;:1}]},&quot;9&quot;:0,&quot;10&quot;:1,&quot;11&quot;:4,&quot;12&quot;:0,&quot;14&quot;:{&quot;1&quot;:2,&quot;2&quot;:0},&quot;15&quot;:&quot;Calibri&quot;}\">n cr\u00e9neau de <strong>1h en individuel en ligne<\/strong><\/span><\/p>\n<p><strong>Attention !<\/strong> \u00a0Veuillez vous pr\u00e9senter \u00e0 l\u2019heure pour que l\u2019activit\u00e9 puisse commencer \u00e0 temps. Si vous avez du retard veuillez pr\u00e9venir l\u2019intervenant.e. Si vous avez plus de 15 min de retard l\u2019intervenant.e se r\u00e9serve le droit de ne plus vous accepter pour le coaching ou l\u2019atelier.<\/p>\n<\/div>\n<\/div>\n<\/div>\n","protected":false},"excerpt":{"rendered":"<p>&#x1f4e2; 1h de coaching pour structurer et optimiser ta strat\u00e9gie de contenus<\/p>\n<p>Cr\u00e9er du contenu ne suffit pas : encore faut-il qu\u2019il soit coh\u00e9rent, efficace et adapt\u00e9 \u00e0 l\u2019audience vis\u00e9e. Cette s\u00e9ance permettra de structurer la communication pour gagner en visibilit\u00e9 et en impact, tout en optimisant le temps consacr\u00e9 \u00e0 la cr\u00e9ation.<\/p>\n<p>&#x1f4a1; Ce que nous pouvons aborder :<\/p>\n<p>&#x1f539; Comprendre l\u2019importance d\u2019une strat\u00e9gie de contenus<br \/>\nPourquoi publier du contenu au hasard ne fonctionne pas ? Poser les bases d\u2019une strat\u00e9gie efficace, align\u00e9e avec les objectifs et la cible.<\/p>\n<p>&#x1f6e0; D\u00e9couvrir les bonnes m\u00e9thodes et outils<br \/>\nCr\u00e9er du contenu ne doit pas \u00eatre une corv\u00e9e. Exploration de techniques et d\u2019outils pour produire plus facilement, recycler intelligemment et diffuser efficacement sur les diff\u00e9rents canaux.<\/p>\n<p>&#x1f4ca; Identifier les formats qui fonctionnent vraiment<br \/>\nChaque plateforme a ses codes et ses contenus phares. Analyse des formats les plus pertinents selon l\u2019activit\u00e9 et l\u2019audience.<\/p>\n<p>&#x1f5d3; Structurer un calendrier \u00e9ditorial efficace<br \/>\nPlanifier les publications, anticiper les temps forts et gagner en r\u00e9gularit\u00e9 : organisation du contenu pour \u00e9viter la panne d\u2019inspiration et maintenir une pr\u00e9sence dynamique.<\/p>\n<p>\u00c0 l\u2019issue de cette heure de coaching, une vision claire, des outils pratiques et un plan d\u2019action concret permettront d\u2019optimiser la communication et de maximiser son impact ! &#x1f680;<\/p>\n<p><strong>No\u00e9mie Kempf :<\/strong> No\u00e9mie est autrice, chroniqueuse, podcasteuse et consultante ind\u00e9pendante sp\u00e9cialis\u00e9e sur les sujets de Brand Content et de Community Building. Elle concilie sa passion pour la sociologie, les nouvelles technologies et le marketing \u00e0 travers ses deux m\u00e9dias : The Storyline, qui explore le futur des marques ainsi que Community Centric, qui d\u00e9crypte les secrets des communaut\u00e9s puissantes.<br \/>\nElle est autrice l\u2019ouvrage Le pouvoir des communaut\u00e9s, publi\u00e9 aux \u00e9ditions Eyrolles.<\/p>\n<p><strong>Son petit mot : <\/strong>C&#8217;est par nos actions aujourd&#8217;hui que nous \u00e9crivons le monde de demain &#8211; bravo de vous \u00eatre lanc\u00e9e dans cette aventure !<\/p>\n<p><strong>Son super pouvoir :\u00a0<\/strong>Exploratrice du marketing de demain<\/p>\n<p><strong>Pr\u00e9-requis<\/strong> <strong>:<\/strong> <span data-sheets-value=\"{&quot;1&quot;:2,&quot;2&quot;:&quot;nVous souhaitez vous inscrire \u00e0 cette session ? Merci d'indiquer votre besoin principal en remplissant ce questionnaire avant la session : https:\/\/airtable.com\/shrbpqpYDX8WKP0gJ nou communiquez-le par mail \u00e0 votre r\u00e9f\u00e9rente Empow'Her : nadege.serrero@empow-her.com&quot;}\" data-sheets-userformat=\"{&quot;2&quot;:4993,&quot;3&quot;:{&quot;1&quot;:0},&quot;10&quot;:1,&quot;11&quot;:4,&quot;12&quot;:0,&quot;15&quot;:&quot;Hind&quot;}\">Aucun !<\/span><\/p>\n<p><strong>Dur\u00e9e<\/strong> <strong>:<\/strong> U<span data-sheets-value=\"{&quot;1&quot;:2,&quot;2&quot;:&quot;Permanence de 4h avec un cr\u00e9neau de 1h par participante (+ 15 minutes entre chaque)&quot;}\" data-sheets-userformat=\"{&quot;2&quot;:7167,&quot;3&quot;:{&quot;1&quot;:0},&quot;4&quot;:{&quot;1&quot;:2,&quot;2&quot;:16777215},&quot;5&quot;:{&quot;1&quot;:[{&quot;1&quot;:2,&quot;2&quot;:0,&quot;5&quot;:{&quot;1&quot;:2,&quot;2&quot;:0}},{&quot;1&quot;:0,&quot;2&quot;:0,&quot;3&quot;:3},{&quot;1&quot;:1,&quot;2&quot;:0,&quot;4&quot;:1}]},&quot;6&quot;:{&quot;1&quot;:[{&quot;1&quot;:2,&quot;2&quot;:0,&quot;5&quot;:{&quot;1&quot;:2,&quot;2&quot;:0}},{&quot;1&quot;:0,&quot;2&quot;:0,&quot;3&quot;:3},{&quot;1&quot;:1,&quot;2&quot;:0,&quot;4&quot;:1}]},&quot;7&quot;:{&quot;1&quot;:[{&quot;1&quot;:2,&quot;2&quot;:0,&quot;5&quot;:{&quot;1&quot;:2,&quot;2&quot;:0}},{&quot;1&quot;:0,&quot;2&quot;:0,&quot;3&quot;:3},{&quot;1&quot;:1,&quot;2&quot;:0,&quot;4&quot;:1}]},&quot;8&quot;:{&quot;1&quot;:[{&quot;1&quot;:2,&quot;2&quot;:0,&quot;5&quot;:{&quot;1&quot;:2,&quot;2&quot;:0}},{&quot;1&quot;:0,&quot;2&quot;:0,&quot;3&quot;:3},{&quot;1&quot;:1,&quot;2&quot;:0,&quot;4&quot;:1}]},&quot;9&quot;:0,&quot;10&quot;:1,&quot;11&quot;:4,&quot;12&quot;:0,&quot;14&quot;:{&quot;1&quot;:2,&quot;2&quot;:0},&quot;15&quot;:&quot;Calibri&quot;}\">n cr\u00e9neau de <strong>1h en individuel en ligne<\/strong><\/span><\/p>\n<p><strong>Attention !<\/strong> \u00a0Veuillez vous pr\u00e9senter \u00e0 l\u2019heure pour que l\u2019activit\u00e9 puisse commencer \u00e0 temps. Si vous avez du retard veuillez pr\u00e9venir l\u2019intervenant.e. Si vous avez plus de 15 min de retard l\u2019intervenant.e se r\u00e9serve le droit de ne plus vous accepter pour le coaching ou l\u2019atelier.<\/p>\n","protected":false},"featured_media":267835,"template":"","format":"standard","meta":{"_acf_changed":false,"om_disable_all_campaigns":false,"_uf_show_specific_survey":0,"_uf_disable_surveys":false},"product_brand":[],"product_cat":[121],"product_tag":[143],"lieu":[125],"thematiques":[],"class_list":{"0":"post-267834","1":"product","2":"type-product","3":"status-publish","4":"format-standard","5":"has-post-thumbnail","7":"product_cat-coaching","8":"product_tag-en-ligne","9":"lieu-en-ligne","11":"first","12":"instock","13":"virtual","14":"purchasable","15":"product-type-appointment"},"exclude_global_add_ons":[],"addons":[],"acf":[],"yoast_head":"<!-- This site is optimized with the Yoast SEO plugin v24.8 - https:\/\/yoast.com\/wordpress\/plugins\/seo\/ -->\n<title>Coaching - Les principes essentiels du marketing digital et les m\u00e9thodes cl\u00e9s pour optimiser son r\u00e9f\u00e9rencement en ligne<\/title>\n<meta name=\"robots\" content=\"index, follow, max-snippet:-1, max-image-preview:large, max-video-preview:-1\" \/>\n<link rel=\"canonical\" href=\"https:\/\/empow-her.com\/produit\/coaching-creer-du-contenu-qui-depote-sur-les-reseaux-sociaux-2\/\" \/>\n<meta property=\"og:locale\" content=\"es_ES\" \/>\n<meta property=\"og:type\" content=\"article\" \/>\n<meta property=\"og:title\" content=\"Coaching - Les principes essentiels du marketing digital et les m\u00e9thodes cl\u00e9s pour optimiser son r\u00e9f\u00e9rencement en ligne\" \/>\n<meta property=\"og:description\" content=\"&#x1f4e2; 1h de coaching pour structurer et optimiser ta strat\u00e9gie de contenus  Cr\u00e9er du contenu ne suffit pas : encore faut-il qu\u2019il soit coh\u00e9rent, efficace et adapt\u00e9 \u00e0 l\u2019audience vis\u00e9e. Cette s\u00e9ance permettra de structurer la communication pour gagner en visibilit\u00e9 et en impact, tout en optimisant le temps consacr\u00e9 \u00e0 la cr\u00e9ation.  &#x1f4a1; Ce que nous pouvons aborder :  &#x1f539; Comprendre l\u2019importance d\u2019une strat\u00e9gie de contenus Pourquoi publier du contenu au hasard ne fonctionne pas ? Poser les bases d\u2019une strat\u00e9gie efficace, align\u00e9e avec les objectifs et la cible.  &#x1f6e0; D\u00e9couvrir les bonnes m\u00e9thodes et outils Cr\u00e9er du contenu ne doit pas \u00eatre une corv\u00e9e. Exploration de techniques et d\u2019outils pour produire plus facilement, recycler intelligemment et diffuser efficacement sur les diff\u00e9rents canaux.  &#x1f4ca; Identifier les formats qui fonctionnent vraiment Chaque plateforme a ses codes et ses contenus phares. Analyse des formats les plus pertinents selon l\u2019activit\u00e9 et l\u2019audience.  &#x1f5d3; Structurer un calendrier \u00e9ditorial efficace Planifier les publications, anticiper les temps forts et gagner en r\u00e9gularit\u00e9 : organisation du contenu pour \u00e9viter la panne d\u2019inspiration et maintenir une pr\u00e9sence dynamique.  \u00c0 l\u2019issue de cette heure de coaching, une vision claire, des outils pratiques et un plan d\u2019action concret permettront d\u2019optimiser la communication et de maximiser son impact ! &#x1f680;  No\u00e9mie Kempf : No\u00e9mie est autrice, chroniqueuse, podcasteuse et consultante ind\u00e9pendante sp\u00e9cialis\u00e9e sur les sujets de Brand Content et de Community Building. Elle concilie sa passion pour la sociologie, les nouvelles technologies et le marketing \u00e0 travers ses deux m\u00e9dias : The Storyline, qui explore le futur des marques ainsi que Community Centric, qui d\u00e9crypte les secrets des communaut\u00e9s puissantes. Elle est autrice l\u2019ouvrage Le pouvoir des communaut\u00e9s, publi\u00e9 aux \u00e9ditions Eyrolles.  Son petit mot : C&#039;est par nos actions aujourd&#039;hui que nous \u00e9crivons le monde de demain - bravo de vous \u00eatre lanc\u00e9e dans cette aventure !  Son super pouvoir :\u00a0Exploratrice du marketing de demain  Pr\u00e9-requis : Aucun !  Dur\u00e9e : Un cr\u00e9neau de 1h en individuel en ligne  Attention ! \u00a0Veuillez vous pr\u00e9senter \u00e0 l\u2019heure pour que l\u2019activit\u00e9 puisse commencer \u00e0 temps. Si vous avez du retard veuillez pr\u00e9venir l\u2019intervenant.e. Si vous avez plus de 15 min de retard l\u2019intervenant.e se r\u00e9serve le droit de ne plus vous accepter pour le coaching ou l\u2019atelier.\" \/>\n<meta property=\"og:url\" content=\"https:\/\/empow-her.com\/produit\/coaching-creer-du-contenu-qui-depote-sur-les-reseaux-sociaux-2\/\" \/>\n<meta property=\"og:site_name\" content=\"Empow&#039;Her\" \/>\n<meta property=\"article:modified_time\" content=\"2025-06-04T08:18:16+00:00\" \/>\n<meta property=\"og:image\" content=\"https:\/\/empow-her.com\/wp-content\/uploads\/2025\/06\/Women-Dare-templates-events-78.png\" \/>\n\t<meta property=\"og:image:width\" content=\"1080\" \/>\n\t<meta property=\"og:image:height\" content=\"1080\" \/>\n\t<meta property=\"og:image:type\" content=\"image\/png\" \/>\n<meta name=\"twitter:card\" content=\"summary_large_image\" \/>\n<meta name=\"twitter:label1\" content=\"Tiempo de lectura\" \/>\n\t<meta name=\"twitter:data1\" content=\"3 minutos\" \/>\n<script type=\"application\/ld+json\" class=\"yoast-schema-graph\">{\"@context\":\"https:\/\/schema.org\",\"@graph\":[{\"@type\":\"WebPage\",\"@id\":\"https:\/\/empow-her.com\/produit\/coaching-creer-du-contenu-qui-depote-sur-les-reseaux-sociaux-2\/\",\"url\":\"https:\/\/empow-her.com\/produit\/coaching-creer-du-contenu-qui-depote-sur-les-reseaux-sociaux-2\/\",\"name\":\"Coaching - Les principes essentiels du marketing digital et les m\u00e9thodes cl\u00e9s pour optimiser son r\u00e9f\u00e9rencement en ligne\",\"isPartOf\":{\"@id\":\"https:\/\/empow-her.com\/#website\"},\"primaryImageOfPage\":{\"@id\":\"https:\/\/empow-her.com\/produit\/coaching-creer-du-contenu-qui-depote-sur-les-reseaux-sociaux-2\/#primaryimage\"},\"image\":{\"@id\":\"https:\/\/empow-her.com\/produit\/coaching-creer-du-contenu-qui-depote-sur-les-reseaux-sociaux-2\/#primaryimage\"},\"thumbnailUrl\":\"https:\/\/empow-her.com\/wp-content\/uploads\/2025\/06\/Women-Dare-templates-events-78.png\",\"datePublished\":\"2025-06-04T08:14:09+00:00\",\"dateModified\":\"2025-06-04T08:18:16+00:00\",\"breadcrumb\":{\"@id\":\"https:\/\/empow-her.com\/produit\/coaching-creer-du-contenu-qui-depote-sur-les-reseaux-sociaux-2\/#breadcrumb\"},\"inLanguage\":\"es\",\"potentialAction\":[{\"@type\":\"ReadAction\",\"target\":[\"https:\/\/empow-her.com\/produit\/coaching-creer-du-contenu-qui-depote-sur-les-reseaux-sociaux-2\/\"]}]},{\"@type\":\"ImageObject\",\"inLanguage\":\"es\",\"@id\":\"https:\/\/empow-her.com\/produit\/coaching-creer-du-contenu-qui-depote-sur-les-reseaux-sociaux-2\/#primaryimage\",\"url\":\"https:\/\/empow-her.com\/wp-content\/uploads\/2025\/06\/Women-Dare-templates-events-78.png\",\"contentUrl\":\"https:\/\/empow-her.com\/wp-content\/uploads\/2025\/06\/Women-Dare-templates-events-78.png\",\"width\":1080,\"height\":1080},{\"@type\":\"BreadcrumbList\",\"@id\":\"https:\/\/empow-her.com\/produit\/coaching-creer-du-contenu-qui-depote-sur-les-reseaux-sociaux-2\/#breadcrumb\",\"itemListElement\":[{\"@type\":\"ListItem\",\"position\":1,\"name\":\"Accueil\",\"item\":\"https:\/\/empow-her.com\/es\/inicio\/\"},{\"@type\":\"ListItem\",\"position\":2,\"name\":\"LA BOUTIQUE\",\"item\":\"https:\/\/empow-her.com\/boutique\/\"},{\"@type\":\"ListItem\",\"position\":3,\"name\":\"Coaching &#8211; Cr\u00e9er du contenu qui d\u00e9pote sur les r\u00e9seaux sociaux\"}]},{\"@type\":\"WebSite\",\"@id\":\"https:\/\/empow-her.com\/#website\",\"url\":\"https:\/\/empow-her.com\/\",\"name\":\"Empow&#039;Her\",\"description\":\"Women Development\",\"potentialAction\":[{\"@type\":\"SearchAction\",\"target\":{\"@type\":\"EntryPoint\",\"urlTemplate\":\"https:\/\/empow-her.com\/?s={search_term_string}\"},\"query-input\":{\"@type\":\"PropertyValueSpecification\",\"valueRequired\":true,\"valueName\":\"search_term_string\"}}],\"inLanguage\":\"es\"}]}<\/script>\n<!-- \/ Yoast SEO plugin. -->","yoast_head_json":{"title":"Coaching - Les principes essentiels du marketing digital et les m\u00e9thodes cl\u00e9s pour optimiser son r\u00e9f\u00e9rencement en ligne","robots":{"index":"index","follow":"follow","max-snippet":"max-snippet:-1","max-image-preview":"max-image-preview:large","max-video-preview":"max-video-preview:-1"},"canonical":"https:\/\/empow-her.com\/produit\/coaching-creer-du-contenu-qui-depote-sur-les-reseaux-sociaux-2\/","og_locale":"es_ES","og_type":"article","og_title":"Coaching - Les principes essentiels du marketing digital et les m\u00e9thodes cl\u00e9s pour optimiser son r\u00e9f\u00e9rencement en ligne","og_description":"&#x1f4e2; 1h de coaching pour structurer et optimiser ta strat\u00e9gie de contenus  Cr\u00e9er du contenu ne suffit pas : encore faut-il qu\u2019il soit coh\u00e9rent, efficace et adapt\u00e9 \u00e0 l\u2019audience vis\u00e9e. Cette s\u00e9ance permettra de structurer la communication pour gagner en visibilit\u00e9 et en impact, tout en optimisant le temps consacr\u00e9 \u00e0 la cr\u00e9ation.  &#x1f4a1; Ce que nous pouvons aborder :  &#x1f539; Comprendre l\u2019importance d\u2019une strat\u00e9gie de contenus Pourquoi publier du contenu au hasard ne fonctionne pas ? Poser les bases d\u2019une strat\u00e9gie efficace, align\u00e9e avec les objectifs et la cible.  &#x1f6e0; D\u00e9couvrir les bonnes m\u00e9thodes et outils Cr\u00e9er du contenu ne doit pas \u00eatre une corv\u00e9e. Exploration de techniques et d\u2019outils pour produire plus facilement, recycler intelligemment et diffuser efficacement sur les diff\u00e9rents canaux.  &#x1f4ca; Identifier les formats qui fonctionnent vraiment Chaque plateforme a ses codes et ses contenus phares. Analyse des formats les plus pertinents selon l\u2019activit\u00e9 et l\u2019audience.  &#x1f5d3; Structurer un calendrier \u00e9ditorial efficace Planifier les publications, anticiper les temps forts et gagner en r\u00e9gularit\u00e9 : organisation du contenu pour \u00e9viter la panne d\u2019inspiration et maintenir une pr\u00e9sence dynamique.  \u00c0 l\u2019issue de cette heure de coaching, une vision claire, des outils pratiques et un plan d\u2019action concret permettront d\u2019optimiser la communication et de maximiser son impact ! &#x1f680;  No\u00e9mie Kempf : No\u00e9mie est autrice, chroniqueuse, podcasteuse et consultante ind\u00e9pendante sp\u00e9cialis\u00e9e sur les sujets de Brand Content et de Community Building. Elle concilie sa passion pour la sociologie, les nouvelles technologies et le marketing \u00e0 travers ses deux m\u00e9dias : The Storyline, qui explore le futur des marques ainsi que Community Centric, qui d\u00e9crypte les secrets des communaut\u00e9s puissantes. Elle est autrice l\u2019ouvrage Le pouvoir des communaut\u00e9s, publi\u00e9 aux \u00e9ditions Eyrolles.  Son petit mot : C'est par nos actions aujourd'hui que nous \u00e9crivons le monde de demain - bravo de vous \u00eatre lanc\u00e9e dans cette aventure !  Son super pouvoir :\u00a0Exploratrice du marketing de demain  Pr\u00e9-requis : Aucun !  Dur\u00e9e : Un cr\u00e9neau de 1h en individuel en ligne  Attention ! \u00a0Veuillez vous pr\u00e9senter \u00e0 l\u2019heure pour que l\u2019activit\u00e9 puisse commencer \u00e0 temps. Si vous avez du retard veuillez pr\u00e9venir l\u2019intervenant.e. Si vous avez plus de 15 min de retard l\u2019intervenant.e se r\u00e9serve le droit de ne plus vous accepter pour le coaching ou l\u2019atelier.","og_url":"https:\/\/empow-her.com\/produit\/coaching-creer-du-contenu-qui-depote-sur-les-reseaux-sociaux-2\/","og_site_name":"Empow&#039;Her","article_modified_time":"2025-06-04T08:18:16+00:00","og_image":[{"width":1080,"height":1080,"url":"https:\/\/empow-her.com\/wp-content\/uploads\/2025\/06\/Women-Dare-templates-events-78.png","type":"image\/png"}],"twitter_card":"summary_large_image","twitter_misc":{"Tiempo de lectura":"3 minutos"},"schema":{"@context":"https:\/\/schema.org","@graph":[{"@type":"WebPage","@id":"https:\/\/empow-her.com\/produit\/coaching-creer-du-contenu-qui-depote-sur-les-reseaux-sociaux-2\/","url":"https:\/\/empow-her.com\/produit\/coaching-creer-du-contenu-qui-depote-sur-les-reseaux-sociaux-2\/","name":"Coaching - Les principes essentiels du marketing digital et les m\u00e9thodes cl\u00e9s pour optimiser son r\u00e9f\u00e9rencement en ligne","isPartOf":{"@id":"https:\/\/empow-her.com\/#website"},"primaryImageOfPage":{"@id":"https:\/\/empow-her.com\/produit\/coaching-creer-du-contenu-qui-depote-sur-les-reseaux-sociaux-2\/#primaryimage"},"image":{"@id":"https:\/\/empow-her.com\/produit\/coaching-creer-du-contenu-qui-depote-sur-les-reseaux-sociaux-2\/#primaryimage"},"thumbnailUrl":"https:\/\/empow-her.com\/wp-content\/uploads\/2025\/06\/Women-Dare-templates-events-78.png","datePublished":"2025-06-04T08:14:09+00:00","dateModified":"2025-06-04T08:18:16+00:00","breadcrumb":{"@id":"https:\/\/empow-her.com\/produit\/coaching-creer-du-contenu-qui-depote-sur-les-reseaux-sociaux-2\/#breadcrumb"},"inLanguage":"es","potentialAction":[{"@type":"ReadAction","target":["https:\/\/empow-her.com\/produit\/coaching-creer-du-contenu-qui-depote-sur-les-reseaux-sociaux-2\/"]}]},{"@type":"ImageObject","inLanguage":"es","@id":"https:\/\/empow-her.com\/produit\/coaching-creer-du-contenu-qui-depote-sur-les-reseaux-sociaux-2\/#primaryimage","url":"https:\/\/empow-her.com\/wp-content\/uploads\/2025\/06\/Women-Dare-templates-events-78.png","contentUrl":"https:\/\/empow-her.com\/wp-content\/uploads\/2025\/06\/Women-Dare-templates-events-78.png","width":1080,"height":1080},{"@type":"BreadcrumbList","@id":"https:\/\/empow-her.com\/produit\/coaching-creer-du-contenu-qui-depote-sur-les-reseaux-sociaux-2\/#breadcrumb","itemListElement":[{"@type":"ListItem","position":1,"name":"Accueil","item":"https:\/\/empow-her.com\/es\/inicio\/"},{"@type":"ListItem","position":2,"name":"LA BOUTIQUE","item":"https:\/\/empow-her.com\/boutique\/"},{"@type":"ListItem","position":3,"name":"Coaching &#8211; Cr\u00e9er du contenu qui d\u00e9pote sur les r\u00e9seaux sociaux"}]},{"@type":"WebSite","@id":"https:\/\/empow-her.com\/#website","url":"https:\/\/empow-her.com\/","name":"Empow&#039;Her","description":"Women Development","potentialAction":[{"@type":"SearchAction","target":{"@type":"EntryPoint","urlTemplate":"https:\/\/empow-her.com\/?s={search_term_string}"},"query-input":{"@type":"PropertyValueSpecification","valueRequired":true,"valueName":"search_term_string"}}],"inLanguage":"es"}]}},"_links":{"self":[{"href":"https:\/\/empow-her.com\/es\/wp-json\/wp\/v2\/product\/267834","targetHints":{"allow":["GET"]}}],"collection":[{"href":"https:\/\/empow-her.com\/es\/wp-json\/wp\/v2\/product"}],"about":[{"href":"https:\/\/empow-her.com\/es\/wp-json\/wp\/v2\/types\/product"}],"wp:featuredmedia":[{"embeddable":true,"href":"https:\/\/empow-her.com\/es\/wp-json\/wp\/v2\/media\/267835"}],"wp:attachment":[{"href":"https:\/\/empow-her.com\/es\/wp-json\/wp\/v2\/media?parent=267834"}],"wp:term":[{"taxonomy":"product_brand","embeddable":true,"href":"https:\/\/empow-her.com\/es\/wp-json\/wp\/v2\/product_brand?post=267834"},{"taxonomy":"product_cat","embeddable":true,"href":"https:\/\/empow-her.com\/es\/wp-json\/wp\/v2\/product_cat?post=267834"},{"taxonomy":"product_tag","embeddable":true,"href":"https:\/\/empow-her.com\/es\/wp-json\/wp\/v2\/product_tag?post=267834"},{"taxonomy":"lieu","embeddable":true,"href":"https:\/\/empow-her.com\/es\/wp-json\/wp\/v2\/lieu?post=267834"},{"taxonomy":"thematiques","embeddable":true,"href":"https:\/\/empow-her.com\/es\/wp-json\/wp\/v2\/thematiques?post=267834"}],"curies":[{"name":"wp","href":"https:\/\/api.w.org\/{rel}","templated":true}]}}