{"id":267389,"date":"2025-05-15T16:00:40","date_gmt":"2025-05-15T14:00:40","guid":{"rendered":"https:\/\/empow-her.com\/?post_type=product&#038;p=267389"},"modified":"2025-05-19T17:30:16","modified_gmt":"2025-05-19T15:30:16","slug":"atelier-savoir-utiliser-le-plan-de-tresorerie-pour-piloter-son-projet","status":"publish","type":"product","link":"https:\/\/empow-her.com\/es\/produit\/atelier-savoir-utiliser-le-plan-de-tresorerie-pour-piloter-son-projet\/","title":{"rendered":"Atelier-Savoir utiliser le plan de tr\u00e9sorerie pour piloter son projet"},"content":{"rendered":"<div><strong>Paris Initiative Entreprise vous proposent de decouvrir un atelier :<\/strong><\/div>\n<div><\/div>\n<div class=\"p-rich_text_section\"><b data-stringify-type=\"bold\">Sujet : Savoir utiliser le plan de tr\u00e9sorerie pour piloter son projet <img decoding=\"async\" class=\"an1\" draggable=\"false\" src=\"https:\/\/fonts.gstatic.com\/s\/e\/notoemoji\/16.0\/1f680\/72.png\" alt=\"&#x1f680;\" width=\"21\" height=\"21\" data-emoji=\"&#x1f680;\" aria-label=\"&#x1f680;\" \/><\/b><\/div>\n<ul class=\"p-rich_text_list p-rich_text_list__bullet p-rich_text_list--nested\" data-stringify-type=\"unordered-list\" data-list-tree=\"true\" data-indent=\"0\" data-border=\"0\">\n<li data-stringify-indent=\"0\" data-stringify-border=\"0\">Les besoins de financement de la cr\u00e9ation\/reprise d\u2019activit\u00e9 directs (investissements, charges) et indirects li\u00e9s \u00e0 la temporalit\u00e9 (tr\u00e9sorerie de d\u00e9marrage et BFR)<\/li>\n<li data-stringify-indent=\"0\" data-stringify-border=\"0\">L\u2019int\u00e9r\u00eat du plan de tr\u00e9sorerie pour les anticiper et mieux n\u00e9gocier avec la banque<\/li>\n<li data-stringify-indent=\"0\" data-stringify-border=\"0\">L\u2019int\u00e9r\u00eat du plan de tr\u00e9sorerie pour piloter<\/li>\n<li data-stringify-indent=\"0\" data-stringify-border=\"0\">Les astuces pour construire un plan de tr\u00e9sorerie simplement<\/li>\n<li data-stringify-indent=\"0\" data-stringify-border=\"0\">L\u2019utilisation du plan de tr\u00e9sorerie dans la dur\u00e9e : suivi de l\u2019activit\u00e9 r\u00e9elle et mise \u00e0 jour<\/li>\n<\/ul>\n<p><b data-stringify-type=\"bold\">Lieu :\u00a0<\/b>Sist\u2019Her Paris, 82 rue du Faubourg Saint-Martin, Paris 10\u00e8me <img decoding=\"async\" class=\"an1\" draggable=\"false\" src=\"https:\/\/fonts.gstatic.com\/s\/e\/notoemoji\/16.0\/1f31f\/72.png\" alt=\"&#x1f31f;\" width=\"20\" height=\"20\" data-emoji=\"&#x1f31f;\" aria-label=\"&#x1f31f;\" \/><\/p>\n","protected":false},"excerpt":{"rendered":"<div><strong>Paris Initiative Entreprise vous proposent de decouvrir un atelier :<\/strong><\/div>\n<div><\/div>\n<div class=\"p-rich_text_section\"><b data-stringify-type=\"bold\">Sujet : Savoir utiliser le plan de tr\u00e9sorerie pour piloter son projet <img decoding=\"async\" class=\"an1\" draggable=\"false\" src=\"https:\/\/fonts.gstatic.com\/s\/e\/notoemoji\/16.0\/1f680\/72.png\" alt=\"&#x1f680;\" width=\"21\" height=\"21\" data-emoji=\"&#x1f680;\" aria-label=\"&#x1f680;\" \/><\/b><\/div>\n<ul class=\"p-rich_text_list p-rich_text_list__bullet p-rich_text_list--nested\" data-stringify-type=\"unordered-list\" data-list-tree=\"true\" data-indent=\"0\" data-border=\"0\">\n<li data-stringify-indent=\"0\" data-stringify-border=\"0\">Les besoins de financement de la cr\u00e9ation\/reprise d\u2019activit\u00e9 directs (investissements, charges) et indirects li\u00e9s \u00e0 la temporalit\u00e9 (tr\u00e9sorerie de d\u00e9marrage et BFR)<\/li>\n<li data-stringify-indent=\"0\" data-stringify-border=\"0\">L\u2019int\u00e9r\u00eat du plan de tr\u00e9sorerie pour les anticiper et mieux n\u00e9gocier avec la banque<\/li>\n<li data-stringify-indent=\"0\" data-stringify-border=\"0\">L\u2019int\u00e9r\u00eat du plan de tr\u00e9sorerie pour piloter<\/li>\n<li data-stringify-indent=\"0\" data-stringify-border=\"0\">Les astuces pour construire un plan de tr\u00e9sorerie simplement<\/li>\n<li data-stringify-indent=\"0\" data-stringify-border=\"0\">L\u2019utilisation du plan de tr\u00e9sorerie dans la dur\u00e9e : suivi de l\u2019activit\u00e9 r\u00e9elle et mise \u00e0 jour<\/li>\n<\/ul>\n<p><b data-stringify-type=\"bold\">Lieu :\u00a0<\/b>Sist\u2019Her Paris, 82 rue du Faubourg Saint-Martin, Paris 10\u00e8me <img decoding=\"async\" class=\"an1\" draggable=\"false\" src=\"https:\/\/fonts.gstatic.com\/s\/e\/notoemoji\/16.0\/1f31f\/72.png\" alt=\"&#x1f31f;\" width=\"20\" height=\"20\" data-emoji=\"&#x1f31f;\" aria-label=\"&#x1f31f;\" \/><\/p>\n","protected":false},"featured_media":267432,"template":"","format":"standard","meta":{"_acf_changed":false,"om_disable_all_campaigns":false,"_uf_show_specific_survey":0,"_uf_disable_surveys":false},"product_brand":[],"product_cat":[118],"product_tag":[],"lieu":[127],"thematiques":[],"class_list":{"0":"post-267389","1":"product","2":"type-product","3":"status-publish","4":"format-standard","5":"has-post-thumbnail","7":"product_cat-atelier-collectif","8":"lieu-hub-empowher","10":"first","11":"instock","12":"virtual","13":"purchasable","14":"product-type-appointment"},"exclude_global_add_ons":[],"addons":[],"acf":[],"yoast_head":"<!-- This site is optimized with the Yoast SEO plugin v24.8 - https:\/\/yoast.com\/wordpress\/plugins\/seo\/ -->\n<title>Atelier-Savoir utiliser le plan de tr\u00e9sorerie pour piloter son projet - Empow&#039;Her<\/title>\n<meta name=\"robots\" content=\"index, follow, max-snippet:-1, max-image-preview:large, max-video-preview:-1\" \/>\n<link rel=\"canonical\" href=\"https:\/\/empow-her.com\/produit\/atelier-savoir-utiliser-le-plan-de-tresorerie-pour-piloter-son-projet\/\" \/>\n<meta property=\"og:locale\" content=\"es_ES\" \/>\n<meta property=\"og:type\" content=\"article\" \/>\n<meta property=\"og:title\" content=\"Atelier-Savoir utiliser le plan de tr\u00e9sorerie pour piloter son projet - Empow&#039;Her\" \/>\n<meta property=\"og:description\" content=\"Paris Initiative Entreprise vous proposent de decouvrir un atelier :  Sujet : Savoir utiliser le plan de tr\u00e9sorerie pour piloter son projet    Les besoins de financement de la cr\u00e9ation\/reprise d\u2019activit\u00e9 directs (investissements, charges) et indirects li\u00e9s \u00e0 la temporalit\u00e9 (tr\u00e9sorerie de d\u00e9marrage et BFR)  L\u2019int\u00e9r\u00eat du plan de tr\u00e9sorerie pour les anticiper et mieux n\u00e9gocier avec la banque  L\u2019int\u00e9r\u00eat du plan de tr\u00e9sorerie pour piloter  Les astuces pour construire un plan de tr\u00e9sorerie simplement  L\u2019utilisation du plan de tr\u00e9sorerie dans la dur\u00e9e : suivi de l\u2019activit\u00e9 r\u00e9elle et mise \u00e0 jour  Lieu :\u00a0Sist\u2019Her Paris, 82 rue du Faubourg Saint-Martin, Paris 10\u00e8me\" \/>\n<meta property=\"og:url\" content=\"https:\/\/empow-her.com\/produit\/atelier-savoir-utiliser-le-plan-de-tresorerie-pour-piloter-son-projet\/\" \/>\n<meta property=\"og:site_name\" content=\"Empow&#039;Her\" \/>\n<meta property=\"article:modified_time\" content=\"2025-05-19T15:30:16+00:00\" \/>\n<meta property=\"og:image\" content=\"https:\/\/empow-her.com\/wp-content\/uploads\/2025\/05\/Women-Dare-templates-events-2025-05-16T131620.888.png\" \/>\n\t<meta property=\"og:image:width\" content=\"1080\" \/>\n\t<meta property=\"og:image:height\" content=\"1080\" \/>\n\t<meta property=\"og:image:type\" content=\"image\/png\" \/>\n<meta name=\"twitter:card\" content=\"summary_large_image\" \/>\n<meta name=\"twitter:label1\" content=\"Tiempo de lectura\" \/>\n\t<meta name=\"twitter:data1\" content=\"2 minutos\" \/>\n<script type=\"application\/ld+json\" class=\"yoast-schema-graph\">{\"@context\":\"https:\/\/schema.org\",\"@graph\":[{\"@type\":\"WebPage\",\"@id\":\"https:\/\/empow-her.com\/produit\/atelier-savoir-utiliser-le-plan-de-tresorerie-pour-piloter-son-projet\/\",\"url\":\"https:\/\/empow-her.com\/produit\/atelier-savoir-utiliser-le-plan-de-tresorerie-pour-piloter-son-projet\/\",\"name\":\"Atelier-Savoir utiliser le plan de tr\u00e9sorerie pour piloter son projet - Empow&#039;Her\",\"isPartOf\":{\"@id\":\"https:\/\/empow-her.com\/#website\"},\"primaryImageOfPage\":{\"@id\":\"https:\/\/empow-her.com\/produit\/atelier-savoir-utiliser-le-plan-de-tresorerie-pour-piloter-son-projet\/#primaryimage\"},\"image\":{\"@id\":\"https:\/\/empow-her.com\/produit\/atelier-savoir-utiliser-le-plan-de-tresorerie-pour-piloter-son-projet\/#primaryimage\"},\"thumbnailUrl\":\"https:\/\/empow-her.com\/wp-content\/uploads\/2025\/05\/Women-Dare-templates-events-2025-05-16T131620.888.png\",\"datePublished\":\"2025-05-15T14:00:40+00:00\",\"dateModified\":\"2025-05-19T15:30:16+00:00\",\"breadcrumb\":{\"@id\":\"https:\/\/empow-her.com\/produit\/atelier-savoir-utiliser-le-plan-de-tresorerie-pour-piloter-son-projet\/#breadcrumb\"},\"inLanguage\":\"es\",\"potentialAction\":[{\"@type\":\"ReadAction\",\"target\":[\"https:\/\/empow-her.com\/produit\/atelier-savoir-utiliser-le-plan-de-tresorerie-pour-piloter-son-projet\/\"]}]},{\"@type\":\"ImageObject\",\"inLanguage\":\"es\",\"@id\":\"https:\/\/empow-her.com\/produit\/atelier-savoir-utiliser-le-plan-de-tresorerie-pour-piloter-son-projet\/#primaryimage\",\"url\":\"https:\/\/empow-her.com\/wp-content\/uploads\/2025\/05\/Women-Dare-templates-events-2025-05-16T131620.888.png\",\"contentUrl\":\"https:\/\/empow-her.com\/wp-content\/uploads\/2025\/05\/Women-Dare-templates-events-2025-05-16T131620.888.png\",\"width\":1080,\"height\":1080},{\"@type\":\"BreadcrumbList\",\"@id\":\"https:\/\/empow-her.com\/produit\/atelier-savoir-utiliser-le-plan-de-tresorerie-pour-piloter-son-projet\/#breadcrumb\",\"itemListElement\":[{\"@type\":\"ListItem\",\"position\":1,\"name\":\"Accueil\",\"item\":\"https:\/\/empow-her.com\/es\/inicio\/\"},{\"@type\":\"ListItem\",\"position\":2,\"name\":\"LA BOUTIQUE\",\"item\":\"https:\/\/empow-her.com\/boutique\/\"},{\"@type\":\"ListItem\",\"position\":3,\"name\":\"Atelier-Savoir utiliser le plan de tr\u00e9sorerie pour piloter son projet\"}]},{\"@type\":\"WebSite\",\"@id\":\"https:\/\/empow-her.com\/#website\",\"url\":\"https:\/\/empow-her.com\/\",\"name\":\"Empow&#039;Her\",\"description\":\"Women Development\",\"potentialAction\":[{\"@type\":\"SearchAction\",\"target\":{\"@type\":\"EntryPoint\",\"urlTemplate\":\"https:\/\/empow-her.com\/?s={search_term_string}\"},\"query-input\":{\"@type\":\"PropertyValueSpecification\",\"valueRequired\":true,\"valueName\":\"search_term_string\"}}],\"inLanguage\":\"es\"}]}<\/script>\n<!-- \/ Yoast SEO plugin. -->","yoast_head_json":{"title":"Atelier-Savoir utiliser le plan de tr\u00e9sorerie pour piloter son projet - Empow&#039;Her","robots":{"index":"index","follow":"follow","max-snippet":"max-snippet:-1","max-image-preview":"max-image-preview:large","max-video-preview":"max-video-preview:-1"},"canonical":"https:\/\/empow-her.com\/produit\/atelier-savoir-utiliser-le-plan-de-tresorerie-pour-piloter-son-projet\/","og_locale":"es_ES","og_type":"article","og_title":"Atelier-Savoir utiliser le plan de tr\u00e9sorerie pour piloter son projet - Empow&#039;Her","og_description":"Paris Initiative Entreprise vous proposent de decouvrir un atelier :  Sujet : Savoir utiliser le plan de tr\u00e9sorerie pour piloter son projet    Les besoins de financement de la cr\u00e9ation\/reprise d\u2019activit\u00e9 directs (investissements, charges) et indirects li\u00e9s \u00e0 la temporalit\u00e9 (tr\u00e9sorerie de d\u00e9marrage et BFR)  L\u2019int\u00e9r\u00eat du plan de tr\u00e9sorerie pour les anticiper et mieux n\u00e9gocier avec la banque  L\u2019int\u00e9r\u00eat du plan de tr\u00e9sorerie pour piloter  Les astuces pour construire un plan de tr\u00e9sorerie simplement  L\u2019utilisation du plan de tr\u00e9sorerie dans la dur\u00e9e : suivi de l\u2019activit\u00e9 r\u00e9elle et mise \u00e0 jour  Lieu :\u00a0Sist\u2019Her Paris, 82 rue du Faubourg Saint-Martin, Paris 10\u00e8me","og_url":"https:\/\/empow-her.com\/produit\/atelier-savoir-utiliser-le-plan-de-tresorerie-pour-piloter-son-projet\/","og_site_name":"Empow&#039;Her","article_modified_time":"2025-05-19T15:30:16+00:00","og_image":[{"width":1080,"height":1080,"url":"https:\/\/empow-her.com\/wp-content\/uploads\/2025\/05\/Women-Dare-templates-events-2025-05-16T131620.888.png","type":"image\/png"}],"twitter_card":"summary_large_image","twitter_misc":{"Tiempo de lectura":"2 minutos"},"schema":{"@context":"https:\/\/schema.org","@graph":[{"@type":"WebPage","@id":"https:\/\/empow-her.com\/produit\/atelier-savoir-utiliser-le-plan-de-tresorerie-pour-piloter-son-projet\/","url":"https:\/\/empow-her.com\/produit\/atelier-savoir-utiliser-le-plan-de-tresorerie-pour-piloter-son-projet\/","name":"Atelier-Savoir utiliser le plan de tr\u00e9sorerie pour piloter son projet - Empow&#039;Her","isPartOf":{"@id":"https:\/\/empow-her.com\/#website"},"primaryImageOfPage":{"@id":"https:\/\/empow-her.com\/produit\/atelier-savoir-utiliser-le-plan-de-tresorerie-pour-piloter-son-projet\/#primaryimage"},"image":{"@id":"https:\/\/empow-her.com\/produit\/atelier-savoir-utiliser-le-plan-de-tresorerie-pour-piloter-son-projet\/#primaryimage"},"thumbnailUrl":"https:\/\/empow-her.com\/wp-content\/uploads\/2025\/05\/Women-Dare-templates-events-2025-05-16T131620.888.png","datePublished":"2025-05-15T14:00:40+00:00","dateModified":"2025-05-19T15:30:16+00:00","breadcrumb":{"@id":"https:\/\/empow-her.com\/produit\/atelier-savoir-utiliser-le-plan-de-tresorerie-pour-piloter-son-projet\/#breadcrumb"},"inLanguage":"es","potentialAction":[{"@type":"ReadAction","target":["https:\/\/empow-her.com\/produit\/atelier-savoir-utiliser-le-plan-de-tresorerie-pour-piloter-son-projet\/"]}]},{"@type":"ImageObject","inLanguage":"es","@id":"https:\/\/empow-her.com\/produit\/atelier-savoir-utiliser-le-plan-de-tresorerie-pour-piloter-son-projet\/#primaryimage","url":"https:\/\/empow-her.com\/wp-content\/uploads\/2025\/05\/Women-Dare-templates-events-2025-05-16T131620.888.png","contentUrl":"https:\/\/empow-her.com\/wp-content\/uploads\/2025\/05\/Women-Dare-templates-events-2025-05-16T131620.888.png","width":1080,"height":1080},{"@type":"BreadcrumbList","@id":"https:\/\/empow-her.com\/produit\/atelier-savoir-utiliser-le-plan-de-tresorerie-pour-piloter-son-projet\/#breadcrumb","itemListElement":[{"@type":"ListItem","position":1,"name":"Accueil","item":"https:\/\/empow-her.com\/es\/inicio\/"},{"@type":"ListItem","position":2,"name":"LA BOUTIQUE","item":"https:\/\/empow-her.com\/boutique\/"},{"@type":"ListItem","position":3,"name":"Atelier-Savoir utiliser le plan de tr\u00e9sorerie pour piloter son projet"}]},{"@type":"WebSite","@id":"https:\/\/empow-her.com\/#website","url":"https:\/\/empow-her.com\/","name":"Empow&#039;Her","description":"Women Development","potentialAction":[{"@type":"SearchAction","target":{"@type":"EntryPoint","urlTemplate":"https:\/\/empow-her.com\/?s={search_term_string}"},"query-input":{"@type":"PropertyValueSpecification","valueRequired":true,"valueName":"search_term_string"}}],"inLanguage":"es"}]}},"_links":{"self":[{"href":"https:\/\/empow-her.com\/es\/wp-json\/wp\/v2\/product\/267389","targetHints":{"allow":["GET"]}}],"collection":[{"href":"https:\/\/empow-her.com\/es\/wp-json\/wp\/v2\/product"}],"about":[{"href":"https:\/\/empow-her.com\/es\/wp-json\/wp\/v2\/types\/product"}],"wp:featuredmedia":[{"embeddable":true,"href":"https:\/\/empow-her.com\/es\/wp-json\/wp\/v2\/media\/267432"}],"wp:attachment":[{"href":"https:\/\/empow-her.com\/es\/wp-json\/wp\/v2\/media?parent=267389"}],"wp:term":[{"taxonomy":"product_brand","embeddable":true,"href":"https:\/\/empow-her.com\/es\/wp-json\/wp\/v2\/product_brand?post=267389"},{"taxonomy":"product_cat","embeddable":true,"href":"https:\/\/empow-her.com\/es\/wp-json\/wp\/v2\/product_cat?post=267389"},{"taxonomy":"product_tag","embeddable":true,"href":"https:\/\/empow-her.com\/es\/wp-json\/wp\/v2\/product_tag?post=267389"},{"taxonomy":"lieu","embeddable":true,"href":"https:\/\/empow-her.com\/es\/wp-json\/wp\/v2\/lieu?post=267389"},{"taxonomy":"thematiques","embeddable":true,"href":"https:\/\/empow-her.com\/es\/wp-json\/wp\/v2\/thematiques?post=267389"}],"curies":[{"name":"wp","href":"https:\/\/api.w.org\/{rel}","templated":true}]}}