{"id":267139,"date":"2025-05-06T19:00:58","date_gmt":"2025-05-06T17:00:58","guid":{"rendered":"https:\/\/empow-her.com\/?post_type=product&#038;p=267139"},"modified":"2025-05-06T19:26:57","modified_gmt":"2025-05-06T17:26:57","slug":"coaching-confiance-en-soi-et-legitimite-2","status":"publish","type":"product","link":"https:\/\/empow-her.com\/es\/produit\/coaching-confiance-en-soi-et-legitimite-2\/","title":{"rendered":"Coaching &#8211; Confiance en soi et l\u00e9gitimit\u00e9"},"content":{"rendered":"<div class=\"elementor-element elementor-element-6dcaf591 elementor-widget elementor-widget-woocommerce-product-short-description\" data-id=\"6dcaf591\" data-element_type=\"widget\" data-widget_type=\"woocommerce-product-short-description.default\">\n<div class=\"elementor-widget-container\">\n<div class=\"woocommerce-product-details__short-description\">\n<p>&#x1f4e2; 1h de coaching pour surmonter vos croyances limitantes<\/p>\n<p>Vous vous sentez frein\u00e9e par des croyesses limitantes ? Une petite voix int\u00e9rieure vous fait parfois douter de la viabilit\u00e9 de votre projet ou de votre capacit\u00e9 \u00e0 le porter. La crainte de ne pas \u00eatre \u00e0 la hauteur, la peur du jugement des autres ou une auto-critique excessive peuvent brouiller votre vision et alourdir votre \u00e9nergie d\u2019entrepreneuse. Ce coaching a pour objectif de vous aider \u00e0 vous reconnecter \u00e0 votre pleine puissance int\u00e9rieure et \u00e0 vos r\u00e9ussites pass\u00e9es.<\/p>\n<p>&#x1f4a1; Ce que nous pouvons aborder :<\/p>\n<p>&#x1f511; Identifier vos croyances limitantes : Comprendre les sources de ces doutes pour mieux les appr\u00e9hender et les d\u00e9passer.<br \/>\n&#x1f331; Reconnecter avec vos r\u00e9ussites : Rappeler vos succ\u00e8s pass\u00e9s pour renforcer votre confiance en vous et valoriser vos comp\u00e9tences.<br \/>\n&#x1f31f; D\u00e9velopper une d\u00e9marche positive : Adopter des techniques pour transformer vos pens\u00e9es n\u00e9gatives en affirmations positives et motivantes.<br \/>\n&#x1f5d3; \u00c9tablir des objectifs r\u00e9alistes et observables : Travailler ensemble pour d\u00e9finir des objectifs clairs et atteignables qui vous permettront de progresser sereinement.<\/p>\n<p>Une heure pour lib\u00e9rer votre potentiel et dynamiser votre parcours entrepreneurial ! &#x1f680;<\/p>\n<p><strong>Laure Bonnerot :\u00a0<\/strong> Apr\u00e8s un parcours professionnel dans le monde du livre, je suis attentive aux histoires et aux mots. Aujourd\u2019hui coach, j\u2019aime mettre en lumi\u00e8re les &#8220;p\u00e9pites&#8221; oubli\u00e9es des personnes que j\u2019accompagne, cela pour soutenir le changement qu\u2019elles souhaitent mettre en place dans leurs vies. Que je sois en entreprise, en associatif ou aupr\u00e8s de particuliers, j\u2019aime questionner, \u00e9couter, observer les personnes que j\u2019accompagne, pour faire \u00e9merger ce qu\u2019il y a de pr\u00e9cieux et d\u2019unique chez elles ; et qu\u2019\u00e0 leur tour, elles le mettent \u00e0 profit dans leurs vies, leurs m\u00e9tiers et leurs environnements.<\/p>\n<p><strong>Son petit mot :\u00a0<\/strong>Bravo ! Et comme personne ne l&#8217;a mieux r\u00e9sum\u00e9 qu&#8217;Oscar Wilde, je le cite : &#8220;Soyez vous-m\u00eame, les autres sont d\u00e9j\u00e0 pris !&#8221;<\/p>\n<p><strong>Son super pouvoir : Attentive, Accueillante, A l&#8217;\u00e9coute !<\/strong><\/p>\n<p><strong>Pr\u00e9-requis<\/strong> <strong>:<\/strong> <span data-sheets-value=\"{&quot;1&quot;:2,&quot;2&quot;:&quot;nVous souhaitez vous inscrire \u00e0 cette session ? Merci d'indiquer votre besoin principal en remplissant ce questionnaire avant la session : https:\/\/airtable.com\/shrbpqpYDX8WKP0gJ nou communiquez-le par mail \u00e0 votre r\u00e9f\u00e9rente Empow'Her : nadege.serrero@empow-her.com&quot;}\" data-sheets-userformat=\"{&quot;2&quot;:4993,&quot;3&quot;:{&quot;1&quot;:0},&quot;10&quot;:1,&quot;11&quot;:4,&quot;12&quot;:0,&quot;15&quot;:&quot;Hind&quot;}\">Aucun !<\/span><\/p>\n<p><strong>Dur\u00e9e<\/strong> <strong>:<\/strong> U<span data-sheets-value=\"{&quot;1&quot;:2,&quot;2&quot;:&quot;Permanence de 4h avec un cr\u00e9neau de 1h par participante (+ 15 minutes entre chaque)&quot;}\" data-sheets-userformat=\"{&quot;2&quot;:7167,&quot;3&quot;:{&quot;1&quot;:0},&quot;4&quot;:{&quot;1&quot;:2,&quot;2&quot;:16777215},&quot;5&quot;:{&quot;1&quot;:[{&quot;1&quot;:2,&quot;2&quot;:0,&quot;5&quot;:{&quot;1&quot;:2,&quot;2&quot;:0}},{&quot;1&quot;:0,&quot;2&quot;:0,&quot;3&quot;:3},{&quot;1&quot;:1,&quot;2&quot;:0,&quot;4&quot;:1}]},&quot;6&quot;:{&quot;1&quot;:[{&quot;1&quot;:2,&quot;2&quot;:0,&quot;5&quot;:{&quot;1&quot;:2,&quot;2&quot;:0}},{&quot;1&quot;:0,&quot;2&quot;:0,&quot;3&quot;:3},{&quot;1&quot;:1,&quot;2&quot;:0,&quot;4&quot;:1}]},&quot;7&quot;:{&quot;1&quot;:[{&quot;1&quot;:2,&quot;2&quot;:0,&quot;5&quot;:{&quot;1&quot;:2,&quot;2&quot;:0}},{&quot;1&quot;:0,&quot;2&quot;:0,&quot;3&quot;:3},{&quot;1&quot;:1,&quot;2&quot;:0,&quot;4&quot;:1}]},&quot;8&quot;:{&quot;1&quot;:[{&quot;1&quot;:2,&quot;2&quot;:0,&quot;5&quot;:{&quot;1&quot;:2,&quot;2&quot;:0}},{&quot;1&quot;:0,&quot;2&quot;:0,&quot;3&quot;:3},{&quot;1&quot;:1,&quot;2&quot;:0,&quot;4&quot;:1}]},&quot;9&quot;:0,&quot;10&quot;:1,&quot;11&quot;:4,&quot;12&quot;:0,&quot;14&quot;:{&quot;1&quot;:2,&quot;2&quot;:0},&quot;15&quot;:&quot;Calibri&quot;}\">n cr\u00e9neau de <strong>1h en individuel en ligne<\/strong><\/span><\/p>\n<p><strong>Attention !<\/strong> \u00a0Veuillez vous pr\u00e9senter \u00e0 l\u2019heure pour que l\u2019activit\u00e9 puisse commencer \u00e0 temps. Si vous avez du retard veuillez pr\u00e9venir l\u2019intervenant.e. Si vous avez plus de 15 min de retard l\u2019intervenant.e se r\u00e9serve le droit de ne plus vous accepter pour le coaching ou l\u2019atelier.<\/p>\n<\/div>\n<\/div>\n<\/div>\n","protected":false},"excerpt":{"rendered":"<p>&#x1f4e2; 1h de coaching pour surmonter vos croyances limitantes<\/p>\n<p>Vous vous sentez frein\u00e9e par des croyesses limitantes ? Une petite voix int\u00e9rieure vous fait parfois douter de la viabilit\u00e9 de votre projet ou de votre capacit\u00e9 \u00e0 le porter. La crainte de ne pas \u00eatre \u00e0 la hauteur, la peur du jugement des autres ou une auto-critique excessive peuvent brouiller votre vision et alourdir votre \u00e9nergie d\u2019entrepreneuse. Ce coaching a pour objectif de vous aider \u00e0 vous reconnecter \u00e0 votre pleine puissance int\u00e9rieure et \u00e0 vos r\u00e9ussites pass\u00e9es.<\/p>\n<p>&#x1f4a1; Ce que nous pouvons aborder :<\/p>\n<p>&#x1f511; Identifier vos croyances limitantes : Comprendre les sources de ces doutes pour mieux les appr\u00e9hender et les d\u00e9passer.<br \/>\n&#x1f331; Reconnecter avec vos r\u00e9ussites : Rappeler vos succ\u00e8s pass\u00e9s pour renforcer votre confiance en vous et valoriser vos comp\u00e9tences.<br \/>\n&#x1f31f; D\u00e9velopper une d\u00e9marche positive : Adopter des techniques pour transformer vos pens\u00e9es n\u00e9gatives en affirmations positives et motivantes.<br \/>\n&#x1f5d3; \u00c9tablir des objectifs r\u00e9alistes et observables : Travailler ensemble pour d\u00e9finir des objectifs clairs et atteignables qui vous permettront de progresser sereinement.<\/p>\n<p>Une heure pour lib\u00e9rer votre potentiel et dynamiser votre parcours entrepreneurial ! &#x1f680;<\/p>\n<p><strong>Laure Bonnerot :\u00a0<\/strong> Apr\u00e8s un parcours professionnel dans le monde du livre, je suis attentive aux histoires et aux mots. Aujourd\u2019hui coach, j\u2019aime mettre en lumi\u00e8re les &#8220;p\u00e9pites&#8221; oubli\u00e9es des personnes que j\u2019accompagne, cela pour soutenir le changement qu\u2019elles souhaitent mettre en place dans leurs vies. Que je sois en entreprise, en associatif ou aupr\u00e8s de particuliers, j\u2019aime questionner, \u00e9couter, observer les personnes que j\u2019accompagne, pour faire \u00e9merger ce qu\u2019il y a de pr\u00e9cieux et d\u2019unique chez elles ; et qu\u2019\u00e0 leur tour, elles le mettent \u00e0 profit dans leurs vies, leurs m\u00e9tiers et leurs environnements.<\/p>\n<p><strong>Son petit mot :\u00a0<\/strong>Bravo ! Et comme personne ne l&#8217;a mieux r\u00e9sum\u00e9 qu&#8217;Oscar Wilde, je le cite : &#8220;Soyez vous-m\u00eame, les autres sont d\u00e9j\u00e0 pris !&#8221;<\/p>\n<p><strong>Son super pouvoir : Attentive, Accueillante, A l&#8217;\u00e9coute !<\/strong><\/p>\n<p><strong>Pr\u00e9-requis<\/strong> <strong>:<\/strong> <span data-sheets-value=\"{&quot;1&quot;:2,&quot;2&quot;:&quot;nVous souhaitez vous inscrire \u00e0 cette session ? Merci d'indiquer votre besoin principal en remplissant ce questionnaire avant la session : https:\/\/airtable.com\/shrbpqpYDX8WKP0gJ nou communiquez-le par mail \u00e0 votre r\u00e9f\u00e9rente Empow'Her : nadege.serrero@empow-her.com&quot;}\" data-sheets-userformat=\"{&quot;2&quot;:4993,&quot;3&quot;:{&quot;1&quot;:0},&quot;10&quot;:1,&quot;11&quot;:4,&quot;12&quot;:0,&quot;15&quot;:&quot;Hind&quot;}\">Aucun !<\/span><\/p>\n<p><strong>Dur\u00e9e<\/strong> <strong>:<\/strong> U<span data-sheets-value=\"{&quot;1&quot;:2,&quot;2&quot;:&quot;Permanence de 4h avec un cr\u00e9neau de 1h par participante (+ 15 minutes entre chaque)&quot;}\" data-sheets-userformat=\"{&quot;2&quot;:7167,&quot;3&quot;:{&quot;1&quot;:0},&quot;4&quot;:{&quot;1&quot;:2,&quot;2&quot;:16777215},&quot;5&quot;:{&quot;1&quot;:[{&quot;1&quot;:2,&quot;2&quot;:0,&quot;5&quot;:{&quot;1&quot;:2,&quot;2&quot;:0}},{&quot;1&quot;:0,&quot;2&quot;:0,&quot;3&quot;:3},{&quot;1&quot;:1,&quot;2&quot;:0,&quot;4&quot;:1}]},&quot;6&quot;:{&quot;1&quot;:[{&quot;1&quot;:2,&quot;2&quot;:0,&quot;5&quot;:{&quot;1&quot;:2,&quot;2&quot;:0}},{&quot;1&quot;:0,&quot;2&quot;:0,&quot;3&quot;:3},{&quot;1&quot;:1,&quot;2&quot;:0,&quot;4&quot;:1}]},&quot;7&quot;:{&quot;1&quot;:[{&quot;1&quot;:2,&quot;2&quot;:0,&quot;5&quot;:{&quot;1&quot;:2,&quot;2&quot;:0}},{&quot;1&quot;:0,&quot;2&quot;:0,&quot;3&quot;:3},{&quot;1&quot;:1,&quot;2&quot;:0,&quot;4&quot;:1}]},&quot;8&quot;:{&quot;1&quot;:[{&quot;1&quot;:2,&quot;2&quot;:0,&quot;5&quot;:{&quot;1&quot;:2,&quot;2&quot;:0}},{&quot;1&quot;:0,&quot;2&quot;:0,&quot;3&quot;:3},{&quot;1&quot;:1,&quot;2&quot;:0,&quot;4&quot;:1}]},&quot;9&quot;:0,&quot;10&quot;:1,&quot;11&quot;:4,&quot;12&quot;:0,&quot;14&quot;:{&quot;1&quot;:2,&quot;2&quot;:0},&quot;15&quot;:&quot;Calibri&quot;}\">n cr\u00e9neau de <strong>1h en individuel en ligne<\/strong><\/span><\/p>\n<p><strong>Attention !<\/strong> \u00a0Veuillez vous pr\u00e9senter \u00e0 l\u2019heure pour que l\u2019activit\u00e9 puisse commencer \u00e0 temps. Si vous avez du retard veuillez pr\u00e9venir l\u2019intervenant.e. Si vous avez plus de 15 min de retard l\u2019intervenant.e se r\u00e9serve le droit de ne plus vous accepter pour le coaching ou l\u2019atelier.<\/p>\n","protected":false},"featured_media":267140,"template":"","format":"standard","meta":{"_acf_changed":false,"om_disable_all_campaigns":false,"_uf_show_specific_survey":0,"_uf_disable_surveys":false},"product_brand":[],"product_cat":[121],"product_tag":[143],"lieu":[125],"thematiques":[],"class_list":{"0":"post-267139","1":"product","2":"type-product","3":"status-publish","4":"format-standard","5":"has-post-thumbnail","7":"product_cat-coaching","8":"product_tag-en-ligne","9":"lieu-en-ligne","11":"first","12":"instock","13":"virtual","14":"purchasable","15":"product-type-appointment"},"exclude_global_add_ons":[],"addons":[],"acf":[],"yoast_head":"<!-- This site is optimized with the Yoast SEO plugin v24.8 - https:\/\/yoast.com\/wordpress\/plugins\/seo\/ -->\n<title>Coaching - Confiance en soi et l\u00e9gitimit\u00e9<\/title>\n<meta name=\"robots\" content=\"index, follow, max-snippet:-1, max-image-preview:large, max-video-preview:-1\" \/>\n<link rel=\"canonical\" href=\"https:\/\/empow-her.com\/produit\/coaching-confiance-en-soi-et-legitimite-2\/\" \/>\n<meta property=\"og:locale\" content=\"es_ES\" \/>\n<meta property=\"og:type\" content=\"article\" \/>\n<meta property=\"og:title\" content=\"Coaching - Confiance en soi et l\u00e9gitimit\u00e9\" \/>\n<meta property=\"og:description\" content=\"&#x1f4e2; 1h de coaching pour surmonter vos croyances limitantes  Vous vous sentez frein\u00e9e par des croyesses limitantes ? Une petite voix int\u00e9rieure vous fait parfois douter de la viabilit\u00e9 de votre projet ou de votre capacit\u00e9 \u00e0 le porter. La crainte de ne pas \u00eatre \u00e0 la hauteur, la peur du jugement des autres ou une auto-critique excessive peuvent brouiller votre vision et alourdir votre \u00e9nergie d\u2019entrepreneuse. Ce coaching a pour objectif de vous aider \u00e0 vous reconnecter \u00e0 votre pleine puissance int\u00e9rieure et \u00e0 vos r\u00e9ussites pass\u00e9es.  &#x1f4a1; Ce que nous pouvons aborder :  &#x1f511; Identifier vos croyances limitantes : Comprendre les sources de ces doutes pour mieux les appr\u00e9hender et les d\u00e9passer. &#x1f331; Reconnecter avec vos r\u00e9ussites : Rappeler vos succ\u00e8s pass\u00e9s pour renforcer votre confiance en vous et valoriser vos comp\u00e9tences. &#x1f31f; D\u00e9velopper une d\u00e9marche positive : Adopter des techniques pour transformer vos pens\u00e9es n\u00e9gatives en affirmations positives et motivantes. &#x1f5d3; \u00c9tablir des objectifs r\u00e9alistes et observables : Travailler ensemble pour d\u00e9finir des objectifs clairs et atteignables qui vous permettront de progresser sereinement.  Une heure pour lib\u00e9rer votre potentiel et dynamiser votre parcours entrepreneurial ! &#x1f680;  Laure Bonnerot :\u00a0 Apr\u00e8s un parcours professionnel dans le monde du livre, je suis attentive aux histoires et aux mots. Aujourd\u2019hui coach, j\u2019aime mettre en lumi\u00e8re les &quot;p\u00e9pites&quot; oubli\u00e9es des personnes que j\u2019accompagne, cela pour soutenir le changement qu\u2019elles souhaitent mettre en place dans leurs vies. Que je sois en entreprise, en associatif ou aupr\u00e8s de particuliers, j\u2019aime questionner, \u00e9couter, observer les personnes que j\u2019accompagne, pour faire \u00e9merger ce qu\u2019il y a de pr\u00e9cieux et d\u2019unique chez elles ; et qu\u2019\u00e0 leur tour, elles le mettent \u00e0 profit dans leurs vies, leurs m\u00e9tiers et leurs environnements.  Son petit mot :\u00a0Bravo ! Et comme personne ne l&#039;a mieux r\u00e9sum\u00e9 qu&#039;Oscar Wilde, je le cite : &quot;Soyez vous-m\u00eame, les autres sont d\u00e9j\u00e0 pris !&quot;  Son super pouvoir : Attentive, Accueillante, A l&#039;\u00e9coute !  Pr\u00e9-requis : Aucun !  Dur\u00e9e : Un cr\u00e9neau de 1h en individuel en ligne  Attention ! \u00a0Veuillez vous pr\u00e9senter \u00e0 l\u2019heure pour que l\u2019activit\u00e9 puisse commencer \u00e0 temps. Si vous avez du retard veuillez pr\u00e9venir l\u2019intervenant.e. Si vous avez plus de 15 min de retard l\u2019intervenant.e se r\u00e9serve le droit de ne plus vous accepter pour le coaching ou l\u2019atelier.\" \/>\n<meta property=\"og:url\" content=\"https:\/\/empow-her.com\/produit\/coaching-confiance-en-soi-et-legitimite-2\/\" \/>\n<meta property=\"og:site_name\" content=\"Empow&#039;Her\" \/>\n<meta property=\"article:modified_time\" content=\"2025-05-06T17:26:57+00:00\" \/>\n<meta property=\"og:image\" content=\"https:\/\/empow-her.com\/wp-content\/uploads\/2025\/05\/Women-Dare-templates-events-2025-05-06T190751.030.png\" \/>\n\t<meta property=\"og:image:width\" content=\"1080\" \/>\n\t<meta property=\"og:image:height\" content=\"1080\" \/>\n\t<meta property=\"og:image:type\" content=\"image\/png\" \/>\n<meta name=\"twitter:card\" content=\"summary_large_image\" \/>\n<meta name=\"twitter:label1\" content=\"Tiempo de lectura\" \/>\n\t<meta name=\"twitter:data1\" content=\"3 minutos\" \/>\n<script type=\"application\/ld+json\" class=\"yoast-schema-graph\">{\"@context\":\"https:\/\/schema.org\",\"@graph\":[{\"@type\":\"WebPage\",\"@id\":\"https:\/\/empow-her.com\/produit\/coaching-confiance-en-soi-et-legitimite-2\/\",\"url\":\"https:\/\/empow-her.com\/produit\/coaching-confiance-en-soi-et-legitimite-2\/\",\"name\":\"Coaching - Confiance en soi et l\u00e9gitimit\u00e9\",\"isPartOf\":{\"@id\":\"https:\/\/empow-her.com\/#website\"},\"primaryImageOfPage\":{\"@id\":\"https:\/\/empow-her.com\/produit\/coaching-confiance-en-soi-et-legitimite-2\/#primaryimage\"},\"image\":{\"@id\":\"https:\/\/empow-her.com\/produit\/coaching-confiance-en-soi-et-legitimite-2\/#primaryimage\"},\"thumbnailUrl\":\"https:\/\/empow-her.com\/wp-content\/uploads\/2025\/05\/Women-Dare-templates-events-2025-05-06T190751.030.png\",\"datePublished\":\"2025-05-06T17:00:58+00:00\",\"dateModified\":\"2025-05-06T17:26:57+00:00\",\"breadcrumb\":{\"@id\":\"https:\/\/empow-her.com\/produit\/coaching-confiance-en-soi-et-legitimite-2\/#breadcrumb\"},\"inLanguage\":\"es\",\"potentialAction\":[{\"@type\":\"ReadAction\",\"target\":[\"https:\/\/empow-her.com\/produit\/coaching-confiance-en-soi-et-legitimite-2\/\"]}]},{\"@type\":\"ImageObject\",\"inLanguage\":\"es\",\"@id\":\"https:\/\/empow-her.com\/produit\/coaching-confiance-en-soi-et-legitimite-2\/#primaryimage\",\"url\":\"https:\/\/empow-her.com\/wp-content\/uploads\/2025\/05\/Women-Dare-templates-events-2025-05-06T190751.030.png\",\"contentUrl\":\"https:\/\/empow-her.com\/wp-content\/uploads\/2025\/05\/Women-Dare-templates-events-2025-05-06T190751.030.png\",\"width\":1080,\"height\":1080},{\"@type\":\"BreadcrumbList\",\"@id\":\"https:\/\/empow-her.com\/produit\/coaching-confiance-en-soi-et-legitimite-2\/#breadcrumb\",\"itemListElement\":[{\"@type\":\"ListItem\",\"position\":1,\"name\":\"Accueil\",\"item\":\"https:\/\/empow-her.com\/es\/inicio\/\"},{\"@type\":\"ListItem\",\"position\":2,\"name\":\"LA BOUTIQUE\",\"item\":\"https:\/\/empow-her.com\/boutique\/\"},{\"@type\":\"ListItem\",\"position\":3,\"name\":\"Coaching &#8211; Confiance en soi et l\u00e9gitimit\u00e9\"}]},{\"@type\":\"WebSite\",\"@id\":\"https:\/\/empow-her.com\/#website\",\"url\":\"https:\/\/empow-her.com\/\",\"name\":\"Empow&#039;Her\",\"description\":\"Women Development\",\"potentialAction\":[{\"@type\":\"SearchAction\",\"target\":{\"@type\":\"EntryPoint\",\"urlTemplate\":\"https:\/\/empow-her.com\/?s={search_term_string}\"},\"query-input\":{\"@type\":\"PropertyValueSpecification\",\"valueRequired\":true,\"valueName\":\"search_term_string\"}}],\"inLanguage\":\"es\"}]}<\/script>\n<!-- \/ Yoast SEO plugin. -->","yoast_head_json":{"title":"Coaching - Confiance en soi et l\u00e9gitimit\u00e9","robots":{"index":"index","follow":"follow","max-snippet":"max-snippet:-1","max-image-preview":"max-image-preview:large","max-video-preview":"max-video-preview:-1"},"canonical":"https:\/\/empow-her.com\/produit\/coaching-confiance-en-soi-et-legitimite-2\/","og_locale":"es_ES","og_type":"article","og_title":"Coaching - Confiance en soi et l\u00e9gitimit\u00e9","og_description":"&#x1f4e2; 1h de coaching pour surmonter vos croyances limitantes  Vous vous sentez frein\u00e9e par des croyesses limitantes ? Une petite voix int\u00e9rieure vous fait parfois douter de la viabilit\u00e9 de votre projet ou de votre capacit\u00e9 \u00e0 le porter. La crainte de ne pas \u00eatre \u00e0 la hauteur, la peur du jugement des autres ou une auto-critique excessive peuvent brouiller votre vision et alourdir votre \u00e9nergie d\u2019entrepreneuse. Ce coaching a pour objectif de vous aider \u00e0 vous reconnecter \u00e0 votre pleine puissance int\u00e9rieure et \u00e0 vos r\u00e9ussites pass\u00e9es.  &#x1f4a1; Ce que nous pouvons aborder :  &#x1f511; Identifier vos croyances limitantes : Comprendre les sources de ces doutes pour mieux les appr\u00e9hender et les d\u00e9passer. &#x1f331; Reconnecter avec vos r\u00e9ussites : Rappeler vos succ\u00e8s pass\u00e9s pour renforcer votre confiance en vous et valoriser vos comp\u00e9tences. &#x1f31f; D\u00e9velopper une d\u00e9marche positive : Adopter des techniques pour transformer vos pens\u00e9es n\u00e9gatives en affirmations positives et motivantes. &#x1f5d3; \u00c9tablir des objectifs r\u00e9alistes et observables : Travailler ensemble pour d\u00e9finir des objectifs clairs et atteignables qui vous permettront de progresser sereinement.  Une heure pour lib\u00e9rer votre potentiel et dynamiser votre parcours entrepreneurial ! &#x1f680;  Laure Bonnerot :\u00a0 Apr\u00e8s un parcours professionnel dans le monde du livre, je suis attentive aux histoires et aux mots. Aujourd\u2019hui coach, j\u2019aime mettre en lumi\u00e8re les \"p\u00e9pites\" oubli\u00e9es des personnes que j\u2019accompagne, cela pour soutenir le changement qu\u2019elles souhaitent mettre en place dans leurs vies. Que je sois en entreprise, en associatif ou aupr\u00e8s de particuliers, j\u2019aime questionner, \u00e9couter, observer les personnes que j\u2019accompagne, pour faire \u00e9merger ce qu\u2019il y a de pr\u00e9cieux et d\u2019unique chez elles ; et qu\u2019\u00e0 leur tour, elles le mettent \u00e0 profit dans leurs vies, leurs m\u00e9tiers et leurs environnements.  Son petit mot :\u00a0Bravo ! Et comme personne ne l'a mieux r\u00e9sum\u00e9 qu'Oscar Wilde, je le cite : \"Soyez vous-m\u00eame, les autres sont d\u00e9j\u00e0 pris !\"  Son super pouvoir : Attentive, Accueillante, A l'\u00e9coute !  Pr\u00e9-requis : Aucun !  Dur\u00e9e : Un cr\u00e9neau de 1h en individuel en ligne  Attention ! \u00a0Veuillez vous pr\u00e9senter \u00e0 l\u2019heure pour que l\u2019activit\u00e9 puisse commencer \u00e0 temps. Si vous avez du retard veuillez pr\u00e9venir l\u2019intervenant.e. Si vous avez plus de 15 min de retard l\u2019intervenant.e se r\u00e9serve le droit de ne plus vous accepter pour le coaching ou l\u2019atelier.","og_url":"https:\/\/empow-her.com\/produit\/coaching-confiance-en-soi-et-legitimite-2\/","og_site_name":"Empow&#039;Her","article_modified_time":"2025-05-06T17:26:57+00:00","og_image":[{"width":1080,"height":1080,"url":"https:\/\/empow-her.com\/wp-content\/uploads\/2025\/05\/Women-Dare-templates-events-2025-05-06T190751.030.png","type":"image\/png"}],"twitter_card":"summary_large_image","twitter_misc":{"Tiempo de lectura":"3 minutos"},"schema":{"@context":"https:\/\/schema.org","@graph":[{"@type":"WebPage","@id":"https:\/\/empow-her.com\/produit\/coaching-confiance-en-soi-et-legitimite-2\/","url":"https:\/\/empow-her.com\/produit\/coaching-confiance-en-soi-et-legitimite-2\/","name":"Coaching - Confiance en soi et l\u00e9gitimit\u00e9","isPartOf":{"@id":"https:\/\/empow-her.com\/#website"},"primaryImageOfPage":{"@id":"https:\/\/empow-her.com\/produit\/coaching-confiance-en-soi-et-legitimite-2\/#primaryimage"},"image":{"@id":"https:\/\/empow-her.com\/produit\/coaching-confiance-en-soi-et-legitimite-2\/#primaryimage"},"thumbnailUrl":"https:\/\/empow-her.com\/wp-content\/uploads\/2025\/05\/Women-Dare-templates-events-2025-05-06T190751.030.png","datePublished":"2025-05-06T17:00:58+00:00","dateModified":"2025-05-06T17:26:57+00:00","breadcrumb":{"@id":"https:\/\/empow-her.com\/produit\/coaching-confiance-en-soi-et-legitimite-2\/#breadcrumb"},"inLanguage":"es","potentialAction":[{"@type":"ReadAction","target":["https:\/\/empow-her.com\/produit\/coaching-confiance-en-soi-et-legitimite-2\/"]}]},{"@type":"ImageObject","inLanguage":"es","@id":"https:\/\/empow-her.com\/produit\/coaching-confiance-en-soi-et-legitimite-2\/#primaryimage","url":"https:\/\/empow-her.com\/wp-content\/uploads\/2025\/05\/Women-Dare-templates-events-2025-05-06T190751.030.png","contentUrl":"https:\/\/empow-her.com\/wp-content\/uploads\/2025\/05\/Women-Dare-templates-events-2025-05-06T190751.030.png","width":1080,"height":1080},{"@type":"BreadcrumbList","@id":"https:\/\/empow-her.com\/produit\/coaching-confiance-en-soi-et-legitimite-2\/#breadcrumb","itemListElement":[{"@type":"ListItem","position":1,"name":"Accueil","item":"https:\/\/empow-her.com\/es\/inicio\/"},{"@type":"ListItem","position":2,"name":"LA BOUTIQUE","item":"https:\/\/empow-her.com\/boutique\/"},{"@type":"ListItem","position":3,"name":"Coaching &#8211; Confiance en soi et l\u00e9gitimit\u00e9"}]},{"@type":"WebSite","@id":"https:\/\/empow-her.com\/#website","url":"https:\/\/empow-her.com\/","name":"Empow&#039;Her","description":"Women Development","potentialAction":[{"@type":"SearchAction","target":{"@type":"EntryPoint","urlTemplate":"https:\/\/empow-her.com\/?s={search_term_string}"},"query-input":{"@type":"PropertyValueSpecification","valueRequired":true,"valueName":"search_term_string"}}],"inLanguage":"es"}]}},"_links":{"self":[{"href":"https:\/\/empow-her.com\/es\/wp-json\/wp\/v2\/product\/267139","targetHints":{"allow":["GET"]}}],"collection":[{"href":"https:\/\/empow-her.com\/es\/wp-json\/wp\/v2\/product"}],"about":[{"href":"https:\/\/empow-her.com\/es\/wp-json\/wp\/v2\/types\/product"}],"wp:featuredmedia":[{"embeddable":true,"href":"https:\/\/empow-her.com\/es\/wp-json\/wp\/v2\/media\/267140"}],"wp:attachment":[{"href":"https:\/\/empow-her.com\/es\/wp-json\/wp\/v2\/media?parent=267139"}],"wp:term":[{"taxonomy":"product_brand","embeddable":true,"href":"https:\/\/empow-her.com\/es\/wp-json\/wp\/v2\/product_brand?post=267139"},{"taxonomy":"product_cat","embeddable":true,"href":"https:\/\/empow-her.com\/es\/wp-json\/wp\/v2\/product_cat?post=267139"},{"taxonomy":"product_tag","embeddable":true,"href":"https:\/\/empow-her.com\/es\/wp-json\/wp\/v2\/product_tag?post=267139"},{"taxonomy":"lieu","embeddable":true,"href":"https:\/\/empow-her.com\/es\/wp-json\/wp\/v2\/lieu?post=267139"},{"taxonomy":"thematiques","embeddable":true,"href":"https:\/\/empow-her.com\/es\/wp-json\/wp\/v2\/thematiques?post=267139"}],"curies":[{"name":"wp","href":"https:\/\/api.w.org\/{rel}","templated":true}]}}