{"id":267127,"date":"2025-05-06T16:41:03","date_gmt":"2025-05-06T14:41:03","guid":{"rendered":"https:\/\/empow-her.com\/?post_type=product&#038;p=267127"},"modified":"2025-05-06T16:55:43","modified_gmt":"2025-05-06T14:55:43","slug":"atelier-juridique-et-administratif-2","status":"publish","type":"product","link":"https:\/\/empow-her.com\/es\/produit\/atelier-juridique-et-administratif-2\/","title":{"rendered":"Atelier &#8211; Juridique et administratif"},"content":{"rendered":"<p>&#x1f4e2; Atelier &#8211; Mieux comprendre les formes juridiques<\/p>\n<p>Le choix du statut juridique est une \u00e9tape cl\u00e9 dans la cr\u00e9ation d\u2019un projet, mais il peut vite sembler complexe. Cet atelier de vulgarisation vous aidera \u00e0 y voir plus clair en explorant les diff\u00e9rences entre les principales formes juridiques, leurs implications et leurs impacts sur votre activit\u00e9.<\/p>\n<p>&#x1f4a1; Ce que nous pourrons explorer<\/p>\n<p>&#x1f539; Auto-entreprise et entreprise individuelle : quels avantages et limites ?<br \/>\nComprendre le fonctionnement, la fiscalit\u00e9 et les obligations de ces formes simplifi\u00e9es pour les entrepreneur\u00b7es en solo.<\/p>\n<p>&#x1f539; SAS\/SASU, SARL\/EURL : quelles diff\u00e9rences et comment choisir ?<br \/>\nExplorer les sp\u00e9cificit\u00e9s des statuts avec personnalit\u00e9 morale : gouvernance, responsabilit\u00e9, fiscalit\u00e9 et flexibilit\u00e9.<\/p>\n<p>&#x1f539; Quels crit\u00e8res pour choisir la forme juridique adapt\u00e9e ?<br \/>\nS\u00e9lectionner le bon statut en fonction de son projet, de son ambition de d\u00e9veloppement et de ses besoins financiers.<\/p>\n<p>&#x1f539; D\u00e9marches et obligations : ce qu\u2019il faut savoir avant de se lancer<br \/>\nLes \u00e9tapes cl\u00e9s pour cr\u00e9er son entreprise en toute s\u00e9r\u00e9nit\u00e9.<\/p>\n<p>&#x1f4cc; Pr\u00e9-requis<\/p>\n<p>&#x2714; Avoir une id\u00e9e de projet entrepreneurial<br \/>\n&#x2714; Se poser des questions sur le choix de son statut juridique<\/p>\n<p>Cet atelier vous donnera les cl\u00e9s pour faire un choix \u00e9clair\u00e9 et align\u00e9 avec vos objectifs d\u2019entrepreneur\u00b7e.<\/p>\n<p><strong>Attention !<\/strong> Veuillez vous pr\u00e9senter \u00e0 l&#8217;heure pour que l&#8217;activit\u00e9 puisse commencer \u00e0 temps. Si vous avez du retard veuillez pr\u00e9venir l&#8217;\u00e9quipe d&#8217;Empow&#8217;Her : <a href=\"mailto:contact.france@empow-her.com\">contact.france@empow-her.com<\/a>\u00a0. Si vous avez plus de 15 min de retard l&#8217;intervenant.e se r\u00e9serve le droit de ne plus vous accepter pour le coaching ou l&#8217;atelier.<\/p>\n","protected":false},"excerpt":{"rendered":"<p>&#x1f4e2; Atelier &#8211; Mieux comprendre les formes juridiques<\/p>\n<p>Le choix du statut juridique est une \u00e9tape cl\u00e9 dans la cr\u00e9ation d\u2019un projet, mais il peut vite sembler complexe. Cet atelier de vulgarisation vous aidera \u00e0 y voir plus clair en explorant les diff\u00e9rences entre les principales formes juridiques, leurs implications et leurs impacts sur votre activit\u00e9.<\/p>\n<p>&#x1f4a1; Ce que nous pourrons explorer<\/p>\n<p>&#x1f539; Auto-entreprise et entreprise individuelle : quels avantages et limites ?<br \/>\nComprendre le fonctionnement, la fiscalit\u00e9 et les obligations de ces formes simplifi\u00e9es pour les entrepreneur\u00b7es en solo.<\/p>\n<p>&#x1f539; SAS\/SASU, SARL\/EURL : quelles diff\u00e9rences et comment choisir ?<br \/>\nExplorer les sp\u00e9cificit\u00e9s des statuts avec personnalit\u00e9 morale : gouvernance, responsabilit\u00e9, fiscalit\u00e9 et flexibilit\u00e9.<\/p>\n<p>&#x1f539; Quels crit\u00e8res pour choisir la forme juridique adapt\u00e9e ?<br \/>\nS\u00e9lectionner le bon statut en fonction de son projet, de son ambition de d\u00e9veloppement et de ses besoins financiers.<\/p>\n<p>&#x1f539; D\u00e9marches et obligations : ce qu\u2019il faut savoir avant de se lancer<br \/>\nLes \u00e9tapes cl\u00e9s pour cr\u00e9er son entreprise en toute s\u00e9r\u00e9nit\u00e9.<\/p>\n<p>&#x1f4cc; Pr\u00e9-requis<\/p>\n<p>&#x2714; Avoir une id\u00e9e de projet entrepreneurial<br \/>\n&#x2714; Se poser des questions sur le choix de son statut juridique<\/p>\n<p>Cet atelier vous donnera les cl\u00e9s pour faire un choix \u00e9clair\u00e9 et align\u00e9 avec vos objectifs d\u2019entrepreneur\u00b7e.<\/p>\n<p><strong>Attention !<\/strong> Veuillez vous pr\u00e9senter \u00e0 l&#8217;heure pour que l&#8217;activit\u00e9 puisse commencer \u00e0 temps. Si vous avez du retard veuillez pr\u00e9venir l&#8217;\u00e9quipe d&#8217;Empow&#8217;Her : <a href=\"mailto:contact.france@empow-her.com\">contact.france@empow-her.com<\/a>\u00a0. Si vous avez plus de 15 min de retard l&#8217;intervenant.e se r\u00e9serve le droit de ne plus vous accepter pour le coaching ou l&#8217;atelier.<\/p>\n","protected":false},"featured_media":267128,"template":"","format":"standard","meta":{"_acf_changed":false,"om_disable_all_campaigns":false,"_uf_show_specific_survey":0,"_uf_disable_surveys":false},"product_brand":[],"product_cat":[118],"product_tag":[],"lieu":[125],"thematiques":[],"class_list":{"0":"post-267127","1":"product","2":"type-product","3":"status-publish","4":"format-standard","5":"has-post-thumbnail","7":"product_cat-atelier-collectif","8":"lieu-en-ligne","10":"first","11":"instock","12":"virtual","13":"purchasable","14":"product-type-appointment"},"exclude_global_add_ons":[],"addons":[],"acf":[],"yoast_head":"<!-- This site is optimized with the Yoast SEO plugin v24.8 - https:\/\/yoast.com\/wordpress\/plugins\/seo\/ -->\n<title>Atelier - Juridique et administratif - Empow&#039;Her<\/title>\n<meta name=\"robots\" content=\"index, follow, max-snippet:-1, max-image-preview:large, max-video-preview:-1\" \/>\n<link rel=\"canonical\" href=\"https:\/\/empow-her.com\/produit\/atelier-juridique-et-administratif-2\/\" \/>\n<meta property=\"og:locale\" content=\"es_ES\" \/>\n<meta property=\"og:type\" content=\"article\" \/>\n<meta property=\"og:title\" content=\"Atelier - Juridique et administratif - Empow&#039;Her\" \/>\n<meta property=\"og:description\" content=\"&#x1f4e2; Atelier - Mieux comprendre les formes juridiques  Le choix du statut juridique est une \u00e9tape cl\u00e9 dans la cr\u00e9ation d\u2019un projet, mais il peut vite sembler complexe. Cet atelier de vulgarisation vous aidera \u00e0 y voir plus clair en explorant les diff\u00e9rences entre les principales formes juridiques, leurs implications et leurs impacts sur votre activit\u00e9.  &#x1f4a1; Ce que nous pourrons explorer  &#x1f539; Auto-entreprise et entreprise individuelle : quels avantages et limites ? Comprendre le fonctionnement, la fiscalit\u00e9 et les obligations de ces formes simplifi\u00e9es pour les entrepreneur\u00b7es en solo.  &#x1f539; SAS\/SASU, SARL\/EURL : quelles diff\u00e9rences et comment choisir ? Explorer les sp\u00e9cificit\u00e9s des statuts avec personnalit\u00e9 morale : gouvernance, responsabilit\u00e9, fiscalit\u00e9 et flexibilit\u00e9.  &#x1f539; Quels crit\u00e8res pour choisir la forme juridique adapt\u00e9e ? S\u00e9lectionner le bon statut en fonction de son projet, de son ambition de d\u00e9veloppement et de ses besoins financiers.  &#x1f539; D\u00e9marches et obligations : ce qu\u2019il faut savoir avant de se lancer Les \u00e9tapes cl\u00e9s pour cr\u00e9er son entreprise en toute s\u00e9r\u00e9nit\u00e9.  &#x1f4cc; Pr\u00e9-requis  &#x2714; Avoir une id\u00e9e de projet entrepreneurial &#x2714; Se poser des questions sur le choix de son statut juridique  Cet atelier vous donnera les cl\u00e9s pour faire un choix \u00e9clair\u00e9 et align\u00e9 avec vos objectifs d\u2019entrepreneur\u00b7e.  Attention ! Veuillez vous pr\u00e9senter \u00e0 l&#039;heure pour que l&#039;activit\u00e9 puisse commencer \u00e0 temps. Si vous avez du retard veuillez pr\u00e9venir l&#039;\u00e9quipe d&#039;Empow&#039;Her : contact.france@empow-her.com\u00a0. Si vous avez plus de 15 min de retard l&#039;intervenant.e se r\u00e9serve le droit de ne plus vous accepter pour le coaching ou l&#039;atelier.\" \/>\n<meta property=\"og:url\" content=\"https:\/\/empow-her.com\/produit\/atelier-juridique-et-administratif-2\/\" \/>\n<meta property=\"og:site_name\" content=\"Empow&#039;Her\" \/>\n<meta property=\"article:modified_time\" content=\"2025-05-06T14:55:43+00:00\" \/>\n<meta property=\"og:image\" content=\"https:\/\/empow-her.com\/wp-content\/uploads\/2025\/05\/Women-Dare-templates-events-2025-05-06T165006.588.png\" \/>\n\t<meta property=\"og:image:width\" content=\"1080\" \/>\n\t<meta property=\"og:image:height\" content=\"1080\" \/>\n\t<meta property=\"og:image:type\" content=\"image\/png\" \/>\n<meta name=\"twitter:card\" content=\"summary_large_image\" \/>\n<meta name=\"twitter:label1\" content=\"Tiempo de lectura\" \/>\n\t<meta name=\"twitter:data1\" content=\"2 minutos\" \/>\n<script type=\"application\/ld+json\" class=\"yoast-schema-graph\">{\"@context\":\"https:\/\/schema.org\",\"@graph\":[{\"@type\":\"WebPage\",\"@id\":\"https:\/\/empow-her.com\/produit\/atelier-juridique-et-administratif-2\/\",\"url\":\"https:\/\/empow-her.com\/produit\/atelier-juridique-et-administratif-2\/\",\"name\":\"Atelier - Juridique et administratif - Empow&#039;Her\",\"isPartOf\":{\"@id\":\"https:\/\/empow-her.com\/#website\"},\"primaryImageOfPage\":{\"@id\":\"https:\/\/empow-her.com\/produit\/atelier-juridique-et-administratif-2\/#primaryimage\"},\"image\":{\"@id\":\"https:\/\/empow-her.com\/produit\/atelier-juridique-et-administratif-2\/#primaryimage\"},\"thumbnailUrl\":\"https:\/\/empow-her.com\/wp-content\/uploads\/2025\/05\/Women-Dare-templates-events-2025-05-06T165006.588.png\",\"datePublished\":\"2025-05-06T14:41:03+00:00\",\"dateModified\":\"2025-05-06T14:55:43+00:00\",\"breadcrumb\":{\"@id\":\"https:\/\/empow-her.com\/produit\/atelier-juridique-et-administratif-2\/#breadcrumb\"},\"inLanguage\":\"es\",\"potentialAction\":[{\"@type\":\"ReadAction\",\"target\":[\"https:\/\/empow-her.com\/produit\/atelier-juridique-et-administratif-2\/\"]}]},{\"@type\":\"ImageObject\",\"inLanguage\":\"es\",\"@id\":\"https:\/\/empow-her.com\/produit\/atelier-juridique-et-administratif-2\/#primaryimage\",\"url\":\"https:\/\/empow-her.com\/wp-content\/uploads\/2025\/05\/Women-Dare-templates-events-2025-05-06T165006.588.png\",\"contentUrl\":\"https:\/\/empow-her.com\/wp-content\/uploads\/2025\/05\/Women-Dare-templates-events-2025-05-06T165006.588.png\",\"width\":1080,\"height\":1080},{\"@type\":\"BreadcrumbList\",\"@id\":\"https:\/\/empow-her.com\/produit\/atelier-juridique-et-administratif-2\/#breadcrumb\",\"itemListElement\":[{\"@type\":\"ListItem\",\"position\":1,\"name\":\"Accueil\",\"item\":\"https:\/\/empow-her.com\/es\/inicio\/\"},{\"@type\":\"ListItem\",\"position\":2,\"name\":\"LA BOUTIQUE\",\"item\":\"https:\/\/empow-her.com\/boutique\/\"},{\"@type\":\"ListItem\",\"position\":3,\"name\":\"Atelier &#8211; Juridique et administratif\"}]},{\"@type\":\"WebSite\",\"@id\":\"https:\/\/empow-her.com\/#website\",\"url\":\"https:\/\/empow-her.com\/\",\"name\":\"Empow&#039;Her\",\"description\":\"Women Development\",\"potentialAction\":[{\"@type\":\"SearchAction\",\"target\":{\"@type\":\"EntryPoint\",\"urlTemplate\":\"https:\/\/empow-her.com\/?s={search_term_string}\"},\"query-input\":{\"@type\":\"PropertyValueSpecification\",\"valueRequired\":true,\"valueName\":\"search_term_string\"}}],\"inLanguage\":\"es\"}]}<\/script>\n<!-- \/ Yoast SEO plugin. -->","yoast_head_json":{"title":"Atelier - Juridique et administratif - Empow&#039;Her","robots":{"index":"index","follow":"follow","max-snippet":"max-snippet:-1","max-image-preview":"max-image-preview:large","max-video-preview":"max-video-preview:-1"},"canonical":"https:\/\/empow-her.com\/produit\/atelier-juridique-et-administratif-2\/","og_locale":"es_ES","og_type":"article","og_title":"Atelier - Juridique et administratif - Empow&#039;Her","og_description":"&#x1f4e2; Atelier - Mieux comprendre les formes juridiques  Le choix du statut juridique est une \u00e9tape cl\u00e9 dans la cr\u00e9ation d\u2019un projet, mais il peut vite sembler complexe. Cet atelier de vulgarisation vous aidera \u00e0 y voir plus clair en explorant les diff\u00e9rences entre les principales formes juridiques, leurs implications et leurs impacts sur votre activit\u00e9.  &#x1f4a1; Ce que nous pourrons explorer  &#x1f539; Auto-entreprise et entreprise individuelle : quels avantages et limites ? Comprendre le fonctionnement, la fiscalit\u00e9 et les obligations de ces formes simplifi\u00e9es pour les entrepreneur\u00b7es en solo.  &#x1f539; SAS\/SASU, SARL\/EURL : quelles diff\u00e9rences et comment choisir ? Explorer les sp\u00e9cificit\u00e9s des statuts avec personnalit\u00e9 morale : gouvernance, responsabilit\u00e9, fiscalit\u00e9 et flexibilit\u00e9.  &#x1f539; Quels crit\u00e8res pour choisir la forme juridique adapt\u00e9e ? S\u00e9lectionner le bon statut en fonction de son projet, de son ambition de d\u00e9veloppement et de ses besoins financiers.  &#x1f539; D\u00e9marches et obligations : ce qu\u2019il faut savoir avant de se lancer Les \u00e9tapes cl\u00e9s pour cr\u00e9er son entreprise en toute s\u00e9r\u00e9nit\u00e9.  &#x1f4cc; Pr\u00e9-requis  &#x2714; Avoir une id\u00e9e de projet entrepreneurial &#x2714; Se poser des questions sur le choix de son statut juridique  Cet atelier vous donnera les cl\u00e9s pour faire un choix \u00e9clair\u00e9 et align\u00e9 avec vos objectifs d\u2019entrepreneur\u00b7e.  Attention ! Veuillez vous pr\u00e9senter \u00e0 l'heure pour que l'activit\u00e9 puisse commencer \u00e0 temps. Si vous avez du retard veuillez pr\u00e9venir l'\u00e9quipe d'Empow'Her : contact.france@empow-her.com\u00a0. Si vous avez plus de 15 min de retard l'intervenant.e se r\u00e9serve le droit de ne plus vous accepter pour le coaching ou l'atelier.","og_url":"https:\/\/empow-her.com\/produit\/atelier-juridique-et-administratif-2\/","og_site_name":"Empow&#039;Her","article_modified_time":"2025-05-06T14:55:43+00:00","og_image":[{"width":1080,"height":1080,"url":"https:\/\/empow-her.com\/wp-content\/uploads\/2025\/05\/Women-Dare-templates-events-2025-05-06T165006.588.png","type":"image\/png"}],"twitter_card":"summary_large_image","twitter_misc":{"Tiempo de lectura":"2 minutos"},"schema":{"@context":"https:\/\/schema.org","@graph":[{"@type":"WebPage","@id":"https:\/\/empow-her.com\/produit\/atelier-juridique-et-administratif-2\/","url":"https:\/\/empow-her.com\/produit\/atelier-juridique-et-administratif-2\/","name":"Atelier - Juridique et administratif - Empow&#039;Her","isPartOf":{"@id":"https:\/\/empow-her.com\/#website"},"primaryImageOfPage":{"@id":"https:\/\/empow-her.com\/produit\/atelier-juridique-et-administratif-2\/#primaryimage"},"image":{"@id":"https:\/\/empow-her.com\/produit\/atelier-juridique-et-administratif-2\/#primaryimage"},"thumbnailUrl":"https:\/\/empow-her.com\/wp-content\/uploads\/2025\/05\/Women-Dare-templates-events-2025-05-06T165006.588.png","datePublished":"2025-05-06T14:41:03+00:00","dateModified":"2025-05-06T14:55:43+00:00","breadcrumb":{"@id":"https:\/\/empow-her.com\/produit\/atelier-juridique-et-administratif-2\/#breadcrumb"},"inLanguage":"es","potentialAction":[{"@type":"ReadAction","target":["https:\/\/empow-her.com\/produit\/atelier-juridique-et-administratif-2\/"]}]},{"@type":"ImageObject","inLanguage":"es","@id":"https:\/\/empow-her.com\/produit\/atelier-juridique-et-administratif-2\/#primaryimage","url":"https:\/\/empow-her.com\/wp-content\/uploads\/2025\/05\/Women-Dare-templates-events-2025-05-06T165006.588.png","contentUrl":"https:\/\/empow-her.com\/wp-content\/uploads\/2025\/05\/Women-Dare-templates-events-2025-05-06T165006.588.png","width":1080,"height":1080},{"@type":"BreadcrumbList","@id":"https:\/\/empow-her.com\/produit\/atelier-juridique-et-administratif-2\/#breadcrumb","itemListElement":[{"@type":"ListItem","position":1,"name":"Accueil","item":"https:\/\/empow-her.com\/es\/inicio\/"},{"@type":"ListItem","position":2,"name":"LA BOUTIQUE","item":"https:\/\/empow-her.com\/boutique\/"},{"@type":"ListItem","position":3,"name":"Atelier &#8211; Juridique et administratif"}]},{"@type":"WebSite","@id":"https:\/\/empow-her.com\/#website","url":"https:\/\/empow-her.com\/","name":"Empow&#039;Her","description":"Women Development","potentialAction":[{"@type":"SearchAction","target":{"@type":"EntryPoint","urlTemplate":"https:\/\/empow-her.com\/?s={search_term_string}"},"query-input":{"@type":"PropertyValueSpecification","valueRequired":true,"valueName":"search_term_string"}}],"inLanguage":"es"}]}},"_links":{"self":[{"href":"https:\/\/empow-her.com\/es\/wp-json\/wp\/v2\/product\/267127","targetHints":{"allow":["GET"]}}],"collection":[{"href":"https:\/\/empow-her.com\/es\/wp-json\/wp\/v2\/product"}],"about":[{"href":"https:\/\/empow-her.com\/es\/wp-json\/wp\/v2\/types\/product"}],"wp:featuredmedia":[{"embeddable":true,"href":"https:\/\/empow-her.com\/es\/wp-json\/wp\/v2\/media\/267128"}],"wp:attachment":[{"href":"https:\/\/empow-her.com\/es\/wp-json\/wp\/v2\/media?parent=267127"}],"wp:term":[{"taxonomy":"product_brand","embeddable":true,"href":"https:\/\/empow-her.com\/es\/wp-json\/wp\/v2\/product_brand?post=267127"},{"taxonomy":"product_cat","embeddable":true,"href":"https:\/\/empow-her.com\/es\/wp-json\/wp\/v2\/product_cat?post=267127"},{"taxonomy":"product_tag","embeddable":true,"href":"https:\/\/empow-her.com\/es\/wp-json\/wp\/v2\/product_tag?post=267127"},{"taxonomy":"lieu","embeddable":true,"href":"https:\/\/empow-her.com\/es\/wp-json\/wp\/v2\/lieu?post=267127"},{"taxonomy":"thematiques","embeddable":true,"href":"https:\/\/empow-her.com\/es\/wp-json\/wp\/v2\/thematiques?post=267127"}],"curies":[{"name":"wp","href":"https:\/\/api.w.org\/{rel}","templated":true}]}}