{"id":266243,"date":"2025-03-17T12:23:03","date_gmt":"2025-03-17T11:23:03","guid":{"rendered":"https:\/\/empow-her.com\/?post_type=product&#038;p=266243"},"modified":"2025-03-31T15:18:41","modified_gmt":"2025-03-31T13:18:41","slug":"co-developpement-16","status":"publish","type":"product","link":"https:\/\/empow-her.com\/es\/produit\/co-developpement-16\/","title":{"rendered":"Co-d\u00e9veloppement"},"content":{"rendered":"<p data-start=\"0\" data-end=\"68\"><strong data-start=\"0\" data-end=\"66\">&#x1f4e2; Rejoignez une session de co-d\u00e9veloppement avec Women Dare !<\/strong><\/p>\n<p data-start=\"70\" data-end=\"269\">Entreprendre, c\u2019est relever des d\u00e9fis au quotidien\u2026 et parfois, on manque de temps ou de recul pour tout r\u00e9soudre seule. <strong data-start=\"191\" data-end=\"265\">Pourquoi ne pas s\u2019appuyer sur l\u2019intelligence collective pour avancer ?<\/strong> &#x2728;<\/p>\n<p data-start=\"271\" data-end=\"451\">Avec Women Dare, participez \u00e0 un <strong data-start=\"304\" data-end=\"351\">espace bienveillant d\u2019\u00e9change et d\u2019entraide<\/strong> o\u00f9 chaque participante apporte son regard et son exp\u00e9rience pour aider \u00e0 d\u00e9bloquer une situation.<\/p>\n<p data-start=\"453\" data-end=\"783\">&#x1f4a1; <strong data-start=\"456\" data-end=\"493\">Le co-d\u00e9veloppement, c\u2019est quoi ?<\/strong><br data-start=\"493\" data-end=\"496\" \/>&#x2705; Une m\u00e9thode collaborative pour r\u00e9soudre des probl\u00e9matiques et partager des bonnes pratiques<br data-start=\"589\" data-end=\"592\" \/>&#x1f680; Un moment de partage pour repartir avec des id\u00e9es, des pistes d\u2019actions et un nouvel \u00e9lan<br data-start=\"684\" data-end=\"687\" \/>&#x1f91d; Un cadre bienveillant pour d\u00e9couvrir d\u2019autres parcours et s\u2019inspirer de nouvelles approches<\/p>\n<p data-start=\"785\" data-end=\"815\">&#x1f50d; <strong data-start=\"788\" data-end=\"813\">Pourquoi participer ?<\/strong><\/p>\n<ul data-start=\"816\" data-end=\"1236\">\n<li data-start=\"816\" data-end=\"899\">B\u00e9n\u00e9ficiez des retours et conseils du groupe pour avancer sur une probl\u00e9matique<\/li>\n<li data-start=\"900\" data-end=\"1030\">Aucune obligation d\u2019amener un sujet : vous pouvez aussi simplement venir pour partager votre exp\u00e9rience et soutenir vos paires<\/li>\n<li data-start=\"1031\" data-end=\"1106\">Un format accessible \u00e0 toutes, \u00e0 n\u2019importe quelle \u00e9tape de votre projet<\/li>\n<li data-start=\"1107\" data-end=\"1236\">Tous les sujets sont les bienvenus, sauf ceux n\u00e9cessitant une expertise technique sp\u00e9cifique (statut juridique, financement\u2026)<\/li>\n<\/ul>\n<p data-start=\"1238\" data-end=\"1308\" data-is-last-node=\"\" data-is-only-node=\"\">&#x1f31f; <strong data-start=\"1241\" data-end=\"1308\" data-is-last-node=\"\">Un moment d\u2019entraide et de connexion pour progresser ensemble !<\/strong><\/p>\n<p><strong>Merci de remplir le questionnaire ci-dessous afin que nous puissions planifier la session au mieux.\u00a0<\/strong><\/p>\n<p><span class=\"c-emoji c-emoji__medium c-emoji--inline\" data-qa=\"emoji\" data-sk=\"tooltip_parent\"><img decoding=\"async\" src=\"https:\/\/a.slack-edge.com\/production-standard-emoji-assets\/14.0\/google-medium\/1f449.png\" alt=\":apuntando_hacia_la_derecha:\" aria-label=\"Emoji apuntando hacia la derecha\" data-stringify-type=\"emoji\" data-stringify-emoji=\":point_right:\" \/><\/span> <a class=\"c-link\" href=\"https:\/\/airtable.com\/appdLGskByLMkFEjo\/shrdnkl2D0FlYewHd\" target=\"_blank\" rel=\"noopener noreferrer\" data-stringify-link=\"https:\/\/airtable.com\/appB3uvkYuO3KGkV5\/pagxEysO41TQpa9jH\/edit\" data-sk=\"tooltip_parent\">Questionnaire Codev<\/a><\/p>\n<p><span style=\"font-weight: 400;\">Intervenant.e.s : Membre de l\u2019\u00e9quipe Empow\u2019Her<\/span><\/p>\n<p><span style=\"font-weight: 400;\">Dur\u00e9e : 3h<\/span><\/p>\n<p><span style=\"font-weight: 400;\">Format: Hybride En ligne\/Sist&#8217;Her Paris<\/span><\/p>\n<p><span style=\"font-weight: 400;\"><strong>Attention<\/strong> !\u00a0 Veuillez vous pr\u00e9senter \u00e0 l\u2019heure pour que l\u2019activit\u00e9 puisse commencer \u00e0 temps. Si vous avez du retard, veuillez pr\u00e9venir l\u2019intervenant.e. Si vous avez plus de 15 min de retard, l&#8217;intervenant.e se r\u00e9serve le droit de plus vous accepter pour la session de co-d\u00e9veloppement.<\/span><\/p>\n<p>&nbsp;<\/p>\n","protected":false},"excerpt":{"rendered":"<p data-start=\"0\" data-end=\"68\"><strong data-start=\"0\" data-end=\"66\">&#x1f4e2; Rejoignez une session de co-d\u00e9veloppement avec Women Dare !<\/strong><\/p>\n<p data-start=\"70\" data-end=\"269\">Entreprendre, c\u2019est relever des d\u00e9fis au quotidien\u2026 et parfois, on manque de temps ou de recul pour tout r\u00e9soudre seule. <strong data-start=\"191\" data-end=\"265\">Pourquoi ne pas s\u2019appuyer sur l\u2019intelligence collective pour avancer ?<\/strong> &#x2728;<\/p>\n<p data-start=\"271\" data-end=\"451\">Avec Women Dare, participez \u00e0 un <strong data-start=\"304\" data-end=\"351\">espace bienveillant d\u2019\u00e9change et d\u2019entraide<\/strong> o\u00f9 chaque participante apporte son regard et son exp\u00e9rience pour aider \u00e0 d\u00e9bloquer une situation.<\/p>\n<p data-start=\"453\" data-end=\"783\">&#x1f4a1; <strong data-start=\"456\" data-end=\"493\">Le co-d\u00e9veloppement, c\u2019est quoi ?<\/strong><br data-start=\"493\" data-end=\"496\" \/>&#x2705; Une m\u00e9thode collaborative pour r\u00e9soudre des probl\u00e9matiques et partager des bonnes pratiques<br data-start=\"589\" data-end=\"592\" \/>&#x1f680; Un moment de partage pour repartir avec des id\u00e9es, des pistes d\u2019actions et un nouvel \u00e9lan<br data-start=\"684\" data-end=\"687\" \/>&#x1f91d; Un cadre bienveillant pour d\u00e9couvrir d\u2019autres parcours et s\u2019inspirer de nouvelles approches<\/p>\n<p data-start=\"785\" data-end=\"815\">&#x1f50d; <strong data-start=\"788\" data-end=\"813\">Pourquoi participer ?<\/strong><\/p>\n<ul data-start=\"816\" data-end=\"1236\">\n<li data-start=\"816\" data-end=\"899\">B\u00e9n\u00e9ficiez des retours et conseils du groupe pour avancer sur une probl\u00e9matique<\/li>\n<li data-start=\"900\" data-end=\"1030\">Aucune obligation d\u2019amener un sujet : vous pouvez aussi simplement venir pour partager votre exp\u00e9rience et soutenir vos paires<\/li>\n<li data-start=\"1031\" data-end=\"1106\">Un format accessible \u00e0 toutes, \u00e0 n\u2019importe quelle \u00e9tape de votre projet<\/li>\n<li data-start=\"1107\" data-end=\"1236\">Tous les sujets sont les bienvenus, sauf ceux n\u00e9cessitant une expertise technique sp\u00e9cifique (statut juridique, financement\u2026)<\/li>\n<\/ul>\n<p data-start=\"1238\" data-end=\"1308\" data-is-last-node=\"\" data-is-only-node=\"\">&#x1f31f; <strong data-start=\"1241\" data-end=\"1308\" data-is-last-node=\"\">Un moment d\u2019entraide et de connexion pour progresser ensemble !<\/strong><\/p>\n<p><strong>Merci de remplir le questionnaire ci-dessous afin que nous puissions planifier la session au mieux.\u00a0<\/strong><\/p>\n<p><span class=\"c-emoji c-emoji__medium c-emoji--inline\" data-qa=\"emoji\" data-sk=\"tooltip_parent\"><img decoding=\"async\" src=\"https:\/\/a.slack-edge.com\/production-standard-emoji-assets\/14.0\/google-medium\/1f449.png\" alt=\":apuntando_hacia_la_derecha:\" aria-label=\"Emoji apuntando hacia la derecha\" data-stringify-type=\"emoji\" data-stringify-emoji=\":point_right:\" \/><\/span> <a class=\"c-link\" href=\"https:\/\/airtable.com\/appdLGskByLMkFEjo\/shrdnkl2D0FlYewHd\" target=\"_blank\" rel=\"noopener noreferrer\" data-stringify-link=\"https:\/\/airtable.com\/appB3uvkYuO3KGkV5\/pagxEysO41TQpa9jH\/edit\" data-sk=\"tooltip_parent\">Questionnaire Codev<\/a><\/p>\n<p><span style=\"font-weight: 400;\">Intervenant.e.s : Membre de l\u2019\u00e9quipe Empow\u2019Her<\/span><\/p>\n<p><span style=\"font-weight: 400;\">Dur\u00e9e : 2h30<\/span><\/p>\n<p><span style=\"font-weight: 400;\">Format: Hybride En ligne\/Sist&#8217;Her Paris<\/span><\/p>\n<p><span style=\"font-weight: 400;\"><strong>Attention<\/strong> !\u00a0 Veuillez vous pr\u00e9senter \u00e0 l\u2019heure pour que l\u2019activit\u00e9 puisse commencer \u00e0 temps. Si vous avez du retard, veuillez pr\u00e9venir l\u2019intervenant.e. Si vous avez plus de 15 min de retard, l&#8217;intervenant.e se r\u00e9serve le droit de plus vous accepter pour la session de co-d\u00e9veloppement.<\/span><\/p>\n<p>&nbsp;<\/p>\n","protected":false},"featured_media":266280,"template":"","format":"standard","meta":{"_acf_changed":false,"om_disable_all_campaigns":false,"_uf_show_specific_survey":0,"_uf_disable_surveys":false},"product_brand":[],"product_cat":[118],"product_tag":[132],"lieu":[125,127],"thematiques":[],"class_list":{"0":"post-266243","1":"product","2":"type-product","3":"status-publish","4":"format-standard","5":"has-post-thumbnail","7":"product_cat-atelier-collectif","8":"product_tag-sisther","9":"lieu-en-ligne","10":"lieu-hub-empowher","12":"first","13":"instock","14":"virtual","15":"purchasable","16":"product-type-appointment"},"exclude_global_add_ons":[],"addons":[],"acf":[],"yoast_head":"<!-- This site is optimized with the Yoast SEO plugin v24.8 - https:\/\/yoast.com\/wordpress\/plugins\/seo\/ -->\n<title>Co-d\u00e9veloppement - Empow&#039;Her<\/title>\n<meta name=\"robots\" content=\"index, follow, max-snippet:-1, max-image-preview:large, max-video-preview:-1\" \/>\n<link rel=\"canonical\" href=\"https:\/\/empow-her.com\/produit\/co-developpement-16\/\" \/>\n<meta property=\"og:locale\" content=\"es_ES\" \/>\n<meta property=\"og:type\" content=\"article\" \/>\n<meta property=\"og:title\" content=\"Co-d\u00e9veloppement - Empow&#039;Her\" \/>\n<meta property=\"og:description\" content=\"&#x1f4e2; Rejoignez une session de co-d\u00e9veloppement avec Women Dare ! Entreprendre, c\u2019est relever des d\u00e9fis au quotidien\u2026 et parfois, on manque de temps ou de recul pour tout r\u00e9soudre seule. Pourquoi ne pas s\u2019appuyer sur l\u2019intelligence collective pour avancer ? &#x2728; Avec Women Dare, participez \u00e0 un espace bienveillant d\u2019\u00e9change et d\u2019entraide o\u00f9 chaque participante apporte son regard et son exp\u00e9rience pour aider \u00e0 d\u00e9bloquer une situation. &#x1f4a1; Le co-d\u00e9veloppement, c\u2019est quoi ?&#x2705; Une m\u00e9thode collaborative pour r\u00e9soudre des probl\u00e9matiques et partager des bonnes pratiques&#x1f680; Un moment de partage pour repartir avec des id\u00e9es, des pistes d\u2019actions et un nouvel \u00e9lan&#x1f91d; Un cadre bienveillant pour d\u00e9couvrir d\u2019autres parcours et s\u2019inspirer de nouvelles approches &#x1f50d; Pourquoi participer ?    B\u00e9n\u00e9ficiez des retours et conseils du groupe pour avancer sur une probl\u00e9matique  Aucune obligation d\u2019amener un sujet : vous pouvez aussi simplement venir pour partager votre exp\u00e9rience et soutenir vos paires  Un format accessible \u00e0 toutes, \u00e0 n\u2019importe quelle \u00e9tape de votre projet  Tous les sujets sont les bienvenus, sauf ceux n\u00e9cessitant une expertise technique sp\u00e9cifique (statut juridique, financement\u2026)  &#x1f31f; Un moment d\u2019entraide et de connexion pour progresser ensemble ! Merci de remplir le questionnaire ci-dessous afin que nous puissions planifier la session au mieux.\u00a0   Questionnaire Codev  Intervenant.e.s : Membre de l\u2019\u00e9quipe Empow\u2019Her  Dur\u00e9e : 2h30  Format: Hybride En ligne\/Sist&#039;Her Paris  Attention !\u00a0 Veuillez vous pr\u00e9senter \u00e0 l\u2019heure pour que l\u2019activit\u00e9 puisse commencer \u00e0 temps. Si vous avez du retard, veuillez pr\u00e9venir l\u2019intervenant.e. Si vous avez plus de 15 min de retard, l&#039;intervenant.e se r\u00e9serve le droit de plus vous accepter pour la session de co-d\u00e9veloppement.  &nbsp;\" \/>\n<meta property=\"og:url\" content=\"https:\/\/empow-her.com\/produit\/co-developpement-16\/\" \/>\n<meta property=\"og:site_name\" content=\"Empow&#039;Her\" \/>\n<meta property=\"article:modified_time\" content=\"2025-03-31T13:18:41+00:00\" \/>\n<meta property=\"og:image\" content=\"https:\/\/empow-her.com\/wp-content\/uploads\/2025\/03\/CODEV-2-1.png\" \/>\n\t<meta property=\"og:image:width\" content=\"1080\" \/>\n\t<meta property=\"og:image:height\" content=\"1080\" \/>\n\t<meta property=\"og:image:type\" content=\"image\/png\" \/>\n<meta name=\"twitter:card\" content=\"summary_large_image\" \/>\n<meta name=\"twitter:label1\" content=\"Tiempo de lectura\" \/>\n\t<meta name=\"twitter:data1\" content=\"2 minutos\" \/>\n<script type=\"application\/ld+json\" class=\"yoast-schema-graph\">{\"@context\":\"https:\/\/schema.org\",\"@graph\":[{\"@type\":\"WebPage\",\"@id\":\"https:\/\/empow-her.com\/produit\/co-developpement-16\/\",\"url\":\"https:\/\/empow-her.com\/produit\/co-developpement-16\/\",\"name\":\"Co-d\u00e9veloppement - Empow&#039;Her\",\"isPartOf\":{\"@id\":\"https:\/\/empow-her.com\/#website\"},\"primaryImageOfPage\":{\"@id\":\"https:\/\/empow-her.com\/produit\/co-developpement-16\/#primaryimage\"},\"image\":{\"@id\":\"https:\/\/empow-her.com\/produit\/co-developpement-16\/#primaryimage\"},\"thumbnailUrl\":\"https:\/\/empow-her.com\/wp-content\/uploads\/2025\/03\/CODEV-2-1.png\",\"datePublished\":\"2025-03-17T11:23:03+00:00\",\"dateModified\":\"2025-03-31T13:18:41+00:00\",\"breadcrumb\":{\"@id\":\"https:\/\/empow-her.com\/produit\/co-developpement-16\/#breadcrumb\"},\"inLanguage\":\"es\",\"potentialAction\":[{\"@type\":\"ReadAction\",\"target\":[\"https:\/\/empow-her.com\/produit\/co-developpement-16\/\"]}]},{\"@type\":\"ImageObject\",\"inLanguage\":\"es\",\"@id\":\"https:\/\/empow-her.com\/produit\/co-developpement-16\/#primaryimage\",\"url\":\"https:\/\/empow-her.com\/wp-content\/uploads\/2025\/03\/CODEV-2-1.png\",\"contentUrl\":\"https:\/\/empow-her.com\/wp-content\/uploads\/2025\/03\/CODEV-2-1.png\",\"width\":1080,\"height\":1080},{\"@type\":\"BreadcrumbList\",\"@id\":\"https:\/\/empow-her.com\/produit\/co-developpement-16\/#breadcrumb\",\"itemListElement\":[{\"@type\":\"ListItem\",\"position\":1,\"name\":\"Accueil\",\"item\":\"https:\/\/empow-her.com\/es\/inicio\/\"},{\"@type\":\"ListItem\",\"position\":2,\"name\":\"LA BOUTIQUE\",\"item\":\"https:\/\/empow-her.com\/boutique\/\"},{\"@type\":\"ListItem\",\"position\":3,\"name\":\"Co-d\u00e9veloppement\"}]},{\"@type\":\"WebSite\",\"@id\":\"https:\/\/empow-her.com\/#website\",\"url\":\"https:\/\/empow-her.com\/\",\"name\":\"Empow&#039;Her\",\"description\":\"Women Development\",\"potentialAction\":[{\"@type\":\"SearchAction\",\"target\":{\"@type\":\"EntryPoint\",\"urlTemplate\":\"https:\/\/empow-her.com\/?s={search_term_string}\"},\"query-input\":{\"@type\":\"PropertyValueSpecification\",\"valueRequired\":true,\"valueName\":\"search_term_string\"}}],\"inLanguage\":\"es\"}]}<\/script>\n<!-- \/ Yoast SEO plugin. -->","yoast_head_json":{"title":"Co-d\u00e9veloppement - Empow&#039;Her","robots":{"index":"index","follow":"follow","max-snippet":"max-snippet:-1","max-image-preview":"max-image-preview:large","max-video-preview":"max-video-preview:-1"},"canonical":"https:\/\/empow-her.com\/produit\/co-developpement-16\/","og_locale":"es_ES","og_type":"article","og_title":"Co-d\u00e9veloppement - Empow&#039;Her","og_description":"&#x1f4e2; Rejoignez une session de co-d\u00e9veloppement avec Women Dare ! Entreprendre, c\u2019est relever des d\u00e9fis au quotidien\u2026 et parfois, on manque de temps ou de recul pour tout r\u00e9soudre seule. Pourquoi ne pas s\u2019appuyer sur l\u2019intelligence collective pour avancer ? &#x2728; Avec Women Dare, participez \u00e0 un espace bienveillant d\u2019\u00e9change et d\u2019entraide o\u00f9 chaque participante apporte son regard et son exp\u00e9rience pour aider \u00e0 d\u00e9bloquer une situation. &#x1f4a1; Le co-d\u00e9veloppement, c\u2019est quoi ?&#x2705; Une m\u00e9thode collaborative pour r\u00e9soudre des probl\u00e9matiques et partager des bonnes pratiques&#x1f680; Un moment de partage pour repartir avec des id\u00e9es, des pistes d\u2019actions et un nouvel \u00e9lan&#x1f91d; Un cadre bienveillant pour d\u00e9couvrir d\u2019autres parcours et s\u2019inspirer de nouvelles approches &#x1f50d; Pourquoi participer ?    B\u00e9n\u00e9ficiez des retours et conseils du groupe pour avancer sur une probl\u00e9matique  Aucune obligation d\u2019amener un sujet : vous pouvez aussi simplement venir pour partager votre exp\u00e9rience et soutenir vos paires  Un format accessible \u00e0 toutes, \u00e0 n\u2019importe quelle \u00e9tape de votre projet  Tous les sujets sont les bienvenus, sauf ceux n\u00e9cessitant une expertise technique sp\u00e9cifique (statut juridique, financement\u2026)  &#x1f31f; Un moment d\u2019entraide et de connexion pour progresser ensemble ! Merci de remplir le questionnaire ci-dessous afin que nous puissions planifier la session au mieux.\u00a0   Questionnaire Codev  Intervenant.e.s : Membre de l\u2019\u00e9quipe Empow\u2019Her  Dur\u00e9e : 2h30  Format: Hybride En ligne\/Sist'Her Paris  Attention !\u00a0 Veuillez vous pr\u00e9senter \u00e0 l\u2019heure pour que l\u2019activit\u00e9 puisse commencer \u00e0 temps. Si vous avez du retard, veuillez pr\u00e9venir l\u2019intervenant.e. Si vous avez plus de 15 min de retard, l'intervenant.e se r\u00e9serve le droit de plus vous accepter pour la session de co-d\u00e9veloppement.  &nbsp;","og_url":"https:\/\/empow-her.com\/produit\/co-developpement-16\/","og_site_name":"Empow&#039;Her","article_modified_time":"2025-03-31T13:18:41+00:00","og_image":[{"width":1080,"height":1080,"url":"https:\/\/empow-her.com\/wp-content\/uploads\/2025\/03\/CODEV-2-1.png","type":"image\/png"}],"twitter_card":"summary_large_image","twitter_misc":{"Tiempo de lectura":"2 minutos"},"schema":{"@context":"https:\/\/schema.org","@graph":[{"@type":"WebPage","@id":"https:\/\/empow-her.com\/produit\/co-developpement-16\/","url":"https:\/\/empow-her.com\/produit\/co-developpement-16\/","name":"Co-d\u00e9veloppement - Empow&#039;Her","isPartOf":{"@id":"https:\/\/empow-her.com\/#website"},"primaryImageOfPage":{"@id":"https:\/\/empow-her.com\/produit\/co-developpement-16\/#primaryimage"},"image":{"@id":"https:\/\/empow-her.com\/produit\/co-developpement-16\/#primaryimage"},"thumbnailUrl":"https:\/\/empow-her.com\/wp-content\/uploads\/2025\/03\/CODEV-2-1.png","datePublished":"2025-03-17T11:23:03+00:00","dateModified":"2025-03-31T13:18:41+00:00","breadcrumb":{"@id":"https:\/\/empow-her.com\/produit\/co-developpement-16\/#breadcrumb"},"inLanguage":"es","potentialAction":[{"@type":"ReadAction","target":["https:\/\/empow-her.com\/produit\/co-developpement-16\/"]}]},{"@type":"ImageObject","inLanguage":"es","@id":"https:\/\/empow-her.com\/produit\/co-developpement-16\/#primaryimage","url":"https:\/\/empow-her.com\/wp-content\/uploads\/2025\/03\/CODEV-2-1.png","contentUrl":"https:\/\/empow-her.com\/wp-content\/uploads\/2025\/03\/CODEV-2-1.png","width":1080,"height":1080},{"@type":"BreadcrumbList","@id":"https:\/\/empow-her.com\/produit\/co-developpement-16\/#breadcrumb","itemListElement":[{"@type":"ListItem","position":1,"name":"Accueil","item":"https:\/\/empow-her.com\/es\/inicio\/"},{"@type":"ListItem","position":2,"name":"LA BOUTIQUE","item":"https:\/\/empow-her.com\/boutique\/"},{"@type":"ListItem","position":3,"name":"Co-d\u00e9veloppement"}]},{"@type":"WebSite","@id":"https:\/\/empow-her.com\/#website","url":"https:\/\/empow-her.com\/","name":"Empow&#039;Her","description":"Women Development","potentialAction":[{"@type":"SearchAction","target":{"@type":"EntryPoint","urlTemplate":"https:\/\/empow-her.com\/?s={search_term_string}"},"query-input":{"@type":"PropertyValueSpecification","valueRequired":true,"valueName":"search_term_string"}}],"inLanguage":"es"}]}},"_links":{"self":[{"href":"https:\/\/empow-her.com\/es\/wp-json\/wp\/v2\/product\/266243","targetHints":{"allow":["GET"]}}],"collection":[{"href":"https:\/\/empow-her.com\/es\/wp-json\/wp\/v2\/product"}],"about":[{"href":"https:\/\/empow-her.com\/es\/wp-json\/wp\/v2\/types\/product"}],"wp:featuredmedia":[{"embeddable":true,"href":"https:\/\/empow-her.com\/es\/wp-json\/wp\/v2\/media\/266280"}],"wp:attachment":[{"href":"https:\/\/empow-her.com\/es\/wp-json\/wp\/v2\/media?parent=266243"}],"wp:term":[{"taxonomy":"product_brand","embeddable":true,"href":"https:\/\/empow-her.com\/es\/wp-json\/wp\/v2\/product_brand?post=266243"},{"taxonomy":"product_cat","embeddable":true,"href":"https:\/\/empow-her.com\/es\/wp-json\/wp\/v2\/product_cat?post=266243"},{"taxonomy":"product_tag","embeddable":true,"href":"https:\/\/empow-her.com\/es\/wp-json\/wp\/v2\/product_tag?post=266243"},{"taxonomy":"lieu","embeddable":true,"href":"https:\/\/empow-her.com\/es\/wp-json\/wp\/v2\/lieu?post=266243"},{"taxonomy":"thematiques","embeddable":true,"href":"https:\/\/empow-her.com\/es\/wp-json\/wp\/v2\/thematiques?post=266243"}],"curies":[{"name":"wp","href":"https:\/\/api.w.org\/{rel}","templated":true}]}}