{"id":266035,"date":"2025-03-07T10:30:18","date_gmt":"2025-03-07T09:30:18","guid":{"rendered":"https:\/\/empow-her.com\/?post_type=product&#038;p=266035"},"modified":"2025-03-07T16:34:37","modified_gmt":"2025-03-07T15:34:37","slug":"coaching-creer-developper-sa-communaute","status":"publish","type":"product","link":"https:\/\/empow-her.com\/es\/produit\/coaching-creer-developper-sa-communaute\/","title":{"rendered":"Coaching &#8211; Cr\u00e9er &#038; d\u00e9velopper sa communaut\u00e9"},"content":{"rendered":"<p><strong>&#x1f4e2; 1h de coaching pour construire et engager ton audience sur les r\u00e9seaux sociaux<\/strong><\/p>\n<p>D\u00e9velopper une pr\u00e9sence efficace en ligne ne se r\u00e9sume pas \u00e0 publier du contenu : il s\u2019agit d\u2019attirer, d\u2019int\u00e9resser et de fid\u00e9liser une audience pour en faire une v\u00e9ritable communaut\u00e9. Cette s\u00e9ance permettra de r\u00e9pondre aux questions cl\u00e9s et d\u2019apporter des solutions concr\u00e8tes pour optimiser ta strat\u00e9gie.<\/p>\n<p><strong>&#x1f4a1; Ce que nous pouvons aborder :<\/strong><\/p>\n<p>&#x2753; R\u00e9pondre aux questions essentielles<br \/>\nComprendre les bases d\u2019une audience solide et les leviers pour capter l\u2019attention sur les r\u00e9seaux sociaux.<\/p>\n<p>&#x1f3af; Identifier le contenu qui fait mouche<br \/>\nD\u00e9terminer les formats et sujets qui r\u00e9sonnent aupr\u00e8s de la cible pour maximiser l\u2019impact des publications.<\/p>\n<p>&#x1f525; Travailler l\u2019engagement<br \/>\nTechniques et bonnes pratiques pour g\u00e9n\u00e9rer des interactions et cr\u00e9er du lien avec son audience.<\/p>\n<p>&#x1f504; Passer d\u2019une audience \u00e0 une communaut\u00e9<br \/>\nComprendre la diff\u00e9rence entre les deux et d\u00e9finir les \u00e9tapes cl\u00e9s pour transformer des abonn\u00e9s en membres engag\u00e9s.<\/p>\n<p><em><strong>Une heure pour clarifier ta strat\u00e9gie, ajuster tes actions et mettre en place des solutions concr\u00e8tes pour b\u00e2tir une pr\u00e9sence forte et dynamique sur les r\u00e9seaux sociaux ! &#x1f680;<\/strong><\/em><\/p>\n<div class=\"p-rich_text_section\"><strong><strong>Intervenant : N<\/strong>o\u00e9mie Kempf : <\/strong>Faustine est la fondatrice et pr\u00e9sidente de NOUR. Cr\u00e9\u00e9 en 2019, cette association oeuvre pour l&#8217;inclusion sociale \u00e0 travers le yoga, en particulier des personnes en situation de vuln\u00e9rabilit\u00e9 (exil\u00e9.es, pr\u00e9caires, femmes victimes de violence, les seniors isol\u00e9s, personnes en situation de handicap, etc.).\u00a0 Elle a \u00e9t\u00e9 incub\u00e9e chez Makesense, Pulse et le R\u00e9seau Entreprendre. Aujourd\u2019hui, Directrice France chez SINGA, Tr\u00e9sori\u00e8re du collectif Work With Refugees et membre du Mouvement Impact France, elle accompagne des entrepreneurs issus de pays fragiles et donne aussi des cours \u00e0 Centrale Supelec, AgroParisTech et ESTIA Angers \/ Tanger.<\/div>\n<div><\/div>\n<div><strong>Son super pouvoir :<\/strong> Exploratrice du marketing de demain<\/div>\n<div>\n<p><strong>Son petit mot :<\/strong> C&#8217;est par nos actions aujourd&#8217;hui que nous \u00e9crivons le monde de demain &#8211; bravo de vous \u00eatre lanc\u00e9e dans cette aventure !<\/p>\n<p><strong>Attention !<\/strong> Veuillez vous pr\u00e9senter \u00e0 l\u2019heure pour que l\u2019activit\u00e9 puisse commencer \u00e0 temps. Si vous avez du retard veuillez pr\u00e9venir l\u2019\u00e9quipe d\u2019Empow\u2019Her : <a href=\"mailto:contact.france@empow-her.com\">contact.france@empow-her.com<\/a>\u00a0. Si vous avez plus de 15 min de retard l\u2019intervenant.e se r\u00e9serve le droit de ne plus vous accepter pour le coaching ou l\u2019atelier.<\/p>\n<\/div>\n","protected":false},"excerpt":{"rendered":"<p><strong>&#x1f4e2; 1h de coaching pour construire et engager ton audience sur les r\u00e9seaux sociaux<\/strong><\/p>\n<p>D\u00e9velopper une pr\u00e9sence efficace en ligne ne se r\u00e9sume pas \u00e0 publier du contenu : il s\u2019agit d\u2019attirer, d\u2019int\u00e9resser et de fid\u00e9liser une audience pour en faire une v\u00e9ritable communaut\u00e9. Cette s\u00e9ance permettra de r\u00e9pondre aux questions cl\u00e9s et d\u2019apporter des solutions concr\u00e8tes pour optimiser ta strat\u00e9gie.<\/p>\n<p><strong>&#x1f4a1; Ce que nous pouvons aborder :<\/strong><\/p>\n<p>&#x2753; R\u00e9pondre aux questions essentielles<br \/>\nComprendre les bases d\u2019une audience solide et les leviers pour capter l\u2019attention sur les r\u00e9seaux sociaux.<\/p>\n<p>&#x1f3af; Identifier le contenu qui fait mouche<br \/>\nD\u00e9terminer les formats et sujets qui r\u00e9sonnent aupr\u00e8s de la cible pour maximiser l\u2019impact des publications.<\/p>\n<p>&#x1f525; Travailler l\u2019engagement<br \/>\nTechniques et bonnes pratiques pour g\u00e9n\u00e9rer des interactions et cr\u00e9er du lien avec son audience.<\/p>\n<p>&#x1f504; Passer d\u2019une audience \u00e0 une communaut\u00e9<br \/>\nComprendre la diff\u00e9rence entre les deux et d\u00e9finir les \u00e9tapes cl\u00e9s pour transformer des abonn\u00e9s en membres engag\u00e9s.<\/p>\n<p><em><strong>Une heure pour clarifier ta strat\u00e9gie, ajuster tes actions et mettre en place des solutions concr\u00e8tes pour b\u00e2tir une pr\u00e9sence forte et dynamique sur les r\u00e9seaux sociaux ! &#x1f680;<\/strong><\/em><\/p>\n<div class=\"p-rich_text_section\"><strong>Intervenant : No\u00e9mie Kempf : <\/strong>Faustine est la fondatrice et pr\u00e9sidente de NOUR. Cr\u00e9\u00e9 en 2019, cette association oeuvre pour l&#8217;inclusion sociale \u00e0 travers le yoga, en particulier des personnes en situation de vuln\u00e9rabilit\u00e9 (exil\u00e9.es, pr\u00e9caires, femmes victimes de violence, les seniors isol\u00e9s, personnes en situation de handicap, etc.).\u00a0 Elle a \u00e9t\u00e9 incub\u00e9e chez Makesense, Pulse et le R\u00e9seau Entreprendre. Aujourd\u2019hui, Directrice France chez SINGA, Tr\u00e9sori\u00e8re du collectif Work With Refugees et membre du Mouvement Impact France, elle accompagne des entrepreneurs issus de pays fragiles et donne aussi des cours \u00e0 Centrale Supelec, AgroParisTech et ESTIA Angers \/ Tanger.<\/div>\n<div><\/div>\n<div><strong>Son super pouvoir :<\/strong> Exploratrice du marketing de demain<\/div>\n<div>\n<p><strong>Son petit mot :<\/strong> C&#8217;est par nos actions aujourd&#8217;hui que nous \u00e9crivons le monde de demain &#8211; bravo de vous \u00eatre lanc\u00e9e dans cette aventure !<\/p>\n<p><strong>Attention !<\/strong> Veuillez vous pr\u00e9senter \u00e0 l\u2019heure pour que l\u2019activit\u00e9 puisse commencer \u00e0 temps. Si vous avez du retard veuillez pr\u00e9venir l\u2019\u00e9quipe d\u2019Empow\u2019Her : <a href=\"mailto:contact.france@empow-her.com\">contact.france@empow-her.com<\/a>\u00a0. Si vous avez plus de 15 min de retard l\u2019intervenant.e se r\u00e9serve le droit de ne plus vous accepter pour le coaching ou l\u2019atelier.<\/p>\n<\/div>\n","protected":false},"featured_media":266041,"template":"","format":"standard","meta":{"_acf_changed":false,"om_disable_all_campaigns":false,"_uf_show_specific_survey":0,"_uf_disable_surveys":false},"product_brand":[],"product_cat":[121],"product_tag":[143],"lieu":[],"thematiques":[],"class_list":{"0":"post-266035","1":"product","2":"type-product","3":"status-publish","4":"format-standard","5":"has-post-thumbnail","7":"product_cat-coaching","8":"product_tag-en-ligne","10":"first","11":"instock","12":"virtual","13":"purchasable","14":"product-type-appointment"},"exclude_global_add_ons":[],"addons":[],"acf":[],"yoast_head":"<!-- This site is optimized with the Yoast SEO plugin v24.8 - https:\/\/yoast.com\/wordpress\/plugins\/seo\/ -->\n<title>Coaching - Cr\u00e9er &amp; d\u00e9velopper sa communaut\u00e9 - Empow&#039;Her<\/title>\n<meta name=\"robots\" content=\"index, follow, max-snippet:-1, max-image-preview:large, max-video-preview:-1\" \/>\n<link rel=\"canonical\" href=\"https:\/\/empow-her.com\/produit\/coaching-creer-developper-sa-communaute\/\" \/>\n<meta property=\"og:locale\" content=\"es_ES\" \/>\n<meta property=\"og:type\" content=\"article\" \/>\n<meta property=\"og:title\" content=\"Coaching - Cr\u00e9er &amp; d\u00e9velopper sa communaut\u00e9 - Empow&#039;Her\" \/>\n<meta property=\"og:description\" content=\"&#x1f4e2; 1h de coaching pour construire et engager ton audience sur les r\u00e9seaux sociaux  D\u00e9velopper une pr\u00e9sence efficace en ligne ne se r\u00e9sume pas \u00e0 publier du contenu : il s\u2019agit d\u2019attirer, d\u2019int\u00e9resser et de fid\u00e9liser une audience pour en faire une v\u00e9ritable communaut\u00e9. Cette s\u00e9ance permettra de r\u00e9pondre aux questions cl\u00e9s et d\u2019apporter des solutions concr\u00e8tes pour optimiser ta strat\u00e9gie.  &#x1f4a1; Ce que nous pouvons aborder :  &#x2753; R\u00e9pondre aux questions essentielles Comprendre les bases d\u2019une audience solide et les leviers pour capter l\u2019attention sur les r\u00e9seaux sociaux.  &#x1f3af; Identifier le contenu qui fait mouche D\u00e9terminer les formats et sujets qui r\u00e9sonnent aupr\u00e8s de la cible pour maximiser l\u2019impact des publications.  &#x1f525; Travailler l\u2019engagement Techniques et bonnes pratiques pour g\u00e9n\u00e9rer des interactions et cr\u00e9er du lien avec son audience.  &#x1f504; Passer d\u2019une audience \u00e0 une communaut\u00e9 Comprendre la diff\u00e9rence entre les deux et d\u00e9finir les \u00e9tapes cl\u00e9s pour transformer des abonn\u00e9s en membres engag\u00e9s.  Une heure pour clarifier ta strat\u00e9gie, ajuster tes actions et mettre en place des solutions concr\u00e8tes pour b\u00e2tir une pr\u00e9sence forte et dynamique sur les r\u00e9seaux sociaux ! &#x1f680; Intervenant : No\u00e9mie Kempf : Faustine est la fondatrice et pr\u00e9sidente de NOUR. Cr\u00e9\u00e9 en 2019, cette association oeuvre pour l&#039;inclusion sociale \u00e0 travers le yoga, en particulier des personnes en situation de vuln\u00e9rabilit\u00e9 (exil\u00e9.es, pr\u00e9caires, femmes victimes de violence, les seniors isol\u00e9s, personnes en situation de handicap, etc.).\u00a0 Elle a \u00e9t\u00e9 incub\u00e9e chez Makesense, Pulse et le R\u00e9seau Entreprendre. Aujourd\u2019hui, Directrice France chez SINGA, Tr\u00e9sori\u00e8re du collectif Work With Refugees et membre du Mouvement Impact France, elle accompagne des entrepreneurs issus de pays fragiles et donne aussi des cours \u00e0 Centrale Supelec, AgroParisTech et ESTIA Angers \/ Tanger.  Son super pouvoir : Exploratrice du marketing de demain   Son petit mot : C&#039;est par nos actions aujourd&#039;hui que nous \u00e9crivons le monde de demain - bravo de vous \u00eatre lanc\u00e9e dans cette aventure !  Attention ! Veuillez vous pr\u00e9senter \u00e0 l\u2019heure pour que l\u2019activit\u00e9 puisse commencer \u00e0 temps. Si vous avez du retard veuillez pr\u00e9venir l\u2019\u00e9quipe d\u2019Empow\u2019Her : contact.france@empow-her.com\u00a0. Si vous avez plus de 15 min de retard l\u2019intervenant.e se r\u00e9serve le droit de ne plus vous accepter pour le coaching ou l\u2019atelier.\" \/>\n<meta property=\"og:url\" content=\"https:\/\/empow-her.com\/produit\/coaching-creer-developper-sa-communaute\/\" \/>\n<meta property=\"og:site_name\" content=\"Empow&#039;Her\" \/>\n<meta property=\"article:modified_time\" content=\"2025-03-07T15:34:37+00:00\" \/>\n<meta property=\"og:image\" content=\"https:\/\/empow-her.com\/wp-content\/uploads\/2025\/03\/Women-Dare-templates-events-67.png\" \/>\n\t<meta property=\"og:image:width\" content=\"1080\" \/>\n\t<meta property=\"og:image:height\" content=\"1080\" \/>\n\t<meta property=\"og:image:type\" content=\"image\/png\" \/>\n<meta name=\"twitter:card\" content=\"summary_large_image\" \/>\n<meta name=\"twitter:label1\" content=\"Tiempo de lectura\" \/>\n\t<meta name=\"twitter:data1\" content=\"3 minutos\" \/>\n<script type=\"application\/ld+json\" class=\"yoast-schema-graph\">{\"@context\":\"https:\/\/schema.org\",\"@graph\":[{\"@type\":\"WebPage\",\"@id\":\"https:\/\/empow-her.com\/produit\/coaching-creer-developper-sa-communaute\/\",\"url\":\"https:\/\/empow-her.com\/produit\/coaching-creer-developper-sa-communaute\/\",\"name\":\"Coaching - Cr\u00e9er & d\u00e9velopper sa communaut\u00e9 - Empow&#039;Her\",\"isPartOf\":{\"@id\":\"https:\/\/empow-her.com\/#website\"},\"primaryImageOfPage\":{\"@id\":\"https:\/\/empow-her.com\/produit\/coaching-creer-developper-sa-communaute\/#primaryimage\"},\"image\":{\"@id\":\"https:\/\/empow-her.com\/produit\/coaching-creer-developper-sa-communaute\/#primaryimage\"},\"thumbnailUrl\":\"https:\/\/empow-her.com\/wp-content\/uploads\/2025\/03\/Women-Dare-templates-events-67.png\",\"datePublished\":\"2025-03-07T09:30:18+00:00\",\"dateModified\":\"2025-03-07T15:34:37+00:00\",\"breadcrumb\":{\"@id\":\"https:\/\/empow-her.com\/produit\/coaching-creer-developper-sa-communaute\/#breadcrumb\"},\"inLanguage\":\"es\",\"potentialAction\":[{\"@type\":\"ReadAction\",\"target\":[\"https:\/\/empow-her.com\/produit\/coaching-creer-developper-sa-communaute\/\"]}]},{\"@type\":\"ImageObject\",\"inLanguage\":\"es\",\"@id\":\"https:\/\/empow-her.com\/produit\/coaching-creer-developper-sa-communaute\/#primaryimage\",\"url\":\"https:\/\/empow-her.com\/wp-content\/uploads\/2025\/03\/Women-Dare-templates-events-67.png\",\"contentUrl\":\"https:\/\/empow-her.com\/wp-content\/uploads\/2025\/03\/Women-Dare-templates-events-67.png\",\"width\":1080,\"height\":1080},{\"@type\":\"BreadcrumbList\",\"@id\":\"https:\/\/empow-her.com\/produit\/coaching-creer-developper-sa-communaute\/#breadcrumb\",\"itemListElement\":[{\"@type\":\"ListItem\",\"position\":1,\"name\":\"Accueil\",\"item\":\"https:\/\/empow-her.com\/es\/inicio\/\"},{\"@type\":\"ListItem\",\"position\":2,\"name\":\"LA BOUTIQUE\",\"item\":\"https:\/\/empow-her.com\/boutique\/\"},{\"@type\":\"ListItem\",\"position\":3,\"name\":\"Coaching &#8211; Cr\u00e9er &#038; d\u00e9velopper sa communaut\u00e9\"}]},{\"@type\":\"WebSite\",\"@id\":\"https:\/\/empow-her.com\/#website\",\"url\":\"https:\/\/empow-her.com\/\",\"name\":\"Empow&#039;Her\",\"description\":\"Women Development\",\"potentialAction\":[{\"@type\":\"SearchAction\",\"target\":{\"@type\":\"EntryPoint\",\"urlTemplate\":\"https:\/\/empow-her.com\/?s={search_term_string}\"},\"query-input\":{\"@type\":\"PropertyValueSpecification\",\"valueRequired\":true,\"valueName\":\"search_term_string\"}}],\"inLanguage\":\"es\"}]}<\/script>\n<!-- \/ Yoast SEO plugin. -->","yoast_head_json":{"title":"Coaching - Cr\u00e9er & d\u00e9velopper sa communaut\u00e9 - Empow&#039;Her","robots":{"index":"index","follow":"follow","max-snippet":"max-snippet:-1","max-image-preview":"max-image-preview:large","max-video-preview":"max-video-preview:-1"},"canonical":"https:\/\/empow-her.com\/produit\/coaching-creer-developper-sa-communaute\/","og_locale":"es_ES","og_type":"article","og_title":"Coaching - Cr\u00e9er & d\u00e9velopper sa communaut\u00e9 - Empow&#039;Her","og_description":"&#x1f4e2; 1h de coaching pour construire et engager ton audience sur les r\u00e9seaux sociaux  D\u00e9velopper une pr\u00e9sence efficace en ligne ne se r\u00e9sume pas \u00e0 publier du contenu : il s\u2019agit d\u2019attirer, d\u2019int\u00e9resser et de fid\u00e9liser une audience pour en faire une v\u00e9ritable communaut\u00e9. Cette s\u00e9ance permettra de r\u00e9pondre aux questions cl\u00e9s et d\u2019apporter des solutions concr\u00e8tes pour optimiser ta strat\u00e9gie.  &#x1f4a1; Ce que nous pouvons aborder :  &#x2753; R\u00e9pondre aux questions essentielles Comprendre les bases d\u2019une audience solide et les leviers pour capter l\u2019attention sur les r\u00e9seaux sociaux.  &#x1f3af; Identifier le contenu qui fait mouche D\u00e9terminer les formats et sujets qui r\u00e9sonnent aupr\u00e8s de la cible pour maximiser l\u2019impact des publications.  &#x1f525; Travailler l\u2019engagement Techniques et bonnes pratiques pour g\u00e9n\u00e9rer des interactions et cr\u00e9er du lien avec son audience.  &#x1f504; Passer d\u2019une audience \u00e0 une communaut\u00e9 Comprendre la diff\u00e9rence entre les deux et d\u00e9finir les \u00e9tapes cl\u00e9s pour transformer des abonn\u00e9s en membres engag\u00e9s.  Une heure pour clarifier ta strat\u00e9gie, ajuster tes actions et mettre en place des solutions concr\u00e8tes pour b\u00e2tir une pr\u00e9sence forte et dynamique sur les r\u00e9seaux sociaux ! &#x1f680; Intervenant : No\u00e9mie Kempf : Faustine est la fondatrice et pr\u00e9sidente de NOUR. Cr\u00e9\u00e9 en 2019, cette association oeuvre pour l'inclusion sociale \u00e0 travers le yoga, en particulier des personnes en situation de vuln\u00e9rabilit\u00e9 (exil\u00e9.es, pr\u00e9caires, femmes victimes de violence, les seniors isol\u00e9s, personnes en situation de handicap, etc.).\u00a0 Elle a \u00e9t\u00e9 incub\u00e9e chez Makesense, Pulse et le R\u00e9seau Entreprendre. Aujourd\u2019hui, Directrice France chez SINGA, Tr\u00e9sori\u00e8re du collectif Work With Refugees et membre du Mouvement Impact France, elle accompagne des entrepreneurs issus de pays fragiles et donne aussi des cours \u00e0 Centrale Supelec, AgroParisTech et ESTIA Angers \/ Tanger.  Son super pouvoir : Exploratrice du marketing de demain   Son petit mot : C'est par nos actions aujourd'hui que nous \u00e9crivons le monde de demain - bravo de vous \u00eatre lanc\u00e9e dans cette aventure !  Attention ! Veuillez vous pr\u00e9senter \u00e0 l\u2019heure pour que l\u2019activit\u00e9 puisse commencer \u00e0 temps. Si vous avez du retard veuillez pr\u00e9venir l\u2019\u00e9quipe d\u2019Empow\u2019Her : contact.france@empow-her.com\u00a0. Si vous avez plus de 15 min de retard l\u2019intervenant.e se r\u00e9serve le droit de ne plus vous accepter pour le coaching ou l\u2019atelier.","og_url":"https:\/\/empow-her.com\/produit\/coaching-creer-developper-sa-communaute\/","og_site_name":"Empow&#039;Her","article_modified_time":"2025-03-07T15:34:37+00:00","og_image":[{"width":1080,"height":1080,"url":"https:\/\/empow-her.com\/wp-content\/uploads\/2025\/03\/Women-Dare-templates-events-67.png","type":"image\/png"}],"twitter_card":"summary_large_image","twitter_misc":{"Tiempo de lectura":"3 minutos"},"schema":{"@context":"https:\/\/schema.org","@graph":[{"@type":"WebPage","@id":"https:\/\/empow-her.com\/produit\/coaching-creer-developper-sa-communaute\/","url":"https:\/\/empow-her.com\/produit\/coaching-creer-developper-sa-communaute\/","name":"Coaching - Cr\u00e9er & d\u00e9velopper sa communaut\u00e9 - Empow&#039;Her","isPartOf":{"@id":"https:\/\/empow-her.com\/#website"},"primaryImageOfPage":{"@id":"https:\/\/empow-her.com\/produit\/coaching-creer-developper-sa-communaute\/#primaryimage"},"image":{"@id":"https:\/\/empow-her.com\/produit\/coaching-creer-developper-sa-communaute\/#primaryimage"},"thumbnailUrl":"https:\/\/empow-her.com\/wp-content\/uploads\/2025\/03\/Women-Dare-templates-events-67.png","datePublished":"2025-03-07T09:30:18+00:00","dateModified":"2025-03-07T15:34:37+00:00","breadcrumb":{"@id":"https:\/\/empow-her.com\/produit\/coaching-creer-developper-sa-communaute\/#breadcrumb"},"inLanguage":"es","potentialAction":[{"@type":"ReadAction","target":["https:\/\/empow-her.com\/produit\/coaching-creer-developper-sa-communaute\/"]}]},{"@type":"ImageObject","inLanguage":"es","@id":"https:\/\/empow-her.com\/produit\/coaching-creer-developper-sa-communaute\/#primaryimage","url":"https:\/\/empow-her.com\/wp-content\/uploads\/2025\/03\/Women-Dare-templates-events-67.png","contentUrl":"https:\/\/empow-her.com\/wp-content\/uploads\/2025\/03\/Women-Dare-templates-events-67.png","width":1080,"height":1080},{"@type":"BreadcrumbList","@id":"https:\/\/empow-her.com\/produit\/coaching-creer-developper-sa-communaute\/#breadcrumb","itemListElement":[{"@type":"ListItem","position":1,"name":"Accueil","item":"https:\/\/empow-her.com\/es\/inicio\/"},{"@type":"ListItem","position":2,"name":"LA BOUTIQUE","item":"https:\/\/empow-her.com\/boutique\/"},{"@type":"ListItem","position":3,"name":"Coaching &#8211; Cr\u00e9er &#038; d\u00e9velopper sa communaut\u00e9"}]},{"@type":"WebSite","@id":"https:\/\/empow-her.com\/#website","url":"https:\/\/empow-her.com\/","name":"Empow&#039;Her","description":"Women Development","potentialAction":[{"@type":"SearchAction","target":{"@type":"EntryPoint","urlTemplate":"https:\/\/empow-her.com\/?s={search_term_string}"},"query-input":{"@type":"PropertyValueSpecification","valueRequired":true,"valueName":"search_term_string"}}],"inLanguage":"es"}]}},"_links":{"self":[{"href":"https:\/\/empow-her.com\/es\/wp-json\/wp\/v2\/product\/266035","targetHints":{"allow":["GET"]}}],"collection":[{"href":"https:\/\/empow-her.com\/es\/wp-json\/wp\/v2\/product"}],"about":[{"href":"https:\/\/empow-her.com\/es\/wp-json\/wp\/v2\/types\/product"}],"wp:featuredmedia":[{"embeddable":true,"href":"https:\/\/empow-her.com\/es\/wp-json\/wp\/v2\/media\/266041"}],"wp:attachment":[{"href":"https:\/\/empow-her.com\/es\/wp-json\/wp\/v2\/media?parent=266035"}],"wp:term":[{"taxonomy":"product_brand","embeddable":true,"href":"https:\/\/empow-her.com\/es\/wp-json\/wp\/v2\/product_brand?post=266035"},{"taxonomy":"product_cat","embeddable":true,"href":"https:\/\/empow-her.com\/es\/wp-json\/wp\/v2\/product_cat?post=266035"},{"taxonomy":"product_tag","embeddable":true,"href":"https:\/\/empow-her.com\/es\/wp-json\/wp\/v2\/product_tag?post=266035"},{"taxonomy":"lieu","embeddable":true,"href":"https:\/\/empow-her.com\/es\/wp-json\/wp\/v2\/lieu?post=266035"},{"taxonomy":"thematiques","embeddable":true,"href":"https:\/\/empow-her.com\/es\/wp-json\/wp\/v2\/thematiques?post=266035"}],"curies":[{"name":"wp","href":"https:\/\/api.w.org\/{rel}","templated":true}]}}