{"id":266012,"date":"2025-03-06T17:04:33","date_gmt":"2025-03-06T16:04:33","guid":{"rendered":"https:\/\/empow-her.com\/?post_type=product&#038;p=266012"},"modified":"2025-03-07T16:26:18","modified_gmt":"2025-03-07T15:26:18","slug":"coaching-personae-parcours-utilisatrice","status":"publish","type":"product","link":"https:\/\/empow-her.com\/es\/produit\/coaching-personae-parcours-utilisatrice\/","title":{"rendered":"Coaching &#8211; Personae &#038; parcours utilisatrice"},"content":{"rendered":"<p><strong>&#x1f4e2; Coaching &#8211; Travailler au cas par cas sur votre cible et votre parcours utilisatrice<\/strong><\/p>\n<p>Ce coaching individuel est con\u00e7u pour approfondir et personnaliser le travail effectu\u00e9 lors de l&#8217;atelier collectif sur votre cible et votre parcours utilisateur. Nous prendrons le temps de revenir sur les \u00e9l\u00e9ments sp\u00e9cifiques \u00e0 votre projet, en abordant votre cible de mani\u00e8re d\u00e9taill\u00e9e et en optimisant le parcours utilisateur. Que vous ayez particip\u00e9 \u00e0 l\u2019atelier collectif ou non, ce coaching est l\u2019occasion de recevoir un regard expert sur votre approche et des conseils adapt\u00e9s pour mieux structurer vos efforts.<\/p>\n<p><strong>&#x1f4a1; Ce que nous pourrons explorer :<\/strong><\/p>\n<p>Affiner votre ciblage : Nous d\u00e9terminerons ensemble les caract\u00e9ristiques cl\u00e9s de votre client\u00e8le cible, en allant plus loin que les hypoth\u00e8ses g\u00e9n\u00e9rales pour mieux comprendre leurs besoins et attentes sp\u00e9cifiques.<\/p>\n<p>Optimiser le parcours utilisateur : Nous retravaillerons le parcours de votre utilisateur de mani\u00e8re pratique, afin qu\u2019il soit fluide, coh\u00e9rent et engageant \u00e0 chaque \u00e9tape, de la d\u00e9couverte \u00e0 l\u2019adoption de votre produit ou service.<\/p>\n<p>Adapter votre strat\u00e9gie : Sur la base de nos \u00e9changes, vous repartirez avec des recommandations concr\u00e8tes pour ajuster votre strat\u00e9gie et maximiser l&#8217;impact de votre offre aupr\u00e8s de votre public cible.<\/p>\n<p>&#x1f4cc; Pr\u00e9-requis<\/p>\n<p>&#x1f4a1; Avoir une id\u00e9e de projet ou avoir d\u00e9j\u00e0 particip\u00e9 \u00e0 l&#8217;atelier collectif &#8220;Explorer son march\u00e9 et affiner son offre&#8221; pour un travail personnalis\u00e9.<\/p>\n<div class=\"p-rich_text_section\"><strong>Intervenant : <\/strong><strong>Faustine <\/strong><strong>Caron : <\/strong>Faustine est la fondatrice et pr\u00e9sidente de NOUR. Cr\u00e9\u00e9 en 2019, cette association oeuvre pour l&#8217;inclusion sociale \u00e0 travers le yoga, en particulier des personnes en situation de vuln\u00e9rabilit\u00e9 (exil\u00e9.es, pr\u00e9caires, femmes victimes de violence, les seniors isol\u00e9s, personnes en situation de handicap, etc.).\u00a0 Elle a \u00e9t\u00e9 incub\u00e9e chez Makesense, Pulse et le R\u00e9seau Entreprendre. Aujourd\u2019hui, Directrice France chez SINGA, Tr\u00e9sori\u00e8re du collectif Work With Refugees et membre du Mouvement Impact France, elle accompagne des entrepreneurs issus de pays fragiles et donne aussi des cours \u00e0 Centrale Supelec, AgroParisTech et ESTIA Angers \/ Tanger.<\/div>\n<div><\/div>\n<div><strong>Son super pouvoir :<\/strong> Reine de l&#8217;orga pour des entreprises efficientes &#x1f525;<\/div>\n<div>\n<p><strong>Son petit mot :<\/strong> Le meilleur conseil qu&#8217;on m&#8217;ait donn\u00e9 dans l&#8217;entreprenariat c&#8217;est &#8220;\u00e9choue vite&#8221;, au sens, &#8220;d\u00e9veloppe vite, teste vite, crash vite&#8221; pour apprendre le plus t\u00f4t possible de tes erreurs et donner toutes les chances \u00e0 ta boite de r\u00e9ussir !<\/p>\n<p><strong>Attention !<\/strong> Veuillez vous pr\u00e9senter \u00e0 l\u2019heure pour que l\u2019activit\u00e9 puisse commencer \u00e0 temps. Si vous avez du retard veuillez pr\u00e9venir l\u2019\u00e9quipe d\u2019Empow\u2019Her : <a href=\"mailto:contact.france@empow-her.com\">contact.france@empow-her.com<\/a>\u00a0. Si vous avez plus de 15 min de retard l\u2019intervenant.e se r\u00e9serve le droit de ne plus vous accepter pour le coaching ou l\u2019atelier.<\/p>\n<\/div>\n","protected":false},"excerpt":{"rendered":"<p><strong>&#x1f4e2; Coaching &#8211; Travailler au cas par cas sur votre cible et votre parcours utilisatrice<\/strong><\/p>\n<p>Ce coaching individuel est con\u00e7u pour approfondir et personnaliser le travail effectu\u00e9 lors de l&#8217;atelier collectif sur votre cible et votre parcours utilisateur. Nous prendrons le temps de revenir sur les \u00e9l\u00e9ments sp\u00e9cifiques \u00e0 votre projet, en abordant votre cible de mani\u00e8re d\u00e9taill\u00e9e et en optimisant le parcours utilisateur. Que vous ayez particip\u00e9 \u00e0 l\u2019atelier collectif ou non, ce coaching est l\u2019occasion de recevoir un regard expert sur votre approche et des conseils adapt\u00e9s pour mieux structurer vos efforts.<\/p>\n<p><strong>&#x1f4a1; Ce que nous pourrons explorer :<\/strong><\/p>\n<p>Affiner votre ciblage : Nous d\u00e9terminerons ensemble les caract\u00e9ristiques cl\u00e9s de votre client\u00e8le cible, en allant plus loin que les hypoth\u00e8ses g\u00e9n\u00e9rales pour mieux comprendre leurs besoins et attentes sp\u00e9cifiques.<\/p>\n<p>Optimiser le parcours utilisateur : Nous retravaillerons le parcours de votre utilisateur de mani\u00e8re pratique, afin qu\u2019il soit fluide, coh\u00e9rent et engageant \u00e0 chaque \u00e9tape, de la d\u00e9couverte \u00e0 l\u2019adoption de votre produit ou service.<\/p>\n<p>Adapter votre strat\u00e9gie : Sur la base de nos \u00e9changes, vous repartirez avec des recommandations concr\u00e8tes pour ajuster votre strat\u00e9gie et maximiser l&#8217;impact de votre offre aupr\u00e8s de votre public cible.<\/p>\n<p>&#x1f4cc; Pr\u00e9-requis<\/p>\n<p>&#x1f4a1; Avoir une id\u00e9e de projet ou avoir d\u00e9j\u00e0 particip\u00e9 \u00e0 l&#8217;atelier collectif &#8220;Explorer son march\u00e9 et affiner son offre&#8221; pour un travail personnalis\u00e9.<\/p>\n<div class=\"p-rich_text_section\"><strong>Intervenant : <\/strong><strong>Faustine <\/strong><strong>Caron : <\/strong>Faustine est la fondatrice et pr\u00e9sidente de NOUR. Cr\u00e9\u00e9 en 2019, cette association oeuvre pour l&#8217;inclusion sociale \u00e0 travers le yoga, en particulier des personnes en situation de vuln\u00e9rabilit\u00e9 (exil\u00e9.es, pr\u00e9caires, femmes victimes de violence, les seniors isol\u00e9s, personnes en situation de handicap, etc.).\u00a0 Elle a \u00e9t\u00e9 incub\u00e9e chez Makesense, Pulse et le R\u00e9seau Entreprendre. Aujourd\u2019hui, Directrice France chez SINGA, Tr\u00e9sori\u00e8re du collectif Work With Refugees et membre du Mouvement Impact France, elle accompagne des entrepreneurs issus de pays fragiles et donne aussi des cours \u00e0 Centrale Supelec, AgroParisTech et ESTIA Angers \/ Tanger.<\/div>\n<div><\/div>\n<div><strong>Son super pouvoir :<\/strong> Reine de l&#8217;orga pour des entreprises efficientes &#x1f525;<\/div>\n<div>\n<p><strong>Son petit mot :<\/strong> Le meilleur conseil qu&#8217;on m&#8217;ait donn\u00e9 dans l&#8217;entreprenariat c&#8217;est &#8220;\u00e9choue vite&#8221;, au sens, &#8220;d\u00e9veloppe vite, teste vite, crash vite&#8221; pour apprendre le plus t\u00f4t possible de tes erreurs et donner toutes les chances \u00e0 ta boite de r\u00e9ussir !<\/p>\n<p><strong>Attention !<\/strong> Veuillez vous pr\u00e9senter \u00e0 l\u2019heure pour que l\u2019activit\u00e9 puisse commencer \u00e0 temps. Si vous avez du retard veuillez pr\u00e9venir l\u2019\u00e9quipe d\u2019Empow\u2019Her : <a href=\"mailto:contact.france@empow-her.com\">contact.france@empow-her.com<\/a>\u00a0. Si vous avez plus de 15 min de retard l\u2019intervenant.e se r\u00e9serve le droit de ne plus vous accepter pour le coaching ou l\u2019atelier.<\/p>\n<\/div>\n","protected":false},"featured_media":266013,"template":"","format":"standard","meta":{"_acf_changed":false,"om_disable_all_campaigns":false,"_uf_show_specific_survey":0,"_uf_disable_surveys":false},"product_brand":[],"product_cat":[121],"product_tag":[],"lieu":[125],"thematiques":[],"class_list":{"0":"post-266012","1":"product","2":"type-product","3":"status-publish","4":"format-standard","5":"has-post-thumbnail","7":"product_cat-coaching","8":"lieu-en-ligne","10":"first","11":"instock","12":"virtual","13":"purchasable","14":"product-type-appointment"},"exclude_global_add_ons":[],"addons":[],"acf":[],"yoast_head":"<!-- This site is optimized with the Yoast SEO plugin v24.8 - https:\/\/yoast.com\/wordpress\/plugins\/seo\/ -->\n<title>Coaching - Personae &amp; parcours utilisatrice - Empow&#039;Her<\/title>\n<meta name=\"robots\" content=\"index, follow, max-snippet:-1, max-image-preview:large, max-video-preview:-1\" \/>\n<link rel=\"canonical\" href=\"https:\/\/empow-her.com\/produit\/coaching-personae-parcours-utilisatrice\/\" \/>\n<meta property=\"og:locale\" content=\"es_ES\" \/>\n<meta property=\"og:type\" content=\"article\" \/>\n<meta property=\"og:title\" content=\"Coaching - Personae &amp; parcours utilisatrice - Empow&#039;Her\" \/>\n<meta property=\"og:description\" content=\"&#x1f4e2; Coaching - Travailler au cas par cas sur votre cible et votre parcours utilisatrice  Ce coaching individuel est con\u00e7u pour approfondir et personnaliser le travail effectu\u00e9 lors de l&#039;atelier collectif sur votre cible et votre parcours utilisateur. Nous prendrons le temps de revenir sur les \u00e9l\u00e9ments sp\u00e9cifiques \u00e0 votre projet, en abordant votre cible de mani\u00e8re d\u00e9taill\u00e9e et en optimisant le parcours utilisateur. Que vous ayez particip\u00e9 \u00e0 l\u2019atelier collectif ou non, ce coaching est l\u2019occasion de recevoir un regard expert sur votre approche et des conseils adapt\u00e9s pour mieux structurer vos efforts.  &#x1f4a1; Ce que nous pourrons explorer :  Affiner votre ciblage : Nous d\u00e9terminerons ensemble les caract\u00e9ristiques cl\u00e9s de votre client\u00e8le cible, en allant plus loin que les hypoth\u00e8ses g\u00e9n\u00e9rales pour mieux comprendre leurs besoins et attentes sp\u00e9cifiques.  Optimiser le parcours utilisateur : Nous retravaillerons le parcours de votre utilisateur de mani\u00e8re pratique, afin qu\u2019il soit fluide, coh\u00e9rent et engageant \u00e0 chaque \u00e9tape, de la d\u00e9couverte \u00e0 l\u2019adoption de votre produit ou service.  Adapter votre strat\u00e9gie : Sur la base de nos \u00e9changes, vous repartirez avec des recommandations concr\u00e8tes pour ajuster votre strat\u00e9gie et maximiser l&#039;impact de votre offre aupr\u00e8s de votre public cible.  &#x1f4cc; Pr\u00e9-requis  &#x1f4a1; Avoir une id\u00e9e de projet ou avoir d\u00e9j\u00e0 particip\u00e9 \u00e0 l&#039;atelier collectif &quot;Explorer son march\u00e9 et affiner son offre&quot; pour un travail personnalis\u00e9. Intervenant : Faustine Caron : Faustine est la fondatrice et pr\u00e9sidente de NOUR. Cr\u00e9\u00e9 en 2019, cette association oeuvre pour l&#039;inclusion sociale \u00e0 travers le yoga, en particulier des personnes en situation de vuln\u00e9rabilit\u00e9 (exil\u00e9.es, pr\u00e9caires, femmes victimes de violence, les seniors isol\u00e9s, personnes en situation de handicap, etc.).\u00a0 Elle a \u00e9t\u00e9 incub\u00e9e chez Makesense, Pulse et le R\u00e9seau Entreprendre. Aujourd\u2019hui, Directrice France chez SINGA, Tr\u00e9sori\u00e8re du collectif Work With Refugees et membre du Mouvement Impact France, elle accompagne des entrepreneurs issus de pays fragiles et donne aussi des cours \u00e0 Centrale Supelec, AgroParisTech et ESTIA Angers \/ Tanger.  Son super pouvoir : Reine de l&#039;orga pour des entreprises efficientes &#x1f525;   Son petit mot : Le meilleur conseil qu&#039;on m&#039;ait donn\u00e9 dans l&#039;entreprenariat c&#039;est &quot;\u00e9choue vite&quot;, au sens, &quot;d\u00e9veloppe vite, teste vite, crash vite&quot; pour apprendre le plus t\u00f4t possible de tes erreurs et donner toutes les chances \u00e0 ta boite de r\u00e9ussir !  Attention ! Veuillez vous pr\u00e9senter \u00e0 l\u2019heure pour que l\u2019activit\u00e9 puisse commencer \u00e0 temps. Si vous avez du retard veuillez pr\u00e9venir l\u2019\u00e9quipe d\u2019Empow\u2019Her : contact.france@empow-her.com\u00a0. Si vous avez plus de 15 min de retard l\u2019intervenant.e se r\u00e9serve le droit de ne plus vous accepter pour le coaching ou l\u2019atelier.\" \/>\n<meta property=\"og:url\" content=\"https:\/\/empow-her.com\/produit\/coaching-personae-parcours-utilisatrice\/\" \/>\n<meta property=\"og:site_name\" content=\"Empow&#039;Her\" \/>\n<meta property=\"article:modified_time\" content=\"2025-03-07T15:26:18+00:00\" \/>\n<meta property=\"og:image\" content=\"https:\/\/empow-her.com\/wp-content\/uploads\/2025\/03\/Women-Dare-templates-events-63.png\" \/>\n\t<meta property=\"og:image:width\" content=\"1080\" \/>\n\t<meta property=\"og:image:height\" content=\"1080\" \/>\n\t<meta property=\"og:image:type\" content=\"image\/png\" \/>\n<meta name=\"twitter:card\" content=\"summary_large_image\" \/>\n<meta name=\"twitter:label1\" content=\"Tiempo de lectura\" \/>\n\t<meta name=\"twitter:data1\" content=\"3 minutos\" \/>\n<script type=\"application\/ld+json\" class=\"yoast-schema-graph\">{\"@context\":\"https:\/\/schema.org\",\"@graph\":[{\"@type\":\"WebPage\",\"@id\":\"https:\/\/empow-her.com\/produit\/coaching-personae-parcours-utilisatrice\/\",\"url\":\"https:\/\/empow-her.com\/produit\/coaching-personae-parcours-utilisatrice\/\",\"name\":\"Coaching - Personae & parcours utilisatrice - Empow&#039;Her\",\"isPartOf\":{\"@id\":\"https:\/\/empow-her.com\/#website\"},\"primaryImageOfPage\":{\"@id\":\"https:\/\/empow-her.com\/produit\/coaching-personae-parcours-utilisatrice\/#primaryimage\"},\"image\":{\"@id\":\"https:\/\/empow-her.com\/produit\/coaching-personae-parcours-utilisatrice\/#primaryimage\"},\"thumbnailUrl\":\"https:\/\/empow-her.com\/wp-content\/uploads\/2025\/03\/Women-Dare-templates-events-63.png\",\"datePublished\":\"2025-03-06T16:04:33+00:00\",\"dateModified\":\"2025-03-07T15:26:18+00:00\",\"breadcrumb\":{\"@id\":\"https:\/\/empow-her.com\/produit\/coaching-personae-parcours-utilisatrice\/#breadcrumb\"},\"inLanguage\":\"es\",\"potentialAction\":[{\"@type\":\"ReadAction\",\"target\":[\"https:\/\/empow-her.com\/produit\/coaching-personae-parcours-utilisatrice\/\"]}]},{\"@type\":\"ImageObject\",\"inLanguage\":\"es\",\"@id\":\"https:\/\/empow-her.com\/produit\/coaching-personae-parcours-utilisatrice\/#primaryimage\",\"url\":\"https:\/\/empow-her.com\/wp-content\/uploads\/2025\/03\/Women-Dare-templates-events-63.png\",\"contentUrl\":\"https:\/\/empow-her.com\/wp-content\/uploads\/2025\/03\/Women-Dare-templates-events-63.png\",\"width\":1080,\"height\":1080},{\"@type\":\"BreadcrumbList\",\"@id\":\"https:\/\/empow-her.com\/produit\/coaching-personae-parcours-utilisatrice\/#breadcrumb\",\"itemListElement\":[{\"@type\":\"ListItem\",\"position\":1,\"name\":\"Accueil\",\"item\":\"https:\/\/empow-her.com\/es\/inicio\/\"},{\"@type\":\"ListItem\",\"position\":2,\"name\":\"LA BOUTIQUE\",\"item\":\"https:\/\/empow-her.com\/boutique\/\"},{\"@type\":\"ListItem\",\"position\":3,\"name\":\"Coaching &#8211; Personae &#038; parcours utilisatrice\"}]},{\"@type\":\"WebSite\",\"@id\":\"https:\/\/empow-her.com\/#website\",\"url\":\"https:\/\/empow-her.com\/\",\"name\":\"Empow&#039;Her\",\"description\":\"Women Development\",\"potentialAction\":[{\"@type\":\"SearchAction\",\"target\":{\"@type\":\"EntryPoint\",\"urlTemplate\":\"https:\/\/empow-her.com\/?s={search_term_string}\"},\"query-input\":{\"@type\":\"PropertyValueSpecification\",\"valueRequired\":true,\"valueName\":\"search_term_string\"}}],\"inLanguage\":\"es\"}]}<\/script>\n<!-- \/ Yoast SEO plugin. -->","yoast_head_json":{"title":"Coaching - Personae & parcours utilisatrice - Empow&#039;Her","robots":{"index":"index","follow":"follow","max-snippet":"max-snippet:-1","max-image-preview":"max-image-preview:large","max-video-preview":"max-video-preview:-1"},"canonical":"https:\/\/empow-her.com\/produit\/coaching-personae-parcours-utilisatrice\/","og_locale":"es_ES","og_type":"article","og_title":"Coaching - Personae & parcours utilisatrice - Empow&#039;Her","og_description":"&#x1f4e2; Coaching - Travailler au cas par cas sur votre cible et votre parcours utilisatrice  Ce coaching individuel est con\u00e7u pour approfondir et personnaliser le travail effectu\u00e9 lors de l'atelier collectif sur votre cible et votre parcours utilisateur. Nous prendrons le temps de revenir sur les \u00e9l\u00e9ments sp\u00e9cifiques \u00e0 votre projet, en abordant votre cible de mani\u00e8re d\u00e9taill\u00e9e et en optimisant le parcours utilisateur. Que vous ayez particip\u00e9 \u00e0 l\u2019atelier collectif ou non, ce coaching est l\u2019occasion de recevoir un regard expert sur votre approche et des conseils adapt\u00e9s pour mieux structurer vos efforts.  &#x1f4a1; Ce que nous pourrons explorer :  Affiner votre ciblage : Nous d\u00e9terminerons ensemble les caract\u00e9ristiques cl\u00e9s de votre client\u00e8le cible, en allant plus loin que les hypoth\u00e8ses g\u00e9n\u00e9rales pour mieux comprendre leurs besoins et attentes sp\u00e9cifiques.  Optimiser le parcours utilisateur : Nous retravaillerons le parcours de votre utilisateur de mani\u00e8re pratique, afin qu\u2019il soit fluide, coh\u00e9rent et engageant \u00e0 chaque \u00e9tape, de la d\u00e9couverte \u00e0 l\u2019adoption de votre produit ou service.  Adapter votre strat\u00e9gie : Sur la base de nos \u00e9changes, vous repartirez avec des recommandations concr\u00e8tes pour ajuster votre strat\u00e9gie et maximiser l'impact de votre offre aupr\u00e8s de votre public cible.  &#x1f4cc; Pr\u00e9-requis  &#x1f4a1; Avoir une id\u00e9e de projet ou avoir d\u00e9j\u00e0 particip\u00e9 \u00e0 l'atelier collectif \"Explorer son march\u00e9 et affiner son offre\" pour un travail personnalis\u00e9. Intervenant : Faustine Caron : Faustine est la fondatrice et pr\u00e9sidente de NOUR. Cr\u00e9\u00e9 en 2019, cette association oeuvre pour l'inclusion sociale \u00e0 travers le yoga, en particulier des personnes en situation de vuln\u00e9rabilit\u00e9 (exil\u00e9.es, pr\u00e9caires, femmes victimes de violence, les seniors isol\u00e9s, personnes en situation de handicap, etc.).\u00a0 Elle a \u00e9t\u00e9 incub\u00e9e chez Makesense, Pulse et le R\u00e9seau Entreprendre. Aujourd\u2019hui, Directrice France chez SINGA, Tr\u00e9sori\u00e8re du collectif Work With Refugees et membre du Mouvement Impact France, elle accompagne des entrepreneurs issus de pays fragiles et donne aussi des cours \u00e0 Centrale Supelec, AgroParisTech et ESTIA Angers \/ Tanger.  Son super pouvoir : Reine de l'orga pour des entreprises efficientes &#x1f525;   Son petit mot : Le meilleur conseil qu'on m'ait donn\u00e9 dans l'entreprenariat c'est \"\u00e9choue vite\", au sens, \"d\u00e9veloppe vite, teste vite, crash vite\" pour apprendre le plus t\u00f4t possible de tes erreurs et donner toutes les chances \u00e0 ta boite de r\u00e9ussir !  Attention ! Veuillez vous pr\u00e9senter \u00e0 l\u2019heure pour que l\u2019activit\u00e9 puisse commencer \u00e0 temps. Si vous avez du retard veuillez pr\u00e9venir l\u2019\u00e9quipe d\u2019Empow\u2019Her : contact.france@empow-her.com\u00a0. Si vous avez plus de 15 min de retard l\u2019intervenant.e se r\u00e9serve le droit de ne plus vous accepter pour le coaching ou l\u2019atelier.","og_url":"https:\/\/empow-her.com\/produit\/coaching-personae-parcours-utilisatrice\/","og_site_name":"Empow&#039;Her","article_modified_time":"2025-03-07T15:26:18+00:00","og_image":[{"width":1080,"height":1080,"url":"https:\/\/empow-her.com\/wp-content\/uploads\/2025\/03\/Women-Dare-templates-events-63.png","type":"image\/png"}],"twitter_card":"summary_large_image","twitter_misc":{"Tiempo de lectura":"3 minutos"},"schema":{"@context":"https:\/\/schema.org","@graph":[{"@type":"WebPage","@id":"https:\/\/empow-her.com\/produit\/coaching-personae-parcours-utilisatrice\/","url":"https:\/\/empow-her.com\/produit\/coaching-personae-parcours-utilisatrice\/","name":"Coaching - Personae & parcours utilisatrice - Empow&#039;Her","isPartOf":{"@id":"https:\/\/empow-her.com\/#website"},"primaryImageOfPage":{"@id":"https:\/\/empow-her.com\/produit\/coaching-personae-parcours-utilisatrice\/#primaryimage"},"image":{"@id":"https:\/\/empow-her.com\/produit\/coaching-personae-parcours-utilisatrice\/#primaryimage"},"thumbnailUrl":"https:\/\/empow-her.com\/wp-content\/uploads\/2025\/03\/Women-Dare-templates-events-63.png","datePublished":"2025-03-06T16:04:33+00:00","dateModified":"2025-03-07T15:26:18+00:00","breadcrumb":{"@id":"https:\/\/empow-her.com\/produit\/coaching-personae-parcours-utilisatrice\/#breadcrumb"},"inLanguage":"es","potentialAction":[{"@type":"ReadAction","target":["https:\/\/empow-her.com\/produit\/coaching-personae-parcours-utilisatrice\/"]}]},{"@type":"ImageObject","inLanguage":"es","@id":"https:\/\/empow-her.com\/produit\/coaching-personae-parcours-utilisatrice\/#primaryimage","url":"https:\/\/empow-her.com\/wp-content\/uploads\/2025\/03\/Women-Dare-templates-events-63.png","contentUrl":"https:\/\/empow-her.com\/wp-content\/uploads\/2025\/03\/Women-Dare-templates-events-63.png","width":1080,"height":1080},{"@type":"BreadcrumbList","@id":"https:\/\/empow-her.com\/produit\/coaching-personae-parcours-utilisatrice\/#breadcrumb","itemListElement":[{"@type":"ListItem","position":1,"name":"Accueil","item":"https:\/\/empow-her.com\/es\/inicio\/"},{"@type":"ListItem","position":2,"name":"LA BOUTIQUE","item":"https:\/\/empow-her.com\/boutique\/"},{"@type":"ListItem","position":3,"name":"Coaching &#8211; Personae &#038; parcours utilisatrice"}]},{"@type":"WebSite","@id":"https:\/\/empow-her.com\/#website","url":"https:\/\/empow-her.com\/","name":"Empow&#039;Her","description":"Women Development","potentialAction":[{"@type":"SearchAction","target":{"@type":"EntryPoint","urlTemplate":"https:\/\/empow-her.com\/?s={search_term_string}"},"query-input":{"@type":"PropertyValueSpecification","valueRequired":true,"valueName":"search_term_string"}}],"inLanguage":"es"}]}},"_links":{"self":[{"href":"https:\/\/empow-her.com\/es\/wp-json\/wp\/v2\/product\/266012","targetHints":{"allow":["GET"]}}],"collection":[{"href":"https:\/\/empow-her.com\/es\/wp-json\/wp\/v2\/product"}],"about":[{"href":"https:\/\/empow-her.com\/es\/wp-json\/wp\/v2\/types\/product"}],"wp:featuredmedia":[{"embeddable":true,"href":"https:\/\/empow-her.com\/es\/wp-json\/wp\/v2\/media\/266013"}],"wp:attachment":[{"href":"https:\/\/empow-her.com\/es\/wp-json\/wp\/v2\/media?parent=266012"}],"wp:term":[{"taxonomy":"product_brand","embeddable":true,"href":"https:\/\/empow-her.com\/es\/wp-json\/wp\/v2\/product_brand?post=266012"},{"taxonomy":"product_cat","embeddable":true,"href":"https:\/\/empow-her.com\/es\/wp-json\/wp\/v2\/product_cat?post=266012"},{"taxonomy":"product_tag","embeddable":true,"href":"https:\/\/empow-her.com\/es\/wp-json\/wp\/v2\/product_tag?post=266012"},{"taxonomy":"lieu","embeddable":true,"href":"https:\/\/empow-her.com\/es\/wp-json\/wp\/v2\/lieu?post=266012"},{"taxonomy":"thematiques","embeddable":true,"href":"https:\/\/empow-her.com\/es\/wp-json\/wp\/v2\/thematiques?post=266012"}],"curies":[{"name":"wp","href":"https:\/\/api.w.org\/{rel}","templated":true}]}}