{"id":266004,"date":"2025-03-06T16:04:49","date_gmt":"2025-03-06T15:04:49","guid":{"rendered":"https:\/\/empow-her.com\/?post_type=product&#038;p=266004"},"modified":"2025-03-07T16:19:38","modified_gmt":"2025-03-07T15:19:38","slug":"coaching-gestion-des-emotions","status":"publish","type":"product","link":"https:\/\/empow-her.com\/es\/produit\/coaching-gestion-des-emotions\/","title":{"rendered":"Coaching &#8211; Gestion du temps \/ Gestion des \u00e9motions"},"content":{"rendered":"<div class=\"elementor-element elementor-element-6dcaf591 elementor-widget elementor-widget-woocommerce-product-short-description\" data-id=\"6dcaf591\" data-element_type=\"widget\" data-widget_type=\"woocommerce-product-short-description.default\">\n<div class=\"elementor-widget-container\">\n<div class=\"woocommerce-product-details__short-description\">\n<p><strong>&#x1f4e2; 1h de coaching pour mieux g\u00e9rer vos \u00e9motions et r\u00e9duire le stress<\/strong><\/p>\n<p>Vous vous sentez en proie \u00e0 des \u00e9motions vari\u00e9es ? Le stress s\u2019invite dans votre gestion du temps, vous rendant parfois f\u00e9brile ou moins efficace que vous le souhaiteriez. Les situations stressantes peuvent m\u00eame vous amener \u00e0 retarder des \u00e9tapes cl\u00e9s de votre projet. Ce coaching a pour objectif de vous fournir des outils pour mieux g\u00e9rer ces \u00e9motions et optimiser votre efficacit\u00e9.<\/p>\n<p><strong>&#x1f4a1; Ce que nous pouvons aborder :<\/strong><\/p>\n<p>&#x1f50d; Identifier vos \u00e9motions : Comprendre quelles \u00e9motions vous traversent et comment elles affectent votre travail et votre bien-\u00eatre.<br \/>\n&#x1f6e0; D\u00e9velopper des strat\u00e9gies de priorisation : Apprendre \u00e0 organiser vos t\u00e2ches et \u00e0 hi\u00e9rarchiser vos objectifs pour r\u00e9duire la pression.<br \/>\n&#x1f308; R\u00e9duire le stress : Explorer des techniques de gestion du stress adapt\u00e9es \u00e0 votre situation personnelle et professionnelle.<br \/>\n&#x1f4ac; Analyser les d\u00e9clencheurs : Questionner les situations qui provoquent du stress et identifier des solutions sur mesure pour att\u00e9nuer leur impact.<\/p>\n<p>Une heure pour transformer vos \u00e9motions en atouts et am\u00e9liorer votre bien-\u00eatre tout en avan\u00e7ant dans votre projet ! &#x1f680;<\/p>\n<p><strong>Valentine Nogalo:\u00a0<\/strong> Je suis coach et com\u00e9dienne improvisatrice ! Anim\u00e9e par la volont\u00e9 d\u2019\u00e9changer dans la bienveillance et le plaisir, je sais proposer des accompagnements personnalis\u00e9s. Forte de mon expertise en improvisation th\u00e9\u00e2trale, j&#8217;anime via des techniques ludiques et corporelles. Nous d\u00e9veloppons la prise de parole, le rapport positif \u00e0 la prise de risque, le l\u00e2cher-prise, l&#8217;intelligence collective, la cr\u00e9ativit\u00e9, l&#8217;action ! F\u00e9ministe, je coache majoritairement des femmes dans leur vie personnelle et carri\u00e8re professionnelle. En 2020, j\u2019ai cr\u00e9\u00e9 le Wonder Impro Festival, premier festival f\u00e9ministe et inclusif d\u2019improvisation th\u00e9\u00e2trale \u00e0 Paris, et plus r\u00e9cemment le podcast \u201cArdentes\u201d qui donne la parole aux artistes femmes.<\/p>\n<p><strong>Son petit mot : <\/strong>C&#8217;est un beau cadeau que vous vous faites aujourd&#8217;hui ! J&#8217;ai h\u00e2te de partir \u00e0 l&#8217;aventure avec vous et d\u00e9couvrir vos supers pouvoirs !<\/p>\n<p><strong>Son super pouvoir : <\/strong>R\u00e9partie et spontan\u00e9it\u00e9 !<\/p>\n<p><strong>Pr\u00e9-requis<\/strong> <strong>:<\/strong> <span data-sheets-value=\"{&quot;1&quot;:2,&quot;2&quot;:&quot;nVous souhaitez vous inscrire \u00e0 cette session ? Merci d'indiquer votre besoin principal en remplissant ce questionnaire avant la session : https:\/\/airtable.com\/shrbpqpYDX8WKP0gJ nou communiquez-le par mail \u00e0 votre r\u00e9f\u00e9rente Empow'Her : nadege.serrero@empow-her.com&quot;}\" data-sheets-userformat=\"{&quot;2&quot;:4993,&quot;3&quot;:{&quot;1&quot;:0},&quot;10&quot;:1,&quot;11&quot;:4,&quot;12&quot;:0,&quot;15&quot;:&quot;Hind&quot;}\"><br \/>\nAucun !<\/span><\/p>\n<p><strong>Dur\u00e9e<\/strong> <strong>:<\/strong> U<span data-sheets-value=\"{&quot;1&quot;:2,&quot;2&quot;:&quot;Permanence de 4h avec un cr\u00e9neau de 1h par participante (+ 15 minutes entre chaque)&quot;}\" data-sheets-userformat=\"{&quot;2&quot;:7167,&quot;3&quot;:{&quot;1&quot;:0},&quot;4&quot;:{&quot;1&quot;:2,&quot;2&quot;:16777215},&quot;5&quot;:{&quot;1&quot;:[{&quot;1&quot;:2,&quot;2&quot;:0,&quot;5&quot;:{&quot;1&quot;:2,&quot;2&quot;:0}},{&quot;1&quot;:0,&quot;2&quot;:0,&quot;3&quot;:3},{&quot;1&quot;:1,&quot;2&quot;:0,&quot;4&quot;:1}]},&quot;6&quot;:{&quot;1&quot;:[{&quot;1&quot;:2,&quot;2&quot;:0,&quot;5&quot;:{&quot;1&quot;:2,&quot;2&quot;:0}},{&quot;1&quot;:0,&quot;2&quot;:0,&quot;3&quot;:3},{&quot;1&quot;:1,&quot;2&quot;:0,&quot;4&quot;:1}]},&quot;7&quot;:{&quot;1&quot;:[{&quot;1&quot;:2,&quot;2&quot;:0,&quot;5&quot;:{&quot;1&quot;:2,&quot;2&quot;:0}},{&quot;1&quot;:0,&quot;2&quot;:0,&quot;3&quot;:3},{&quot;1&quot;:1,&quot;2&quot;:0,&quot;4&quot;:1}]},&quot;8&quot;:{&quot;1&quot;:[{&quot;1&quot;:2,&quot;2&quot;:0,&quot;5&quot;:{&quot;1&quot;:2,&quot;2&quot;:0}},{&quot;1&quot;:0,&quot;2&quot;:0,&quot;3&quot;:3},{&quot;1&quot;:1,&quot;2&quot;:0,&quot;4&quot;:1}]},&quot;9&quot;:0,&quot;10&quot;:1,&quot;11&quot;:4,&quot;12&quot;:0,&quot;14&quot;:{&quot;1&quot;:2,&quot;2&quot;:0},&quot;15&quot;:&quot;Calibri&quot;}\">n cr\u00e9neau de <strong>1h en individuel en ligne<\/strong><\/span><\/p>\n<p><strong>Attention !<\/strong> \u00a0Veuillez vous pr\u00e9senter \u00e0 l\u2019heure pour que l\u2019activit\u00e9 puisse commencer \u00e0 temps. Si vous avez du retard veuillez pr\u00e9venir l\u2019intervenant.e. Si vous avez plus de 15 min de retard l\u2019intervenant.e se r\u00e9serve le droit de ne plus vous accepter pour le coaching ou l\u2019atelier.<\/p>\n<\/div>\n<\/div>\n<\/div>\n","protected":false},"excerpt":{"rendered":"<p><strong>&#x1f4e2; 1h de coaching pour mieux g\u00e9rer vos \u00e9motions et r\u00e9duire le stress<\/strong><\/p>\n<p>Vous vous sentez en proie \u00e0 des \u00e9motions vari\u00e9es ? Le stress s\u2019invite dans votre gestion du temps, vous rendant parfois f\u00e9brile ou moins efficace que vous le souhaiteriez. Les situations stressantes peuvent m\u00eame vous amener \u00e0 retarder des \u00e9tapes cl\u00e9s de votre projet. Ce coaching a pour objectif de vous fournir des outils pour mieux g\u00e9rer ces \u00e9motions et optimiser votre efficacit\u00e9.<\/p>\n<p><strong>&#x1f4a1; Ce que nous pouvons aborder :<\/strong><\/p>\n<p>&#x1f50d; Identifier vos \u00e9motions : Comprendre quelles \u00e9motions vous traversent et comment elles affectent votre travail et votre bien-\u00eatre.<br \/>\n&#x1f6e0; D\u00e9velopper des strat\u00e9gies de priorisation : Apprendre \u00e0 organiser vos t\u00e2ches et \u00e0 hi\u00e9rarchiser vos objectifs pour r\u00e9duire la pression.<br \/>\n&#x1f308; R\u00e9duire le stress : Explorer des techniques de gestion du stress adapt\u00e9es \u00e0 votre situation personnelle et professionnelle.<br \/>\n&#x1f4ac; Analyser les d\u00e9clencheurs : Questionner les situations qui provoquent du stress et identifier des solutions sur mesure pour att\u00e9nuer leur impact.<\/p>\n<p>Une heure pour transformer vos \u00e9motions en atouts et am\u00e9liorer votre bien-\u00eatre tout en avan\u00e7ant dans votre projet ! &#x1f680;<\/p>\n<p><strong>Valentine Nogalo:\u00a0<\/strong> Je suis coach et com\u00e9dienne improvisatrice ! Anim\u00e9e par la volont\u00e9 d\u2019\u00e9changer dans la bienveillance et le plaisir, je sais proposer des accompagnements personnalis\u00e9s. Forte de mon expertise en improvisation th\u00e9\u00e2trale, j&#8217;anime via des techniques ludiques et corporelles. Nous d\u00e9veloppons la prise de parole, le rapport positif \u00e0 la prise de risque, le l\u00e2cher-prise, l&#8217;intelligence collective, la cr\u00e9ativit\u00e9, l&#8217;action ! F\u00e9ministe, je coache majoritairement des femmes dans leur vie personnelle et carri\u00e8re professionnelle. En 2020, j\u2019ai cr\u00e9\u00e9 le Wonder Impro Festival, premier festival f\u00e9ministe et inclusif d\u2019improvisation th\u00e9\u00e2trale \u00e0 Paris, et plus r\u00e9cemment le podcast \u201cArdentes\u201d qui donne la parole aux artistes femmes.<\/p>\n<p><strong>Son petit mot : <\/strong>C&#8217;est un beau cadeau que vous vous faites aujourd&#8217;hui ! J&#8217;ai h\u00e2te de partir \u00e0 l&#8217;aventure avec vous et d\u00e9couvrir vos supers pouvoirs !<\/p>\n<p><strong>Son super pouvoir : <\/strong>R\u00e9partie et spontan\u00e9it\u00e9 !<\/p>\n<p><strong>Pr\u00e9-requis<\/strong> <strong>:<\/strong> <span data-sheets-value=\"{&quot;1&quot;:2,&quot;2&quot;:&quot;nVous souhaitez vous inscrire \u00e0 cette session ? Merci d'indiquer votre besoin principal en remplissant ce questionnaire avant la session : https:\/\/airtable.com\/shrbpqpYDX8WKP0gJ nou communiquez-le par mail \u00e0 votre r\u00e9f\u00e9rente Empow'Her : nadege.serrero@empow-her.com&quot;}\" data-sheets-userformat=\"{&quot;2&quot;:4993,&quot;3&quot;:{&quot;1&quot;:0},&quot;10&quot;:1,&quot;11&quot;:4,&quot;12&quot;:0,&quot;15&quot;:&quot;Hind&quot;}\"><br \/>\nAucun !<\/span><\/p>\n<p><strong>Dur\u00e9e<\/strong> <strong>:<\/strong> U<span data-sheets-value=\"{&quot;1&quot;:2,&quot;2&quot;:&quot;Permanence de 4h avec un cr\u00e9neau de 1h par participante (+ 15 minutes entre chaque)&quot;}\" data-sheets-userformat=\"{&quot;2&quot;:7167,&quot;3&quot;:{&quot;1&quot;:0},&quot;4&quot;:{&quot;1&quot;:2,&quot;2&quot;:16777215},&quot;5&quot;:{&quot;1&quot;:[{&quot;1&quot;:2,&quot;2&quot;:0,&quot;5&quot;:{&quot;1&quot;:2,&quot;2&quot;:0}},{&quot;1&quot;:0,&quot;2&quot;:0,&quot;3&quot;:3},{&quot;1&quot;:1,&quot;2&quot;:0,&quot;4&quot;:1}]},&quot;6&quot;:{&quot;1&quot;:[{&quot;1&quot;:2,&quot;2&quot;:0,&quot;5&quot;:{&quot;1&quot;:2,&quot;2&quot;:0}},{&quot;1&quot;:0,&quot;2&quot;:0,&quot;3&quot;:3},{&quot;1&quot;:1,&quot;2&quot;:0,&quot;4&quot;:1}]},&quot;7&quot;:{&quot;1&quot;:[{&quot;1&quot;:2,&quot;2&quot;:0,&quot;5&quot;:{&quot;1&quot;:2,&quot;2&quot;:0}},{&quot;1&quot;:0,&quot;2&quot;:0,&quot;3&quot;:3},{&quot;1&quot;:1,&quot;2&quot;:0,&quot;4&quot;:1}]},&quot;8&quot;:{&quot;1&quot;:[{&quot;1&quot;:2,&quot;2&quot;:0,&quot;5&quot;:{&quot;1&quot;:2,&quot;2&quot;:0}},{&quot;1&quot;:0,&quot;2&quot;:0,&quot;3&quot;:3},{&quot;1&quot;:1,&quot;2&quot;:0,&quot;4&quot;:1}]},&quot;9&quot;:0,&quot;10&quot;:1,&quot;11&quot;:4,&quot;12&quot;:0,&quot;14&quot;:{&quot;1&quot;:2,&quot;2&quot;:0},&quot;15&quot;:&quot;Calibri&quot;}\">n cr\u00e9neau de <strong>1h en individuel en ligne<\/strong><\/span><\/p>\n<p><strong>Attention !<\/strong> \u00a0Veuillez vous pr\u00e9senter \u00e0 l\u2019heure pour que l\u2019activit\u00e9 puisse commencer \u00e0 temps. Si vous avez du retard veuillez pr\u00e9venir l\u2019intervenant.e. Si vous avez plus de 15 min de retard l\u2019intervenant.e se r\u00e9serve le droit de ne plus vous accepter pour le coaching ou l\u2019atelier.<\/p>\n","protected":false},"featured_media":266005,"template":"","format":"standard","meta":{"_acf_changed":false,"om_disable_all_campaigns":false,"_uf_show_specific_survey":0,"_uf_disable_surveys":false},"product_brand":[],"product_cat":[121],"product_tag":[143],"lieu":[125],"thematiques":[],"class_list":{"0":"post-266004","1":"product","2":"type-product","3":"status-publish","4":"format-standard","5":"has-post-thumbnail","7":"product_cat-coaching","8":"product_tag-en-ligne","9":"lieu-en-ligne","11":"first","12":"instock","13":"virtual","14":"purchasable","15":"product-type-appointment"},"exclude_global_add_ons":[],"addons":[],"acf":[],"yoast_head":"<!-- This site is optimized with the Yoast SEO plugin v24.8 - https:\/\/yoast.com\/wordpress\/plugins\/seo\/ -->\n<title>Coaching - Gestion des \u00e9motions<\/title>\n<meta name=\"robots\" content=\"index, follow, max-snippet:-1, max-image-preview:large, max-video-preview:-1\" \/>\n<link rel=\"canonical\" href=\"https:\/\/empow-her.com\/produit\/coaching-gestion-des-emotions\/\" \/>\n<meta property=\"og:locale\" content=\"es_ES\" \/>\n<meta property=\"og:type\" content=\"article\" \/>\n<meta property=\"og:title\" content=\"Coaching - Gestion des \u00e9motions\" \/>\n<meta property=\"og:description\" content=\"&#x1f4e2; 1h de coaching pour mieux g\u00e9rer vos \u00e9motions et r\u00e9duire le stress  Vous vous sentez en proie \u00e0 des \u00e9motions vari\u00e9es ? Le stress s\u2019invite dans votre gestion du temps, vous rendant parfois f\u00e9brile ou moins efficace que vous le souhaiteriez. Les situations stressantes peuvent m\u00eame vous amener \u00e0 retarder des \u00e9tapes cl\u00e9s de votre projet. Ce coaching a pour objectif de vous fournir des outils pour mieux g\u00e9rer ces \u00e9motions et optimiser votre efficacit\u00e9.  &#x1f4a1; Ce que nous pouvons aborder :  &#x1f50d; Identifier vos \u00e9motions : Comprendre quelles \u00e9motions vous traversent et comment elles affectent votre travail et votre bien-\u00eatre. &#x1f6e0; D\u00e9velopper des strat\u00e9gies de priorisation : Apprendre \u00e0 organiser vos t\u00e2ches et \u00e0 hi\u00e9rarchiser vos objectifs pour r\u00e9duire la pression. &#x1f308; R\u00e9duire le stress : Explorer des techniques de gestion du stress adapt\u00e9es \u00e0 votre situation personnelle et professionnelle. &#x1f4ac; Analyser les d\u00e9clencheurs : Questionner les situations qui provoquent du stress et identifier des solutions sur mesure pour att\u00e9nuer leur impact.  Une heure pour transformer vos \u00e9motions en atouts et am\u00e9liorer votre bien-\u00eatre tout en avan\u00e7ant dans votre projet ! &#x1f680;  Valentine Nogalo:\u00a0 Je suis coach et com\u00e9dienne improvisatrice ! Anim\u00e9e par la volont\u00e9 d\u2019\u00e9changer dans la bienveillance et le plaisir, je sais proposer des accompagnements personnalis\u00e9s. Forte de mon expertise en improvisation th\u00e9\u00e2trale, j&#039;anime via des techniques ludiques et corporelles. Nous d\u00e9veloppons la prise de parole, le rapport positif \u00e0 la prise de risque, le l\u00e2cher-prise, l&#039;intelligence collective, la cr\u00e9ativit\u00e9, l&#039;action ! F\u00e9ministe, je coache majoritairement des femmes dans leur vie personnelle et carri\u00e8re professionnelle. En 2020, j\u2019ai cr\u00e9\u00e9 le Wonder Impro Festival, premier festival f\u00e9ministe et inclusif d\u2019improvisation th\u00e9\u00e2trale \u00e0 Paris, et plus r\u00e9cemment le podcast \u201cArdentes\u201d qui donne la parole aux artistes femmes.  Son petit mot : C&#039;est un beau cadeau que vous vous faites aujourd&#039;hui ! J&#039;ai h\u00e2te de partir \u00e0 l&#039;aventure avec vous et d\u00e9couvrir vos supers pouvoirs !  Son super pouvoir : R\u00e9partie et spontan\u00e9it\u00e9 !  Pr\u00e9-requis :  Aucun !  Dur\u00e9e : Un cr\u00e9neau de 1h en individuel en ligne  Attention ! \u00a0Veuillez vous pr\u00e9senter \u00e0 l\u2019heure pour que l\u2019activit\u00e9 puisse commencer \u00e0 temps. Si vous avez du retard veuillez pr\u00e9venir l\u2019intervenant.e. Si vous avez plus de 15 min de retard l\u2019intervenant.e se r\u00e9serve le droit de ne plus vous accepter pour le coaching ou l\u2019atelier.\" \/>\n<meta property=\"og:url\" content=\"https:\/\/empow-her.com\/produit\/coaching-gestion-des-emotions\/\" \/>\n<meta property=\"og:site_name\" content=\"Empow&#039;Her\" \/>\n<meta property=\"article:modified_time\" content=\"2025-03-07T15:19:38+00:00\" \/>\n<meta property=\"og:image\" content=\"https:\/\/empow-her.com\/wp-content\/uploads\/2025\/03\/Women-Dare-templates-events-61.png\" \/>\n\t<meta property=\"og:image:width\" content=\"1080\" \/>\n\t<meta property=\"og:image:height\" content=\"1080\" \/>\n\t<meta property=\"og:image:type\" content=\"image\/png\" \/>\n<meta name=\"twitter:card\" content=\"summary_large_image\" \/>\n<meta name=\"twitter:label1\" content=\"Tiempo de lectura\" \/>\n\t<meta name=\"twitter:data1\" content=\"3 minutos\" \/>\n<script type=\"application\/ld+json\" class=\"yoast-schema-graph\">{\"@context\":\"https:\/\/schema.org\",\"@graph\":[{\"@type\":\"WebPage\",\"@id\":\"https:\/\/empow-her.com\/produit\/coaching-gestion-des-emotions\/\",\"url\":\"https:\/\/empow-her.com\/produit\/coaching-gestion-des-emotions\/\",\"name\":\"Coaching - Gestion des \u00e9motions\",\"isPartOf\":{\"@id\":\"https:\/\/empow-her.com\/#website\"},\"primaryImageOfPage\":{\"@id\":\"https:\/\/empow-her.com\/produit\/coaching-gestion-des-emotions\/#primaryimage\"},\"image\":{\"@id\":\"https:\/\/empow-her.com\/produit\/coaching-gestion-des-emotions\/#primaryimage\"},\"thumbnailUrl\":\"https:\/\/empow-her.com\/wp-content\/uploads\/2025\/03\/Women-Dare-templates-events-61.png\",\"datePublished\":\"2025-03-06T15:04:49+00:00\",\"dateModified\":\"2025-03-07T15:19:38+00:00\",\"breadcrumb\":{\"@id\":\"https:\/\/empow-her.com\/produit\/coaching-gestion-des-emotions\/#breadcrumb\"},\"inLanguage\":\"es\",\"potentialAction\":[{\"@type\":\"ReadAction\",\"target\":[\"https:\/\/empow-her.com\/produit\/coaching-gestion-des-emotions\/\"]}]},{\"@type\":\"ImageObject\",\"inLanguage\":\"es\",\"@id\":\"https:\/\/empow-her.com\/produit\/coaching-gestion-des-emotions\/#primaryimage\",\"url\":\"https:\/\/empow-her.com\/wp-content\/uploads\/2025\/03\/Women-Dare-templates-events-61.png\",\"contentUrl\":\"https:\/\/empow-her.com\/wp-content\/uploads\/2025\/03\/Women-Dare-templates-events-61.png\",\"width\":1080,\"height\":1080},{\"@type\":\"BreadcrumbList\",\"@id\":\"https:\/\/empow-her.com\/produit\/coaching-gestion-des-emotions\/#breadcrumb\",\"itemListElement\":[{\"@type\":\"ListItem\",\"position\":1,\"name\":\"Accueil\",\"item\":\"https:\/\/empow-her.com\/es\/inicio\/\"},{\"@type\":\"ListItem\",\"position\":2,\"name\":\"LA BOUTIQUE\",\"item\":\"https:\/\/empow-her.com\/boutique\/\"},{\"@type\":\"ListItem\",\"position\":3,\"name\":\"Coaching &#8211; Gestion du temps \/ Gestion des \u00e9motions\"}]},{\"@type\":\"WebSite\",\"@id\":\"https:\/\/empow-her.com\/#website\",\"url\":\"https:\/\/empow-her.com\/\",\"name\":\"Empow&#039;Her\",\"description\":\"Women Development\",\"potentialAction\":[{\"@type\":\"SearchAction\",\"target\":{\"@type\":\"EntryPoint\",\"urlTemplate\":\"https:\/\/empow-her.com\/?s={search_term_string}\"},\"query-input\":{\"@type\":\"PropertyValueSpecification\",\"valueRequired\":true,\"valueName\":\"search_term_string\"}}],\"inLanguage\":\"es\"}]}<\/script>\n<!-- \/ Yoast SEO plugin. -->","yoast_head_json":{"title":"Coaching - Gestion des \u00e9motions","robots":{"index":"index","follow":"follow","max-snippet":"max-snippet:-1","max-image-preview":"max-image-preview:large","max-video-preview":"max-video-preview:-1"},"canonical":"https:\/\/empow-her.com\/produit\/coaching-gestion-des-emotions\/","og_locale":"es_ES","og_type":"article","og_title":"Coaching - Gestion des \u00e9motions","og_description":"&#x1f4e2; 1h de coaching pour mieux g\u00e9rer vos \u00e9motions et r\u00e9duire le stress  Vous vous sentez en proie \u00e0 des \u00e9motions vari\u00e9es ? Le stress s\u2019invite dans votre gestion du temps, vous rendant parfois f\u00e9brile ou moins efficace que vous le souhaiteriez. Les situations stressantes peuvent m\u00eame vous amener \u00e0 retarder des \u00e9tapes cl\u00e9s de votre projet. Ce coaching a pour objectif de vous fournir des outils pour mieux g\u00e9rer ces \u00e9motions et optimiser votre efficacit\u00e9.  &#x1f4a1; Ce que nous pouvons aborder :  &#x1f50d; Identifier vos \u00e9motions : Comprendre quelles \u00e9motions vous traversent et comment elles affectent votre travail et votre bien-\u00eatre. &#x1f6e0; D\u00e9velopper des strat\u00e9gies de priorisation : Apprendre \u00e0 organiser vos t\u00e2ches et \u00e0 hi\u00e9rarchiser vos objectifs pour r\u00e9duire la pression. &#x1f308; R\u00e9duire le stress : Explorer des techniques de gestion du stress adapt\u00e9es \u00e0 votre situation personnelle et professionnelle. &#x1f4ac; Analyser les d\u00e9clencheurs : Questionner les situations qui provoquent du stress et identifier des solutions sur mesure pour att\u00e9nuer leur impact.  Une heure pour transformer vos \u00e9motions en atouts et am\u00e9liorer votre bien-\u00eatre tout en avan\u00e7ant dans votre projet ! &#x1f680;  Valentine Nogalo:\u00a0 Je suis coach et com\u00e9dienne improvisatrice ! Anim\u00e9e par la volont\u00e9 d\u2019\u00e9changer dans la bienveillance et le plaisir, je sais proposer des accompagnements personnalis\u00e9s. Forte de mon expertise en improvisation th\u00e9\u00e2trale, j'anime via des techniques ludiques et corporelles. Nous d\u00e9veloppons la prise de parole, le rapport positif \u00e0 la prise de risque, le l\u00e2cher-prise, l'intelligence collective, la cr\u00e9ativit\u00e9, l'action ! F\u00e9ministe, je coache majoritairement des femmes dans leur vie personnelle et carri\u00e8re professionnelle. En 2020, j\u2019ai cr\u00e9\u00e9 le Wonder Impro Festival, premier festival f\u00e9ministe et inclusif d\u2019improvisation th\u00e9\u00e2trale \u00e0 Paris, et plus r\u00e9cemment le podcast \u201cArdentes\u201d qui donne la parole aux artistes femmes.  Son petit mot : C'est un beau cadeau que vous vous faites aujourd'hui ! J'ai h\u00e2te de partir \u00e0 l'aventure avec vous et d\u00e9couvrir vos supers pouvoirs !  Son super pouvoir : R\u00e9partie et spontan\u00e9it\u00e9 !  Pr\u00e9-requis :  Aucun !  Dur\u00e9e : Un cr\u00e9neau de 1h en individuel en ligne  Attention ! \u00a0Veuillez vous pr\u00e9senter \u00e0 l\u2019heure pour que l\u2019activit\u00e9 puisse commencer \u00e0 temps. Si vous avez du retard veuillez pr\u00e9venir l\u2019intervenant.e. Si vous avez plus de 15 min de retard l\u2019intervenant.e se r\u00e9serve le droit de ne plus vous accepter pour le coaching ou l\u2019atelier.","og_url":"https:\/\/empow-her.com\/produit\/coaching-gestion-des-emotions\/","og_site_name":"Empow&#039;Her","article_modified_time":"2025-03-07T15:19:38+00:00","og_image":[{"width":1080,"height":1080,"url":"https:\/\/empow-her.com\/wp-content\/uploads\/2025\/03\/Women-Dare-templates-events-61.png","type":"image\/png"}],"twitter_card":"summary_large_image","twitter_misc":{"Tiempo de lectura":"3 minutos"},"schema":{"@context":"https:\/\/schema.org","@graph":[{"@type":"WebPage","@id":"https:\/\/empow-her.com\/produit\/coaching-gestion-des-emotions\/","url":"https:\/\/empow-her.com\/produit\/coaching-gestion-des-emotions\/","name":"Coaching - Gestion des \u00e9motions","isPartOf":{"@id":"https:\/\/empow-her.com\/#website"},"primaryImageOfPage":{"@id":"https:\/\/empow-her.com\/produit\/coaching-gestion-des-emotions\/#primaryimage"},"image":{"@id":"https:\/\/empow-her.com\/produit\/coaching-gestion-des-emotions\/#primaryimage"},"thumbnailUrl":"https:\/\/empow-her.com\/wp-content\/uploads\/2025\/03\/Women-Dare-templates-events-61.png","datePublished":"2025-03-06T15:04:49+00:00","dateModified":"2025-03-07T15:19:38+00:00","breadcrumb":{"@id":"https:\/\/empow-her.com\/produit\/coaching-gestion-des-emotions\/#breadcrumb"},"inLanguage":"es","potentialAction":[{"@type":"ReadAction","target":["https:\/\/empow-her.com\/produit\/coaching-gestion-des-emotions\/"]}]},{"@type":"ImageObject","inLanguage":"es","@id":"https:\/\/empow-her.com\/produit\/coaching-gestion-des-emotions\/#primaryimage","url":"https:\/\/empow-her.com\/wp-content\/uploads\/2025\/03\/Women-Dare-templates-events-61.png","contentUrl":"https:\/\/empow-her.com\/wp-content\/uploads\/2025\/03\/Women-Dare-templates-events-61.png","width":1080,"height":1080},{"@type":"BreadcrumbList","@id":"https:\/\/empow-her.com\/produit\/coaching-gestion-des-emotions\/#breadcrumb","itemListElement":[{"@type":"ListItem","position":1,"name":"Accueil","item":"https:\/\/empow-her.com\/es\/inicio\/"},{"@type":"ListItem","position":2,"name":"LA BOUTIQUE","item":"https:\/\/empow-her.com\/boutique\/"},{"@type":"ListItem","position":3,"name":"Coaching &#8211; Gestion du temps \/ Gestion des \u00e9motions"}]},{"@type":"WebSite","@id":"https:\/\/empow-her.com\/#website","url":"https:\/\/empow-her.com\/","name":"Empow&#039;Her","description":"Women Development","potentialAction":[{"@type":"SearchAction","target":{"@type":"EntryPoint","urlTemplate":"https:\/\/empow-her.com\/?s={search_term_string}"},"query-input":{"@type":"PropertyValueSpecification","valueRequired":true,"valueName":"search_term_string"}}],"inLanguage":"es"}]}},"_links":{"self":[{"href":"https:\/\/empow-her.com\/es\/wp-json\/wp\/v2\/product\/266004","targetHints":{"allow":["GET"]}}],"collection":[{"href":"https:\/\/empow-her.com\/es\/wp-json\/wp\/v2\/product"}],"about":[{"href":"https:\/\/empow-her.com\/es\/wp-json\/wp\/v2\/types\/product"}],"wp:featuredmedia":[{"embeddable":true,"href":"https:\/\/empow-her.com\/es\/wp-json\/wp\/v2\/media\/266005"}],"wp:attachment":[{"href":"https:\/\/empow-her.com\/es\/wp-json\/wp\/v2\/media?parent=266004"}],"wp:term":[{"taxonomy":"product_brand","embeddable":true,"href":"https:\/\/empow-her.com\/es\/wp-json\/wp\/v2\/product_brand?post=266004"},{"taxonomy":"product_cat","embeddable":true,"href":"https:\/\/empow-her.com\/es\/wp-json\/wp\/v2\/product_cat?post=266004"},{"taxonomy":"product_tag","embeddable":true,"href":"https:\/\/empow-her.com\/es\/wp-json\/wp\/v2\/product_tag?post=266004"},{"taxonomy":"lieu","embeddable":true,"href":"https:\/\/empow-her.com\/es\/wp-json\/wp\/v2\/lieu?post=266004"},{"taxonomy":"thematiques","embeddable":true,"href":"https:\/\/empow-her.com\/es\/wp-json\/wp\/v2\/thematiques?post=266004"}],"curies":[{"name":"wp","href":"https:\/\/api.w.org\/{rel}","templated":true}]}}