{"id":266003,"date":"2025-03-06T15:53:56","date_gmt":"2025-03-06T14:53:56","guid":{"rendered":"https:\/\/empow-her.com\/?post_type=product&#038;p=266003"},"modified":"2025-03-06T18:00:27","modified_gmt":"2025-03-06T17:00:27","slug":"atelier-definir-creer-lidentite-de-son-projet","status":"publish","type":"product","link":"https:\/\/empow-her.com\/es\/produit\/atelier-definir-creer-lidentite-de-son-projet\/","title":{"rendered":"Atelier &#8211; D\u00e9finir &#038; cr\u00e9er l&#8217;identit\u00e9 de son projet"},"content":{"rendered":"<p>&#x1f3af; Atelier : D\u00e9finir &amp; cr\u00e9er l&#8217;identit\u00e9 de son projet<\/p>\n<p>L&#8217;identit\u00e9 de marque est l&#8217;ADN de ton projet. Cet atelier te permettra de cr\u00e9er une identit\u00e9 visuelle impactante et coh\u00e9rente, qui met en valeur les valeurs et l&#8217;univers de ton projet. Nous d\u00e9finirons ensemble les \u00e9l\u00e9ments cl\u00e9s de ton identit\u00e9 de marque et utiliserons des outils pratiques pour la rendre unique et percutante.<\/p>\n<p>&#x1f4a1; Ce que nous pourrons aborder :<\/p>\n<p>&#x1f539; D\u00e9finir l&#8217;identit\u00e9 de marque et son positionnement<br \/>\nAvant de cr\u00e9er une identit\u00e9 visuelle, il est essentiel de d\u00e9finir ce que ta marque repr\u00e9sente : sa mission, ses valeurs, son ton et son positionnement. Nous utiliserons des outils comme le Golden Circle pour clarifier ces \u00e9l\u00e9ments essentiels.<\/p>\n<p>&#x1f3a8; Comprendre l&#8217;importance des \u00e9l\u00e9ments visuels<br \/>\nLogo, couleurs, typographie&#8230; ces \u00e9l\u00e9ments visuels sont essentiels pour v\u00e9hiculer l\u2019image de ton projet. Nous apprendrons \u00e0 les choisir et \u00e0 les utiliser de mani\u00e8re coh\u00e9rente afin qu\u2019ils renforcent ton message et ton positionnement.<\/p>\n<p>&#x1f58c; Cr\u00e9ation d&#8217;une identit\u00e9 visuelle coh\u00e9rente<br \/>\n\u00c0 l\u2019aide de techniques comme le Swag Doc, nous d\u00e9finirons l\u2019univers graphique de ton projet. L&#8217;objectif est de cr\u00e9er un moodboard qui refl\u00e8te l&#8217;ADN de ta marque et qui pourra ensuite \u00eatre d\u00e9clin\u00e9 sur tous tes supports de communication.<\/p>\n<p>&#x1f680; Pitcher son identit\u00e9 de mani\u00e8re convaincante<br \/>\n\u00c0 l\u2019issue de cet atelier, tu seras capable de pitcher ton identit\u00e9 de mani\u00e8re claire et impactante, en utilisant les \u00e9l\u00e9ments visuels et le positionnement d\u00e9finis lors de l\u2019atelier.<\/p>\n<p>&#x1f4cc; Objectif : cr\u00e9er une identit\u00e9 visuelle solide et coh\u00e9rente qui te permettra de faire briller ton projet !<\/p>\n<p><strong>Hanae Bossert :<\/strong> Apr\u00e8s avoir travaill\u00e9 4 ans dans un incubateur et former des centaines de professionnelles, je suis aujourd&#8217;hui fondatrice du Collectif Minuit 10, une association qui vise \u00e0 accompagner les projets \u00e0 impact. Coach \u00e0 l&#8217;incubateur de Sciences-Po et form\u00e9e \u00e0 la facilitation, je suis ravie d&#8217;aider les entrepreneuses de Women Dare \u00e0 penser leur projet, valider leur id\u00e9e entrepreneuriale et se poser les bonnes questions au moment de se lancer.<\/p>\n<p><strong>Son super-pouvoir<\/strong> : Je sais me brosser les dents et mettre mes chaussures en m\u00eame temps<\/p>\n<p><strong>Le &#8220;petit mot&#8221; :<\/strong> D\u00e9j\u00e0 bravo d&#8217;\u00eatre l\u00e0, de vous lancer dans cette d\u00e9marche et de prendre le temps d&#8217;\u00eatre accompagn\u00e9e ! C&#8217;est tr\u00e8s pr\u00e9cieux. J&#8217;ai h\u00e2te de vous rencontrer, d\u00e9couvrir vos projets et vous aider \u00e0 construire une bonne communication \ud83d\ude42<\/p>\n","protected":false},"excerpt":{"rendered":"<p>&#x1f3af; Atelier : D\u00e9finir &amp; cr\u00e9er l&#8217;identit\u00e9 de son projet<\/p>\n<p>L&#8217;identit\u00e9 de marque est l&#8217;ADN de ton projet. Cet atelier te permettra de cr\u00e9er une identit\u00e9 visuelle impactante et coh\u00e9rente, qui met en valeur les valeurs et l&#8217;univers de ton projet. Nous d\u00e9finirons ensemble les \u00e9l\u00e9ments cl\u00e9s de ton identit\u00e9 de marque et utiliserons des outils pratiques pour la rendre unique et percutante.<\/p>\n<p>&#x1f4a1; Ce que nous pourrons aborder :<\/p>\n<p>&#x1f539; D\u00e9finir l&#8217;identit\u00e9 de marque et son positionnement<br \/>\nAvant de cr\u00e9er une identit\u00e9 visuelle, il est essentiel de d\u00e9finir ce que ta marque repr\u00e9sente : sa mission, ses valeurs, son ton et son positionnement. Nous utiliserons des outils comme le Golden Circle pour clarifier ces \u00e9l\u00e9ments essentiels.<\/p>\n<p>&#x1f3a8; Comprendre l&#8217;importance des \u00e9l\u00e9ments visuels<br \/>\nLogo, couleurs, typographie&#8230; ces \u00e9l\u00e9ments visuels sont essentiels pour v\u00e9hiculer l\u2019image de ton projet. Nous apprendrons \u00e0 les choisir et \u00e0 les utiliser de mani\u00e8re coh\u00e9rente afin qu\u2019ils renforcent ton message et ton positionnement.<\/p>\n<p>&#x1f58c; Cr\u00e9ation d&#8217;une identit\u00e9 visuelle coh\u00e9rente<br \/>\n\u00c0 l\u2019aide de techniques comme le Swag Doc, nous d\u00e9finirons l\u2019univers graphique de ton projet. L&#8217;objectif est de cr\u00e9er un moodboard qui refl\u00e8te l&#8217;ADN de ta marque et qui pourra ensuite \u00eatre d\u00e9clin\u00e9 sur tous tes supports de communication.<\/p>\n<p>&#x1f680; Pitcher son identit\u00e9 de mani\u00e8re convaincante<br \/>\n\u00c0 l\u2019issue de cet atelier, tu seras capable de pitcher ton identit\u00e9 de mani\u00e8re claire et impactante, en utilisant les \u00e9l\u00e9ments visuels et le positionnement d\u00e9finis lors de l\u2019atelier.<\/p>\n<p>&#x1f4cc; Objectif : cr\u00e9er une identit\u00e9 visuelle solide et coh\u00e9rente qui te permettra de faire briller ton projet !<\/p>\n<p><strong>Hanae Bossert :<\/strong> Apr\u00e8s avoir travaill\u00e9 4 ans dans un incubateur et former des centaines de professionnelles, je suis aujourd&#8217;hui fondatrice du Collectif Minuit 10, une association qui vise \u00e0 accompagner les projets \u00e0 impact. Coach \u00e0 l&#8217;incubateur de Sciences-Po et form\u00e9e \u00e0 la facilitation, je suis ravie d&#8217;aider les entrepreneuses de Women Dare \u00e0 penser leur projet, valider leur id\u00e9e entrepreneuriale et se poser les bonnes questions au moment de se lancer.<\/p>\n<p><strong>Son super-pouvoir<\/strong> : Je sais me brosser les dents et mettre mes chaussures en m\u00eame temps<\/p>\n<p><strong>Le &#8220;petit mot&#8221; :<\/strong> D\u00e9j\u00e0 bravo d&#8217;\u00eatre l\u00e0, de vous lancer dans cette d\u00e9marche et de prendre le temps d&#8217;\u00eatre accompagn\u00e9e ! C&#8217;est tr\u00e8s pr\u00e9cieux. J&#8217;ai h\u00e2te de vous rencontrer, d\u00e9couvrir vos projets et vous aider \u00e0 construire une bonne communication \ud83d\ude42<\/p>\n","protected":false},"featured_media":266020,"template":"","format":"standard","meta":{"_acf_changed":false,"om_disable_all_campaigns":false,"_uf_show_specific_survey":0,"_uf_disable_surveys":false},"product_brand":[],"product_cat":[118],"product_tag":[132],"lieu":[],"thematiques":[],"class_list":{"0":"post-266003","1":"product","2":"type-product","3":"status-publish","4":"format-standard","5":"has-post-thumbnail","7":"product_cat-atelier-collectif","8":"product_tag-sisther","10":"first","11":"instock","12":"virtual","13":"purchasable","14":"product-type-appointment"},"exclude_global_add_ons":[],"addons":[],"acf":[],"yoast_head":"<!-- This site is optimized with the Yoast SEO plugin v24.8 - https:\/\/yoast.com\/wordpress\/plugins\/seo\/ -->\n<title>Atelier - D\u00e9finir &amp; cr\u00e9er l&#039;identit\u00e9 de son projet - Empow&#039;Her<\/title>\n<meta name=\"robots\" content=\"index, follow, max-snippet:-1, max-image-preview:large, max-video-preview:-1\" \/>\n<link rel=\"canonical\" href=\"https:\/\/empow-her.com\/produit\/atelier-definir-creer-lidentite-de-son-projet\/\" \/>\n<meta property=\"og:locale\" content=\"es_ES\" \/>\n<meta property=\"og:type\" content=\"article\" \/>\n<meta property=\"og:title\" content=\"Atelier - D\u00e9finir &amp; cr\u00e9er l&#039;identit\u00e9 de son projet - Empow&#039;Her\" \/>\n<meta property=\"og:description\" content=\"&#x1f3af; Atelier : D\u00e9finir &amp; cr\u00e9er l&#039;identit\u00e9 de son projet  L&#039;identit\u00e9 de marque est l&#039;ADN de ton projet. Cet atelier te permettra de cr\u00e9er une identit\u00e9 visuelle impactante et coh\u00e9rente, qui met en valeur les valeurs et l&#039;univers de ton projet. Nous d\u00e9finirons ensemble les \u00e9l\u00e9ments cl\u00e9s de ton identit\u00e9 de marque et utiliserons des outils pratiques pour la rendre unique et percutante.  &#x1f4a1; Ce que nous pourrons aborder :  &#x1f539; D\u00e9finir l&#039;identit\u00e9 de marque et son positionnement Avant de cr\u00e9er une identit\u00e9 visuelle, il est essentiel de d\u00e9finir ce que ta marque repr\u00e9sente : sa mission, ses valeurs, son ton et son positionnement. Nous utiliserons des outils comme le Golden Circle pour clarifier ces \u00e9l\u00e9ments essentiels.  &#x1f3a8; Comprendre l&#039;importance des \u00e9l\u00e9ments visuels Logo, couleurs, typographie... ces \u00e9l\u00e9ments visuels sont essentiels pour v\u00e9hiculer l\u2019image de ton projet. Nous apprendrons \u00e0 les choisir et \u00e0 les utiliser de mani\u00e8re coh\u00e9rente afin qu\u2019ils renforcent ton message et ton positionnement.  &#x1f58c; Cr\u00e9ation d&#039;une identit\u00e9 visuelle coh\u00e9rente \u00c0 l\u2019aide de techniques comme le Swag Doc, nous d\u00e9finirons l\u2019univers graphique de ton projet. L&#039;objectif est de cr\u00e9er un moodboard qui refl\u00e8te l&#039;ADN de ta marque et qui pourra ensuite \u00eatre d\u00e9clin\u00e9 sur tous tes supports de communication.  &#x1f680; Pitcher son identit\u00e9 de mani\u00e8re convaincante \u00c0 l\u2019issue de cet atelier, tu seras capable de pitcher ton identit\u00e9 de mani\u00e8re claire et impactante, en utilisant les \u00e9l\u00e9ments visuels et le positionnement d\u00e9finis lors de l\u2019atelier.  &#x1f4cc; Objectif : cr\u00e9er une identit\u00e9 visuelle solide et coh\u00e9rente qui te permettra de faire briller ton projet !  Hanae Bossert : Apr\u00e8s avoir travaill\u00e9 4 ans dans un incubateur et former des centaines de professionnelles, je suis aujourd&#039;hui fondatrice du Collectif Minuit 10, une association qui vise \u00e0 accompagner les projets \u00e0 impact. Coach \u00e0 l&#039;incubateur de Sciences-Po et form\u00e9e \u00e0 la facilitation, je suis ravie d&#039;aider les entrepreneuses de Women Dare \u00e0 penser leur projet, valider leur id\u00e9e entrepreneuriale et se poser les bonnes questions au moment de se lancer.  Son super-pouvoir : Je sais me brosser les dents et mettre mes chaussures en m\u00eame temps  Le &quot;petit mot&quot; : D\u00e9j\u00e0 bravo d&#039;\u00eatre l\u00e0, de vous lancer dans cette d\u00e9marche et de prendre le temps d&#039;\u00eatre accompagn\u00e9e ! C&#039;est tr\u00e8s pr\u00e9cieux. J&#039;ai h\u00e2te de vous rencontrer, d\u00e9couvrir vos projets et vous aider \u00e0 construire une bonne communication :)\" \/>\n<meta property=\"og:url\" content=\"https:\/\/empow-her.com\/produit\/atelier-definir-creer-lidentite-de-son-projet\/\" \/>\n<meta property=\"og:site_name\" content=\"Empow&#039;Her\" \/>\n<meta property=\"article:modified_time\" content=\"2025-03-06T17:00:27+00:00\" \/>\n<meta property=\"og:image\" content=\"https:\/\/empow-her.com\/wp-content\/uploads\/2025\/03\/Women-Dare-templates-events-65.png\" \/>\n\t<meta property=\"og:image:width\" content=\"1080\" \/>\n\t<meta property=\"og:image:height\" content=\"1080\" \/>\n\t<meta property=\"og:image:type\" content=\"image\/png\" \/>\n<meta name=\"twitter:card\" content=\"summary_large_image\" \/>\n<meta name=\"twitter:label1\" content=\"Tiempo de lectura\" \/>\n\t<meta name=\"twitter:data1\" content=\"3 minutos\" \/>\n<script type=\"application\/ld+json\" class=\"yoast-schema-graph\">{\"@context\":\"https:\/\/schema.org\",\"@graph\":[{\"@type\":\"WebPage\",\"@id\":\"https:\/\/empow-her.com\/produit\/atelier-definir-creer-lidentite-de-son-projet\/\",\"url\":\"https:\/\/empow-her.com\/produit\/atelier-definir-creer-lidentite-de-son-projet\/\",\"name\":\"Atelier - D\u00e9finir & cr\u00e9er l'identit\u00e9 de son projet - Empow&#039;Her\",\"isPartOf\":{\"@id\":\"https:\/\/empow-her.com\/#website\"},\"primaryImageOfPage\":{\"@id\":\"https:\/\/empow-her.com\/produit\/atelier-definir-creer-lidentite-de-son-projet\/#primaryimage\"},\"image\":{\"@id\":\"https:\/\/empow-her.com\/produit\/atelier-definir-creer-lidentite-de-son-projet\/#primaryimage\"},\"thumbnailUrl\":\"https:\/\/empow-her.com\/wp-content\/uploads\/2025\/03\/Women-Dare-templates-events-65.png\",\"datePublished\":\"2025-03-06T14:53:56+00:00\",\"dateModified\":\"2025-03-06T17:00:27+00:00\",\"breadcrumb\":{\"@id\":\"https:\/\/empow-her.com\/produit\/atelier-definir-creer-lidentite-de-son-projet\/#breadcrumb\"},\"inLanguage\":\"es\",\"potentialAction\":[{\"@type\":\"ReadAction\",\"target\":[\"https:\/\/empow-her.com\/produit\/atelier-definir-creer-lidentite-de-son-projet\/\"]}]},{\"@type\":\"ImageObject\",\"inLanguage\":\"es\",\"@id\":\"https:\/\/empow-her.com\/produit\/atelier-definir-creer-lidentite-de-son-projet\/#primaryimage\",\"url\":\"https:\/\/empow-her.com\/wp-content\/uploads\/2025\/03\/Women-Dare-templates-events-65.png\",\"contentUrl\":\"https:\/\/empow-her.com\/wp-content\/uploads\/2025\/03\/Women-Dare-templates-events-65.png\",\"width\":1080,\"height\":1080},{\"@type\":\"BreadcrumbList\",\"@id\":\"https:\/\/empow-her.com\/produit\/atelier-definir-creer-lidentite-de-son-projet\/#breadcrumb\",\"itemListElement\":[{\"@type\":\"ListItem\",\"position\":1,\"name\":\"Accueil\",\"item\":\"https:\/\/empow-her.com\/es\/inicio\/\"},{\"@type\":\"ListItem\",\"position\":2,\"name\":\"LA BOUTIQUE\",\"item\":\"https:\/\/empow-her.com\/boutique\/\"},{\"@type\":\"ListItem\",\"position\":3,\"name\":\"Atelier &#8211; D\u00e9finir &#038; cr\u00e9er l&#8217;identit\u00e9 de son projet\"}]},{\"@type\":\"WebSite\",\"@id\":\"https:\/\/empow-her.com\/#website\",\"url\":\"https:\/\/empow-her.com\/\",\"name\":\"Empow&#039;Her\",\"description\":\"Women Development\",\"potentialAction\":[{\"@type\":\"SearchAction\",\"target\":{\"@type\":\"EntryPoint\",\"urlTemplate\":\"https:\/\/empow-her.com\/?s={search_term_string}\"},\"query-input\":{\"@type\":\"PropertyValueSpecification\",\"valueRequired\":true,\"valueName\":\"search_term_string\"}}],\"inLanguage\":\"es\"}]}<\/script>\n<!-- \/ Yoast SEO plugin. -->","yoast_head_json":{"title":"Atelier - D\u00e9finir & cr\u00e9er l'identit\u00e9 de son projet - Empow&#039;Her","robots":{"index":"index","follow":"follow","max-snippet":"max-snippet:-1","max-image-preview":"max-image-preview:large","max-video-preview":"max-video-preview:-1"},"canonical":"https:\/\/empow-her.com\/produit\/atelier-definir-creer-lidentite-de-son-projet\/","og_locale":"es_ES","og_type":"article","og_title":"Atelier - D\u00e9finir & cr\u00e9er l'identit\u00e9 de son projet - Empow&#039;Her","og_description":"&#x1f3af; Atelier : D\u00e9finir &amp; cr\u00e9er l'identit\u00e9 de son projet  L'identit\u00e9 de marque est l'ADN de ton projet. Cet atelier te permettra de cr\u00e9er une identit\u00e9 visuelle impactante et coh\u00e9rente, qui met en valeur les valeurs et l'univers de ton projet. Nous d\u00e9finirons ensemble les \u00e9l\u00e9ments cl\u00e9s de ton identit\u00e9 de marque et utiliserons des outils pratiques pour la rendre unique et percutante.  &#x1f4a1; Ce que nous pourrons aborder :  &#x1f539; D\u00e9finir l'identit\u00e9 de marque et son positionnement Avant de cr\u00e9er une identit\u00e9 visuelle, il est essentiel de d\u00e9finir ce que ta marque repr\u00e9sente : sa mission, ses valeurs, son ton et son positionnement. Nous utiliserons des outils comme le Golden Circle pour clarifier ces \u00e9l\u00e9ments essentiels.  &#x1f3a8; Comprendre l'importance des \u00e9l\u00e9ments visuels Logo, couleurs, typographie... ces \u00e9l\u00e9ments visuels sont essentiels pour v\u00e9hiculer l\u2019image de ton projet. Nous apprendrons \u00e0 les choisir et \u00e0 les utiliser de mani\u00e8re coh\u00e9rente afin qu\u2019ils renforcent ton message et ton positionnement.  &#x1f58c; Cr\u00e9ation d'une identit\u00e9 visuelle coh\u00e9rente \u00c0 l\u2019aide de techniques comme le Swag Doc, nous d\u00e9finirons l\u2019univers graphique de ton projet. L'objectif est de cr\u00e9er un moodboard qui refl\u00e8te l'ADN de ta marque et qui pourra ensuite \u00eatre d\u00e9clin\u00e9 sur tous tes supports de communication.  &#x1f680; Pitcher son identit\u00e9 de mani\u00e8re convaincante \u00c0 l\u2019issue de cet atelier, tu seras capable de pitcher ton identit\u00e9 de mani\u00e8re claire et impactante, en utilisant les \u00e9l\u00e9ments visuels et le positionnement d\u00e9finis lors de l\u2019atelier.  &#x1f4cc; Objectif : cr\u00e9er une identit\u00e9 visuelle solide et coh\u00e9rente qui te permettra de faire briller ton projet !  Hanae Bossert : Apr\u00e8s avoir travaill\u00e9 4 ans dans un incubateur et former des centaines de professionnelles, je suis aujourd'hui fondatrice du Collectif Minuit 10, une association qui vise \u00e0 accompagner les projets \u00e0 impact. Coach \u00e0 l'incubateur de Sciences-Po et form\u00e9e \u00e0 la facilitation, je suis ravie d'aider les entrepreneuses de Women Dare \u00e0 penser leur projet, valider leur id\u00e9e entrepreneuriale et se poser les bonnes questions au moment de se lancer.  Son super-pouvoir : Je sais me brosser les dents et mettre mes chaussures en m\u00eame temps  Le \"petit mot\" : D\u00e9j\u00e0 bravo d'\u00eatre l\u00e0, de vous lancer dans cette d\u00e9marche et de prendre le temps d'\u00eatre accompagn\u00e9e ! C'est tr\u00e8s pr\u00e9cieux. J'ai h\u00e2te de vous rencontrer, d\u00e9couvrir vos projets et vous aider \u00e0 construire une bonne communication :)","og_url":"https:\/\/empow-her.com\/produit\/atelier-definir-creer-lidentite-de-son-projet\/","og_site_name":"Empow&#039;Her","article_modified_time":"2025-03-06T17:00:27+00:00","og_image":[{"width":1080,"height":1080,"url":"https:\/\/empow-her.com\/wp-content\/uploads\/2025\/03\/Women-Dare-templates-events-65.png","type":"image\/png"}],"twitter_card":"summary_large_image","twitter_misc":{"Tiempo de lectura":"3 minutos"},"schema":{"@context":"https:\/\/schema.org","@graph":[{"@type":"WebPage","@id":"https:\/\/empow-her.com\/produit\/atelier-definir-creer-lidentite-de-son-projet\/","url":"https:\/\/empow-her.com\/produit\/atelier-definir-creer-lidentite-de-son-projet\/","name":"Atelier - D\u00e9finir & cr\u00e9er l'identit\u00e9 de son projet - Empow&#039;Her","isPartOf":{"@id":"https:\/\/empow-her.com\/#website"},"primaryImageOfPage":{"@id":"https:\/\/empow-her.com\/produit\/atelier-definir-creer-lidentite-de-son-projet\/#primaryimage"},"image":{"@id":"https:\/\/empow-her.com\/produit\/atelier-definir-creer-lidentite-de-son-projet\/#primaryimage"},"thumbnailUrl":"https:\/\/empow-her.com\/wp-content\/uploads\/2025\/03\/Women-Dare-templates-events-65.png","datePublished":"2025-03-06T14:53:56+00:00","dateModified":"2025-03-06T17:00:27+00:00","breadcrumb":{"@id":"https:\/\/empow-her.com\/produit\/atelier-definir-creer-lidentite-de-son-projet\/#breadcrumb"},"inLanguage":"es","potentialAction":[{"@type":"ReadAction","target":["https:\/\/empow-her.com\/produit\/atelier-definir-creer-lidentite-de-son-projet\/"]}]},{"@type":"ImageObject","inLanguage":"es","@id":"https:\/\/empow-her.com\/produit\/atelier-definir-creer-lidentite-de-son-projet\/#primaryimage","url":"https:\/\/empow-her.com\/wp-content\/uploads\/2025\/03\/Women-Dare-templates-events-65.png","contentUrl":"https:\/\/empow-her.com\/wp-content\/uploads\/2025\/03\/Women-Dare-templates-events-65.png","width":1080,"height":1080},{"@type":"BreadcrumbList","@id":"https:\/\/empow-her.com\/produit\/atelier-definir-creer-lidentite-de-son-projet\/#breadcrumb","itemListElement":[{"@type":"ListItem","position":1,"name":"Accueil","item":"https:\/\/empow-her.com\/es\/inicio\/"},{"@type":"ListItem","position":2,"name":"LA BOUTIQUE","item":"https:\/\/empow-her.com\/boutique\/"},{"@type":"ListItem","position":3,"name":"Atelier &#8211; D\u00e9finir &#038; cr\u00e9er l&#8217;identit\u00e9 de son projet"}]},{"@type":"WebSite","@id":"https:\/\/empow-her.com\/#website","url":"https:\/\/empow-her.com\/","name":"Empow&#039;Her","description":"Women Development","potentialAction":[{"@type":"SearchAction","target":{"@type":"EntryPoint","urlTemplate":"https:\/\/empow-her.com\/?s={search_term_string}"},"query-input":{"@type":"PropertyValueSpecification","valueRequired":true,"valueName":"search_term_string"}}],"inLanguage":"es"}]}},"_links":{"self":[{"href":"https:\/\/empow-her.com\/es\/wp-json\/wp\/v2\/product\/266003","targetHints":{"allow":["GET"]}}],"collection":[{"href":"https:\/\/empow-her.com\/es\/wp-json\/wp\/v2\/product"}],"about":[{"href":"https:\/\/empow-her.com\/es\/wp-json\/wp\/v2\/types\/product"}],"wp:featuredmedia":[{"embeddable":true,"href":"https:\/\/empow-her.com\/es\/wp-json\/wp\/v2\/media\/266020"}],"wp:attachment":[{"href":"https:\/\/empow-her.com\/es\/wp-json\/wp\/v2\/media?parent=266003"}],"wp:term":[{"taxonomy":"product_brand","embeddable":true,"href":"https:\/\/empow-her.com\/es\/wp-json\/wp\/v2\/product_brand?post=266003"},{"taxonomy":"product_cat","embeddable":true,"href":"https:\/\/empow-her.com\/es\/wp-json\/wp\/v2\/product_cat?post=266003"},{"taxonomy":"product_tag","embeddable":true,"href":"https:\/\/empow-her.com\/es\/wp-json\/wp\/v2\/product_tag?post=266003"},{"taxonomy":"lieu","embeddable":true,"href":"https:\/\/empow-her.com\/es\/wp-json\/wp\/v2\/lieu?post=266003"},{"taxonomy":"thematiques","embeddable":true,"href":"https:\/\/empow-her.com\/es\/wp-json\/wp\/v2\/thematiques?post=266003"}],"curies":[{"name":"wp","href":"https:\/\/api.w.org\/{rel}","templated":true}]}}