{"id":265154,"date":"2025-02-18T15:44:12","date_gmt":"2025-02-18T14:44:12","guid":{"rendered":"https:\/\/empow-her.com\/?post_type=product&#038;p=265154"},"modified":"2025-02-20T18:10:25","modified_gmt":"2025-02-20T17:10:25","slug":"atelier-construire-un-projet-aligne-avec-soi","status":"publish","type":"product","link":"https:\/\/empow-her.com\/es\/produit\/atelier-construire-un-projet-aligne-avec-soi\/","title":{"rendered":"Atelier &#8211; Construire un projet align\u00e9 avec soi"},"content":{"rendered":"<p data-start=\"0\" data-end=\"90\"><strong data-start=\"0\" data-end=\"88\">&#x1f4e2; Atelier pour renforcer votre confiance et aligner votre projet avec qui vous \u00eates<\/strong><\/p>\n<p data-start=\"92\" data-end=\"385\">Vous ressentez des doutes sur votre capacit\u00e9 \u00e0 mener \u00e0 bien votre projet ou sur votre l\u00e9gitimit\u00e9 ? Vous cherchez \u00e0 aligner votre activit\u00e9 avec ce qui vous anime profond\u00e9ment ? Cet atelier vous aide \u00e0 prendre confiance en vous, \u00e0 identifier vos forces et \u00e0 b\u00e2tir un projet qui vous ressemble.<\/p>\n<p data-start=\"387\" data-end=\"423\">&#x1f4a1; <strong data-start=\"390\" data-end=\"421\">Ce que nous allons explorer<\/strong><\/p>\n<p data-start=\"425\" data-end=\"1011\">&#x1f50d; <strong data-start=\"428\" data-end=\"468\">Clarifier vos valeurs et motivations<\/strong> : Identifier ce qui vous guide pour construire un projet align\u00e9 avec votre vision<br data-start=\"550\" data-end=\"553\" \/>&#x1f4aa; <strong data-start=\"556\" data-end=\"599\">Valoriser vos forces et talents uniques<\/strong> : Prendre conscience de vos atouts et apprendre \u00e0 les mettre en avant dans votre parcours entrepreneurial<br data-start=\"705\" data-end=\"708\" \/>&#x1f6e0; <strong data-start=\"711\" data-end=\"763\">D\u00e9passer les blocages et renforcer votre posture<\/strong> : Comprendre vos freins et explorer des strat\u00e9gies pour oser pleinement incarner votre projet<br data-start=\"857\" data-end=\"860\" \/>&#x1f3af; <strong data-start=\"863\" data-end=\"906\">Aligner votre projet avec qui vous \u00eates<\/strong> : D\u00e9finir des actions concr\u00e8tes pour cr\u00e9er une activit\u00e9 qui vous correspond et qui a du sens pour vous<\/p>\n<p data-start=\"1013\" data-end=\"1042\">&#x1f3ad; <strong data-start=\"1016\" data-end=\"1040\">D\u00e9roul\u00e9 de l\u2019atelier<\/strong><\/p>\n<ul data-start=\"1043\" data-end=\"1460\">\n<li data-start=\"1043\" data-end=\"1158\">Apports inspir\u00e9s de la psychologie comportementale et du coaching pour mieux comprendre vos m\u00e9canismes internes<\/li>\n<li data-start=\"1159\" data-end=\"1250\">Exercices ludiques et mises en situation pour exp\u00e9rimenter et ancrer vos apprentissages<\/li>\n<li data-start=\"1251\" data-end=\"1340\">Temps d\u2019introspection personnelle pour approfondir vos r\u00e9flexions et prendre du recul<\/li>\n<li data-start=\"1341\" data-end=\"1460\">\u00c9changes en groupe pour partager vos exp\u00e9riences, \u00e9largir vos perspectives et b\u00e9n\u00e9ficier de la dynamique collective<\/li>\n<\/ul>\n<p data-start=\"1462\" data-end=\"1577\" data-is-last-node=\"\" data-is-only-node=\"\">Un moment pour vous recentrer, gagner en confiance et avancer avec clart\u00e9 dans votre aventure entrepreneuriale ! &#x1f680;<\/p>\n<p><strong>Intervenant.e : Ana\u00efs Ndeumo<br \/>\n<\/strong><\/p>\n<p>Apr\u00e8s une premi\u00e8re partie de carri\u00e8re en conseil puis en grande entreprise, Ana\u00efs s&#8217;est form\u00e9e au coaching et \u00e0 la psychologie comportementale pour accompagner les femmes et les personnes minoris\u00e9es \u00e0 s&#8217;empouvoirer, lib\u00e9rer leur plein potentiel et construire la vie professionnelle qui leur ressemble, malgr\u00e9 les freins personnels ou syst\u00e9miques.<\/p>\n<p>F\u00e9ministe et engag\u00e9e pour l&#8217;\u00e9galit\u00e9 professionnelle, Ana\u00efs accompagne d\u00e9sormais des entrepreneur\u00b7e\u00b7s \u00e0 s&#8217;affirmer dans leur posture, oser prendre leur place, d\u00e9velopper leur leadership et leur impact.<\/p>\n<p>Ses zones de g\u00e9nie se situent \u00e0 la crois\u00e9e de th\u00e9matiques de d\u00e9veloppement personnel (connaissance de soi, leadership, confiance en soi, l\u00e9gitimit\u00e9), sociales (f\u00e9minisme, anti-racisme, intersectionnalit\u00e9, inclusion) et business (entrepreneuriat social, cr\u00e9ation d&#8217;activit\u00e9, strat\u00e9gie).<\/p>\n<p><strong>Son super pouvoir : <\/strong>J&#8217;adore jongler entre les dualit\u00e9s : le r\u00eave \/ la r\u00e9alit\u00e9, le conscient \/ l&#8217;inconscient, l&#8217;art \/ la science &#8230; et je le mets au service des mes coachings et mes ateliers avec vous.<\/p>\n<p><strong>Son petit mot :<\/strong> L&#8217;entrepreneuriat, c&#8217;est plus qu&#8217;un nouveau chapitre professionnel: c&#8217;est une aventure humaine incroyable, riche et intense. Profitez du programme Women Dare pour connecter avec d&#8217;autres entrepreneures qui comprennent le chemin que vous \u00eates en train de vivre, partagez, \u00e9changez.<\/p>\n<p><strong>Pr\u00e9-requis<\/strong> : Aucun<\/p>\n<p><strong> Lieu<\/strong> : Sist&#8217;Her Paris, 82 rue du Faubourg Saint-Martin<\/p>\n<p><strong>Attention !<\/strong> Veuillez vous pr\u00e9senter \u00e0 l&#8217;heure pour que l&#8217;activit\u00e9 puisse commencer \u00e0 temps. Si vous avez du retard veuillez pr\u00e9venir l&#8217;intervenant.e. Si vous avez plus de 15 min de retard l&#8217;intervenant.e se r\u00e9serve le droit de ne plus vous accepter pour le coaching ou l&#8217;atelier.<\/p>\n","protected":false},"excerpt":{"rendered":"<p data-start=\"0\" data-end=\"90\"><strong data-start=\"0\" data-end=\"88\">&#x1f4e2; Atelier pour renforcer votre confiance et aligner votre projet avec qui vous \u00eates<\/strong><\/p>\n<p data-start=\"92\" data-end=\"385\">Vous ressentez des doutes sur votre capacit\u00e9 \u00e0 mener \u00e0 bien votre projet ou sur votre l\u00e9gitimit\u00e9 ? Vous cherchez \u00e0 aligner votre activit\u00e9 avec ce qui vous anime profond\u00e9ment ? Cet atelier vous aide \u00e0 prendre confiance en vous, \u00e0 identifier vos forces et \u00e0 b\u00e2tir un projet qui vous ressemble.<\/p>\n<p data-start=\"387\" data-end=\"423\">&#x1f4a1; <strong data-start=\"390\" data-end=\"421\">Ce que nous allons explorer<\/strong><\/p>\n<p data-start=\"425\" data-end=\"1011\">&#x1f50d; <strong data-start=\"428\" data-end=\"468\">Clarifier vos valeurs et motivations<\/strong> : Identifier ce qui vous guide pour construire un projet align\u00e9 avec votre vision<br data-start=\"550\" data-end=\"553\" \/>&#x1f4aa; <strong data-start=\"556\" data-end=\"599\">Valoriser vos forces et talents uniques<\/strong> : Prendre conscience de vos atouts et apprendre \u00e0 les mettre en avant dans votre parcours entrepreneurial<br data-start=\"705\" data-end=\"708\" \/>&#x1f6e0; <strong data-start=\"711\" data-end=\"763\">D\u00e9passer les blocages et renforcer votre posture<\/strong> : Comprendre vos freins et explorer des strat\u00e9gies pour oser pleinement incarner votre projet<br data-start=\"857\" data-end=\"860\" \/>&#x1f3af; <strong data-start=\"863\" data-end=\"906\">Aligner votre projet avec qui vous \u00eates<\/strong> : D\u00e9finir des actions concr\u00e8tes pour cr\u00e9er une activit\u00e9 qui vous correspond et qui a du sens pour vous<\/p>\n<p data-start=\"1013\" data-end=\"1042\">&#x1f3ad; <strong data-start=\"1016\" data-end=\"1040\">D\u00e9roul\u00e9 de l\u2019atelier<\/strong><\/p>\n<ul data-start=\"1043\" data-end=\"1460\">\n<li data-start=\"1043\" data-end=\"1158\">Apports inspir\u00e9s de la psychologie comportementale et du coaching pour mieux comprendre vos m\u00e9canismes internes<\/li>\n<li data-start=\"1159\" data-end=\"1250\">Exercices ludiques et mises en situation pour exp\u00e9rimenter et ancrer vos apprentissages<\/li>\n<li data-start=\"1251\" data-end=\"1340\">Temps d\u2019introspection personnelle pour approfondir vos r\u00e9flexions et prendre du recul<\/li>\n<li data-start=\"1341\" data-end=\"1460\">\u00c9changes en groupe pour partager vos exp\u00e9riences, \u00e9largir vos perspectives et b\u00e9n\u00e9ficier de la dynamique collective<\/li>\n<\/ul>\n<p data-start=\"1462\" data-end=\"1577\" data-is-last-node=\"\" data-is-only-node=\"\">Un moment pour vous recentrer, gagner en confiance et avancer avec clart\u00e9 dans votre aventure entrepreneuriale ! &#x1f680;<\/p>\n<p><strong>Intervenant.e : Ana\u00efs Ndeumo<br \/>\n<\/strong><\/p>\n<p>Apr\u00e8s une premi\u00e8re partie de carri\u00e8re en conseil puis en grande entreprise, Ana\u00efs s&#8217;est form\u00e9e au coaching et \u00e0 la psychologie comportementale pour accompagner les femmes et les personnes minoris\u00e9es \u00e0 s&#8217;empouvoirer, lib\u00e9rer leur plein potentiel et construire la vie professionnelle qui leur ressemble, malgr\u00e9 les freins personnels ou syst\u00e9miques.<\/p>\n<p>F\u00e9ministe et engag\u00e9e pour l&#8217;\u00e9galit\u00e9 professionnelle, Ana\u00efs accompagne d\u00e9sormais des entrepreneur\u00b7e\u00b7s \u00e0 s&#8217;affirmer dans leur posture, oser prendre leur place, d\u00e9velopper leur leadership et leur impact.<\/p>\n<p>Ses zones de g\u00e9nie se situent \u00e0 la crois\u00e9e de th\u00e9matiques de d\u00e9veloppement personnel (connaissance de soi, leadership, confiance en soi, l\u00e9gitimit\u00e9), sociales (f\u00e9minisme, anti-racisme, intersectionnalit\u00e9, inclusion) et business (entrepreneuriat social, cr\u00e9ation d&#8217;activit\u00e9, strat\u00e9gie).<\/p>\n<p><strong>Son super pouvoir : <\/strong>J&#8217;adore jongler entre les dualit\u00e9s : le r\u00eave \/ la r\u00e9alit\u00e9, le conscient \/ l&#8217;inconscient, l&#8217;art \/ la science &#8230; et je le mets au service des mes coachings et mes ateliers avec vous.<\/p>\n<p><strong>Son petit mot :<\/strong> L&#8217;entrepreneuriat, c&#8217;est plus qu&#8217;un nouveau chapitre professionnel: c&#8217;est une aventure humaine incroyable, riche et intense. Profitez du programme Women Dare pour connecter avec d&#8217;autres entrepreneures qui comprennent le chemin que vous \u00eates en train de vivre, partagez, \u00e9changez.<\/p>\n<p><strong>Pr\u00e9-requis<\/strong> : Aucun<\/p>\n<p><strong> Lieu<\/strong> : Sist&#8217;Her Paris, 82 rue du Faubourg Saint-Martin<\/p>\n<p><strong>Attention !<\/strong> Veuillez vous pr\u00e9senter \u00e0 l&#8217;heure pour que l&#8217;activit\u00e9 puisse commencer \u00e0 temps. Si vous avez du retard veuillez pr\u00e9venir l&#8217;intervenant.e. Si vous avez plus de 15 min de retard l&#8217;intervenant.e se r\u00e9serve le droit de ne plus vous accepter pour le coaching ou l&#8217;atelier.<\/p>\n","protected":false},"featured_media":265155,"template":"","format":"standard","meta":{"_acf_changed":false,"om_disable_all_campaigns":false,"_uf_show_specific_survey":0,"_uf_disable_surveys":false},"product_brand":[],"product_cat":[118],"product_tag":[],"lieu":[127],"thematiques":[],"class_list":{"0":"post-265154","1":"product","2":"type-product","3":"status-publish","4":"format-standard","5":"has-post-thumbnail","7":"product_cat-atelier-collectif","8":"lieu-hub-empowher","10":"first","11":"instock","12":"virtual","13":"purchasable","14":"product-type-appointment"},"exclude_global_add_ons":[],"addons":[],"acf":[],"yoast_head":"<!-- This site is optimized with the Yoast SEO plugin v24.8 - https:\/\/yoast.com\/wordpress\/plugins\/seo\/ -->\n<title>Atelier - Construire un projet align\u00e9 avec soi - Empow&#039;Her<\/title>\n<meta name=\"robots\" content=\"index, follow, max-snippet:-1, max-image-preview:large, max-video-preview:-1\" \/>\n<link rel=\"canonical\" href=\"https:\/\/empow-her.com\/produit\/atelier-construire-un-projet-aligne-avec-soi\/\" \/>\n<meta property=\"og:locale\" content=\"es_ES\" \/>\n<meta property=\"og:type\" content=\"article\" \/>\n<meta property=\"og:title\" content=\"Atelier - Construire un projet align\u00e9 avec soi - Empow&#039;Her\" \/>\n<meta property=\"og:description\" content=\"&#x1f4e2; Atelier pour renforcer votre confiance et aligner votre projet avec qui vous \u00eates Vous ressentez des doutes sur votre capacit\u00e9 \u00e0 mener \u00e0 bien votre projet ou sur votre l\u00e9gitimit\u00e9 ? Vous cherchez \u00e0 aligner votre activit\u00e9 avec ce qui vous anime profond\u00e9ment ? Cet atelier vous aide \u00e0 prendre confiance en vous, \u00e0 identifier vos forces et \u00e0 b\u00e2tir un projet qui vous ressemble. &#x1f4a1; Ce que nous allons explorer &#x1f50d; Clarifier vos valeurs et motivations : Identifier ce qui vous guide pour construire un projet align\u00e9 avec votre vision&#x1f4aa; Valoriser vos forces et talents uniques : Prendre conscience de vos atouts et apprendre \u00e0 les mettre en avant dans votre parcours entrepreneurial&#x1f6e0; D\u00e9passer les blocages et renforcer votre posture : Comprendre vos freins et explorer des strat\u00e9gies pour oser pleinement incarner votre projet&#x1f3af; Aligner votre projet avec qui vous \u00eates : D\u00e9finir des actions concr\u00e8tes pour cr\u00e9er une activit\u00e9 qui vous correspond et qui a du sens pour vous &#x1f3ad; D\u00e9roul\u00e9 de l\u2019atelier    Apports inspir\u00e9s de la psychologie comportementale et du coaching pour mieux comprendre vos m\u00e9canismes internes  Exercices ludiques et mises en situation pour exp\u00e9rimenter et ancrer vos apprentissages  Temps d\u2019introspection personnelle pour approfondir vos r\u00e9flexions et prendre du recul  \u00c9changes en groupe pour partager vos exp\u00e9riences, \u00e9largir vos perspectives et b\u00e9n\u00e9ficier de la dynamique collective  Un moment pour vous recentrer, gagner en confiance et avancer avec clart\u00e9 dans votre aventure entrepreneuriale ! &#x1f680; Intervenant.e : Ana\u00efs Ndeumo   Apr\u00e8s une premi\u00e8re partie de carri\u00e8re en conseil puis en grande entreprise, Ana\u00efs s&#039;est form\u00e9e au coaching et \u00e0 la psychologie comportementale pour accompagner les femmes et les personnes minoris\u00e9es \u00e0 s&#039;empouvoirer, lib\u00e9rer leur plein potentiel et construire la vie professionnelle qui leur ressemble, malgr\u00e9 les freins personnels ou syst\u00e9miques.  F\u00e9ministe et engag\u00e9e pour l&#039;\u00e9galit\u00e9 professionnelle, Ana\u00efs accompagne d\u00e9sormais des entrepreneur\u00b7e\u00b7s \u00e0 s&#039;affirmer dans leur posture, oser prendre leur place, d\u00e9velopper leur leadership et leur impact.  Ses zones de g\u00e9nie se situent \u00e0 la crois\u00e9e de th\u00e9matiques de d\u00e9veloppement personnel (connaissance de soi, leadership, confiance en soi, l\u00e9gitimit\u00e9), sociales (f\u00e9minisme, anti-racisme, intersectionnalit\u00e9, inclusion) et business (entrepreneuriat social, cr\u00e9ation d&#039;activit\u00e9, strat\u00e9gie).  Son super pouvoir : J&#039;adore jongler entre les dualit\u00e9s : le r\u00eave \/ la r\u00e9alit\u00e9, le conscient \/ l&#039;inconscient, l&#039;art \/ la science ... et je le mets au service des mes coachings et mes ateliers avec vous.  Son petit mot : L&#039;entrepreneuriat, c&#039;est plus qu&#039;un nouveau chapitre professionnel: c&#039;est une aventure humaine incroyable, riche et intense. Profitez du programme Women Dare pour connecter avec d&#039;autres entrepreneures qui comprennent le chemin que vous \u00eates en train de vivre, partagez, \u00e9changez.  Pr\u00e9-requis : Aucun   Lieu : Sist&#039;Her Paris, 82 rue du Faubourg Saint-Martin  Attention ! Veuillez vous pr\u00e9senter \u00e0 l&#039;heure pour que l&#039;activit\u00e9 puisse commencer \u00e0 temps. Si vous avez du retard veuillez pr\u00e9venir l&#039;intervenant.e. Si vous avez plus de 15 min de retard l&#039;intervenant.e se r\u00e9serve le droit de ne plus vous accepter pour le coaching ou l&#039;atelier.\" \/>\n<meta property=\"og:url\" content=\"https:\/\/empow-her.com\/produit\/atelier-construire-un-projet-aligne-avec-soi\/\" \/>\n<meta property=\"og:site_name\" content=\"Empow&#039;Her\" \/>\n<meta property=\"article:modified_time\" content=\"2025-02-20T17:10:25+00:00\" \/>\n<meta property=\"og:image\" content=\"https:\/\/empow-her.com\/wp-content\/uploads\/2025\/02\/Women-Dare-templates-events-43.png\" \/>\n\t<meta property=\"og:image:width\" content=\"1080\" \/>\n\t<meta property=\"og:image:height\" content=\"1080\" \/>\n\t<meta property=\"og:image:type\" content=\"image\/png\" \/>\n<meta name=\"twitter:card\" content=\"summary_large_image\" \/>\n<meta name=\"twitter:label1\" content=\"Tiempo de lectura\" \/>\n\t<meta name=\"twitter:data1\" content=\"3 minutos\" \/>\n<script type=\"application\/ld+json\" class=\"yoast-schema-graph\">{\"@context\":\"https:\/\/schema.org\",\"@graph\":[{\"@type\":\"WebPage\",\"@id\":\"https:\/\/empow-her.com\/produit\/atelier-construire-un-projet-aligne-avec-soi\/\",\"url\":\"https:\/\/empow-her.com\/produit\/atelier-construire-un-projet-aligne-avec-soi\/\",\"name\":\"Atelier - Construire un projet align\u00e9 avec soi - Empow&#039;Her\",\"isPartOf\":{\"@id\":\"https:\/\/empow-her.com\/#website\"},\"primaryImageOfPage\":{\"@id\":\"https:\/\/empow-her.com\/produit\/atelier-construire-un-projet-aligne-avec-soi\/#primaryimage\"},\"image\":{\"@id\":\"https:\/\/empow-her.com\/produit\/atelier-construire-un-projet-aligne-avec-soi\/#primaryimage\"},\"thumbnailUrl\":\"https:\/\/empow-her.com\/wp-content\/uploads\/2025\/02\/Women-Dare-templates-events-43.png\",\"datePublished\":\"2025-02-18T14:44:12+00:00\",\"dateModified\":\"2025-02-20T17:10:25+00:00\",\"breadcrumb\":{\"@id\":\"https:\/\/empow-her.com\/produit\/atelier-construire-un-projet-aligne-avec-soi\/#breadcrumb\"},\"inLanguage\":\"es\",\"potentialAction\":[{\"@type\":\"ReadAction\",\"target\":[\"https:\/\/empow-her.com\/produit\/atelier-construire-un-projet-aligne-avec-soi\/\"]}]},{\"@type\":\"ImageObject\",\"inLanguage\":\"es\",\"@id\":\"https:\/\/empow-her.com\/produit\/atelier-construire-un-projet-aligne-avec-soi\/#primaryimage\",\"url\":\"https:\/\/empow-her.com\/wp-content\/uploads\/2025\/02\/Women-Dare-templates-events-43.png\",\"contentUrl\":\"https:\/\/empow-her.com\/wp-content\/uploads\/2025\/02\/Women-Dare-templates-events-43.png\",\"width\":1080,\"height\":1080},{\"@type\":\"BreadcrumbList\",\"@id\":\"https:\/\/empow-her.com\/produit\/atelier-construire-un-projet-aligne-avec-soi\/#breadcrumb\",\"itemListElement\":[{\"@type\":\"ListItem\",\"position\":1,\"name\":\"Accueil\",\"item\":\"https:\/\/empow-her.com\/es\/inicio\/\"},{\"@type\":\"ListItem\",\"position\":2,\"name\":\"LA BOUTIQUE\",\"item\":\"https:\/\/empow-her.com\/boutique\/\"},{\"@type\":\"ListItem\",\"position\":3,\"name\":\"Atelier &#8211; Construire un projet align\u00e9 avec soi\"}]},{\"@type\":\"WebSite\",\"@id\":\"https:\/\/empow-her.com\/#website\",\"url\":\"https:\/\/empow-her.com\/\",\"name\":\"Empow&#039;Her\",\"description\":\"Women Development\",\"potentialAction\":[{\"@type\":\"SearchAction\",\"target\":{\"@type\":\"EntryPoint\",\"urlTemplate\":\"https:\/\/empow-her.com\/?s={search_term_string}\"},\"query-input\":{\"@type\":\"PropertyValueSpecification\",\"valueRequired\":true,\"valueName\":\"search_term_string\"}}],\"inLanguage\":\"es\"}]}<\/script>\n<!-- \/ Yoast SEO plugin. -->","yoast_head_json":{"title":"Atelier - Construire un projet align\u00e9 avec soi - Empow&#039;Her","robots":{"index":"index","follow":"follow","max-snippet":"max-snippet:-1","max-image-preview":"max-image-preview:large","max-video-preview":"max-video-preview:-1"},"canonical":"https:\/\/empow-her.com\/produit\/atelier-construire-un-projet-aligne-avec-soi\/","og_locale":"es_ES","og_type":"article","og_title":"Atelier - Construire un projet align\u00e9 avec soi - Empow&#039;Her","og_description":"&#x1f4e2; Atelier pour renforcer votre confiance et aligner votre projet avec qui vous \u00eates Vous ressentez des doutes sur votre capacit\u00e9 \u00e0 mener \u00e0 bien votre projet ou sur votre l\u00e9gitimit\u00e9 ? Vous cherchez \u00e0 aligner votre activit\u00e9 avec ce qui vous anime profond\u00e9ment ? Cet atelier vous aide \u00e0 prendre confiance en vous, \u00e0 identifier vos forces et \u00e0 b\u00e2tir un projet qui vous ressemble. &#x1f4a1; Ce que nous allons explorer &#x1f50d; Clarifier vos valeurs et motivations : Identifier ce qui vous guide pour construire un projet align\u00e9 avec votre vision&#x1f4aa; Valoriser vos forces et talents uniques : Prendre conscience de vos atouts et apprendre \u00e0 les mettre en avant dans votre parcours entrepreneurial&#x1f6e0; D\u00e9passer les blocages et renforcer votre posture : Comprendre vos freins et explorer des strat\u00e9gies pour oser pleinement incarner votre projet&#x1f3af; Aligner votre projet avec qui vous \u00eates : D\u00e9finir des actions concr\u00e8tes pour cr\u00e9er une activit\u00e9 qui vous correspond et qui a du sens pour vous &#x1f3ad; D\u00e9roul\u00e9 de l\u2019atelier    Apports inspir\u00e9s de la psychologie comportementale et du coaching pour mieux comprendre vos m\u00e9canismes internes  Exercices ludiques et mises en situation pour exp\u00e9rimenter et ancrer vos apprentissages  Temps d\u2019introspection personnelle pour approfondir vos r\u00e9flexions et prendre du recul  \u00c9changes en groupe pour partager vos exp\u00e9riences, \u00e9largir vos perspectives et b\u00e9n\u00e9ficier de la dynamique collective  Un moment pour vous recentrer, gagner en confiance et avancer avec clart\u00e9 dans votre aventure entrepreneuriale ! &#x1f680; Intervenant.e : Ana\u00efs Ndeumo   Apr\u00e8s une premi\u00e8re partie de carri\u00e8re en conseil puis en grande entreprise, Ana\u00efs s'est form\u00e9e au coaching et \u00e0 la psychologie comportementale pour accompagner les femmes et les personnes minoris\u00e9es \u00e0 s'empouvoirer, lib\u00e9rer leur plein potentiel et construire la vie professionnelle qui leur ressemble, malgr\u00e9 les freins personnels ou syst\u00e9miques.  F\u00e9ministe et engag\u00e9e pour l'\u00e9galit\u00e9 professionnelle, Ana\u00efs accompagne d\u00e9sormais des entrepreneur\u00b7e\u00b7s \u00e0 s'affirmer dans leur posture, oser prendre leur place, d\u00e9velopper leur leadership et leur impact.  Ses zones de g\u00e9nie se situent \u00e0 la crois\u00e9e de th\u00e9matiques de d\u00e9veloppement personnel (connaissance de soi, leadership, confiance en soi, l\u00e9gitimit\u00e9), sociales (f\u00e9minisme, anti-racisme, intersectionnalit\u00e9, inclusion) et business (entrepreneuriat social, cr\u00e9ation d'activit\u00e9, strat\u00e9gie).  Son super pouvoir : J'adore jongler entre les dualit\u00e9s : le r\u00eave \/ la r\u00e9alit\u00e9, le conscient \/ l'inconscient, l'art \/ la science ... et je le mets au service des mes coachings et mes ateliers avec vous.  Son petit mot : L'entrepreneuriat, c'est plus qu'un nouveau chapitre professionnel: c'est une aventure humaine incroyable, riche et intense. Profitez du programme Women Dare pour connecter avec d'autres entrepreneures qui comprennent le chemin que vous \u00eates en train de vivre, partagez, \u00e9changez.  Pr\u00e9-requis : Aucun   Lieu : Sist'Her Paris, 82 rue du Faubourg Saint-Martin  Attention ! Veuillez vous pr\u00e9senter \u00e0 l'heure pour que l'activit\u00e9 puisse commencer \u00e0 temps. Si vous avez du retard veuillez pr\u00e9venir l'intervenant.e. Si vous avez plus de 15 min de retard l'intervenant.e se r\u00e9serve le droit de ne plus vous accepter pour le coaching ou l'atelier.","og_url":"https:\/\/empow-her.com\/produit\/atelier-construire-un-projet-aligne-avec-soi\/","og_site_name":"Empow&#039;Her","article_modified_time":"2025-02-20T17:10:25+00:00","og_image":[{"width":1080,"height":1080,"url":"https:\/\/empow-her.com\/wp-content\/uploads\/2025\/02\/Women-Dare-templates-events-43.png","type":"image\/png"}],"twitter_card":"summary_large_image","twitter_misc":{"Tiempo de lectura":"3 minutos"},"schema":{"@context":"https:\/\/schema.org","@graph":[{"@type":"WebPage","@id":"https:\/\/empow-her.com\/produit\/atelier-construire-un-projet-aligne-avec-soi\/","url":"https:\/\/empow-her.com\/produit\/atelier-construire-un-projet-aligne-avec-soi\/","name":"Atelier - Construire un projet align\u00e9 avec soi - Empow&#039;Her","isPartOf":{"@id":"https:\/\/empow-her.com\/#website"},"primaryImageOfPage":{"@id":"https:\/\/empow-her.com\/produit\/atelier-construire-un-projet-aligne-avec-soi\/#primaryimage"},"image":{"@id":"https:\/\/empow-her.com\/produit\/atelier-construire-un-projet-aligne-avec-soi\/#primaryimage"},"thumbnailUrl":"https:\/\/empow-her.com\/wp-content\/uploads\/2025\/02\/Women-Dare-templates-events-43.png","datePublished":"2025-02-18T14:44:12+00:00","dateModified":"2025-02-20T17:10:25+00:00","breadcrumb":{"@id":"https:\/\/empow-her.com\/produit\/atelier-construire-un-projet-aligne-avec-soi\/#breadcrumb"},"inLanguage":"es","potentialAction":[{"@type":"ReadAction","target":["https:\/\/empow-her.com\/produit\/atelier-construire-un-projet-aligne-avec-soi\/"]}]},{"@type":"ImageObject","inLanguage":"es","@id":"https:\/\/empow-her.com\/produit\/atelier-construire-un-projet-aligne-avec-soi\/#primaryimage","url":"https:\/\/empow-her.com\/wp-content\/uploads\/2025\/02\/Women-Dare-templates-events-43.png","contentUrl":"https:\/\/empow-her.com\/wp-content\/uploads\/2025\/02\/Women-Dare-templates-events-43.png","width":1080,"height":1080},{"@type":"BreadcrumbList","@id":"https:\/\/empow-her.com\/produit\/atelier-construire-un-projet-aligne-avec-soi\/#breadcrumb","itemListElement":[{"@type":"ListItem","position":1,"name":"Accueil","item":"https:\/\/empow-her.com\/es\/inicio\/"},{"@type":"ListItem","position":2,"name":"LA BOUTIQUE","item":"https:\/\/empow-her.com\/boutique\/"},{"@type":"ListItem","position":3,"name":"Atelier &#8211; Construire un projet align\u00e9 avec soi"}]},{"@type":"WebSite","@id":"https:\/\/empow-her.com\/#website","url":"https:\/\/empow-her.com\/","name":"Empow&#039;Her","description":"Women Development","potentialAction":[{"@type":"SearchAction","target":{"@type":"EntryPoint","urlTemplate":"https:\/\/empow-her.com\/?s={search_term_string}"},"query-input":{"@type":"PropertyValueSpecification","valueRequired":true,"valueName":"search_term_string"}}],"inLanguage":"es"}]}},"_links":{"self":[{"href":"https:\/\/empow-her.com\/es\/wp-json\/wp\/v2\/product\/265154","targetHints":{"allow":["GET"]}}],"collection":[{"href":"https:\/\/empow-her.com\/es\/wp-json\/wp\/v2\/product"}],"about":[{"href":"https:\/\/empow-her.com\/es\/wp-json\/wp\/v2\/types\/product"}],"wp:featuredmedia":[{"embeddable":true,"href":"https:\/\/empow-her.com\/es\/wp-json\/wp\/v2\/media\/265155"}],"wp:attachment":[{"href":"https:\/\/empow-her.com\/es\/wp-json\/wp\/v2\/media?parent=265154"}],"wp:term":[{"taxonomy":"product_brand","embeddable":true,"href":"https:\/\/empow-her.com\/es\/wp-json\/wp\/v2\/product_brand?post=265154"},{"taxonomy":"product_cat","embeddable":true,"href":"https:\/\/empow-her.com\/es\/wp-json\/wp\/v2\/product_cat?post=265154"},{"taxonomy":"product_tag","embeddable":true,"href":"https:\/\/empow-her.com\/es\/wp-json\/wp\/v2\/product_tag?post=265154"},{"taxonomy":"lieu","embeddable":true,"href":"https:\/\/empow-her.com\/es\/wp-json\/wp\/v2\/lieu?post=265154"},{"taxonomy":"thematiques","embeddable":true,"href":"https:\/\/empow-her.com\/es\/wp-json\/wp\/v2\/thematiques?post=265154"}],"curies":[{"name":"wp","href":"https:\/\/api.w.org\/{rel}","templated":true}]}}