{"id":265144,"date":"2025-02-18T13:06:08","date_gmt":"2025-02-18T12:06:08","guid":{"rendered":"https:\/\/empow-her.com\/?post_type=product&#038;p=265144"},"modified":"2025-02-26T15:48:56","modified_gmt":"2025-02-26T14:48:56","slug":"coaching-technique-de-storytelling-copywritting","status":"publish","type":"product","link":"https:\/\/empow-her.com\/es\/produit\/coaching-technique-de-storytelling-copywritting\/","title":{"rendered":"Coaching &#8211;  Technique de storytelling &#038; copywritting"},"content":{"rendered":"<div class=\"elementor-element elementor-element-6dcaf591 elementor-widget elementor-widget-woocommerce-product-short-description\" data-id=\"6dcaf591\" data-element_type=\"widget\" data-widget_type=\"woocommerce-product-short-description.default\">\n<div class=\"elementor-widget-container\">\n<div class=\"woocommerce-product-details__short-description\">\n<p>&#x1f4e2; 1h de coaching pour affiner ton storytelling et ton \u00e9criture<\/p>\n<p>Une histoire bien racont\u00e9e capte l\u2019attention, marque les esprits et renforce l\u2019impact d\u2019un message. Ce coaching propose un travail concret et interactif pour structurer ton storytelling et fluidifier ton \u00e9criture.<\/p>\n<p>&#x1f4a1;<strong> Ce que nous pouvons aborder :<\/strong><\/p>\n<p>&#x1f4d6; Co-construire les piliers de ton storytelling<br \/>\nD\u00e9finir une narration forte et authentique pour donner du relief \u00e0 ton message.<\/p>\n<p>&#x270d;&#xfe0f; Adopter de bonnes pratiques pour assouplir ta plume<br \/>\nD\u00e9couvrir des exercices et routines pour \u00e9crire avec plus d\u2019aisance et de naturel.<\/p>\n<p>&#x1f4d1; Am\u00e9liorer des textes existants<br \/>\nRetravailler des contenus pour les rendre plus percutants et engageants.<\/p>\n<p>&#x1f3a4; Optimiser un pitch deck avec un storytelling impactant<br \/>\nApporter plus de clart\u00e9, d\u2019\u00e9motion et de persuasion aux pr\u00e9sentations.<\/p>\n<p>Une heure pour clarifier ton message, affiner ton \u00e9criture et donner plus de puissance \u00e0 ton storytelling ! &#x1f680;<\/p>\n<p class=\"truncate line-height-3 text-size-large\"><strong>Dargery Laureline :\u00a0<\/strong> Depuis plus de 10 ans je navigue dans le secteur cr\u00e9atif en tant qu&#8217;\u00e9ditrice, agente d&#8217;artistes, experte m\u00e9dia et storyteller en France, au Vietnam et au Canada. Il y a 2 ans, j&#8217;ai lanc\u00e9 mon entreprise pour allier mes comp\u00e9tences en storytelling \u00e0 mes engagements sociaux et environnementaux en accompagnant des ONG et structures \u00e0 impact dans leur mise en r\u00e9cit, leur strat\u00e9gie d&#8217;image et ainsi renforcer leur mise en lumi\u00e8re. En parall\u00e8le, je fais des recherches sur les nouveaux r\u00e9cits et j&#8217;ai cr\u00e9\u00e9 Mirage, le premier podcast d&#8217;enqu\u00eates sur le sujet.<\/p>\n<p><strong>Son petit mot : <\/strong>L&#8217;entrepreneuriat n&#8217;est pas n\u00e9cessairement solitaire, au contraire ! Entourez-vous en rejoignant des collectifs, en choisissant des mentors et pourquoi pas en vous associant si besoin. La cl\u00e9, c&#8217;est le collectif pour challenger vos id\u00e9es et trouver du support \ud83d\ude42<strong><br \/>\n<\/strong><\/p>\n<p><strong>Son super pouvoir :\u00a0<\/strong> Cultivatrice d&#8217;optimisme (et je dialogue avec les oiseaux &#x1f426;&#x200d;&#x2b1b;)<\/p>\n<p><strong>Pr\u00e9-requis<\/strong> <strong>:<\/strong> <span data-sheets-value=\"{&quot;1&quot;:2,&quot;2&quot;:&quot;nVous souhaitez vous inscrire \u00e0 cette session ? Merci d'indiquer votre besoin principal en remplissant ce questionnaire avant la session : https:\/\/airtable.com\/shrbpqpYDX8WKP0gJ nou communiquez-le par mail \u00e0 votre r\u00e9f\u00e9rente Empow'Her : nadege.serrero@empow-her.com&quot;}\" data-sheets-userformat=\"{&quot;2&quot;:4993,&quot;3&quot;:{&quot;1&quot;:0},&quot;10&quot;:1,&quot;11&quot;:4,&quot;12&quot;:0,&quot;15&quot;:&quot;Hind&quot;}\">Aucun !<\/span><\/p>\n<p><strong>Dur\u00e9e<\/strong> <strong>:<\/strong> U<span data-sheets-value=\"{&quot;1&quot;:2,&quot;2&quot;:&quot;Permanence de 4h avec un cr\u00e9neau de 1h par participante (+ 15 minutes entre chaque)&quot;}\" data-sheets-userformat=\"{&quot;2&quot;:7167,&quot;3&quot;:{&quot;1&quot;:0},&quot;4&quot;:{&quot;1&quot;:2,&quot;2&quot;:16777215},&quot;5&quot;:{&quot;1&quot;:[{&quot;1&quot;:2,&quot;2&quot;:0,&quot;5&quot;:{&quot;1&quot;:2,&quot;2&quot;:0}},{&quot;1&quot;:0,&quot;2&quot;:0,&quot;3&quot;:3},{&quot;1&quot;:1,&quot;2&quot;:0,&quot;4&quot;:1}]},&quot;6&quot;:{&quot;1&quot;:[{&quot;1&quot;:2,&quot;2&quot;:0,&quot;5&quot;:{&quot;1&quot;:2,&quot;2&quot;:0}},{&quot;1&quot;:0,&quot;2&quot;:0,&quot;3&quot;:3},{&quot;1&quot;:1,&quot;2&quot;:0,&quot;4&quot;:1}]},&quot;7&quot;:{&quot;1&quot;:[{&quot;1&quot;:2,&quot;2&quot;:0,&quot;5&quot;:{&quot;1&quot;:2,&quot;2&quot;:0}},{&quot;1&quot;:0,&quot;2&quot;:0,&quot;3&quot;:3},{&quot;1&quot;:1,&quot;2&quot;:0,&quot;4&quot;:1}]},&quot;8&quot;:{&quot;1&quot;:[{&quot;1&quot;:2,&quot;2&quot;:0,&quot;5&quot;:{&quot;1&quot;:2,&quot;2&quot;:0}},{&quot;1&quot;:0,&quot;2&quot;:0,&quot;3&quot;:3},{&quot;1&quot;:1,&quot;2&quot;:0,&quot;4&quot;:1}]},&quot;9&quot;:0,&quot;10&quot;:1,&quot;11&quot;:4,&quot;12&quot;:0,&quot;14&quot;:{&quot;1&quot;:2,&quot;2&quot;:0},&quot;15&quot;:&quot;Calibri&quot;}\">n cr\u00e9neau de <strong>1h en individuel en ligne<\/strong><\/span><\/p>\n<p><strong>Attention !<\/strong> \u00a0Veuillez vous pr\u00e9senter \u00e0 l\u2019heure pour que l\u2019activit\u00e9 puisse commencer \u00e0 temps. Si vous avez du retard veuillez pr\u00e9venir l\u2019intervenant.e. Si vous avez plus de 15 min de retard l\u2019intervenant.e se r\u00e9serve le droit de ne plus vous accepter pour le coaching ou l\u2019atelier.<\/p>\n<\/div>\n<\/div>\n<\/div>\n","protected":false},"excerpt":{"rendered":"<p>&#x1f4e2; 1h de coaching pour affiner ton storytelling et ton \u00e9criture<\/p>\n<p>Une histoire bien racont\u00e9e capte l\u2019attention, marque les esprits et renforce l\u2019impact d\u2019un message. Ce coaching propose un travail concret et interactif pour structurer ton storytelling et fluidifier ton \u00e9criture.<\/p>\n<p>&#x1f4a1;<strong> Ce que nous pouvons aborder :<\/strong><\/p>\n<p>&#x1f4d6; Co-construire les piliers de ton storytelling<br \/>\nD\u00e9finir une narration forte et authentique pour donner du relief \u00e0 ton message.<\/p>\n<p>&#x270d;&#xfe0f; Adopter de bonnes pratiques pour assouplir ta plume<br \/>\nD\u00e9couvrir des exercices et routines pour \u00e9crire avec plus d\u2019aisance et de naturel.<\/p>\n<p>&#x1f4d1; Am\u00e9liorer des textes existants<br \/>\nRetravailler des contenus pour les rendre plus percutants et engageants.<\/p>\n<p>&#x1f3a4; Optimiser un pitch deck avec un storytelling impactant<br \/>\nApporter plus de clart\u00e9, d\u2019\u00e9motion et de persuasion aux pr\u00e9sentations.<\/p>\n<p>Une heure pour clarifier ton message, affiner ton \u00e9criture et donner plus de puissance \u00e0 ton storytelling ! &#x1f680;<\/p>\n<p class=\"truncate line-height-3 text-size-large\"><strong>Dargery Laureline :\u00a0<\/strong> Depuis plus de 10 ans je navigue dans le secteur cr\u00e9atif en tant qu&#8217;\u00e9ditrice, agente d&#8217;artistes, experte m\u00e9dia et storyteller en France, au Vietnam et au Canada. Il y a 2 ans, j&#8217;ai lanc\u00e9 mon entreprise pour allier mes comp\u00e9tences en storytelling \u00e0 mes engagements sociaux et environnementaux en accompagnant des ONG et structures \u00e0 impact dans leur mise en r\u00e9cit, leur strat\u00e9gie d&#8217;image et ainsi renforcer leur mise en lumi\u00e8re. En parall\u00e8le, je fais des recherches sur les nouveaux r\u00e9cits et j&#8217;ai cr\u00e9\u00e9 Mirage, le premier podcast d&#8217;enqu\u00eates sur le sujet.<\/p>\n<p><strong>Son petit mot : <\/strong>L&#8217;entrepreneuriat n&#8217;est pas n\u00e9cessairement solitaire, au contraire ! Entourez-vous en rejoignant des collectifs, en choisissant des mentors et pourquoi pas en vous associant si besoin. La cl\u00e9, c&#8217;est le collectif pour challenger vos id\u00e9es et trouver du support \ud83d\ude42<strong><br \/>\n<\/strong><\/p>\n<p><strong>Son super pouvoir :\u00a0<\/strong> Cultivatrice d&#8217;optimisme (et je dialogue avec les oiseaux &#x1f426;&#x200d;&#x2b1b;)<\/p>\n<p><strong>Pr\u00e9-requis<\/strong> <strong>:<\/strong> <span data-sheets-value=\"{&quot;1&quot;:2,&quot;2&quot;:&quot;nVous souhaitez vous inscrire \u00e0 cette session ? Merci d'indiquer votre besoin principal en remplissant ce questionnaire avant la session : https:\/\/airtable.com\/shrbpqpYDX8WKP0gJ nou communiquez-le par mail \u00e0 votre r\u00e9f\u00e9rente Empow'Her : nadege.serrero@empow-her.com&quot;}\" data-sheets-userformat=\"{&quot;2&quot;:4993,&quot;3&quot;:{&quot;1&quot;:0},&quot;10&quot;:1,&quot;11&quot;:4,&quot;12&quot;:0,&quot;15&quot;:&quot;Hind&quot;}\">Aucun !<\/span><\/p>\n<p><strong>Dur\u00e9e<\/strong> <strong>:<\/strong> U<span data-sheets-value=\"{&quot;1&quot;:2,&quot;2&quot;:&quot;Permanence de 4h avec un cr\u00e9neau de 1h par participante (+ 15 minutes entre chaque)&quot;}\" data-sheets-userformat=\"{&quot;2&quot;:7167,&quot;3&quot;:{&quot;1&quot;:0},&quot;4&quot;:{&quot;1&quot;:2,&quot;2&quot;:16777215},&quot;5&quot;:{&quot;1&quot;:[{&quot;1&quot;:2,&quot;2&quot;:0,&quot;5&quot;:{&quot;1&quot;:2,&quot;2&quot;:0}},{&quot;1&quot;:0,&quot;2&quot;:0,&quot;3&quot;:3},{&quot;1&quot;:1,&quot;2&quot;:0,&quot;4&quot;:1}]},&quot;6&quot;:{&quot;1&quot;:[{&quot;1&quot;:2,&quot;2&quot;:0,&quot;5&quot;:{&quot;1&quot;:2,&quot;2&quot;:0}},{&quot;1&quot;:0,&quot;2&quot;:0,&quot;3&quot;:3},{&quot;1&quot;:1,&quot;2&quot;:0,&quot;4&quot;:1}]},&quot;7&quot;:{&quot;1&quot;:[{&quot;1&quot;:2,&quot;2&quot;:0,&quot;5&quot;:{&quot;1&quot;:2,&quot;2&quot;:0}},{&quot;1&quot;:0,&quot;2&quot;:0,&quot;3&quot;:3},{&quot;1&quot;:1,&quot;2&quot;:0,&quot;4&quot;:1}]},&quot;8&quot;:{&quot;1&quot;:[{&quot;1&quot;:2,&quot;2&quot;:0,&quot;5&quot;:{&quot;1&quot;:2,&quot;2&quot;:0}},{&quot;1&quot;:0,&quot;2&quot;:0,&quot;3&quot;:3},{&quot;1&quot;:1,&quot;2&quot;:0,&quot;4&quot;:1}]},&quot;9&quot;:0,&quot;10&quot;:1,&quot;11&quot;:4,&quot;12&quot;:0,&quot;14&quot;:{&quot;1&quot;:2,&quot;2&quot;:0},&quot;15&quot;:&quot;Calibri&quot;}\">n cr\u00e9neau de <strong>1h en individuel en ligne<\/strong><\/span><\/p>\n<p><strong>Attention !<\/strong> \u00a0Veuillez vous pr\u00e9senter \u00e0 l\u2019heure pour que l\u2019activit\u00e9 puisse commencer \u00e0 temps. Si vous avez du retard veuillez pr\u00e9venir l\u2019intervenant.e. Si vous avez plus de 15 min de retard l\u2019intervenant.e se r\u00e9serve le droit de ne plus vous accepter pour le coaching ou l\u2019atelier.<\/p>\n","protected":false},"featured_media":265215,"template":"","format":"standard","meta":{"_acf_changed":false,"om_disable_all_campaigns":false,"_uf_show_specific_survey":0,"_uf_disable_surveys":false},"product_brand":[],"product_cat":[121],"product_tag":[143],"lieu":[125],"thematiques":[],"class_list":{"0":"post-265144","1":"product","2":"type-product","3":"status-publish","4":"format-standard","5":"has-post-thumbnail","7":"product_cat-coaching","8":"product_tag-en-ligne","9":"lieu-en-ligne","11":"first","12":"instock","13":"virtual","14":"purchasable","15":"product-type-appointment"},"exclude_global_add_ons":[],"addons":[],"acf":[],"yoast_head":"<!-- This site is optimized with the Yoast SEO plugin v24.8 - https:\/\/yoast.com\/wordpress\/plugins\/seo\/ -->\n<title>Coaching : Technique de storytelling &amp; copywritting<\/title>\n<meta name=\"robots\" content=\"index, follow, max-snippet:-1, max-image-preview:large, max-video-preview:-1\" \/>\n<link rel=\"canonical\" href=\"https:\/\/empow-her.com\/produit\/coaching-technique-de-storytelling-copywritting\/\" \/>\n<meta property=\"og:locale\" content=\"es_ES\" \/>\n<meta property=\"og:type\" content=\"article\" \/>\n<meta property=\"og:title\" content=\"Coaching : Technique de storytelling &amp; copywritting\" \/>\n<meta property=\"og:description\" content=\"&#x1f4e2; 1h de coaching pour affiner ton storytelling et ton \u00e9criture  Une histoire bien racont\u00e9e capte l\u2019attention, marque les esprits et renforce l\u2019impact d\u2019un message. Ce coaching propose un travail concret et interactif pour structurer ton storytelling et fluidifier ton \u00e9criture.  &#x1f4a1; Ce que nous pouvons aborder :  &#x1f4d6; Co-construire les piliers de ton storytelling D\u00e9finir une narration forte et authentique pour donner du relief \u00e0 ton message.  &#x270d;&#xfe0f; Adopter de bonnes pratiques pour assouplir ta plume D\u00e9couvrir des exercices et routines pour \u00e9crire avec plus d\u2019aisance et de naturel.  &#x1f4d1; Am\u00e9liorer des textes existants Retravailler des contenus pour les rendre plus percutants et engageants.  &#x1f3a4; Optimiser un pitch deck avec un storytelling impactant Apporter plus de clart\u00e9, d\u2019\u00e9motion et de persuasion aux pr\u00e9sentations.  Une heure pour clarifier ton message, affiner ton \u00e9criture et donner plus de puissance \u00e0 ton storytelling ! &#x1f680; Dargery Laureline :\u00a0 Depuis plus de 10 ans je navigue dans le secteur cr\u00e9atif en tant qu&#039;\u00e9ditrice, agente d&#039;artistes, experte m\u00e9dia et storyteller en France, au Vietnam et au Canada. Il y a 2 ans, j&#039;ai lanc\u00e9 mon entreprise pour allier mes comp\u00e9tences en storytelling \u00e0 mes engagements sociaux et environnementaux en accompagnant des ONG et structures \u00e0 impact dans leur mise en r\u00e9cit, leur strat\u00e9gie d&#039;image et ainsi renforcer leur mise en lumi\u00e8re. En parall\u00e8le, je fais des recherches sur les nouveaux r\u00e9cits et j&#039;ai cr\u00e9\u00e9 Mirage, le premier podcast d&#039;enqu\u00eates sur le sujet. Son petit mot : L&#039;entrepreneuriat n&#039;est pas n\u00e9cessairement solitaire, au contraire ! Entourez-vous en rejoignant des collectifs, en choisissant des mentors et pourquoi pas en vous associant si besoin. La cl\u00e9, c&#039;est le collectif pour challenger vos id\u00e9es et trouver du support :)   Son super pouvoir :\u00a0 Cultivatrice d&#039;optimisme (et je dialogue avec les oiseaux &#x1f426;&#x200d;&#x2b1b;)  Pr\u00e9-requis : Aucun !  Dur\u00e9e : Un cr\u00e9neau de 1h en individuel en ligne  Attention ! \u00a0Veuillez vous pr\u00e9senter \u00e0 l\u2019heure pour que l\u2019activit\u00e9 puisse commencer \u00e0 temps. Si vous avez du retard veuillez pr\u00e9venir l\u2019intervenant.e. Si vous avez plus de 15 min de retard l\u2019intervenant.e se r\u00e9serve le droit de ne plus vous accepter pour le coaching ou l\u2019atelier.\" \/>\n<meta property=\"og:url\" content=\"https:\/\/empow-her.com\/produit\/coaching-technique-de-storytelling-copywritting\/\" \/>\n<meta property=\"og:site_name\" content=\"Empow&#039;Her\" \/>\n<meta property=\"article:modified_time\" content=\"2025-02-26T14:48:56+00:00\" \/>\n<meta property=\"og:image\" content=\"https:\/\/empow-her.com\/wp-content\/uploads\/2025\/02\/Women-Dare-templates-events-46.png\" \/>\n\t<meta property=\"og:image:width\" content=\"1080\" \/>\n\t<meta property=\"og:image:height\" content=\"1080\" \/>\n\t<meta property=\"og:image:type\" content=\"image\/png\" \/>\n<meta name=\"twitter:card\" content=\"summary_large_image\" \/>\n<meta name=\"twitter:label1\" content=\"Tiempo de lectura\" \/>\n\t<meta name=\"twitter:data1\" content=\"2 minutos\" \/>\n<script type=\"application\/ld+json\" class=\"yoast-schema-graph\">{\"@context\":\"https:\/\/schema.org\",\"@graph\":[{\"@type\":\"WebPage\",\"@id\":\"https:\/\/empow-her.com\/produit\/coaching-technique-de-storytelling-copywritting\/\",\"url\":\"https:\/\/empow-her.com\/produit\/coaching-technique-de-storytelling-copywritting\/\",\"name\":\"Coaching : Technique de storytelling & copywritting\",\"isPartOf\":{\"@id\":\"https:\/\/empow-her.com\/#website\"},\"primaryImageOfPage\":{\"@id\":\"https:\/\/empow-her.com\/produit\/coaching-technique-de-storytelling-copywritting\/#primaryimage\"},\"image\":{\"@id\":\"https:\/\/empow-her.com\/produit\/coaching-technique-de-storytelling-copywritting\/#primaryimage\"},\"thumbnailUrl\":\"https:\/\/empow-her.com\/wp-content\/uploads\/2025\/02\/Women-Dare-templates-events-46.png\",\"datePublished\":\"2025-02-18T12:06:08+00:00\",\"dateModified\":\"2025-02-26T14:48:56+00:00\",\"breadcrumb\":{\"@id\":\"https:\/\/empow-her.com\/produit\/coaching-technique-de-storytelling-copywritting\/#breadcrumb\"},\"inLanguage\":\"es\",\"potentialAction\":[{\"@type\":\"ReadAction\",\"target\":[\"https:\/\/empow-her.com\/produit\/coaching-technique-de-storytelling-copywritting\/\"]}]},{\"@type\":\"ImageObject\",\"inLanguage\":\"es\",\"@id\":\"https:\/\/empow-her.com\/produit\/coaching-technique-de-storytelling-copywritting\/#primaryimage\",\"url\":\"https:\/\/empow-her.com\/wp-content\/uploads\/2025\/02\/Women-Dare-templates-events-46.png\",\"contentUrl\":\"https:\/\/empow-her.com\/wp-content\/uploads\/2025\/02\/Women-Dare-templates-events-46.png\",\"width\":1080,\"height\":1080},{\"@type\":\"BreadcrumbList\",\"@id\":\"https:\/\/empow-her.com\/produit\/coaching-technique-de-storytelling-copywritting\/#breadcrumb\",\"itemListElement\":[{\"@type\":\"ListItem\",\"position\":1,\"name\":\"Accueil\",\"item\":\"https:\/\/empow-her.com\/es\/inicio\/\"},{\"@type\":\"ListItem\",\"position\":2,\"name\":\"LA BOUTIQUE\",\"item\":\"https:\/\/empow-her.com\/boutique\/\"},{\"@type\":\"ListItem\",\"position\":3,\"name\":\"Coaching &#8211; Technique de storytelling &#038; copywritting\"}]},{\"@type\":\"WebSite\",\"@id\":\"https:\/\/empow-her.com\/#website\",\"url\":\"https:\/\/empow-her.com\/\",\"name\":\"Empow&#039;Her\",\"description\":\"Women Development\",\"potentialAction\":[{\"@type\":\"SearchAction\",\"target\":{\"@type\":\"EntryPoint\",\"urlTemplate\":\"https:\/\/empow-her.com\/?s={search_term_string}\"},\"query-input\":{\"@type\":\"PropertyValueSpecification\",\"valueRequired\":true,\"valueName\":\"search_term_string\"}}],\"inLanguage\":\"es\"}]}<\/script>\n<!-- \/ Yoast SEO plugin. -->","yoast_head_json":{"title":"Coaching : Technique de storytelling & copywritting","robots":{"index":"index","follow":"follow","max-snippet":"max-snippet:-1","max-image-preview":"max-image-preview:large","max-video-preview":"max-video-preview:-1"},"canonical":"https:\/\/empow-her.com\/produit\/coaching-technique-de-storytelling-copywritting\/","og_locale":"es_ES","og_type":"article","og_title":"Coaching : Technique de storytelling & copywritting","og_description":"&#x1f4e2; 1h de coaching pour affiner ton storytelling et ton \u00e9criture  Une histoire bien racont\u00e9e capte l\u2019attention, marque les esprits et renforce l\u2019impact d\u2019un message. Ce coaching propose un travail concret et interactif pour structurer ton storytelling et fluidifier ton \u00e9criture.  &#x1f4a1; Ce que nous pouvons aborder :  &#x1f4d6; Co-construire les piliers de ton storytelling D\u00e9finir une narration forte et authentique pour donner du relief \u00e0 ton message.  &#x270d;&#xfe0f; Adopter de bonnes pratiques pour assouplir ta plume D\u00e9couvrir des exercices et routines pour \u00e9crire avec plus d\u2019aisance et de naturel.  &#x1f4d1; Am\u00e9liorer des textes existants Retravailler des contenus pour les rendre plus percutants et engageants.  &#x1f3a4; Optimiser un pitch deck avec un storytelling impactant Apporter plus de clart\u00e9, d\u2019\u00e9motion et de persuasion aux pr\u00e9sentations.  Une heure pour clarifier ton message, affiner ton \u00e9criture et donner plus de puissance \u00e0 ton storytelling ! &#x1f680; Dargery Laureline :\u00a0 Depuis plus de 10 ans je navigue dans le secteur cr\u00e9atif en tant qu'\u00e9ditrice, agente d'artistes, experte m\u00e9dia et storyteller en France, au Vietnam et au Canada. Il y a 2 ans, j'ai lanc\u00e9 mon entreprise pour allier mes comp\u00e9tences en storytelling \u00e0 mes engagements sociaux et environnementaux en accompagnant des ONG et structures \u00e0 impact dans leur mise en r\u00e9cit, leur strat\u00e9gie d'image et ainsi renforcer leur mise en lumi\u00e8re. En parall\u00e8le, je fais des recherches sur les nouveaux r\u00e9cits et j'ai cr\u00e9\u00e9 Mirage, le premier podcast d'enqu\u00eates sur le sujet. Son petit mot : L'entrepreneuriat n'est pas n\u00e9cessairement solitaire, au contraire ! Entourez-vous en rejoignant des collectifs, en choisissant des mentors et pourquoi pas en vous associant si besoin. La cl\u00e9, c'est le collectif pour challenger vos id\u00e9es et trouver du support :)   Son super pouvoir :\u00a0 Cultivatrice d'optimisme (et je dialogue avec les oiseaux &#x1f426;&#x200d;&#x2b1b;)  Pr\u00e9-requis : Aucun !  Dur\u00e9e : Un cr\u00e9neau de 1h en individuel en ligne  Attention ! \u00a0Veuillez vous pr\u00e9senter \u00e0 l\u2019heure pour que l\u2019activit\u00e9 puisse commencer \u00e0 temps. Si vous avez du retard veuillez pr\u00e9venir l\u2019intervenant.e. Si vous avez plus de 15 min de retard l\u2019intervenant.e se r\u00e9serve le droit de ne plus vous accepter pour le coaching ou l\u2019atelier.","og_url":"https:\/\/empow-her.com\/produit\/coaching-technique-de-storytelling-copywritting\/","og_site_name":"Empow&#039;Her","article_modified_time":"2025-02-26T14:48:56+00:00","og_image":[{"width":1080,"height":1080,"url":"https:\/\/empow-her.com\/wp-content\/uploads\/2025\/02\/Women-Dare-templates-events-46.png","type":"image\/png"}],"twitter_card":"summary_large_image","twitter_misc":{"Tiempo de lectura":"2 minutos"},"schema":{"@context":"https:\/\/schema.org","@graph":[{"@type":"WebPage","@id":"https:\/\/empow-her.com\/produit\/coaching-technique-de-storytelling-copywritting\/","url":"https:\/\/empow-her.com\/produit\/coaching-technique-de-storytelling-copywritting\/","name":"Coaching : Technique de storytelling & copywritting","isPartOf":{"@id":"https:\/\/empow-her.com\/#website"},"primaryImageOfPage":{"@id":"https:\/\/empow-her.com\/produit\/coaching-technique-de-storytelling-copywritting\/#primaryimage"},"image":{"@id":"https:\/\/empow-her.com\/produit\/coaching-technique-de-storytelling-copywritting\/#primaryimage"},"thumbnailUrl":"https:\/\/empow-her.com\/wp-content\/uploads\/2025\/02\/Women-Dare-templates-events-46.png","datePublished":"2025-02-18T12:06:08+00:00","dateModified":"2025-02-26T14:48:56+00:00","breadcrumb":{"@id":"https:\/\/empow-her.com\/produit\/coaching-technique-de-storytelling-copywritting\/#breadcrumb"},"inLanguage":"es","potentialAction":[{"@type":"ReadAction","target":["https:\/\/empow-her.com\/produit\/coaching-technique-de-storytelling-copywritting\/"]}]},{"@type":"ImageObject","inLanguage":"es","@id":"https:\/\/empow-her.com\/produit\/coaching-technique-de-storytelling-copywritting\/#primaryimage","url":"https:\/\/empow-her.com\/wp-content\/uploads\/2025\/02\/Women-Dare-templates-events-46.png","contentUrl":"https:\/\/empow-her.com\/wp-content\/uploads\/2025\/02\/Women-Dare-templates-events-46.png","width":1080,"height":1080},{"@type":"BreadcrumbList","@id":"https:\/\/empow-her.com\/produit\/coaching-technique-de-storytelling-copywritting\/#breadcrumb","itemListElement":[{"@type":"ListItem","position":1,"name":"Accueil","item":"https:\/\/empow-her.com\/es\/inicio\/"},{"@type":"ListItem","position":2,"name":"LA BOUTIQUE","item":"https:\/\/empow-her.com\/boutique\/"},{"@type":"ListItem","position":3,"name":"Coaching &#8211; Technique de storytelling &#038; copywritting"}]},{"@type":"WebSite","@id":"https:\/\/empow-her.com\/#website","url":"https:\/\/empow-her.com\/","name":"Empow&#039;Her","description":"Women Development","potentialAction":[{"@type":"SearchAction","target":{"@type":"EntryPoint","urlTemplate":"https:\/\/empow-her.com\/?s={search_term_string}"},"query-input":{"@type":"PropertyValueSpecification","valueRequired":true,"valueName":"search_term_string"}}],"inLanguage":"es"}]}},"_links":{"self":[{"href":"https:\/\/empow-her.com\/es\/wp-json\/wp\/v2\/product\/265144","targetHints":{"allow":["GET"]}}],"collection":[{"href":"https:\/\/empow-her.com\/es\/wp-json\/wp\/v2\/product"}],"about":[{"href":"https:\/\/empow-her.com\/es\/wp-json\/wp\/v2\/types\/product"}],"wp:featuredmedia":[{"embeddable":true,"href":"https:\/\/empow-her.com\/es\/wp-json\/wp\/v2\/media\/265215"}],"wp:attachment":[{"href":"https:\/\/empow-her.com\/es\/wp-json\/wp\/v2\/media?parent=265144"}],"wp:term":[{"taxonomy":"product_brand","embeddable":true,"href":"https:\/\/empow-her.com\/es\/wp-json\/wp\/v2\/product_brand?post=265144"},{"taxonomy":"product_cat","embeddable":true,"href":"https:\/\/empow-her.com\/es\/wp-json\/wp\/v2\/product_cat?post=265144"},{"taxonomy":"product_tag","embeddable":true,"href":"https:\/\/empow-her.com\/es\/wp-json\/wp\/v2\/product_tag?post=265144"},{"taxonomy":"lieu","embeddable":true,"href":"https:\/\/empow-her.com\/es\/wp-json\/wp\/v2\/lieu?post=265144"},{"taxonomy":"thematiques","embeddable":true,"href":"https:\/\/empow-her.com\/es\/wp-json\/wp\/v2\/thematiques?post=265144"}],"curies":[{"name":"wp","href":"https:\/\/api.w.org\/{rel}","templated":true}]}}