{"id":265136,"date":"2025-02-18T10:58:06","date_gmt":"2025-02-18T09:58:06","guid":{"rendered":"https:\/\/empow-her.com\/?post_type=product&#038;p=265136"},"modified":"2025-02-28T17:13:42","modified_gmt":"2025-02-28T16:13:42","slug":"atelier-les-bons-reflexes-a-adopter-en-matiere-de-propriete-intellectuelle","status":"publish","type":"product","link":"https:\/\/empow-her.com\/es\/produit\/atelier-les-bons-reflexes-a-adopter-en-matiere-de-propriete-intellectuelle\/","title":{"rendered":"Atelier &#8211; Les bons r\u00e9flexes \u00e0 adopter en mati\u00e8re de propri\u00e9t\u00e9 intellectuelle"},"content":{"rendered":"<p><strong>&#x1f4e2; Un atelier pour comprendre et prot\u00e9ger votre propri\u00e9t\u00e9 intellectuelle<\/strong><\/p>\n<p>Dans un monde o\u00f9 l&#8217;innovation et la cr\u00e9ativit\u00e9 sont essentielles, il est crucial de bien comprendre vos droits de propri\u00e9t\u00e9 intellectuelle afin de prot\u00e9ger vos id\u00e9es et cr\u00e9ations. Cet atelier vous permettra de d\u00e9couvrir les diff\u00e9rentes facettes de la propri\u00e9t\u00e9 intellectuelle et d\u2019apprendre les d\u00e9marches n\u00e9cessaires pour les pr\u00e9server efficacement.<\/p>\n<p><strong>&#x1f4a1; Ce que nous pouvons aborder :<\/strong><\/p>\n<p>&#x1f50d; Identifier les diff\u00e9rents droits de propri\u00e9t\u00e9 intellectuelle<\/p>\n<p>Droit d\u2019auteur : Comprendre ce qu&#8217;est le droit d&#8217;auteur et comment prot\u00e9ger vos \u0153uvres cr\u00e9atives.<br \/>\nMarques : D\u00e9finir ce qu\u2019est une marque et conna\u00eetre les r\u00e9flexes \u00e0 adopter lors de son d\u00e9p\u00f4t pour garantir sa protection.<br \/>\nDessins et mod\u00e8les : Appr\u00e9hender ce qu&#8217;est un dessin ou un mod\u00e8le et comment les prot\u00e9ger.<br \/>\nBrevet : Explorer ce qu\u2019est un brevet et son importance dans la protection de vos inventions.<br \/>\n&#x1f4dd; Les r\u00e9flexes contractuels pour prot\u00e9ger votre propri\u00e9t\u00e9 intellectuelle<br \/>\nApprendre \u00e0 r\u00e9diger des contrats et \u00e0 utiliser des accords de confidentialit\u00e9 pour s\u00e9curiser vos id\u00e9es et cr\u00e9ations.<\/p>\n<p>&#x26a0;&#xfe0f; Identifier les droits des tiers et les risques d&#8217;exploitation sans droit<br \/>\nComprendre les implications juridiques d&#8217;une exploitation non autoris\u00e9e et comment \u00e9viter les conflits li\u00e9s \u00e0 la propri\u00e9t\u00e9 intellectuelle.<\/p>\n<p>Une heure pour acqu\u00e9rir les connaissances n\u00e9cessaires \u00e0 la protection de votre propri\u00e9t\u00e9 intellectuelle et s\u00e9curiser vos projets ! &#x1f680;<\/p>\n<p><strong>Pr\u00e9-requis<\/strong> : Avoir d\u00e9j\u00e0 une id\u00e9e du nom et de marque. Pr\u00eate pour faire les d\u00e9marches juridiques pour lancer son activit\u00e9.<\/p>\n<p><strong>Intervenant.e : Alexandra Mazeyrac<\/strong><\/p>\n<p>Avocate, j\u2019accompagne les entrepreneuses depuis plusieurs ann\u00e9es afin de les aider \u00e0 r\u00e9diger leurs contrats commerciaux et \u00e0 mettre en conformit\u00e9 leur site Internet (RGPD) !<\/p>\n<p>Mes domaines de comp\u00e9tence: les contrats, les relations commerciales, les donn\u00e9es personnelles, les impay\u00e9s, les conflits entre entreprises.<\/p>\n<p><strong>Son super pouvoir<\/strong> : Solutionneuse pragmatique de probl\u00e8mes juridiques<\/p>\n<p><strong>Son petit mot : <\/strong>Sky is the limit &#8211; n&#8217;ayez pas peur de ce que vous \u00eates ni de ce que vous souhaitez. <strong><br \/>\n<\/strong><\/p>\n<p><strong>Attention !<\/strong> Veuillez vous pr\u00e9senter \u00e0 l&#8217;heure pour que l&#8217;activit\u00e9 puisse commencer \u00e0 temps. Si vous avez du retard veuillez pr\u00e9venir l&#8217;\u00e9quipe d&#8217;Empow&#8217;Her : <a href=\"mailto:contact.france@empow-her.com\">contact.france@empow-her.com<\/a>\u00a0. Si vous avez plus de 15 min de retard l&#8217;intervenant.e se r\u00e9serve le droit de ne plus vous accepter pour le coaching ou l&#8217;atelier.<\/p>\n","protected":false},"excerpt":{"rendered":"<p><strong>&#x1f4e2; Un atelier pour comprendre et prot\u00e9ger votre propri\u00e9t\u00e9 intellectuelle<\/strong><\/p>\n<p>Dans un monde o\u00f9 l&#8217;innovation et la cr\u00e9ativit\u00e9 sont essentielles, il est crucial de bien comprendre vos droits de propri\u00e9t\u00e9 intellectuelle afin de prot\u00e9ger vos id\u00e9es et cr\u00e9ations. Cet atelier vous permettra de d\u00e9couvrir les diff\u00e9rentes facettes de la propri\u00e9t\u00e9 intellectuelle et d\u2019apprendre les d\u00e9marches n\u00e9cessaires pour les pr\u00e9server efficacement.<\/p>\n<p><strong>&#x1f4a1; Ce que nous pouvons aborder :<\/strong><\/p>\n<p>&#x1f50d; Identifier les diff\u00e9rents droits de propri\u00e9t\u00e9 intellectuelle<\/p>\n<ul>\n<li>Droit d\u2019auteur : Comprendre ce qu&#8217;est le droit d&#8217;auteur et comment prot\u00e9ger vos \u0153uvres cr\u00e9atives.<\/li>\n<li>Marques : D\u00e9finir ce qu\u2019est une marque et conna\u00eetre les r\u00e9flexes \u00e0 adopter lors de son d\u00e9p\u00f4t pour garantir sa protection.<\/li>\n<li>Dessins et mod\u00e8les : Appr\u00e9hender ce qu&#8217;est un dessin ou un mod\u00e8le et comment les prot\u00e9ger.<\/li>\n<li>Brevet : Explorer ce qu\u2019est un brevet et son importance dans la protection de vos inventions.<br \/>\n&#x1f4dd; Les r\u00e9flexes contractuels pour prot\u00e9ger votre propri\u00e9t\u00e9 intellectuelle<\/li>\n<li><\/li>\n<li>Apprendre \u00e0 r\u00e9diger des contrats et \u00e0 utiliser des accords de confidentialit\u00e9 pour s\u00e9curiser vos id\u00e9es et cr\u00e9ations.<\/li>\n<\/ul>\n<p>&#x26a0;&#xfe0f; Identifier les droits des tiers et les risques d&#8217;exploitation sans droit<br \/>\nComprendre les implications juridiques d&#8217;une exploitation non autoris\u00e9e et comment \u00e9viter les conflits li\u00e9s \u00e0 la propri\u00e9t\u00e9 intellectuelle.<\/p>\n<p>Une heure pour acqu\u00e9rir les connaissances n\u00e9cessaires \u00e0 la protection de votre propri\u00e9t\u00e9 intellectuelle et s\u00e9curiser vos projets ! &#x1f680;<\/p>\n<p><strong>Pr\u00e9-requis<\/strong> : Avoir d\u00e9j\u00e0 une id\u00e9e du nom et de marque. Pr\u00eate pour faire les d\u00e9marches juridiques pour lancer son activit\u00e9.<\/p>\n<p><strong>Intervenant.e : Alexandra Mazeyrac<\/strong><\/p>\n<p>Avocate, j\u2019accompagne les entrepreneuses depuis plusieurs ann\u00e9es afin de les aider \u00e0 r\u00e9diger leurs contrats commerciaux et \u00e0 mettre en conformit\u00e9 leur site Internet (RGPD) !<\/p>\n<p>Mes domaines de comp\u00e9tence: les contrats, les relations commerciales, les donn\u00e9es personnelles, les impay\u00e9s, les conflits entre entreprises.<\/p>\n<p><strong>Son super pouvoir<\/strong> : Solutionneuse pragmatique de probl\u00e8mes juridiques<\/p>\n<p><strong>Son petit mot : <\/strong>Sky is the limit &#8211; n&#8217;ayez pas peur de ce que vous \u00eates ni de ce que vous souhaitez. <strong><br \/>\n<\/strong><\/p>\n<p><strong>Attention !<\/strong> Veuillez vous pr\u00e9senter \u00e0 l&#8217;heure pour que l&#8217;activit\u00e9 puisse commencer \u00e0 temps. Si vous avez du retard veuillez pr\u00e9venir l&#8217;\u00e9quipe d&#8217;Empow&#8217;Her : <a href=\"mailto:contact.france@empow-her.com\">contact.france@empow-her.com<\/a>\u00a0. Si vous avez plus de 15 min de retard l&#8217;intervenant.e se r\u00e9serve le droit de ne plus vous accepter pour le coaching ou l&#8217;atelier.<\/p>\n","protected":false},"featured_media":265149,"template":"","format":"standard","meta":{"_acf_changed":false,"om_disable_all_campaigns":false,"_uf_show_specific_survey":0,"_uf_disable_surveys":false},"product_brand":[],"product_cat":[118],"product_tag":[],"lieu":[127],"thematiques":[],"class_list":{"0":"post-265136","1":"product","2":"type-product","3":"status-publish","4":"format-standard","5":"has-post-thumbnail","7":"product_cat-atelier-collectif","8":"lieu-hub-empowher","10":"first","11":"instock","12":"virtual","13":"purchasable","14":"product-type-appointment"},"exclude_global_add_ons":[],"addons":[],"acf":[],"yoast_head":"<!-- This site is optimized with the Yoast SEO plugin v24.8 - https:\/\/yoast.com\/wordpress\/plugins\/seo\/ -->\n<title>Atelier - Les bons r\u00e9flexes \u00e0 adopter en mati\u00e8re de propri\u00e9t\u00e9 intellectuelle - Empow&#039;Her<\/title>\n<meta name=\"robots\" content=\"index, follow, max-snippet:-1, max-image-preview:large, max-video-preview:-1\" \/>\n<link rel=\"canonical\" href=\"https:\/\/empow-her.com\/produit\/atelier-les-bons-reflexes-a-adopter-en-matiere-de-propriete-intellectuelle\/\" \/>\n<meta property=\"og:locale\" content=\"es_ES\" \/>\n<meta property=\"og:type\" content=\"article\" \/>\n<meta property=\"og:title\" content=\"Atelier - Les bons r\u00e9flexes \u00e0 adopter en mati\u00e8re de propri\u00e9t\u00e9 intellectuelle - Empow&#039;Her\" \/>\n<meta property=\"og:description\" content=\"&#x1f4e2; Un atelier pour comprendre et prot\u00e9ger votre propri\u00e9t\u00e9 intellectuelle  Dans un monde o\u00f9 l&#039;innovation et la cr\u00e9ativit\u00e9 sont essentielles, il est crucial de bien comprendre vos droits de propri\u00e9t\u00e9 intellectuelle afin de prot\u00e9ger vos id\u00e9es et cr\u00e9ations. Cet atelier vous permettra de d\u00e9couvrir les diff\u00e9rentes facettes de la propri\u00e9t\u00e9 intellectuelle et d\u2019apprendre les d\u00e9marches n\u00e9cessaires pour les pr\u00e9server efficacement.  &#x1f4a1; Ce que nous pouvons aborder :  &#x1f50d; Identifier les diff\u00e9rents droits de propri\u00e9t\u00e9 intellectuelle   Droit d\u2019auteur : Comprendre ce qu&#039;est le droit d&#039;auteur et comment prot\u00e9ger vos \u0153uvres cr\u00e9atives.  Marques : D\u00e9finir ce qu\u2019est une marque et conna\u00eetre les r\u00e9flexes \u00e0 adopter lors de son d\u00e9p\u00f4t pour garantir sa protection.  Dessins et mod\u00e8les : Appr\u00e9hender ce qu&#039;est un dessin ou un mod\u00e8le et comment les prot\u00e9ger.  Brevet : Explorer ce qu\u2019est un brevet et son importance dans la protection de vos inventions. &#x1f4dd; Les r\u00e9flexes contractuels pour prot\u00e9ger votre propri\u00e9t\u00e9 intellectuelle    Apprendre \u00e0 r\u00e9diger des contrats et \u00e0 utiliser des accords de confidentialit\u00e9 pour s\u00e9curiser vos id\u00e9es et cr\u00e9ations.  &#x26a0;&#xfe0f; Identifier les droits des tiers et les risques d&#039;exploitation sans droit Comprendre les implications juridiques d&#039;une exploitation non autoris\u00e9e et comment \u00e9viter les conflits li\u00e9s \u00e0 la propri\u00e9t\u00e9 intellectuelle.  Une heure pour acqu\u00e9rir les connaissances n\u00e9cessaires \u00e0 la protection de votre propri\u00e9t\u00e9 intellectuelle et s\u00e9curiser vos projets ! &#x1f680;  Pr\u00e9-requis : Avoir d\u00e9j\u00e0 une id\u00e9e du nom et de marque. Pr\u00eate pour faire les d\u00e9marches juridiques pour lancer son activit\u00e9.  Intervenant.e : Alexandra Mazeyrac  Avocate, j\u2019accompagne les entrepreneuses depuis plusieurs ann\u00e9es afin de les aider \u00e0 r\u00e9diger leurs contrats commerciaux et \u00e0 mettre en conformit\u00e9 leur site Internet (RGPD) !  Mes domaines de comp\u00e9tence: les contrats, les relations commerciales, les donn\u00e9es personnelles, les impay\u00e9s, les conflits entre entreprises.  Son super pouvoir : Solutionneuse pragmatique de probl\u00e8mes juridiques  Son petit mot : Sky is the limit - n&#039;ayez pas peur de ce que vous \u00eates ni de ce que vous souhaitez.    Attention ! Veuillez vous pr\u00e9senter \u00e0 l&#039;heure pour que l&#039;activit\u00e9 puisse commencer \u00e0 temps. Si vous avez du retard veuillez pr\u00e9venir l&#039;\u00e9quipe d&#039;Empow&#039;Her : contact.france@empow-her.com\u00a0. Si vous avez plus de 15 min de retard l&#039;intervenant.e se r\u00e9serve le droit de ne plus vous accepter pour le coaching ou l&#039;atelier.\" \/>\n<meta property=\"og:url\" content=\"https:\/\/empow-her.com\/produit\/atelier-les-bons-reflexes-a-adopter-en-matiere-de-propriete-intellectuelle\/\" \/>\n<meta property=\"og:site_name\" content=\"Empow&#039;Her\" \/>\n<meta property=\"article:modified_time\" content=\"2025-02-28T16:13:42+00:00\" \/>\n<meta property=\"og:image\" content=\"https:\/\/empow-her.com\/wp-content\/uploads\/2025\/02\/Women-Dare-templates-events-42.png\" \/>\n\t<meta property=\"og:image:width\" content=\"1080\" \/>\n\t<meta property=\"og:image:height\" content=\"1080\" \/>\n\t<meta property=\"og:image:type\" content=\"image\/png\" \/>\n<meta name=\"twitter:card\" content=\"summary_large_image\" \/>\n<meta name=\"twitter:label1\" content=\"Tiempo de lectura\" \/>\n\t<meta name=\"twitter:data1\" content=\"3 minutos\" \/>\n<script type=\"application\/ld+json\" class=\"yoast-schema-graph\">{\"@context\":\"https:\/\/schema.org\",\"@graph\":[{\"@type\":\"WebPage\",\"@id\":\"https:\/\/empow-her.com\/produit\/atelier-les-bons-reflexes-a-adopter-en-matiere-de-propriete-intellectuelle\/\",\"url\":\"https:\/\/empow-her.com\/produit\/atelier-les-bons-reflexes-a-adopter-en-matiere-de-propriete-intellectuelle\/\",\"name\":\"Atelier - Les bons r\u00e9flexes \u00e0 adopter en mati\u00e8re de propri\u00e9t\u00e9 intellectuelle - Empow&#039;Her\",\"isPartOf\":{\"@id\":\"https:\/\/empow-her.com\/#website\"},\"primaryImageOfPage\":{\"@id\":\"https:\/\/empow-her.com\/produit\/atelier-les-bons-reflexes-a-adopter-en-matiere-de-propriete-intellectuelle\/#primaryimage\"},\"image\":{\"@id\":\"https:\/\/empow-her.com\/produit\/atelier-les-bons-reflexes-a-adopter-en-matiere-de-propriete-intellectuelle\/#primaryimage\"},\"thumbnailUrl\":\"https:\/\/empow-her.com\/wp-content\/uploads\/2025\/02\/Women-Dare-templates-events-42.png\",\"datePublished\":\"2025-02-18T09:58:06+00:00\",\"dateModified\":\"2025-02-28T16:13:42+00:00\",\"breadcrumb\":{\"@id\":\"https:\/\/empow-her.com\/produit\/atelier-les-bons-reflexes-a-adopter-en-matiere-de-propriete-intellectuelle\/#breadcrumb\"},\"inLanguage\":\"es\",\"potentialAction\":[{\"@type\":\"ReadAction\",\"target\":[\"https:\/\/empow-her.com\/produit\/atelier-les-bons-reflexes-a-adopter-en-matiere-de-propriete-intellectuelle\/\"]}]},{\"@type\":\"ImageObject\",\"inLanguage\":\"es\",\"@id\":\"https:\/\/empow-her.com\/produit\/atelier-les-bons-reflexes-a-adopter-en-matiere-de-propriete-intellectuelle\/#primaryimage\",\"url\":\"https:\/\/empow-her.com\/wp-content\/uploads\/2025\/02\/Women-Dare-templates-events-42.png\",\"contentUrl\":\"https:\/\/empow-her.com\/wp-content\/uploads\/2025\/02\/Women-Dare-templates-events-42.png\",\"width\":1080,\"height\":1080},{\"@type\":\"BreadcrumbList\",\"@id\":\"https:\/\/empow-her.com\/produit\/atelier-les-bons-reflexes-a-adopter-en-matiere-de-propriete-intellectuelle\/#breadcrumb\",\"itemListElement\":[{\"@type\":\"ListItem\",\"position\":1,\"name\":\"Accueil\",\"item\":\"https:\/\/empow-her.com\/es\/inicio\/\"},{\"@type\":\"ListItem\",\"position\":2,\"name\":\"LA BOUTIQUE\",\"item\":\"https:\/\/empow-her.com\/boutique\/\"},{\"@type\":\"ListItem\",\"position\":3,\"name\":\"Atelier &#8211; Les bons r\u00e9flexes \u00e0 adopter en mati\u00e8re de propri\u00e9t\u00e9 intellectuelle\"}]},{\"@type\":\"WebSite\",\"@id\":\"https:\/\/empow-her.com\/#website\",\"url\":\"https:\/\/empow-her.com\/\",\"name\":\"Empow&#039;Her\",\"description\":\"Women Development\",\"potentialAction\":[{\"@type\":\"SearchAction\",\"target\":{\"@type\":\"EntryPoint\",\"urlTemplate\":\"https:\/\/empow-her.com\/?s={search_term_string}\"},\"query-input\":{\"@type\":\"PropertyValueSpecification\",\"valueRequired\":true,\"valueName\":\"search_term_string\"}}],\"inLanguage\":\"es\"}]}<\/script>\n<!-- \/ Yoast SEO plugin. -->","yoast_head_json":{"title":"Atelier - Les bons r\u00e9flexes \u00e0 adopter en mati\u00e8re de propri\u00e9t\u00e9 intellectuelle - Empow&#039;Her","robots":{"index":"index","follow":"follow","max-snippet":"max-snippet:-1","max-image-preview":"max-image-preview:large","max-video-preview":"max-video-preview:-1"},"canonical":"https:\/\/empow-her.com\/produit\/atelier-les-bons-reflexes-a-adopter-en-matiere-de-propriete-intellectuelle\/","og_locale":"es_ES","og_type":"article","og_title":"Atelier - Les bons r\u00e9flexes \u00e0 adopter en mati\u00e8re de propri\u00e9t\u00e9 intellectuelle - Empow&#039;Her","og_description":"&#x1f4e2; Un atelier pour comprendre et prot\u00e9ger votre propri\u00e9t\u00e9 intellectuelle  Dans un monde o\u00f9 l'innovation et la cr\u00e9ativit\u00e9 sont essentielles, il est crucial de bien comprendre vos droits de propri\u00e9t\u00e9 intellectuelle afin de prot\u00e9ger vos id\u00e9es et cr\u00e9ations. Cet atelier vous permettra de d\u00e9couvrir les diff\u00e9rentes facettes de la propri\u00e9t\u00e9 intellectuelle et d\u2019apprendre les d\u00e9marches n\u00e9cessaires pour les pr\u00e9server efficacement.  &#x1f4a1; Ce que nous pouvons aborder :  &#x1f50d; Identifier les diff\u00e9rents droits de propri\u00e9t\u00e9 intellectuelle   Droit d\u2019auteur : Comprendre ce qu'est le droit d'auteur et comment prot\u00e9ger vos \u0153uvres cr\u00e9atives.  Marques : D\u00e9finir ce qu\u2019est une marque et conna\u00eetre les r\u00e9flexes \u00e0 adopter lors de son d\u00e9p\u00f4t pour garantir sa protection.  Dessins et mod\u00e8les : Appr\u00e9hender ce qu'est un dessin ou un mod\u00e8le et comment les prot\u00e9ger.  Brevet : Explorer ce qu\u2019est un brevet et son importance dans la protection de vos inventions. &#x1f4dd; Les r\u00e9flexes contractuels pour prot\u00e9ger votre propri\u00e9t\u00e9 intellectuelle    Apprendre \u00e0 r\u00e9diger des contrats et \u00e0 utiliser des accords de confidentialit\u00e9 pour s\u00e9curiser vos id\u00e9es et cr\u00e9ations.  &#x26a0;&#xfe0f; Identifier les droits des tiers et les risques d'exploitation sans droit Comprendre les implications juridiques d'une exploitation non autoris\u00e9e et comment \u00e9viter les conflits li\u00e9s \u00e0 la propri\u00e9t\u00e9 intellectuelle.  Une heure pour acqu\u00e9rir les connaissances n\u00e9cessaires \u00e0 la protection de votre propri\u00e9t\u00e9 intellectuelle et s\u00e9curiser vos projets ! &#x1f680;  Pr\u00e9-requis : Avoir d\u00e9j\u00e0 une id\u00e9e du nom et de marque. Pr\u00eate pour faire les d\u00e9marches juridiques pour lancer son activit\u00e9.  Intervenant.e : Alexandra Mazeyrac  Avocate, j\u2019accompagne les entrepreneuses depuis plusieurs ann\u00e9es afin de les aider \u00e0 r\u00e9diger leurs contrats commerciaux et \u00e0 mettre en conformit\u00e9 leur site Internet (RGPD) !  Mes domaines de comp\u00e9tence: les contrats, les relations commerciales, les donn\u00e9es personnelles, les impay\u00e9s, les conflits entre entreprises.  Son super pouvoir : Solutionneuse pragmatique de probl\u00e8mes juridiques  Son petit mot : Sky is the limit - n'ayez pas peur de ce que vous \u00eates ni de ce que vous souhaitez.    Attention ! Veuillez vous pr\u00e9senter \u00e0 l'heure pour que l'activit\u00e9 puisse commencer \u00e0 temps. Si vous avez du retard veuillez pr\u00e9venir l'\u00e9quipe d'Empow'Her : contact.france@empow-her.com\u00a0. Si vous avez plus de 15 min de retard l'intervenant.e se r\u00e9serve le droit de ne plus vous accepter pour le coaching ou l'atelier.","og_url":"https:\/\/empow-her.com\/produit\/atelier-les-bons-reflexes-a-adopter-en-matiere-de-propriete-intellectuelle\/","og_site_name":"Empow&#039;Her","article_modified_time":"2025-02-28T16:13:42+00:00","og_image":[{"width":1080,"height":1080,"url":"https:\/\/empow-her.com\/wp-content\/uploads\/2025\/02\/Women-Dare-templates-events-42.png","type":"image\/png"}],"twitter_card":"summary_large_image","twitter_misc":{"Tiempo de lectura":"3 minutos"},"schema":{"@context":"https:\/\/schema.org","@graph":[{"@type":"WebPage","@id":"https:\/\/empow-her.com\/produit\/atelier-les-bons-reflexes-a-adopter-en-matiere-de-propriete-intellectuelle\/","url":"https:\/\/empow-her.com\/produit\/atelier-les-bons-reflexes-a-adopter-en-matiere-de-propriete-intellectuelle\/","name":"Atelier - Les bons r\u00e9flexes \u00e0 adopter en mati\u00e8re de propri\u00e9t\u00e9 intellectuelle - Empow&#039;Her","isPartOf":{"@id":"https:\/\/empow-her.com\/#website"},"primaryImageOfPage":{"@id":"https:\/\/empow-her.com\/produit\/atelier-les-bons-reflexes-a-adopter-en-matiere-de-propriete-intellectuelle\/#primaryimage"},"image":{"@id":"https:\/\/empow-her.com\/produit\/atelier-les-bons-reflexes-a-adopter-en-matiere-de-propriete-intellectuelle\/#primaryimage"},"thumbnailUrl":"https:\/\/empow-her.com\/wp-content\/uploads\/2025\/02\/Women-Dare-templates-events-42.png","datePublished":"2025-02-18T09:58:06+00:00","dateModified":"2025-02-28T16:13:42+00:00","breadcrumb":{"@id":"https:\/\/empow-her.com\/produit\/atelier-les-bons-reflexes-a-adopter-en-matiere-de-propriete-intellectuelle\/#breadcrumb"},"inLanguage":"es","potentialAction":[{"@type":"ReadAction","target":["https:\/\/empow-her.com\/produit\/atelier-les-bons-reflexes-a-adopter-en-matiere-de-propriete-intellectuelle\/"]}]},{"@type":"ImageObject","inLanguage":"es","@id":"https:\/\/empow-her.com\/produit\/atelier-les-bons-reflexes-a-adopter-en-matiere-de-propriete-intellectuelle\/#primaryimage","url":"https:\/\/empow-her.com\/wp-content\/uploads\/2025\/02\/Women-Dare-templates-events-42.png","contentUrl":"https:\/\/empow-her.com\/wp-content\/uploads\/2025\/02\/Women-Dare-templates-events-42.png","width":1080,"height":1080},{"@type":"BreadcrumbList","@id":"https:\/\/empow-her.com\/produit\/atelier-les-bons-reflexes-a-adopter-en-matiere-de-propriete-intellectuelle\/#breadcrumb","itemListElement":[{"@type":"ListItem","position":1,"name":"Accueil","item":"https:\/\/empow-her.com\/es\/inicio\/"},{"@type":"ListItem","position":2,"name":"LA BOUTIQUE","item":"https:\/\/empow-her.com\/boutique\/"},{"@type":"ListItem","position":3,"name":"Atelier &#8211; Les bons r\u00e9flexes \u00e0 adopter en mati\u00e8re de propri\u00e9t\u00e9 intellectuelle"}]},{"@type":"WebSite","@id":"https:\/\/empow-her.com\/#website","url":"https:\/\/empow-her.com\/","name":"Empow&#039;Her","description":"Women Development","potentialAction":[{"@type":"SearchAction","target":{"@type":"EntryPoint","urlTemplate":"https:\/\/empow-her.com\/?s={search_term_string}"},"query-input":{"@type":"PropertyValueSpecification","valueRequired":true,"valueName":"search_term_string"}}],"inLanguage":"es"}]}},"_links":{"self":[{"href":"https:\/\/empow-her.com\/es\/wp-json\/wp\/v2\/product\/265136","targetHints":{"allow":["GET"]}}],"collection":[{"href":"https:\/\/empow-her.com\/es\/wp-json\/wp\/v2\/product"}],"about":[{"href":"https:\/\/empow-her.com\/es\/wp-json\/wp\/v2\/types\/product"}],"wp:featuredmedia":[{"embeddable":true,"href":"https:\/\/empow-her.com\/es\/wp-json\/wp\/v2\/media\/265149"}],"wp:attachment":[{"href":"https:\/\/empow-her.com\/es\/wp-json\/wp\/v2\/media?parent=265136"}],"wp:term":[{"taxonomy":"product_brand","embeddable":true,"href":"https:\/\/empow-her.com\/es\/wp-json\/wp\/v2\/product_brand?post=265136"},{"taxonomy":"product_cat","embeddable":true,"href":"https:\/\/empow-her.com\/es\/wp-json\/wp\/v2\/product_cat?post=265136"},{"taxonomy":"product_tag","embeddable":true,"href":"https:\/\/empow-her.com\/es\/wp-json\/wp\/v2\/product_tag?post=265136"},{"taxonomy":"lieu","embeddable":true,"href":"https:\/\/empow-her.com\/es\/wp-json\/wp\/v2\/lieu?post=265136"},{"taxonomy":"thematiques","embeddable":true,"href":"https:\/\/empow-her.com\/es\/wp-json\/wp\/v2\/thematiques?post=265136"}],"curies":[{"name":"wp","href":"https:\/\/api.w.org\/{rel}","templated":true}]}}