{"id":263991,"date":"2025-01-23T12:21:44","date_gmt":"2025-01-23T11:21:44","guid":{"rendered":"https:\/\/empow-her.com\/?post_type=product&#038;p=263991"},"modified":"2025-01-28T12:38:39","modified_gmt":"2025-01-28T11:38:39","slug":"webinaire-infoess-loi-2014-societes-commerciales-de-less-agrement-esus-reseau-de-laccompagnement-francilien","status":"publish","type":"product","link":"https:\/\/empow-her.com\/es\/produit\/webinaire-infoess-loi-2014-societes-commerciales-de-less-agrement-esus-reseau-de-laccompagnement-francilien\/","title":{"rendered":"Webinaire Info&#8217;ESS : loi 2014, soci\u00e9t\u00e9s commerciales de l&#8217;ESS, agr\u00e9ment ESUS, r\u00e9seau de l&#8217;accompagnement francilien"},"content":{"rendered":"<div class=\"l7ghb35v kjdc1dyq kmwttqpk gh25dzvf jikcssrz\"><strong>Vous voulez en savoir plus sur les fondamentaux de l&#8217;ESS ?\u00a0<\/strong><br \/>\n<strong><strong>Son historique, la loi qui r\u00e9gie le cadre de l&#8217;ESS et les statuts associ\u00e9s notamment des soci\u00e9t\u00e9s commerciales de l&#8217;ESS et de l&#8217;agr\u00e9ment ESUS ?<\/strong><\/strong><\/div>\n<div>Alors ce webinaire d&#8217;information est pour vous ! La CRESS vous donnera les premi\u00e8res cl\u00e9s pour comprendre ce qu&#8217;est r\u00e9ellement l&#8217;ESS.<\/div>\n<p><strong>D\u00e9roul\u00e9 :<br \/>\n<\/strong><br \/>\nLes fondements historiques de l&#8217;ESS,<br \/>\nUn focus sur la loi ESS de 2014,<br \/>\nPr\u00e9sentation des soci\u00e9t\u00e9s commerciales de l&#8217;ESS et de l&#8217;agr\u00e9ment ESUS<br \/>\nLes principaux r\u00e9seaux de l&#8217;accompagnement.<\/p>\n<div><\/div>\n<div>\n<p><strong>La CRESS :\u00a0<\/strong><\/p>\n<p>La Chambre R\u00e9gionale de l\u2019\u00e9conomie Sociale et Solidaire d\u2019\u00cele-de-France accompagne le d\u00e9veloppement et la promotion de l\u2019\u00e9conomie sociale et solidaire sur l\u2019ensemble du territoire r\u00e9gional.<\/p>\n<\/div>\n<div>\n<p>Ouverte \u00e0 toutes les structures de l\u2019ESS ind\u00e9pendamment de leur statut, la CRESS IDF vise \u00e0 favoriser les \u00e9changes entre acteurs, repr\u00e9senter et d\u00e9fendre les int\u00e9r\u00eats des organisations de son champ aupr\u00e8s des pouvoirs publics et soutenir l\u2019\u00e9mergence et la p\u00e9rennisation d\u2019initiatives d\u2019utilit\u00e9 sociale.<\/p>\n<p><strong>Pour rappel ce format est en ligne ! Nous vous enverrons le lien de connexion une fois l&#8217;inscription r\u00e9alis\u00e9e<br \/>\n<\/strong><\/p>\n<\/div>\n<p>Voici le formulaire d&#8217;inscription : https:\/\/forms.office.com\/e\/d8Z6J1NBHp<\/p>\n","protected":false},"excerpt":{"rendered":"<div class=\"l7ghb35v kjdc1dyq kmwttqpk gh25dzvf jikcssrz\">\n<div class=\"l7ghb35v kjdc1dyq kmwttqpk gh25dzvf jikcssrz\"><strong>Vous voulez en savoir plus sur les fondamentaux de l&#8217;ESS ?\u00a0<\/strong><br \/>\n<strong><strong>Son historique, la loi qui r\u00e9gie le cadre de l&#8217;ESS et les statuts associ\u00e9s notamment des soci\u00e9t\u00e9s commerciales de l&#8217;ESS et de l&#8217;agr\u00e9ment ESUS ?<\/strong><\/strong><\/div>\n<div>Alors ce webinaire d&#8217;information est pour vous ! La CRESS vous donnera les premi\u00e8res cl\u00e9s pour comprendre ce qu&#8217;est r\u00e9ellement l&#8217;ESS.<\/div>\n<p><strong>D\u00e9roul\u00e9 :<br \/>\n<\/strong><br \/>\nLes fondements historiques de l&#8217;ESS,<br \/>\nUn focus sur la loi ESS de 2014,<br \/>\nPr\u00e9sentation des soci\u00e9t\u00e9s commerciales de l&#8217;ESS et de l&#8217;agr\u00e9ment ESUS<br \/>\nLes principaux r\u00e9seaux de l&#8217;accompagnement.<\/p>\n<div><\/div>\n<div>\n<p><strong>La CRESS :\u00a0<\/strong><\/p>\n<p>La Chambre R\u00e9gionale de l\u2019\u00e9conomie Sociale et Solidaire d\u2019\u00cele-de-France accompagne le d\u00e9veloppement et la promotion de l\u2019\u00e9conomie sociale et solidaire sur l\u2019ensemble du territoire r\u00e9gional.<\/p>\n<\/div>\n<div>\n<p>Ouverte \u00e0 toutes les structures de l\u2019ESS ind\u00e9pendamment de leur statut, la CRESS IDF vise \u00e0 favoriser les \u00e9changes entre acteurs, repr\u00e9senter et d\u00e9fendre les int\u00e9r\u00eats des organisations de son champ aupr\u00e8s des pouvoirs publics et soutenir l\u2019\u00e9mergence et la p\u00e9rennisation d\u2019initiatives d\u2019utilit\u00e9 sociale.<\/p>\n<p><strong>Pour rappel ce format est en ligne ! Nous vous enverrons le lien de connexion une fois l&#8217;inscription r\u00e9alis\u00e9e !<\/strong><\/p>\n<\/div>\n<p>Voici le formulaire d&#8217;inscription : https:\/\/forms.office.com\/e\/d8Z6J1NBHp<\/p>\n<\/div>\n","protected":false},"featured_media":263995,"template":"","format":"standard","meta":{"_acf_changed":false,"om_disable_all_campaigns":false,"_uf_show_specific_survey":0,"_uf_disable_surveys":false},"product_brand":[],"product_cat":[118],"product_tag":[],"lieu":[125],"thematiques":[],"class_list":{"0":"post-263991","1":"product","2":"type-product","3":"status-publish","4":"format-standard","5":"has-post-thumbnail","7":"product_cat-atelier-collectif","8":"lieu-en-ligne","10":"first","11":"instock","12":"virtual","13":"purchasable","14":"product-type-appointment"},"exclude_global_add_ons":[],"addons":[],"acf":[],"yoast_head":"<!-- This site is optimized with the Yoast SEO plugin v24.8 - https:\/\/yoast.com\/wordpress\/plugins\/seo\/ -->\n<title>Webinaire Info&#039;ESS : loi 2014, soci\u00e9t\u00e9s commerciales de l&#039;ESS, agr\u00e9ment ESUS, r\u00e9seau de l&#039;accompagnement francilien - Empow&#039;Her<\/title>\n<meta name=\"robots\" content=\"index, follow, max-snippet:-1, max-image-preview:large, max-video-preview:-1\" \/>\n<link rel=\"canonical\" href=\"https:\/\/empow-her.com\/produit\/webinaire-infoess-loi-2014-societes-commerciales-de-less-agrement-esus-reseau-de-laccompagnement-francilien\/\" \/>\n<meta property=\"og:locale\" content=\"es_ES\" \/>\n<meta property=\"og:type\" content=\"article\" \/>\n<meta property=\"og:title\" content=\"Webinaire Info&#039;ESS : loi 2014, soci\u00e9t\u00e9s commerciales de l&#039;ESS, agr\u00e9ment ESUS, r\u00e9seau de l&#039;accompagnement francilien - Empow&#039;Her\" \/>\n<meta property=\"og:description\" content=\"Vous voulez en savoir plus sur les fondamentaux de l&#039;ESS ?\u00a0 Son historique, la loi qui r\u00e9gie le cadre de l&#039;ESS et les statuts associ\u00e9s notamment des soci\u00e9t\u00e9s commerciales de l&#039;ESS et de l&#039;agr\u00e9ment ESUS ? Alors ce webinaire d&#039;information est pour vous ! La CRESS vous donnera les premi\u00e8res cl\u00e9s pour comprendre ce qu&#039;est r\u00e9ellement l&#039;ESS. D\u00e9roul\u00e9 :  Les fondements historiques de l&#039;ESS, Un focus sur la loi ESS de 2014, Pr\u00e9sentation des soci\u00e9t\u00e9s commerciales de l&#039;ESS et de l&#039;agr\u00e9ment ESUS Les principaux r\u00e9seaux de l&#039;accompagnement.    La CRESS :\u00a0  La Chambre R\u00e9gionale de l\u2019\u00e9conomie Sociale et Solidaire d\u2019\u00cele-de-France accompagne le d\u00e9veloppement et la promotion de l\u2019\u00e9conomie sociale et solidaire sur l\u2019ensemble du territoire r\u00e9gional.     Ouverte \u00e0 toutes les structures de l\u2019ESS ind\u00e9pendamment de leur statut, la CRESS IDF vise \u00e0 favoriser les \u00e9changes entre acteurs, repr\u00e9senter et d\u00e9fendre les int\u00e9r\u00eats des organisations de son champ aupr\u00e8s des pouvoirs publics et soutenir l\u2019\u00e9mergence et la p\u00e9rennisation d\u2019initiatives d\u2019utilit\u00e9 sociale.  Pour rappel ce format est en ligne ! Nous vous enverrons le lien de connexion une fois l&#039;inscription r\u00e9alis\u00e9e !   Voici le formulaire d&#039;inscription : https:\/\/forms.office.com\/e\/d8Z6J1NBHp\" \/>\n<meta property=\"og:url\" content=\"https:\/\/empow-her.com\/produit\/webinaire-infoess-loi-2014-societes-commerciales-de-less-agrement-esus-reseau-de-laccompagnement-francilien\/\" \/>\n<meta property=\"og:site_name\" content=\"Empow&#039;Her\" \/>\n<meta property=\"article:modified_time\" content=\"2025-01-28T11:38:39+00:00\" \/>\n<meta property=\"og:image\" content=\"https:\/\/empow-her.com\/wp-content\/uploads\/2025\/01\/Women-Dare-templates-events-27.png\" \/>\n\t<meta property=\"og:image:width\" content=\"1080\" \/>\n\t<meta property=\"og:image:height\" content=\"1080\" \/>\n\t<meta property=\"og:image:type\" content=\"image\/png\" \/>\n<meta name=\"twitter:card\" content=\"summary_large_image\" \/>\n<meta name=\"twitter:label1\" content=\"Tiempo de lectura\" \/>\n\t<meta name=\"twitter:data1\" content=\"2 minutos\" \/>\n<script type=\"application\/ld+json\" class=\"yoast-schema-graph\">{\"@context\":\"https:\/\/schema.org\",\"@graph\":[{\"@type\":\"WebPage\",\"@id\":\"https:\/\/empow-her.com\/produit\/webinaire-infoess-loi-2014-societes-commerciales-de-less-agrement-esus-reseau-de-laccompagnement-francilien\/\",\"url\":\"https:\/\/empow-her.com\/produit\/webinaire-infoess-loi-2014-societes-commerciales-de-less-agrement-esus-reseau-de-laccompagnement-francilien\/\",\"name\":\"Webinaire Info'ESS : loi 2014, soci\u00e9t\u00e9s commerciales de l'ESS, agr\u00e9ment ESUS, r\u00e9seau de l'accompagnement francilien - Empow&#039;Her\",\"isPartOf\":{\"@id\":\"https:\/\/empow-her.com\/#website\"},\"primaryImageOfPage\":{\"@id\":\"https:\/\/empow-her.com\/produit\/webinaire-infoess-loi-2014-societes-commerciales-de-less-agrement-esus-reseau-de-laccompagnement-francilien\/#primaryimage\"},\"image\":{\"@id\":\"https:\/\/empow-her.com\/produit\/webinaire-infoess-loi-2014-societes-commerciales-de-less-agrement-esus-reseau-de-laccompagnement-francilien\/#primaryimage\"},\"thumbnailUrl\":\"https:\/\/empow-her.com\/wp-content\/uploads\/2025\/01\/Women-Dare-templates-events-27.png\",\"datePublished\":\"2025-01-23T11:21:44+00:00\",\"dateModified\":\"2025-01-28T11:38:39+00:00\",\"breadcrumb\":{\"@id\":\"https:\/\/empow-her.com\/produit\/webinaire-infoess-loi-2014-societes-commerciales-de-less-agrement-esus-reseau-de-laccompagnement-francilien\/#breadcrumb\"},\"inLanguage\":\"es\",\"potentialAction\":[{\"@type\":\"ReadAction\",\"target\":[\"https:\/\/empow-her.com\/produit\/webinaire-infoess-loi-2014-societes-commerciales-de-less-agrement-esus-reseau-de-laccompagnement-francilien\/\"]}]},{\"@type\":\"ImageObject\",\"inLanguage\":\"es\",\"@id\":\"https:\/\/empow-her.com\/produit\/webinaire-infoess-loi-2014-societes-commerciales-de-less-agrement-esus-reseau-de-laccompagnement-francilien\/#primaryimage\",\"url\":\"https:\/\/empow-her.com\/wp-content\/uploads\/2025\/01\/Women-Dare-templates-events-27.png\",\"contentUrl\":\"https:\/\/empow-her.com\/wp-content\/uploads\/2025\/01\/Women-Dare-templates-events-27.png\",\"width\":1080,\"height\":1080},{\"@type\":\"BreadcrumbList\",\"@id\":\"https:\/\/empow-her.com\/produit\/webinaire-infoess-loi-2014-societes-commerciales-de-less-agrement-esus-reseau-de-laccompagnement-francilien\/#breadcrumb\",\"itemListElement\":[{\"@type\":\"ListItem\",\"position\":1,\"name\":\"Accueil\",\"item\":\"https:\/\/empow-her.com\/es\/inicio\/\"},{\"@type\":\"ListItem\",\"position\":2,\"name\":\"LA BOUTIQUE\",\"item\":\"https:\/\/empow-her.com\/boutique\/\"},{\"@type\":\"ListItem\",\"position\":3,\"name\":\"Webinaire Info&#8217;ESS : loi 2014, soci\u00e9t\u00e9s commerciales de l&#8217;ESS, agr\u00e9ment ESUS, r\u00e9seau de l&#8217;accompagnement francilien\"}]},{\"@type\":\"WebSite\",\"@id\":\"https:\/\/empow-her.com\/#website\",\"url\":\"https:\/\/empow-her.com\/\",\"name\":\"Empow&#039;Her\",\"description\":\"Women Development\",\"potentialAction\":[{\"@type\":\"SearchAction\",\"target\":{\"@type\":\"EntryPoint\",\"urlTemplate\":\"https:\/\/empow-her.com\/?s={search_term_string}\"},\"query-input\":{\"@type\":\"PropertyValueSpecification\",\"valueRequired\":true,\"valueName\":\"search_term_string\"}}],\"inLanguage\":\"es\"}]}<\/script>\n<!-- \/ Yoast SEO plugin. -->","yoast_head_json":{"title":"Webinaire Info'ESS : loi 2014, soci\u00e9t\u00e9s commerciales de l'ESS, agr\u00e9ment ESUS, r\u00e9seau de l'accompagnement francilien - Empow&#039;Her","robots":{"index":"index","follow":"follow","max-snippet":"max-snippet:-1","max-image-preview":"max-image-preview:large","max-video-preview":"max-video-preview:-1"},"canonical":"https:\/\/empow-her.com\/produit\/webinaire-infoess-loi-2014-societes-commerciales-de-less-agrement-esus-reseau-de-laccompagnement-francilien\/","og_locale":"es_ES","og_type":"article","og_title":"Webinaire Info'ESS : loi 2014, soci\u00e9t\u00e9s commerciales de l'ESS, agr\u00e9ment ESUS, r\u00e9seau de l'accompagnement francilien - Empow&#039;Her","og_description":"Vous voulez en savoir plus sur les fondamentaux de l'ESS ?\u00a0 Son historique, la loi qui r\u00e9gie le cadre de l'ESS et les statuts associ\u00e9s notamment des soci\u00e9t\u00e9s commerciales de l'ESS et de l'agr\u00e9ment ESUS ? Alors ce webinaire d'information est pour vous ! La CRESS vous donnera les premi\u00e8res cl\u00e9s pour comprendre ce qu'est r\u00e9ellement l'ESS. D\u00e9roul\u00e9 :  Les fondements historiques de l'ESS, Un focus sur la loi ESS de 2014, Pr\u00e9sentation des soci\u00e9t\u00e9s commerciales de l'ESS et de l'agr\u00e9ment ESUS Les principaux r\u00e9seaux de l'accompagnement.    La CRESS :\u00a0  La Chambre R\u00e9gionale de l\u2019\u00e9conomie Sociale et Solidaire d\u2019\u00cele-de-France accompagne le d\u00e9veloppement et la promotion de l\u2019\u00e9conomie sociale et solidaire sur l\u2019ensemble du territoire r\u00e9gional.     Ouverte \u00e0 toutes les structures de l\u2019ESS ind\u00e9pendamment de leur statut, la CRESS IDF vise \u00e0 favoriser les \u00e9changes entre acteurs, repr\u00e9senter et d\u00e9fendre les int\u00e9r\u00eats des organisations de son champ aupr\u00e8s des pouvoirs publics et soutenir l\u2019\u00e9mergence et la p\u00e9rennisation d\u2019initiatives d\u2019utilit\u00e9 sociale.  Pour rappel ce format est en ligne ! Nous vous enverrons le lien de connexion une fois l'inscription r\u00e9alis\u00e9e !   Voici le formulaire d'inscription : https:\/\/forms.office.com\/e\/d8Z6J1NBHp","og_url":"https:\/\/empow-her.com\/produit\/webinaire-infoess-loi-2014-societes-commerciales-de-less-agrement-esus-reseau-de-laccompagnement-francilien\/","og_site_name":"Empow&#039;Her","article_modified_time":"2025-01-28T11:38:39+00:00","og_image":[{"width":1080,"height":1080,"url":"https:\/\/empow-her.com\/wp-content\/uploads\/2025\/01\/Women-Dare-templates-events-27.png","type":"image\/png"}],"twitter_card":"summary_large_image","twitter_misc":{"Tiempo de lectura":"2 minutos"},"schema":{"@context":"https:\/\/schema.org","@graph":[{"@type":"WebPage","@id":"https:\/\/empow-her.com\/produit\/webinaire-infoess-loi-2014-societes-commerciales-de-less-agrement-esus-reseau-de-laccompagnement-francilien\/","url":"https:\/\/empow-her.com\/produit\/webinaire-infoess-loi-2014-societes-commerciales-de-less-agrement-esus-reseau-de-laccompagnement-francilien\/","name":"Webinaire Info'ESS : loi 2014, soci\u00e9t\u00e9s commerciales de l'ESS, agr\u00e9ment ESUS, r\u00e9seau de l'accompagnement francilien - Empow&#039;Her","isPartOf":{"@id":"https:\/\/empow-her.com\/#website"},"primaryImageOfPage":{"@id":"https:\/\/empow-her.com\/produit\/webinaire-infoess-loi-2014-societes-commerciales-de-less-agrement-esus-reseau-de-laccompagnement-francilien\/#primaryimage"},"image":{"@id":"https:\/\/empow-her.com\/produit\/webinaire-infoess-loi-2014-societes-commerciales-de-less-agrement-esus-reseau-de-laccompagnement-francilien\/#primaryimage"},"thumbnailUrl":"https:\/\/empow-her.com\/wp-content\/uploads\/2025\/01\/Women-Dare-templates-events-27.png","datePublished":"2025-01-23T11:21:44+00:00","dateModified":"2025-01-28T11:38:39+00:00","breadcrumb":{"@id":"https:\/\/empow-her.com\/produit\/webinaire-infoess-loi-2014-societes-commerciales-de-less-agrement-esus-reseau-de-laccompagnement-francilien\/#breadcrumb"},"inLanguage":"es","potentialAction":[{"@type":"ReadAction","target":["https:\/\/empow-her.com\/produit\/webinaire-infoess-loi-2014-societes-commerciales-de-less-agrement-esus-reseau-de-laccompagnement-francilien\/"]}]},{"@type":"ImageObject","inLanguage":"es","@id":"https:\/\/empow-her.com\/produit\/webinaire-infoess-loi-2014-societes-commerciales-de-less-agrement-esus-reseau-de-laccompagnement-francilien\/#primaryimage","url":"https:\/\/empow-her.com\/wp-content\/uploads\/2025\/01\/Women-Dare-templates-events-27.png","contentUrl":"https:\/\/empow-her.com\/wp-content\/uploads\/2025\/01\/Women-Dare-templates-events-27.png","width":1080,"height":1080},{"@type":"BreadcrumbList","@id":"https:\/\/empow-her.com\/produit\/webinaire-infoess-loi-2014-societes-commerciales-de-less-agrement-esus-reseau-de-laccompagnement-francilien\/#breadcrumb","itemListElement":[{"@type":"ListItem","position":1,"name":"Accueil","item":"https:\/\/empow-her.com\/es\/inicio\/"},{"@type":"ListItem","position":2,"name":"LA BOUTIQUE","item":"https:\/\/empow-her.com\/boutique\/"},{"@type":"ListItem","position":3,"name":"Webinaire Info&#8217;ESS : loi 2014, soci\u00e9t\u00e9s commerciales de l&#8217;ESS, agr\u00e9ment ESUS, r\u00e9seau de l&#8217;accompagnement francilien"}]},{"@type":"WebSite","@id":"https:\/\/empow-her.com\/#website","url":"https:\/\/empow-her.com\/","name":"Empow&#039;Her","description":"Women Development","potentialAction":[{"@type":"SearchAction","target":{"@type":"EntryPoint","urlTemplate":"https:\/\/empow-her.com\/?s={search_term_string}"},"query-input":{"@type":"PropertyValueSpecification","valueRequired":true,"valueName":"search_term_string"}}],"inLanguage":"es"}]}},"_links":{"self":[{"href":"https:\/\/empow-her.com\/es\/wp-json\/wp\/v2\/product\/263991","targetHints":{"allow":["GET"]}}],"collection":[{"href":"https:\/\/empow-her.com\/es\/wp-json\/wp\/v2\/product"}],"about":[{"href":"https:\/\/empow-her.com\/es\/wp-json\/wp\/v2\/types\/product"}],"wp:featuredmedia":[{"embeddable":true,"href":"https:\/\/empow-her.com\/es\/wp-json\/wp\/v2\/media\/263995"}],"wp:attachment":[{"href":"https:\/\/empow-her.com\/es\/wp-json\/wp\/v2\/media?parent=263991"}],"wp:term":[{"taxonomy":"product_brand","embeddable":true,"href":"https:\/\/empow-her.com\/es\/wp-json\/wp\/v2\/product_brand?post=263991"},{"taxonomy":"product_cat","embeddable":true,"href":"https:\/\/empow-her.com\/es\/wp-json\/wp\/v2\/product_cat?post=263991"},{"taxonomy":"product_tag","embeddable":true,"href":"https:\/\/empow-her.com\/es\/wp-json\/wp\/v2\/product_tag?post=263991"},{"taxonomy":"lieu","embeddable":true,"href":"https:\/\/empow-her.com\/es\/wp-json\/wp\/v2\/lieu?post=263991"},{"taxonomy":"thematiques","embeddable":true,"href":"https:\/\/empow-her.com\/es\/wp-json\/wp\/v2\/thematiques?post=263991"}],"curies":[{"name":"wp","href":"https:\/\/api.w.org\/{rel}","templated":true}]}}