{"id":263263,"date":"2025-01-17T19:59:37","date_gmt":"2025-01-17T18:59:37","guid":{"rendered":"https:\/\/empow-her.com\/?post_type=product&#038;p=263263"},"modified":"2025-02-19T11:09:00","modified_gmt":"2025-02-19T10:09:00","slug":"lutter-contre-lislamophobie-et-le-sexisme-en-france","status":"publish","type":"product","link":"https:\/\/empow-her.com\/es\/produit\/lutter-contre-lislamophobie-et-le-sexisme-en-france\/","title":{"rendered":"Participez a une discussion autour de l&#8217;islamophobie et le sexisme en France chez Sist&#8217;Her"},"content":{"rendered":"<div>\n<div>\n<p><strong>Comment les femmes musulmanes affrontent-elles le sexisme, le racisme et l&#8217;islamophobie dans la soci\u00e9t\u00e9 fran\u00e7aise ? Comment ces luttes se sont-elles transform\u00e9es depuis le d\u00e9but des ann\u00e9es 2000 ?<\/strong><\/p>\n<p>Khlass les clich\u00e9s vous invite \u00e0 une soir\u00e9e sp\u00e9ciale chez <strong>Sist\u2019Her<\/strong>, le jeudi 20 f\u00e9vrier 2025, d\u00e9di\u00e9e \u00e0 l\u2019exploration des combats men\u00e9s par les femmes musulmanes en France pour l\u2019\u00e9galit\u00e9, la justice et le respect de leurs droits. Cet \u00e9v\u00e9nement m\u00ealera projection, discussions et \u00e9changes afin de mieux comprendre les d\u00e9fis, les strat\u00e9gies et les solidarit\u00e9s qui fa\u00e7onnent ces luttes.<\/p>\n<h3>Au programme de la soir\u00e9e :<\/h3>\n<p>1&#xfe0f;&#x20e3; <strong>Projection du documentaire \u00ab Un racisme \u00e0 peine voil\u00e9 \u00bb<\/strong><\/p>\n<p>R\u00e9alis\u00e9 par J\u00e9r\u00f4me Host, ce film met en lumi\u00e8re les discriminations syst\u00e9miques que subissent les femmes musulmanes en France, ainsi que leurs mobilisations pour r\u00e9sister, revendiquer leurs droits et d\u00e9construire les pr\u00e9jug\u00e9s. \u00c0 travers des t\u00e9moignages et des analyses, ce documentaire ouvre une fen\u00eatre sur des r\u00e9alit\u00e9s souvent invisibilis\u00e9es.<\/p>\n<p>2&#xfe0f;&#x20e3; <strong>Table ronde<\/strong><\/p>\n<p>La projection sera suivie d\u2019une table ronde anim\u00e9e par\u00a0<span style=\"color: #333333; font-family: Overpass; font-size: medium;\">\u00a0l\u2019\u00e9quipe de Khlass les Clich\u00e9s, en pr\u00e9sence des militantes Maryam Pougetoux, anciennement vice pr\u00e9sidente de l\u2019UNEF, et\u00a0<\/span>Ismahane Chouder, f\u00e9ministe musulmane. Elles partageront leurs perspectives sur des th\u00e9matiques cruciales :<\/p>\n<ul>\n<li>La progression de l&#8217;islamophobie genr\u00e9e en France<\/li>\n<li>La transmission des savoirs et des luttes entre g\u00e9n\u00e9rations,<\/li>\n<li>Les transformations des mobilisations f\u00e9ministes et antiracistes,<\/li>\n<li>Les nouveaux enjeux auxquels les femmes musulmanes sont confront\u00e9es aujourd\u2019hui,<\/li>\n<li>La place des alli\u00e9.e.s dans la lutte.<\/li>\n<\/ul>\n<\/div>\n<p>&nbsp;<\/p>\n<div>\n<p><strong>Qui est <a href=\"https:\/\/www.instagram.com\/khlass_les_cliches\/\">Khlass les Clich\u00e9s<\/a> ?<\/strong><\/p>\n<p><a href=\"https:\/\/www.instagram.com\/khlass_les_cliches\/\">Khlass les clich\u00e9s<\/a> est un m\u00e9dia en ligne port\u00e9 par un collectif de militantes musulmanes ayant pour but de lutter contre l&#8217;islamophobie et le sexisme. Il illustre la pluralit\u00e9 de leurs identit\u00e9s et de leurs v\u00e9cus en rendant la parole aux premi\u00e8res concern\u00e9es, et se veut \u00eatre le microphone qui amplifie leurs voix, trop longtemps silenci\u00e9es.<\/p>\n<p>Infos pratiques<br \/>\n&#x1f4c5; L\u2019\u00e9v\u00e9nement se d\u00e9roulera le jeudi 20 f\u00e9vrier<br \/>\n&#x231b;&#xfe0f; De 18h45 \u00e0 21h<br \/>\n&#x1f516; R\u00e9servation gratuite obligatoire<br \/>\n&#x1f4cd; Sist\u2019Her : 82 rue du Faubourg Saint-Martin 75010 Paris<\/p>\n<p>&nbsp;<\/p>\n<p>&#x267f;: \u200bNous tenons \u00e0 vous informer que l\u2019acc\u00e8s au b\u00e2timent peut \u00eatre difficile pour les personnes \u00e0 mobilit\u00e9 r\u00e9duite. Pour toute question, nous vous invitons \u00e0 contacter l\u2019adresse suivante : fatoumata.diarra@empow-her.com. Nous nous efforcerons de trouver des solutions ensemble.<\/p>\n<p>&nbsp;<\/p>\n<\/div>\n<p>Ouvert en mars 2021 par l\u2019ONG\u00a0<a href=\"https:\/\/empow-her.com\/\">Empow\u2019Her<\/a>, Sist\u2019Her Paris est un espace de partage et de cr\u00e9ation f\u00e9ministe, accessible \u00e0 tous.tes, d\u00e9di\u00e9 \u00e0 l\u2019\u00e9criture collective d\u2019un nouveau narratif entrepreneurial et \u00e0 l\u2019outillage des combats pour des soci\u00e9t\u00e9s plus justes, durables et \u00e9galitaires.<\/p>\n<\/div>\n<p>&nbsp;<\/p>\n<p>&nbsp;<\/p>\n<div><\/div>\n<div><\/div>\n<div>Retrouvez tous les \u00e9v\u00e9nements des prochains mois chez Sist&#8217;Her dans notre <a href=\"https:\/\/empow-her.com\/agenda-empowher\/\">agenda<\/a> !<\/div>\n<div><\/div>\n<div><\/div>\n<div><\/div>\n<div><\/div>\n<div><\/div>\n<div>Suivez Sist&#8217;Her sur notre <a href=\"https:\/\/www.instagram.com\/sisther.paris\/\">Instagram<\/a> !<\/div>\n<div><\/div>\n<div><\/div>\n<div><\/div>\n<div><\/div>\n<div><\/div>\n<div class=\"l7ghb35v kjdc1dyq kmwttqpk gh25dzvf jikcssrz\">\u00c0 tr\u00e8s vite ! <span class=\"fxk3tzhb b2rh1bv3 gh55jysx m8h3af8h ewco64xe kjdc1dyq ms56khn7 bq6c9xl4 eohcrkr5 akh3l2rg\"><img decoding=\"async\" src=\"https:\/\/static.xx.fbcdn.net\/images\/emoji.php\/v9\/t56\/1.5\/16\/1f64c.png\" alt=\"&#x1f64c;\" width=\"16\" height=\"16\" \/><br \/>\n<\/span><\/div>\n","protected":false},"excerpt":{"rendered":"<div class=\"l7ghb35v kjdc1dyq kmwttqpk gh25dzvf jikcssrz\">\n<div>\n<div><\/div>\n<\/div>\n<\/div>\n<div>\n<div>\n<div>\n<p><strong>Comment les femmes musulmanes affrontent-elles le sexisme, le racisme et l&#8217;islamophobie dans la soci\u00e9t\u00e9 fran\u00e7aise ? Comment ces luttes se sont-elles transform\u00e9es depuis le d\u00e9but des ann\u00e9es 2000 ?<\/strong><\/p>\n<p><a href=\"https:\/\/www.instagram.com\/khlass_les_cliches\/\">Khlass les clich\u00e9s<\/a> vous invite \u00e0 une soir\u00e9e sp\u00e9ciale chez <strong>Sist\u2019Her<\/strong>, le jeudi 20 f\u00e9vrier 2025, d\u00e9di\u00e9e \u00e0 l\u2019exploration des combats men\u00e9s par les femmes musulmanes en France pour l\u2019\u00e9galit\u00e9, la justice et le respect de leurs droits. Cet \u00e9v\u00e9nement m\u00ealera projection, discussions et \u00e9changes afin de mieux comprendre les d\u00e9fis, les strat\u00e9gies et les solidarit\u00e9s qui fa\u00e7onnent ces luttes.<\/p>\n<h3>Au programme de la soir\u00e9e :<\/h3>\n<p>1&#xfe0f;&#x20e3; <strong>Projection du documentaire \u00ab Un racisme \u00e0 peine voil\u00e9 \u00bb<\/strong><\/p>\n<p>R\u00e9alis\u00e9 par J\u00e9r\u00f4me Host, ce film met en lumi\u00e8re les discriminations syst\u00e9miques que subissent les femmes musulmanes en France, ainsi que leurs mobilisations pour r\u00e9sister, revendiquer leurs droits et d\u00e9construire les pr\u00e9jug\u00e9s. \u00c0 travers des t\u00e9moignages et des analyses, ce documentaire ouvre une fen\u00eatre sur des r\u00e9alit\u00e9s souvent invisibilis\u00e9es.<\/p>\n<p>&nbsp;<\/p>\n<p>2&#xfe0f;&#x20e3; <strong>Table ronde<\/strong><\/p>\n<p>La projection sera suivie d\u2019une table ronde anim\u00e9e par\u00a0<span style=\"color: #333333; font-family: Overpass; font-size: medium;\">\u00a0l\u2019\u00e9quipe de Khlass les Clich\u00e9s, en pr\u00e9sence des militantes Maryam Pougetoux, anciennement vice pr\u00e9sidente de l\u2019UNEF, et\u00a0<\/span>Ismahane Chouder, f\u00e9ministe musulmane. Elles partageront leurs perspectives sur des th\u00e9matiques cruciales :<\/p>\n<ul>\n<li>La progression de l&#8217;islamophobie genr\u00e9e en France<\/li>\n<li>La transmission des savoirs et des luttes entre g\u00e9n\u00e9rations,<\/li>\n<li>Les transformations des mobilisations f\u00e9ministes et antiracistes,<\/li>\n<li>Les nouveaux enjeux auxquels les femmes musulmanes sont confront\u00e9es aujourd\u2019hui,<\/li>\n<li>La place des alli\u00e9.e.s dans la lutte.<\/li>\n<\/ul>\n<\/div>\n<p>&nbsp;<\/p>\n<div>\n<h5>Cet \u00e9change sera une occasion unique de r\u00e9fl\u00e9chir ensemble aux enjeux actuels et futurs de ces luttes et de nourrir les solidarit\u00e9s n\u00e9cessaires pour construire un avenir plus juste.<\/h5>\n<\/div>\n<p>&nbsp;<\/p>\n<div>\n<p><strong>Qui est <a href=\"https:\/\/www.instagram.com\/khlass_les_cliches\/\">Khlass les Clich\u00e9s<\/a> ?<\/strong><\/p>\n<p><a href=\"https:\/\/www.instagram.com\/khlass_les_cliches\/\">Khlass les clich\u00e9s<\/a> est un m\u00e9dia en ligne port\u00e9 par un collectif de militantes musulmanes ayant pour but de lutter contre l&#8217;islamophobie et le sexisme. Il illustre la pluralit\u00e9 de leurs identit\u00e9s et de leurs v\u00e9cus en rendant la parole aux premi\u00e8res concern\u00e9es, et se veut \u00eatre le microphone qui amplifie leurs voix, trop longtemps silenci\u00e9es.<\/p>\n<p>Infos pratiques<br \/>\n&#x1f4c5; L\u2019\u00e9v\u00e9nement se d\u00e9roulera le jeudi 20 f\u00e9vrier<br \/>\n&#x231b;&#xfe0f; De 18h45 \u00e0 21h<br \/>\n&#x1f516; R\u00e9servation gratuite obligatoire<br \/>\n&#x1f4cd; Sist\u2019Her : 82 rue du Faubourg Saint-Martin 75010 Paris<\/p>\n<p>&nbsp;<\/p>\n<\/div>\n<p>&#x1f646;&#x1f646;&#x200d;&#x2640;&#xfe0f;&#x1f646;&#x200d;&#x2642;&#xfe0f; : Cet \u00e9v\u00e9nement est mixte, il est accessible \u00e0 toutes et tous<\/p>\n<div>\n<p>&#x267f;: \u200bNous tenons \u00e0 vous informer que l\u2019acc\u00e8s au b\u00e2timent peut \u00eatre difficile pour les personnes \u00e0 mobilit\u00e9 r\u00e9duite. Pour toute question, nous vous invitons \u00e0 contacter l\u2019adresse suivante : fatoumata.diarra@empow-her.com. Nous nous efforcerons de trouver des solutions ensemble.<\/p>\n<p>&nbsp;<\/p>\n<\/div>\n<p>Ouvert en mars 2021 par l\u2019ONG\u00a0<a href=\"https:\/\/empow-her.com\/\">Empow\u2019Her<\/a>, Sist\u2019Her Paris est un espace de partage et de cr\u00e9ation f\u00e9ministe, accessible \u00e0 tous.tes, d\u00e9di\u00e9 \u00e0 l\u2019\u00e9criture collective d\u2019un nouveau narratif entrepreneurial et \u00e0 l\u2019outillage des combats pour des soci\u00e9t\u00e9s plus justes, durables et \u00e9galitaires.<\/p>\n<\/div>\n<div><\/div>\n<div><\/div>\n<div>Retrouvez tous les \u00e9v\u00e9nements des prochains mois chez Sist&#8217;Her dans notre <a href=\"https:\/\/empow-her.com\/agenda-empowher\/\">agenda<\/a> !<\/div>\n<\/div>\n<div><\/div>\n<div><\/div>\n<div><\/div>\n<div><\/div>\n<div><\/div>\n<div>\n<div><\/div>\n<div><\/div>\n<div>Suivez Sist&#8217;Her sur notre <a href=\"https:\/\/www.instagram.com\/sisther.paris\/\">Instagram<\/a> !<\/div>\n<\/div>\n<div><\/div>\n<div><\/div>\n<div><\/div>\n<div><\/div>\n<div><\/div>\n<div>\n<div><\/div>\n<div><\/div>\n<div class=\"l7ghb35v kjdc1dyq kmwttqpk gh25dzvf jikcssrz\">\u00c0 tr\u00e8s vite ! <span class=\"fxk3tzhb b2rh1bv3 gh55jysx m8h3af8h ewco64xe kjdc1dyq ms56khn7 bq6c9xl4 eohcrkr5 akh3l2rg\"><img decoding=\"async\" src=\"https:\/\/static.xx.fbcdn.net\/images\/emoji.php\/v9\/t56\/1.5\/16\/1f64c.png\" alt=\"&#x1f64c;\" width=\"16\" height=\"16\" \/><\/span><\/div>\n<\/div>\n<div><\/div>\n<div><\/div>\n<div><\/div>\n<div class=\"l7ghb35v kjdc1dyq kmwttqpk gh25dzvf jikcssrz\"><\/div>\n","protected":false},"featured_media":263264,"template":"","format":"standard","meta":{"_acf_changed":false,"om_disable_all_campaigns":false,"_uf_show_specific_survey":0,"_uf_disable_surveys":false},"product_brand":[],"product_cat":[119],"product_tag":[178,174,132],"lieu":[127],"thematiques":[],"class_list":{"0":"post-263263","1":"product","2":"type-product","3":"status-publish","4":"format-standard","5":"has-post-thumbnail","7":"product_cat-evenement-sisther","8":"product_tag-evenement-sisther","9":"product_tag-happy-her","10":"product_tag-sisther","11":"lieu-hub-empowher","13":"first","14":"instock","15":"virtual","16":"purchasable","17":"product-type-appointment"},"exclude_global_add_ons":[],"addons":[],"acf":[],"yoast_head":"<!-- This site is optimized with the Yoast SEO plugin v24.8 - https:\/\/yoast.com\/wordpress\/plugins\/seo\/ -->\n<title>Lutter contre l&#039;islamophobie et le sexisme en France au 21e si\u00e8cle<\/title>\n<meta name=\"description\" content=\"Rejoignez-nous le 20 f\u00e9vrier 2025 chez Sist\u2019Her pour une soir\u00e9e d\u00e9di\u00e9e aux luttes des femmes musulmanes en France. Projection, table ronde et \u00e9changes pour explorer leurs combats contre l&#039;islamophobie.\" \/>\n<meta name=\"robots\" content=\"index, follow, max-snippet:-1, max-image-preview:large, max-video-preview:-1\" \/>\n<link rel=\"canonical\" href=\"https:\/\/empow-her.com\/produit\/lutter-contre-lislamophobie-et-le-sexisme-en-france\/\" \/>\n<meta property=\"og:locale\" content=\"es_ES\" \/>\n<meta property=\"og:type\" content=\"article\" \/>\n<meta property=\"og:title\" content=\"Lutter contre l&#039;islamophobie et le sexisme en France au 21e si\u00e8cle\" \/>\n<meta property=\"og:description\" content=\"Rejoignez-nous le 20 f\u00e9vrier 2025 chez Sist\u2019Her pour une soir\u00e9e d\u00e9di\u00e9e aux luttes des femmes musulmanes en France. Projection, table ronde et \u00e9changes pour explorer leurs combats contre l&#039;islamophobie.\" \/>\n<meta property=\"og:url\" content=\"https:\/\/empow-her.com\/produit\/lutter-contre-lislamophobie-et-le-sexisme-en-france\/\" \/>\n<meta property=\"og:site_name\" content=\"Empow&#039;Her\" \/>\n<meta property=\"article:modified_time\" content=\"2025-02-19T10:09:00+00:00\" \/>\n<meta property=\"og:image\" content=\"https:\/\/empow-her.com\/wp-content\/uploads\/2025\/01\/KHLASS-LES-CLICHES.jpg\" \/>\n\t<meta property=\"og:image:width\" content=\"1080\" \/>\n\t<meta property=\"og:image:height\" content=\"1080\" \/>\n\t<meta property=\"og:image:type\" content=\"image\/jpeg\" \/>\n<meta name=\"twitter:card\" content=\"summary_large_image\" \/>\n<meta name=\"twitter:label1\" content=\"Tiempo de lectura\" \/>\n\t<meta name=\"twitter:data1\" content=\"3 minutos\" \/>\n<script type=\"application\/ld+json\" class=\"yoast-schema-graph\">{\"@context\":\"https:\/\/schema.org\",\"@graph\":[{\"@type\":\"WebPage\",\"@id\":\"https:\/\/empow-her.com\/produit\/lutter-contre-lislamophobie-et-le-sexisme-en-france\/\",\"url\":\"https:\/\/empow-her.com\/produit\/lutter-contre-lislamophobie-et-le-sexisme-en-france\/\",\"name\":\"Lutter contre l'islamophobie et le sexisme en France au 21e si\u00e8cle\",\"isPartOf\":{\"@id\":\"https:\/\/empow-her.com\/#website\"},\"primaryImageOfPage\":{\"@id\":\"https:\/\/empow-her.com\/produit\/lutter-contre-lislamophobie-et-le-sexisme-en-france\/#primaryimage\"},\"image\":{\"@id\":\"https:\/\/empow-her.com\/produit\/lutter-contre-lislamophobie-et-le-sexisme-en-france\/#primaryimage\"},\"thumbnailUrl\":\"https:\/\/empow-her.com\/wp-content\/uploads\/2025\/01\/KHLASS-LES-CLICHES.jpg\",\"datePublished\":\"2025-01-17T18:59:37+00:00\",\"dateModified\":\"2025-02-19T10:09:00+00:00\",\"description\":\"Rejoignez-nous le 20 f\u00e9vrier 2025 chez Sist\u2019Her pour une soir\u00e9e d\u00e9di\u00e9e aux luttes des femmes musulmanes en France. Projection, table ronde et \u00e9changes pour explorer leurs combats contre l'islamophobie.\",\"breadcrumb\":{\"@id\":\"https:\/\/empow-her.com\/produit\/lutter-contre-lislamophobie-et-le-sexisme-en-france\/#breadcrumb\"},\"inLanguage\":\"es\",\"potentialAction\":[{\"@type\":\"ReadAction\",\"target\":[\"https:\/\/empow-her.com\/produit\/lutter-contre-lislamophobie-et-le-sexisme-en-france\/\"]}]},{\"@type\":\"ImageObject\",\"inLanguage\":\"es\",\"@id\":\"https:\/\/empow-her.com\/produit\/lutter-contre-lislamophobie-et-le-sexisme-en-france\/#primaryimage\",\"url\":\"https:\/\/empow-her.com\/wp-content\/uploads\/2025\/01\/KHLASS-LES-CLICHES.jpg\",\"contentUrl\":\"https:\/\/empow-her.com\/wp-content\/uploads\/2025\/01\/KHLASS-LES-CLICHES.jpg\",\"width\":1080,\"height\":1080},{\"@type\":\"BreadcrumbList\",\"@id\":\"https:\/\/empow-her.com\/produit\/lutter-contre-lislamophobie-et-le-sexisme-en-france\/#breadcrumb\",\"itemListElement\":[{\"@type\":\"ListItem\",\"position\":1,\"name\":\"Accueil\",\"item\":\"https:\/\/empow-her.com\/es\/inicio\/\"},{\"@type\":\"ListItem\",\"position\":2,\"name\":\"LA BOUTIQUE\",\"item\":\"https:\/\/empow-her.com\/boutique\/\"},{\"@type\":\"ListItem\",\"position\":3,\"name\":\"Participez a une discussion autour de l&#8217;islamophobie et le sexisme en France chez Sist&#8217;Her\"}]},{\"@type\":\"WebSite\",\"@id\":\"https:\/\/empow-her.com\/#website\",\"url\":\"https:\/\/empow-her.com\/\",\"name\":\"Empow&#039;Her\",\"description\":\"Women Development\",\"potentialAction\":[{\"@type\":\"SearchAction\",\"target\":{\"@type\":\"EntryPoint\",\"urlTemplate\":\"https:\/\/empow-her.com\/?s={search_term_string}\"},\"query-input\":{\"@type\":\"PropertyValueSpecification\",\"valueRequired\":true,\"valueName\":\"search_term_string\"}}],\"inLanguage\":\"es\"}]}<\/script>\n<!-- \/ Yoast SEO plugin. -->","yoast_head_json":{"title":"Lutter contre l'islamophobie et le sexisme en France au 21e si\u00e8cle","description":"Rejoignez-nous le 20 f\u00e9vrier 2025 chez Sist\u2019Her pour une soir\u00e9e d\u00e9di\u00e9e aux luttes des femmes musulmanes en France. Projection, table ronde et \u00e9changes pour explorer leurs combats contre l'islamophobie.","robots":{"index":"index","follow":"follow","max-snippet":"max-snippet:-1","max-image-preview":"max-image-preview:large","max-video-preview":"max-video-preview:-1"},"canonical":"https:\/\/empow-her.com\/produit\/lutter-contre-lislamophobie-et-le-sexisme-en-france\/","og_locale":"es_ES","og_type":"article","og_title":"Lutter contre l'islamophobie et le sexisme en France au 21e si\u00e8cle","og_description":"Rejoignez-nous le 20 f\u00e9vrier 2025 chez Sist\u2019Her pour une soir\u00e9e d\u00e9di\u00e9e aux luttes des femmes musulmanes en France. Projection, table ronde et \u00e9changes pour explorer leurs combats contre l'islamophobie.","og_url":"https:\/\/empow-her.com\/produit\/lutter-contre-lislamophobie-et-le-sexisme-en-france\/","og_site_name":"Empow&#039;Her","article_modified_time":"2025-02-19T10:09:00+00:00","og_image":[{"width":1080,"height":1080,"url":"https:\/\/empow-her.com\/wp-content\/uploads\/2025\/01\/KHLASS-LES-CLICHES.jpg","type":"image\/jpeg"}],"twitter_card":"summary_large_image","twitter_misc":{"Tiempo de lectura":"3 minutos"},"schema":{"@context":"https:\/\/schema.org","@graph":[{"@type":"WebPage","@id":"https:\/\/empow-her.com\/produit\/lutter-contre-lislamophobie-et-le-sexisme-en-france\/","url":"https:\/\/empow-her.com\/produit\/lutter-contre-lislamophobie-et-le-sexisme-en-france\/","name":"Lutter contre l'islamophobie et le sexisme en France au 21e si\u00e8cle","isPartOf":{"@id":"https:\/\/empow-her.com\/#website"},"primaryImageOfPage":{"@id":"https:\/\/empow-her.com\/produit\/lutter-contre-lislamophobie-et-le-sexisme-en-france\/#primaryimage"},"image":{"@id":"https:\/\/empow-her.com\/produit\/lutter-contre-lislamophobie-et-le-sexisme-en-france\/#primaryimage"},"thumbnailUrl":"https:\/\/empow-her.com\/wp-content\/uploads\/2025\/01\/KHLASS-LES-CLICHES.jpg","datePublished":"2025-01-17T18:59:37+00:00","dateModified":"2025-02-19T10:09:00+00:00","description":"Rejoignez-nous le 20 f\u00e9vrier 2025 chez Sist\u2019Her pour une soir\u00e9e d\u00e9di\u00e9e aux luttes des femmes musulmanes en France. Projection, table ronde et \u00e9changes pour explorer leurs combats contre l'islamophobie.","breadcrumb":{"@id":"https:\/\/empow-her.com\/produit\/lutter-contre-lislamophobie-et-le-sexisme-en-france\/#breadcrumb"},"inLanguage":"es","potentialAction":[{"@type":"ReadAction","target":["https:\/\/empow-her.com\/produit\/lutter-contre-lislamophobie-et-le-sexisme-en-france\/"]}]},{"@type":"ImageObject","inLanguage":"es","@id":"https:\/\/empow-her.com\/produit\/lutter-contre-lislamophobie-et-le-sexisme-en-france\/#primaryimage","url":"https:\/\/empow-her.com\/wp-content\/uploads\/2025\/01\/KHLASS-LES-CLICHES.jpg","contentUrl":"https:\/\/empow-her.com\/wp-content\/uploads\/2025\/01\/KHLASS-LES-CLICHES.jpg","width":1080,"height":1080},{"@type":"BreadcrumbList","@id":"https:\/\/empow-her.com\/produit\/lutter-contre-lislamophobie-et-le-sexisme-en-france\/#breadcrumb","itemListElement":[{"@type":"ListItem","position":1,"name":"Accueil","item":"https:\/\/empow-her.com\/es\/inicio\/"},{"@type":"ListItem","position":2,"name":"LA BOUTIQUE","item":"https:\/\/empow-her.com\/boutique\/"},{"@type":"ListItem","position":3,"name":"Participez a une discussion autour de l&#8217;islamophobie et le sexisme en France chez Sist&#8217;Her"}]},{"@type":"WebSite","@id":"https:\/\/empow-her.com\/#website","url":"https:\/\/empow-her.com\/","name":"Empow&#039;Her","description":"Women Development","potentialAction":[{"@type":"SearchAction","target":{"@type":"EntryPoint","urlTemplate":"https:\/\/empow-her.com\/?s={search_term_string}"},"query-input":{"@type":"PropertyValueSpecification","valueRequired":true,"valueName":"search_term_string"}}],"inLanguage":"es"}]}},"_links":{"self":[{"href":"https:\/\/empow-her.com\/es\/wp-json\/wp\/v2\/product\/263263","targetHints":{"allow":["GET"]}}],"collection":[{"href":"https:\/\/empow-her.com\/es\/wp-json\/wp\/v2\/product"}],"about":[{"href":"https:\/\/empow-her.com\/es\/wp-json\/wp\/v2\/types\/product"}],"wp:featuredmedia":[{"embeddable":true,"href":"https:\/\/empow-her.com\/es\/wp-json\/wp\/v2\/media\/263264"}],"wp:attachment":[{"href":"https:\/\/empow-her.com\/es\/wp-json\/wp\/v2\/media?parent=263263"}],"wp:term":[{"taxonomy":"product_brand","embeddable":true,"href":"https:\/\/empow-her.com\/es\/wp-json\/wp\/v2\/product_brand?post=263263"},{"taxonomy":"product_cat","embeddable":true,"href":"https:\/\/empow-her.com\/es\/wp-json\/wp\/v2\/product_cat?post=263263"},{"taxonomy":"product_tag","embeddable":true,"href":"https:\/\/empow-her.com\/es\/wp-json\/wp\/v2\/product_tag?post=263263"},{"taxonomy":"lieu","embeddable":true,"href":"https:\/\/empow-her.com\/es\/wp-json\/wp\/v2\/lieu?post=263263"},{"taxonomy":"thematiques","embeddable":true,"href":"https:\/\/empow-her.com\/es\/wp-json\/wp\/v2\/thematiques?post=263263"}],"curies":[{"name":"wp","href":"https:\/\/api.w.org\/{rel}","templated":true}]}}