{"id":263060,"date":"2025-01-15T11:13:35","date_gmt":"2025-01-15T10:13:35","guid":{"rendered":"https:\/\/empow-her.com\/?post_type=product&#038;p=263060"},"modified":"2025-01-15T13:01:40","modified_gmt":"2025-01-15T12:01:40","slug":"rivalite-feminine-entrepreunariat","status":"publish","type":"product","link":"https:\/\/empow-her.com\/es\/produit\/rivalite-feminine-entrepreunariat\/","title":{"rendered":"Rivalit\u00e9 F\u00e9minine &#038; Entrepreneuriat : abattre le mythe et c\u00e9l\u00e9brer la sororit\u00e9 chez Sist&#8217;Her"},"content":{"rendered":"<div>\n<div>\n<p>La comp\u00e9tition et la rivalit\u00e9 sont-elles inh\u00e9rentes \u00e0 la condition f\u00e9minine ?<br \/>\nDans le monde professionnel, les femmes seraient elles r\u00e9ellement programm\u00e9es pour \u00eatre constamment en concurrence ?<\/p>\n<p>Les femmes sont souvent repr\u00e9sent\u00e9es comme des adversaires naturelles, rivales dans la qu\u00eate d\u2019attention ou de succ\u00e8s. Cette vision caricaturale nourrit l\u2019id\u00e9e fausse que les femmes seraient conditionn\u00e9es \u00e0 se d\u00e9tester. Pourtant, cette opposition syst\u00e9matique sert surtout \u00e0 diviser et \u00e0 d\u00e9tourner l\u2019attention des vrais enjeux d\u2019\u00e9galit\u00e9.<\/p>\n<p>Et si on travaillait \u00e0 d\u00e9construire ces st\u00e9r\u00e9otypes ?<\/p>\n<p>Le temps d&#8217;une soir\u00e9e, on vous propose une table ronde pour se d\u00e9faire du mythe de la rivalit\u00e9 f\u00e9minine et entrer dans la sororit\u00e9.<\/p>\n<p>On questionnera au passage la figure capitaliste de la #Girlboss et on s&#8217;int\u00e9ressera aux entrepreneuses ayant fait le choix de se soutenir mutuellement pour mener \u00e0 bien leurs projets.<\/p>\n<p>Au programme :<\/p>\n<p>&#x1f3a4; Table ronde sur le sujet avec<a href=\"https:\/\/www.instagram.com\/rachabelmehdi\/\"> Racha Belmehdi<\/a>, l&#8217;autrice du livre Rivalit\u00e9, nom f\u00e9minin ainsi que <a href=\"https:\/\/www.instagram.com\/random.kingdom.rk\/\">Naomi Cassim<\/a> et <a href=\"https:\/\/www.linkedin.com\/in\/juliette-vallet-scoca-24204b208\/?originalSubdomain=fr\">Juliette Vallet-Scoca<\/a>, deux entrepreneuses ayant particip\u00e9 au <a href=\"https:\/\/empow-her.com\/projets\/erasmus-pour-jeunes-entrepreneur-e-s\/\">programme d&#8217;\u00e9change EYE<\/a> port\u00e9 par l&#8217;association Empow&#8217;Her<br \/>\n&#x1f942; Cocktail : l&#8217;occasion de cr\u00e9er du lien avec d&#8217;autres femmes<br \/>\n&#x1f49c; : <span class=\"OYPEnA font-feature-liga-off font-feature-clig-off font-feature-calt-off text-decoration-none text-strikethrough-none\">S\u00e9ances d\u00e9dicaces et vente du livre de Racha Belmehdi et stand d&#8217;informations sur le programme EYE<\/span><\/p>\n<p>Infos pratiques<br \/>\n&#x1f4c5; L\u2019\u00e9v\u00e9nement se d\u00e9roulera le jeudi 13 f\u00e9vrier<br \/>\n&#x231b;&#xfe0f; De 18h30 \u00e0 21h30<br \/>\n&#x1f516; R\u00e9servation gratuite obligatoire<br \/>\n&#x1f4cd; Sist\u2019Her : 82 rue du Faubourg Saint-Martin 75010 Paris<\/p>\n<p>&nbsp;<\/p>\n<p>&#x1f6ba; : Cet \u00e9v\u00e9nement est en non-mixit\u00e9 choisie, il est accessible \u00e0 toutes les femmes cisgenre, trans ainsi que les personnes non-binaires<\/p>\n<p>&#x267f;: \u200bNous tenons \u00e0 vous informer que l\u2019acc\u00e8s au b\u00e2timent peut \u00eatre difficile pour les personnes \u00e0 mobilit\u00e9 r\u00e9duite. Pour toute question, nous vous invitons \u00e0 contacter l\u2019adresse suivante : fatoumata.diarra@empow-her.com. Nous nous efforcerons de trouver des solutions ensemble.<\/p>\n<p>&nbsp;<\/p>\n<\/div>\n<p>&nbsp;<\/p>\n<\/div>\n<div><\/div>\n<div class=\"l7ghb35v kjdc1dyq kmwttqpk gh25dzvf jikcssrz\">Ouvert en mars 2021 par l\u2019ONG\u00a0<a href=\"https:\/\/empow-her.com\/\">Empow\u2019Her<\/a>, Sist\u2019Her Paris est un espace de partage et de cr\u00e9ation f\u00e9ministe, accessible \u00e0 tous.tes, d\u00e9di\u00e9 \u00e0 l\u2019\u00e9criture collective d\u2019un nouveau narratif entrepreneurial et \u00e0 l\u2019outillage des combats pour des soci\u00e9t\u00e9s plus justes, durables et \u00e9galitaires.<\/div>\n<div><\/div>\n<div><\/div>\n<div>Retrouvez tous les \u00e9v\u00e9nements des prochains mois chez Sist&#8217;Her dans notre <a href=\"https:\/\/empow-her.com\/agenda-empowher\/\">agenda<\/a> !<\/div>\n<div><\/div>\n<div><\/div>\n<div>Suivez Sist&#8217;Her sur notre <a href=\"https:\/\/www.instagram.com\/sisther.paris\/\">Instagram<\/a> !<\/div>\n<div><\/div>\n<div><\/div>\n<div class=\"l7ghb35v kjdc1dyq kmwttqpk gh25dzvf jikcssrz\">\u00c0 tr\u00e8s vite ! <span class=\"fxk3tzhb b2rh1bv3 gh55jysx m8h3af8h ewco64xe kjdc1dyq ms56khn7 bq6c9xl4 eohcrkr5 akh3l2rg\"><img decoding=\"async\" src=\"https:\/\/static.xx.fbcdn.net\/images\/emoji.php\/v9\/t56\/1.5\/16\/1f64c.png\" alt=\"&#x1f64c;\" width=\"16\" height=\"16\" \/><br \/>\n<\/span><\/div>\n","protected":false},"excerpt":{"rendered":"<div class=\"l7ghb35v kjdc1dyq kmwttqpk gh25dzvf jikcssrz\">\n<div>\n<div>\n<p>La comp\u00e9tition et la rivalit\u00e9 sont-elles inh\u00e9rentes \u00e0 la condition f\u00e9minine ?<br \/>\nDans le monde professionnel, les femmes seraient elles r\u00e9ellement programm\u00e9es pour \u00eatre constamment en concurrence ?<\/p>\n<p>Les femmes sont souvent repr\u00e9sent\u00e9es comme des adversaires naturelles, rivales dans la qu\u00eate d\u2019attention ou de succ\u00e8s. Cette vision caricaturale nourrit l\u2019id\u00e9e fausse que les femmes seraient conditionn\u00e9es \u00e0 se d\u00e9tester. Pourtant, cette opposition syst\u00e9matique sert surtout \u00e0 diviser et \u00e0 d\u00e9tourner l\u2019attention des vrais enjeux d\u2019\u00e9galit\u00e9.<\/p>\n<p>Et si on travaillait \u00e0 d\u00e9construire ces st\u00e9r\u00e9otypes ?<\/p>\n<p>Le temps d&#8217;une soir\u00e9e, on vous propose une table ronde pour se d\u00e9faire du mythe de la rivalit\u00e9 f\u00e9minine et entrer dans la sororit\u00e9.<\/p>\n<p>On questionnera au passage la figure capitaliste de la #Girlboss et on s&#8217;int\u00e9ressera aux entrepreneuses ayant fait le choix de se soutenir mutuellement pour mener \u00e0 bien leurs projets.<\/p>\n<p>Au programme :<\/p>\n<p>&#x1f3a4; Table ronde sur le sujet avec <a href=\"https:\/\/www.instagram.com\/rachabelmehdi\/\">Racha Belmehdi<\/a>, l&#8217;autrice du livre Rivalit\u00e9, nom f\u00e9minin ainsi que<a href=\"https:\/\/www.instagram.com\/random.kingdom.rk\/\"> Naomi Cassim<\/a> et <a href=\"https:\/\/www.linkedin.com\/in\/juliette-vallet-scoca-24204b208\/?originalSubdomain=fr\">Juliette Vallet-Scoca<\/a>, deux entrepreneuses ayant particip\u00e9 au <a href=\"https:\/\/empow-her.com\/projets\/erasmus-pour-jeunes-entrepreneur-e-s\/\">programme d&#8217;\u00e9change EYE<\/a> port\u00e9 par l&#8217;association Empow&#8217;Her<br \/>\n&#x1f942; Cocktail : l&#8217;occasion de cr\u00e9er du lien avec d&#8217;autres femmes<br \/>\n&#x1f49c; : <span class=\"OYPEnA font-feature-liga-off font-feature-clig-off font-feature-calt-off text-decoration-none text-strikethrough-none\">S\u00e9ances d\u00e9dicaces et vente du livre de Racha Belmehdi et stand d&#8217;informations sur le programme EYE<\/span><\/p>\n<p>Infos pratiques<br \/>\n&#x1f4c5; L\u2019\u00e9v\u00e9nement se d\u00e9roulera le jeudi 13 f\u00e9vrier<br \/>\n&#x231b;&#xfe0f; De 18h30 \u00e0 21h30<br \/>\n&#x1f516; R\u00e9servation gratuite obligatoire<br \/>\n&#x1f4cd; Sist\u2019Her : 82 rue du Faubourg Saint-Martin 75010 Paris<\/p>\n<p>&nbsp;<\/p>\n<p>&#x1f6ba; : Cet \u00e9v\u00e9nement est en non-mixit\u00e9 choisie, il est accessible \u00e0 toutes les femmes cisgenre, trans ainsi que les personnes non-binaires<\/p>\n<p>&#x267f;: \u200bNous tenons \u00e0 vous informer que l\u2019acc\u00e8s au b\u00e2timent peut \u00eatre difficile pour les personnes \u00e0 mobilit\u00e9 r\u00e9duite. Pour toute question, nous vous invitons \u00e0 contacter l\u2019adresse suivante : fatoumata.diarra@empow-her.com. Nous nous efforcerons de trouver des solutions ensemble.<\/p>\n<\/div>\n<p>&nbsp;<\/p>\n<\/div>\n<div><\/div>\n<div class=\"l7ghb35v kjdc1dyq kmwttqpk gh25dzvf jikcssrz\">Ouvert en mars 2021 par l\u2019ONG\u00a0<a href=\"https:\/\/empow-her.com\/\">Empow\u2019Her<\/a>, Sist\u2019Her Paris est un espace de partage et de cr\u00e9ation f\u00e9ministe, accessible \u00e0 tous.tes, d\u00e9di\u00e9 \u00e0 l\u2019\u00e9criture collective d\u2019un nouveau narratif entrepreneurial et \u00e0 l\u2019outillage des combats pour des soci\u00e9t\u00e9s plus justes, durables et \u00e9galitaires.<\/div>\n<div><\/div>\n<div><\/div>\n<div>Retrouvez tous les \u00e9v\u00e9nements des prochains mois chez Sist&#8217;Her dans notre <a href=\"https:\/\/empow-her.com\/agenda-empowher\/\">agenda<\/a> !<\/div>\n<div><\/div>\n<div><\/div>\n<div>Suivez Sist&#8217;Her sur notre <a href=\"https:\/\/www.instagram.com\/sisther.paris\/\">Instagram<\/a> !<\/div>\n<\/div>\n<div><\/div>\n<div class=\"l7ghb35v kjdc1dyq kmwttqpk gh25dzvf jikcssrz\">\n<div><\/div>\n<div class=\"l7ghb35v kjdc1dyq kmwttqpk gh25dzvf jikcssrz\">\u00c0 tr\u00e8s vite ! <span class=\"fxk3tzhb b2rh1bv3 gh55jysx m8h3af8h ewco64xe kjdc1dyq ms56khn7 bq6c9xl4 eohcrkr5 akh3l2rg\"><img decoding=\"async\" src=\"https:\/\/static.xx.fbcdn.net\/images\/emoji.php\/v9\/t56\/1.5\/16\/1f64c.png\" alt=\"&#x1f64c;\" width=\"16\" height=\"16\" \/><\/span><\/div>\n<\/div>\n<div><\/div>\n<div><\/div>\n<div><\/div>\n<div><\/div>\n<div><\/div>\n<div class=\"l7ghb35v kjdc1dyq kmwttqpk gh25dzvf jikcssrz\"><\/div>\n","protected":false},"featured_media":263071,"template":"","format":"standard","meta":{"_acf_changed":false,"om_disable_all_campaigns":false,"_uf_show_specific_survey":0,"_uf_disable_surveys":false},"product_brand":[],"product_cat":[119],"product_tag":[178,174,132],"lieu":[127],"thematiques":[],"class_list":{"0":"post-263060","1":"product","2":"type-product","3":"status-publish","4":"format-standard","5":"has-post-thumbnail","7":"product_cat-evenement-sisther","8":"product_tag-evenement-sisther","9":"product_tag-happy-her","10":"product_tag-sisther","11":"lieu-hub-empowher","13":"first","14":"instock","15":"virtual","16":"purchasable","17":"product-type-appointment"},"exclude_global_add_ons":[],"addons":[],"acf":[],"yoast_head":"<!-- This site is optimized with the Yoast SEO plugin v24.8 - https:\/\/yoast.com\/wordpress\/plugins\/seo\/ -->\n<title>Rivalit\u00e9 F\u00e9minine &amp; Entrepreneuriat : abattre le mythe et c\u00e9l\u00e9brer la sororit\u00e9<\/title>\n<meta name=\"description\" content=\"Le Happy&#039;Her, votre rendez-vous mensuel pour d\u00e9velopper votre r\u00e9seau d&#039;entrepreneuse revient le mardi 4 f\u00e9vrier 2025 de 18h30 \u00c0 20h30 !\" \/>\n<meta name=\"robots\" content=\"index, follow, max-snippet:-1, max-image-preview:large, max-video-preview:-1\" \/>\n<link rel=\"canonical\" href=\"https:\/\/empow-her.com\/produit\/rivalite-feminine-entrepreunariat\/\" \/>\n<meta property=\"og:locale\" content=\"es_ES\" \/>\n<meta property=\"og:type\" content=\"article\" \/>\n<meta property=\"og:title\" content=\"Rivalit\u00e9 F\u00e9minine &amp; Entrepreneuriat : abattre le mythe et c\u00e9l\u00e9brer la sororit\u00e9\" \/>\n<meta property=\"og:description\" content=\"Le Happy&#039;Her, votre rendez-vous mensuel pour d\u00e9velopper votre r\u00e9seau d&#039;entrepreneuse revient le mardi 4 f\u00e9vrier 2025 de 18h30 \u00c0 20h30 !\" \/>\n<meta property=\"og:url\" content=\"https:\/\/empow-her.com\/produit\/rivalite-feminine-entrepreunariat\/\" \/>\n<meta property=\"og:site_name\" content=\"Empow&#039;Her\" \/>\n<meta property=\"article:modified_time\" content=\"2025-01-15T12:01:40+00:00\" \/>\n<meta property=\"og:image\" content=\"https:\/\/empow-her.com\/wp-content\/uploads\/2025\/01\/EVENT-EYE-1.jpg\" \/>\n\t<meta property=\"og:image:width\" content=\"1080\" \/>\n\t<meta property=\"og:image:height\" content=\"1080\" \/>\n\t<meta property=\"og:image:type\" content=\"image\/jpeg\" \/>\n<meta name=\"twitter:card\" content=\"summary_large_image\" \/>\n<meta name=\"twitter:label1\" content=\"Tiempo de lectura\" \/>\n\t<meta name=\"twitter:data1\" content=\"3 minutos\" \/>\n<script type=\"application\/ld+json\" class=\"yoast-schema-graph\">{\"@context\":\"https:\/\/schema.org\",\"@graph\":[{\"@type\":\"WebPage\",\"@id\":\"https:\/\/empow-her.com\/produit\/rivalite-feminine-entrepreunariat\/\",\"url\":\"https:\/\/empow-her.com\/produit\/rivalite-feminine-entrepreunariat\/\",\"name\":\"Rivalit\u00e9 F\u00e9minine & Entrepreneuriat : abattre le mythe et c\u00e9l\u00e9brer la sororit\u00e9\",\"isPartOf\":{\"@id\":\"https:\/\/empow-her.com\/#website\"},\"primaryImageOfPage\":{\"@id\":\"https:\/\/empow-her.com\/produit\/rivalite-feminine-entrepreunariat\/#primaryimage\"},\"image\":{\"@id\":\"https:\/\/empow-her.com\/produit\/rivalite-feminine-entrepreunariat\/#primaryimage\"},\"thumbnailUrl\":\"https:\/\/empow-her.com\/wp-content\/uploads\/2025\/01\/EVENT-EYE-1.jpg\",\"datePublished\":\"2025-01-15T10:13:35+00:00\",\"dateModified\":\"2025-01-15T12:01:40+00:00\",\"description\":\"Le Happy'Her, votre rendez-vous mensuel pour d\u00e9velopper votre r\u00e9seau d'entrepreneuse revient le mardi 4 f\u00e9vrier 2025 de 18h30 \u00c0 20h30 !\",\"breadcrumb\":{\"@id\":\"https:\/\/empow-her.com\/produit\/rivalite-feminine-entrepreunariat\/#breadcrumb\"},\"inLanguage\":\"es\",\"potentialAction\":[{\"@type\":\"ReadAction\",\"target\":[\"https:\/\/empow-her.com\/produit\/rivalite-feminine-entrepreunariat\/\"]}]},{\"@type\":\"ImageObject\",\"inLanguage\":\"es\",\"@id\":\"https:\/\/empow-her.com\/produit\/rivalite-feminine-entrepreunariat\/#primaryimage\",\"url\":\"https:\/\/empow-her.com\/wp-content\/uploads\/2025\/01\/EVENT-EYE-1.jpg\",\"contentUrl\":\"https:\/\/empow-her.com\/wp-content\/uploads\/2025\/01\/EVENT-EYE-1.jpg\",\"width\":1080,\"height\":1080},{\"@type\":\"BreadcrumbList\",\"@id\":\"https:\/\/empow-her.com\/produit\/rivalite-feminine-entrepreunariat\/#breadcrumb\",\"itemListElement\":[{\"@type\":\"ListItem\",\"position\":1,\"name\":\"Accueil\",\"item\":\"https:\/\/empow-her.com\/es\/inicio\/\"},{\"@type\":\"ListItem\",\"position\":2,\"name\":\"LA BOUTIQUE\",\"item\":\"https:\/\/empow-her.com\/boutique\/\"},{\"@type\":\"ListItem\",\"position\":3,\"name\":\"Rivalit\u00e9 F\u00e9minine &#038; Entrepreneuriat : abattre le mythe et c\u00e9l\u00e9brer la sororit\u00e9 chez Sist&#8217;Her\"}]},{\"@type\":\"WebSite\",\"@id\":\"https:\/\/empow-her.com\/#website\",\"url\":\"https:\/\/empow-her.com\/\",\"name\":\"Empow&#039;Her\",\"description\":\"Women Development\",\"potentialAction\":[{\"@type\":\"SearchAction\",\"target\":{\"@type\":\"EntryPoint\",\"urlTemplate\":\"https:\/\/empow-her.com\/?s={search_term_string}\"},\"query-input\":{\"@type\":\"PropertyValueSpecification\",\"valueRequired\":true,\"valueName\":\"search_term_string\"}}],\"inLanguage\":\"es\"}]}<\/script>\n<!-- \/ Yoast SEO plugin. -->","yoast_head_json":{"title":"Rivalit\u00e9 F\u00e9minine & Entrepreneuriat : abattre le mythe et c\u00e9l\u00e9brer la sororit\u00e9","description":"Le Happy'Her, votre rendez-vous mensuel pour d\u00e9velopper votre r\u00e9seau d'entrepreneuse revient le mardi 4 f\u00e9vrier 2025 de 18h30 \u00c0 20h30 !","robots":{"index":"index","follow":"follow","max-snippet":"max-snippet:-1","max-image-preview":"max-image-preview:large","max-video-preview":"max-video-preview:-1"},"canonical":"https:\/\/empow-her.com\/produit\/rivalite-feminine-entrepreunariat\/","og_locale":"es_ES","og_type":"article","og_title":"Rivalit\u00e9 F\u00e9minine & Entrepreneuriat : abattre le mythe et c\u00e9l\u00e9brer la sororit\u00e9","og_description":"Le Happy'Her, votre rendez-vous mensuel pour d\u00e9velopper votre r\u00e9seau d'entrepreneuse revient le mardi 4 f\u00e9vrier 2025 de 18h30 \u00c0 20h30 !","og_url":"https:\/\/empow-her.com\/produit\/rivalite-feminine-entrepreunariat\/","og_site_name":"Empow&#039;Her","article_modified_time":"2025-01-15T12:01:40+00:00","og_image":[{"width":1080,"height":1080,"url":"https:\/\/empow-her.com\/wp-content\/uploads\/2025\/01\/EVENT-EYE-1.jpg","type":"image\/jpeg"}],"twitter_card":"summary_large_image","twitter_misc":{"Tiempo de lectura":"3 minutos"},"schema":{"@context":"https:\/\/schema.org","@graph":[{"@type":"WebPage","@id":"https:\/\/empow-her.com\/produit\/rivalite-feminine-entrepreunariat\/","url":"https:\/\/empow-her.com\/produit\/rivalite-feminine-entrepreunariat\/","name":"Rivalit\u00e9 F\u00e9minine & Entrepreneuriat : abattre le mythe et c\u00e9l\u00e9brer la sororit\u00e9","isPartOf":{"@id":"https:\/\/empow-her.com\/#website"},"primaryImageOfPage":{"@id":"https:\/\/empow-her.com\/produit\/rivalite-feminine-entrepreunariat\/#primaryimage"},"image":{"@id":"https:\/\/empow-her.com\/produit\/rivalite-feminine-entrepreunariat\/#primaryimage"},"thumbnailUrl":"https:\/\/empow-her.com\/wp-content\/uploads\/2025\/01\/EVENT-EYE-1.jpg","datePublished":"2025-01-15T10:13:35+00:00","dateModified":"2025-01-15T12:01:40+00:00","description":"Le Happy'Her, votre rendez-vous mensuel pour d\u00e9velopper votre r\u00e9seau d'entrepreneuse revient le mardi 4 f\u00e9vrier 2025 de 18h30 \u00c0 20h30 !","breadcrumb":{"@id":"https:\/\/empow-her.com\/produit\/rivalite-feminine-entrepreunariat\/#breadcrumb"},"inLanguage":"es","potentialAction":[{"@type":"ReadAction","target":["https:\/\/empow-her.com\/produit\/rivalite-feminine-entrepreunariat\/"]}]},{"@type":"ImageObject","inLanguage":"es","@id":"https:\/\/empow-her.com\/produit\/rivalite-feminine-entrepreunariat\/#primaryimage","url":"https:\/\/empow-her.com\/wp-content\/uploads\/2025\/01\/EVENT-EYE-1.jpg","contentUrl":"https:\/\/empow-her.com\/wp-content\/uploads\/2025\/01\/EVENT-EYE-1.jpg","width":1080,"height":1080},{"@type":"BreadcrumbList","@id":"https:\/\/empow-her.com\/produit\/rivalite-feminine-entrepreunariat\/#breadcrumb","itemListElement":[{"@type":"ListItem","position":1,"name":"Accueil","item":"https:\/\/empow-her.com\/es\/inicio\/"},{"@type":"ListItem","position":2,"name":"LA BOUTIQUE","item":"https:\/\/empow-her.com\/boutique\/"},{"@type":"ListItem","position":3,"name":"Rivalit\u00e9 F\u00e9minine &#038; Entrepreneuriat : abattre le mythe et c\u00e9l\u00e9brer la sororit\u00e9 chez Sist&#8217;Her"}]},{"@type":"WebSite","@id":"https:\/\/empow-her.com\/#website","url":"https:\/\/empow-her.com\/","name":"Empow&#039;Her","description":"Women Development","potentialAction":[{"@type":"SearchAction","target":{"@type":"EntryPoint","urlTemplate":"https:\/\/empow-her.com\/?s={search_term_string}"},"query-input":{"@type":"PropertyValueSpecification","valueRequired":true,"valueName":"search_term_string"}}],"inLanguage":"es"}]}},"_links":{"self":[{"href":"https:\/\/empow-her.com\/es\/wp-json\/wp\/v2\/product\/263060","targetHints":{"allow":["GET"]}}],"collection":[{"href":"https:\/\/empow-her.com\/es\/wp-json\/wp\/v2\/product"}],"about":[{"href":"https:\/\/empow-her.com\/es\/wp-json\/wp\/v2\/types\/product"}],"wp:featuredmedia":[{"embeddable":true,"href":"https:\/\/empow-her.com\/es\/wp-json\/wp\/v2\/media\/263071"}],"wp:attachment":[{"href":"https:\/\/empow-her.com\/es\/wp-json\/wp\/v2\/media?parent=263060"}],"wp:term":[{"taxonomy":"product_brand","embeddable":true,"href":"https:\/\/empow-her.com\/es\/wp-json\/wp\/v2\/product_brand?post=263060"},{"taxonomy":"product_cat","embeddable":true,"href":"https:\/\/empow-her.com\/es\/wp-json\/wp\/v2\/product_cat?post=263060"},{"taxonomy":"product_tag","embeddable":true,"href":"https:\/\/empow-her.com\/es\/wp-json\/wp\/v2\/product_tag?post=263060"},{"taxonomy":"lieu","embeddable":true,"href":"https:\/\/empow-her.com\/es\/wp-json\/wp\/v2\/lieu?post=263060"},{"taxonomy":"thematiques","embeddable":true,"href":"https:\/\/empow-her.com\/es\/wp-json\/wp\/v2\/thematiques?post=263060"}],"curies":[{"name":"wp","href":"https:\/\/api.w.org\/{rel}","templated":true}]}}