{"id":262788,"date":"2025-01-08T12:50:46","date_gmt":"2025-01-08T11:50:46","guid":{"rendered":"https:\/\/empow-her.com\/?post_type=product&#038;p=262788"},"modified":"2025-01-09T11:03:27","modified_gmt":"2025-01-09T10:03:27","slug":"fresque-mode-impacts-climat","status":"publish","type":"product","link":"https:\/\/empow-her.com\/es\/produit\/fresque-mode-impacts-climat\/","title":{"rendered":"Mode et Impacts : un atelier collaboratif pour mieux comprendre et agir !"},"content":{"rendered":"<p><span class=\"wixui-rich-text__text\">&#x1f30d;L\u2019industrie globale de la mode et du textile est extr\u00eamement polluante et opaque. Elle a un impact consid\u00e9rable sur nos soci\u00e9t\u00e9s et notre environnement. Nous pouvons la transformer collectivement en commen\u00e7ant par comprendre ses enjeux et probl\u00e9matiques.<\/span><\/p>\n<p><span style=\"font-weight: 400;\">Participez chez Sist&#8217;Her \u00e0 un atelier collaboratif et p\u00e9dagogique cr\u00e9\u00e9 par une chouette \u00e9quipe d&#8217;expertes en mode \u00e9coresponsable, sur le principe de la <\/span><b>Fresque du Climat<\/b><span style=\"font-weight: 400;\">.<\/span><\/p>\n<p><span style=\"font-weight: 400;\">Atelier Mode et Impacts<\/span> <span style=\"font-weight: 400;\">a pour objectif de <\/span><b>sensibiliser aux impacts de l&#8217;industrie textile et de la mode sur l&#8217;environnement et le vivant<\/b><span style=\"font-weight: 400;\">, et de pr\u00e9senter des alternatives <\/span><b>d&#8217;\u00e9co-conception<\/b><span style=\"font-weight: 400;\"> pour cr\u00e9er une industrie plus responsable et durable.<\/span><\/p>\n<p><span style=\"font-weight: 400;\">&#x1f3b2;Le jeu se d\u00e9roule en deux parties : un premier jeu de cartes \u00e0 relier selon des liens de causes \u00e0 cons\u00e9quences pendant un atelier d&#8217;<\/span><b>intelligence collective<\/b><span style=\"font-weight: 400;\">, qui permet de construire une repr\u00e9sentation visuelle des impacts. Le second jeu de cartes est d\u00e9di\u00e9<\/span><b> aux solutions concr\u00e8tes de production et de consommation \u00e9co responsables <\/b><span style=\"font-weight: 400;\">sur toute la cha\u00eene de valeur du produit.<\/span><\/p>\n<p><span style=\"font-weight: 400;\">Ludique et cr\u00e9atif, <\/span><b>l\u2019atelier invite \u00e0 repenser les mod\u00e8les<\/b> <b>actuels<\/b><span style=\"font-weight: 400;\"> pour une transformation responsable de l&#8217;industrie de la mode et du textile.<\/span><\/p>\n<h3><strong>Qui est l&#8217;\u00e9quipe derri\u00e8re Atelier Mode et Impacts ?<\/strong><\/h3>\n<p>On vous laisse entre de tr\u00e8s bonnes mains ! &#x1f499;<\/p>\n<ul>\n<li><a href=\"https:\/\/www.linkedin.com\/in\/claire-deslandes-mortier-7a264063\/\">Claire Deslandes Mortier<\/a> : De formation en design mode, Claire a travaill\u00e9 dans des maisons de pr\u00eat \u00e0 porter premium et luxe durant quinze ans. En 2018, apr\u00e8s avoir \u00e9t\u00e9 Directrice de Collection, elle se forme \u00e0 la RSE et fonde <a href=\"https:\/\/www.instagram.com\/consciousfashionfr\/\">Conscious Fashion<\/a> en 2020, un studio de conseil et un organisme de formation d\u00e9di\u00e9 aux sujets RSE.<\/li>\n<\/ul>\n<p>&nbsp;<\/p>\n<ul>\n<li><a href=\"https:\/\/www.instagram.com\/lindamaiphung\/\">Linda Mai Phung<\/a> : Designer et consultante Mode \u00e9coresponsable \u00e0 Paris, Linda Mai a dirig\u00e9 2 marques de mode en Europe et en Asie pendant 10 ans. Son travail a remport\u00e9 quatre prix de mode \u00e9thique d\u00e9cern\u00e9s par des professionnels. Elle collabore aujourd&#8217;hui avec des entreprises de la mode et du luxe \u00e0 la direction artistique et \u00e0 la cr\u00e9ation, et enseigne l&#8217;\u00e9co-conception de mode dans les \u00e9coles sup\u00e9rieures.<\/li>\n<\/ul>\n<h3><strong>Infos pratiques<\/strong><\/h3>\n<div class=\"l7ghb35v kjdc1dyq kmwttqpk gh25dzvf jikcssrz\"><span class=\"fxk3tzhb b2rh1bv3 gh55jysx m8h3af8h ewco64xe kjdc1dyq ms56khn7 bq6c9xl4 eohcrkr5 akh3l2rg\"><img decoding=\"async\" src=\"https:\/\/static.xx.fbcdn.net\/images\/emoji.php\/v9\/td7\/1.5\/16\/1f4c5.png\" alt=\"&#x1f4c5;\" width=\"16\" height=\"16\" \/><\/span> L\u2019\u00e9v\u00e9nement se d\u00e9roulera le mercredi 11 f\u00e9vrier 2025<\/div>\n<div class=\"l7ghb35v kjdc1dyq kmwttqpk gh25dzvf jikcssrz\">&#x231b;&#xfe0f; De 18h30 \u00e0 21h30<br \/>\n<span class=\"fxk3tzhb b2rh1bv3 gh55jysx m8h3af8h ewco64xe kjdc1dyq ms56khn7 bq6c9xl4 eohcrkr5 akh3l2rg\"><img decoding=\"async\" src=\"https:\/\/static.xx.fbcdn.net\/images\/emoji.php\/v9\/t8b\/1.5\/16\/1f516.png\" alt=\"&#x1f516;\" width=\"16\" height=\"16\" \/><\/span> R\u00e9servation gratuite obligatoire<\/div>\n<div class=\"l7ghb35v kjdc1dyq kmwttqpk gh25dzvf jikcssrz\"><span class=\"fxk3tzhb b2rh1bv3 gh55jysx m8h3af8h ewco64xe kjdc1dyq ms56khn7 bq6c9xl4 eohcrkr5 akh3l2rg\"><img decoding=\"async\" src=\"https:\/\/static.xx.fbcdn.net\/images\/emoji.php\/v9\/t86\/1.5\/16\/1f4cd.png\" alt=\"&#x1f4cd;\" width=\"16\" height=\"16\" \/><\/span> Sist\u2019Her : 82 rue du Faubourg Saint-Martin 75010 Paris<\/div>\n","protected":false},"excerpt":{"rendered":"<p><span class=\"wixui-rich-text__text\">&#x1f30d;L\u2019industrie globale de la mode et du textile est extr\u00eamement polluante et opaque. Elle a un impact consid\u00e9rable sur nos soci\u00e9t\u00e9s et notre environnement. Nous pouvons la transformer collectivement en commen\u00e7ant par comprendre ses enjeux et probl\u00e9matiques.<\/span><\/p>\n<p><span style=\"font-weight: 400;\">Participez chez Sist&#8217;Her \u00e0 un atelier collaboratif et p\u00e9dagogique cr\u00e9\u00e9 par une chouette \u00e9quipe d&#8217;expertes en mode \u00e9coresponsable, sur le principe de la <\/span><b>Fresque du Climat<\/b><span style=\"font-weight: 400;\">.<\/span><\/p>\n<p><span style=\"font-weight: 400;\">Atelier Mode et Impacts<\/span> <span style=\"font-weight: 400;\">a pour objectif de <\/span><b>sensibiliser aux impacts de l&#8217;industrie textile et de la mode sur l&#8217;environnement et le vivant<\/b><span style=\"font-weight: 400;\">, et de pr\u00e9senter des alternatives <\/span><b>d&#8217;\u00e9co-conception<\/b><span style=\"font-weight: 400;\"> pour cr\u00e9er une industrie plus responsable et durable.<\/span><\/p>\n<p><span style=\"font-weight: 400;\">&#x1f3b2;Le jeu se d\u00e9roule en deux parties : un premier jeu de cartes \u00e0 relier selon des liens de causes \u00e0 cons\u00e9quences pendant un atelier d&#8217;<\/span><b>intelligence collective<\/b><span style=\"font-weight: 400;\">, qui permet de construire une repr\u00e9sentation visuelle des impacts. Le second jeu de cartes est d\u00e9di\u00e9<\/span><b> aux solutions concr\u00e8tes de production et de consommation \u00e9co responsables <\/b><span style=\"font-weight: 400;\">sur toute la cha\u00eene de valeur du produit.<\/span><\/p>\n<p><span style=\"font-weight: 400;\">Ludique et cr\u00e9atif, <\/span><b>l\u2019atelier invite \u00e0 repenser les mod\u00e8les<\/b> <b>actuels<\/b><span style=\"font-weight: 400;\"> pour une transformation responsable de l&#8217;industrie de la mode et du textile.<\/span><\/p>\n<h3><strong>Qui est l&#8217;\u00e9quipe derri\u00e8re Atelier Mode et Impacts ?<\/strong><\/h3>\n<p>On vous laisse entre de tr\u00e8s bonnes mains ! &#x1f499;<\/p>\n<ul>\n<li><a href=\"https:\/\/www.linkedin.com\/in\/claire-deslandes-mortier-7a264063\/\">Claire Deslandes Mortier<\/a> : De formation en design mode, Claire a travaill\u00e9 dans des maisons de pr\u00eat \u00e0 porter premium et luxe durant quinze ans. En 2018, apr\u00e8s avoir \u00e9t\u00e9 Directrice de Collection, elle se forme \u00e0 la RSE et fonde <a href=\"https:\/\/www.instagram.com\/consciousfashionfr\/\">Conscious Fashion<\/a> en 2020, un studio de conseil et un organisme de formation d\u00e9di\u00e9 aux sujets RSE.<\/li>\n<\/ul>\n<p><span style=\"color: #ffffff;\">.<\/span><\/p>\n<ul>\n<li><a href=\"https:\/\/www.instagram.com\/lindamaiphung\/\">Linda Mai Phung<\/a> : Designer et consultante Mode \u00e9coresponsable \u00e0 Paris, Linda Mai a dirig\u00e9 2 marques de mode en Europe et en Asie pendant 10 ans. Son travail a remport\u00e9 quatre prix de mode \u00e9thique d\u00e9cern\u00e9s par des professionnels. Elle collabore aujourd&#8217;hui avec des entreprises de la mode et du luxe \u00e0 la direction artistique et \u00e0 la cr\u00e9ation, et enseigne l&#8217;\u00e9co-conception de mode dans les \u00e9coles sup\u00e9rieures.<\/li>\n<\/ul>\n<h3><strong>Infos pratiques<\/strong><\/h3>\n<div class=\"l7ghb35v kjdc1dyq kmwttqpk gh25dzvf jikcssrz\"><span class=\"fxk3tzhb b2rh1bv3 gh55jysx m8h3af8h ewco64xe kjdc1dyq ms56khn7 bq6c9xl4 eohcrkr5 akh3l2rg\"><img decoding=\"async\" src=\"https:\/\/static.xx.fbcdn.net\/images\/emoji.php\/v9\/td7\/1.5\/16\/1f4c5.png\" alt=\"&#x1f4c5;\" width=\"16\" height=\"16\" \/><\/span> L\u2019\u00e9v\u00e9nement se d\u00e9roulera le mardi 11 f\u00e9vrier 2025<\/div>\n<div class=\"l7ghb35v kjdc1dyq kmwttqpk gh25dzvf jikcssrz\">&#x231b;&#xfe0f; De 18h30 \u00e0 21h30<br \/>\n<span class=\"fxk3tzhb b2rh1bv3 gh55jysx m8h3af8h ewco64xe kjdc1dyq ms56khn7 bq6c9xl4 eohcrkr5 akh3l2rg\"><img decoding=\"async\" src=\"https:\/\/static.xx.fbcdn.net\/images\/emoji.php\/v9\/t8b\/1.5\/16\/1f516.png\" alt=\"&#x1f516;\" width=\"16\" height=\"16\" \/><\/span> R\u00e9servation gratuite obligatoire<\/div>\n<div class=\"l7ghb35v kjdc1dyq kmwttqpk gh25dzvf jikcssrz\"><span class=\"fxk3tzhb b2rh1bv3 gh55jysx m8h3af8h ewco64xe kjdc1dyq ms56khn7 bq6c9xl4 eohcrkr5 akh3l2rg\"><img decoding=\"async\" src=\"https:\/\/static.xx.fbcdn.net\/images\/emoji.php\/v9\/t86\/1.5\/16\/1f4cd.png\" alt=\"&#x1f4cd;\" width=\"16\" height=\"16\" \/><\/span> Sist\u2019Her : 82 rue du Faubourg Saint-Martin 75010 Paris<\/div>\n<div><span style=\"color: #ffffff;\">.<\/span><\/div>\n<div>\n<div>&#x1f646;&#x200d;&#x2642;&#xfe0f;&#x1f646;&#x200d;&#x2640;&#xfe0f;&#x1f646; : Cet \u00e9v\u00e9nement est mixte, il est accessible \u00e0 tous et toutes<\/div>\n<div><span style=\"color: #ffffff;\">.<\/span><\/div>\n<div>&#x267f;: \u200bNous tenons \u00e0 vous informer que l\u2019acc\u00e8s au b\u00e2timent peut \u00eatre difficile pour les personnes \u00e0 mobilit\u00e9 r\u00e9duite. Pour toute question, nous vous invitons \u00e0 contacter l\u2019adresse suivante : <a rel=\"noopener\">fatoumata.diarra@empow-her.com<\/a>. Nous nous efforcerons de trouver des solutions ensemble &#x1f49c;<\/div>\n<div><span style=\"color: #ffffff;\">.<\/span><\/div>\n<div><span style=\"color: #ffffff;\">.<\/span><\/div>\n<div>\n<div class=\"l7ghb35v kjdc1dyq kmwttqpk gh25dzvf jikcssrz\">Ouvert en mars 2021 par l\u2019ONG\u00a0<a href=\"https:\/\/empow-her.com\/\">Empow\u2019Her<\/a>, Sist\u2019Her Paris est un espace de partage et de cr\u00e9ation f\u00e9ministe, accessible \u00e0 tous.tes, d\u00e9di\u00e9 \u00e0 l\u2019\u00e9criture collective d\u2019un nouveau narratif entrepreneurial et \u00e0 l\u2019outillage des combats pour des soci\u00e9t\u00e9s plus justes, durables et \u00e9galitaires.<\/div>\n<div><span style=\"color: #ffffff;\">.<\/span><\/div>\n<div>Retrouvez tous les \u00e9v\u00e9nements des prochains mois chez Sist\u2019Her dans notre\u00a0<a href=\"https:\/\/empow-her.com\/agenda-empowher\/\">agenda<\/a>\u00a0!<\/div>\n<div><span style=\"color: #ffffff;\">.<\/span><\/div>\n<div>Suivez Sist\u2019Her sur notre\u00a0<a href=\"https:\/\/www.instagram.com\/sisther.paris\/\">Instagram<\/a>\u00a0!<\/div>\n<div><span style=\"color: #ffffff;\">.<\/span><\/div>\n<div class=\"l7ghb35v kjdc1dyq kmwttqpk gh25dzvf jikcssrz\">\u00c0 tr\u00e8s vite !\u00a0<span class=\"fxk3tzhb b2rh1bv3 gh55jysx m8h3af8h ewco64xe kjdc1dyq ms56khn7 bq6c9xl4 eohcrkr5 akh3l2rg\"><img loading=\"lazy\" decoding=\"async\" src=\"https:\/\/static.xx.fbcdn.net\/images\/emoji.php\/v9\/t56\/1.5\/16\/1f64c.png\" alt=\"&#x1f64c;\" width=\"16\" height=\"16\" \/><\/span><\/div>\n<\/div>\n<\/div>\n","protected":false},"featured_media":262826,"template":"","format":"standard","meta":{"_acf_changed":false,"om_disable_all_campaigns":false,"_uf_show_specific_survey":0,"_uf_disable_surveys":false},"product_brand":[],"product_cat":[119],"product_tag":[178,174,132],"lieu":[127],"thematiques":[],"class_list":{"0":"post-262788","1":"product","2":"type-product","3":"status-publish","4":"format-standard","5":"has-post-thumbnail","7":"product_cat-evenement-sisther","8":"product_tag-evenement-sisther","9":"product_tag-happy-her","10":"product_tag-sisther","11":"lieu-hub-empowher","13":"first","14":"instock","15":"virtual","16":"purchasable","17":"product-type-appointment"},"exclude_global_add_ons":[],"addons":[],"acf":[],"yoast_head":"<!-- This site is optimized with the Yoast SEO plugin v24.8 - https:\/\/yoast.com\/wordpress\/plugins\/seo\/ -->\n<title>Fresque Mode &amp; Impacts<\/title>\n<meta name=\"description\" content=\"D\u00e9couvrez les enjeux de la mode responsable \u00e0 travers un atelier ludique inspir\u00e9 de la Fresque du climat avec l&#039;\u00e9quipe de Mode &amp; Impacts chez Sist&#039;Her.\" \/>\n<meta name=\"robots\" content=\"index, follow, max-snippet:-1, max-image-preview:large, max-video-preview:-1\" \/>\n<link rel=\"canonical\" href=\"https:\/\/empow-her.com\/produit\/fresque-mode-impacts-climat\/\" \/>\n<meta property=\"og:locale\" content=\"es_ES\" \/>\n<meta property=\"og:type\" content=\"article\" \/>\n<meta property=\"og:title\" content=\"Fresque Mode &amp; Impacts\" \/>\n<meta property=\"og:description\" content=\"D\u00e9couvrez les enjeux de la mode responsable \u00e0 travers un atelier ludique inspir\u00e9 de la Fresque du climat avec l&#039;\u00e9quipe de Mode &amp; Impacts chez Sist&#039;Her.\" \/>\n<meta property=\"og:url\" content=\"https:\/\/empow-her.com\/produit\/fresque-mode-impacts-climat\/\" \/>\n<meta property=\"og:site_name\" content=\"Empow&#039;Her\" \/>\n<meta property=\"article:modified_time\" content=\"2025-01-09T10:03:27+00:00\" \/>\n<meta property=\"og:image\" content=\"https:\/\/empow-her.com\/wp-content\/uploads\/2025\/01\/vulnerabilis-2.png\" \/>\n\t<meta property=\"og:image:width\" content=\"1080\" \/>\n\t<meta property=\"og:image:height\" content=\"1080\" \/>\n\t<meta property=\"og:image:type\" content=\"image\/png\" \/>\n<meta name=\"twitter:card\" content=\"summary_large_image\" \/>\n<meta name=\"twitter:label1\" content=\"Tiempo de lectura\" \/>\n\t<meta name=\"twitter:data1\" content=\"3 minutos\" \/>\n<script type=\"application\/ld+json\" class=\"yoast-schema-graph\">{\"@context\":\"https:\/\/schema.org\",\"@graph\":[{\"@type\":\"WebPage\",\"@id\":\"https:\/\/empow-her.com\/produit\/fresque-mode-impacts-climat\/\",\"url\":\"https:\/\/empow-her.com\/produit\/fresque-mode-impacts-climat\/\",\"name\":\"Fresque Mode & Impacts\",\"isPartOf\":{\"@id\":\"https:\/\/empow-her.com\/#website\"},\"primaryImageOfPage\":{\"@id\":\"https:\/\/empow-her.com\/produit\/fresque-mode-impacts-climat\/#primaryimage\"},\"image\":{\"@id\":\"https:\/\/empow-her.com\/produit\/fresque-mode-impacts-climat\/#primaryimage\"},\"thumbnailUrl\":\"https:\/\/empow-her.com\/wp-content\/uploads\/2025\/01\/vulnerabilis-2.png\",\"datePublished\":\"2025-01-08T11:50:46+00:00\",\"dateModified\":\"2025-01-09T10:03:27+00:00\",\"description\":\"D\u00e9couvrez les enjeux de la mode responsable \u00e0 travers un atelier ludique inspir\u00e9 de la Fresque du climat avec l'\u00e9quipe de Mode & Impacts chez Sist'Her.\",\"breadcrumb\":{\"@id\":\"https:\/\/empow-her.com\/produit\/fresque-mode-impacts-climat\/#breadcrumb\"},\"inLanguage\":\"es\",\"potentialAction\":[{\"@type\":\"ReadAction\",\"target\":[\"https:\/\/empow-her.com\/produit\/fresque-mode-impacts-climat\/\"]}]},{\"@type\":\"ImageObject\",\"inLanguage\":\"es\",\"@id\":\"https:\/\/empow-her.com\/produit\/fresque-mode-impacts-climat\/#primaryimage\",\"url\":\"https:\/\/empow-her.com\/wp-content\/uploads\/2025\/01\/vulnerabilis-2.png\",\"contentUrl\":\"https:\/\/empow-her.com\/wp-content\/uploads\/2025\/01\/vulnerabilis-2.png\",\"width\":1080,\"height\":1080},{\"@type\":\"BreadcrumbList\",\"@id\":\"https:\/\/empow-her.com\/produit\/fresque-mode-impacts-climat\/#breadcrumb\",\"itemListElement\":[{\"@type\":\"ListItem\",\"position\":1,\"name\":\"Accueil\",\"item\":\"https:\/\/empow-her.com\/es\/inicio\/\"},{\"@type\":\"ListItem\",\"position\":2,\"name\":\"LA BOUTIQUE\",\"item\":\"https:\/\/empow-her.com\/boutique\/\"},{\"@type\":\"ListItem\",\"position\":3,\"name\":\"Mode et Impacts : un atelier collaboratif pour mieux comprendre et agir !\"}]},{\"@type\":\"WebSite\",\"@id\":\"https:\/\/empow-her.com\/#website\",\"url\":\"https:\/\/empow-her.com\/\",\"name\":\"Empow&#039;Her\",\"description\":\"Women Development\",\"potentialAction\":[{\"@type\":\"SearchAction\",\"target\":{\"@type\":\"EntryPoint\",\"urlTemplate\":\"https:\/\/empow-her.com\/?s={search_term_string}\"},\"query-input\":{\"@type\":\"PropertyValueSpecification\",\"valueRequired\":true,\"valueName\":\"search_term_string\"}}],\"inLanguage\":\"es\"}]}<\/script>\n<!-- \/ Yoast SEO plugin. -->","yoast_head_json":{"title":"Fresque Mode & Impacts","description":"D\u00e9couvrez les enjeux de la mode responsable \u00e0 travers un atelier ludique inspir\u00e9 de la Fresque du climat avec l'\u00e9quipe de Mode & Impacts chez Sist'Her.","robots":{"index":"index","follow":"follow","max-snippet":"max-snippet:-1","max-image-preview":"max-image-preview:large","max-video-preview":"max-video-preview:-1"},"canonical":"https:\/\/empow-her.com\/produit\/fresque-mode-impacts-climat\/","og_locale":"es_ES","og_type":"article","og_title":"Fresque Mode & Impacts","og_description":"D\u00e9couvrez les enjeux de la mode responsable \u00e0 travers un atelier ludique inspir\u00e9 de la Fresque du climat avec l'\u00e9quipe de Mode & Impacts chez Sist'Her.","og_url":"https:\/\/empow-her.com\/produit\/fresque-mode-impacts-climat\/","og_site_name":"Empow&#039;Her","article_modified_time":"2025-01-09T10:03:27+00:00","og_image":[{"width":1080,"height":1080,"url":"https:\/\/empow-her.com\/wp-content\/uploads\/2025\/01\/vulnerabilis-2.png","type":"image\/png"}],"twitter_card":"summary_large_image","twitter_misc":{"Tiempo de lectura":"3 minutos"},"schema":{"@context":"https:\/\/schema.org","@graph":[{"@type":"WebPage","@id":"https:\/\/empow-her.com\/produit\/fresque-mode-impacts-climat\/","url":"https:\/\/empow-her.com\/produit\/fresque-mode-impacts-climat\/","name":"Fresque Mode & Impacts","isPartOf":{"@id":"https:\/\/empow-her.com\/#website"},"primaryImageOfPage":{"@id":"https:\/\/empow-her.com\/produit\/fresque-mode-impacts-climat\/#primaryimage"},"image":{"@id":"https:\/\/empow-her.com\/produit\/fresque-mode-impacts-climat\/#primaryimage"},"thumbnailUrl":"https:\/\/empow-her.com\/wp-content\/uploads\/2025\/01\/vulnerabilis-2.png","datePublished":"2025-01-08T11:50:46+00:00","dateModified":"2025-01-09T10:03:27+00:00","description":"D\u00e9couvrez les enjeux de la mode responsable \u00e0 travers un atelier ludique inspir\u00e9 de la Fresque du climat avec l'\u00e9quipe de Mode & Impacts chez Sist'Her.","breadcrumb":{"@id":"https:\/\/empow-her.com\/produit\/fresque-mode-impacts-climat\/#breadcrumb"},"inLanguage":"es","potentialAction":[{"@type":"ReadAction","target":["https:\/\/empow-her.com\/produit\/fresque-mode-impacts-climat\/"]}]},{"@type":"ImageObject","inLanguage":"es","@id":"https:\/\/empow-her.com\/produit\/fresque-mode-impacts-climat\/#primaryimage","url":"https:\/\/empow-her.com\/wp-content\/uploads\/2025\/01\/vulnerabilis-2.png","contentUrl":"https:\/\/empow-her.com\/wp-content\/uploads\/2025\/01\/vulnerabilis-2.png","width":1080,"height":1080},{"@type":"BreadcrumbList","@id":"https:\/\/empow-her.com\/produit\/fresque-mode-impacts-climat\/#breadcrumb","itemListElement":[{"@type":"ListItem","position":1,"name":"Accueil","item":"https:\/\/empow-her.com\/es\/inicio\/"},{"@type":"ListItem","position":2,"name":"LA BOUTIQUE","item":"https:\/\/empow-her.com\/boutique\/"},{"@type":"ListItem","position":3,"name":"Mode et Impacts : un atelier collaboratif pour mieux comprendre et agir !"}]},{"@type":"WebSite","@id":"https:\/\/empow-her.com\/#website","url":"https:\/\/empow-her.com\/","name":"Empow&#039;Her","description":"Women Development","potentialAction":[{"@type":"SearchAction","target":{"@type":"EntryPoint","urlTemplate":"https:\/\/empow-her.com\/?s={search_term_string}"},"query-input":{"@type":"PropertyValueSpecification","valueRequired":true,"valueName":"search_term_string"}}],"inLanguage":"es"}]}},"_links":{"self":[{"href":"https:\/\/empow-her.com\/es\/wp-json\/wp\/v2\/product\/262788","targetHints":{"allow":["GET"]}}],"collection":[{"href":"https:\/\/empow-her.com\/es\/wp-json\/wp\/v2\/product"}],"about":[{"href":"https:\/\/empow-her.com\/es\/wp-json\/wp\/v2\/types\/product"}],"wp:featuredmedia":[{"embeddable":true,"href":"https:\/\/empow-her.com\/es\/wp-json\/wp\/v2\/media\/262826"}],"wp:attachment":[{"href":"https:\/\/empow-her.com\/es\/wp-json\/wp\/v2\/media?parent=262788"}],"wp:term":[{"taxonomy":"product_brand","embeddable":true,"href":"https:\/\/empow-her.com\/es\/wp-json\/wp\/v2\/product_brand?post=262788"},{"taxonomy":"product_cat","embeddable":true,"href":"https:\/\/empow-her.com\/es\/wp-json\/wp\/v2\/product_cat?post=262788"},{"taxonomy":"product_tag","embeddable":true,"href":"https:\/\/empow-her.com\/es\/wp-json\/wp\/v2\/product_tag?post=262788"},{"taxonomy":"lieu","embeddable":true,"href":"https:\/\/empow-her.com\/es\/wp-json\/wp\/v2\/lieu?post=262788"},{"taxonomy":"thematiques","embeddable":true,"href":"https:\/\/empow-her.com\/es\/wp-json\/wp\/v2\/thematiques?post=262788"}],"curies":[{"name":"wp","href":"https:\/\/api.w.org\/{rel}","templated":true}]}}