{"id":262424,"date":"2024-12-23T12:16:48","date_gmt":"2024-12-23T11:16:48","guid":{"rendered":"https:\/\/empow-her.com\/?post_type=product&#038;p=262424"},"modified":"2025-01-13T11:32:18","modified_gmt":"2025-01-13T10:32:18","slug":"racisme-anti-asiatique-dans-lespace-public","status":"publish","type":"product","link":"https:\/\/empow-her.com\/es\/produit\/racisme-anti-asiatique-dans-lespace-public\/","title":{"rendered":"Discussion autour du racisme anti-asiatique dans l&#8217;espace public chez Sist&#8217;Her"},"content":{"rendered":"<div>\n<div>\n<p>l&#8217;Association des Jeunes Chinois en France, organise une table ronde chez Sist&#8217;Her, afin de discuter du racisme anti-asiatique dans l&#8217;espace public et d&#8217;explorer les diff\u00e9rentes mani\u00e8res de lutter contre ces discriminations au quotidien. Cet \u00e9v\u00e9nement se veut un moment d\u2019\u00e9change et de r\u00e9flexion collective sur les formes vari\u00e9es de racisme que rencontrent les personnes asiatiques dans l\u2019espace public.<\/p>\n<p>La prise de conscience, exprim\u00e9e de plus en plus par la communaut\u00e9 asiatique en France, a \u00e9t\u00e9 particuli\u00e8rement renforc\u00e9e depuis les \u00e9v\u00e9nements li\u00e9s \u00e0 la pand\u00e9mie de COVID-19, qui ont intensifi\u00e9 les st\u00e9r\u00e9otypes et les violences anti-asiatiques. La table ronde permettra de d\u00e9finir ce qu&#8217;est le racisme anti-asiatique dans l&#8217;espace public, en abordant ses diff\u00e9rentes manifestations, qu&#8217;elles soient physiques, verbales mais aussi ses cons\u00e9quences sur les individus et les communaut\u00e9s.<\/p>\n<p>Ils se pencheront sur les r\u00e9actions des victimes face \u00e0 ces situations et sur les moyens de se d\u00e9fendre. Ils discuteront \u00e9galement des actions concr\u00e8tes que chacun\u00b7e peut entreprendre pour combattre ce ph\u00e9nom\u00e8ne et des leviers collectifs \u00e0 activer, que ce soit \u00e0 travers la solidarit\u00e9 ou \u00e0 la sensibilisation. Un autre point essentiel sera de r\u00e9fl\u00e9chir sur :\u00a0 Comment peuvent-ils intervenir efficacement et soutenir la victime tout en contribuant \u00e0 un environnement plus s\u00fbr et inclusif pour tou\u00b7te\u00b7s ?<\/p>\n<p>Cette table ronde sera anim\u00e9e par des intervenants de renom, qui partageront leur expertise et leurs exp\u00e9riences sur ce sujet :<\/p>\n<ul>\n<li><strong>Daniel Tran<\/strong>, conseiller municipal de Paris 13e en charge de la lutte contre les discriminations et la promotion de la diversit\u00e9, et pr\u00e9sident honorifique de l\u2019Association des Jeunes Chinois en France (AJCF).<\/li>\n<li><strong>Soc Lam<\/strong>, avocat de Paris et militant contre le racisme anti-asiatique.<\/li>\n<li><a href=\"https:\/\/www.instagram.com\/boulomsouk\/?hl=fr\"><strong>Boulomsouk Svadphaiphane<\/strong><\/a>, autrice, r\u00e9alisatrice, photographe et peintre, et repr\u00e9sentante de <a href=\"https:\/\/www.instagram.com\/slashasian\/?hl=fr\"><strong>SlashAsian<\/strong><\/a>, le premier m\u00e9dia asiof\u00e9ministe fran\u00e7ais d\u2019influence.<\/li>\n<\/ul>\n<\/div>\n<p>&nbsp;<\/p>\n<div>\n<p>&nbsp;<\/p>\n<\/div>\n<p><strong>Qui AJCF (Association des jeunes chinois en France) ?<\/strong><\/p>\n<p>Fond\u00e9e en 2009, est un espace d&#8217;\u00e9change et de soutien pour les jeunes d&#8217;origine chinoise en France. Elle aide ses membres \u00e0 mieux comprendre et exprimer leur double culture franco-chinoise. Ses actions principales incluent la sensibilisation et la lutte contre le racisme anti-asiatique, le soutien aux victimes de discriminations, ainsi que la promotion de l\u2019histoire des diasporas chinoises en France.<\/p>\n<p>&nbsp;<\/p>\n<\/div>\n<div><\/div>\n<div class=\"l7ghb35v kjdc1dyq kmwttqpk gh25dzvf jikcssrz\"><strong>Infos pratiques<\/strong><\/div>\n<div><\/div>\n<div class=\"l7ghb35v kjdc1dyq kmwttqpk gh25dzvf jikcssrz\"><span class=\"fxk3tzhb b2rh1bv3 gh55jysx m8h3af8h ewco64xe kjdc1dyq ms56khn7 bq6c9xl4 eohcrkr5 akh3l2rg\"><img decoding=\"async\" src=\"https:\/\/static.xx.fbcdn.net\/images\/emoji.php\/v9\/td7\/1.5\/16\/1f4c5.png\" alt=\"&#x1f4c5;\" width=\"16\" height=\"16\" \/><\/span> L\u2019\u00e9v\u00e9nement se d\u00e9roulera le jeudi 30 janvier 2025<\/div>\n<div class=\"l7ghb35v kjdc1dyq kmwttqpk gh25dzvf jikcssrz\">&#x231b;&#xfe0f; De 18h45 \u00e0 21h<br \/>\n<span class=\"fxk3tzhb b2rh1bv3 gh55jysx m8h3af8h ewco64xe kjdc1dyq ms56khn7 bq6c9xl4 eohcrkr5 akh3l2rg\"><img decoding=\"async\" src=\"https:\/\/static.xx.fbcdn.net\/images\/emoji.php\/v9\/t8b\/1.5\/16\/1f516.png\" alt=\"&#x1f516;\" width=\"16\" height=\"16\" \/><\/span> R\u00e9servation gratuite obligatoire<\/div>\n<div class=\"l7ghb35v kjdc1dyq kmwttqpk gh25dzvf jikcssrz\"><span class=\"fxk3tzhb b2rh1bv3 gh55jysx m8h3af8h ewco64xe kjdc1dyq ms56khn7 bq6c9xl4 eohcrkr5 akh3l2rg\"><img decoding=\"async\" src=\"https:\/\/static.xx.fbcdn.net\/images\/emoji.php\/v9\/t86\/1.5\/16\/1f4cd.png\" alt=\"&#x1f4cd;\" width=\"16\" height=\"16\" \/><\/span> Sist\u2019Her : 82 rue du Faubourg Saint-Martin 75010 Paris<\/div>\n<div><\/div>\n<div><\/div>\n<div><\/div>\n<div class=\"l7ghb35v kjdc1dyq kmwttqpk gh25dzvf jikcssrz\">Ouvert en mars 2021 par l\u2019ONG\u00a0<a href=\"https:\/\/empow-her.com\/\">Empow\u2019Her<\/a>, Sist\u2019Her Paris est un espace de partage et de cr\u00e9ation f\u00e9ministe, accessible \u00e0 tous.tes, d\u00e9di\u00e9 \u00e0 l\u2019\u00e9criture collective d\u2019un nouveau narratif entrepreneurial et \u00e0 l\u2019outillage des combats pour des soci\u00e9t\u00e9s plus justes, durables et \u00e9galitaires.<\/div>\n<div><\/div>\n<div>Retrouvez tous les \u00e9v\u00e9nements des prochains mois chez Sist&#8217;Her dans notre <a href=\"https:\/\/empow-her.com\/agenda-empowher\/\">agenda<\/a> !<\/div>\n<div><\/div>\n<div>Suivez Sist&#8217;Her sur notre <a href=\"https:\/\/www.instagram.com\/sisther.paris\/\">Instagram<\/a> !<\/div>\n<div><\/div>\n<div class=\"l7ghb35v kjdc1dyq kmwttqpk gh25dzvf jikcssrz\">\u00c0 tr\u00e8s vite ! <span class=\"fxk3tzhb b2rh1bv3 gh55jysx m8h3af8h ewco64xe kjdc1dyq ms56khn7 bq6c9xl4 eohcrkr5 akh3l2rg\"><img loading=\"lazy\" decoding=\"async\" src=\"https:\/\/static.xx.fbcdn.net\/images\/emoji.php\/v9\/t56\/1.5\/16\/1f64c.png\" alt=\"&#x1f64c;\" width=\"16\" height=\"16\" \/><br \/>\n<\/span><\/div>\n","protected":false},"excerpt":{"rendered":"<div>\n<div>\n<p>l&#8217;Association des Jeunes Chinois en France, organise une table ronde chez Sist&#8217;Her, afin de discuter du racisme anti-asiatique dans l&#8217;espace public et d&#8217;explorer les diff\u00e9rentes mani\u00e8res de lutter contre ces discriminations au quotidien. Cet \u00e9v\u00e9nement se veut un moment d\u2019\u00e9change et de r\u00e9flexion collective sur les formes vari\u00e9es de racisme que rencontrent les personnes asiatiques dans l\u2019espace public.<\/p>\n<p>La prise de conscience de cette r\u00e9alit\u00e9, exprim\u00e9e de plus en plus par la communaut\u00e9 asiatique en France, a \u00e9t\u00e9 particuli\u00e8rement renforc\u00e9e depuis les \u00e9v\u00e9nements li\u00e9s \u00e0 la pand\u00e9mie de COVID-19, qui ont intensifi\u00e9 les st\u00e9r\u00e9otypes et les violences anti-asiatiques. La table ronde permettra de d\u00e9finir ce qu&#8217;est le racisme anti-asiatique dans l&#8217;espace public, en abordant ses diff\u00e9rentes manifestations, qu&#8217;elles soient physiques, verbales mais aussi ses cons\u00e9quences sur les individus et les communaut\u00e9s.<\/p>\n<p>Ils se pencheront\u00a0 sur les r\u00e9actions des victimes face \u00e0 ces situations et sur les moyens de se d\u00e9fendre. Ils discuteront \u00e9galement des actions concr\u00e8tes que chacun\u00b7e peut entreprendre pour combattre ce ph\u00e9nom\u00e8ne et des leviers collectifs \u00e0 activer, que ce soit \u00e0 travers la solidarit\u00e9, la sensibilisation, ou des politiques publiques. Un autre point essentiel sera de r\u00e9fl\u00e9chir au r\u00f4le des t\u00e9moins dans de telles situations : comment peuvent-ils intervenir efficacement et soutenir la victime tout en contribuant \u00e0 un environnement plus s\u00fbr et inclusif pour tou\u00b7te\u00b7s ?<\/p>\n<p>Cette table ronde sera anim\u00e9e par des intervenants de renom, qui partageront leur expertise et leurs exp\u00e9riences sur ce sujet crucial :<\/p>\n<ul>\n<li><strong>Daniel Tran<\/strong>, conseiller d&#8217;arrondissement de Paris 13e en charge de la lutte contre les discriminations et des relations internationales, et pr\u00e9sident honoraire de l\u2019Association des Jeunes Chinois en France (AJCF).<\/li>\n<li><strong>Soc Lam<\/strong>, avocat de Paris et militant contre le racisme anti-asiatique.<\/li>\n<li><a href=\"https:\/\/www.instagram.com\/boulomsouk\/?hl=fr\"><strong>Boulomsouk Svadphaiphane<\/strong><\/a>, autrice, r\u00e9alisatrice, photographe et peintre, et repr\u00e9sentante de <a href=\"https:\/\/www.instagram.com\/slashasian\/?hl=fr\"><strong>SlashAsian<\/strong><\/a>, le premier m\u00e9dia asiof\u00e9ministe fran\u00e7ais d\u2019influence.<\/li>\n<\/ul>\n<p>&nbsp;<\/p>\n<\/div>\n<div>\n<p>&nbsp;<\/p>\n<\/div>\n<p><strong>Qui AJCF (Association des jeunes chinois en France) ?<\/strong><\/p>\n<p>Fond\u00e9e en 2009, est un espace d&#8217;\u00e9change et de soutien pour les jeunes d&#8217;origine chinoise en France. Elle aide ses membres \u00e0 mieux comprendre et exprimer leur double culture franco-chinoise. Ses actions principales incluent la sensibilisation et la lutte contre le racisme anti-asiatique, le soutien aux victimes de discriminations, ainsi que la promotion de l\u2019histoire des diasporas chinoises en France.<\/p>\n<p>&nbsp;<\/p>\n<\/div>\n<div><\/div>\n<div class=\"l7ghb35v kjdc1dyq kmwttqpk gh25dzvf jikcssrz\"><strong>Infos pratiques<\/strong><\/div>\n<div><\/div>\n<div class=\"l7ghb35v kjdc1dyq kmwttqpk gh25dzvf jikcssrz\"><span class=\"fxk3tzhb b2rh1bv3 gh55jysx m8h3af8h ewco64xe kjdc1dyq ms56khn7 bq6c9xl4 eohcrkr5 akh3l2rg\"><img decoding=\"async\" src=\"https:\/\/static.xx.fbcdn.net\/images\/emoji.php\/v9\/td7\/1.5\/16\/1f4c5.png\" alt=\"&#x1f4c5;\" width=\"16\" height=\"16\" \/><\/span> L\u2019\u00e9v\u00e9nement se d\u00e9roulera le jeudi 30 janvier 2025<\/div>\n<div class=\"l7ghb35v kjdc1dyq kmwttqpk gh25dzvf jikcssrz\">&#x231b;&#xfe0f; De 18h45 \u00e0 21h<br \/>\n<span class=\"fxk3tzhb b2rh1bv3 gh55jysx m8h3af8h ewco64xe kjdc1dyq ms56khn7 bq6c9xl4 eohcrkr5 akh3l2rg\"><img decoding=\"async\" src=\"https:\/\/static.xx.fbcdn.net\/images\/emoji.php\/v9\/t8b\/1.5\/16\/1f516.png\" alt=\"&#x1f516;\" width=\"16\" height=\"16\" \/><\/span> R\u00e9servation gratuite obligatoire<\/div>\n<div class=\"l7ghb35v kjdc1dyq kmwttqpk gh25dzvf jikcssrz\"><span class=\"fxk3tzhb b2rh1bv3 gh55jysx m8h3af8h ewco64xe kjdc1dyq ms56khn7 bq6c9xl4 eohcrkr5 akh3l2rg\"><img decoding=\"async\" src=\"https:\/\/static.xx.fbcdn.net\/images\/emoji.php\/v9\/t86\/1.5\/16\/1f4cd.png\" alt=\"&#x1f4cd;\" width=\"16\" height=\"16\" \/><\/span> Sist\u2019Her : 82 rue du Faubourg Saint-Martin 75010 Paris<\/div>\n<div><span style=\"color: #ffffff;\">.<\/span><\/div>\n<div class=\"l7ghb35v kjdc1dyq kmwttqpk gh25dzvf jikcssrz\">\n<div>&#x1f646;&#x1f646;&#x200d;&#x2640;&#xfe0f;&#x1f646;&#x200d;&#x2642;&#xfe0f; : Cet \u00e9v\u00e9nement est mixte, il est accessible \u00e0 toutes et tous<\/div>\n<div><span style=\"color: #ffffff;\">.<\/span><\/div>\n<div>&#x267f;: \u200bNous tenons \u00e0 vous informer que l\u2019acc\u00e8s au b\u00e2timent peut \u00eatre difficile pour les personnes \u00e0 mobilit\u00e9 r\u00e9duite. Pour toute question, nous vous invitons \u00e0 contacter l\u2019adresse suivante : <a rel=\"noopener\">fatoumata.diarra@empow-her.com<\/a>. Nous nous efforcerons de trouver des solutions ensemble &#x1f49c;<\/div>\n<div><span style=\"color: #ffffff;\">.<\/span><\/div>\n<div><span style=\"color: #ffffff;\">.<\/span><\/div>\n<div>\n<div class=\"l7ghb35v kjdc1dyq kmwttqpk gh25dzvf jikcssrz\">Ouvert en mars 2021 par l\u2019ONG\u00a0<a href=\"https:\/\/empow-her.com\/\">Empow\u2019Her<\/a>, Sist\u2019Her Paris est un espace de partage et de cr\u00e9ation f\u00e9ministe, accessible \u00e0 tous.tes, d\u00e9di\u00e9 \u00e0 l\u2019\u00e9criture collective d\u2019un nouveau narratif entrepreneurial et \u00e0 l\u2019outillage des combats pour des soci\u00e9t\u00e9s plus justes, durables et \u00e9galitaires.<\/div>\n<div><span style=\"color: #ffffff;\">.<\/span><\/div>\n<div>Retrouvez tous les \u00e9v\u00e9nements des prochains mois chez Sist\u2019Her dans notre\u00a0<a href=\"https:\/\/empow-her.com\/agenda-empowher\/\">agenda<\/a>\u00a0!<\/div>\n<div><span style=\"color: #ffffff;\">.<\/span><\/div>\n<div>Suivez Sist\u2019Her sur notre\u00a0<a href=\"https:\/\/www.instagram.com\/sisther.paris\/\">Instagram<\/a>\u00a0!<\/div>\n<div><span style=\"color: #ffffff;\">.<\/span><\/div>\n<div class=\"l7ghb35v kjdc1dyq kmwttqpk gh25dzvf jikcssrz\">\u00c0 tr\u00e8s vite !\u00a0<span class=\"fxk3tzhb b2rh1bv3 gh55jysx m8h3af8h ewco64xe kjdc1dyq ms56khn7 bq6c9xl4 eohcrkr5 akh3l2rg\"><img loading=\"lazy\" decoding=\"async\" src=\"https:\/\/static.xx.fbcdn.net\/images\/emoji.php\/v9\/t56\/1.5\/16\/1f64c.png\" alt=\"&#x1f64c;\" width=\"16\" height=\"16\" \/><\/span><\/div>\n<\/div>\n<\/div>\n","protected":false},"featured_media":262426,"template":"","format":"standard","meta":{"_acf_changed":false,"om_disable_all_campaigns":false,"_uf_show_specific_survey":0,"_uf_disable_surveys":false},"product_brand":[],"product_cat":[119],"product_tag":[178,174,132],"lieu":[127],"thematiques":[],"class_list":{"0":"post-262424","1":"product","2":"type-product","3":"status-publish","4":"format-standard","5":"has-post-thumbnail","7":"product_cat-evenement-sisther","8":"product_tag-evenement-sisther","9":"product_tag-happy-her","10":"product_tag-sisther","11":"lieu-hub-empowher","13":"first","14":"instock","15":"virtual","16":"purchasable","17":"product-type-appointment"},"exclude_global_add_ons":[],"addons":[],"acf":[],"yoast_head":"<!-- This site is optimized with the Yoast SEO plugin v24.8 - https:\/\/yoast.com\/wordpress\/plugins\/seo\/ -->\n<title>Discussion autour du racisme anti-asiatique dans l&#039;espace public<\/title>\n<meta name=\"description\" content=\"Participez \u00e0 la table ronde le 30 janvier chez Sist&#039;Her sur le racisme anti-asiatique dans l&#039;espace public. Explorons des solutions pour lutter contre ces discriminations.\" \/>\n<meta name=\"robots\" content=\"index, follow, max-snippet:-1, max-image-preview:large, max-video-preview:-1\" \/>\n<link rel=\"canonical\" href=\"https:\/\/empow-her.com\/produit\/racisme-anti-asiatique-dans-lespace-public\/\" \/>\n<meta property=\"og:locale\" content=\"es_ES\" \/>\n<meta property=\"og:type\" content=\"article\" \/>\n<meta property=\"og:title\" content=\"Discussion autour du racisme anti-asiatique dans l&#039;espace public\" \/>\n<meta property=\"og:description\" content=\"Participez \u00e0 la table ronde le 30 janvier chez Sist&#039;Her sur le racisme anti-asiatique dans l&#039;espace public. Explorons des solutions pour lutter contre ces discriminations.\" \/>\n<meta property=\"og:url\" content=\"https:\/\/empow-her.com\/produit\/racisme-anti-asiatique-dans-lespace-public\/\" \/>\n<meta property=\"og:site_name\" content=\"Empow&#039;Her\" \/>\n<meta property=\"article:modified_time\" content=\"2025-01-13T10:32:18+00:00\" \/>\n<meta property=\"og:image\" content=\"https:\/\/empow-her.com\/wp-content\/uploads\/2024\/12\/vulnerabilis.png\" \/>\n\t<meta property=\"og:image:width\" content=\"1080\" \/>\n\t<meta property=\"og:image:height\" content=\"1080\" \/>\n\t<meta property=\"og:image:type\" content=\"image\/png\" \/>\n<meta name=\"twitter:card\" content=\"summary_large_image\" \/>\n<meta name=\"twitter:label1\" content=\"Tiempo de lectura\" \/>\n\t<meta name=\"twitter:data1\" content=\"4 minutos\" \/>\n<script type=\"application\/ld+json\" class=\"yoast-schema-graph\">{\"@context\":\"https:\/\/schema.org\",\"@graph\":[{\"@type\":\"WebPage\",\"@id\":\"https:\/\/empow-her.com\/produit\/racisme-anti-asiatique-dans-lespace-public\/\",\"url\":\"https:\/\/empow-her.com\/produit\/racisme-anti-asiatique-dans-lespace-public\/\",\"name\":\"Discussion autour du racisme anti-asiatique dans l'espace public\",\"isPartOf\":{\"@id\":\"https:\/\/empow-her.com\/#website\"},\"primaryImageOfPage\":{\"@id\":\"https:\/\/empow-her.com\/produit\/racisme-anti-asiatique-dans-lespace-public\/#primaryimage\"},\"image\":{\"@id\":\"https:\/\/empow-her.com\/produit\/racisme-anti-asiatique-dans-lespace-public\/#primaryimage\"},\"thumbnailUrl\":\"https:\/\/empow-her.com\/wp-content\/uploads\/2024\/12\/vulnerabilis.png\",\"datePublished\":\"2024-12-23T11:16:48+00:00\",\"dateModified\":\"2025-01-13T10:32:18+00:00\",\"description\":\"Participez \u00e0 la table ronde le 30 janvier chez Sist'Her sur le racisme anti-asiatique dans l'espace public. Explorons des solutions pour lutter contre ces discriminations.\",\"breadcrumb\":{\"@id\":\"https:\/\/empow-her.com\/produit\/racisme-anti-asiatique-dans-lespace-public\/#breadcrumb\"},\"inLanguage\":\"es\",\"potentialAction\":[{\"@type\":\"ReadAction\",\"target\":[\"https:\/\/empow-her.com\/produit\/racisme-anti-asiatique-dans-lespace-public\/\"]}]},{\"@type\":\"ImageObject\",\"inLanguage\":\"es\",\"@id\":\"https:\/\/empow-her.com\/produit\/racisme-anti-asiatique-dans-lespace-public\/#primaryimage\",\"url\":\"https:\/\/empow-her.com\/wp-content\/uploads\/2024\/12\/vulnerabilis.png\",\"contentUrl\":\"https:\/\/empow-her.com\/wp-content\/uploads\/2024\/12\/vulnerabilis.png\",\"width\":1080,\"height\":1080},{\"@type\":\"BreadcrumbList\",\"@id\":\"https:\/\/empow-her.com\/produit\/racisme-anti-asiatique-dans-lespace-public\/#breadcrumb\",\"itemListElement\":[{\"@type\":\"ListItem\",\"position\":1,\"name\":\"Accueil\",\"item\":\"https:\/\/empow-her.com\/es\/inicio\/\"},{\"@type\":\"ListItem\",\"position\":2,\"name\":\"LA BOUTIQUE\",\"item\":\"https:\/\/empow-her.com\/boutique\/\"},{\"@type\":\"ListItem\",\"position\":3,\"name\":\"Discussion autour du racisme anti-asiatique dans l&#8217;espace public chez Sist&#8217;Her\"}]},{\"@type\":\"WebSite\",\"@id\":\"https:\/\/empow-her.com\/#website\",\"url\":\"https:\/\/empow-her.com\/\",\"name\":\"Empow&#039;Her\",\"description\":\"Women Development\",\"potentialAction\":[{\"@type\":\"SearchAction\",\"target\":{\"@type\":\"EntryPoint\",\"urlTemplate\":\"https:\/\/empow-her.com\/?s={search_term_string}\"},\"query-input\":{\"@type\":\"PropertyValueSpecification\",\"valueRequired\":true,\"valueName\":\"search_term_string\"}}],\"inLanguage\":\"es\"}]}<\/script>\n<!-- \/ Yoast SEO plugin. -->","yoast_head_json":{"title":"Discussion autour du racisme anti-asiatique dans l'espace public","description":"Participez \u00e0 la table ronde le 30 janvier chez Sist'Her sur le racisme anti-asiatique dans l'espace public. Explorons des solutions pour lutter contre ces discriminations.","robots":{"index":"index","follow":"follow","max-snippet":"max-snippet:-1","max-image-preview":"max-image-preview:large","max-video-preview":"max-video-preview:-1"},"canonical":"https:\/\/empow-her.com\/produit\/racisme-anti-asiatique-dans-lespace-public\/","og_locale":"es_ES","og_type":"article","og_title":"Discussion autour du racisme anti-asiatique dans l'espace public","og_description":"Participez \u00e0 la table ronde le 30 janvier chez Sist'Her sur le racisme anti-asiatique dans l'espace public. Explorons des solutions pour lutter contre ces discriminations.","og_url":"https:\/\/empow-her.com\/produit\/racisme-anti-asiatique-dans-lespace-public\/","og_site_name":"Empow&#039;Her","article_modified_time":"2025-01-13T10:32:18+00:00","og_image":[{"width":1080,"height":1080,"url":"https:\/\/empow-her.com\/wp-content\/uploads\/2024\/12\/vulnerabilis.png","type":"image\/png"}],"twitter_card":"summary_large_image","twitter_misc":{"Tiempo de lectura":"4 minutos"},"schema":{"@context":"https:\/\/schema.org","@graph":[{"@type":"WebPage","@id":"https:\/\/empow-her.com\/produit\/racisme-anti-asiatique-dans-lespace-public\/","url":"https:\/\/empow-her.com\/produit\/racisme-anti-asiatique-dans-lespace-public\/","name":"Discussion autour du racisme anti-asiatique dans l'espace public","isPartOf":{"@id":"https:\/\/empow-her.com\/#website"},"primaryImageOfPage":{"@id":"https:\/\/empow-her.com\/produit\/racisme-anti-asiatique-dans-lespace-public\/#primaryimage"},"image":{"@id":"https:\/\/empow-her.com\/produit\/racisme-anti-asiatique-dans-lespace-public\/#primaryimage"},"thumbnailUrl":"https:\/\/empow-her.com\/wp-content\/uploads\/2024\/12\/vulnerabilis.png","datePublished":"2024-12-23T11:16:48+00:00","dateModified":"2025-01-13T10:32:18+00:00","description":"Participez \u00e0 la table ronde le 30 janvier chez Sist'Her sur le racisme anti-asiatique dans l'espace public. Explorons des solutions pour lutter contre ces discriminations.","breadcrumb":{"@id":"https:\/\/empow-her.com\/produit\/racisme-anti-asiatique-dans-lespace-public\/#breadcrumb"},"inLanguage":"es","potentialAction":[{"@type":"ReadAction","target":["https:\/\/empow-her.com\/produit\/racisme-anti-asiatique-dans-lespace-public\/"]}]},{"@type":"ImageObject","inLanguage":"es","@id":"https:\/\/empow-her.com\/produit\/racisme-anti-asiatique-dans-lespace-public\/#primaryimage","url":"https:\/\/empow-her.com\/wp-content\/uploads\/2024\/12\/vulnerabilis.png","contentUrl":"https:\/\/empow-her.com\/wp-content\/uploads\/2024\/12\/vulnerabilis.png","width":1080,"height":1080},{"@type":"BreadcrumbList","@id":"https:\/\/empow-her.com\/produit\/racisme-anti-asiatique-dans-lespace-public\/#breadcrumb","itemListElement":[{"@type":"ListItem","position":1,"name":"Accueil","item":"https:\/\/empow-her.com\/es\/inicio\/"},{"@type":"ListItem","position":2,"name":"LA BOUTIQUE","item":"https:\/\/empow-her.com\/boutique\/"},{"@type":"ListItem","position":3,"name":"Discussion autour du racisme anti-asiatique dans l&#8217;espace public chez Sist&#8217;Her"}]},{"@type":"WebSite","@id":"https:\/\/empow-her.com\/#website","url":"https:\/\/empow-her.com\/","name":"Empow&#039;Her","description":"Women Development","potentialAction":[{"@type":"SearchAction","target":{"@type":"EntryPoint","urlTemplate":"https:\/\/empow-her.com\/?s={search_term_string}"},"query-input":{"@type":"PropertyValueSpecification","valueRequired":true,"valueName":"search_term_string"}}],"inLanguage":"es"}]}},"_links":{"self":[{"href":"https:\/\/empow-her.com\/es\/wp-json\/wp\/v2\/product\/262424","targetHints":{"allow":["GET"]}}],"collection":[{"href":"https:\/\/empow-her.com\/es\/wp-json\/wp\/v2\/product"}],"about":[{"href":"https:\/\/empow-her.com\/es\/wp-json\/wp\/v2\/types\/product"}],"wp:featuredmedia":[{"embeddable":true,"href":"https:\/\/empow-her.com\/es\/wp-json\/wp\/v2\/media\/262426"}],"wp:attachment":[{"href":"https:\/\/empow-her.com\/es\/wp-json\/wp\/v2\/media?parent=262424"}],"wp:term":[{"taxonomy":"product_brand","embeddable":true,"href":"https:\/\/empow-her.com\/es\/wp-json\/wp\/v2\/product_brand?post=262424"},{"taxonomy":"product_cat","embeddable":true,"href":"https:\/\/empow-her.com\/es\/wp-json\/wp\/v2\/product_cat?post=262424"},{"taxonomy":"product_tag","embeddable":true,"href":"https:\/\/empow-her.com\/es\/wp-json\/wp\/v2\/product_tag?post=262424"},{"taxonomy":"lieu","embeddable":true,"href":"https:\/\/empow-her.com\/es\/wp-json\/wp\/v2\/lieu?post=262424"},{"taxonomy":"thematiques","embeddable":true,"href":"https:\/\/empow-her.com\/es\/wp-json\/wp\/v2\/thematiques?post=262424"}],"curies":[{"name":"wp","href":"https:\/\/api.w.org\/{rel}","templated":true}]}}