{"id":259864,"date":"2024-11-03T17:01:13","date_gmt":"2024-11-03T16:01:13","guid":{"rendered":"https:\/\/empow-her.com\/?post_type=product&#038;p=259864"},"modified":"2024-11-03T17:04:02","modified_gmt":"2024-11-03T16:04:02","slug":"coaching-developper-mes-reseaux-sociaux-2","status":"publish","type":"product","link":"https:\/\/empow-her.com\/es\/produit\/coaching-developper-mes-reseaux-sociaux-2\/","title":{"rendered":"Coaching &#8211; D\u00e9velopper mes r\u00e9seaux sociaux"},"content":{"rendered":"<p>Cette permanence a pour objectif de vous aider \u00e0 structurer votre strat\u00e9gie d\u2019acquisition de client\u00e8le sur Internet, en lien avec votre produit\/service et votre cible. Nous pourrons aborder entre autres la notion du persona, l&#8217;expression de votre positionnement de marque, le choix des r\u00e9seaux sociaux adapt\u00e9s, et les strat\u00e9gies \u00e0 y mettre en place dans leurs grandes lignes.<\/p>\n<p><strong>Par: Gimme Social<\/strong><strong>\u00a0 <\/strong><\/p>\n<p><strong><span data-sheets-value=\"{&quot;1&quot;:2,&quot;2&quot;:&quot;Alexandre Sourzac-Lami est co-fondateur de Comit, une structure sp\u00e9cialis\u00e9e qui con\u00e7oit et adapte des outils et m\u00e9thodes pour donner aux entrepreneur.e.s la capacit\u00e9 de d\u00e9velopper des mod\u00e8les \u00e9conomiques p\u00e9rennes.&quot;}\" data-sheets-userformat=\"{&quot;2&quot;:1055743,&quot;3&quot;:{&quot;1&quot;:0},&quot;4&quot;:{&quot;1&quot;:2,&quot;2&quot;:16777215},&quot;5&quot;:{&quot;1&quot;:[{&quot;1&quot;:2,&quot;2&quot;:0,&quot;5&quot;:{&quot;1&quot;:2,&quot;2&quot;:0}},{&quot;1&quot;:0,&quot;2&quot;:0,&quot;3&quot;:3},{&quot;1&quot;:1,&quot;2&quot;:0,&quot;4&quot;:1}]},&quot;6&quot;:{&quot;1&quot;:[{&quot;1&quot;:2,&quot;2&quot;:0,&quot;5&quot;:{&quot;1&quot;:2,&quot;2&quot;:0}},{&quot;1&quot;:0,&quot;2&quot;:0,&quot;3&quot;:3},{&quot;1&quot;:1,&quot;2&quot;:0,&quot;4&quot;:1}]},&quot;7&quot;:{&quot;1&quot;:[{&quot;1&quot;:2,&quot;2&quot;:0,&quot;5&quot;:{&quot;1&quot;:2,&quot;2&quot;:0}},{&quot;1&quot;:0,&quot;2&quot;:0,&quot;3&quot;:3},{&quot;1&quot;:1,&quot;2&quot;:0,&quot;4&quot;:1}]},&quot;8&quot;:{&quot;1&quot;:[{&quot;1&quot;:2,&quot;2&quot;:0,&quot;5&quot;:{&quot;1&quot;:2,&quot;2&quot;:0}},{&quot;1&quot;:0,&quot;2&quot;:0,&quot;3&quot;:3},{&quot;1&quot;:1,&quot;2&quot;:0,&quot;4&quot;:1}]},&quot;9&quot;:0,&quot;10&quot;:1,&quot;11&quot;:4,&quot;12&quot;:0,&quot;14&quot;:{&quot;1&quot;:2,&quot;2&quot;:0},&quot;15&quot;:&quot;Calibri&quot;,&quot;23&quot;:1}\" data-sheets-textstyleruns=\"{&quot;1&quot;:0}\uee10{&quot;1&quot;:43,&quot;2&quot;:{&quot;2&quot;:{&quot;1&quot;:2,&quot;2&quot;:1136076},&quot;9&quot;:1}}\uee10{&quot;1&quot;:48}\" data-sheets-hyperlinkruns=\"{&quot;1&quot;:43,&quot;2&quot;:&quot;https:\/\/www.comit.berlin\/&quot;}\uee10{&quot;1&quot;:48}\">Intervenant.e.s :<\/span> Val\u00e9rie Bernard<\/strong><\/p>\n<p>\u201cJ\u2019ai lanc\u00e9 ma premi\u00e8re soci\u00e9t\u00e9 en 1994 et depuis j\u2019ai eu plusieurs vies. Reconvertie dans le marketing digital depuis 10 ans, j\u2019ai fond\u00e9 le blog puis l\u2019agence digitale Gimme Social Web pour accompagner notamment les entrepreneuses senior qui se lancent suite \u00e0 une reconversion professionnelle. Je les aide \u00e0 construire une pr\u00e9sence en ligne efficace et p\u00e9renne.<\/p>\n<p><strong>Domaines d\u2019expertise :<\/strong><\/p>\n<ul>\n<li>La visibilit\u00e9 en ligne des petites marques gr\u00e2ce \u00e0 une utilisation appropri\u00e9e des outils digitaux actuels : le site internet (expertise WordPress), le r\u00e9f\u00e9rencement naturel (SEO), le blogging, la newsletter et les r\u00e9seaux sociaux.<\/li>\n<li>L\u2019exp\u00e9rience de cas clients concrets entre les marques et entreprises pour lesquelles j\u2019ai travaill\u00e9 ou qui m\u2019ont sollicit\u00e9e, et les solo-preneuses que j\u2019ai coach\u00e9es ces 3 derni\u00e8res ann\u00e9es.<\/li>\n<\/ul>\n<p><strong>Super pouvoir<\/strong> : une p\u00e9dagogie bienveillante et accessible<\/p>\n<p><strong>Lieu<\/strong> : en ligne<\/p>\n<p><strong>Dur\u00e9e<\/strong> : <span data-sheets-value=\"{&quot;1&quot;:2,&quot;2&quot;:&quot;Permanence de 4h avec un cr\u00e9neau de 1h par participante (+ 15 minutes entre chaque)&quot;}\" data-sheets-userformat=\"{&quot;2&quot;:7167,&quot;3&quot;:{&quot;1&quot;:0},&quot;4&quot;:{&quot;1&quot;:2,&quot;2&quot;:16777215},&quot;5&quot;:{&quot;1&quot;:[{&quot;1&quot;:2,&quot;2&quot;:0,&quot;5&quot;:{&quot;1&quot;:2,&quot;2&quot;:0}},{&quot;1&quot;:0,&quot;2&quot;:0,&quot;3&quot;:3},{&quot;1&quot;:1,&quot;2&quot;:0,&quot;4&quot;:1}]},&quot;6&quot;:{&quot;1&quot;:[{&quot;1&quot;:2,&quot;2&quot;:0,&quot;5&quot;:{&quot;1&quot;:2,&quot;2&quot;:0}},{&quot;1&quot;:0,&quot;2&quot;:0,&quot;3&quot;:3},{&quot;1&quot;:1,&quot;2&quot;:0,&quot;4&quot;:1}]},&quot;7&quot;:{&quot;1&quot;:[{&quot;1&quot;:2,&quot;2&quot;:0,&quot;5&quot;:{&quot;1&quot;:2,&quot;2&quot;:0}},{&quot;1&quot;:0,&quot;2&quot;:0,&quot;3&quot;:3},{&quot;1&quot;:1,&quot;2&quot;:0,&quot;4&quot;:1}]},&quot;8&quot;:{&quot;1&quot;:[{&quot;1&quot;:2,&quot;2&quot;:0,&quot;5&quot;:{&quot;1&quot;:2,&quot;2&quot;:0}},{&quot;1&quot;:0,&quot;2&quot;:0,&quot;3&quot;:3},{&quot;1&quot;:1,&quot;2&quot;:0,&quot;4&quot;:1}]},&quot;9&quot;:0,&quot;10&quot;:1,&quot;11&quot;:4,&quot;12&quot;:0,&quot;14&quot;:{&quot;1&quot;:2,&quot;2&quot;:0},&quot;15&quot;:&quot;Calibri&quot;}\">Permanence de 2h avec un cr\u00e9neau de 1h par participante<\/span><\/p>\n","protected":false},"excerpt":{"rendered":"<p>Cette permanence a pour objectif de vous aider \u00e0 structurer votre strat\u00e9gie d\u2019acquisition de client\u00e8le sur Internet, en lien avec votre produit\/service et votre cible. Nous pourrons aborder entre autres la notion du persona, l&#8217;expression de votre positionnement de marque, le choix des r\u00e9seaux sociaux adapt\u00e9s, et les strat\u00e9gies \u00e0 y mettre en place dans leurs grandes lignes.<\/p>\n<p><strong>Par: Gimme Social<\/strong><strong>\u00a0 <\/strong><\/p>\n<p><strong><span data-sheets-value=\"{&quot;1&quot;:2,&quot;2&quot;:&quot;Alexandre Sourzac-Lami est co-fondateur de Comit, une structure sp\u00e9cialis\u00e9e qui con\u00e7oit et adapte des outils et m\u00e9thodes pour donner aux entrepreneur.e.s la capacit\u00e9 de d\u00e9velopper des mod\u00e8les \u00e9conomiques p\u00e9rennes.&quot;}\" data-sheets-userformat=\"{&quot;2&quot;:1055743,&quot;3&quot;:{&quot;1&quot;:0},&quot;4&quot;:{&quot;1&quot;:2,&quot;2&quot;:16777215},&quot;5&quot;:{&quot;1&quot;:[{&quot;1&quot;:2,&quot;2&quot;:0,&quot;5&quot;:{&quot;1&quot;:2,&quot;2&quot;:0}},{&quot;1&quot;:0,&quot;2&quot;:0,&quot;3&quot;:3},{&quot;1&quot;:1,&quot;2&quot;:0,&quot;4&quot;:1}]},&quot;6&quot;:{&quot;1&quot;:[{&quot;1&quot;:2,&quot;2&quot;:0,&quot;5&quot;:{&quot;1&quot;:2,&quot;2&quot;:0}},{&quot;1&quot;:0,&quot;2&quot;:0,&quot;3&quot;:3},{&quot;1&quot;:1,&quot;2&quot;:0,&quot;4&quot;:1}]},&quot;7&quot;:{&quot;1&quot;:[{&quot;1&quot;:2,&quot;2&quot;:0,&quot;5&quot;:{&quot;1&quot;:2,&quot;2&quot;:0}},{&quot;1&quot;:0,&quot;2&quot;:0,&quot;3&quot;:3},{&quot;1&quot;:1,&quot;2&quot;:0,&quot;4&quot;:1}]},&quot;8&quot;:{&quot;1&quot;:[{&quot;1&quot;:2,&quot;2&quot;:0,&quot;5&quot;:{&quot;1&quot;:2,&quot;2&quot;:0}},{&quot;1&quot;:0,&quot;2&quot;:0,&quot;3&quot;:3},{&quot;1&quot;:1,&quot;2&quot;:0,&quot;4&quot;:1}]},&quot;9&quot;:0,&quot;10&quot;:1,&quot;11&quot;:4,&quot;12&quot;:0,&quot;14&quot;:{&quot;1&quot;:2,&quot;2&quot;:0},&quot;15&quot;:&quot;Calibri&quot;,&quot;23&quot;:1}\" data-sheets-textstyleruns=\"{&quot;1&quot;:0}\uee10{&quot;1&quot;:43,&quot;2&quot;:{&quot;2&quot;:{&quot;1&quot;:2,&quot;2&quot;:1136076},&quot;9&quot;:1}}\uee10{&quot;1&quot;:48}\" data-sheets-hyperlinkruns=\"{&quot;1&quot;:43,&quot;2&quot;:&quot;https:\/\/www.comit.berlin\/&quot;}\uee10{&quot;1&quot;:48}\">Intervenant.e.s :<\/span> Val\u00e9rie Bernard<\/strong><\/p>\n<p>\u201cJ\u2019ai lanc\u00e9 ma premi\u00e8re soci\u00e9t\u00e9 en 1994 et depuis j\u2019ai eu plusieurs vies. Reconvertie dans le marketing digital depuis 10 ans, j\u2019ai fond\u00e9 le blog puis l\u2019agence digitale Gimme Social Web pour accompagner notamment les entrepreneuses senior qui se lancent suite \u00e0 une reconversion professionnelle. Je les aide \u00e0 construire une pr\u00e9sence en ligne efficace et p\u00e9renne.<\/p>\n<p><strong>Domaines d\u2019expertise :<\/strong><\/p>\n<ul>\n<li>La visibilit\u00e9 en ligne des petites marques gr\u00e2ce \u00e0 une utilisation appropri\u00e9e des outils digitaux actuels : le site internet (expertise WordPress), le r\u00e9f\u00e9rencement naturel (SEO), le blogging, la newsletter et les r\u00e9seaux sociaux.<\/li>\n<li>L\u2019exp\u00e9rience de cas clients concrets entre les marques et entreprises pour lesquelles j\u2019ai travaill\u00e9 ou qui m\u2019ont sollicit\u00e9e, et les solo-preneuses que j\u2019ai coach\u00e9es ces 3 derni\u00e8res ann\u00e9es.<\/li>\n<\/ul>\n<p><strong>Super pouvoir<\/strong> : une p\u00e9dagogie bienveillante et accessible<\/p>\n<p><strong>Lieu<\/strong> : en ligne<\/p>\n<p><strong>Dur\u00e9e<\/strong> : <span data-sheets-value=\"{&quot;1&quot;:2,&quot;2&quot;:&quot;Permanence de 4h avec un cr\u00e9neau de 1h par participante (+ 15 minutes entre chaque)&quot;}\" data-sheets-userformat=\"{&quot;2&quot;:7167,&quot;3&quot;:{&quot;1&quot;:0},&quot;4&quot;:{&quot;1&quot;:2,&quot;2&quot;:16777215},&quot;5&quot;:{&quot;1&quot;:[{&quot;1&quot;:2,&quot;2&quot;:0,&quot;5&quot;:{&quot;1&quot;:2,&quot;2&quot;:0}},{&quot;1&quot;:0,&quot;2&quot;:0,&quot;3&quot;:3},{&quot;1&quot;:1,&quot;2&quot;:0,&quot;4&quot;:1}]},&quot;6&quot;:{&quot;1&quot;:[{&quot;1&quot;:2,&quot;2&quot;:0,&quot;5&quot;:{&quot;1&quot;:2,&quot;2&quot;:0}},{&quot;1&quot;:0,&quot;2&quot;:0,&quot;3&quot;:3},{&quot;1&quot;:1,&quot;2&quot;:0,&quot;4&quot;:1}]},&quot;7&quot;:{&quot;1&quot;:[{&quot;1&quot;:2,&quot;2&quot;:0,&quot;5&quot;:{&quot;1&quot;:2,&quot;2&quot;:0}},{&quot;1&quot;:0,&quot;2&quot;:0,&quot;3&quot;:3},{&quot;1&quot;:1,&quot;2&quot;:0,&quot;4&quot;:1}]},&quot;8&quot;:{&quot;1&quot;:[{&quot;1&quot;:2,&quot;2&quot;:0,&quot;5&quot;:{&quot;1&quot;:2,&quot;2&quot;:0}},{&quot;1&quot;:0,&quot;2&quot;:0,&quot;3&quot;:3},{&quot;1&quot;:1,&quot;2&quot;:0,&quot;4&quot;:1}]},&quot;9&quot;:0,&quot;10&quot;:1,&quot;11&quot;:4,&quot;12&quot;:0,&quot;14&quot;:{&quot;1&quot;:2,&quot;2&quot;:0},&quot;15&quot;:&quot;Calibri&quot;}\">Permanence de 2h avec un cr\u00e9neau de 1h par participante<\/span><\/p>\n<p>&nbsp;<\/p>\n","protected":false},"featured_media":259865,"template":"","format":"standard","meta":{"_acf_changed":false,"om_disable_all_campaigns":false,"_uf_show_specific_survey":0,"_uf_disable_surveys":false},"product_brand":[],"product_cat":[121],"product_tag":[],"lieu":[125],"thematiques":[],"class_list":{"0":"post-259864","1":"product","2":"type-product","3":"status-publish","4":"format-standard","5":"has-post-thumbnail","7":"product_cat-coaching","8":"lieu-en-ligne","10":"first","11":"instock","12":"virtual","13":"purchasable","14":"product-type-appointment"},"exclude_global_add_ons":[],"addons":[],"acf":[],"yoast_head":"<!-- This site is optimized with the Yoast SEO plugin v24.8 - https:\/\/yoast.com\/wordpress\/plugins\/seo\/ -->\n<title>Coaching - D\u00e9velopper mes r\u00e9seaux sociaux - Empow&#039;Her<\/title>\n<meta name=\"robots\" content=\"index, follow, max-snippet:-1, max-image-preview:large, max-video-preview:-1\" \/>\n<link rel=\"canonical\" href=\"https:\/\/empow-her.com\/produit\/coaching-developper-mes-reseaux-sociaux-2\/\" \/>\n<meta property=\"og:locale\" content=\"es_ES\" \/>\n<meta property=\"og:type\" content=\"article\" \/>\n<meta property=\"og:title\" content=\"Coaching - D\u00e9velopper mes r\u00e9seaux sociaux - Empow&#039;Her\" \/>\n<meta property=\"og:description\" content=\"Cette permanence a pour objectif de vous aider \u00e0 structurer votre strat\u00e9gie d\u2019acquisition de client\u00e8le sur Internet, en lien avec votre produit\/service et votre cible. Nous pourrons aborder entre autres la notion du persona, l&#039;expression de votre positionnement de marque, le choix des r\u00e9seaux sociaux adapt\u00e9s, et les strat\u00e9gies \u00e0 y mettre en place dans leurs grandes lignes.  Par: Gimme Social\u00a0   Intervenant.e.s : Val\u00e9rie Bernard  \u201cJ\u2019ai lanc\u00e9 ma premi\u00e8re soci\u00e9t\u00e9 en 1994 et depuis j\u2019ai eu plusieurs vies. Reconvertie dans le marketing digital depuis 10 ans, j\u2019ai fond\u00e9 le blog puis l\u2019agence digitale Gimme Social Web pour accompagner notamment les entrepreneuses senior qui se lancent suite \u00e0 une reconversion professionnelle. Je les aide \u00e0 construire une pr\u00e9sence en ligne efficace et p\u00e9renne.  Domaines d\u2019expertise :   La visibilit\u00e9 en ligne des petites marques gr\u00e2ce \u00e0 une utilisation appropri\u00e9e des outils digitaux actuels : le site internet (expertise WordPress), le r\u00e9f\u00e9rencement naturel (SEO), le blogging, la newsletter et les r\u00e9seaux sociaux.  L\u2019exp\u00e9rience de cas clients concrets entre les marques et entreprises pour lesquelles j\u2019ai travaill\u00e9 ou qui m\u2019ont sollicit\u00e9e, et les solo-preneuses que j\u2019ai coach\u00e9es ces 3 derni\u00e8res ann\u00e9es.  Super pouvoir : une p\u00e9dagogie bienveillante et accessible  Lieu : en ligne  Dur\u00e9e : Permanence de 2h avec un cr\u00e9neau de 1h par participante  &nbsp;\" \/>\n<meta property=\"og:url\" content=\"https:\/\/empow-her.com\/produit\/coaching-developper-mes-reseaux-sociaux-2\/\" \/>\n<meta property=\"og:site_name\" content=\"Empow&#039;Her\" \/>\n<meta property=\"article:modified_time\" content=\"2024-11-03T16:04:02+00:00\" \/>\n<meta property=\"og:image\" content=\"https:\/\/empow-her.com\/wp-content\/uploads\/2024\/11\/Women-Dare-templates-events-90.png\" \/>\n\t<meta property=\"og:image:width\" content=\"1080\" \/>\n\t<meta property=\"og:image:height\" content=\"1080\" \/>\n\t<meta property=\"og:image:type\" content=\"image\/png\" \/>\n<meta name=\"twitter:card\" content=\"summary_large_image\" \/>\n<meta name=\"twitter:label1\" content=\"Tiempo de lectura\" \/>\n\t<meta name=\"twitter:data1\" content=\"2 minutos\" \/>\n<script type=\"application\/ld+json\" class=\"yoast-schema-graph\">{\"@context\":\"https:\/\/schema.org\",\"@graph\":[{\"@type\":\"WebPage\",\"@id\":\"https:\/\/empow-her.com\/produit\/coaching-developper-mes-reseaux-sociaux-2\/\",\"url\":\"https:\/\/empow-her.com\/produit\/coaching-developper-mes-reseaux-sociaux-2\/\",\"name\":\"Coaching - D\u00e9velopper mes r\u00e9seaux sociaux - Empow&#039;Her\",\"isPartOf\":{\"@id\":\"https:\/\/empow-her.com\/#website\"},\"primaryImageOfPage\":{\"@id\":\"https:\/\/empow-her.com\/produit\/coaching-developper-mes-reseaux-sociaux-2\/#primaryimage\"},\"image\":{\"@id\":\"https:\/\/empow-her.com\/produit\/coaching-developper-mes-reseaux-sociaux-2\/#primaryimage\"},\"thumbnailUrl\":\"https:\/\/empow-her.com\/wp-content\/uploads\/2024\/11\/Women-Dare-templates-events-90.png\",\"datePublished\":\"2024-11-03T16:01:13+00:00\",\"dateModified\":\"2024-11-03T16:04:02+00:00\",\"breadcrumb\":{\"@id\":\"https:\/\/empow-her.com\/produit\/coaching-developper-mes-reseaux-sociaux-2\/#breadcrumb\"},\"inLanguage\":\"es\",\"potentialAction\":[{\"@type\":\"ReadAction\",\"target\":[\"https:\/\/empow-her.com\/produit\/coaching-developper-mes-reseaux-sociaux-2\/\"]}]},{\"@type\":\"ImageObject\",\"inLanguage\":\"es\",\"@id\":\"https:\/\/empow-her.com\/produit\/coaching-developper-mes-reseaux-sociaux-2\/#primaryimage\",\"url\":\"https:\/\/empow-her.com\/wp-content\/uploads\/2024\/11\/Women-Dare-templates-events-90.png\",\"contentUrl\":\"https:\/\/empow-her.com\/wp-content\/uploads\/2024\/11\/Women-Dare-templates-events-90.png\",\"width\":1080,\"height\":1080},{\"@type\":\"BreadcrumbList\",\"@id\":\"https:\/\/empow-her.com\/produit\/coaching-developper-mes-reseaux-sociaux-2\/#breadcrumb\",\"itemListElement\":[{\"@type\":\"ListItem\",\"position\":1,\"name\":\"Accueil\",\"item\":\"https:\/\/empow-her.com\/es\/inicio\/\"},{\"@type\":\"ListItem\",\"position\":2,\"name\":\"LA BOUTIQUE\",\"item\":\"https:\/\/empow-her.com\/boutique\/\"},{\"@type\":\"ListItem\",\"position\":3,\"name\":\"Coaching &#8211; D\u00e9velopper mes r\u00e9seaux sociaux\"}]},{\"@type\":\"WebSite\",\"@id\":\"https:\/\/empow-her.com\/#website\",\"url\":\"https:\/\/empow-her.com\/\",\"name\":\"Empow&#039;Her\",\"description\":\"Women Development\",\"potentialAction\":[{\"@type\":\"SearchAction\",\"target\":{\"@type\":\"EntryPoint\",\"urlTemplate\":\"https:\/\/empow-her.com\/?s={search_term_string}\"},\"query-input\":{\"@type\":\"PropertyValueSpecification\",\"valueRequired\":true,\"valueName\":\"search_term_string\"}}],\"inLanguage\":\"es\"}]}<\/script>\n<!-- \/ Yoast SEO plugin. -->","yoast_head_json":{"title":"Coaching - D\u00e9velopper mes r\u00e9seaux sociaux - Empow&#039;Her","robots":{"index":"index","follow":"follow","max-snippet":"max-snippet:-1","max-image-preview":"max-image-preview:large","max-video-preview":"max-video-preview:-1"},"canonical":"https:\/\/empow-her.com\/produit\/coaching-developper-mes-reseaux-sociaux-2\/","og_locale":"es_ES","og_type":"article","og_title":"Coaching - D\u00e9velopper mes r\u00e9seaux sociaux - Empow&#039;Her","og_description":"Cette permanence a pour objectif de vous aider \u00e0 structurer votre strat\u00e9gie d\u2019acquisition de client\u00e8le sur Internet, en lien avec votre produit\/service et votre cible. Nous pourrons aborder entre autres la notion du persona, l'expression de votre positionnement de marque, le choix des r\u00e9seaux sociaux adapt\u00e9s, et les strat\u00e9gies \u00e0 y mettre en place dans leurs grandes lignes.  Par: Gimme Social\u00a0   Intervenant.e.s : Val\u00e9rie Bernard  \u201cJ\u2019ai lanc\u00e9 ma premi\u00e8re soci\u00e9t\u00e9 en 1994 et depuis j\u2019ai eu plusieurs vies. Reconvertie dans le marketing digital depuis 10 ans, j\u2019ai fond\u00e9 le blog puis l\u2019agence digitale Gimme Social Web pour accompagner notamment les entrepreneuses senior qui se lancent suite \u00e0 une reconversion professionnelle. Je les aide \u00e0 construire une pr\u00e9sence en ligne efficace et p\u00e9renne.  Domaines d\u2019expertise :   La visibilit\u00e9 en ligne des petites marques gr\u00e2ce \u00e0 une utilisation appropri\u00e9e des outils digitaux actuels : le site internet (expertise WordPress), le r\u00e9f\u00e9rencement naturel (SEO), le blogging, la newsletter et les r\u00e9seaux sociaux.  L\u2019exp\u00e9rience de cas clients concrets entre les marques et entreprises pour lesquelles j\u2019ai travaill\u00e9 ou qui m\u2019ont sollicit\u00e9e, et les solo-preneuses que j\u2019ai coach\u00e9es ces 3 derni\u00e8res ann\u00e9es.  Super pouvoir : une p\u00e9dagogie bienveillante et accessible  Lieu : en ligne  Dur\u00e9e : Permanence de 2h avec un cr\u00e9neau de 1h par participante  &nbsp;","og_url":"https:\/\/empow-her.com\/produit\/coaching-developper-mes-reseaux-sociaux-2\/","og_site_name":"Empow&#039;Her","article_modified_time":"2024-11-03T16:04:02+00:00","og_image":[{"width":1080,"height":1080,"url":"https:\/\/empow-her.com\/wp-content\/uploads\/2024\/11\/Women-Dare-templates-events-90.png","type":"image\/png"}],"twitter_card":"summary_large_image","twitter_misc":{"Tiempo de lectura":"2 minutos"},"schema":{"@context":"https:\/\/schema.org","@graph":[{"@type":"WebPage","@id":"https:\/\/empow-her.com\/produit\/coaching-developper-mes-reseaux-sociaux-2\/","url":"https:\/\/empow-her.com\/produit\/coaching-developper-mes-reseaux-sociaux-2\/","name":"Coaching - D\u00e9velopper mes r\u00e9seaux sociaux - Empow&#039;Her","isPartOf":{"@id":"https:\/\/empow-her.com\/#website"},"primaryImageOfPage":{"@id":"https:\/\/empow-her.com\/produit\/coaching-developper-mes-reseaux-sociaux-2\/#primaryimage"},"image":{"@id":"https:\/\/empow-her.com\/produit\/coaching-developper-mes-reseaux-sociaux-2\/#primaryimage"},"thumbnailUrl":"https:\/\/empow-her.com\/wp-content\/uploads\/2024\/11\/Women-Dare-templates-events-90.png","datePublished":"2024-11-03T16:01:13+00:00","dateModified":"2024-11-03T16:04:02+00:00","breadcrumb":{"@id":"https:\/\/empow-her.com\/produit\/coaching-developper-mes-reseaux-sociaux-2\/#breadcrumb"},"inLanguage":"es","potentialAction":[{"@type":"ReadAction","target":["https:\/\/empow-her.com\/produit\/coaching-developper-mes-reseaux-sociaux-2\/"]}]},{"@type":"ImageObject","inLanguage":"es","@id":"https:\/\/empow-her.com\/produit\/coaching-developper-mes-reseaux-sociaux-2\/#primaryimage","url":"https:\/\/empow-her.com\/wp-content\/uploads\/2024\/11\/Women-Dare-templates-events-90.png","contentUrl":"https:\/\/empow-her.com\/wp-content\/uploads\/2024\/11\/Women-Dare-templates-events-90.png","width":1080,"height":1080},{"@type":"BreadcrumbList","@id":"https:\/\/empow-her.com\/produit\/coaching-developper-mes-reseaux-sociaux-2\/#breadcrumb","itemListElement":[{"@type":"ListItem","position":1,"name":"Accueil","item":"https:\/\/empow-her.com\/es\/inicio\/"},{"@type":"ListItem","position":2,"name":"LA BOUTIQUE","item":"https:\/\/empow-her.com\/boutique\/"},{"@type":"ListItem","position":3,"name":"Coaching &#8211; D\u00e9velopper mes r\u00e9seaux sociaux"}]},{"@type":"WebSite","@id":"https:\/\/empow-her.com\/#website","url":"https:\/\/empow-her.com\/","name":"Empow&#039;Her","description":"Women Development","potentialAction":[{"@type":"SearchAction","target":{"@type":"EntryPoint","urlTemplate":"https:\/\/empow-her.com\/?s={search_term_string}"},"query-input":{"@type":"PropertyValueSpecification","valueRequired":true,"valueName":"search_term_string"}}],"inLanguage":"es"}]}},"_links":{"self":[{"href":"https:\/\/empow-her.com\/es\/wp-json\/wp\/v2\/product\/259864","targetHints":{"allow":["GET"]}}],"collection":[{"href":"https:\/\/empow-her.com\/es\/wp-json\/wp\/v2\/product"}],"about":[{"href":"https:\/\/empow-her.com\/es\/wp-json\/wp\/v2\/types\/product"}],"wp:featuredmedia":[{"embeddable":true,"href":"https:\/\/empow-her.com\/es\/wp-json\/wp\/v2\/media\/259865"}],"wp:attachment":[{"href":"https:\/\/empow-her.com\/es\/wp-json\/wp\/v2\/media?parent=259864"}],"wp:term":[{"taxonomy":"product_brand","embeddable":true,"href":"https:\/\/empow-her.com\/es\/wp-json\/wp\/v2\/product_brand?post=259864"},{"taxonomy":"product_cat","embeddable":true,"href":"https:\/\/empow-her.com\/es\/wp-json\/wp\/v2\/product_cat?post=259864"},{"taxonomy":"product_tag","embeddable":true,"href":"https:\/\/empow-her.com\/es\/wp-json\/wp\/v2\/product_tag?post=259864"},{"taxonomy":"lieu","embeddable":true,"href":"https:\/\/empow-her.com\/es\/wp-json\/wp\/v2\/lieu?post=259864"},{"taxonomy":"thematiques","embeddable":true,"href":"https:\/\/empow-her.com\/es\/wp-json\/wp\/v2\/thematiques?post=259864"}],"curies":[{"name":"wp","href":"https:\/\/api.w.org\/{rel}","templated":true}]}}