{"id":259659,"date":"2024-10-31T15:48:04","date_gmt":"2024-10-31T14:48:04","guid":{"rendered":"https:\/\/empow-her.com\/?post_type=product&#038;p=259659"},"modified":"2024-10-31T16:01:21","modified_gmt":"2024-10-31T15:01:21","slug":"coaching-prendre-confiance-en-son-potentiel-affirmer-sa-legitimite-valoriser-son-offre-4","status":"publish","type":"product","link":"https:\/\/empow-her.com\/es\/produit\/coaching-prendre-confiance-en-son-potentiel-affirmer-sa-legitimite-valoriser-son-offre-4\/","title":{"rendered":"Coaching &#8211; Prendre confiance en son potentiel, affirmer sa l\u00e9gitimit\u00e9 &#038; valoriser son offre"},"content":{"rendered":"<p><strong>Description:<\/strong><\/p>\n<p><strong>Besoin :<\/strong> &#8220;J&#8217;ai besoin d&#8217;avoir confiance en mes talents et de me sentir l\u00e9gitime en tant qu&#8217;entrepreneuse. J&#8217;ai besoin de me sentir au clair avec l&#8217;utilit\u00e9 de mon offre et de ma proposition de valeur. J&#8217;ai besoin de d\u00e9passer mon syndrome de l&#8217;imposteur pour sentir que je suis \u00e0 la bonne place.&#8221;<\/p>\n<p><strong>Objectif :<\/strong> si ces phrases r\u00e9sonnent alors cette permanence pourra vous donner des cl\u00e9s pour prendre confiance en votre potentiel.<\/p>\n<p><strong>Intervenant.e<\/strong>\u00a0<strong>: Alexandra Cauchard<\/strong><\/p>\n<p>Je suis Alexandra Cauchard, moi-m\u00eame multi entrepreneuse, j\u2019ai co-fond\u00e9 Shaker, agence de conseil en intelligence collective et de formation aux comp\u00e9tences comportementales, le detour-therapie qui est un cabinet de gestalt th\u00e9rapie et enfin Nouvel \u0153il, association d\u00e9di\u00e9e \u00e0 l\u2019\u00e9mergence cr\u00e9ative. Ce sont donc ces exp\u00e9riences de cr\u00e9ation qui sont ma premi\u00e8re mati\u00e8re pour vous accompagner. Ancienne avocate et \u00e9galement com\u00e9dienne amateure, j\u2019aime vous soutenir pour incarner et pitcher votre projet tout en tenant compte de votre singularit\u00e9 et en prenant soin de vos peurs et difficult\u00e9s. En tant que coach sur la posture, je tente moi-m\u00eame d\u2019\u00eatre align\u00e9e avec ce que je souhaite incarner en adoptant dans mes accompagnements des feedbacks pr\u00e9cis et honn\u00eates, en vous poussant \u00e0 l\u2019audace tout en prenant soin de votre rythme et de vos besoins. J\u2019aime accompagner les femmes entrepreneuses sur les sujets de l\u2019alignement, du pitch et de la gestion \u00e9motionnelle car l\u2019aventure entrepreneuriale est faite de joies et de doutes. Pour moi, vous soutenir dans votre d\u00e9veloppement personnel \u00e0 travers votre projet, c\u2019est \u00eatre \u00e0 la bonne place.<\/p>\n<p><span data-sheets-value=\"{&quot;1&quot;:2,&quot;2&quot;:&quot;Description : nnPr\u00e9-requis : nnIntervenant.e : nnSon super pouvoir : nnSon petit mot : &quot;}\" data-sheets-userformat=\"{&quot;2&quot;:641,&quot;3&quot;:{&quot;1&quot;:0},&quot;10&quot;:1,&quot;12&quot;:0}\"><strong>Son super pouvoir :<\/strong>\u00a0Le sens du mot juste<\/span><\/p>\n<p><strong>Son petit mot :<\/strong>\u00a0Entreprendre, c\u2019est choisir de donner une forme juste \u00e0 sa vie professionnelle, contribuer en cr\u00e9ant un projet qu\u2019on estime n\u00e9cessaire \u00e0 la soci\u00e9t\u00e9. Bravo \u00e0 vous de faire ce choix courageux et engag\u00e9 ! Etre entrepreneuse implique de se former pour adopter la juste posture, aligner son projet avec qui nous sommes, choisir les bons mots, prendre soin de son \u00e9quilibre pour ne pas s\u2019\u00e9puiser. Je serai ravie de vous soutenir \u00e0 chaque \u00e9tape de cette belle aventure.<\/p>\n<p><strong>Dur\u00e9e<\/strong>\u00a0:\u00a0 3 heures<\/p>\n<p><span data-sheets-value=\"{&quot;1&quot;:2,&quot;2&quot;:&quot;Attention ! \u00a0Veuillez vous pr\u00e9sentez \u00e0 l'heure pour que l'activit\u00e9 puisse commencer \u00e0 temps. Si vous avez du retard veuillez pr\u00e9venir l'intervenant.e. Si vous avez plus de 15 min de retard l'intervenant.e se r\u00e9serve le droit de plus vous accepter pour le coaching ou l'atelier.\u00a0&quot;}\" data-sheets-userformat=\"{&quot;2&quot;:641,&quot;3&quot;:{&quot;1&quot;:0},&quot;10&quot;:1,&quot;12&quot;:0}\"><strong>Attention !<\/strong>\u00a0\u00a0Veuillez vous pr\u00e9senter \u00e0 l\u2019heure pour que l\u2019activit\u00e9 puisse commencer \u00e0 temps. Si vous avez du retard veuillez pr\u00e9venir l\u2019intervenant.e. Si vous avez plus de 15 min de retard l\u2019intervenant.e se r\u00e9serve le droit de ne plus vous accepter pour<\/span><span data-sheets-value=\"{&quot;1&quot;:2,&quot;2&quot;:&quot;Attention ! \u00a0Veuillez vous pr\u00e9sentez \u00e0 l'heure pour que l'activit\u00e9 puisse commencer \u00e0 temps. Si vous avez du retard veuillez pr\u00e9venir l'intervenant.e. Si vous avez plus de 15 min de retard l'intervenant.e se r\u00e9serve le droit de plus vous accepter pour le coaching ou l'atelier.\u00a0&quot;}\" data-sheets-userformat=\"{&quot;2&quot;:641,&quot;3&quot;:{&quot;1&quot;:0},&quot;10&quot;:1,&quot;12&quot;:0}\">\u00a0l\u2019atelier<\/span><\/p>\n<p>&nbsp;<\/p>\n","protected":false},"excerpt":{"rendered":"<p><strong>Description:<\/strong><\/p>\n<p><strong>Besoin :<\/strong> &#8220;J&#8217;ai besoin d&#8217;avoir confiance en mes talents et de me sentir l\u00e9gitime en tant qu&#8217;entrepreneuse. J&#8217;ai besoin de me sentir au clair avec l&#8217;utilit\u00e9 de mon offre et de ma proposition de valeur. J&#8217;ai besoin de d\u00e9passer mon syndrome de l&#8217;imposteur pour sentir que je suis \u00e0 la bonne place.&#8221;<\/p>\n<p><strong>Objectif :<\/strong> si ces phrases r\u00e9sonnent alors cette permanence pourra vous donner des cl\u00e9s pour prendre confiance en votre potentiel.<\/p>\n<p><strong>Intervenant.e<\/strong>\u00a0<strong>: Alexandra Cauchard<\/strong><\/p>\n<p>Je suis Alexandra Cauchard, moi-m\u00eame multi entrepreneuse, j\u2019ai co-fond\u00e9 Shaker, agence de conseil en intelligence collective et de formation aux comp\u00e9tences comportementales, le detour-therapie qui est un cabinet de gestalt th\u00e9rapie et enfin Nouvel \u0153il, association d\u00e9di\u00e9e \u00e0 l\u2019\u00e9mergence cr\u00e9ative. Ce sont donc ces exp\u00e9riences de cr\u00e9ation qui sont ma premi\u00e8re mati\u00e8re pour vous accompagner. Ancienne avocate et \u00e9galement com\u00e9dienne amateure, j\u2019aime vous soutenir pour incarner et pitcher votre projet tout en tenant compte de votre singularit\u00e9 et en prenant soin de vos peurs et difficult\u00e9s. En tant que coach sur la posture, je tente moi-m\u00eame d\u2019\u00eatre align\u00e9e avec ce que je souhaite incarner en adoptant dans mes accompagnements des feedbacks pr\u00e9cis et honn\u00eates, en vous poussant \u00e0 l\u2019audace tout en prenant soin de votre rythme et de vos besoins. J\u2019aime accompagner les femmes entrepreneuses sur les sujets de l\u2019alignement, du pitch et de la gestion \u00e9motionnelle car l\u2019aventure entrepreneuriale est faite de joies et de doutes. Pour moi, vous soutenir dans votre d\u00e9veloppement personnel \u00e0 travers votre projet, c\u2019est \u00eatre \u00e0 la bonne place.<\/p>\n<p><span data-sheets-value=\"{&quot;1&quot;:2,&quot;2&quot;:&quot;Description : nnPr\u00e9-requis : nnIntervenant.e : nnSon super pouvoir : nnSon petit mot : &quot;}\" data-sheets-userformat=\"{&quot;2&quot;:641,&quot;3&quot;:{&quot;1&quot;:0},&quot;10&quot;:1,&quot;12&quot;:0}\"><strong>Son super pouvoir :<\/strong>\u00a0Le sens du mot juste<\/span><\/p>\n<p><strong>Son petit mot :<\/strong>\u00a0Entreprendre, c\u2019est choisir de donner une forme juste \u00e0 sa vie professionnelle, contribuer en cr\u00e9ant un projet qu\u2019on estime n\u00e9cessaire \u00e0 la soci\u00e9t\u00e9. Bravo \u00e0 vous de faire ce choix courageux et engag\u00e9 ! Etre entrepreneuse implique de se former pour adopter la juste posture, aligner son projet avec qui nous sommes, choisir les bons mots, prendre soin de son \u00e9quilibre pour ne pas s\u2019\u00e9puiser. Je serai ravie de vous soutenir \u00e0 chaque \u00e9tape de cette belle aventure.<\/p>\n<p><strong>Dur\u00e9e<\/strong>\u00a0:\u00a0 3 heures<\/p>\n<p><span data-sheets-value=\"{&quot;1&quot;:2,&quot;2&quot;:&quot;Attention ! \u00a0Veuillez vous pr\u00e9sentez \u00e0 l'heure pour que l'activit\u00e9 puisse commencer \u00e0 temps. Si vous avez du retard veuillez pr\u00e9venir l'intervenant.e. Si vous avez plus de 15 min de retard l'intervenant.e se r\u00e9serve le droit de plus vous accepter pour le coaching ou l'atelier.\u00a0&quot;}\" data-sheets-userformat=\"{&quot;2&quot;:641,&quot;3&quot;:{&quot;1&quot;:0},&quot;10&quot;:1,&quot;12&quot;:0}\"><strong>Attention !<\/strong>\u00a0\u00a0Veuillez vous pr\u00e9senter \u00e0 l\u2019heure pour que l\u2019activit\u00e9 puisse commencer \u00e0 temps. Si vous avez du retard veuillez pr\u00e9venir l\u2019intervenant.e. Si vous avez plus de 15 min de retard l\u2019intervenant.e se r\u00e9serve le droit de ne plus vous accepter pour<\/span><span data-sheets-value=\"{&quot;1&quot;:2,&quot;2&quot;:&quot;Attention ! \u00a0Veuillez vous pr\u00e9sentez \u00e0 l'heure pour que l'activit\u00e9 puisse commencer \u00e0 temps. Si vous avez du retard veuillez pr\u00e9venir l'intervenant.e. Si vous avez plus de 15 min de retard l'intervenant.e se r\u00e9serve le droit de plus vous accepter pour le coaching ou l'atelier.\u00a0&quot;}\" data-sheets-userformat=\"{&quot;2&quot;:641,&quot;3&quot;:{&quot;1&quot;:0},&quot;10&quot;:1,&quot;12&quot;:0}\">\u00a0l\u2019atelier<\/span><\/p>\n<p>&nbsp;<\/p>\n","protected":false},"featured_media":259660,"template":"","format":"standard","meta":{"_acf_changed":false,"om_disable_all_campaigns":false,"_uf_show_specific_survey":0,"_uf_disable_surveys":false},"product_brand":[],"product_cat":[121],"product_tag":[],"lieu":[125],"thematiques":[],"class_list":{"0":"post-259659","1":"product","2":"type-product","3":"status-publish","4":"format-standard","5":"has-post-thumbnail","7":"product_cat-coaching","8":"lieu-en-ligne","10":"first","11":"instock","12":"virtual","13":"purchasable","14":"product-type-appointment"},"exclude_global_add_ons":[],"addons":[],"acf":[],"yoast_head":"<!-- This site is optimized with the Yoast SEO plugin v24.8 - https:\/\/yoast.com\/wordpress\/plugins\/seo\/ -->\n<title>Coaching - Prendre confiance en son potentiel, affirmer sa l\u00e9gitimit\u00e9 &amp; valoriser son offre - Empow&#039;Her<\/title>\n<meta name=\"robots\" content=\"index, follow, max-snippet:-1, max-image-preview:large, max-video-preview:-1\" \/>\n<link rel=\"canonical\" href=\"https:\/\/empow-her.com\/produit\/coaching-prendre-confiance-en-son-potentiel-affirmer-sa-legitimite-valoriser-son-offre-4\/\" \/>\n<meta property=\"og:locale\" content=\"es_ES\" \/>\n<meta property=\"og:type\" content=\"article\" \/>\n<meta property=\"og:title\" content=\"Coaching - Prendre confiance en son potentiel, affirmer sa l\u00e9gitimit\u00e9 &amp; valoriser son offre - Empow&#039;Her\" \/>\n<meta property=\"og:description\" content=\"Description:  Besoin : &quot;J&#039;ai besoin d&#039;avoir confiance en mes talents et de me sentir l\u00e9gitime en tant qu&#039;entrepreneuse. J&#039;ai besoin de me sentir au clair avec l&#039;utilit\u00e9 de mon offre et de ma proposition de valeur. J&#039;ai besoin de d\u00e9passer mon syndrome de l&#039;imposteur pour sentir que je suis \u00e0 la bonne place.&quot;  Objectif : si ces phrases r\u00e9sonnent alors cette permanence pourra vous donner des cl\u00e9s pour prendre confiance en votre potentiel.  Intervenant.e\u00a0: Alexandra Cauchard  Je suis Alexandra Cauchard, moi-m\u00eame multi entrepreneuse, j\u2019ai co-fond\u00e9 Shaker, agence de conseil en intelligence collective et de formation aux comp\u00e9tences comportementales, le detour-therapie qui est un cabinet de gestalt th\u00e9rapie et enfin Nouvel \u0153il, association d\u00e9di\u00e9e \u00e0 l\u2019\u00e9mergence cr\u00e9ative. Ce sont donc ces exp\u00e9riences de cr\u00e9ation qui sont ma premi\u00e8re mati\u00e8re pour vous accompagner. Ancienne avocate et \u00e9galement com\u00e9dienne amateure, j\u2019aime vous soutenir pour incarner et pitcher votre projet tout en tenant compte de votre singularit\u00e9 et en prenant soin de vos peurs et difficult\u00e9s. En tant que coach sur la posture, je tente moi-m\u00eame d\u2019\u00eatre align\u00e9e avec ce que je souhaite incarner en adoptant dans mes accompagnements des feedbacks pr\u00e9cis et honn\u00eates, en vous poussant \u00e0 l\u2019audace tout en prenant soin de votre rythme et de vos besoins. J\u2019aime accompagner les femmes entrepreneuses sur les sujets de l\u2019alignement, du pitch et de la gestion \u00e9motionnelle car l\u2019aventure entrepreneuriale est faite de joies et de doutes. Pour moi, vous soutenir dans votre d\u00e9veloppement personnel \u00e0 travers votre projet, c\u2019est \u00eatre \u00e0 la bonne place.  Son super pouvoir :\u00a0Le sens du mot juste  Son petit mot :\u00a0Entreprendre, c\u2019est choisir de donner une forme juste \u00e0 sa vie professionnelle, contribuer en cr\u00e9ant un projet qu\u2019on estime n\u00e9cessaire \u00e0 la soci\u00e9t\u00e9. Bravo \u00e0 vous de faire ce choix courageux et engag\u00e9 ! Etre entrepreneuse implique de se former pour adopter la juste posture, aligner son projet avec qui nous sommes, choisir les bons mots, prendre soin de son \u00e9quilibre pour ne pas s\u2019\u00e9puiser. Je serai ravie de vous soutenir \u00e0 chaque \u00e9tape de cette belle aventure.  Dur\u00e9e\u00a0:\u00a0 3 heures  Attention !\u00a0\u00a0Veuillez vous pr\u00e9senter \u00e0 l\u2019heure pour que l\u2019activit\u00e9 puisse commencer \u00e0 temps. Si vous avez du retard veuillez pr\u00e9venir l\u2019intervenant.e. Si vous avez plus de 15 min de retard l\u2019intervenant.e se r\u00e9serve le droit de ne plus vous accepter pour\u00a0l\u2019atelier  &nbsp;\" \/>\n<meta property=\"og:url\" content=\"https:\/\/empow-her.com\/produit\/coaching-prendre-confiance-en-son-potentiel-affirmer-sa-legitimite-valoriser-son-offre-4\/\" \/>\n<meta property=\"og:site_name\" content=\"Empow&#039;Her\" \/>\n<meta property=\"article:modified_time\" content=\"2024-10-31T15:01:21+00:00\" \/>\n<meta property=\"og:image\" content=\"https:\/\/empow-her.com\/wp-content\/uploads\/2024\/10\/Women-Dare-templates-events-77.png\" \/>\n\t<meta property=\"og:image:width\" content=\"1080\" \/>\n\t<meta property=\"og:image:height\" content=\"1080\" \/>\n\t<meta property=\"og:image:type\" content=\"image\/png\" \/>\n<meta name=\"twitter:card\" content=\"summary_large_image\" \/>\n<meta name=\"twitter:label1\" content=\"Tiempo de lectura\" \/>\n\t<meta name=\"twitter:data1\" content=\"3 minutos\" \/>\n<script type=\"application\/ld+json\" class=\"yoast-schema-graph\">{\"@context\":\"https:\/\/schema.org\",\"@graph\":[{\"@type\":\"WebPage\",\"@id\":\"https:\/\/empow-her.com\/produit\/coaching-prendre-confiance-en-son-potentiel-affirmer-sa-legitimite-valoriser-son-offre-4\/\",\"url\":\"https:\/\/empow-her.com\/produit\/coaching-prendre-confiance-en-son-potentiel-affirmer-sa-legitimite-valoriser-son-offre-4\/\",\"name\":\"Coaching - Prendre confiance en son potentiel, affirmer sa l\u00e9gitimit\u00e9 & valoriser son offre - Empow&#039;Her\",\"isPartOf\":{\"@id\":\"https:\/\/empow-her.com\/#website\"},\"primaryImageOfPage\":{\"@id\":\"https:\/\/empow-her.com\/produit\/coaching-prendre-confiance-en-son-potentiel-affirmer-sa-legitimite-valoriser-son-offre-4\/#primaryimage\"},\"image\":{\"@id\":\"https:\/\/empow-her.com\/produit\/coaching-prendre-confiance-en-son-potentiel-affirmer-sa-legitimite-valoriser-son-offre-4\/#primaryimage\"},\"thumbnailUrl\":\"https:\/\/empow-her.com\/wp-content\/uploads\/2024\/10\/Women-Dare-templates-events-77.png\",\"datePublished\":\"2024-10-31T14:48:04+00:00\",\"dateModified\":\"2024-10-31T15:01:21+00:00\",\"breadcrumb\":{\"@id\":\"https:\/\/empow-her.com\/produit\/coaching-prendre-confiance-en-son-potentiel-affirmer-sa-legitimite-valoriser-son-offre-4\/#breadcrumb\"},\"inLanguage\":\"es\",\"potentialAction\":[{\"@type\":\"ReadAction\",\"target\":[\"https:\/\/empow-her.com\/produit\/coaching-prendre-confiance-en-son-potentiel-affirmer-sa-legitimite-valoriser-son-offre-4\/\"]}]},{\"@type\":\"ImageObject\",\"inLanguage\":\"es\",\"@id\":\"https:\/\/empow-her.com\/produit\/coaching-prendre-confiance-en-son-potentiel-affirmer-sa-legitimite-valoriser-son-offre-4\/#primaryimage\",\"url\":\"https:\/\/empow-her.com\/wp-content\/uploads\/2024\/10\/Women-Dare-templates-events-77.png\",\"contentUrl\":\"https:\/\/empow-her.com\/wp-content\/uploads\/2024\/10\/Women-Dare-templates-events-77.png\",\"width\":1080,\"height\":1080},{\"@type\":\"BreadcrumbList\",\"@id\":\"https:\/\/empow-her.com\/produit\/coaching-prendre-confiance-en-son-potentiel-affirmer-sa-legitimite-valoriser-son-offre-4\/#breadcrumb\",\"itemListElement\":[{\"@type\":\"ListItem\",\"position\":1,\"name\":\"Accueil\",\"item\":\"https:\/\/empow-her.com\/es\/inicio\/\"},{\"@type\":\"ListItem\",\"position\":2,\"name\":\"LA BOUTIQUE\",\"item\":\"https:\/\/empow-her.com\/boutique\/\"},{\"@type\":\"ListItem\",\"position\":3,\"name\":\"Coaching &#8211; Prendre confiance en son potentiel, affirmer sa l\u00e9gitimit\u00e9 &#038; valoriser son offre\"}]},{\"@type\":\"WebSite\",\"@id\":\"https:\/\/empow-her.com\/#website\",\"url\":\"https:\/\/empow-her.com\/\",\"name\":\"Empow&#039;Her\",\"description\":\"Women Development\",\"potentialAction\":[{\"@type\":\"SearchAction\",\"target\":{\"@type\":\"EntryPoint\",\"urlTemplate\":\"https:\/\/empow-her.com\/?s={search_term_string}\"},\"query-input\":{\"@type\":\"PropertyValueSpecification\",\"valueRequired\":true,\"valueName\":\"search_term_string\"}}],\"inLanguage\":\"es\"}]}<\/script>\n<!-- \/ Yoast SEO plugin. -->","yoast_head_json":{"title":"Coaching - Prendre confiance en son potentiel, affirmer sa l\u00e9gitimit\u00e9 & valoriser son offre - Empow&#039;Her","robots":{"index":"index","follow":"follow","max-snippet":"max-snippet:-1","max-image-preview":"max-image-preview:large","max-video-preview":"max-video-preview:-1"},"canonical":"https:\/\/empow-her.com\/produit\/coaching-prendre-confiance-en-son-potentiel-affirmer-sa-legitimite-valoriser-son-offre-4\/","og_locale":"es_ES","og_type":"article","og_title":"Coaching - Prendre confiance en son potentiel, affirmer sa l\u00e9gitimit\u00e9 & valoriser son offre - Empow&#039;Her","og_description":"Description:  Besoin : \"J'ai besoin d'avoir confiance en mes talents et de me sentir l\u00e9gitime en tant qu'entrepreneuse. J'ai besoin de me sentir au clair avec l'utilit\u00e9 de mon offre et de ma proposition de valeur. J'ai besoin de d\u00e9passer mon syndrome de l'imposteur pour sentir que je suis \u00e0 la bonne place.\"  Objectif : si ces phrases r\u00e9sonnent alors cette permanence pourra vous donner des cl\u00e9s pour prendre confiance en votre potentiel.  Intervenant.e\u00a0: Alexandra Cauchard  Je suis Alexandra Cauchard, moi-m\u00eame multi entrepreneuse, j\u2019ai co-fond\u00e9 Shaker, agence de conseil en intelligence collective et de formation aux comp\u00e9tences comportementales, le detour-therapie qui est un cabinet de gestalt th\u00e9rapie et enfin Nouvel \u0153il, association d\u00e9di\u00e9e \u00e0 l\u2019\u00e9mergence cr\u00e9ative. Ce sont donc ces exp\u00e9riences de cr\u00e9ation qui sont ma premi\u00e8re mati\u00e8re pour vous accompagner. Ancienne avocate et \u00e9galement com\u00e9dienne amateure, j\u2019aime vous soutenir pour incarner et pitcher votre projet tout en tenant compte de votre singularit\u00e9 et en prenant soin de vos peurs et difficult\u00e9s. En tant que coach sur la posture, je tente moi-m\u00eame d\u2019\u00eatre align\u00e9e avec ce que je souhaite incarner en adoptant dans mes accompagnements des feedbacks pr\u00e9cis et honn\u00eates, en vous poussant \u00e0 l\u2019audace tout en prenant soin de votre rythme et de vos besoins. J\u2019aime accompagner les femmes entrepreneuses sur les sujets de l\u2019alignement, du pitch et de la gestion \u00e9motionnelle car l\u2019aventure entrepreneuriale est faite de joies et de doutes. Pour moi, vous soutenir dans votre d\u00e9veloppement personnel \u00e0 travers votre projet, c\u2019est \u00eatre \u00e0 la bonne place.  Son super pouvoir :\u00a0Le sens du mot juste  Son petit mot :\u00a0Entreprendre, c\u2019est choisir de donner une forme juste \u00e0 sa vie professionnelle, contribuer en cr\u00e9ant un projet qu\u2019on estime n\u00e9cessaire \u00e0 la soci\u00e9t\u00e9. Bravo \u00e0 vous de faire ce choix courageux et engag\u00e9 ! Etre entrepreneuse implique de se former pour adopter la juste posture, aligner son projet avec qui nous sommes, choisir les bons mots, prendre soin de son \u00e9quilibre pour ne pas s\u2019\u00e9puiser. Je serai ravie de vous soutenir \u00e0 chaque \u00e9tape de cette belle aventure.  Dur\u00e9e\u00a0:\u00a0 3 heures  Attention !\u00a0\u00a0Veuillez vous pr\u00e9senter \u00e0 l\u2019heure pour que l\u2019activit\u00e9 puisse commencer \u00e0 temps. Si vous avez du retard veuillez pr\u00e9venir l\u2019intervenant.e. Si vous avez plus de 15 min de retard l\u2019intervenant.e se r\u00e9serve le droit de ne plus vous accepter pour\u00a0l\u2019atelier  &nbsp;","og_url":"https:\/\/empow-her.com\/produit\/coaching-prendre-confiance-en-son-potentiel-affirmer-sa-legitimite-valoriser-son-offre-4\/","og_site_name":"Empow&#039;Her","article_modified_time":"2024-10-31T15:01:21+00:00","og_image":[{"width":1080,"height":1080,"url":"https:\/\/empow-her.com\/wp-content\/uploads\/2024\/10\/Women-Dare-templates-events-77.png","type":"image\/png"}],"twitter_card":"summary_large_image","twitter_misc":{"Tiempo de lectura":"3 minutos"},"schema":{"@context":"https:\/\/schema.org","@graph":[{"@type":"WebPage","@id":"https:\/\/empow-her.com\/produit\/coaching-prendre-confiance-en-son-potentiel-affirmer-sa-legitimite-valoriser-son-offre-4\/","url":"https:\/\/empow-her.com\/produit\/coaching-prendre-confiance-en-son-potentiel-affirmer-sa-legitimite-valoriser-son-offre-4\/","name":"Coaching - Prendre confiance en son potentiel, affirmer sa l\u00e9gitimit\u00e9 & valoriser son offre - Empow&#039;Her","isPartOf":{"@id":"https:\/\/empow-her.com\/#website"},"primaryImageOfPage":{"@id":"https:\/\/empow-her.com\/produit\/coaching-prendre-confiance-en-son-potentiel-affirmer-sa-legitimite-valoriser-son-offre-4\/#primaryimage"},"image":{"@id":"https:\/\/empow-her.com\/produit\/coaching-prendre-confiance-en-son-potentiel-affirmer-sa-legitimite-valoriser-son-offre-4\/#primaryimage"},"thumbnailUrl":"https:\/\/empow-her.com\/wp-content\/uploads\/2024\/10\/Women-Dare-templates-events-77.png","datePublished":"2024-10-31T14:48:04+00:00","dateModified":"2024-10-31T15:01:21+00:00","breadcrumb":{"@id":"https:\/\/empow-her.com\/produit\/coaching-prendre-confiance-en-son-potentiel-affirmer-sa-legitimite-valoriser-son-offre-4\/#breadcrumb"},"inLanguage":"es","potentialAction":[{"@type":"ReadAction","target":["https:\/\/empow-her.com\/produit\/coaching-prendre-confiance-en-son-potentiel-affirmer-sa-legitimite-valoriser-son-offre-4\/"]}]},{"@type":"ImageObject","inLanguage":"es","@id":"https:\/\/empow-her.com\/produit\/coaching-prendre-confiance-en-son-potentiel-affirmer-sa-legitimite-valoriser-son-offre-4\/#primaryimage","url":"https:\/\/empow-her.com\/wp-content\/uploads\/2024\/10\/Women-Dare-templates-events-77.png","contentUrl":"https:\/\/empow-her.com\/wp-content\/uploads\/2024\/10\/Women-Dare-templates-events-77.png","width":1080,"height":1080},{"@type":"BreadcrumbList","@id":"https:\/\/empow-her.com\/produit\/coaching-prendre-confiance-en-son-potentiel-affirmer-sa-legitimite-valoriser-son-offre-4\/#breadcrumb","itemListElement":[{"@type":"ListItem","position":1,"name":"Accueil","item":"https:\/\/empow-her.com\/es\/inicio\/"},{"@type":"ListItem","position":2,"name":"LA BOUTIQUE","item":"https:\/\/empow-her.com\/boutique\/"},{"@type":"ListItem","position":3,"name":"Coaching &#8211; Prendre confiance en son potentiel, affirmer sa l\u00e9gitimit\u00e9 &#038; valoriser son offre"}]},{"@type":"WebSite","@id":"https:\/\/empow-her.com\/#website","url":"https:\/\/empow-her.com\/","name":"Empow&#039;Her","description":"Women Development","potentialAction":[{"@type":"SearchAction","target":{"@type":"EntryPoint","urlTemplate":"https:\/\/empow-her.com\/?s={search_term_string}"},"query-input":{"@type":"PropertyValueSpecification","valueRequired":true,"valueName":"search_term_string"}}],"inLanguage":"es"}]}},"_links":{"self":[{"href":"https:\/\/empow-her.com\/es\/wp-json\/wp\/v2\/product\/259659","targetHints":{"allow":["GET"]}}],"collection":[{"href":"https:\/\/empow-her.com\/es\/wp-json\/wp\/v2\/product"}],"about":[{"href":"https:\/\/empow-her.com\/es\/wp-json\/wp\/v2\/types\/product"}],"wp:featuredmedia":[{"embeddable":true,"href":"https:\/\/empow-her.com\/es\/wp-json\/wp\/v2\/media\/259660"}],"wp:attachment":[{"href":"https:\/\/empow-her.com\/es\/wp-json\/wp\/v2\/media?parent=259659"}],"wp:term":[{"taxonomy":"product_brand","embeddable":true,"href":"https:\/\/empow-her.com\/es\/wp-json\/wp\/v2\/product_brand?post=259659"},{"taxonomy":"product_cat","embeddable":true,"href":"https:\/\/empow-her.com\/es\/wp-json\/wp\/v2\/product_cat?post=259659"},{"taxonomy":"product_tag","embeddable":true,"href":"https:\/\/empow-her.com\/es\/wp-json\/wp\/v2\/product_tag?post=259659"},{"taxonomy":"lieu","embeddable":true,"href":"https:\/\/empow-her.com\/es\/wp-json\/wp\/v2\/lieu?post=259659"},{"taxonomy":"thematiques","embeddable":true,"href":"https:\/\/empow-her.com\/es\/wp-json\/wp\/v2\/thematiques?post=259659"}],"curies":[{"name":"wp","href":"https:\/\/api.w.org\/{rel}","templated":true}]}}