{"id":258916,"date":"2024-10-15T15:18:28","date_gmt":"2024-10-15T13:18:28","guid":{"rendered":"https:\/\/empow-her.com\/?post_type=product&#038;p=258916"},"modified":"2024-11-26T15:41:16","modified_gmt":"2024-11-26T14:41:16","slug":"sensibilisation-action-contre-les-violences-conjugales","status":"publish","type":"product","link":"https:\/\/empow-her.com\/es\/produit\/sensibilisation-action-contre-les-violences-conjugales\/","title":{"rendered":"Reconstruction : le parcours d&#8217;une femme victime de violences conjugales chez Sist&#8217;Her"},"content":{"rendered":"<h2>Participez \u00e0 l\u2019\u00c9v\u00e9nement SoliMove chez Sist&#8217;Her !<\/h2>\n<p>Nous vous invitons \u00e0 rejoindre SoliMove pour un \u00e9v\u00e9nement crucial d\u00e9di\u00e9 \u00e0 la sensibilisation et \u00e0 l\u2019action contre les violences conjugales. Chaque ann\u00e9e, 321 000 femmes en France en sont victimes, et il est temps de briser le silence. &#x270a;<\/p>\n<p>Cet \u00e9v\u00e9nement est une occasion unique de <strong>mieux comprendre les diff\u00e9rentes formes de violences conjugales<\/strong>, qu&#8217;elles soient physiques, psychologiques, \u00e9conomiques ou administratives. \u00c0 travers des t\u00e9moignages, des tables rondes et des interventions d&#8217;expert.es, nous mettrons en lumi\u00e8re les ressources disponibles pour accompagner les victimes dans leur parcours.<\/p>\n<h3>Au programme :<\/h3>\n<ul>\n<li><strong>T\u00e9moignages poignants :<\/strong> \u00c9coutez des r\u00e9cits de femmes ayant surmont\u00e9 des situations de violence.<\/li>\n<li><strong>Tables rondes enrichissantes :<\/strong> Des expert.es discuteront de la reconnaissance des violences et des meilleures pratiques d\u2019accompagnement.<\/li>\n<li><strong>Intervention de leur marraine :<\/strong> Chlo\u00e9 Thibaud, journaliste et autrice du livre &#8220;D\u00e9sirer la violence&#8221;, partagera son engagement sur ce sujet.<\/li>\n<\/ul>\n<h4>Objectifs de la soir\u00e9e :<\/h4>\n<ul>\n<li><strong>Sensibiliser<\/strong> aux multiples facettes des violences conjugales.<\/li>\n<li><strong>Identifier<\/strong> les signes avant-coureurs.<\/li>\n<li><strong>Apporter des r\u00e9ponses concr\u00e8tes<\/strong> pour aider les victimes \u00e0 se reconstruire.<\/li>\n<li><strong>Mobiliser notre communaut\u00e9<\/strong> pour lutter ensemble contre les violences conjugales.<\/li>\n<li><\/li>\n<\/ul>\n<p>&nbsp;<\/p>\n<p>Cet \u00e9v\u00e9nement est une opportunit\u00e9 de formation et d&#8217;\u00e9change. En participant, vous contribuerez \u00e0 cr\u00e9er une prise de conscience collective et \u00e0 promouvoir la solidarit\u00e9 pour soutenir les victimes.<\/p>\n<h3>Qui est SoliMove ?<\/h3>\n<p>Jos\u00e9phine et Guillaume ont mis en place SoliMove et leur dispositif de \u201cD\u00e9m\u00e9nagements Solidaires\u201d, un maillon essentiel dans la cha\u00eene de protection et d&#8217;accompagnement des femmes et de leurs enfants. L\u2019association propose un soutien logistique et et mat\u00e9riel lors des d\u00e9m\u00e9nagements.<\/p>\n<p>SoliMove intervient avec un v\u00e9hicule utilitaire et une \u00e9quipe de b\u00e9n\u00e9voles form\u00e9s aux enjeux des violences sexistes et sexuelles. Ces b\u00e9n\u00e9voles aident \u00e0 transporter les effets personnels des femmes vers leur nouveau logement. \u00c0 ce jour, SoliMove a r\u00e9alis\u00e9 pr\u00e8s de 100 d\u00e9m\u00e9nagements, accompagnant plus de 250 femmes et leurs enfants dans leur parcours vers la sortie des violences.<\/p>\n<p>SoliMove s\u2019engage \u00e0 transformer la mani\u00e8re dont les femmes victimes de violences conjugales acc\u00e8dent \u00e0 un nouveau d\u00e9part, leur offrant le soutien dont elles ont besoin au moment le plus critique de leur vie.<\/p>\n<h4><strong>Informations pratiques<\/strong><\/h4>\n<p><span class=\"fxk3tzhb b2rh1bv3 gh55jysx m8h3af8h ewco64xe kjdc1dyq ms56khn7 bq6c9xl4 eohcrkr5 akh3l2rg\"><img decoding=\"async\" src=\"https:\/\/static.xx.fbcdn.net\/images\/emoji.php\/v9\/td7\/1.5\/16\/1f4c5.png\" alt=\"&#x1f4c5;\" width=\"16\" height=\"16\" \/><\/span> L\u2019\u00e9v\u00e9nement se d\u00e9roulera le jeudi 28 novembre 2024<br \/>\n&#x231b;&#xfe0f; De 18h00 \u00e0 21h00<br \/>\n<span class=\"fxk3tzhb b2rh1bv3 gh55jysx m8h3af8h ewco64xe kjdc1dyq ms56khn7 bq6c9xl4 eohcrkr5 akh3l2rg\"><img decoding=\"async\" src=\"https:\/\/static.xx.fbcdn.net\/images\/emoji.php\/v9\/t8b\/1.5\/16\/1f516.png\" alt=\"&#x1f516;\" width=\"16\" height=\"16\" \/><\/span>\u00a0R\u00e9servation gratuite obligatoire<br \/>\n<span class=\"fxk3tzhb b2rh1bv3 gh55jysx m8h3af8h ewco64xe kjdc1dyq ms56khn7 bq6c9xl4 eohcrkr5 akh3l2rg\"><img decoding=\"async\" src=\"https:\/\/static.xx.fbcdn.net\/images\/emoji.php\/v9\/t86\/1.5\/16\/1f4cd.png\" alt=\"&#x1f4cd;\" width=\"16\" height=\"16\" \/><\/span>\u00a0Sist\u2019Her : 82 rue du Faubourg Saint-Martin 75010 Paris<\/p>\n<p>Ouvert en mars 2021 par l\u2019ONG\u00a0<a href=\"https:\/\/empow-her.com\/\">Empow\u2019Her<\/a>, Sist\u2019Her Paris est un espace de partage et de cr\u00e9ation f\u00e9ministe, accessible \u00e0 tous.tes, d\u00e9di\u00e9 \u00e0 l\u2019\u00e9criture collective d\u2019un nouveau narratif entrepreneurial et \u00e0 l\u2019outillage des combats pour des soci\u00e9t\u00e9s plus justes, durables et \u00e9galitaires.<\/p>\n<p>Retrouvez tous les \u00e9v\u00e9nements des prochains mois chez Sist\u2019Her dans notre\u00a0<a href=\"https:\/\/empow-her.com\/agenda-empowher\/\">agenda<\/a>\u00a0!<\/p>\n<p>Suivez Sist\u2019Her sur notre\u00a0<a href=\"https:\/\/www.instagram.com\/sisther.paris\/\">Instagram<\/a>\u00a0!<\/p>\n<p>On a h\u00e2te de vous retrouver &#x1f49c;<\/p>\n","protected":false},"excerpt":{"rendered":"<h2>Participez \u00e0 l\u2019\u00c9v\u00e9nement SoliMove chez Sist&#8217;Her !<\/h2>\n<p>Nous vous invitons \u00e0 rejoindre<a href=\"https:\/\/solimove.com\/\"> SoliMove<\/a> pour un \u00e9v\u00e9nement crucial d\u00e9di\u00e9 \u00e0 la sensibilisation et \u00e0 l\u2019action contre les violences conjugales. Chaque ann\u00e9e, 321 000 femmes en France en sont victimes, et il est temps de briser le silence. &#x270a;<\/p>\n<p>Cet \u00e9v\u00e9nement est une occasion unique de mieux comprendre les diff\u00e9rentes formes de violences conjugales, qu&#8217;elles soient physiques, psychologiques, \u00e9conomiques ou administratives. \u00c0 travers des t\u00e9moignages, des tables rondes et des interventions d&#8217;expert.es, ils\u00a0 mettrons en lumi\u00e8re les ressources disponibles pour accompagner les victimes dans leur parcours.<\/p>\n<h3>Au programme :<\/h3>\n<ul>\n<li><strong>T\u00e9moignages poignants :<\/strong> \u00c9coutez des r\u00e9cits de femmes ayant surmont\u00e9 des situations de violence.<\/li>\n<li><strong>Tables rondes enrichissantes :<\/strong> Des expert.es discuteront de la reconnaissance des violences et des meilleures pratiques d\u2019accompagnement.<\/li>\n<li><strong>Intervention de leur marraine :<\/strong> <a href=\"https:\/\/www.instagram.com\/chloe_thbd\/?hl=fr\">Chlo\u00e9 Thibaud<\/a>, journaliste et autrice du livre &#8220;D\u00e9sirer la violence&#8221;, partagera son engagement sur ce sujet.<\/li>\n<\/ul>\n<h4>Objectifs de la soir\u00e9e :<\/h4>\n<ul>\n<li><strong>Sensibiliser<\/strong> aux multiples facettes des violences conjugales.<\/li>\n<li><strong>Identifier<\/strong> les signes avant-coureurs.<\/li>\n<li><strong>Apporter des r\u00e9ponses concr\u00e8tes<\/strong> pour aider les victimes \u00e0 se reconstruire.<\/li>\n<li><strong>Mobiliser notre communaut\u00e9<\/strong> pour lutter ensemble contre les violences conjugales.<\/li>\n<\/ul>\n<p>Cet \u00e9v\u00e9nement est une opportunit\u00e9 de formation et d&#8217;\u00e9change. En participant, vous contribuerez \u00e0 cr\u00e9er une prise de conscience collective et \u00e0 promouvoir la solidarit\u00e9 pour soutenir les victimes.<\/p>\n<h3>Qui est SoliMove ?<\/h3>\n<p>Jos\u00e9phine et Guillaume ont mis en place SoliMove et leur dispositif de \u201cD\u00e9m\u00e9nagements Solidaires\u201d, un maillon essentiel dans la cha\u00eene de protection et d&#8217;accompagnement des femmes et de leurs enfants. L\u2019association propose un soutien logistique et et mat\u00e9riel lors des d\u00e9m\u00e9nagements.<\/p>\n<p>SoliMove intervient avec un v\u00e9hicule utilitaire et une \u00e9quipe de b\u00e9n\u00e9voles form\u00e9s aux enjeux des violences sexistes et sexuelles. Ces b\u00e9n\u00e9voles aident \u00e0 transporter les effets personnels des femmes vers leur nouveau logement. \u00c0 ce jour, SoliMove a r\u00e9alis\u00e9 pr\u00e8s de 100 d\u00e9m\u00e9nagements, accompagnant plus de 250 femmes et leurs enfants dans leur parcours vers la sortie des violences.<\/p>\n<p>SoliMove s\u2019engage \u00e0 transformer la mani\u00e8re dont les femmes victimes de violences conjugales acc\u00e8dent \u00e0 un nouveau d\u00e9part, leur offrant le soutien dont elles ont besoin au moment le plus critique de leur vie.<\/p>\n<h4><strong>Informations pratiques<\/strong><\/h4>\n<p><span class=\"fxk3tzhb b2rh1bv3 gh55jysx m8h3af8h ewco64xe kjdc1dyq ms56khn7 bq6c9xl4 eohcrkr5 akh3l2rg\"><img decoding=\"async\" src=\"https:\/\/static.xx.fbcdn.net\/images\/emoji.php\/v9\/td7\/1.5\/16\/1f4c5.png\" alt=\"&#x1f4c5;\" width=\"16\" height=\"16\" \/><\/span> L\u2019\u00e9v\u00e9nement se d\u00e9roulera le jeudi 28 onovembre 2024<br \/>\n&#x231b;&#xfe0f; De 18h00 \u00e0 21h00<br \/>\n<span class=\"fxk3tzhb b2rh1bv3 gh55jysx m8h3af8h ewco64xe kjdc1dyq ms56khn7 bq6c9xl4 eohcrkr5 akh3l2rg\"><img decoding=\"async\" src=\"https:\/\/static.xx.fbcdn.net\/images\/emoji.php\/v9\/t8b\/1.5\/16\/1f516.png\" alt=\"&#x1f516;\" width=\"16\" height=\"16\" \/><\/span>\u00a0R\u00e9servation gratuite obligatoire<br \/>\n<span class=\"fxk3tzhb b2rh1bv3 gh55jysx m8h3af8h ewco64xe kjdc1dyq ms56khn7 bq6c9xl4 eohcrkr5 akh3l2rg\"><img decoding=\"async\" src=\"https:\/\/static.xx.fbcdn.net\/images\/emoji.php\/v9\/t86\/1.5\/16\/1f4cd.png\" alt=\"&#x1f4cd;\" width=\"16\" height=\"16\" \/><\/span>\u00a0Sist\u2019Her : 82 rue du Faubourg Saint-Martin 75010 Paris<\/p>\n<p>&nbsp;<\/p>\n<p>Ouvert en mars 2021 par l\u2019ONG\u00a0<a href=\"https:\/\/empow-her.com\/\">Empow\u2019Her<\/a>, Sist\u2019Her Paris est un espace de partage et de cr\u00e9ation f\u00e9ministe, accessible \u00e0 tous.tes, d\u00e9di\u00e9 \u00e0 l\u2019\u00e9criture collective d\u2019un nouveau narratif entrepreneurial et \u00e0 l\u2019outillage des combats pour des soci\u00e9t\u00e9s plus justes, durables et \u00e9galitaires.<\/p>\n<p>Retrouvez tous les \u00e9v\u00e9nements des prochains mois chez Sist\u2019Her dans notre\u00a0<a href=\"https:\/\/empow-her.com\/agenda-empowher\/\">agenda<\/a>\u00a0!<\/p>\n<p>Suivez Sist\u2019Her sur notre\u00a0<a href=\"https:\/\/www.instagram.com\/sisther.paris\/\">Instagram<\/a>\u00a0!<\/p>\n<p>On a h\u00e2te de vous retrouver &#x1f49c;<\/p>\n","protected":false},"featured_media":259002,"template":"","format":"standard","meta":{"_acf_changed":false,"om_disable_all_campaigns":false,"_uf_show_specific_survey":0,"_uf_disable_surveys":false},"product_brand":[],"product_cat":[119],"product_tag":[178],"lieu":[127],"thematiques":[],"class_list":{"0":"post-258916","1":"product","2":"type-product","3":"status-publish","4":"format-standard","5":"has-post-thumbnail","7":"product_cat-evenement-sisther","8":"product_tag-evenement-sisther","9":"lieu-hub-empowher","11":"first","12":"instock","13":"virtual","14":"purchasable","15":"product-type-appointment"},"exclude_global_add_ons":[],"addons":[],"acf":[],"yoast_head":"<!-- This site is optimized with the Yoast SEO plugin v24.8 - https:\/\/yoast.com\/wordpress\/plugins\/seo\/ -->\n<title>Sensibilisation et action contre les violences conjugales<\/title>\n<meta name=\"description\" content=\"Rejoignez l&#039;\u00e9v\u00e9nement SoliMove chez Sist&#039;Her pour sensibiliser et agir contre les violences conjugales. \u00c9coutez des t\u00e9moignages et d\u00e9couvrez des ressources pour aider les victimes\" \/>\n<meta name=\"robots\" content=\"index, follow, max-snippet:-1, max-image-preview:large, max-video-preview:-1\" \/>\n<link rel=\"canonical\" href=\"https:\/\/empow-her.com\/en\/produit\/sensibilisation-action-contre-les-violences-conjugales\/\" \/>\n<meta property=\"og:locale\" content=\"es_ES\" \/>\n<meta property=\"og:type\" content=\"article\" \/>\n<meta property=\"og:title\" content=\"Sensibilisation et action contre les violences conjugales\" \/>\n<meta property=\"og:description\" content=\"Rejoignez l&#039;\u00e9v\u00e9nement SoliMove chez Sist&#039;Her pour sensibiliser et agir contre les violences conjugales. \u00c9coutez des t\u00e9moignages et d\u00e9couvrez des ressources pour aider les victimes\" \/>\n<meta property=\"og:url\" content=\"https:\/\/empow-her.com\/en\/produit\/sensibilisation-action-contre-les-violences-conjugales\/\" \/>\n<meta property=\"og:site_name\" content=\"Empow&#039;Her\" \/>\n<meta property=\"article:modified_time\" content=\"2024-11-26T14:41:16+00:00\" \/>\n<meta property=\"og:image\" content=\"https:\/\/empow-her.com\/wp-content\/uploads\/2024\/10\/MAKING-WAVES-1.png\" \/>\n\t<meta property=\"og:image:width\" content=\"1080\" \/>\n\t<meta property=\"og:image:height\" content=\"1080\" \/>\n\t<meta property=\"og:image:type\" content=\"image\/png\" \/>\n<meta name=\"twitter:card\" content=\"summary_large_image\" \/>\n<meta name=\"twitter:label1\" content=\"Tiempo de lectura\" \/>\n\t<meta name=\"twitter:data1\" content=\"4 minutos\" \/>\n<script type=\"application\/ld+json\" class=\"yoast-schema-graph\">{\"@context\":\"https:\/\/schema.org\",\"@graph\":[{\"@type\":\"WebPage\",\"@id\":\"https:\/\/empow-her.com\/en\/produit\/sensibilisation-action-contre-les-violences-conjugales\/\",\"url\":\"https:\/\/empow-her.com\/en\/produit\/sensibilisation-action-contre-les-violences-conjugales\/\",\"name\":\"Sensibilisation et action contre les violences conjugales\",\"isPartOf\":{\"@id\":\"https:\/\/empow-her.com\/#website\"},\"primaryImageOfPage\":{\"@id\":\"https:\/\/empow-her.com\/en\/produit\/sensibilisation-action-contre-les-violences-conjugales\/#primaryimage\"},\"image\":{\"@id\":\"https:\/\/empow-her.com\/en\/produit\/sensibilisation-action-contre-les-violences-conjugales\/#primaryimage\"},\"thumbnailUrl\":\"https:\/\/empow-her.com\/wp-content\/uploads\/2024\/10\/MAKING-WAVES-1.png\",\"datePublished\":\"2024-10-15T13:18:28+00:00\",\"dateModified\":\"2024-11-26T14:41:16+00:00\",\"description\":\"Rejoignez l'\u00e9v\u00e9nement SoliMove chez Sist'Her pour sensibiliser et agir contre les violences conjugales. \u00c9coutez des t\u00e9moignages et d\u00e9couvrez des ressources pour aider les victimes\",\"breadcrumb\":{\"@id\":\"https:\/\/empow-her.com\/en\/produit\/sensibilisation-action-contre-les-violences-conjugales\/#breadcrumb\"},\"inLanguage\":\"es\",\"potentialAction\":[{\"@type\":\"ReadAction\",\"target\":[\"https:\/\/empow-her.com\/en\/produit\/sensibilisation-action-contre-les-violences-conjugales\/\"]}]},{\"@type\":\"ImageObject\",\"inLanguage\":\"es\",\"@id\":\"https:\/\/empow-her.com\/en\/produit\/sensibilisation-action-contre-les-violences-conjugales\/#primaryimage\",\"url\":\"https:\/\/empow-her.com\/wp-content\/uploads\/2024\/10\/MAKING-WAVES-1.png\",\"contentUrl\":\"https:\/\/empow-her.com\/wp-content\/uploads\/2024\/10\/MAKING-WAVES-1.png\",\"width\":1080,\"height\":1080},{\"@type\":\"BreadcrumbList\",\"@id\":\"https:\/\/empow-her.com\/en\/produit\/sensibilisation-action-contre-les-violences-conjugales\/#breadcrumb\",\"itemListElement\":[{\"@type\":\"ListItem\",\"position\":1,\"name\":\"Accueil\",\"item\":\"https:\/\/empow-her.com\/es\/inicio\/\"},{\"@type\":\"ListItem\",\"position\":2,\"name\":\"LA BOUTIQUE\",\"item\":\"https:\/\/empow-her.com\/boutique\/\"},{\"@type\":\"ListItem\",\"position\":3,\"name\":\"Reconstruction : le parcours d&#8217;une femme victime de violences conjugales chez Sist&#8217;Her\"}]},{\"@type\":\"WebSite\",\"@id\":\"https:\/\/empow-her.com\/#website\",\"url\":\"https:\/\/empow-her.com\/\",\"name\":\"Empow&#039;Her\",\"description\":\"Women Development\",\"potentialAction\":[{\"@type\":\"SearchAction\",\"target\":{\"@type\":\"EntryPoint\",\"urlTemplate\":\"https:\/\/empow-her.com\/?s={search_term_string}\"},\"query-input\":{\"@type\":\"PropertyValueSpecification\",\"valueRequired\":true,\"valueName\":\"search_term_string\"}}],\"inLanguage\":\"es\"}]}<\/script>\n<!-- \/ Yoast SEO plugin. -->","yoast_head_json":{"title":"Sensibilisation et action contre les violences conjugales","description":"Rejoignez l'\u00e9v\u00e9nement SoliMove chez Sist'Her pour sensibiliser et agir contre les violences conjugales. \u00c9coutez des t\u00e9moignages et d\u00e9couvrez des ressources pour aider les victimes","robots":{"index":"index","follow":"follow","max-snippet":"max-snippet:-1","max-image-preview":"max-image-preview:large","max-video-preview":"max-video-preview:-1"},"canonical":"https:\/\/empow-her.com\/en\/produit\/sensibilisation-action-contre-les-violences-conjugales\/","og_locale":"es_ES","og_type":"article","og_title":"Sensibilisation et action contre les violences conjugales","og_description":"Rejoignez l'\u00e9v\u00e9nement SoliMove chez Sist'Her pour sensibiliser et agir contre les violences conjugales. \u00c9coutez des t\u00e9moignages et d\u00e9couvrez des ressources pour aider les victimes","og_url":"https:\/\/empow-her.com\/en\/produit\/sensibilisation-action-contre-les-violences-conjugales\/","og_site_name":"Empow&#039;Her","article_modified_time":"2024-11-26T14:41:16+00:00","og_image":[{"width":1080,"height":1080,"url":"https:\/\/empow-her.com\/wp-content\/uploads\/2024\/10\/MAKING-WAVES-1.png","type":"image\/png"}],"twitter_card":"summary_large_image","twitter_misc":{"Tiempo de lectura":"4 minutos"},"schema":{"@context":"https:\/\/schema.org","@graph":[{"@type":"WebPage","@id":"https:\/\/empow-her.com\/en\/produit\/sensibilisation-action-contre-les-violences-conjugales\/","url":"https:\/\/empow-her.com\/en\/produit\/sensibilisation-action-contre-les-violences-conjugales\/","name":"Sensibilisation et action contre les violences conjugales","isPartOf":{"@id":"https:\/\/empow-her.com\/#website"},"primaryImageOfPage":{"@id":"https:\/\/empow-her.com\/en\/produit\/sensibilisation-action-contre-les-violences-conjugales\/#primaryimage"},"image":{"@id":"https:\/\/empow-her.com\/en\/produit\/sensibilisation-action-contre-les-violences-conjugales\/#primaryimage"},"thumbnailUrl":"https:\/\/empow-her.com\/wp-content\/uploads\/2024\/10\/MAKING-WAVES-1.png","datePublished":"2024-10-15T13:18:28+00:00","dateModified":"2024-11-26T14:41:16+00:00","description":"Rejoignez l'\u00e9v\u00e9nement SoliMove chez Sist'Her pour sensibiliser et agir contre les violences conjugales. \u00c9coutez des t\u00e9moignages et d\u00e9couvrez des ressources pour aider les victimes","breadcrumb":{"@id":"https:\/\/empow-her.com\/en\/produit\/sensibilisation-action-contre-les-violences-conjugales\/#breadcrumb"},"inLanguage":"es","potentialAction":[{"@type":"ReadAction","target":["https:\/\/empow-her.com\/en\/produit\/sensibilisation-action-contre-les-violences-conjugales\/"]}]},{"@type":"ImageObject","inLanguage":"es","@id":"https:\/\/empow-her.com\/en\/produit\/sensibilisation-action-contre-les-violences-conjugales\/#primaryimage","url":"https:\/\/empow-her.com\/wp-content\/uploads\/2024\/10\/MAKING-WAVES-1.png","contentUrl":"https:\/\/empow-her.com\/wp-content\/uploads\/2024\/10\/MAKING-WAVES-1.png","width":1080,"height":1080},{"@type":"BreadcrumbList","@id":"https:\/\/empow-her.com\/en\/produit\/sensibilisation-action-contre-les-violences-conjugales\/#breadcrumb","itemListElement":[{"@type":"ListItem","position":1,"name":"Accueil","item":"https:\/\/empow-her.com\/es\/inicio\/"},{"@type":"ListItem","position":2,"name":"LA BOUTIQUE","item":"https:\/\/empow-her.com\/boutique\/"},{"@type":"ListItem","position":3,"name":"Reconstruction : le parcours d&#8217;une femme victime de violences conjugales chez Sist&#8217;Her"}]},{"@type":"WebSite","@id":"https:\/\/empow-her.com\/#website","url":"https:\/\/empow-her.com\/","name":"Empow&#039;Her","description":"Women Development","potentialAction":[{"@type":"SearchAction","target":{"@type":"EntryPoint","urlTemplate":"https:\/\/empow-her.com\/?s={search_term_string}"},"query-input":{"@type":"PropertyValueSpecification","valueRequired":true,"valueName":"search_term_string"}}],"inLanguage":"es"}]}},"_links":{"self":[{"href":"https:\/\/empow-her.com\/es\/wp-json\/wp\/v2\/product\/258916","targetHints":{"allow":["GET"]}}],"collection":[{"href":"https:\/\/empow-her.com\/es\/wp-json\/wp\/v2\/product"}],"about":[{"href":"https:\/\/empow-her.com\/es\/wp-json\/wp\/v2\/types\/product"}],"wp:featuredmedia":[{"embeddable":true,"href":"https:\/\/empow-her.com\/es\/wp-json\/wp\/v2\/media\/259002"}],"wp:attachment":[{"href":"https:\/\/empow-her.com\/es\/wp-json\/wp\/v2\/media?parent=258916"}],"wp:term":[{"taxonomy":"product_brand","embeddable":true,"href":"https:\/\/empow-her.com\/es\/wp-json\/wp\/v2\/product_brand?post=258916"},{"taxonomy":"product_cat","embeddable":true,"href":"https:\/\/empow-her.com\/es\/wp-json\/wp\/v2\/product_cat?post=258916"},{"taxonomy":"product_tag","embeddable":true,"href":"https:\/\/empow-her.com\/es\/wp-json\/wp\/v2\/product_tag?post=258916"},{"taxonomy":"lieu","embeddable":true,"href":"https:\/\/empow-her.com\/es\/wp-json\/wp\/v2\/lieu?post=258916"},{"taxonomy":"thematiques","embeddable":true,"href":"https:\/\/empow-her.com\/es\/wp-json\/wp\/v2\/thematiques?post=258916"}],"curies":[{"name":"wp","href":"https:\/\/api.w.org\/{rel}","templated":true}]}}