{"id":258325,"date":"2024-09-26T17:12:51","date_gmt":"2024-09-26T15:12:51","guid":{"rendered":"https:\/\/empow-her.com\/?post_type=product&#038;p=258325"},"modified":"2024-10-09T15:38:44","modified_gmt":"2024-10-09T13:38:44","slug":"journee-financements-empowher-iiifinancements","status":"publish","type":"product","link":"https:\/\/empow-her.com\/es\/produit\/journee-financements-empowher-iiifinancements\/","title":{"rendered":"Journ\u00e9e du financement : d\u00e9couvrez les opportunit\u00e9s de financement de votre projet !"},"content":{"rendered":"<h3><strong>&#x1f449; Inscription obligatoire :<a href=\"https:\/\/airtable.com\/appkZp4V5YvlIqfeb\/pagW12LQLF8LAyADB\/form\"> juste ici<\/a><\/strong><\/h3>\n<p>Le 7 novembre <a class=\"text-blue underline\" href=\"https:\/\/empow-her.com\/\" target=\"_blank\" rel=\"noreferrer noopener\">Empow&#8217;Her<\/a> et <a class=\"text-blue underline\" href=\"https:\/\/iii-financements.com\/\" target=\"_blank\" rel=\"noreferrer noopener\">iii-financements<\/a> vous proposent une journ\u00e9e sp\u00e9ciale pour <strong>d\u00e9couvrir l\u2019\u00e9tendue des possibilit\u00e9s de financement des projets entrepreneuriaux <\/strong>et \u00eatre guid\u00e9e dans <strong>votre gestion financi\u00e8re et le d\u00e9veloppement de vos plans de financement. &#x1f4a1;<\/strong><\/p>\n<p>Au programme, <strong>\u00e0 la carte<\/strong>&#x26a1;<\/p>\n<p><strong>10h-12h30 : Masterclass &#8211; Panorama des financements non dilutifs\u00a0<\/strong><\/p>\n<p><em>Participez \u00e0 une masterclass qui vous pr\u00e9sentera l&#8217;ensemble des acteurs du\u00a0financement\u00a0pour le d\u00e9veloppement de votre projet. <\/em><em>Nous reverrons \u00e9galement \u00e0 cette occasion les principes comptables essentiels \u00e0 la demande de\u00a0financement et vous pr\u00e9senterons diff\u00e9rents produits et leviers dilutifs et de la base de partenaires de iii-financements. <\/em><\/p>\n<p><em>Une pr\u00e9sentation dense qui balayera de nombreux sujets pour acc\u00e9l\u00e9rer votre d\u00e9ploiement !\u00a0<\/em><\/p>\n<p><strong>A partir de 14h, par cr\u00e9neaux de 30 min : <\/strong>des sessions de speed meeting seront organis\u00e9es pour vous permettre de rencontrer individuellement des experts du financement et \u00e9changer sp\u00e9cifiquement autour de votre projet.<\/p>\n<p><strong>14h-16h : Atelier #1 : Le pas \u00e0 pas de la lev\u00e9e de fonds : comment pr\u00e9parer, quand se lancer et comment ?<\/strong><\/p>\n<p><em>Cet atelier a pour objectif de vous familiariser aux arcanes de la lev\u00e9e de fonds, et de vous fournir le maximum de conseils pour r\u00e9aliser au mieux votre prochaine ouverture de capital ! Pour ce faire, nos experts en investissement vous proposeront un format d&#8217;1h45 pour balayer plusieurs th\u00e8mes (timing, documentation, r\u00e9seau &amp; acteurs) et les personnaliser au mieux selon vos attentes.\u00a0<\/em><\/p>\n<p><strong>16h-18h : Atelier #2 : Am\u00e9liorer son pr\u00e9visionnel financier\u00a0<\/strong><\/p>\n<p><em>Cet atelier a pour objectif de vous r\u00e9concilier avec le Business Plan, un alli\u00e9 indispensable dans vos recherches de\u00a0financement\u00a0! Nos experts m\u00e9tiers seront \u00e0 votre disposition pour vous aider \u00e0 mieux envisager votre gestion financi\u00e8re.\u00a0Que vous soyiez en recherche de\u00a0financement\u00a0ou que vous souhaitiez\u00a0am\u00e9liorer\u00a0vos outils de pilotage financier au quotidien, profitez de ce cr\u00e9neau de 1h45 avec nos Experts financiers pour matcher au mieux votre documentation financi\u00e8re avec votre activit\u00e9 et vos besoins.\u00a0<\/em><\/p>\n<h4><a href=\"https:\/\/iii-financements.com\/a-propos\/\">\u00a0iii-financements ?<\/a><\/h4>\n<div>iii-Financements est un cabinet de conseil sp\u00e9cialis\u00e9 dans la recherche de financements non dilutifs. Les \u00e9quipes du cabinet accompagnent les entrepreneuses et entrepreneurs dans la formalisation et l\u2019ex\u00e9cution de leur strat\u00e9gie de financement\u00a0aupr\u00e8s de l\u2019ensemble des acteurs et organismes proposant des aides non dilutives (Banques, Banque Publique d\u2019investissement (BPI), R\u00e9gions, Acc\u00e9l\u00e9rateurs, Incubateurs\u00a0\u2026).<\/div>\n<div><\/div>\n<div>iii-Financements soutient ses client.e.s sur l\u2019ensemble de leur cycle de vie, en les assistant dans l\u2019obtention de financements pour la R&amp;D, l\u2019innovation, l\u2019investissement strat\u00e9gique ou encore le d\u00e9veloppement international.<\/div>\n<div><\/div>\n<h4><strong>Informations pratiques<\/strong><\/h4>\n<p><strong>&#x1f449; Inscription obligatoire : <a href=\"https:\/\/airtable.com\/appkZp4V5YvlIqfeb\/pagW12LQLF8LAyADB\/form\">juste ici<\/a><\/strong><br \/>\n&#x1f4c5; Jeudi 7 novembre<br \/>\n&#x23f0; De 9h30 \u00e0 18h<br \/>\n&#x1f4cd;Chez Sist\u2019Her, 82 rue du Faubourg Saint Martin 75010 Paris<\/p>\n<p>Ouvert en mars 2021 par l\u2019ONG\u00a0<a href=\"https:\/\/empow-her.com\/\">Empow\u2019Her<\/a>, Sist\u2019Her Paris est un espace de partage et de cr\u00e9ation f\u00e9ministe, accessible \u00e0 tous.tes, d\u00e9di\u00e9 \u00e0 l\u2019\u00e9criture collective d\u2019un nouveau narratif entrepreneurial et \u00e0 l\u2019outillage des combats pour des soci\u00e9t\u00e9s plus justes, durables et \u00e9galitaires.<\/p>\n<p>Retrouvez tous les \u00e9v\u00e9nements des prochains mois chez Sist\u2019Her dans notre\u00a0<a href=\"https:\/\/empow-her.com\/agenda-empowher\/\">agenda<\/a>\u00a0!<\/p>\n<p>Suivez Sist\u2019Her sur notre\u00a0<a href=\"https:\/\/www.instagram.com\/sisther.paris\/\">Instagram<\/a>\u00a0!<\/p>\n<p>On a h\u00e2te de vous retrouver &#x1f49c;<\/p>\n","protected":false},"excerpt":{"rendered":"<h3><strong>&#x1f449; Inscription obligatoire :<a href=\"https:\/\/airtable.com\/appkZp4V5YvlIqfeb\/pagW12LQLF8LAyADB\/form\"> juste ici<\/a><\/strong><\/h3>\n<p>Le 7 novembre <a class=\"text-blue underline\" href=\"https:\/\/empow-her.com\/\" target=\"_blank\" rel=\"noreferrer noopener\">Empow&#8217;Her<\/a> et <a class=\"text-blue underline\" href=\"https:\/\/iii-financements.com\/\" target=\"_blank\" rel=\"noreferrer noopener\">iii-financements<\/a> vous proposent une journ\u00e9e sp\u00e9ciale pour <strong>d\u00e9couvrir l\u2019\u00e9tendue des possibilit\u00e9s de financement des projets entrepreneuriaux <\/strong>et \u00eatre guid\u00e9e dans <strong>votre gestion financi\u00e8re et le d\u00e9veloppement de vos plans de financement. &#x1f4a1;<\/strong><\/p>\n<p>Au programme, <strong>\u00e0 la carte<\/strong>&#x26a1;<\/p>\n<p><strong>10h-12h30 : Masterclass &#8211; Panorama des financements existants<\/strong><\/p>\n<p><em>Participez \u00e0 une masterclass qui vous pr\u00e9sentera l&#8217;ensemble des acteurs du\u00a0financement\u00a0pour le d\u00e9veloppement de votre projet. <\/em><em>Nous reverrons \u00e9galement \u00e0 cette occasion les principes comptables essentiels \u00e0 la demande de financement et vous pr\u00e9senterons diff\u00e9rents produits et leviers et de la base de partenaires de iii-financements. <\/em><\/p>\n<p><em>Une pr\u00e9sentation dense qui balayera de nombreux sujets pour acc\u00e9l\u00e9rer votre d\u00e9ploiement !\u00a0<\/em><\/p>\n<p><strong>A partir de 14h, par cr\u00e9neaux de 30 min : <\/strong>des sessions de speed meeting seront organis\u00e9es pour vous permettre de rencontrer individuellement des experts du financement et \u00e9changer sp\u00e9cifiquement autour de votre projet.<\/p>\n<p><strong>14h-16h : Atelier #1 : Le pas \u00e0 pas de la lev\u00e9e de fonds : comment pr\u00e9parer, quand se lancer et comment ?<\/strong><\/p>\n<p><em>Cet atelier a pour objectif de vous familiariser aux arcanes de la lev\u00e9e de fonds, et de vous fournir le maximum de conseils pour r\u00e9aliser au mieux votre prochaine ouverture de capital ! Pour ce faire, nos experts en investissement vous proposeront un format d&#8217;1h45 pour balayer plusieurs th\u00e8mes (timing, documentation, r\u00e9seau &amp; acteurs) et les personnaliser au mieux selon vos attentes.\u00a0<\/em><\/p>\n<p><strong>16h-18h : Atelier #2 : Am\u00e9liorer son pr\u00e9visionnel financier\u00a0<\/strong><\/p>\n<p><em>Cet atelier a pour objectif de vous r\u00e9concilier avec le Business Plan, un alli\u00e9 indispensable dans vos recherches de\u00a0financement\u00a0! Nos experts m\u00e9tiers seront \u00e0 votre disposition pour vous aider \u00e0 mieux envisager votre gestion financi\u00e8re.\u00a0Que vous soyiez en recherche de\u00a0financement\u00a0ou que vous souhaitiez\u00a0am\u00e9liorer\u00a0vos outils de pilotage financier au quotidien, profitez de ce cr\u00e9neau de 1h45 avec nos Experts financiers pour matcher au mieux votre documentation financi\u00e8re avec votre activit\u00e9 et vos besoins.\u00a0<\/em><\/p>\n<h4><a href=\"https:\/\/iii-financements.com\/a-propos\/\">\u00a0iii-financements ?<\/a><\/h4>\n<div>iii-Financements est un cabinet de conseil sp\u00e9cialis\u00e9 dans la recherche de financements non dilutifs. Les \u00e9quipes du cabinet accompagnent les entrepreneuses et entrepreneurs dans la formalisation et l\u2019ex\u00e9cution de leur strat\u00e9gie de financement\u00a0aupr\u00e8s de l\u2019ensemble des acteurs et organismes proposant des aides non dilutives (Banques, Banque Publique d\u2019investissement (BPI), R\u00e9gions, Acc\u00e9l\u00e9rateurs, Incubateurs\u00a0\u2026).<\/div>\n<div><\/div>\n<div>iii-Financements soutient ses client.e.s sur l\u2019ensemble de leur cycle de vie, en les assistant dans l\u2019obtention de financements pour la R&amp;D, l\u2019innovation, l\u2019investissement strat\u00e9gique ou encore le d\u00e9veloppement international.<\/div>\n<div><\/div>\n<h4><strong>Informations pratiques<\/strong><\/h4>\n<p><strong>&#x1f449; Inscription obligatoire : <a href=\"https:\/\/airtable.com\/appkZp4V5YvlIqfeb\/pagW12LQLF8LAyADB\/form\">juste ici<\/a><\/strong><br \/>\n&#x1f4c5; Jeudi 7 novembre<br \/>\n&#x23f0; De 9h30 \u00e0 18h<br \/>\n&#x1f4cd;Chez Sist\u2019Her, 82 rue du Faubourg Saint Martin 75010 Paris<\/p>\n<p>Ouvert en mars 2021 par l\u2019ONG\u00a0<a href=\"https:\/\/empow-her.com\/\">Empow\u2019Her<\/a>, Sist\u2019Her Paris est un espace de partage et de cr\u00e9ation f\u00e9ministe, accessible \u00e0 tous.tes, d\u00e9di\u00e9 \u00e0 l\u2019\u00e9criture collective d\u2019un nouveau narratif entrepreneurial et \u00e0 l\u2019outillage des combats pour des soci\u00e9t\u00e9s plus justes, durables et \u00e9galitaires.<\/p>\n<p>Retrouvez tous les \u00e9v\u00e9nements des prochains mois chez Sist\u2019Her dans notre\u00a0<a href=\"https:\/\/empow-her.com\/agenda-empowher\/\">agenda<\/a>\u00a0!<\/p>\n<p>Suivez Sist\u2019Her sur notre\u00a0<a href=\"https:\/\/www.instagram.com\/sisther.paris\/\">Instagram<\/a>\u00a0!<\/p>\n<p>On a h\u00e2te de vous retrouver &#x1f49c;<\/p>\n","protected":false},"featured_media":258326,"template":"","format":"standard","meta":{"_acf_changed":false,"om_disable_all_campaigns":false,"_uf_show_specific_survey":0,"_uf_disable_surveys":false},"product_brand":[],"product_cat":[119],"product_tag":[178],"lieu":[127],"thematiques":[],"class_list":{"0":"post-258325","1":"product","2":"type-product","3":"status-publish","4":"format-standard","5":"has-post-thumbnail","7":"product_cat-evenement-sisther","8":"product_tag-evenement-sisther","9":"lieu-hub-empowher","11":"first","12":"instock","13":"virtual","14":"purchasable","15":"product-type-appointment"},"exclude_global_add_ons":[],"addons":[],"acf":[],"yoast_head":"<!-- This site is optimized with the Yoast SEO plugin v24.8 - https:\/\/yoast.com\/wordpress\/plugins\/seo\/ -->\n<title>Journ\u00e9e du financement Empow&#039;Her &amp; iii-financements !<\/title>\n<meta name=\"description\" content=\"D\u00e9couvrez en une journ\u00e9e d\u00e9di\u00e9e l\u2019\u00e9tendue des possibilit\u00e9s de financement de vos projets \u00e0 travers une masterclass, des ateliers et des rdv individuels\" \/>\n<meta name=\"robots\" content=\"index, follow, max-snippet:-1, max-image-preview:large, max-video-preview:-1\" \/>\n<link rel=\"canonical\" href=\"https:\/\/empow-her.com\/en\/produit\/journee-financements-empowher-iiifinancements\/\" \/>\n<meta property=\"og:locale\" content=\"es_ES\" \/>\n<meta property=\"og:type\" content=\"article\" \/>\n<meta property=\"og:title\" content=\"Journ\u00e9e du financement Empow&#039;Her &amp; iii-financements !\" \/>\n<meta property=\"og:description\" content=\"D\u00e9couvrez en une journ\u00e9e d\u00e9di\u00e9e l\u2019\u00e9tendue des possibilit\u00e9s de financement de vos projets \u00e0 travers une masterclass, des ateliers et des rdv individuels\" \/>\n<meta property=\"og:url\" content=\"https:\/\/empow-her.com\/en\/produit\/journee-financements-empowher-iiifinancements\/\" \/>\n<meta property=\"og:site_name\" content=\"Empow&#039;Her\" \/>\n<meta property=\"article:modified_time\" content=\"2024-10-09T13:38:44+00:00\" \/>\n<meta property=\"og:image\" content=\"https:\/\/empow-her.com\/wp-content\/uploads\/2024\/09\/Veneuela-2.png\" \/>\n\t<meta property=\"og:image:width\" content=\"1080\" \/>\n\t<meta property=\"og:image:height\" content=\"1080\" \/>\n\t<meta property=\"og:image:type\" content=\"image\/png\" \/>\n<meta name=\"twitter:card\" content=\"summary_large_image\" \/>\n<meta name=\"twitter:label1\" content=\"Tiempo de lectura\" \/>\n\t<meta name=\"twitter:data1\" content=\"3 minutos\" \/>\n<script type=\"application\/ld+json\" class=\"yoast-schema-graph\">{\"@context\":\"https:\/\/schema.org\",\"@graph\":[{\"@type\":\"WebPage\",\"@id\":\"https:\/\/empow-her.com\/en\/produit\/journee-financements-empowher-iiifinancements\/\",\"url\":\"https:\/\/empow-her.com\/en\/produit\/journee-financements-empowher-iiifinancements\/\",\"name\":\"Journ\u00e9e du financement Empow'Her & iii-financements !\",\"isPartOf\":{\"@id\":\"https:\/\/empow-her.com\/#website\"},\"primaryImageOfPage\":{\"@id\":\"https:\/\/empow-her.com\/en\/produit\/journee-financements-empowher-iiifinancements\/#primaryimage\"},\"image\":{\"@id\":\"https:\/\/empow-her.com\/en\/produit\/journee-financements-empowher-iiifinancements\/#primaryimage\"},\"thumbnailUrl\":\"https:\/\/empow-her.com\/wp-content\/uploads\/2024\/09\/Veneuela-2.png\",\"datePublished\":\"2024-09-26T15:12:51+00:00\",\"dateModified\":\"2024-10-09T13:38:44+00:00\",\"description\":\"D\u00e9couvrez en une journ\u00e9e d\u00e9di\u00e9e l\u2019\u00e9tendue des possibilit\u00e9s de financement de vos projets \u00e0 travers une masterclass, des ateliers et des rdv individuels\",\"breadcrumb\":{\"@id\":\"https:\/\/empow-her.com\/en\/produit\/journee-financements-empowher-iiifinancements\/#breadcrumb\"},\"inLanguage\":\"es\",\"potentialAction\":[{\"@type\":\"ReadAction\",\"target\":[\"https:\/\/empow-her.com\/en\/produit\/journee-financements-empowher-iiifinancements\/\"]}]},{\"@type\":\"ImageObject\",\"inLanguage\":\"es\",\"@id\":\"https:\/\/empow-her.com\/en\/produit\/journee-financements-empowher-iiifinancements\/#primaryimage\",\"url\":\"https:\/\/empow-her.com\/wp-content\/uploads\/2024\/09\/Veneuela-2.png\",\"contentUrl\":\"https:\/\/empow-her.com\/wp-content\/uploads\/2024\/09\/Veneuela-2.png\",\"width\":1080,\"height\":1080},{\"@type\":\"BreadcrumbList\",\"@id\":\"https:\/\/empow-her.com\/en\/produit\/journee-financements-empowher-iiifinancements\/#breadcrumb\",\"itemListElement\":[{\"@type\":\"ListItem\",\"position\":1,\"name\":\"Accueil\",\"item\":\"https:\/\/empow-her.com\/es\/inicio\/\"},{\"@type\":\"ListItem\",\"position\":2,\"name\":\"LA BOUTIQUE\",\"item\":\"https:\/\/empow-her.com\/boutique\/\"},{\"@type\":\"ListItem\",\"position\":3,\"name\":\"Journ\u00e9e du financement : d\u00e9couvrez les opportunit\u00e9s de financement de votre projet !\"}]},{\"@type\":\"WebSite\",\"@id\":\"https:\/\/empow-her.com\/#website\",\"url\":\"https:\/\/empow-her.com\/\",\"name\":\"Empow&#039;Her\",\"description\":\"Women Development\",\"potentialAction\":[{\"@type\":\"SearchAction\",\"target\":{\"@type\":\"EntryPoint\",\"urlTemplate\":\"https:\/\/empow-her.com\/?s={search_term_string}\"},\"query-input\":{\"@type\":\"PropertyValueSpecification\",\"valueRequired\":true,\"valueName\":\"search_term_string\"}}],\"inLanguage\":\"es\"}]}<\/script>\n<!-- \/ Yoast SEO plugin. -->","yoast_head_json":{"title":"Journ\u00e9e du financement Empow'Her & iii-financements !","description":"D\u00e9couvrez en une journ\u00e9e d\u00e9di\u00e9e l\u2019\u00e9tendue des possibilit\u00e9s de financement de vos projets \u00e0 travers une masterclass, des ateliers et des rdv individuels","robots":{"index":"index","follow":"follow","max-snippet":"max-snippet:-1","max-image-preview":"max-image-preview:large","max-video-preview":"max-video-preview:-1"},"canonical":"https:\/\/empow-her.com\/en\/produit\/journee-financements-empowher-iiifinancements\/","og_locale":"es_ES","og_type":"article","og_title":"Journ\u00e9e du financement Empow'Her & iii-financements !","og_description":"D\u00e9couvrez en une journ\u00e9e d\u00e9di\u00e9e l\u2019\u00e9tendue des possibilit\u00e9s de financement de vos projets \u00e0 travers une masterclass, des ateliers et des rdv individuels","og_url":"https:\/\/empow-her.com\/en\/produit\/journee-financements-empowher-iiifinancements\/","og_site_name":"Empow&#039;Her","article_modified_time":"2024-10-09T13:38:44+00:00","og_image":[{"width":1080,"height":1080,"url":"https:\/\/empow-her.com\/wp-content\/uploads\/2024\/09\/Veneuela-2.png","type":"image\/png"}],"twitter_card":"summary_large_image","twitter_misc":{"Tiempo de lectura":"3 minutos"},"schema":{"@context":"https:\/\/schema.org","@graph":[{"@type":"WebPage","@id":"https:\/\/empow-her.com\/en\/produit\/journee-financements-empowher-iiifinancements\/","url":"https:\/\/empow-her.com\/en\/produit\/journee-financements-empowher-iiifinancements\/","name":"Journ\u00e9e du financement Empow'Her & iii-financements !","isPartOf":{"@id":"https:\/\/empow-her.com\/#website"},"primaryImageOfPage":{"@id":"https:\/\/empow-her.com\/en\/produit\/journee-financements-empowher-iiifinancements\/#primaryimage"},"image":{"@id":"https:\/\/empow-her.com\/en\/produit\/journee-financements-empowher-iiifinancements\/#primaryimage"},"thumbnailUrl":"https:\/\/empow-her.com\/wp-content\/uploads\/2024\/09\/Veneuela-2.png","datePublished":"2024-09-26T15:12:51+00:00","dateModified":"2024-10-09T13:38:44+00:00","description":"D\u00e9couvrez en une journ\u00e9e d\u00e9di\u00e9e l\u2019\u00e9tendue des possibilit\u00e9s de financement de vos projets \u00e0 travers une masterclass, des ateliers et des rdv individuels","breadcrumb":{"@id":"https:\/\/empow-her.com\/en\/produit\/journee-financements-empowher-iiifinancements\/#breadcrumb"},"inLanguage":"es","potentialAction":[{"@type":"ReadAction","target":["https:\/\/empow-her.com\/en\/produit\/journee-financements-empowher-iiifinancements\/"]}]},{"@type":"ImageObject","inLanguage":"es","@id":"https:\/\/empow-her.com\/en\/produit\/journee-financements-empowher-iiifinancements\/#primaryimage","url":"https:\/\/empow-her.com\/wp-content\/uploads\/2024\/09\/Veneuela-2.png","contentUrl":"https:\/\/empow-her.com\/wp-content\/uploads\/2024\/09\/Veneuela-2.png","width":1080,"height":1080},{"@type":"BreadcrumbList","@id":"https:\/\/empow-her.com\/en\/produit\/journee-financements-empowher-iiifinancements\/#breadcrumb","itemListElement":[{"@type":"ListItem","position":1,"name":"Accueil","item":"https:\/\/empow-her.com\/es\/inicio\/"},{"@type":"ListItem","position":2,"name":"LA BOUTIQUE","item":"https:\/\/empow-her.com\/boutique\/"},{"@type":"ListItem","position":3,"name":"Journ\u00e9e du financement : d\u00e9couvrez les opportunit\u00e9s de financement de votre projet !"}]},{"@type":"WebSite","@id":"https:\/\/empow-her.com\/#website","url":"https:\/\/empow-her.com\/","name":"Empow&#039;Her","description":"Women Development","potentialAction":[{"@type":"SearchAction","target":{"@type":"EntryPoint","urlTemplate":"https:\/\/empow-her.com\/?s={search_term_string}"},"query-input":{"@type":"PropertyValueSpecification","valueRequired":true,"valueName":"search_term_string"}}],"inLanguage":"es"}]}},"_links":{"self":[{"href":"https:\/\/empow-her.com\/es\/wp-json\/wp\/v2\/product\/258325","targetHints":{"allow":["GET"]}}],"collection":[{"href":"https:\/\/empow-her.com\/es\/wp-json\/wp\/v2\/product"}],"about":[{"href":"https:\/\/empow-her.com\/es\/wp-json\/wp\/v2\/types\/product"}],"wp:featuredmedia":[{"embeddable":true,"href":"https:\/\/empow-her.com\/es\/wp-json\/wp\/v2\/media\/258326"}],"wp:attachment":[{"href":"https:\/\/empow-her.com\/es\/wp-json\/wp\/v2\/media?parent=258325"}],"wp:term":[{"taxonomy":"product_brand","embeddable":true,"href":"https:\/\/empow-her.com\/es\/wp-json\/wp\/v2\/product_brand?post=258325"},{"taxonomy":"product_cat","embeddable":true,"href":"https:\/\/empow-her.com\/es\/wp-json\/wp\/v2\/product_cat?post=258325"},{"taxonomy":"product_tag","embeddable":true,"href":"https:\/\/empow-her.com\/es\/wp-json\/wp\/v2\/product_tag?post=258325"},{"taxonomy":"lieu","embeddable":true,"href":"https:\/\/empow-her.com\/es\/wp-json\/wp\/v2\/lieu?post=258325"},{"taxonomy":"thematiques","embeddable":true,"href":"https:\/\/empow-her.com\/es\/wp-json\/wp\/v2\/thematiques?post=258325"}],"curies":[{"name":"wp","href":"https:\/\/api.w.org\/{rel}","templated":true}]}}