{"id":256168,"date":"2024-09-05T15:23:58","date_gmt":"2024-09-05T13:23:58","guid":{"rendered":"https:\/\/empow-her.com\/?post_type=product&#038;p=256168"},"modified":"2024-09-05T15:45:14","modified_gmt":"2024-09-05T13:45:14","slug":"atelier-financer-le-debut-de-son-projet","status":"publish","type":"product","link":"https:\/\/empow-her.com\/es\/produit\/atelier-financer-le-debut-de-son-projet\/","title":{"rendered":"Atelier &#8211; Financer le d\u00e9but de son projet !"},"content":{"rendered":"<p><span data-sheets-value=\"{&quot;1&quot;:2,&quot;2&quot;:&quot;nnBesoin : Je voudrais savoir quel type de financement je peux aller chercher, \u00e0 quelles portes toquer et comment convaincre les financeurs !nnVous \u00eates \u00e0 la recherche de financement pour aider au d\u00e9marrage de votre entreprise ? Vous souhaitez savoir vers qui vous tourner pour vos demandes de financement ?nOu encore, vous portez un projet \u00e0 impact ou innovant, susceptible d'\u00eatre financ\u00e9 par des acteurs locaux ou des investisseurs ? Lors de cet atelier collectif, d\u00e9couvrez les diff\u00e9rentes sources de financement, et quand \/ comment faire appel \u00e0 celles-ci.nL'objectif : vous familiariser avec l'\u00e9co-syst\u00e8me des financeurs et identifier les solutions de financement adapt\u00e9es \u00e0 la cr\u00e9ation ou au d\u00e9veloppement de votre projet !nnPr\u00e9-requis : AucunnnIntervenant.e : Omar BENDJELLOUN de FineticnnPassionn\u00e9 de finance \u00e0 impact et d'entrepreneuriat engag\u00e9 ! Ex. investisseur \u00e0 impact durant les 6 derni\u00e8res ann\u00e9es, notamment dans le fonds d'investissement INCO et chez France Active. D\u00e9sormais fondateur de FINETIC qui a 3 offres : direction financi\u00e8re externalis\u00e9e, accompagnement \u00e0 la lev\u00e9e de fonds, et coaching \u00e0 la carte !nnSon super pouvoir : Excel !nnSon petit mot : Foncez, il n'y a pas d'\u00e9chec dans l'entrepreneuriat : au pire, il y a des apprentissages !nnDur\u00e9e : 3h en pr\u00e9sentiel chez Sist'Her Paris&quot;}\" data-sheets-userformat=\"{&quot;2&quot;:4995,&quot;3&quot;:{&quot;1&quot;:0},&quot;4&quot;:{&quot;1&quot;:2,&quot;2&quot;:16773836},&quot;10&quot;:0,&quot;11&quot;:4,&quot;12&quot;:0,&quot;15&quot;:&quot;Proxima Nova&quot;}\"><strong>Besoin<\/strong> : Je voudrais savoir quel type de financement je peux aller chercher, \u00e0 quelles portes toquer et comment convaincre les financeurs !<br \/>\n<\/span><\/p>\n<p><strong>Description :<\/strong> Vous \u00eates \u00e0 la recherche de financement pour aider au d\u00e9marrage de votre entreprise ? Vous souhaitez savoir vers qui vous tourner pour vos demandes de financement ?<br \/>\nOu encore, vous portez un projet \u00e0 impact ou innovant, susceptible d&#8217;\u00eatre financ\u00e9 par des acteurs locaux ou des investisseurs ? Lors de cet atelier collectif, d\u00e9couvrez les diff\u00e9rentes sources de financement, et quand \/ comment faire appel \u00e0 celles-ci.<\/p>\n<p><strong>L&#8217;objectif :<\/strong> vous familiariser avec l&#8217;\u00e9co-syst\u00e8me des financeurs et identifier les solutions de financement adapt\u00e9es \u00e0 la cr\u00e9ation ou au d\u00e9veloppement de votre projet !<\/p>\n<p><strong>Pr\u00e9-requis<\/strong> <strong>:<\/strong> <strong>Apporter son ordinateur !<\/strong><\/p>\n<p><strong>Intervenant<\/strong>: Antoine G\u00e9rardin de Finetic Je suis passionn\u00e9 par l&#8217;entrepreneuriat et les sujets \u00e0 impact social et environnemental. J&#8217;ai travaill\u00e9 dans plusieurs fonds d&#8217;investissement \u00e0 impact, ainsi qu&#8217;au sein de plusieurs startups engag\u00e9es en croissance. Je poss\u00e8de des comp\u00e9tences dans le financement, la structuration \u00e9conomique et le d\u00e9veloppement de projet entrepreneurial !<\/p>\n<p><strong>Son super pouvoir :<\/strong> Explorer tous les mod\u00e8les \u00e9conomiques possibles !<\/p>\n<p><strong>Son petit mot :<\/strong> Bravo pour cette d\u00e9marche ! D\u00e9sormais le plus important est de rester obs\u00e9d\u00e9e par votre mission et vos clients !<\/p>\n<p><strong>Attention !<\/strong> Veuillez vous pr\u00e9senter \u00e0 l&#8217;heure pour que l&#8217;activit\u00e9 puisse commencer \u00e0 temps. Si vous avez du retard veuillez pr\u00e9venir l&#8217;intervenant.e. Si vous avez plus de 15 min de retard l&#8217;intervenant.e se r\u00e9serve le droit de ne plus vous accepter pour le coaching ou l&#8217;atelier.<\/p>\n","protected":false},"excerpt":{"rendered":"<p><span data-sheets-value=\"{&quot;1&quot;:2,&quot;2&quot;:&quot;nnBesoin : Je voudrais savoir quel type de financement je peux aller chercher, \u00e0 quelles portes toquer et comment convaincre les financeurs !nnVous \u00eates \u00e0 la recherche de financement pour aider au d\u00e9marrage de votre entreprise ? Vous souhaitez savoir vers qui vous tourner pour vos demandes de financement ?nOu encore, vous portez un projet \u00e0 impact ou innovant, susceptible d'\u00eatre financ\u00e9 par des acteurs locaux ou des investisseurs ? Lors de cet atelier collectif, d\u00e9couvrez les diff\u00e9rentes sources de financement, et quand \/ comment faire appel \u00e0 celles-ci.nL'objectif : vous familiariser avec l'\u00e9co-syst\u00e8me des financeurs et identifier les solutions de financement adapt\u00e9es \u00e0 la cr\u00e9ation ou au d\u00e9veloppement de votre projet !nnPr\u00e9-requis : AucunnnIntervenant.e : Omar BENDJELLOUN de FineticnnPassionn\u00e9 de finance \u00e0 impact et d'entrepreneuriat engag\u00e9 ! Ex. investisseur \u00e0 impact durant les 6 derni\u00e8res ann\u00e9es, notamment dans le fonds d'investissement INCO et chez France Active. D\u00e9sormais fondateur de FINETIC qui a 3 offres : direction financi\u00e8re externalis\u00e9e, accompagnement \u00e0 la lev\u00e9e de fonds, et coaching \u00e0 la carte !nnSon super pouvoir : Excel !nnSon petit mot : Foncez, il n'y a pas d'\u00e9chec dans l'entrepreneuriat : au pire, il y a des apprentissages !nnDur\u00e9e : 3h en pr\u00e9sentiel chez Sist'Her Paris&quot;}\" data-sheets-userformat=\"{&quot;2&quot;:4995,&quot;3&quot;:{&quot;1&quot;:0},&quot;4&quot;:{&quot;1&quot;:2,&quot;2&quot;:16773836},&quot;10&quot;:0,&quot;11&quot;:4,&quot;12&quot;:0,&quot;15&quot;:&quot;Proxima Nova&quot;}\"><strong>Besoin<\/strong> : Je voudrais savoir quel type de financement je peux aller chercher, \u00e0 quelles portes toquer et comment convaincre les financeurs !<br \/>\n<\/span><\/p>\n<p><strong>Description :<\/strong> Vous \u00eates \u00e0 la recherche de financement pour aider au d\u00e9marrage de votre entreprise ? Vous souhaitez savoir vers qui vous tourner pour vos demandes de financement ?<br \/>\nOu encore, vous portez un projet \u00e0 impact ou innovant, susceptible d&#8217;\u00eatre financ\u00e9 par des acteurs locaux ou des investisseurs ? Lors de cet atelier collectif, d\u00e9couvrez les diff\u00e9rentes sources de financement, et quand \/ comment faire appel \u00e0 celles-ci.<\/p>\n<p><strong>L&#8217;objectif :<\/strong> vous familiariser avec l&#8217;\u00e9co-syst\u00e8me des financeurs et identifier les solutions de financement adapt\u00e9es \u00e0 la cr\u00e9ation ou au d\u00e9veloppement de votre projet !<\/p>\n<p><strong>Pr\u00e9-requis<\/strong> <strong>:<\/strong> <strong>Apporter son ordinateur !<\/strong><\/p>\n<p><strong>Intervenant<\/strong>: Antoine G\u00e9rardin de Finetic Je suis passionn\u00e9 par l&#8217;entrepreneuriat et les sujets \u00e0 impact social et environnemental. J&#8217;ai travaill\u00e9 dans plusieurs fonds d&#8217;investissement \u00e0 impact, ainsi qu&#8217;au sein de plusieurs startups engag\u00e9es en croissance. Je poss\u00e8de des comp\u00e9tences dans le financement, la structuration \u00e9conomique et le d\u00e9veloppement de projet entrepreneurial !<\/p>\n<p><strong>Son super pouvoir :<\/strong> Explorer tous les mod\u00e8les \u00e9conomiques possibles !<\/p>\n<p><strong>Son petit mot :<\/strong> Bravo pour cette d\u00e9marche ! D\u00e9sormais le plus important est de rester obs\u00e9d\u00e9e par votre mission et vos clients !<\/p>\n<p><strong>Attention !<\/strong> Veuillez vous pr\u00e9senter \u00e0 l&#8217;heure pour que l&#8217;activit\u00e9 puisse commencer \u00e0 temps. Si vous avez du retard veuillez pr\u00e9venir l&#8217;intervenant.e. Si vous avez plus de 15 min de retard l&#8217;intervenant.e se r\u00e9serve le droit de ne plus vous accepter pour le coaching ou l&#8217;atelier.<\/p>\n<p>&nbsp;<\/p>\n","protected":false},"featured_media":256174,"template":"","format":"standard","meta":{"_acf_changed":false,"om_disable_all_campaigns":false,"_uf_show_specific_survey":0,"_uf_disable_surveys":false},"product_brand":[],"product_cat":[118],"product_tag":[],"lieu":[127],"thematiques":[],"class_list":{"0":"post-256168","1":"product","2":"type-product","3":"status-publish","4":"format-standard","5":"has-post-thumbnail","7":"product_cat-atelier-collectif","8":"lieu-hub-empowher","10":"first","11":"instock","12":"virtual","13":"purchasable","14":"product-type-appointment"},"exclude_global_add_ons":[],"addons":[],"acf":[],"yoast_head":"<!-- This site is optimized with the Yoast SEO plugin v24.8 - https:\/\/yoast.com\/wordpress\/plugins\/seo\/ -->\n<title>Atelier - Financer le d\u00e9but de son projet ! - Empow&#039;Her<\/title>\n<meta name=\"robots\" content=\"index, follow, max-snippet:-1, max-image-preview:large, max-video-preview:-1\" \/>\n<link rel=\"canonical\" href=\"https:\/\/empow-her.com\/en\/produit\/atelier-financer-le-debut-de-son-projet\/\" \/>\n<meta property=\"og:locale\" content=\"es_ES\" \/>\n<meta property=\"og:type\" content=\"article\" \/>\n<meta property=\"og:title\" content=\"Atelier - Financer le d\u00e9but de son projet ! - Empow&#039;Her\" \/>\n<meta property=\"og:description\" content=\"Besoin : Je voudrais savoir quel type de financement je peux aller chercher, \u00e0 quelles portes toquer et comment convaincre les financeurs !   Description : Vous \u00eates \u00e0 la recherche de financement pour aider au d\u00e9marrage de votre entreprise ? Vous souhaitez savoir vers qui vous tourner pour vos demandes de financement ? Ou encore, vous portez un projet \u00e0 impact ou innovant, susceptible d&#039;\u00eatre financ\u00e9 par des acteurs locaux ou des investisseurs ? Lors de cet atelier collectif, d\u00e9couvrez les diff\u00e9rentes sources de financement, et quand \/ comment faire appel \u00e0 celles-ci.  L&#039;objectif : vous familiariser avec l&#039;\u00e9co-syst\u00e8me des financeurs et identifier les solutions de financement adapt\u00e9es \u00e0 la cr\u00e9ation ou au d\u00e9veloppement de votre projet !  Pr\u00e9-requis : Apporter son ordinateur !  Intervenant: Antoine G\u00e9rardin de Finetic Je suis passionn\u00e9 par l&#039;entrepreneuriat et les sujets \u00e0 impact social et environnemental. J&#039;ai travaill\u00e9 dans plusieurs fonds d&#039;investissement \u00e0 impact, ainsi qu&#039;au sein de plusieurs startups engag\u00e9es en croissance. Je poss\u00e8de des comp\u00e9tences dans le financement, la structuration \u00e9conomique et le d\u00e9veloppement de projet entrepreneurial !  Son super pouvoir : Explorer tous les mod\u00e8les \u00e9conomiques possibles !  Son petit mot : Bravo pour cette d\u00e9marche ! D\u00e9sormais le plus important est de rester obs\u00e9d\u00e9e par votre mission et vos clients !  Attention ! Veuillez vous pr\u00e9senter \u00e0 l&#039;heure pour que l&#039;activit\u00e9 puisse commencer \u00e0 temps. Si vous avez du retard veuillez pr\u00e9venir l&#039;intervenant.e. Si vous avez plus de 15 min de retard l&#039;intervenant.e se r\u00e9serve le droit de ne plus vous accepter pour le coaching ou l&#039;atelier.  &nbsp;\" \/>\n<meta property=\"og:url\" content=\"https:\/\/empow-her.com\/en\/produit\/atelier-financer-le-debut-de-son-projet\/\" \/>\n<meta property=\"og:site_name\" content=\"Empow&#039;Her\" \/>\n<meta property=\"article:modified_time\" content=\"2024-09-05T13:45:14+00:00\" \/>\n<meta property=\"og:image\" content=\"https:\/\/empow-her.com\/wp-content\/uploads\/2024\/09\/Women-Dare-templates-events-61.png\" \/>\n\t<meta property=\"og:image:width\" content=\"1080\" \/>\n\t<meta property=\"og:image:height\" content=\"1080\" \/>\n\t<meta property=\"og:image:type\" content=\"image\/png\" \/>\n<meta name=\"twitter:card\" content=\"summary_large_image\" \/>\n<meta name=\"twitter:label1\" content=\"Tiempo de lectura\" \/>\n\t<meta name=\"twitter:data1\" content=\"2 minutos\" \/>\n<script type=\"application\/ld+json\" class=\"yoast-schema-graph\">{\"@context\":\"https:\/\/schema.org\",\"@graph\":[{\"@type\":\"WebPage\",\"@id\":\"https:\/\/empow-her.com\/en\/produit\/atelier-financer-le-debut-de-son-projet\/\",\"url\":\"https:\/\/empow-her.com\/en\/produit\/atelier-financer-le-debut-de-son-projet\/\",\"name\":\"Atelier - Financer le d\u00e9but de son projet ! - Empow&#039;Her\",\"isPartOf\":{\"@id\":\"https:\/\/empow-her.com\/#website\"},\"primaryImageOfPage\":{\"@id\":\"https:\/\/empow-her.com\/en\/produit\/atelier-financer-le-debut-de-son-projet\/#primaryimage\"},\"image\":{\"@id\":\"https:\/\/empow-her.com\/en\/produit\/atelier-financer-le-debut-de-son-projet\/#primaryimage\"},\"thumbnailUrl\":\"https:\/\/empow-her.com\/wp-content\/uploads\/2024\/09\/Women-Dare-templates-events-61.png\",\"datePublished\":\"2024-09-05T13:23:58+00:00\",\"dateModified\":\"2024-09-05T13:45:14+00:00\",\"breadcrumb\":{\"@id\":\"https:\/\/empow-her.com\/en\/produit\/atelier-financer-le-debut-de-son-projet\/#breadcrumb\"},\"inLanguage\":\"es\",\"potentialAction\":[{\"@type\":\"ReadAction\",\"target\":[\"https:\/\/empow-her.com\/en\/produit\/atelier-financer-le-debut-de-son-projet\/\"]}]},{\"@type\":\"ImageObject\",\"inLanguage\":\"es\",\"@id\":\"https:\/\/empow-her.com\/en\/produit\/atelier-financer-le-debut-de-son-projet\/#primaryimage\",\"url\":\"https:\/\/empow-her.com\/wp-content\/uploads\/2024\/09\/Women-Dare-templates-events-61.png\",\"contentUrl\":\"https:\/\/empow-her.com\/wp-content\/uploads\/2024\/09\/Women-Dare-templates-events-61.png\",\"width\":1080,\"height\":1080},{\"@type\":\"BreadcrumbList\",\"@id\":\"https:\/\/empow-her.com\/en\/produit\/atelier-financer-le-debut-de-son-projet\/#breadcrumb\",\"itemListElement\":[{\"@type\":\"ListItem\",\"position\":1,\"name\":\"Accueil\",\"item\":\"https:\/\/empow-her.com\/es\/inicio\/\"},{\"@type\":\"ListItem\",\"position\":2,\"name\":\"LA BOUTIQUE\",\"item\":\"https:\/\/empow-her.com\/boutique\/\"},{\"@type\":\"ListItem\",\"position\":3,\"name\":\"Atelier &#8211; Financer le d\u00e9but de son projet !\"}]},{\"@type\":\"WebSite\",\"@id\":\"https:\/\/empow-her.com\/#website\",\"url\":\"https:\/\/empow-her.com\/\",\"name\":\"Empow&#039;Her\",\"description\":\"Women Development\",\"potentialAction\":[{\"@type\":\"SearchAction\",\"target\":{\"@type\":\"EntryPoint\",\"urlTemplate\":\"https:\/\/empow-her.com\/?s={search_term_string}\"},\"query-input\":{\"@type\":\"PropertyValueSpecification\",\"valueRequired\":true,\"valueName\":\"search_term_string\"}}],\"inLanguage\":\"es\"}]}<\/script>\n<!-- \/ Yoast SEO plugin. -->","yoast_head_json":{"title":"Atelier - Financer le d\u00e9but de son projet ! - Empow&#039;Her","robots":{"index":"index","follow":"follow","max-snippet":"max-snippet:-1","max-image-preview":"max-image-preview:large","max-video-preview":"max-video-preview:-1"},"canonical":"https:\/\/empow-her.com\/en\/produit\/atelier-financer-le-debut-de-son-projet\/","og_locale":"es_ES","og_type":"article","og_title":"Atelier - Financer le d\u00e9but de son projet ! - Empow&#039;Her","og_description":"Besoin : Je voudrais savoir quel type de financement je peux aller chercher, \u00e0 quelles portes toquer et comment convaincre les financeurs !   Description : Vous \u00eates \u00e0 la recherche de financement pour aider au d\u00e9marrage de votre entreprise ? Vous souhaitez savoir vers qui vous tourner pour vos demandes de financement ? Ou encore, vous portez un projet \u00e0 impact ou innovant, susceptible d'\u00eatre financ\u00e9 par des acteurs locaux ou des investisseurs ? Lors de cet atelier collectif, d\u00e9couvrez les diff\u00e9rentes sources de financement, et quand \/ comment faire appel \u00e0 celles-ci.  L'objectif : vous familiariser avec l'\u00e9co-syst\u00e8me des financeurs et identifier les solutions de financement adapt\u00e9es \u00e0 la cr\u00e9ation ou au d\u00e9veloppement de votre projet !  Pr\u00e9-requis : Apporter son ordinateur !  Intervenant: Antoine G\u00e9rardin de Finetic Je suis passionn\u00e9 par l'entrepreneuriat et les sujets \u00e0 impact social et environnemental. J'ai travaill\u00e9 dans plusieurs fonds d'investissement \u00e0 impact, ainsi qu'au sein de plusieurs startups engag\u00e9es en croissance. Je poss\u00e8de des comp\u00e9tences dans le financement, la structuration \u00e9conomique et le d\u00e9veloppement de projet entrepreneurial !  Son super pouvoir : Explorer tous les mod\u00e8les \u00e9conomiques possibles !  Son petit mot : Bravo pour cette d\u00e9marche ! D\u00e9sormais le plus important est de rester obs\u00e9d\u00e9e par votre mission et vos clients !  Attention ! Veuillez vous pr\u00e9senter \u00e0 l'heure pour que l'activit\u00e9 puisse commencer \u00e0 temps. Si vous avez du retard veuillez pr\u00e9venir l'intervenant.e. Si vous avez plus de 15 min de retard l'intervenant.e se r\u00e9serve le droit de ne plus vous accepter pour le coaching ou l'atelier.  &nbsp;","og_url":"https:\/\/empow-her.com\/en\/produit\/atelier-financer-le-debut-de-son-projet\/","og_site_name":"Empow&#039;Her","article_modified_time":"2024-09-05T13:45:14+00:00","og_image":[{"width":1080,"height":1080,"url":"https:\/\/empow-her.com\/wp-content\/uploads\/2024\/09\/Women-Dare-templates-events-61.png","type":"image\/png"}],"twitter_card":"summary_large_image","twitter_misc":{"Tiempo de lectura":"2 minutos"},"schema":{"@context":"https:\/\/schema.org","@graph":[{"@type":"WebPage","@id":"https:\/\/empow-her.com\/en\/produit\/atelier-financer-le-debut-de-son-projet\/","url":"https:\/\/empow-her.com\/en\/produit\/atelier-financer-le-debut-de-son-projet\/","name":"Atelier - Financer le d\u00e9but de son projet ! - Empow&#039;Her","isPartOf":{"@id":"https:\/\/empow-her.com\/#website"},"primaryImageOfPage":{"@id":"https:\/\/empow-her.com\/en\/produit\/atelier-financer-le-debut-de-son-projet\/#primaryimage"},"image":{"@id":"https:\/\/empow-her.com\/en\/produit\/atelier-financer-le-debut-de-son-projet\/#primaryimage"},"thumbnailUrl":"https:\/\/empow-her.com\/wp-content\/uploads\/2024\/09\/Women-Dare-templates-events-61.png","datePublished":"2024-09-05T13:23:58+00:00","dateModified":"2024-09-05T13:45:14+00:00","breadcrumb":{"@id":"https:\/\/empow-her.com\/en\/produit\/atelier-financer-le-debut-de-son-projet\/#breadcrumb"},"inLanguage":"es","potentialAction":[{"@type":"ReadAction","target":["https:\/\/empow-her.com\/en\/produit\/atelier-financer-le-debut-de-son-projet\/"]}]},{"@type":"ImageObject","inLanguage":"es","@id":"https:\/\/empow-her.com\/en\/produit\/atelier-financer-le-debut-de-son-projet\/#primaryimage","url":"https:\/\/empow-her.com\/wp-content\/uploads\/2024\/09\/Women-Dare-templates-events-61.png","contentUrl":"https:\/\/empow-her.com\/wp-content\/uploads\/2024\/09\/Women-Dare-templates-events-61.png","width":1080,"height":1080},{"@type":"BreadcrumbList","@id":"https:\/\/empow-her.com\/en\/produit\/atelier-financer-le-debut-de-son-projet\/#breadcrumb","itemListElement":[{"@type":"ListItem","position":1,"name":"Accueil","item":"https:\/\/empow-her.com\/es\/inicio\/"},{"@type":"ListItem","position":2,"name":"LA BOUTIQUE","item":"https:\/\/empow-her.com\/boutique\/"},{"@type":"ListItem","position":3,"name":"Atelier &#8211; Financer le d\u00e9but de son projet !"}]},{"@type":"WebSite","@id":"https:\/\/empow-her.com\/#website","url":"https:\/\/empow-her.com\/","name":"Empow&#039;Her","description":"Women Development","potentialAction":[{"@type":"SearchAction","target":{"@type":"EntryPoint","urlTemplate":"https:\/\/empow-her.com\/?s={search_term_string}"},"query-input":{"@type":"PropertyValueSpecification","valueRequired":true,"valueName":"search_term_string"}}],"inLanguage":"es"}]}},"_links":{"self":[{"href":"https:\/\/empow-her.com\/es\/wp-json\/wp\/v2\/product\/256168","targetHints":{"allow":["GET"]}}],"collection":[{"href":"https:\/\/empow-her.com\/es\/wp-json\/wp\/v2\/product"}],"about":[{"href":"https:\/\/empow-her.com\/es\/wp-json\/wp\/v2\/types\/product"}],"wp:featuredmedia":[{"embeddable":true,"href":"https:\/\/empow-her.com\/es\/wp-json\/wp\/v2\/media\/256174"}],"wp:attachment":[{"href":"https:\/\/empow-her.com\/es\/wp-json\/wp\/v2\/media?parent=256168"}],"wp:term":[{"taxonomy":"product_brand","embeddable":true,"href":"https:\/\/empow-her.com\/es\/wp-json\/wp\/v2\/product_brand?post=256168"},{"taxonomy":"product_cat","embeddable":true,"href":"https:\/\/empow-her.com\/es\/wp-json\/wp\/v2\/product_cat?post=256168"},{"taxonomy":"product_tag","embeddable":true,"href":"https:\/\/empow-her.com\/es\/wp-json\/wp\/v2\/product_tag?post=256168"},{"taxonomy":"lieu","embeddable":true,"href":"https:\/\/empow-her.com\/es\/wp-json\/wp\/v2\/lieu?post=256168"},{"taxonomy":"thematiques","embeddable":true,"href":"https:\/\/empow-her.com\/es\/wp-json\/wp\/v2\/thematiques?post=256168"}],"curies":[{"name":"wp","href":"https:\/\/api.w.org\/{rel}","templated":true}]}}