{"id":253860,"date":"2024-08-12T14:19:02","date_gmt":"2024-08-12T12:19:02","guid":{"rendered":"https:\/\/empow-her.com\/?post_type=product&#038;p=253860"},"modified":"2024-09-19T15:46:43","modified_gmt":"2024-09-19T13:46:43","slug":"atelier-developpement-durable-les-cles-pour-un-projet-respectueux-de-lenvironnement-2","status":"publish","type":"product","link":"https:\/\/empow-her.com\/es\/produit\/atelier-developpement-durable-les-cles-pour-un-projet-respectueux-de-lenvironnement-2\/","title":{"rendered":"Atelier D\u00e9veloppement Durable : Les Cl\u00e9s pour un Projet Respectueux de l&#8217;Environnement"},"content":{"rendered":"<div class=\"c-message_kit__blocks c-message_kit__blocks--rich_text\">\n<div class=\"c-message__message_blocks c-message__message_blocks--rich_text\" data-qa=\"message-text\">\n<div class=\"p-block_kit_renderer\" data-qa=\"block-kit-renderer\">\n<div class=\"p-block_kit_renderer__block_wrapper p-block_kit_renderer__block_wrapper--first\">\n<div class=\"p-rich_text_block\" dir=\"auto\">\n<div class=\"p-rich_text_section\"><b data-stringify-type=\"bold\">Attention, pour participer \u00e0 l&#8217;atelier il faut imp\u00e9rativement disposer d&#8217;un statut juridique\u00a0 !<\/b><\/div>\n<div class=\"p-rich_text_section\"><b data-stringify-type=\"bold\">Exceptionnellement, le parcours Women Dare propose un atelier de sa programmation gratuitement \u00e0 un plus large public d&#8217;entrepreneuses !<\/b><\/div>\n<div><\/div>\n<div class=\"p-rich_text_section\"><b data-stringify-type=\"bold\">Description\u00a0<\/b>: Le d\u00e9veloppement durable devient de plus en plus important pour les entreprises de tous les secteurs d&#8217;activit\u00e9. Les gouvernements et les consommateurs exercent une pression croissante sur les entreprises pour qu&#8217;elles deviennent plus durables et plus respectueuses de l&#8217;environnement dans leurs activit\u00e9s. Des \u00e9tudes sugg\u00e8rent que les pratiques commerciales durables sont non seulement b\u00e9n\u00e9fiques pour les personnes et la plan\u00e8te, mais qu&#8217;elles cr\u00e9ent \u00e9galement une valeur \u00e0 long terme pour les entreprises.<br \/>\nCet atelier a \u00e9t\u00e9 con\u00e7u par l&#8217;\u00e9quipe d&#8217;Empow&#8217;Her, gr\u00e2ce au soutien du r\u00e9seau\u00a0<a class=\"c-link\" href=\"https:\/\/youthbusiness.org\/\" target=\"_blank\" rel=\"noopener noreferrer\" data-stringify-link=\"https:\/\/youthbusiness.org\/\" data-sk=\"tooltip_parent\">Youth Business International<\/a>, afin de venir vous donner des outils pratiques et des m\u00e9thodologies d&#8217;intelligence collective pour introduire la notion de d\u00e9veloppement durable dans la structuration de vos projets.<\/div>\n<div><\/div>\n<div class=\"p-rich_text_section\"><b data-stringify-type=\"bold\">D\u00e9roul\u00e9 :<\/b><\/div>\n<ul class=\"p-rich_text_list p-rich_text_list__bullet\" data-stringify-type=\"unordered-list\" data-indent=\"0\" data-border=\"0\">\n<li data-stringify-indent=\"0\" data-stringify-border=\"0\">Comprendre pourquoi le d\u00e9veloppement durable dans la structuration de projet c\u2019est important<\/li>\n<li data-stringify-indent=\"0\" data-stringify-border=\"0\">Appr\u00e9hender les diff\u00e9rents mod\u00e8les d\u2019entreprise durable<\/li>\n<li data-stringify-indent=\"0\" data-stringify-border=\"0\">Identifier votre vision d\u2019un monde durable<\/li>\n<\/ul>\n<div class=\"p-rich_text_section\"><b data-stringify-type=\"bold\">Pr\u00e9-requis<\/b>\u00a0: Disposer d&#8217;un statut juridique, \u00eatre une femme r\u00e9sidente d&#8217;Ile-de-France !<\/div>\n<div class=\"p-rich_text_section\"><b data-stringify-type=\"bold\">Intervenante : Fiore Poidevin<\/b><br \/>\nJe pilote le programme Women Dare depuis 2 ans, et navigue dans le milieu de l&#8217;Economie Sociale et et Solidaire depuis plus de 5 ans.<\/div>\n<div class=\"p-rich_text_section\"><b data-stringify-type=\"bold\">Son super pouvoir:\u00a0<\/b>Faciliter l&#8217;intelligence collective !<\/div>\n<div class=\"p-rich_text_section\"><b data-stringify-type=\"bold\">Leur petit mot:\u00a0<\/b>Vous \u00eates votre meilleure ressource, ne vous d\u00e9nigrez pas !<\/div>\n<div><\/div>\n<div class=\"p-rich_text_section\"><b data-stringify-type=\"bold\">Pour tout compl\u00e9ment d&#8217;information :\u00a0<\/b><b data-stringify-type=\"bold\"><a class=\"c-link\" href=\"mailto:contact.france@empow-her.com\" target=\"_blank\" rel=\"noopener noreferrer\" data-stringify-link=\"mailto:contact.france@empow-her.com\" data-sk=\"tooltip_parent\" aria-haspopup=\"menu\">contact.france@empow-her.com<\/a><\/b><\/div>\n<div><\/div>\n<div class=\"p-rich_text_section\"><b data-stringify-type=\"bold\">Attention !<\/b> Veuillez vous pr\u00e9senter \u00e0 l&#8217;heure pour que l&#8217;activit\u00e9 puisse commencer \u00e0 temps. Si vous avez plus de 15 min de retard l&#8217;intervenant.e se r\u00e9serve le droit de ne plus vous accepter pour l&#8217;atelier.<\/div>\n<\/div>\n<\/div>\n<\/div>\n<\/div>\n<\/div>\n","protected":false},"excerpt":{"rendered":"<div class=\"p-rich_text_section\"><b data-stringify-type=\"bold\">Attention, pour participer \u00e0 l&#8217;atelier il faut imp\u00e9rativement disposer d&#8217;un statut juridique\u00a0 !<\/b><\/div>\n<div class=\"p-rich_text_section\"><b data-stringify-type=\"bold\">Exceptionnellement, le parcours Women Dare propose un atelier de sa programmation gratuitement \u00e0 un plus large public d&#8217;entrepreneuses !<\/b><\/div>\n<div><\/div>\n<div class=\"p-rich_text_section\"><b data-stringify-type=\"bold\">Description\u00a0<\/b>: Le d\u00e9veloppement durable devient de plus en plus important pour les entreprises de tous les secteurs d&#8217;activit\u00e9. Les gouvernements et les consommateurs exercent une pression croissante sur les entreprises pour qu&#8217;elles deviennent plus durables et plus respectueuses de l&#8217;environnement dans leurs activit\u00e9s. Des \u00e9tudes sugg\u00e8rent que les pratiques commerciales durables sont non seulement b\u00e9n\u00e9fiques pour les personnes et la plan\u00e8te, mais qu&#8217;elles cr\u00e9ent \u00e9galement une valeur \u00e0 long terme pour les entreprises.<br \/>\nCet atelier a \u00e9t\u00e9 con\u00e7u par l&#8217;\u00e9quipe d&#8217;Empow&#8217;Her, gr\u00e2ce au soutien du r\u00e9seau\u00a0<a class=\"c-link\" href=\"https:\/\/youthbusiness.org\/\" target=\"_blank\" rel=\"noopener noreferrer\" data-stringify-link=\"https:\/\/youthbusiness.org\/\" data-sk=\"tooltip_parent\">Youth Business International<\/a>, afin de venir vous donner des outils pratiques et des m\u00e9thodologies d&#8217;intelligence collective pour introduire la notion de d\u00e9veloppement durable dans la structuration de vos projets.<\/div>\n<div><\/div>\n<div class=\"p-rich_text_section\"><b data-stringify-type=\"bold\">D\u00e9roul\u00e9 :<\/b><\/div>\n<ul class=\"p-rich_text_list p-rich_text_list__bullet\" data-stringify-type=\"unordered-list\" data-indent=\"0\" data-border=\"0\">\n<li data-stringify-indent=\"0\" data-stringify-border=\"0\">Comprendre pourquoi le d\u00e9veloppement durable dans la structuration de projet c\u2019est important<\/li>\n<li data-stringify-indent=\"0\" data-stringify-border=\"0\">Appr\u00e9hender les diff\u00e9rents mod\u00e8les d\u2019entreprise durable<\/li>\n<li data-stringify-indent=\"0\" data-stringify-border=\"0\">Identifier votre vision d\u2019un monde durable<\/li>\n<\/ul>\n<div class=\"p-rich_text_section\"><b data-stringify-type=\"bold\">Pr\u00e9-requis<\/b>\u00a0: Disposer d&#8217;un statut juridique, \u00eatre une femme r\u00e9sidente d&#8217;Ile-de-France !<\/div>\n<div class=\"p-rich_text_section\"><b data-stringify-type=\"bold\">Intervenante : Fiore Poidevin<\/b><br \/>\nJe pilote le programme Women Dare depuis 2 ans, et navigue dans le milieu de l&#8217;Economie Sociale et et Solidaire depuis plus de 5 ans.<\/div>\n<div class=\"p-rich_text_section\"><b data-stringify-type=\"bold\">Son super pouvoir:\u00a0<\/b>Faciliter l&#8217;intelligence collective !<\/div>\n<div class=\"p-rich_text_section\"><b data-stringify-type=\"bold\">Leur petit mot:\u00a0<\/b>Vous \u00eates votre meilleure ressource, ne vous d\u00e9nigrez pas !<\/div>\n<div><\/div>\n<div class=\"p-rich_text_section\"><b data-stringify-type=\"bold\">Pour tout compl\u00e9ment d&#8217;information :\u00a0<\/b><b data-stringify-type=\"bold\"><a class=\"c-link\" href=\"mailto:contact.france@empow-her.com\" target=\"_blank\" rel=\"noopener noreferrer\" data-stringify-link=\"mailto:contact.france@empow-her.com\" data-sk=\"tooltip_parent\" aria-haspopup=\"menu\">contact.france@empow-her.com<\/a><\/b><\/div>\n<div><\/div>\n<div class=\"p-rich_text_section\"><b data-stringify-type=\"bold\">Attention !<\/b> Veuillez vous pr\u00e9senter \u00e0 l&#8217;heure pour que l&#8217;activit\u00e9 puisse commencer \u00e0 temps. Si vous avez plus de 15 min de retard l&#8217;intervenant.e se r\u00e9serve le droit de ne plus vous accepter pour l&#8217;atelier.<\/div>\n","protected":false},"featured_media":253876,"template":"","format":"standard","meta":{"_acf_changed":false,"om_disable_all_campaigns":false,"_uf_show_specific_survey":0,"_uf_disable_surveys":false},"product_brand":[],"product_cat":[119],"product_tag":[],"lieu":[127],"thematiques":[],"class_list":{"0":"post-253860","1":"product","2":"type-product","3":"status-publish","4":"format-standard","5":"has-post-thumbnail","7":"product_cat-evenement-sisther","8":"lieu-hub-empowher","10":"first","11":"instock","12":"virtual","13":"purchasable","14":"product-type-appointment"},"exclude_global_add_ons":false,"addons":[{"name":"Nom du projet","type":"custom_text","position":0,"required":true,"title_format":"label","description_enable":false,"description":"","placeholder_enable":false,"placeholder":"","display":"select","restrictions_type":"any_text","adjust_price":false,"price":"","price_type":"flat_fee","restrictions":false,"min":0,"max":0,"options":[],"id":1723472343},{"name":"Statut juridique","type":"multiple_choice","position":1,"required":true,"title_format":"label","description_enable":false,"description":"","placeholder_enable":false,"placeholder":"","display":"radiobutton","restrictions_type":"any_text","adjust_price":false,"price":"","price_type":"flat_fee","restrictions":false,"min":0,"max":0,"options":[{"label":"Oui","price":"","price_type":"flat_fee","image":0},{"label":"Non","price":"","price_type":"flat_fee","image":0}],"id":1723472344}],"acf":[],"yoast_head":"<!-- This site is optimized with the Yoast SEO plugin v24.8 - https:\/\/yoast.com\/wordpress\/plugins\/seo\/ -->\n<title>Atelier D\u00e9veloppement Durable : Les Cl\u00e9s pour un Projet Respectueux de l&#039;Environnement - Empow&#039;Her<\/title>\n<meta name=\"robots\" content=\"index, follow, max-snippet:-1, max-image-preview:large, max-video-preview:-1\" \/>\n<link rel=\"canonical\" href=\"https:\/\/empow-her.com\/en\/produit\/atelier-developpement-durable-les-cles-pour-un-projet-respectueux-de-lenvironnement-2\/\" \/>\n<meta property=\"og:locale\" content=\"es_ES\" \/>\n<meta property=\"og:type\" content=\"article\" \/>\n<meta property=\"og:title\" content=\"Atelier D\u00e9veloppement Durable : Les Cl\u00e9s pour un Projet Respectueux de l&#039;Environnement - Empow&#039;Her\" \/>\n<meta property=\"og:description\" content=\"Attention, pour participer \u00e0 l&#039;atelier il faut imp\u00e9rativement disposer d&#039;un statut juridique\u00a0 ! Exceptionnellement, le parcours Women Dare propose un atelier de sa programmation gratuitement \u00e0 un plus large public d&#039;entrepreneuses !  Description\u00a0: Le d\u00e9veloppement durable devient de plus en plus important pour les entreprises de tous les secteurs d&#039;activit\u00e9. Les gouvernements et les consommateurs exercent une pression croissante sur les entreprises pour qu&#039;elles deviennent plus durables et plus respectueuses de l&#039;environnement dans leurs activit\u00e9s. Des \u00e9tudes sugg\u00e8rent que les pratiques commerciales durables sont non seulement b\u00e9n\u00e9fiques pour les personnes et la plan\u00e8te, mais qu&#039;elles cr\u00e9ent \u00e9galement une valeur \u00e0 long terme pour les entreprises. Cet atelier a \u00e9t\u00e9 con\u00e7u par l&#039;\u00e9quipe d&#039;Empow&#039;Her, gr\u00e2ce au soutien du r\u00e9seau\u00a0Youth Business International, afin de venir vous donner des outils pratiques et des m\u00e9thodologies d&#039;intelligence collective pour introduire la notion de d\u00e9veloppement durable dans la structuration de vos projets.  D\u00e9roul\u00e9 :   Comprendre pourquoi le d\u00e9veloppement durable dans la structuration de projet c\u2019est important  Appr\u00e9hender les diff\u00e9rents mod\u00e8les d\u2019entreprise durable  Identifier votre vision d\u2019un monde durable  Pr\u00e9-requis\u00a0: Disposer d&#039;un statut juridique, \u00eatre une femme r\u00e9sidente d&#039;Ile-de-France ! Intervenante : Fiore Poidevin Je pilote le programme Women Dare depuis 2 ans, et navigue dans le milieu de l&#039;Economie Sociale et et Solidaire depuis plus de 5 ans. Son super pouvoir:\u00a0Faciliter l&#039;intelligence collective ! Leur petit mot:\u00a0Vous \u00eates votre meilleure ressource, ne vous d\u00e9nigrez pas !  Pour tout compl\u00e9ment d&#039;information :\u00a0contact.france@empow-her.com  Attention ! Veuillez vous pr\u00e9senter \u00e0 l&#039;heure pour que l&#039;activit\u00e9 puisse commencer \u00e0 temps. Si vous avez plus de 15 min de retard l&#039;intervenant.e se r\u00e9serve le droit de ne plus vous accepter pour l&#039;atelier.\" \/>\n<meta property=\"og:url\" content=\"https:\/\/empow-her.com\/en\/produit\/atelier-developpement-durable-les-cles-pour-un-projet-respectueux-de-lenvironnement-2\/\" \/>\n<meta property=\"og:site_name\" content=\"Empow&#039;Her\" \/>\n<meta property=\"article:modified_time\" content=\"2024-09-19T13:46:43+00:00\" \/>\n<meta property=\"og:image\" content=\"https:\/\/empow-her.com\/wp-content\/uploads\/2024\/08\/Women-Dare-templates-events-32.png\" \/>\n\t<meta property=\"og:image:width\" content=\"1080\" \/>\n\t<meta property=\"og:image:height\" content=\"1080\" \/>\n\t<meta property=\"og:image:type\" content=\"image\/png\" \/>\n<meta name=\"twitter:card\" content=\"summary_large_image\" \/>\n<meta name=\"twitter:label1\" content=\"Tiempo de lectura\" \/>\n\t<meta name=\"twitter:data1\" content=\"2 minutos\" \/>\n<script type=\"application\/ld+json\" class=\"yoast-schema-graph\">{\"@context\":\"https:\/\/schema.org\",\"@graph\":[{\"@type\":\"WebPage\",\"@id\":\"https:\/\/empow-her.com\/en\/produit\/atelier-developpement-durable-les-cles-pour-un-projet-respectueux-de-lenvironnement-2\/\",\"url\":\"https:\/\/empow-her.com\/en\/produit\/atelier-developpement-durable-les-cles-pour-un-projet-respectueux-de-lenvironnement-2\/\",\"name\":\"Atelier D\u00e9veloppement Durable : Les Cl\u00e9s pour un Projet Respectueux de l'Environnement - Empow&#039;Her\",\"isPartOf\":{\"@id\":\"https:\/\/empow-her.com\/#website\"},\"primaryImageOfPage\":{\"@id\":\"https:\/\/empow-her.com\/en\/produit\/atelier-developpement-durable-les-cles-pour-un-projet-respectueux-de-lenvironnement-2\/#primaryimage\"},\"image\":{\"@id\":\"https:\/\/empow-her.com\/en\/produit\/atelier-developpement-durable-les-cles-pour-un-projet-respectueux-de-lenvironnement-2\/#primaryimage\"},\"thumbnailUrl\":\"https:\/\/empow-her.com\/wp-content\/uploads\/2024\/08\/Women-Dare-templates-events-32.png\",\"datePublished\":\"2024-08-12T12:19:02+00:00\",\"dateModified\":\"2024-09-19T13:46:43+00:00\",\"breadcrumb\":{\"@id\":\"https:\/\/empow-her.com\/en\/produit\/atelier-developpement-durable-les-cles-pour-un-projet-respectueux-de-lenvironnement-2\/#breadcrumb\"},\"inLanguage\":\"es\",\"potentialAction\":[{\"@type\":\"ReadAction\",\"target\":[\"https:\/\/empow-her.com\/en\/produit\/atelier-developpement-durable-les-cles-pour-un-projet-respectueux-de-lenvironnement-2\/\"]}]},{\"@type\":\"ImageObject\",\"inLanguage\":\"es\",\"@id\":\"https:\/\/empow-her.com\/en\/produit\/atelier-developpement-durable-les-cles-pour-un-projet-respectueux-de-lenvironnement-2\/#primaryimage\",\"url\":\"https:\/\/empow-her.com\/wp-content\/uploads\/2024\/08\/Women-Dare-templates-events-32.png\",\"contentUrl\":\"https:\/\/empow-her.com\/wp-content\/uploads\/2024\/08\/Women-Dare-templates-events-32.png\",\"width\":1080,\"height\":1080},{\"@type\":\"BreadcrumbList\",\"@id\":\"https:\/\/empow-her.com\/en\/produit\/atelier-developpement-durable-les-cles-pour-un-projet-respectueux-de-lenvironnement-2\/#breadcrumb\",\"itemListElement\":[{\"@type\":\"ListItem\",\"position\":1,\"name\":\"Accueil\",\"item\":\"https:\/\/empow-her.com\/es\/inicio\/\"},{\"@type\":\"ListItem\",\"position\":2,\"name\":\"LA BOUTIQUE\",\"item\":\"https:\/\/empow-her.com\/boutique\/\"},{\"@type\":\"ListItem\",\"position\":3,\"name\":\"Atelier D\u00e9veloppement Durable : Les Cl\u00e9s pour un Projet Respectueux de l&#8217;Environnement\"}]},{\"@type\":\"WebSite\",\"@id\":\"https:\/\/empow-her.com\/#website\",\"url\":\"https:\/\/empow-her.com\/\",\"name\":\"Empow&#039;Her\",\"description\":\"Women Development\",\"potentialAction\":[{\"@type\":\"SearchAction\",\"target\":{\"@type\":\"EntryPoint\",\"urlTemplate\":\"https:\/\/empow-her.com\/?s={search_term_string}\"},\"query-input\":{\"@type\":\"PropertyValueSpecification\",\"valueRequired\":true,\"valueName\":\"search_term_string\"}}],\"inLanguage\":\"es\"}]}<\/script>\n<!-- \/ Yoast SEO plugin. -->","yoast_head_json":{"title":"Atelier D\u00e9veloppement Durable : Les Cl\u00e9s pour un Projet Respectueux de l'Environnement - Empow&#039;Her","robots":{"index":"index","follow":"follow","max-snippet":"max-snippet:-1","max-image-preview":"max-image-preview:large","max-video-preview":"max-video-preview:-1"},"canonical":"https:\/\/empow-her.com\/en\/produit\/atelier-developpement-durable-les-cles-pour-un-projet-respectueux-de-lenvironnement-2\/","og_locale":"es_ES","og_type":"article","og_title":"Atelier D\u00e9veloppement Durable : Les Cl\u00e9s pour un Projet Respectueux de l'Environnement - Empow&#039;Her","og_description":"Attention, pour participer \u00e0 l'atelier il faut imp\u00e9rativement disposer d'un statut juridique\u00a0 ! Exceptionnellement, le parcours Women Dare propose un atelier de sa programmation gratuitement \u00e0 un plus large public d'entrepreneuses !  Description\u00a0: Le d\u00e9veloppement durable devient de plus en plus important pour les entreprises de tous les secteurs d'activit\u00e9. Les gouvernements et les consommateurs exercent une pression croissante sur les entreprises pour qu'elles deviennent plus durables et plus respectueuses de l'environnement dans leurs activit\u00e9s. Des \u00e9tudes sugg\u00e8rent que les pratiques commerciales durables sont non seulement b\u00e9n\u00e9fiques pour les personnes et la plan\u00e8te, mais qu'elles cr\u00e9ent \u00e9galement une valeur \u00e0 long terme pour les entreprises. Cet atelier a \u00e9t\u00e9 con\u00e7u par l'\u00e9quipe d'Empow'Her, gr\u00e2ce au soutien du r\u00e9seau\u00a0Youth Business International, afin de venir vous donner des outils pratiques et des m\u00e9thodologies d'intelligence collective pour introduire la notion de d\u00e9veloppement durable dans la structuration de vos projets.  D\u00e9roul\u00e9 :   Comprendre pourquoi le d\u00e9veloppement durable dans la structuration de projet c\u2019est important  Appr\u00e9hender les diff\u00e9rents mod\u00e8les d\u2019entreprise durable  Identifier votre vision d\u2019un monde durable  Pr\u00e9-requis\u00a0: Disposer d'un statut juridique, \u00eatre une femme r\u00e9sidente d'Ile-de-France ! Intervenante : Fiore Poidevin Je pilote le programme Women Dare depuis 2 ans, et navigue dans le milieu de l'Economie Sociale et et Solidaire depuis plus de 5 ans. Son super pouvoir:\u00a0Faciliter l'intelligence collective ! Leur petit mot:\u00a0Vous \u00eates votre meilleure ressource, ne vous d\u00e9nigrez pas !  Pour tout compl\u00e9ment d'information :\u00a0contact.france@empow-her.com  Attention ! Veuillez vous pr\u00e9senter \u00e0 l'heure pour que l'activit\u00e9 puisse commencer \u00e0 temps. Si vous avez plus de 15 min de retard l'intervenant.e se r\u00e9serve le droit de ne plus vous accepter pour l'atelier.","og_url":"https:\/\/empow-her.com\/en\/produit\/atelier-developpement-durable-les-cles-pour-un-projet-respectueux-de-lenvironnement-2\/","og_site_name":"Empow&#039;Her","article_modified_time":"2024-09-19T13:46:43+00:00","og_image":[{"width":1080,"height":1080,"url":"https:\/\/empow-her.com\/wp-content\/uploads\/2024\/08\/Women-Dare-templates-events-32.png","type":"image\/png"}],"twitter_card":"summary_large_image","twitter_misc":{"Tiempo de lectura":"2 minutos"},"schema":{"@context":"https:\/\/schema.org","@graph":[{"@type":"WebPage","@id":"https:\/\/empow-her.com\/en\/produit\/atelier-developpement-durable-les-cles-pour-un-projet-respectueux-de-lenvironnement-2\/","url":"https:\/\/empow-her.com\/en\/produit\/atelier-developpement-durable-les-cles-pour-un-projet-respectueux-de-lenvironnement-2\/","name":"Atelier D\u00e9veloppement Durable : Les Cl\u00e9s pour un Projet Respectueux de l'Environnement - Empow&#039;Her","isPartOf":{"@id":"https:\/\/empow-her.com\/#website"},"primaryImageOfPage":{"@id":"https:\/\/empow-her.com\/en\/produit\/atelier-developpement-durable-les-cles-pour-un-projet-respectueux-de-lenvironnement-2\/#primaryimage"},"image":{"@id":"https:\/\/empow-her.com\/en\/produit\/atelier-developpement-durable-les-cles-pour-un-projet-respectueux-de-lenvironnement-2\/#primaryimage"},"thumbnailUrl":"https:\/\/empow-her.com\/wp-content\/uploads\/2024\/08\/Women-Dare-templates-events-32.png","datePublished":"2024-08-12T12:19:02+00:00","dateModified":"2024-09-19T13:46:43+00:00","breadcrumb":{"@id":"https:\/\/empow-her.com\/en\/produit\/atelier-developpement-durable-les-cles-pour-un-projet-respectueux-de-lenvironnement-2\/#breadcrumb"},"inLanguage":"es","potentialAction":[{"@type":"ReadAction","target":["https:\/\/empow-her.com\/en\/produit\/atelier-developpement-durable-les-cles-pour-un-projet-respectueux-de-lenvironnement-2\/"]}]},{"@type":"ImageObject","inLanguage":"es","@id":"https:\/\/empow-her.com\/en\/produit\/atelier-developpement-durable-les-cles-pour-un-projet-respectueux-de-lenvironnement-2\/#primaryimage","url":"https:\/\/empow-her.com\/wp-content\/uploads\/2024\/08\/Women-Dare-templates-events-32.png","contentUrl":"https:\/\/empow-her.com\/wp-content\/uploads\/2024\/08\/Women-Dare-templates-events-32.png","width":1080,"height":1080},{"@type":"BreadcrumbList","@id":"https:\/\/empow-her.com\/en\/produit\/atelier-developpement-durable-les-cles-pour-un-projet-respectueux-de-lenvironnement-2\/#breadcrumb","itemListElement":[{"@type":"ListItem","position":1,"name":"Accueil","item":"https:\/\/empow-her.com\/es\/inicio\/"},{"@type":"ListItem","position":2,"name":"LA BOUTIQUE","item":"https:\/\/empow-her.com\/boutique\/"},{"@type":"ListItem","position":3,"name":"Atelier D\u00e9veloppement Durable : Les Cl\u00e9s pour un Projet Respectueux de l&#8217;Environnement"}]},{"@type":"WebSite","@id":"https:\/\/empow-her.com\/#website","url":"https:\/\/empow-her.com\/","name":"Empow&#039;Her","description":"Women Development","potentialAction":[{"@type":"SearchAction","target":{"@type":"EntryPoint","urlTemplate":"https:\/\/empow-her.com\/?s={search_term_string}"},"query-input":{"@type":"PropertyValueSpecification","valueRequired":true,"valueName":"search_term_string"}}],"inLanguage":"es"}]}},"_links":{"self":[{"href":"https:\/\/empow-her.com\/es\/wp-json\/wp\/v2\/product\/253860","targetHints":{"allow":["GET"]}}],"collection":[{"href":"https:\/\/empow-her.com\/es\/wp-json\/wp\/v2\/product"}],"about":[{"href":"https:\/\/empow-her.com\/es\/wp-json\/wp\/v2\/types\/product"}],"wp:featuredmedia":[{"embeddable":true,"href":"https:\/\/empow-her.com\/es\/wp-json\/wp\/v2\/media\/253876"}],"wp:attachment":[{"href":"https:\/\/empow-her.com\/es\/wp-json\/wp\/v2\/media?parent=253860"}],"wp:term":[{"taxonomy":"product_brand","embeddable":true,"href":"https:\/\/empow-her.com\/es\/wp-json\/wp\/v2\/product_brand?post=253860"},{"taxonomy":"product_cat","embeddable":true,"href":"https:\/\/empow-her.com\/es\/wp-json\/wp\/v2\/product_cat?post=253860"},{"taxonomy":"product_tag","embeddable":true,"href":"https:\/\/empow-her.com\/es\/wp-json\/wp\/v2\/product_tag?post=253860"},{"taxonomy":"lieu","embeddable":true,"href":"https:\/\/empow-her.com\/es\/wp-json\/wp\/v2\/lieu?post=253860"},{"taxonomy":"thematiques","embeddable":true,"href":"https:\/\/empow-her.com\/es\/wp-json\/wp\/v2\/thematiques?post=253860"}],"curies":[{"name":"wp","href":"https:\/\/api.w.org\/{rel}","templated":true}]}}