{"id":252972,"date":"2024-07-26T16:34:38","date_gmt":"2024-07-26T14:34:38","guid":{"rendered":"https:\/\/empow-her.com\/?post_type=product&#038;p=252972"},"modified":"2024-07-29T09:43:37","modified_gmt":"2024-07-29T07:43:37","slug":"atelier-faire-son-etude-de-marche-2","status":"publish","type":"product","link":"https:\/\/empow-her.com\/es\/produit\/atelier-faire-son-etude-de-marche-2\/","title":{"rendered":"Atelier &#8211; Faire son \u00e9tude de march\u00e9"},"content":{"rendered":"<p><strong>Description<\/strong> :<br \/>\nObjectif : Comprendre de mani\u00e8re affin\u00e9e le contexte dans lequel s\u2019ins\u00e8re son projet (concurrence, cibles, soci\u00e9t\u00e9, tendances, etc.) pour affiner son pitch.<\/p>\n<p><strong>Besoins: <\/strong>Vous avez une id\u00e9e brillante mais souhaitez la rendre d\u00e9sirable dans un march\u00e9 concurrentiel ? Lors de cet atelier, d\u00e9couvrez comment une \u00e9tude de march\u00e9 solide peut propulser votre projet en le diff\u00e9renciant de celui de vos concurrents !<br \/>\n&#x1f50d; Comprendre le contexte: Plongez dans l&#8217;univers de votre projet en analysant la concurrence, en cernant votre public, et en capturant les tendances du march\u00e9.<br \/>\n&#x1f4ca; Formaliser un plan d\u2019\u00e9tude: Apprenez \u00e0 d\u00e9finir un protocole d&#8217;\u00e9tude de march\u00e9 solide avec des hypoth\u00e8ses \u00e0 valider\/invalider pour mesurer plus finement l\u2019\u00e9volution de votre projet.<br \/>\n&#x1f310; Analyse : Approfondissez votre march\u00e9 \u00e0 partir de sources fiables, d\u00e9cryptez les tendances li\u00e9es \u00e0 votre secteur et utilisez-les pour affiner votre proposition de valeur.<br \/>\n&#x1f93c; Concurrence: Identifiez vos principaux concurrents, mettez en lumi\u00e8re vos avantages concurrentiels potentiels pour vous diff\u00e9rencier sur votre march\u00e9.<br \/>\n&#x1f50d;&#x1f6e0;&#xfe0f; SWOT: Utilisez l&#8217;analyse SWOT pour d\u00e9couvrir les forces, faiblesses, opportunit\u00e9s et menaces de pour votre projet entrepreneurial.<br \/>\n&#x1f4dd; Questionnaires: Apprenez \u00e0 \u00e9laborer un questionnaire quantitatif simple et efficace pour tester la d\u00e9sirabilit\u00e9 de votre proposition commerciale.<br \/>\n&#x1f3af; R\u00e9sultats : Chaque participante sortira de cet atelier avec la capacit\u00e9 de cr\u00e9er un plan d&#8217;\u00e9tude de march\u00e9, et arm\u00e9e des outils n\u00e9cessaires pour transformer les donn\u00e9es en action.<\/p>\n<p><strong>Pr\u00e9-requis<\/strong> : Avoir une ou plusieurs id\u00e9es \u00e0 explorer<\/p>\n<p><strong>Intervenant.e.s : Claire Becu<\/strong><\/p>\n<p>Claire a un parcours hybride entre entrepreneuriat, conseil en strat\u00e9gie et business d\u00e9veloppement. Elle pr\u00e9f\u00e8re les projets tourn\u00e9s vers l\u2019action et accompagne aujourd\u2019hui des start-ups et leurs porteur\u00b7euse\u00b7s de projets dans leur strat\u00e9gie de lancement et de croissance : positionnement concurrentiel, mod\u00e8le \u00e9conomique, strat\u00e9gie de pricing, premier produit, premier client, etc.<\/p>\n<p><strong>Son super pouvoir<\/strong> : Identifier rapidement les enjeux business et op\u00e9rationnels d&#8217;un projet<\/p>\n<p><strong>Son petit mot<\/strong> : Ne passez pas trop de temps \u00e0 pr\u00e9parer votre projet. Le business plan est important, mais rien ne remplace l\u2019exp\u00e9rience du terrain. Faites-vous confiance : rencontrez votre march\u00e9, prototypez, trompez vous ! C&#8217;est l&#8217;action qui vous permettra d&#8217;am\u00e9liorer votre produit ou votre service.<\/p>\n<p><strong> Lieu<\/strong> : Sist&#8217;Her Paris, 82 rue du Faubourg Saint-Martin<\/p>\n<p><strong>Attention !<\/strong> Veuillez vous pr\u00e9senter \u00e0 l&#8217;heure pour que l&#8217;activit\u00e9 puisse commencer \u00e0 temps. Si vous avez du retard veuillez pr\u00e9venir l&#8217;intervenant.e. Si vous avez plus de 15 min de retard l&#8217;intervenant.e se r\u00e9serve le droit de ne plus vous accepter pour le coaching ou l&#8217;atelier.<\/p>\n","protected":false},"excerpt":{"rendered":"<p><strong>Description<\/strong> :<br \/>\nObjectif : Comprendre de mani\u00e8re affin\u00e9e le contexte dans lequel s\u2019ins\u00e8re son projet (concurrence, cibles, soci\u00e9t\u00e9, tendances, etc.) pour affiner son pitch.<\/p>\n<p><strong>Besoins: <\/strong>Vous avez une id\u00e9e brillante mais souhaitez la rendre d\u00e9sirable dans un march\u00e9 concurrentiel ? Lors de cet atelier, d\u00e9couvrez comment une \u00e9tude de march\u00e9 solide peut propulser votre projet en le diff\u00e9renciant de celui de vos concurrents !<br \/>\n&#x1f50d; Comprendre le contexte: Plongez dans l&#8217;univers de votre projet en analysant la concurrence, en cernant votre public, et en capturant les tendances du march\u00e9.<br \/>\n&#x1f4ca; Formaliser un plan d\u2019\u00e9tude: Apprenez \u00e0 d\u00e9finir un protocole d&#8217;\u00e9tude de march\u00e9 solide avec des hypoth\u00e8ses \u00e0 valider\/invalider pour mesurer plus finement l\u2019\u00e9volution de votre projet.<br \/>\n&#x1f310; Analyse : Approfondissez votre march\u00e9 \u00e0 partir de sources fiables, d\u00e9cryptez les tendances li\u00e9es \u00e0 votre secteur et utilisez-les pour affiner votre proposition de valeur.<br \/>\n&#x1f93c; Concurrence: Identifiez vos principaux concurrents, mettez en lumi\u00e8re vos avantages concurrentiels potentiels pour vous diff\u00e9rencier sur votre march\u00e9.<br \/>\n&#x1f50d;&#x1f6e0;&#xfe0f; SWOT: Utilisez l&#8217;analyse SWOT pour d\u00e9couvrir les forces, faiblesses, opportunit\u00e9s et menaces de pour votre projet entrepreneurial.<br \/>\n&#x1f4dd; Questionnaires: Apprenez \u00e0 \u00e9laborer un questionnaire quantitatif simple et efficace pour tester la d\u00e9sirabilit\u00e9 de votre proposition commerciale.<br \/>\n&#x1f3af; R\u00e9sultats : Chaque participante sortira de cet atelier avec la capacit\u00e9 de cr\u00e9er un plan d&#8217;\u00e9tude de march\u00e9, et arm\u00e9e des outils n\u00e9cessaires pour transformer les donn\u00e9es en action.<\/p>\n<p><strong>Pr\u00e9-requis<\/strong> : Avoir une ou plusieurs id\u00e9es \u00e0 explorer<\/p>\n<p><strong>Intervenant.e.s : Claire Becu<\/strong><\/p>\n<p>Claire a un parcours hybride entre entrepreneuriat, conseil en strat\u00e9gie et business d\u00e9veloppement. Elle pr\u00e9f\u00e8re les projets tourn\u00e9s vers l\u2019action et accompagne aujourd\u2019hui des start-ups et leurs porteur\u00b7euse\u00b7s de projets dans leur strat\u00e9gie de lancement et de croissance : positionnement concurrentiel, mod\u00e8le \u00e9conomique, strat\u00e9gie de pricing, premier produit, premier client, etc.<\/p>\n<p><strong>Son super pouvoir<\/strong> : Identifier rapidement les enjeux business et op\u00e9rationnels d&#8217;un projet<\/p>\n<p><strong>Son petit mot<\/strong> : Ne passez pas trop de temps \u00e0 pr\u00e9parer votre projet. Le business plan est important, mais rien ne remplace l\u2019exp\u00e9rience du terrain. Faites-vous confiance : rencontrez votre march\u00e9, prototypez, trompez vous ! C&#8217;est l&#8217;action qui vous permettra d&#8217;am\u00e9liorer votre produit ou votre service.<\/p>\n<p><strong> Lieu<\/strong> : Sist&#8217;Her Paris, 82 rue du Faubourg Saint-Martin<\/p>\n<p><strong>Attention !<\/strong> Veuillez vous pr\u00e9senter \u00e0 l&#8217;heure pour que l&#8217;activit\u00e9 puisse commencer \u00e0 temps. Si vous avez du retard veuillez pr\u00e9venir l&#8217;intervenant.e. Si vous avez plus de 15 min de retard l&#8217;intervenant.e se r\u00e9serve le droit de ne plus vous accepter pour le coaching ou l&#8217;atelier.<\/p>\n","protected":false},"featured_media":252967,"template":"","format":"standard","meta":{"_acf_changed":false,"om_disable_all_campaigns":false,"_uf_show_specific_survey":0,"_uf_disable_surveys":false},"product_brand":[],"product_cat":[118],"product_tag":[],"lieu":[127],"thematiques":[],"class_list":{"0":"post-252972","1":"product","2":"type-product","3":"status-publish","4":"format-standard","5":"has-post-thumbnail","7":"product_cat-atelier-collectif","8":"lieu-hub-empowher","10":"first","11":"instock","12":"virtual","13":"purchasable","14":"product-type-appointment"},"exclude_global_add_ons":[],"addons":[],"acf":[],"yoast_head":"<!-- This site is optimized with the Yoast SEO plugin v24.8 - https:\/\/yoast.com\/wordpress\/plugins\/seo\/ -->\n<title>Atelier - Faire son \u00e9tude de march\u00e9 - Empow&#039;Her<\/title>\n<meta name=\"robots\" content=\"index, follow, max-snippet:-1, max-image-preview:large, max-video-preview:-1\" \/>\n<link rel=\"canonical\" href=\"https:\/\/empow-her.com\/en\/produit\/atelier-faire-son-etude-de-marche-2\/\" \/>\n<meta property=\"og:locale\" content=\"es_ES\" \/>\n<meta property=\"og:type\" content=\"article\" \/>\n<meta property=\"og:title\" content=\"Atelier - Faire son \u00e9tude de march\u00e9 - Empow&#039;Her\" \/>\n<meta property=\"og:description\" content=\"Description : Objectif : Comprendre de mani\u00e8re affin\u00e9e le contexte dans lequel s\u2019ins\u00e8re son projet (concurrence, cibles, soci\u00e9t\u00e9, tendances, etc.) pour affiner son pitch.  Besoins: Vous avez une id\u00e9e brillante mais souhaitez la rendre d\u00e9sirable dans un march\u00e9 concurrentiel ? Lors de cet atelier, d\u00e9couvrez comment une \u00e9tude de march\u00e9 solide peut propulser votre projet en le diff\u00e9renciant de celui de vos concurrents ! &#x1f50d; Comprendre le contexte: Plongez dans l&#039;univers de votre projet en analysant la concurrence, en cernant votre public, et en capturant les tendances du march\u00e9. &#x1f4ca; Formaliser un plan d\u2019\u00e9tude: Apprenez \u00e0 d\u00e9finir un protocole d&#039;\u00e9tude de march\u00e9 solide avec des hypoth\u00e8ses \u00e0 valider\/invalider pour mesurer plus finement l\u2019\u00e9volution de votre projet. &#x1f310; Analyse : Approfondissez votre march\u00e9 \u00e0 partir de sources fiables, d\u00e9cryptez les tendances li\u00e9es \u00e0 votre secteur et utilisez-les pour affiner votre proposition de valeur. &#x1f93c; Concurrence: Identifiez vos principaux concurrents, mettez en lumi\u00e8re vos avantages concurrentiels potentiels pour vous diff\u00e9rencier sur votre march\u00e9. &#x1f50d;&#x1f6e0;&#xfe0f; SWOT: Utilisez l&#039;analyse SWOT pour d\u00e9couvrir les forces, faiblesses, opportunit\u00e9s et menaces de pour votre projet entrepreneurial. &#x1f4dd; Questionnaires: Apprenez \u00e0 \u00e9laborer un questionnaire quantitatif simple et efficace pour tester la d\u00e9sirabilit\u00e9 de votre proposition commerciale. &#x1f3af; R\u00e9sultats : Chaque participante sortira de cet atelier avec la capacit\u00e9 de cr\u00e9er un plan d&#039;\u00e9tude de march\u00e9, et arm\u00e9e des outils n\u00e9cessaires pour transformer les donn\u00e9es en action.  Pr\u00e9-requis : Avoir une ou plusieurs id\u00e9es \u00e0 explorer  Intervenant.e.s : Claire Becu  Claire a un parcours hybride entre entrepreneuriat, conseil en strat\u00e9gie et business d\u00e9veloppement. Elle pr\u00e9f\u00e8re les projets tourn\u00e9s vers l\u2019action et accompagne aujourd\u2019hui des start-ups et leurs porteur\u00b7euse\u00b7s de projets dans leur strat\u00e9gie de lancement et de croissance : positionnement concurrentiel, mod\u00e8le \u00e9conomique, strat\u00e9gie de pricing, premier produit, premier client, etc.  Son super pouvoir : Identifier rapidement les enjeux business et op\u00e9rationnels d&#039;un projet  Son petit mot : Ne passez pas trop de temps \u00e0 pr\u00e9parer votre projet. Le business plan est important, mais rien ne remplace l\u2019exp\u00e9rience du terrain. Faites-vous confiance : rencontrez votre march\u00e9, prototypez, trompez vous ! C&#039;est l&#039;action qui vous permettra d&#039;am\u00e9liorer votre produit ou votre service.   Lieu : Sist&#039;Her Paris, 82 rue du Faubourg Saint-Martin  Attention ! Veuillez vous pr\u00e9senter \u00e0 l&#039;heure pour que l&#039;activit\u00e9 puisse commencer \u00e0 temps. Si vous avez du retard veuillez pr\u00e9venir l&#039;intervenant.e. Si vous avez plus de 15 min de retard l&#039;intervenant.e se r\u00e9serve le droit de ne plus vous accepter pour le coaching ou l&#039;atelier.\" \/>\n<meta property=\"og:url\" content=\"https:\/\/empow-her.com\/en\/produit\/atelier-faire-son-etude-de-marche-2\/\" \/>\n<meta property=\"og:site_name\" content=\"Empow&#039;Her\" \/>\n<meta property=\"article:modified_time\" content=\"2024-07-29T07:43:37+00:00\" \/>\n<meta property=\"og:image\" content=\"https:\/\/empow-her.com\/wp-content\/uploads\/2024\/03\/Women-Dare-templates-events-31-1.png\" \/>\n\t<meta property=\"og:image:width\" content=\"1080\" \/>\n\t<meta property=\"og:image:height\" content=\"1080\" \/>\n\t<meta property=\"og:image:type\" content=\"image\/png\" \/>\n<meta name=\"twitter:card\" content=\"summary_large_image\" \/>\n<meta name=\"twitter:label1\" content=\"Tiempo de lectura\" \/>\n\t<meta name=\"twitter:data1\" content=\"3 minutos\" \/>\n<script type=\"application\/ld+json\" class=\"yoast-schema-graph\">{\"@context\":\"https:\/\/schema.org\",\"@graph\":[{\"@type\":\"WebPage\",\"@id\":\"https:\/\/empow-her.com\/en\/produit\/atelier-faire-son-etude-de-marche-2\/\",\"url\":\"https:\/\/empow-her.com\/en\/produit\/atelier-faire-son-etude-de-marche-2\/\",\"name\":\"Atelier - Faire son \u00e9tude de march\u00e9 - Empow&#039;Her\",\"isPartOf\":{\"@id\":\"https:\/\/empow-her.com\/#website\"},\"primaryImageOfPage\":{\"@id\":\"https:\/\/empow-her.com\/en\/produit\/atelier-faire-son-etude-de-marche-2\/#primaryimage\"},\"image\":{\"@id\":\"https:\/\/empow-her.com\/en\/produit\/atelier-faire-son-etude-de-marche-2\/#primaryimage\"},\"thumbnailUrl\":\"https:\/\/empow-her.com\/wp-content\/uploads\/2024\/03\/Women-Dare-templates-events-31-1.png\",\"datePublished\":\"2024-07-26T14:34:38+00:00\",\"dateModified\":\"2024-07-29T07:43:37+00:00\",\"breadcrumb\":{\"@id\":\"https:\/\/empow-her.com\/en\/produit\/atelier-faire-son-etude-de-marche-2\/#breadcrumb\"},\"inLanguage\":\"es\",\"potentialAction\":[{\"@type\":\"ReadAction\",\"target\":[\"https:\/\/empow-her.com\/en\/produit\/atelier-faire-son-etude-de-marche-2\/\"]}]},{\"@type\":\"ImageObject\",\"inLanguage\":\"es\",\"@id\":\"https:\/\/empow-her.com\/en\/produit\/atelier-faire-son-etude-de-marche-2\/#primaryimage\",\"url\":\"https:\/\/empow-her.com\/wp-content\/uploads\/2024\/03\/Women-Dare-templates-events-31-1.png\",\"contentUrl\":\"https:\/\/empow-her.com\/wp-content\/uploads\/2024\/03\/Women-Dare-templates-events-31-1.png\",\"width\":1080,\"height\":1080},{\"@type\":\"BreadcrumbList\",\"@id\":\"https:\/\/empow-her.com\/en\/produit\/atelier-faire-son-etude-de-marche-2\/#breadcrumb\",\"itemListElement\":[{\"@type\":\"ListItem\",\"position\":1,\"name\":\"Accueil\",\"item\":\"https:\/\/empow-her.com\/es\/inicio\/\"},{\"@type\":\"ListItem\",\"position\":2,\"name\":\"LA BOUTIQUE\",\"item\":\"https:\/\/empow-her.com\/boutique\/\"},{\"@type\":\"ListItem\",\"position\":3,\"name\":\"Atelier &#8211; Faire son \u00e9tude de march\u00e9\"}]},{\"@type\":\"WebSite\",\"@id\":\"https:\/\/empow-her.com\/#website\",\"url\":\"https:\/\/empow-her.com\/\",\"name\":\"Empow&#039;Her\",\"description\":\"Women Development\",\"potentialAction\":[{\"@type\":\"SearchAction\",\"target\":{\"@type\":\"EntryPoint\",\"urlTemplate\":\"https:\/\/empow-her.com\/?s={search_term_string}\"},\"query-input\":{\"@type\":\"PropertyValueSpecification\",\"valueRequired\":true,\"valueName\":\"search_term_string\"}}],\"inLanguage\":\"es\"}]}<\/script>\n<!-- \/ Yoast SEO plugin. -->","yoast_head_json":{"title":"Atelier - Faire son \u00e9tude de march\u00e9 - Empow&#039;Her","robots":{"index":"index","follow":"follow","max-snippet":"max-snippet:-1","max-image-preview":"max-image-preview:large","max-video-preview":"max-video-preview:-1"},"canonical":"https:\/\/empow-her.com\/en\/produit\/atelier-faire-son-etude-de-marche-2\/","og_locale":"es_ES","og_type":"article","og_title":"Atelier - Faire son \u00e9tude de march\u00e9 - Empow&#039;Her","og_description":"Description : Objectif : Comprendre de mani\u00e8re affin\u00e9e le contexte dans lequel s\u2019ins\u00e8re son projet (concurrence, cibles, soci\u00e9t\u00e9, tendances, etc.) pour affiner son pitch.  Besoins: Vous avez une id\u00e9e brillante mais souhaitez la rendre d\u00e9sirable dans un march\u00e9 concurrentiel ? Lors de cet atelier, d\u00e9couvrez comment une \u00e9tude de march\u00e9 solide peut propulser votre projet en le diff\u00e9renciant de celui de vos concurrents ! &#x1f50d; Comprendre le contexte: Plongez dans l'univers de votre projet en analysant la concurrence, en cernant votre public, et en capturant les tendances du march\u00e9. &#x1f4ca; Formaliser un plan d\u2019\u00e9tude: Apprenez \u00e0 d\u00e9finir un protocole d'\u00e9tude de march\u00e9 solide avec des hypoth\u00e8ses \u00e0 valider\/invalider pour mesurer plus finement l\u2019\u00e9volution de votre projet. &#x1f310; Analyse : Approfondissez votre march\u00e9 \u00e0 partir de sources fiables, d\u00e9cryptez les tendances li\u00e9es \u00e0 votre secteur et utilisez-les pour affiner votre proposition de valeur. &#x1f93c; Concurrence: Identifiez vos principaux concurrents, mettez en lumi\u00e8re vos avantages concurrentiels potentiels pour vous diff\u00e9rencier sur votre march\u00e9. &#x1f50d;&#x1f6e0;&#xfe0f; SWOT: Utilisez l'analyse SWOT pour d\u00e9couvrir les forces, faiblesses, opportunit\u00e9s et menaces de pour votre projet entrepreneurial. &#x1f4dd; Questionnaires: Apprenez \u00e0 \u00e9laborer un questionnaire quantitatif simple et efficace pour tester la d\u00e9sirabilit\u00e9 de votre proposition commerciale. &#x1f3af; R\u00e9sultats : Chaque participante sortira de cet atelier avec la capacit\u00e9 de cr\u00e9er un plan d'\u00e9tude de march\u00e9, et arm\u00e9e des outils n\u00e9cessaires pour transformer les donn\u00e9es en action.  Pr\u00e9-requis : Avoir une ou plusieurs id\u00e9es \u00e0 explorer  Intervenant.e.s : Claire Becu  Claire a un parcours hybride entre entrepreneuriat, conseil en strat\u00e9gie et business d\u00e9veloppement. Elle pr\u00e9f\u00e8re les projets tourn\u00e9s vers l\u2019action et accompagne aujourd\u2019hui des start-ups et leurs porteur\u00b7euse\u00b7s de projets dans leur strat\u00e9gie de lancement et de croissance : positionnement concurrentiel, mod\u00e8le \u00e9conomique, strat\u00e9gie de pricing, premier produit, premier client, etc.  Son super pouvoir : Identifier rapidement les enjeux business et op\u00e9rationnels d'un projet  Son petit mot : Ne passez pas trop de temps \u00e0 pr\u00e9parer votre projet. Le business plan est important, mais rien ne remplace l\u2019exp\u00e9rience du terrain. Faites-vous confiance : rencontrez votre march\u00e9, prototypez, trompez vous ! C'est l'action qui vous permettra d'am\u00e9liorer votre produit ou votre service.   Lieu : Sist'Her Paris, 82 rue du Faubourg Saint-Martin  Attention ! Veuillez vous pr\u00e9senter \u00e0 l'heure pour que l'activit\u00e9 puisse commencer \u00e0 temps. Si vous avez du retard veuillez pr\u00e9venir l'intervenant.e. Si vous avez plus de 15 min de retard l'intervenant.e se r\u00e9serve le droit de ne plus vous accepter pour le coaching ou l'atelier.","og_url":"https:\/\/empow-her.com\/en\/produit\/atelier-faire-son-etude-de-marche-2\/","og_site_name":"Empow&#039;Her","article_modified_time":"2024-07-29T07:43:37+00:00","og_image":[{"width":1080,"height":1080,"url":"https:\/\/empow-her.com\/wp-content\/uploads\/2024\/03\/Women-Dare-templates-events-31-1.png","type":"image\/png"}],"twitter_card":"summary_large_image","twitter_misc":{"Tiempo de lectura":"3 minutos"},"schema":{"@context":"https:\/\/schema.org","@graph":[{"@type":"WebPage","@id":"https:\/\/empow-her.com\/en\/produit\/atelier-faire-son-etude-de-marche-2\/","url":"https:\/\/empow-her.com\/en\/produit\/atelier-faire-son-etude-de-marche-2\/","name":"Atelier - Faire son \u00e9tude de march\u00e9 - Empow&#039;Her","isPartOf":{"@id":"https:\/\/empow-her.com\/#website"},"primaryImageOfPage":{"@id":"https:\/\/empow-her.com\/en\/produit\/atelier-faire-son-etude-de-marche-2\/#primaryimage"},"image":{"@id":"https:\/\/empow-her.com\/en\/produit\/atelier-faire-son-etude-de-marche-2\/#primaryimage"},"thumbnailUrl":"https:\/\/empow-her.com\/wp-content\/uploads\/2024\/03\/Women-Dare-templates-events-31-1.png","datePublished":"2024-07-26T14:34:38+00:00","dateModified":"2024-07-29T07:43:37+00:00","breadcrumb":{"@id":"https:\/\/empow-her.com\/en\/produit\/atelier-faire-son-etude-de-marche-2\/#breadcrumb"},"inLanguage":"es","potentialAction":[{"@type":"ReadAction","target":["https:\/\/empow-her.com\/en\/produit\/atelier-faire-son-etude-de-marche-2\/"]}]},{"@type":"ImageObject","inLanguage":"es","@id":"https:\/\/empow-her.com\/en\/produit\/atelier-faire-son-etude-de-marche-2\/#primaryimage","url":"https:\/\/empow-her.com\/wp-content\/uploads\/2024\/03\/Women-Dare-templates-events-31-1.png","contentUrl":"https:\/\/empow-her.com\/wp-content\/uploads\/2024\/03\/Women-Dare-templates-events-31-1.png","width":1080,"height":1080},{"@type":"BreadcrumbList","@id":"https:\/\/empow-her.com\/en\/produit\/atelier-faire-son-etude-de-marche-2\/#breadcrumb","itemListElement":[{"@type":"ListItem","position":1,"name":"Accueil","item":"https:\/\/empow-her.com\/es\/inicio\/"},{"@type":"ListItem","position":2,"name":"LA BOUTIQUE","item":"https:\/\/empow-her.com\/boutique\/"},{"@type":"ListItem","position":3,"name":"Atelier &#8211; Faire son \u00e9tude de march\u00e9"}]},{"@type":"WebSite","@id":"https:\/\/empow-her.com\/#website","url":"https:\/\/empow-her.com\/","name":"Empow&#039;Her","description":"Women Development","potentialAction":[{"@type":"SearchAction","target":{"@type":"EntryPoint","urlTemplate":"https:\/\/empow-her.com\/?s={search_term_string}"},"query-input":{"@type":"PropertyValueSpecification","valueRequired":true,"valueName":"search_term_string"}}],"inLanguage":"es"}]}},"_links":{"self":[{"href":"https:\/\/empow-her.com\/es\/wp-json\/wp\/v2\/product\/252972","targetHints":{"allow":["GET"]}}],"collection":[{"href":"https:\/\/empow-her.com\/es\/wp-json\/wp\/v2\/product"}],"about":[{"href":"https:\/\/empow-her.com\/es\/wp-json\/wp\/v2\/types\/product"}],"wp:featuredmedia":[{"embeddable":true,"href":"https:\/\/empow-her.com\/es\/wp-json\/wp\/v2\/media\/252967"}],"wp:attachment":[{"href":"https:\/\/empow-her.com\/es\/wp-json\/wp\/v2\/media?parent=252972"}],"wp:term":[{"taxonomy":"product_brand","embeddable":true,"href":"https:\/\/empow-her.com\/es\/wp-json\/wp\/v2\/product_brand?post=252972"},{"taxonomy":"product_cat","embeddable":true,"href":"https:\/\/empow-her.com\/es\/wp-json\/wp\/v2\/product_cat?post=252972"},{"taxonomy":"product_tag","embeddable":true,"href":"https:\/\/empow-her.com\/es\/wp-json\/wp\/v2\/product_tag?post=252972"},{"taxonomy":"lieu","embeddable":true,"href":"https:\/\/empow-her.com\/es\/wp-json\/wp\/v2\/lieu?post=252972"},{"taxonomy":"thematiques","embeddable":true,"href":"https:\/\/empow-her.com\/es\/wp-json\/wp\/v2\/thematiques?post=252972"}],"curies":[{"name":"wp","href":"https:\/\/api.w.org\/{rel}","templated":true}]}}