{"id":252960,"date":"2024-07-26T15:36:19","date_gmt":"2024-07-26T13:36:19","guid":{"rendered":"https:\/\/empow-her.com\/?post_type=product&#038;p=252960"},"modified":"2024-07-26T15:48:21","modified_gmt":"2024-07-26T13:48:21","slug":"atelier-choisir-la-structure-juridique-appropriee-et-introduction-a-la-fiscalite","status":"publish","type":"product","link":"https:\/\/empow-her.com\/es\/produit\/atelier-choisir-la-structure-juridique-appropriee-et-introduction-a-la-fiscalite\/","title":{"rendered":"Atelier &#8211; Choisir la structure juridique appropri\u00e9e et introduction \u00e0 la fiscalit\u00e9"},"content":{"rendered":"<p><strong>Description<\/strong> :<\/p>\n<p>Je sais comment je veux exercer mon activit\u00e9 mais je m&#8217;interroge sur la forme juridique qui serait la plus adapt\u00e9e \u00e0 mon projet.<\/p>\n<div>Cet atelier pr\u00e9sente les diff\u00e9rentes formes de structures juridiques pouvant s&#8217;appliquer aux projets entrepreneuriaux en d\u00e9crivant les grandes lignes de chaque type de structure. L&#8217;atelier comprend \u00e9galement un focus sur les formes d&#8217;entreprises de l&#8217;\u00e9conomie sociale et solidaire (ESS) et les conditions pour rentrer dans le champ de l&#8217;ESS.<\/div>\n<div><\/div>\n<div><strong>Objectifs : <\/strong><\/div>\n<ul>\n<li>Clarifier le choix de la structure juridique pour le projet<\/li>\n<li>R\u00e9duction de risques juridiques pour avancer<\/li>\n<li>Enlever les freins pour structurer son projet<\/li>\n<\/ul>\n<p><strong>Intervenant.e : Avocate du consortium Impact Lawyers<\/strong><\/p>\n<p><strong>Son super pouvoir : Pouvoir de rendre visible ce qui est invisible<\/strong><\/p>\n<p><strong>Pr\u00e9-requis : <\/strong>Pour cet atelier, il est recommand\u00e9 d\u2019avoir d\u00e9j\u00e0 r\u00e9fl\u00e9chi au<span data-sheets-value=\"{&quot;1&quot;:2,&quot;2&quot;:&quot;avoir une id\u00e9e de leur mod\u00e8le \u00e9co&quot;}\" data-sheets-userformat=\"{&quot;2&quot;:4993,&quot;3&quot;:{&quot;1&quot;:0},&quot;10&quot;:1,&quot;11&quot;:4,&quot;12&quot;:0,&quot;15&quot;:&quot;Hind&quot;}\"> mod\u00e8le \u00e9conomique envisag\u00e9 pour son projet.<\/span><\/p>\n<p><strong> Lieu<\/strong> : Sist&#8217;Her Paris, 82 rue du Faubourg Saint-Martin<\/p>\n<p><strong>Attention !<\/strong> Veuillez vous pr\u00e9senter \u00e0 l&#8217;heure pour que l&#8217;activit\u00e9 puisse commencer \u00e0 temps. Si vous avez du retard veuillez pr\u00e9venir l&#8217;intervenant.e. Si vous avez plus de 15 min de retard l&#8217;intervenant.e se r\u00e9serve le droit de ne plus vous accepter pour le coaching ou l&#8217;atelier.<\/p>\n","protected":false},"excerpt":{"rendered":"<p><strong>Description<\/strong> :<\/p>\n<p>Je sais comment je veux exercer mon activit\u00e9 mais je m&#8217;interroge sur la forme juridique qui serait la plus adapt\u00e9e \u00e0 mon projet.<\/p>\n<div>Cet atelier pr\u00e9sente les diff\u00e9rentes formes de structures juridiques pouvant s&#8217;appliquer aux projets entrepreneuriaux en d\u00e9crivant les grandes lignes de chaque type de structure. L&#8217;atelier comprend \u00e9galement un focus sur les formes d&#8217;entreprises de l&#8217;\u00e9conomie sociale et solidaire (ESS) et les conditions pour rentrer dans le champ de l&#8217;ESS.<\/div>\n<div><\/div>\n<div><strong>Objectifs : <\/strong><\/div>\n<ul>\n<li>Clarifier le choix de la structure juridique pour le projet<\/li>\n<li>R\u00e9duction de risques juridiques pour avancer<\/li>\n<li>Enlever les freins pour structurer son projet<\/li>\n<\/ul>\n<p><strong>Intervenant.e : Avocate du consortium Impact Lawyers<\/strong><\/p>\n<p><strong>Pr\u00e9-requis : <\/strong>Pour cet atelier, il est recommand\u00e9 d\u2019avoir d\u00e9j\u00e0 r\u00e9fl\u00e9chi au<span data-sheets-value=\"{&quot;1&quot;:2,&quot;2&quot;:&quot;avoir une id\u00e9e de leur mod\u00e8le \u00e9co&quot;}\" data-sheets-userformat=\"{&quot;2&quot;:4993,&quot;3&quot;:{&quot;1&quot;:0},&quot;10&quot;:1,&quot;11&quot;:4,&quot;12&quot;:0,&quot;15&quot;:&quot;Hind&quot;}\"> mod\u00e8le \u00e9conomique envisag\u00e9 pour son projet.<\/span><\/p>\n<p><strong> Lieu<\/strong> : Sist&#8217;Her Paris, 82 rue du Faubourg Saint-Martin<\/p>\n<p><strong>Attention !<\/strong> Veuillez vous pr\u00e9senter \u00e0 l&#8217;heure pour que l&#8217;activit\u00e9 puisse commencer \u00e0 temps. Si vous avez du retard veuillez pr\u00e9venir l&#8217;intervenant.e. Si vous avez plus de 15 min de retard l&#8217;intervenant.e se r\u00e9serve le droit de ne plus vous accepter pour le coaching ou l&#8217;atelier.<\/p>\n","protected":false},"featured_media":252964,"template":"","format":"standard","meta":{"_acf_changed":false,"om_disable_all_campaigns":false,"_uf_show_specific_survey":0,"_uf_disable_surveys":false},"product_brand":[],"product_cat":[118],"product_tag":[],"lieu":[127],"thematiques":[],"class_list":{"0":"post-252960","1":"product","2":"type-product","3":"status-publish","4":"format-standard","5":"has-post-thumbnail","7":"product_cat-atelier-collectif","8":"lieu-hub-empowher","10":"first","11":"instock","12":"virtual","13":"purchasable","14":"product-type-appointment"},"exclude_global_add_ons":[],"addons":[],"acf":[],"yoast_head":"<!-- This site is optimized with the Yoast SEO plugin v24.8 - https:\/\/yoast.com\/wordpress\/plugins\/seo\/ -->\n<title>Atelier - Choisir la structure juridique appropri\u00e9e et introduction \u00e0 la fiscalit\u00e9 - Empow&#039;Her<\/title>\n<meta name=\"robots\" content=\"index, follow, max-snippet:-1, max-image-preview:large, max-video-preview:-1\" \/>\n<link rel=\"canonical\" href=\"https:\/\/empow-her.com\/en\/produit\/atelier-choisir-la-structure-juridique-appropriee-et-introduction-a-la-fiscalite\/\" \/>\n<meta property=\"og:locale\" content=\"es_ES\" \/>\n<meta property=\"og:type\" content=\"article\" \/>\n<meta property=\"og:title\" content=\"Atelier - Choisir la structure juridique appropri\u00e9e et introduction \u00e0 la fiscalit\u00e9 - Empow&#039;Her\" \/>\n<meta property=\"og:description\" content=\"Description :  Je sais comment je veux exercer mon activit\u00e9 mais je m&#039;interroge sur la forme juridique qui serait la plus adapt\u00e9e \u00e0 mon projet. Cet atelier pr\u00e9sente les diff\u00e9rentes formes de structures juridiques pouvant s&#039;appliquer aux projets entrepreneuriaux en d\u00e9crivant les grandes lignes de chaque type de structure. L&#039;atelier comprend \u00e9galement un focus sur les formes d&#039;entreprises de l&#039;\u00e9conomie sociale et solidaire (ESS) et les conditions pour rentrer dans le champ de l&#039;ESS.  Objectifs :    Clarifier le choix de la structure juridique pour le projet  R\u00e9duction de risques juridiques pour avancer  Enlever les freins pour structurer son projet  Intervenant.e : Avocate du consortium Impact Lawyers  Pr\u00e9-requis : Pour cet atelier, il est recommand\u00e9 d\u2019avoir d\u00e9j\u00e0 r\u00e9fl\u00e9chi au mod\u00e8le \u00e9conomique envisag\u00e9 pour son projet.   Lieu : Sist&#039;Her Paris, 82 rue du Faubourg Saint-Martin  Attention ! Veuillez vous pr\u00e9senter \u00e0 l&#039;heure pour que l&#039;activit\u00e9 puisse commencer \u00e0 temps. Si vous avez du retard veuillez pr\u00e9venir l&#039;intervenant.e. Si vous avez plus de 15 min de retard l&#039;intervenant.e se r\u00e9serve le droit de ne plus vous accepter pour le coaching ou l&#039;atelier.\" \/>\n<meta property=\"og:url\" content=\"https:\/\/empow-her.com\/en\/produit\/atelier-choisir-la-structure-juridique-appropriee-et-introduction-a-la-fiscalite\/\" \/>\n<meta property=\"og:site_name\" content=\"Empow&#039;Her\" \/>\n<meta property=\"article:modified_time\" content=\"2024-07-26T13:48:21+00:00\" \/>\n<meta property=\"og:image\" content=\"https:\/\/empow-her.com\/wp-content\/uploads\/2024\/07\/Women-Dare-templates-events-28.png\" \/>\n\t<meta property=\"og:image:width\" content=\"1080\" \/>\n\t<meta property=\"og:image:height\" content=\"1080\" \/>\n\t<meta property=\"og:image:type\" content=\"image\/png\" \/>\n<meta name=\"twitter:card\" content=\"summary_large_image\" \/>\n<meta name=\"twitter:label1\" content=\"Tiempo de lectura\" \/>\n\t<meta name=\"twitter:data1\" content=\"2 minutos\" \/>\n<script type=\"application\/ld+json\" class=\"yoast-schema-graph\">{\"@context\":\"https:\/\/schema.org\",\"@graph\":[{\"@type\":\"WebPage\",\"@id\":\"https:\/\/empow-her.com\/en\/produit\/atelier-choisir-la-structure-juridique-appropriee-et-introduction-a-la-fiscalite\/\",\"url\":\"https:\/\/empow-her.com\/en\/produit\/atelier-choisir-la-structure-juridique-appropriee-et-introduction-a-la-fiscalite\/\",\"name\":\"Atelier - Choisir la structure juridique appropri\u00e9e et introduction \u00e0 la fiscalit\u00e9 - Empow&#039;Her\",\"isPartOf\":{\"@id\":\"https:\/\/empow-her.com\/#website\"},\"primaryImageOfPage\":{\"@id\":\"https:\/\/empow-her.com\/en\/produit\/atelier-choisir-la-structure-juridique-appropriee-et-introduction-a-la-fiscalite\/#primaryimage\"},\"image\":{\"@id\":\"https:\/\/empow-her.com\/en\/produit\/atelier-choisir-la-structure-juridique-appropriee-et-introduction-a-la-fiscalite\/#primaryimage\"},\"thumbnailUrl\":\"https:\/\/empow-her.com\/wp-content\/uploads\/2024\/07\/Women-Dare-templates-events-28.png\",\"datePublished\":\"2024-07-26T13:36:19+00:00\",\"dateModified\":\"2024-07-26T13:48:21+00:00\",\"breadcrumb\":{\"@id\":\"https:\/\/empow-her.com\/en\/produit\/atelier-choisir-la-structure-juridique-appropriee-et-introduction-a-la-fiscalite\/#breadcrumb\"},\"inLanguage\":\"es\",\"potentialAction\":[{\"@type\":\"ReadAction\",\"target\":[\"https:\/\/empow-her.com\/en\/produit\/atelier-choisir-la-structure-juridique-appropriee-et-introduction-a-la-fiscalite\/\"]}]},{\"@type\":\"ImageObject\",\"inLanguage\":\"es\",\"@id\":\"https:\/\/empow-her.com\/en\/produit\/atelier-choisir-la-structure-juridique-appropriee-et-introduction-a-la-fiscalite\/#primaryimage\",\"url\":\"https:\/\/empow-her.com\/wp-content\/uploads\/2024\/07\/Women-Dare-templates-events-28.png\",\"contentUrl\":\"https:\/\/empow-her.com\/wp-content\/uploads\/2024\/07\/Women-Dare-templates-events-28.png\",\"width\":1080,\"height\":1080},{\"@type\":\"BreadcrumbList\",\"@id\":\"https:\/\/empow-her.com\/en\/produit\/atelier-choisir-la-structure-juridique-appropriee-et-introduction-a-la-fiscalite\/#breadcrumb\",\"itemListElement\":[{\"@type\":\"ListItem\",\"position\":1,\"name\":\"Accueil\",\"item\":\"https:\/\/empow-her.com\/es\/inicio\/\"},{\"@type\":\"ListItem\",\"position\":2,\"name\":\"LA BOUTIQUE\",\"item\":\"https:\/\/empow-her.com\/boutique\/\"},{\"@type\":\"ListItem\",\"position\":3,\"name\":\"Atelier &#8211; Choisir la structure juridique appropri\u00e9e et introduction \u00e0 la fiscalit\u00e9\"}]},{\"@type\":\"WebSite\",\"@id\":\"https:\/\/empow-her.com\/#website\",\"url\":\"https:\/\/empow-her.com\/\",\"name\":\"Empow&#039;Her\",\"description\":\"Women Development\",\"potentialAction\":[{\"@type\":\"SearchAction\",\"target\":{\"@type\":\"EntryPoint\",\"urlTemplate\":\"https:\/\/empow-her.com\/?s={search_term_string}\"},\"query-input\":{\"@type\":\"PropertyValueSpecification\",\"valueRequired\":true,\"valueName\":\"search_term_string\"}}],\"inLanguage\":\"es\"}]}<\/script>\n<!-- \/ Yoast SEO plugin. -->","yoast_head_json":{"title":"Atelier - Choisir la structure juridique appropri\u00e9e et introduction \u00e0 la fiscalit\u00e9 - Empow&#039;Her","robots":{"index":"index","follow":"follow","max-snippet":"max-snippet:-1","max-image-preview":"max-image-preview:large","max-video-preview":"max-video-preview:-1"},"canonical":"https:\/\/empow-her.com\/en\/produit\/atelier-choisir-la-structure-juridique-appropriee-et-introduction-a-la-fiscalite\/","og_locale":"es_ES","og_type":"article","og_title":"Atelier - Choisir la structure juridique appropri\u00e9e et introduction \u00e0 la fiscalit\u00e9 - Empow&#039;Her","og_description":"Description :  Je sais comment je veux exercer mon activit\u00e9 mais je m'interroge sur la forme juridique qui serait la plus adapt\u00e9e \u00e0 mon projet. Cet atelier pr\u00e9sente les diff\u00e9rentes formes de structures juridiques pouvant s'appliquer aux projets entrepreneuriaux en d\u00e9crivant les grandes lignes de chaque type de structure. L'atelier comprend \u00e9galement un focus sur les formes d'entreprises de l'\u00e9conomie sociale et solidaire (ESS) et les conditions pour rentrer dans le champ de l'ESS.  Objectifs :    Clarifier le choix de la structure juridique pour le projet  R\u00e9duction de risques juridiques pour avancer  Enlever les freins pour structurer son projet  Intervenant.e : Avocate du consortium Impact Lawyers  Pr\u00e9-requis : Pour cet atelier, il est recommand\u00e9 d\u2019avoir d\u00e9j\u00e0 r\u00e9fl\u00e9chi au mod\u00e8le \u00e9conomique envisag\u00e9 pour son projet.   Lieu : Sist'Her Paris, 82 rue du Faubourg Saint-Martin  Attention ! Veuillez vous pr\u00e9senter \u00e0 l'heure pour que l'activit\u00e9 puisse commencer \u00e0 temps. Si vous avez du retard veuillez pr\u00e9venir l'intervenant.e. Si vous avez plus de 15 min de retard l'intervenant.e se r\u00e9serve le droit de ne plus vous accepter pour le coaching ou l'atelier.","og_url":"https:\/\/empow-her.com\/en\/produit\/atelier-choisir-la-structure-juridique-appropriee-et-introduction-a-la-fiscalite\/","og_site_name":"Empow&#039;Her","article_modified_time":"2024-07-26T13:48:21+00:00","og_image":[{"width":1080,"height":1080,"url":"https:\/\/empow-her.com\/wp-content\/uploads\/2024\/07\/Women-Dare-templates-events-28.png","type":"image\/png"}],"twitter_card":"summary_large_image","twitter_misc":{"Tiempo de lectura":"2 minutos"},"schema":{"@context":"https:\/\/schema.org","@graph":[{"@type":"WebPage","@id":"https:\/\/empow-her.com\/en\/produit\/atelier-choisir-la-structure-juridique-appropriee-et-introduction-a-la-fiscalite\/","url":"https:\/\/empow-her.com\/en\/produit\/atelier-choisir-la-structure-juridique-appropriee-et-introduction-a-la-fiscalite\/","name":"Atelier - Choisir la structure juridique appropri\u00e9e et introduction \u00e0 la fiscalit\u00e9 - Empow&#039;Her","isPartOf":{"@id":"https:\/\/empow-her.com\/#website"},"primaryImageOfPage":{"@id":"https:\/\/empow-her.com\/en\/produit\/atelier-choisir-la-structure-juridique-appropriee-et-introduction-a-la-fiscalite\/#primaryimage"},"image":{"@id":"https:\/\/empow-her.com\/en\/produit\/atelier-choisir-la-structure-juridique-appropriee-et-introduction-a-la-fiscalite\/#primaryimage"},"thumbnailUrl":"https:\/\/empow-her.com\/wp-content\/uploads\/2024\/07\/Women-Dare-templates-events-28.png","datePublished":"2024-07-26T13:36:19+00:00","dateModified":"2024-07-26T13:48:21+00:00","breadcrumb":{"@id":"https:\/\/empow-her.com\/en\/produit\/atelier-choisir-la-structure-juridique-appropriee-et-introduction-a-la-fiscalite\/#breadcrumb"},"inLanguage":"es","potentialAction":[{"@type":"ReadAction","target":["https:\/\/empow-her.com\/en\/produit\/atelier-choisir-la-structure-juridique-appropriee-et-introduction-a-la-fiscalite\/"]}]},{"@type":"ImageObject","inLanguage":"es","@id":"https:\/\/empow-her.com\/en\/produit\/atelier-choisir-la-structure-juridique-appropriee-et-introduction-a-la-fiscalite\/#primaryimage","url":"https:\/\/empow-her.com\/wp-content\/uploads\/2024\/07\/Women-Dare-templates-events-28.png","contentUrl":"https:\/\/empow-her.com\/wp-content\/uploads\/2024\/07\/Women-Dare-templates-events-28.png","width":1080,"height":1080},{"@type":"BreadcrumbList","@id":"https:\/\/empow-her.com\/en\/produit\/atelier-choisir-la-structure-juridique-appropriee-et-introduction-a-la-fiscalite\/#breadcrumb","itemListElement":[{"@type":"ListItem","position":1,"name":"Accueil","item":"https:\/\/empow-her.com\/es\/inicio\/"},{"@type":"ListItem","position":2,"name":"LA BOUTIQUE","item":"https:\/\/empow-her.com\/boutique\/"},{"@type":"ListItem","position":3,"name":"Atelier &#8211; Choisir la structure juridique appropri\u00e9e et introduction \u00e0 la fiscalit\u00e9"}]},{"@type":"WebSite","@id":"https:\/\/empow-her.com\/#website","url":"https:\/\/empow-her.com\/","name":"Empow&#039;Her","description":"Women Development","potentialAction":[{"@type":"SearchAction","target":{"@type":"EntryPoint","urlTemplate":"https:\/\/empow-her.com\/?s={search_term_string}"},"query-input":{"@type":"PropertyValueSpecification","valueRequired":true,"valueName":"search_term_string"}}],"inLanguage":"es"}]}},"_links":{"self":[{"href":"https:\/\/empow-her.com\/es\/wp-json\/wp\/v2\/product\/252960","targetHints":{"allow":["GET"]}}],"collection":[{"href":"https:\/\/empow-her.com\/es\/wp-json\/wp\/v2\/product"}],"about":[{"href":"https:\/\/empow-her.com\/es\/wp-json\/wp\/v2\/types\/product"}],"wp:featuredmedia":[{"embeddable":true,"href":"https:\/\/empow-her.com\/es\/wp-json\/wp\/v2\/media\/252964"}],"wp:attachment":[{"href":"https:\/\/empow-her.com\/es\/wp-json\/wp\/v2\/media?parent=252960"}],"wp:term":[{"taxonomy":"product_brand","embeddable":true,"href":"https:\/\/empow-her.com\/es\/wp-json\/wp\/v2\/product_brand?post=252960"},{"taxonomy":"product_cat","embeddable":true,"href":"https:\/\/empow-her.com\/es\/wp-json\/wp\/v2\/product_cat?post=252960"},{"taxonomy":"product_tag","embeddable":true,"href":"https:\/\/empow-her.com\/es\/wp-json\/wp\/v2\/product_tag?post=252960"},{"taxonomy":"lieu","embeddable":true,"href":"https:\/\/empow-her.com\/es\/wp-json\/wp\/v2\/lieu?post=252960"},{"taxonomy":"thematiques","embeddable":true,"href":"https:\/\/empow-her.com\/es\/wp-json\/wp\/v2\/thematiques?post=252960"}],"curies":[{"name":"wp","href":"https:\/\/api.w.org\/{rel}","templated":true}]}}