{"id":252914,"date":"2024-07-26T10:28:34","date_gmt":"2024-07-26T08:28:34","guid":{"rendered":"https:\/\/empow-her.com\/?post_type=product&#038;p=252914"},"modified":"2024-07-26T10:39:20","modified_gmt":"2024-07-26T08:39:20","slug":"new-atelier-pour-que-votre-voix-compte","status":"publish","type":"product","link":"https:\/\/empow-her.com\/es\/produit\/new-atelier-pour-que-votre-voix-compte\/","title":{"rendered":"NEW- Atelier &#8211; Pour que votre voix compte"},"content":{"rendered":"<p><span data-sheets-value=\"{&quot;1&quot;:2,&quot;2&quot;:&quot;Besoins : Vous avez imagin\u00e9 une premi\u00e8re offre et identifi\u00e9 vos premier\u00b7es client\u00b7es et b\u00e9n\u00e9ficiaires mais vous ne savez pas par o\u00f9 commencer pour la commercialiser ? Quels sont les canaux \u00e0 utiliser ? Comment pr\u00e9senter son offre ? Quels objectifs commerciaux se fixer et comment les atteindre ?nnPendant cet atelier, nous parcourerons ensemble plusieurs th\u00e9matiques :n- Savoir pr\u00e9senter son offre de fa\u00e7on rapide et percutanten- Identifier ses principaux canaux de prospection en fonction de ses ciblesn- Ma\u00eetriser des bonnes pratiques commercialesn- Planifier sa prospection et sa vente pour avoir de la visibilit\u00e9.nnA la fin de l'atelier, vous aurez \u00e9labor\u00e9 un pitch commercial impactant, vous saurez adopter une posture empathique vis-\u00e0-vis de vos client\u00b7es et b\u00e9n\u00e9ficiaires cibles et sur quels canaux vous appuyer. Vous aurez aussi une vision plus claire de vos prochaines actions commerciales et vous pourrez vous lancer en confiance.nnPr\u00e9-requis : avoir \u00e9bauch\u00e9 une premi\u00e8re offre de produit(s) ou de service(s) et avoir identifi\u00e9 les cibles aupr\u00e8s desquelles vous souhaitez la commercialiser. nnAttention ! Veuillez vous pr\u00e9senter \u00e0 l'heure pour que l'activit\u00e9 puisse commencer \u00e0 temps. Si vous avez du retard veuillez pr\u00e9venir l'intervenant.e. Si vous avez plus de 15 min de retard l'intervenant.e se r\u00e9serve le droit de ne plus vous accepter pour le coaching ou l'atelier.n&quot;}\" data-sheets-userformat=\"{&quot;2&quot;:4995,&quot;3&quot;:{&quot;1&quot;:0},&quot;4&quot;:{&quot;1&quot;:2,&quot;2&quot;:16773836},&quot;10&quot;:1,&quot;11&quot;:4,&quot;12&quot;:0,&quot;15&quot;:&quot;Hind&quot;}\"><strong>Description <\/strong>:\u00a0<\/span><\/p>\n<p>Prendre la parole en public n&#8217;est pas chose ais\u00e9e, encore moins lorsque l&#8217;on est une femme.<\/p>\n<p>Avec des exercices pratiques et adapt\u00e9s, des cl\u00e9s et des astuces faciles \u00e0 mettre en \u0153uvre, cet atelier vous fera d\u00e9couvrir comment vous pr\u00e9parer \u00e0 la prise de parole telle une artiste qui va monter sur sc\u00e8ne. Mises en pratique et \u00e9changes nous ferons, ensemble, lever les freins \u00e0 la parole des femmes, pour que vous puissiez vous r\u00e9approprier votre voix, votre corps et leur place.<\/p>\n<p><strong>D\u00e9roul\u00e9 :<\/strong><\/p>\n<p>&#8211; D\u00e9couvrir les exercices de pr\u00e9paration (respiration, r\u00e9sonance de la voix&#8230;)<\/p>\n<p>&#8211; Apprendre comment capter et garder l&#8217;attention<\/p>\n<p>&#8211; Les cl\u00e9s d&#8217;un langage corporel libre et naturel<\/p>\n<p>&#8211; Comment g\u00e9rer le stress<\/p>\n<p>&#8211; L\u00e9gitimit\u00e9, mansplaining, interruption&#8230; On en parle!<\/p>\n<p><strong>Pr\u00e9-requis<\/strong> : Aucun<\/p>\n<p><strong>Intervenante :<\/strong><\/p>\n<p>Emilie Petit-De Pasquale est chanteuse, professeure de chant et formatrice.<\/p>\n<p>Elle propose des ateliers de formation sur de la prise de parole en public ou dans les relations de travail. Sa m\u00e9thode adapt\u00e9e des techniques professionnelles des arts de la sc\u00e8ne est accessible \u00e0 toutes pour faire de votre voix votre alli\u00e9e, d\u00e9velopper votre pr\u00e9sence, g\u00e9rer le stress et communiquer avec aisance.<\/p>\n<p><strong>Attention !<\/strong> Veuillez vous pr\u00e9senter \u00e0 l&#8217;heure pour que l&#8217;activit\u00e9 puisse commencer \u00e0 temps. Si vous avez du retard veuillez pr\u00e9venir l&#8217;\u00e9quipe d&#8217;Empow&#8217;Her : <a href=\"mailto:contact.france@empow-her.com\">contact.france@empow-her.com<\/a>. Si vous avez plus de 15 min de retard l&#8217;intervenant.e se r\u00e9serve le droit de ne plus vous accepter pour le coaching ou l&#8217;atelier.<\/p>\n","protected":false},"excerpt":{"rendered":"<p><span data-sheets-value=\"{&quot;1&quot;:2,&quot;2&quot;:&quot;Besoins : Vous avez imagin\u00e9 une premi\u00e8re offre et identifi\u00e9 vos premier\u00b7es client\u00b7es et b\u00e9n\u00e9ficiaires mais vous ne savez pas par o\u00f9 commencer pour la commercialiser ? Quels sont les canaux \u00e0 utiliser ? Comment pr\u00e9senter son offre ? Quels objectifs commerciaux se fixer et comment les atteindre ?nnPendant cet atelier, nous parcourerons ensemble plusieurs th\u00e9matiques :n- Savoir pr\u00e9senter son offre de fa\u00e7on rapide et percutanten- Identifier ses principaux canaux de prospection en fonction de ses ciblesn- Ma\u00eetriser des bonnes pratiques commercialesn- Planifier sa prospection et sa vente pour avoir de la visibilit\u00e9.nnA la fin de l'atelier, vous aurez \u00e9labor\u00e9 un pitch commercial impactant, vous saurez adopter une posture empathique vis-\u00e0-vis de vos client\u00b7es et b\u00e9n\u00e9ficiaires cibles et sur quels canaux vous appuyer. Vous aurez aussi une vision plus claire de vos prochaines actions commerciales et vous pourrez vous lancer en confiance.nnPr\u00e9-requis : avoir \u00e9bauch\u00e9 une premi\u00e8re offre de produit(s) ou de service(s) et avoir identifi\u00e9 les cibles aupr\u00e8s desquelles vous souhaitez la commercialiser. nnAttention ! Veuillez vous pr\u00e9senter \u00e0 l'heure pour que l'activit\u00e9 puisse commencer \u00e0 temps. Si vous avez du retard veuillez pr\u00e9venir l'intervenant.e. Si vous avez plus de 15 min de retard l'intervenant.e se r\u00e9serve le droit de ne plus vous accepter pour le coaching ou l'atelier.n&quot;}\" data-sheets-userformat=\"{&quot;2&quot;:4995,&quot;3&quot;:{&quot;1&quot;:0},&quot;4&quot;:{&quot;1&quot;:2,&quot;2&quot;:16773836},&quot;10&quot;:1,&quot;11&quot;:4,&quot;12&quot;:0,&quot;15&quot;:&quot;Hind&quot;}\"><strong>Description <\/strong>:\u00a0<\/span><\/p>\n<p>Prendre la parole en public n&#8217;est pas chose ais\u00e9e, encore moins lorsque l&#8217;on est une femme.<\/p>\n<p>Avec des exercices pratiques et adapt\u00e9s, des cl\u00e9s et des astuces faciles \u00e0 mettre en \u0153uvre, cet atelier vous fera d\u00e9couvrir comment vous pr\u00e9parer \u00e0 la prise de parole telle une artiste qui va monter sur sc\u00e8ne. Mises en pratique et \u00e9changes nous ferons, ensemble, lever les freins \u00e0 la parole des femmes, pour que vous puissiez vous r\u00e9approprier votre voix, votre corps et leur place.<\/p>\n<p><strong>D\u00e9roul\u00e9 :<\/strong><\/p>\n<p>&#8211; D\u00e9couvrir les exercices de pr\u00e9paration (respiration, r\u00e9sonance de la voix&#8230;)<\/p>\n<p>&#8211; Apprendre comment capter et garder l&#8217;attention<\/p>\n<p>&#8211; Les cl\u00e9s d&#8217;un langage corporel libre et naturel<\/p>\n<p>&#8211; Comment g\u00e9rer le stress<\/p>\n<p>&#8211; L\u00e9gitimit\u00e9, mansplaining, interruption&#8230; On en parle!<\/p>\n<p><strong>Pr\u00e9-requis<\/strong> : Aucun<\/p>\n<p><strong>Intervenante :<\/strong><\/p>\n<p><strong>Emilie Petit-De Pasquale<\/strong> est chanteuse, professeure de chant et formatrice.<\/p>\n<p>Elle propose des ateliers de formation sur de la prise de parole en public ou dans les relations de travail. Sa m\u00e9thode adapt\u00e9e des techniques professionnelles des arts de la sc\u00e8ne est accessible \u00e0 toutes pour faire de votre voix votre alli\u00e9e, d\u00e9velopper votre pr\u00e9sence, g\u00e9rer le stress et communiquer avec aisance.<\/p>\n<p><strong>Attention !<\/strong> Veuillez vous pr\u00e9senter \u00e0 l&#8217;heure pour que l&#8217;activit\u00e9 puisse commencer \u00e0 temps. Si vous avez du retard veuillez pr\u00e9venir l&#8217;\u00e9quipe d&#8217;Empow&#8217;Her : <a href=\"mailto:contact.france@empow-her.com\">contact.france@empow-her.com<\/a>. Si vous avez plus de 15 min de retard l&#8217;intervenant.e se r\u00e9serve le droit de ne plus vous accepter pour le coaching ou l&#8217;atelier.<\/p>\n","protected":false},"featured_media":252918,"template":"","format":"standard","meta":{"_acf_changed":false,"om_disable_all_campaigns":false,"_uf_show_specific_survey":0,"_uf_disable_surveys":false},"product_brand":[],"product_cat":[118],"product_tag":[],"lieu":[127],"thematiques":[],"class_list":{"0":"post-252914","1":"product","2":"type-product","3":"status-publish","4":"format-standard","5":"has-post-thumbnail","7":"product_cat-atelier-collectif","8":"lieu-hub-empowher","10":"first","11":"instock","12":"virtual","13":"purchasable","14":"product-type-appointment"},"exclude_global_add_ons":[],"addons":[],"acf":[],"yoast_head":"<!-- This site is optimized with the Yoast SEO plugin v24.8 - https:\/\/yoast.com\/wordpress\/plugins\/seo\/ -->\n<title>NEW- Atelier - Pour que votre voix compte - Empow&#039;Her<\/title>\n<meta name=\"robots\" content=\"index, follow, max-snippet:-1, max-image-preview:large, max-video-preview:-1\" \/>\n<link rel=\"canonical\" href=\"https:\/\/empow-her.com\/en\/produit\/new-atelier-pour-que-votre-voix-compte\/\" \/>\n<meta property=\"og:locale\" content=\"es_ES\" \/>\n<meta property=\"og:type\" content=\"article\" \/>\n<meta property=\"og:title\" content=\"NEW- Atelier - Pour que votre voix compte - Empow&#039;Her\" \/>\n<meta property=\"og:description\" content=\"Description :\u00a0  Prendre la parole en public n&#039;est pas chose ais\u00e9e, encore moins lorsque l&#039;on est une femme.  Avec des exercices pratiques et adapt\u00e9s, des cl\u00e9s et des astuces faciles \u00e0 mettre en \u0153uvre, cet atelier vous fera d\u00e9couvrir comment vous pr\u00e9parer \u00e0 la prise de parole telle une artiste qui va monter sur sc\u00e8ne. Mises en pratique et \u00e9changes nous ferons, ensemble, lever les freins \u00e0 la parole des femmes, pour que vous puissiez vous r\u00e9approprier votre voix, votre corps et leur place.  D\u00e9roul\u00e9 :  - D\u00e9couvrir les exercices de pr\u00e9paration (respiration, r\u00e9sonance de la voix...)  - Apprendre comment capter et garder l&#039;attention  - Les cl\u00e9s d&#039;un langage corporel libre et naturel  - Comment g\u00e9rer le stress  - L\u00e9gitimit\u00e9, mansplaining, interruption... On en parle!  Pr\u00e9-requis : Aucun  Intervenante :  Emilie Petit-De Pasquale est chanteuse, professeure de chant et formatrice.  Elle propose des ateliers de formation sur de la prise de parole en public ou dans les relations de travail. Sa m\u00e9thode adapt\u00e9e des techniques professionnelles des arts de la sc\u00e8ne est accessible \u00e0 toutes pour faire de votre voix votre alli\u00e9e, d\u00e9velopper votre pr\u00e9sence, g\u00e9rer le stress et communiquer avec aisance.  Attention ! Veuillez vous pr\u00e9senter \u00e0 l&#039;heure pour que l&#039;activit\u00e9 puisse commencer \u00e0 temps. Si vous avez du retard veuillez pr\u00e9venir l&#039;\u00e9quipe d&#039;Empow&#039;Her : contact.france@empow-her.com. Si vous avez plus de 15 min de retard l&#039;intervenant.e se r\u00e9serve le droit de ne plus vous accepter pour le coaching ou l&#039;atelier.\" \/>\n<meta property=\"og:url\" content=\"https:\/\/empow-her.com\/en\/produit\/new-atelier-pour-que-votre-voix-compte\/\" \/>\n<meta property=\"og:site_name\" content=\"Empow&#039;Her\" \/>\n<meta property=\"article:modified_time\" content=\"2024-07-26T08:39:20+00:00\" \/>\n<meta property=\"og:image\" content=\"https:\/\/empow-her.com\/wp-content\/uploads\/2024\/07\/Women-Dare-templates-events-21.png\" \/>\n\t<meta property=\"og:image:width\" content=\"1080\" \/>\n\t<meta property=\"og:image:height\" content=\"1080\" \/>\n\t<meta property=\"og:image:type\" content=\"image\/png\" \/>\n<meta name=\"twitter:card\" content=\"summary_large_image\" \/>\n<meta name=\"twitter:label1\" content=\"Tiempo de lectura\" \/>\n\t<meta name=\"twitter:data1\" content=\"2 minutos\" \/>\n<script type=\"application\/ld+json\" class=\"yoast-schema-graph\">{\"@context\":\"https:\/\/schema.org\",\"@graph\":[{\"@type\":\"WebPage\",\"@id\":\"https:\/\/empow-her.com\/en\/produit\/new-atelier-pour-que-votre-voix-compte\/\",\"url\":\"https:\/\/empow-her.com\/en\/produit\/new-atelier-pour-que-votre-voix-compte\/\",\"name\":\"NEW- Atelier - Pour que votre voix compte - Empow&#039;Her\",\"isPartOf\":{\"@id\":\"https:\/\/empow-her.com\/#website\"},\"primaryImageOfPage\":{\"@id\":\"https:\/\/empow-her.com\/en\/produit\/new-atelier-pour-que-votre-voix-compte\/#primaryimage\"},\"image\":{\"@id\":\"https:\/\/empow-her.com\/en\/produit\/new-atelier-pour-que-votre-voix-compte\/#primaryimage\"},\"thumbnailUrl\":\"https:\/\/empow-her.com\/wp-content\/uploads\/2024\/07\/Women-Dare-templates-events-21.png\",\"datePublished\":\"2024-07-26T08:28:34+00:00\",\"dateModified\":\"2024-07-26T08:39:20+00:00\",\"breadcrumb\":{\"@id\":\"https:\/\/empow-her.com\/en\/produit\/new-atelier-pour-que-votre-voix-compte\/#breadcrumb\"},\"inLanguage\":\"es\",\"potentialAction\":[{\"@type\":\"ReadAction\",\"target\":[\"https:\/\/empow-her.com\/en\/produit\/new-atelier-pour-que-votre-voix-compte\/\"]}]},{\"@type\":\"ImageObject\",\"inLanguage\":\"es\",\"@id\":\"https:\/\/empow-her.com\/en\/produit\/new-atelier-pour-que-votre-voix-compte\/#primaryimage\",\"url\":\"https:\/\/empow-her.com\/wp-content\/uploads\/2024\/07\/Women-Dare-templates-events-21.png\",\"contentUrl\":\"https:\/\/empow-her.com\/wp-content\/uploads\/2024\/07\/Women-Dare-templates-events-21.png\",\"width\":1080,\"height\":1080},{\"@type\":\"BreadcrumbList\",\"@id\":\"https:\/\/empow-her.com\/en\/produit\/new-atelier-pour-que-votre-voix-compte\/#breadcrumb\",\"itemListElement\":[{\"@type\":\"ListItem\",\"position\":1,\"name\":\"Accueil\",\"item\":\"https:\/\/empow-her.com\/es\/inicio\/\"},{\"@type\":\"ListItem\",\"position\":2,\"name\":\"LA BOUTIQUE\",\"item\":\"https:\/\/empow-her.com\/boutique\/\"},{\"@type\":\"ListItem\",\"position\":3,\"name\":\"NEW- Atelier &#8211; Pour que votre voix compte\"}]},{\"@type\":\"WebSite\",\"@id\":\"https:\/\/empow-her.com\/#website\",\"url\":\"https:\/\/empow-her.com\/\",\"name\":\"Empow&#039;Her\",\"description\":\"Women Development\",\"potentialAction\":[{\"@type\":\"SearchAction\",\"target\":{\"@type\":\"EntryPoint\",\"urlTemplate\":\"https:\/\/empow-her.com\/?s={search_term_string}\"},\"query-input\":{\"@type\":\"PropertyValueSpecification\",\"valueRequired\":true,\"valueName\":\"search_term_string\"}}],\"inLanguage\":\"es\"}]}<\/script>\n<!-- \/ Yoast SEO plugin. -->","yoast_head_json":{"title":"NEW- Atelier - Pour que votre voix compte - Empow&#039;Her","robots":{"index":"index","follow":"follow","max-snippet":"max-snippet:-1","max-image-preview":"max-image-preview:large","max-video-preview":"max-video-preview:-1"},"canonical":"https:\/\/empow-her.com\/en\/produit\/new-atelier-pour-que-votre-voix-compte\/","og_locale":"es_ES","og_type":"article","og_title":"NEW- Atelier - Pour que votre voix compte - Empow&#039;Her","og_description":"Description :\u00a0  Prendre la parole en public n'est pas chose ais\u00e9e, encore moins lorsque l'on est une femme.  Avec des exercices pratiques et adapt\u00e9s, des cl\u00e9s et des astuces faciles \u00e0 mettre en \u0153uvre, cet atelier vous fera d\u00e9couvrir comment vous pr\u00e9parer \u00e0 la prise de parole telle une artiste qui va monter sur sc\u00e8ne. Mises en pratique et \u00e9changes nous ferons, ensemble, lever les freins \u00e0 la parole des femmes, pour que vous puissiez vous r\u00e9approprier votre voix, votre corps et leur place.  D\u00e9roul\u00e9 :  - D\u00e9couvrir les exercices de pr\u00e9paration (respiration, r\u00e9sonance de la voix...)  - Apprendre comment capter et garder l'attention  - Les cl\u00e9s d'un langage corporel libre et naturel  - Comment g\u00e9rer le stress  - L\u00e9gitimit\u00e9, mansplaining, interruption... On en parle!  Pr\u00e9-requis : Aucun  Intervenante :  Emilie Petit-De Pasquale est chanteuse, professeure de chant et formatrice.  Elle propose des ateliers de formation sur de la prise de parole en public ou dans les relations de travail. Sa m\u00e9thode adapt\u00e9e des techniques professionnelles des arts de la sc\u00e8ne est accessible \u00e0 toutes pour faire de votre voix votre alli\u00e9e, d\u00e9velopper votre pr\u00e9sence, g\u00e9rer le stress et communiquer avec aisance.  Attention ! Veuillez vous pr\u00e9senter \u00e0 l'heure pour que l'activit\u00e9 puisse commencer \u00e0 temps. Si vous avez du retard veuillez pr\u00e9venir l'\u00e9quipe d'Empow'Her : contact.france@empow-her.com. Si vous avez plus de 15 min de retard l'intervenant.e se r\u00e9serve le droit de ne plus vous accepter pour le coaching ou l'atelier.","og_url":"https:\/\/empow-her.com\/en\/produit\/new-atelier-pour-que-votre-voix-compte\/","og_site_name":"Empow&#039;Her","article_modified_time":"2024-07-26T08:39:20+00:00","og_image":[{"width":1080,"height":1080,"url":"https:\/\/empow-her.com\/wp-content\/uploads\/2024\/07\/Women-Dare-templates-events-21.png","type":"image\/png"}],"twitter_card":"summary_large_image","twitter_misc":{"Tiempo de lectura":"2 minutos"},"schema":{"@context":"https:\/\/schema.org","@graph":[{"@type":"WebPage","@id":"https:\/\/empow-her.com\/en\/produit\/new-atelier-pour-que-votre-voix-compte\/","url":"https:\/\/empow-her.com\/en\/produit\/new-atelier-pour-que-votre-voix-compte\/","name":"NEW- Atelier - Pour que votre voix compte - Empow&#039;Her","isPartOf":{"@id":"https:\/\/empow-her.com\/#website"},"primaryImageOfPage":{"@id":"https:\/\/empow-her.com\/en\/produit\/new-atelier-pour-que-votre-voix-compte\/#primaryimage"},"image":{"@id":"https:\/\/empow-her.com\/en\/produit\/new-atelier-pour-que-votre-voix-compte\/#primaryimage"},"thumbnailUrl":"https:\/\/empow-her.com\/wp-content\/uploads\/2024\/07\/Women-Dare-templates-events-21.png","datePublished":"2024-07-26T08:28:34+00:00","dateModified":"2024-07-26T08:39:20+00:00","breadcrumb":{"@id":"https:\/\/empow-her.com\/en\/produit\/new-atelier-pour-que-votre-voix-compte\/#breadcrumb"},"inLanguage":"es","potentialAction":[{"@type":"ReadAction","target":["https:\/\/empow-her.com\/en\/produit\/new-atelier-pour-que-votre-voix-compte\/"]}]},{"@type":"ImageObject","inLanguage":"es","@id":"https:\/\/empow-her.com\/en\/produit\/new-atelier-pour-que-votre-voix-compte\/#primaryimage","url":"https:\/\/empow-her.com\/wp-content\/uploads\/2024\/07\/Women-Dare-templates-events-21.png","contentUrl":"https:\/\/empow-her.com\/wp-content\/uploads\/2024\/07\/Women-Dare-templates-events-21.png","width":1080,"height":1080},{"@type":"BreadcrumbList","@id":"https:\/\/empow-her.com\/en\/produit\/new-atelier-pour-que-votre-voix-compte\/#breadcrumb","itemListElement":[{"@type":"ListItem","position":1,"name":"Accueil","item":"https:\/\/empow-her.com\/es\/inicio\/"},{"@type":"ListItem","position":2,"name":"LA BOUTIQUE","item":"https:\/\/empow-her.com\/boutique\/"},{"@type":"ListItem","position":3,"name":"NEW- Atelier &#8211; Pour que votre voix compte"}]},{"@type":"WebSite","@id":"https:\/\/empow-her.com\/#website","url":"https:\/\/empow-her.com\/","name":"Empow&#039;Her","description":"Women Development","potentialAction":[{"@type":"SearchAction","target":{"@type":"EntryPoint","urlTemplate":"https:\/\/empow-her.com\/?s={search_term_string}"},"query-input":{"@type":"PropertyValueSpecification","valueRequired":true,"valueName":"search_term_string"}}],"inLanguage":"es"}]}},"_links":{"self":[{"href":"https:\/\/empow-her.com\/es\/wp-json\/wp\/v2\/product\/252914","targetHints":{"allow":["GET"]}}],"collection":[{"href":"https:\/\/empow-her.com\/es\/wp-json\/wp\/v2\/product"}],"about":[{"href":"https:\/\/empow-her.com\/es\/wp-json\/wp\/v2\/types\/product"}],"wp:featuredmedia":[{"embeddable":true,"href":"https:\/\/empow-her.com\/es\/wp-json\/wp\/v2\/media\/252918"}],"wp:attachment":[{"href":"https:\/\/empow-her.com\/es\/wp-json\/wp\/v2\/media?parent=252914"}],"wp:term":[{"taxonomy":"product_brand","embeddable":true,"href":"https:\/\/empow-her.com\/es\/wp-json\/wp\/v2\/product_brand?post=252914"},{"taxonomy":"product_cat","embeddable":true,"href":"https:\/\/empow-her.com\/es\/wp-json\/wp\/v2\/product_cat?post=252914"},{"taxonomy":"product_tag","embeddable":true,"href":"https:\/\/empow-her.com\/es\/wp-json\/wp\/v2\/product_tag?post=252914"},{"taxonomy":"lieu","embeddable":true,"href":"https:\/\/empow-her.com\/es\/wp-json\/wp\/v2\/lieu?post=252914"},{"taxonomy":"thematiques","embeddable":true,"href":"https:\/\/empow-her.com\/es\/wp-json\/wp\/v2\/thematiques?post=252914"}],"curies":[{"name":"wp","href":"https:\/\/api.w.org\/{rel}","templated":true}]}}