{"id":252866,"date":"2024-07-25T12:36:22","date_gmt":"2024-07-25T10:36:22","guid":{"rendered":"https:\/\/empow-her.com\/?post_type=product&#038;p=252866"},"modified":"2024-07-25T12:46:07","modified_gmt":"2024-07-25T10:46:07","slug":"atelier-ameliorer-sa-confiance-en-soi-et-depasser-le-syndrome-dimposteur-2","status":"publish","type":"product","link":"https:\/\/empow-her.com\/es\/produit\/atelier-ameliorer-sa-confiance-en-soi-et-depasser-le-syndrome-dimposteur-2\/","title":{"rendered":"Atelier &#8211; Am\u00e9liorer sa confiance en soi et d\u00e9passer le syndrome d&#8217;imposteur"},"content":{"rendered":"<p><strong>Description<\/strong> :<br \/>\n<span data-sheets-root=\"1\" data-sheets-value=\"{&quot;1&quot;:2,&quot;2&quot;:&quot;&quot; Si vous aussi vous avez du mal \u00e0 parler de vous et de votre activit\u00e9 ou \u00e0 vous montrer et \u00e0 assumer votre projet, il semblerait\u00a0que cet atelier soit fait pour vous ! L'occasion de se retrouver entre femmes entrepreneures, d'avoir un espace d'\u00e9coute et de partage, et de d\u00e9poser un nouveau regard sur vous. Nous explorerons les d\u00e9calages sur la perception que vous avez de vous-m\u00eame et la perception de l'autre. L'id\u00e9e c'est que vous repartiez rebooster avec une photo de vous qui vous ressemble et qui parlera pour vous !\u00a0nAinsi cet atelier a pour objectif de :\u00a0nIntrospecter l'image qu'on a de soi et sa l\u00e9gitimit\u00e9 \u00e0 entreprendre nConscientiser ses croyances limitantes et les transformer en croyance aidante nD\u00e9velopper sa confiance en soi et en son imagenS'appuyer sur la photo-th\u00e9rapie pour nourrir une image de soi positive en tant qu'entrepreneurenCr\u00e9er une photo de vous qui vous ressemble !&quot;\u00a0&quot;}\" data-sheets-userformat=\"{&quot;2&quot;:13187,&quot;3&quot;:{&quot;1&quot;:0},&quot;4&quot;:{&quot;1&quot;:2,&quot;2&quot;:16773836},&quot;10&quot;:1,&quot;11&quot;:4,&quot;12&quot;:0,&quot;15&quot;:&quot;Hind&quot;,&quot;16&quot;:9}\">Si vous aussi vous avez du mal \u00e0 parler de vous et de votre activit\u00e9 ou \u00e0 vous montrer et \u00e0 assumer votre projet, il semblerait que cet atelier soit fait pour vous ! L&#8217;occasion de se retrouver entre femmes entrepreneures, d&#8217;avoir un espace d&#8217;\u00e9coute et de partage, et de d\u00e9poser un nouveau regard sur vous. Nous explorerons les d\u00e9calages sur la perception que vous avez de vous-m\u00eame et la perception de l&#8217;autre.<br \/>\nL&#8217;id\u00e9e c&#8217;est que vous repartiez rebooster avec une photo de vous qui vous ressemble et qui parlera pour vous !<\/span><\/p>\n<p>Ainsi cet atelier a pour objectif de :<\/p>\n<p>&#8211; Introspecter l&#8217;image qu&#8217;on a de soi et sa l\u00e9gitimit\u00e9 \u00e0 entreprendre<br \/>\n&#8211; Conscientiser ses croyances limitantes et les transformer en croyance aidante<br \/>\n&#8211; D\u00e9velopper sa confiance en soi et en son image<br \/>\n&#8211; S&#8217;appuyer sur la photo-th\u00e9rapie pour nourrir une image de soi positive en tant qu&#8217;entrepreneure<br \/>\n&#8211; Cr\u00e9er une photo de vous qui vous ressemble !<\/p>\n<p><strong>Intervenant.e.s : Morgane Lombard<\/strong><\/p>\n<p>Photographe et facilitatrice, elle (re)met le nez dans la photo en 2018 apr\u00e8s avoir travaill\u00e9 quelques ann\u00e9es dans les sph\u00e8res de l\u2019entrepreneuriat social et de l\u2019innovation. Elle travaille aujourd\u2019hui sur les questions d\u2019image de soi et accompagne des entreprises \u00e0 mettre en images leurs r\u00e9cits. Pour cela, elle propose des reportages photo et des ateliers-exp\u00e9riences.<\/p>\n<p><strong>Son super pouvoir<\/strong> : Photographe tout terrain, facilitatrice color\u00e9e et directrice artistique spontan\u00e9e, je traduis en images ce que vous dites d\u00e9j\u00e0 avec les mots !<\/p>\n<p><strong>Son petit mot<\/strong> : N&#8217;\u00e9coutez surtout pas les conseils des personnes \u00e0 qui vous ne demanderiez pas de conseils \ud83d\ude09 Et entourez-vous de celles qui vous renvoient une bonne image de vous !<\/p>\n<p><strong> Lieu<\/strong> : Sist&#8217;Her Paris, 82 rue du Faubourg Saint-Martin<\/p>\n<p><strong>Attention !<\/strong> Veuillez vous pr\u00e9senter \u00e0 l&#8217;heure pour que l&#8217;activit\u00e9 puisse commencer \u00e0 temps. Si vous avez du retard veuillez pr\u00e9venir l&#8217;intervenant.e. Si vous avez plus de 15 min de retard l&#8217;intervenant.e se r\u00e9serve le droit de ne plus vous accepter pour le coaching ou l&#8217;atelier.<\/p>\n","protected":false},"excerpt":{"rendered":"<p><strong>Description<\/strong> :<br \/>\n<span data-sheets-root=\"1\" data-sheets-value=\"{&quot;1&quot;:2,&quot;2&quot;:&quot;&quot; Si vous aussi vous avez du mal \u00e0 parler de vous et de votre activit\u00e9 ou \u00e0 vous montrer et \u00e0 assumer votre projet, il semblerait\u00a0que cet atelier soit fait pour vous ! L'occasion de se retrouver entre femmes entrepreneures, d'avoir un espace d'\u00e9coute et de partage, et de d\u00e9poser un nouveau regard sur vous. Nous explorerons les d\u00e9calages sur la perception que vous avez de vous-m\u00eame et la perception de l'autre. L'id\u00e9e c'est que vous repartiez rebooster avec une photo de vous qui vous ressemble et qui parlera pour vous !\u00a0nAinsi cet atelier a pour objectif de :\u00a0nIntrospecter l'image qu'on a de soi et sa l\u00e9gitimit\u00e9 \u00e0 entreprendre nConscientiser ses croyances limitantes et les transformer en croyance aidante nD\u00e9velopper sa confiance en soi et en son imagenS'appuyer sur la photo-th\u00e9rapie pour nourrir une image de soi positive en tant qu'entrepreneurenCr\u00e9er une photo de vous qui vous ressemble !&quot;\u00a0&quot;}\" data-sheets-userformat=\"{&quot;2&quot;:13187,&quot;3&quot;:{&quot;1&quot;:0},&quot;4&quot;:{&quot;1&quot;:2,&quot;2&quot;:16773836},&quot;10&quot;:1,&quot;11&quot;:4,&quot;12&quot;:0,&quot;15&quot;:&quot;Hind&quot;,&quot;16&quot;:9}\">Si vous aussi vous avez du mal \u00e0 parler de vous et de votre activit\u00e9 ou \u00e0 vous montrer et \u00e0 assumer votre projet, il semblerait que cet atelier soit fait pour vous ! L&#8217;occasion de se retrouver entre femmes entrepreneures, d&#8217;avoir un espace d&#8217;\u00e9coute et de partage, et de d\u00e9poser un nouveau regard sur vous. Nous explorerons les d\u00e9calages sur la perception que vous avez de vous-m\u00eame et la perception de l&#8217;autre.<br \/>\nL&#8217;id\u00e9e c&#8217;est que vous repartiez rebooster avec une photo de vous qui vous ressemble et qui parlera pour vous !<\/span><\/p>\n<p>Ainsi cet atelier a pour objectif de :<\/p>\n<p>&#8211; Introspecter l&#8217;image qu&#8217;on a de soi et sa l\u00e9gitimit\u00e9 \u00e0 entreprendre<br \/>\n&#8211; Conscientiser ses croyances limitantes et les transformer en croyance aidante<br \/>\n&#8211; D\u00e9velopper sa confiance en soi et en son image<br \/>\n&#8211; S&#8217;appuyer sur la photo-th\u00e9rapie pour nourrir une image de soi positive en tant qu&#8217;entrepreneure<br \/>\n&#8211; Cr\u00e9er une photo de vous qui vous ressemble !<\/p>\n<p><strong>Intervenant.e.s : Morgane Lombard<\/strong><\/p>\n<p>Photographe et facilitatrice, elle (re)met le nez dans la photo en 2018 apr\u00e8s avoir travaill\u00e9 quelques ann\u00e9es dans les sph\u00e8res de l\u2019entrepreneuriat social et de l\u2019innovation. Elle travaille aujourd\u2019hui sur les questions d\u2019image de soi et accompagne des entreprises \u00e0 mettre en images leurs r\u00e9cits. Pour cela, elle propose des reportages photo et des ateliers-exp\u00e9riences.<\/p>\n<p><strong>Son super pouvoir<\/strong> : Photographe tout terrain, facilitatrice color\u00e9e et directrice artistique spontan\u00e9e, je traduis en images ce que vous dites d\u00e9j\u00e0 avec les mots !<\/p>\n<p><strong>Son petit mot<\/strong> : N&#8217;\u00e9coutez surtout pas les conseils des personnes \u00e0 qui vous ne demanderiez pas de conseils \ud83d\ude09 Et entourez-vous de celles qui vous renvoient une bonne image de vous !<\/p>\n<p><strong> Lieu<\/strong> : Sist&#8217;Her Paris, 82 rue du Faubourg Saint-Martin<\/p>\n<p><strong>Attention !<\/strong> Veuillez vous pr\u00e9senter \u00e0 l&#8217;heure pour que l&#8217;activit\u00e9 puisse commencer \u00e0 temps. Si vous avez du retard veuillez pr\u00e9venir l&#8217;intervenant.e. Si vous avez plus de 15 min de retard l&#8217;intervenant.e se r\u00e9serve le droit de ne plus vous accepter pour le coaching ou l&#8217;atelier.<\/p>\n","protected":false},"featured_media":252867,"template":"","format":"standard","meta":{"_acf_changed":false,"om_disable_all_campaigns":false,"_uf_show_specific_survey":0,"_uf_disable_surveys":false},"product_brand":[],"product_cat":[118],"product_tag":[],"lieu":[127],"thematiques":[],"class_list":{"0":"post-252866","1":"product","2":"type-product","3":"status-publish","4":"format-standard","5":"has-post-thumbnail","7":"product_cat-atelier-collectif","8":"lieu-hub-empowher","10":"first","11":"instock","12":"virtual","13":"purchasable","14":"product-type-appointment"},"exclude_global_add_ons":[],"addons":[],"acf":[],"yoast_head":"<!-- This site is optimized with the Yoast SEO plugin v24.8 - https:\/\/yoast.com\/wordpress\/plugins\/seo\/ -->\n<title>Atelier - Am\u00e9liorer sa confiance en soi et d\u00e9passer le syndrome d&#039;imposteur - Empow&#039;Her<\/title>\n<meta name=\"robots\" content=\"index, follow, max-snippet:-1, max-image-preview:large, max-video-preview:-1\" \/>\n<link rel=\"canonical\" href=\"https:\/\/empow-her.com\/en\/produit\/atelier-ameliorer-sa-confiance-en-soi-et-depasser-le-syndrome-dimposteur-2\/\" \/>\n<meta property=\"og:locale\" content=\"es_ES\" \/>\n<meta property=\"og:type\" content=\"article\" \/>\n<meta property=\"og:title\" content=\"Atelier - Am\u00e9liorer sa confiance en soi et d\u00e9passer le syndrome d&#039;imposteur - Empow&#039;Her\" \/>\n<meta property=\"og:description\" content=\"Description : Si vous aussi vous avez du mal \u00e0 parler de vous et de votre activit\u00e9 ou \u00e0 vous montrer et \u00e0 assumer votre projet, il semblerait que cet atelier soit fait pour vous ! L&#039;occasion de se retrouver entre femmes entrepreneures, d&#039;avoir un espace d&#039;\u00e9coute et de partage, et de d\u00e9poser un nouveau regard sur vous. Nous explorerons les d\u00e9calages sur la perception que vous avez de vous-m\u00eame et la perception de l&#039;autre. L&#039;id\u00e9e c&#039;est que vous repartiez rebooster avec une photo de vous qui vous ressemble et qui parlera pour vous !  Ainsi cet atelier a pour objectif de :  - Introspecter l&#039;image qu&#039;on a de soi et sa l\u00e9gitimit\u00e9 \u00e0 entreprendre - Conscientiser ses croyances limitantes et les transformer en croyance aidante - D\u00e9velopper sa confiance en soi et en son image - S&#039;appuyer sur la photo-th\u00e9rapie pour nourrir une image de soi positive en tant qu&#039;entrepreneure - Cr\u00e9er une photo de vous qui vous ressemble !  Intervenant.e.s : Morgane Lombard  Photographe et facilitatrice, elle (re)met le nez dans la photo en 2018 apr\u00e8s avoir travaill\u00e9 quelques ann\u00e9es dans les sph\u00e8res de l\u2019entrepreneuriat social et de l\u2019innovation. Elle travaille aujourd\u2019hui sur les questions d\u2019image de soi et accompagne des entreprises \u00e0 mettre en images leurs r\u00e9cits. Pour cela, elle propose des reportages photo et des ateliers-exp\u00e9riences.  Son super pouvoir : Photographe tout terrain, facilitatrice color\u00e9e et directrice artistique spontan\u00e9e, je traduis en images ce que vous dites d\u00e9j\u00e0 avec les mots !  Son petit mot : N&#039;\u00e9coutez surtout pas les conseils des personnes \u00e0 qui vous ne demanderiez pas de conseils ;-) Et entourez-vous de celles qui vous renvoient une bonne image de vous !   Lieu : Sist&#039;Her Paris, 82 rue du Faubourg Saint-Martin  Attention ! Veuillez vous pr\u00e9senter \u00e0 l&#039;heure pour que l&#039;activit\u00e9 puisse commencer \u00e0 temps. Si vous avez du retard veuillez pr\u00e9venir l&#039;intervenant.e. Si vous avez plus de 15 min de retard l&#039;intervenant.e se r\u00e9serve le droit de ne plus vous accepter pour le coaching ou l&#039;atelier.\" \/>\n<meta property=\"og:url\" content=\"https:\/\/empow-her.com\/en\/produit\/atelier-ameliorer-sa-confiance-en-soi-et-depasser-le-syndrome-dimposteur-2\/\" \/>\n<meta property=\"og:site_name\" content=\"Empow&#039;Her\" \/>\n<meta property=\"article:modified_time\" content=\"2024-07-25T10:46:07+00:00\" \/>\n<meta property=\"og:image\" content=\"https:\/\/empow-her.com\/wp-content\/uploads\/2024\/07\/Women-Dare-templates-events-11.png\" \/>\n\t<meta property=\"og:image:width\" content=\"1080\" \/>\n\t<meta property=\"og:image:height\" content=\"1080\" \/>\n\t<meta property=\"og:image:type\" content=\"image\/png\" \/>\n<meta name=\"twitter:card\" content=\"summary_large_image\" \/>\n<meta name=\"twitter:label1\" content=\"Tiempo de lectura\" \/>\n\t<meta name=\"twitter:data1\" content=\"2 minutos\" \/>\n<script type=\"application\/ld+json\" class=\"yoast-schema-graph\">{\"@context\":\"https:\/\/schema.org\",\"@graph\":[{\"@type\":\"WebPage\",\"@id\":\"https:\/\/empow-her.com\/en\/produit\/atelier-ameliorer-sa-confiance-en-soi-et-depasser-le-syndrome-dimposteur-2\/\",\"url\":\"https:\/\/empow-her.com\/en\/produit\/atelier-ameliorer-sa-confiance-en-soi-et-depasser-le-syndrome-dimposteur-2\/\",\"name\":\"Atelier - Am\u00e9liorer sa confiance en soi et d\u00e9passer le syndrome d'imposteur - Empow&#039;Her\",\"isPartOf\":{\"@id\":\"https:\/\/empow-her.com\/#website\"},\"primaryImageOfPage\":{\"@id\":\"https:\/\/empow-her.com\/en\/produit\/atelier-ameliorer-sa-confiance-en-soi-et-depasser-le-syndrome-dimposteur-2\/#primaryimage\"},\"image\":{\"@id\":\"https:\/\/empow-her.com\/en\/produit\/atelier-ameliorer-sa-confiance-en-soi-et-depasser-le-syndrome-dimposteur-2\/#primaryimage\"},\"thumbnailUrl\":\"https:\/\/empow-her.com\/wp-content\/uploads\/2024\/07\/Women-Dare-templates-events-11.png\",\"datePublished\":\"2024-07-25T10:36:22+00:00\",\"dateModified\":\"2024-07-25T10:46:07+00:00\",\"breadcrumb\":{\"@id\":\"https:\/\/empow-her.com\/en\/produit\/atelier-ameliorer-sa-confiance-en-soi-et-depasser-le-syndrome-dimposteur-2\/#breadcrumb\"},\"inLanguage\":\"es\",\"potentialAction\":[{\"@type\":\"ReadAction\",\"target\":[\"https:\/\/empow-her.com\/en\/produit\/atelier-ameliorer-sa-confiance-en-soi-et-depasser-le-syndrome-dimposteur-2\/\"]}]},{\"@type\":\"ImageObject\",\"inLanguage\":\"es\",\"@id\":\"https:\/\/empow-her.com\/en\/produit\/atelier-ameliorer-sa-confiance-en-soi-et-depasser-le-syndrome-dimposteur-2\/#primaryimage\",\"url\":\"https:\/\/empow-her.com\/wp-content\/uploads\/2024\/07\/Women-Dare-templates-events-11.png\",\"contentUrl\":\"https:\/\/empow-her.com\/wp-content\/uploads\/2024\/07\/Women-Dare-templates-events-11.png\",\"width\":1080,\"height\":1080},{\"@type\":\"BreadcrumbList\",\"@id\":\"https:\/\/empow-her.com\/en\/produit\/atelier-ameliorer-sa-confiance-en-soi-et-depasser-le-syndrome-dimposteur-2\/#breadcrumb\",\"itemListElement\":[{\"@type\":\"ListItem\",\"position\":1,\"name\":\"Accueil\",\"item\":\"https:\/\/empow-her.com\/es\/inicio\/\"},{\"@type\":\"ListItem\",\"position\":2,\"name\":\"LA BOUTIQUE\",\"item\":\"https:\/\/empow-her.com\/boutique\/\"},{\"@type\":\"ListItem\",\"position\":3,\"name\":\"Atelier &#8211; Am\u00e9liorer sa confiance en soi et d\u00e9passer le syndrome d&#8217;imposteur\"}]},{\"@type\":\"WebSite\",\"@id\":\"https:\/\/empow-her.com\/#website\",\"url\":\"https:\/\/empow-her.com\/\",\"name\":\"Empow&#039;Her\",\"description\":\"Women Development\",\"potentialAction\":[{\"@type\":\"SearchAction\",\"target\":{\"@type\":\"EntryPoint\",\"urlTemplate\":\"https:\/\/empow-her.com\/?s={search_term_string}\"},\"query-input\":{\"@type\":\"PropertyValueSpecification\",\"valueRequired\":true,\"valueName\":\"search_term_string\"}}],\"inLanguage\":\"es\"}]}<\/script>\n<!-- \/ Yoast SEO plugin. -->","yoast_head_json":{"title":"Atelier - Am\u00e9liorer sa confiance en soi et d\u00e9passer le syndrome d'imposteur - Empow&#039;Her","robots":{"index":"index","follow":"follow","max-snippet":"max-snippet:-1","max-image-preview":"max-image-preview:large","max-video-preview":"max-video-preview:-1"},"canonical":"https:\/\/empow-her.com\/en\/produit\/atelier-ameliorer-sa-confiance-en-soi-et-depasser-le-syndrome-dimposteur-2\/","og_locale":"es_ES","og_type":"article","og_title":"Atelier - Am\u00e9liorer sa confiance en soi et d\u00e9passer le syndrome d'imposteur - Empow&#039;Her","og_description":"Description : Si vous aussi vous avez du mal \u00e0 parler de vous et de votre activit\u00e9 ou \u00e0 vous montrer et \u00e0 assumer votre projet, il semblerait que cet atelier soit fait pour vous ! L'occasion de se retrouver entre femmes entrepreneures, d'avoir un espace d'\u00e9coute et de partage, et de d\u00e9poser un nouveau regard sur vous. Nous explorerons les d\u00e9calages sur la perception que vous avez de vous-m\u00eame et la perception de l'autre. L'id\u00e9e c'est que vous repartiez rebooster avec une photo de vous qui vous ressemble et qui parlera pour vous !  Ainsi cet atelier a pour objectif de :  - Introspecter l'image qu'on a de soi et sa l\u00e9gitimit\u00e9 \u00e0 entreprendre - Conscientiser ses croyances limitantes et les transformer en croyance aidante - D\u00e9velopper sa confiance en soi et en son image - S'appuyer sur la photo-th\u00e9rapie pour nourrir une image de soi positive en tant qu'entrepreneure - Cr\u00e9er une photo de vous qui vous ressemble !  Intervenant.e.s : Morgane Lombard  Photographe et facilitatrice, elle (re)met le nez dans la photo en 2018 apr\u00e8s avoir travaill\u00e9 quelques ann\u00e9es dans les sph\u00e8res de l\u2019entrepreneuriat social et de l\u2019innovation. Elle travaille aujourd\u2019hui sur les questions d\u2019image de soi et accompagne des entreprises \u00e0 mettre en images leurs r\u00e9cits. Pour cela, elle propose des reportages photo et des ateliers-exp\u00e9riences.  Son super pouvoir : Photographe tout terrain, facilitatrice color\u00e9e et directrice artistique spontan\u00e9e, je traduis en images ce que vous dites d\u00e9j\u00e0 avec les mots !  Son petit mot : N'\u00e9coutez surtout pas les conseils des personnes \u00e0 qui vous ne demanderiez pas de conseils ;-) Et entourez-vous de celles qui vous renvoient une bonne image de vous !   Lieu : Sist'Her Paris, 82 rue du Faubourg Saint-Martin  Attention ! Veuillez vous pr\u00e9senter \u00e0 l'heure pour que l'activit\u00e9 puisse commencer \u00e0 temps. Si vous avez du retard veuillez pr\u00e9venir l'intervenant.e. Si vous avez plus de 15 min de retard l'intervenant.e se r\u00e9serve le droit de ne plus vous accepter pour le coaching ou l'atelier.","og_url":"https:\/\/empow-her.com\/en\/produit\/atelier-ameliorer-sa-confiance-en-soi-et-depasser-le-syndrome-dimposteur-2\/","og_site_name":"Empow&#039;Her","article_modified_time":"2024-07-25T10:46:07+00:00","og_image":[{"width":1080,"height":1080,"url":"https:\/\/empow-her.com\/wp-content\/uploads\/2024\/07\/Women-Dare-templates-events-11.png","type":"image\/png"}],"twitter_card":"summary_large_image","twitter_misc":{"Tiempo de lectura":"2 minutos"},"schema":{"@context":"https:\/\/schema.org","@graph":[{"@type":"WebPage","@id":"https:\/\/empow-her.com\/en\/produit\/atelier-ameliorer-sa-confiance-en-soi-et-depasser-le-syndrome-dimposteur-2\/","url":"https:\/\/empow-her.com\/en\/produit\/atelier-ameliorer-sa-confiance-en-soi-et-depasser-le-syndrome-dimposteur-2\/","name":"Atelier - Am\u00e9liorer sa confiance en soi et d\u00e9passer le syndrome d'imposteur - Empow&#039;Her","isPartOf":{"@id":"https:\/\/empow-her.com\/#website"},"primaryImageOfPage":{"@id":"https:\/\/empow-her.com\/en\/produit\/atelier-ameliorer-sa-confiance-en-soi-et-depasser-le-syndrome-dimposteur-2\/#primaryimage"},"image":{"@id":"https:\/\/empow-her.com\/en\/produit\/atelier-ameliorer-sa-confiance-en-soi-et-depasser-le-syndrome-dimposteur-2\/#primaryimage"},"thumbnailUrl":"https:\/\/empow-her.com\/wp-content\/uploads\/2024\/07\/Women-Dare-templates-events-11.png","datePublished":"2024-07-25T10:36:22+00:00","dateModified":"2024-07-25T10:46:07+00:00","breadcrumb":{"@id":"https:\/\/empow-her.com\/en\/produit\/atelier-ameliorer-sa-confiance-en-soi-et-depasser-le-syndrome-dimposteur-2\/#breadcrumb"},"inLanguage":"es","potentialAction":[{"@type":"ReadAction","target":["https:\/\/empow-her.com\/en\/produit\/atelier-ameliorer-sa-confiance-en-soi-et-depasser-le-syndrome-dimposteur-2\/"]}]},{"@type":"ImageObject","inLanguage":"es","@id":"https:\/\/empow-her.com\/en\/produit\/atelier-ameliorer-sa-confiance-en-soi-et-depasser-le-syndrome-dimposteur-2\/#primaryimage","url":"https:\/\/empow-her.com\/wp-content\/uploads\/2024\/07\/Women-Dare-templates-events-11.png","contentUrl":"https:\/\/empow-her.com\/wp-content\/uploads\/2024\/07\/Women-Dare-templates-events-11.png","width":1080,"height":1080},{"@type":"BreadcrumbList","@id":"https:\/\/empow-her.com\/en\/produit\/atelier-ameliorer-sa-confiance-en-soi-et-depasser-le-syndrome-dimposteur-2\/#breadcrumb","itemListElement":[{"@type":"ListItem","position":1,"name":"Accueil","item":"https:\/\/empow-her.com\/es\/inicio\/"},{"@type":"ListItem","position":2,"name":"LA BOUTIQUE","item":"https:\/\/empow-her.com\/boutique\/"},{"@type":"ListItem","position":3,"name":"Atelier &#8211; Am\u00e9liorer sa confiance en soi et d\u00e9passer le syndrome d&#8217;imposteur"}]},{"@type":"WebSite","@id":"https:\/\/empow-her.com\/#website","url":"https:\/\/empow-her.com\/","name":"Empow&#039;Her","description":"Women Development","potentialAction":[{"@type":"SearchAction","target":{"@type":"EntryPoint","urlTemplate":"https:\/\/empow-her.com\/?s={search_term_string}"},"query-input":{"@type":"PropertyValueSpecification","valueRequired":true,"valueName":"search_term_string"}}],"inLanguage":"es"}]}},"_links":{"self":[{"href":"https:\/\/empow-her.com\/es\/wp-json\/wp\/v2\/product\/252866","targetHints":{"allow":["GET"]}}],"collection":[{"href":"https:\/\/empow-her.com\/es\/wp-json\/wp\/v2\/product"}],"about":[{"href":"https:\/\/empow-her.com\/es\/wp-json\/wp\/v2\/types\/product"}],"wp:featuredmedia":[{"embeddable":true,"href":"https:\/\/empow-her.com\/es\/wp-json\/wp\/v2\/media\/252867"}],"wp:attachment":[{"href":"https:\/\/empow-her.com\/es\/wp-json\/wp\/v2\/media?parent=252866"}],"wp:term":[{"taxonomy":"product_brand","embeddable":true,"href":"https:\/\/empow-her.com\/es\/wp-json\/wp\/v2\/product_brand?post=252866"},{"taxonomy":"product_cat","embeddable":true,"href":"https:\/\/empow-her.com\/es\/wp-json\/wp\/v2\/product_cat?post=252866"},{"taxonomy":"product_tag","embeddable":true,"href":"https:\/\/empow-her.com\/es\/wp-json\/wp\/v2\/product_tag?post=252866"},{"taxonomy":"lieu","embeddable":true,"href":"https:\/\/empow-her.com\/es\/wp-json\/wp\/v2\/lieu?post=252866"},{"taxonomy":"thematiques","embeddable":true,"href":"https:\/\/empow-her.com\/es\/wp-json\/wp\/v2\/thematiques?post=252866"}],"curies":[{"name":"wp","href":"https:\/\/api.w.org\/{rel}","templated":true}]}}