{"id":252847,"date":"2024-07-25T11:27:15","date_gmt":"2024-07-25T09:27:15","guid":{"rendered":"https:\/\/empow-her.com\/?post_type=product&#038;p=252847"},"modified":"2024-07-25T11:50:45","modified_gmt":"2024-07-25T09:50:45","slug":"coaching-financement-business-plan-46","status":"publish","type":"product","link":"https:\/\/empow-her.com\/es\/produit\/coaching-financement-business-plan-46\/","title":{"rendered":"Coaching &#8211; Financement &#038; Business Plan"},"content":{"rendered":"<p><strong>Besoin<\/strong> <strong>:<\/strong> J&#8217;ai des questions sur comment faire mon BP et concernant les financements que je peux aller chercher !<\/p>\n<p><strong>Description<\/strong> <strong>:<\/strong> Un coaching individuel avec un.e expert.e du financement pour travailler sur pr\u00e9visions, vos besoins de financements ou vous initier aux obligations comptables ! Lors de cet \u00e9change individuel, diff\u00e9rents sujets pourront \u00eatre abord\u00e9s :<\/p>\n<ul>\n<li>Vos pr\u00e9visions budg\u00e9taires et les investissements \u00e0 pr\u00e9voir pour votre projet ;<\/li>\n<li>La r\u00e9daction de votre Business Plan, la construction de votre pr\u00e9visionnel financier ;<\/li>\n<li>L&#8217;identification de solutions de financement adapt\u00e9s pour votre projet ;<\/li>\n<li>Les bases de comptabilit\u00e9 et vos obligations comptables en tant qu&#8217;entrepreneure&#8230;<\/li>\n<\/ul>\n<p><strong>Pr\u00e9-requis :<\/strong> <strong>Vous avez suivi un coaching ou particip\u00e9 \u00e0 un atelier sur le mod\u00e8le \u00e9conomique, ou bien vous avez identifi\u00e9 un mod\u00e8le \u00e9conomique<\/strong><span style=\"font-weight: 400;\">.<\/span><\/p>\n<p><strong>Intervenant: <\/strong><strong>Antoine G\u00e9rardin de Finetic<\/strong><\/p>\n<p>Je suis passionn\u00e9 par l&#8217;entrepreneuriat et les sujets \u00e0 impact social et environnemental. J&#8217;ai travaill\u00e9 dans plusieurs fonds d&#8217;investissement \u00e0 impact, ainsi qu&#8217;au sein de plusieurs startups engag\u00e9es en croissance. Je poss\u00e8de des comp\u00e9tences dans le financement, la structuration \u00e9conomique et le d\u00e9veloppement de projet entrepreneurial !<\/p>\n<p><strong>Son super pouvoir :<\/strong> Explorer tous les mod\u00e8les \u00e9conomiques possibles !<\/p>\n<p><strong>Son petit mot :<\/strong> Bravo pour cette d\u00e9marche ! D\u00e9sormais le plus important est de rester obs\u00e9d\u00e9e par votre mission et vos clients !<\/p>\n<p><strong>Dur\u00e9e<\/strong>\u00a0<strong>:<\/strong> U<span data-sheets-value=\"{&quot;1&quot;:2,&quot;2&quot;:&quot;Permanence de 4h avec un cr\u00e9neau de 1h par participante (+ 15 minutes entre chaque)&quot;}\" data-sheets-userformat=\"{&quot;2&quot;:7167,&quot;3&quot;:{&quot;1&quot;:0},&quot;4&quot;:{&quot;1&quot;:2,&quot;2&quot;:16777215},&quot;5&quot;:{&quot;1&quot;:[{&quot;1&quot;:2,&quot;2&quot;:0,&quot;5&quot;:{&quot;1&quot;:2,&quot;2&quot;:0}},{&quot;1&quot;:0,&quot;2&quot;:0,&quot;3&quot;:3},{&quot;1&quot;:1,&quot;2&quot;:0,&quot;4&quot;:1}]},&quot;6&quot;:{&quot;1&quot;:[{&quot;1&quot;:2,&quot;2&quot;:0,&quot;5&quot;:{&quot;1&quot;:2,&quot;2&quot;:0}},{&quot;1&quot;:0,&quot;2&quot;:0,&quot;3&quot;:3},{&quot;1&quot;:1,&quot;2&quot;:0,&quot;4&quot;:1}]},&quot;7&quot;:{&quot;1&quot;:[{&quot;1&quot;:2,&quot;2&quot;:0,&quot;5&quot;:{&quot;1&quot;:2,&quot;2&quot;:0}},{&quot;1&quot;:0,&quot;2&quot;:0,&quot;3&quot;:3},{&quot;1&quot;:1,&quot;2&quot;:0,&quot;4&quot;:1}]},&quot;8&quot;:{&quot;1&quot;:[{&quot;1&quot;:2,&quot;2&quot;:0,&quot;5&quot;:{&quot;1&quot;:2,&quot;2&quot;:0}},{&quot;1&quot;:0,&quot;2&quot;:0,&quot;3&quot;:3},{&quot;1&quot;:1,&quot;2&quot;:0,&quot;4&quot;:1}]},&quot;9&quot;:0,&quot;10&quot;:1,&quot;11&quot;:4,&quot;12&quot;:0,&quot;14&quot;:{&quot;1&quot;:2,&quot;2&quot;:0},&quot;15&quot;:&quot;Calibri&quot;}\">n cr\u00e9neau de 1h en individuel<\/span><\/p>\n<p><span data-sheets-value=\"{&quot;1&quot;:2,&quot;2&quot;:&quot;Attention ! \u00a0Veuillez vous pr\u00e9sentez \u00e0 l'heure pour que l'activit\u00e9 puisse commencer \u00e0 temps. Si vous avez du retard veuillez pr\u00e9venir l'intervenant.e. Si vous avez plus de 15 min de retard l'intervenant.e se r\u00e9serve le droit de plus vous accepter pour le coaching ou l'atelier.\u00a0&quot;}\" data-sheets-userformat=\"{&quot;2&quot;:641,&quot;3&quot;:{&quot;1&quot;:0},&quot;10&quot;:1,&quot;12&quot;:0}\"><strong>Attention !<\/strong> \u00a0Veuillez vous pr\u00e9senter \u00e0 l\u2019heure pour que l\u2019activit\u00e9 puisse commencer \u00e0 temps. Si vous avez du retard veuillez pr\u00e9venir l\u2019intervenant.e. Si vous avez plus de 15 min de retard l\u2019intervenant.e se r\u00e9serve le droit de ne plus vous accepter pour le coaching ou l\u2019atelier.\u00a0<\/span><\/p>\n<p>Vous souhaitez vous inscrire \u00e0 ce coaching ? Une fois que vous avez re\u00e7u l\u2019invitation Google Calendrier pour le coaching que vous avez r\u00e9serv\u00e9, envoyez un mail \u00e0 l\u2019experte qui est dans l\u2019invitation avec vous en joignant tous les documents qui lui seraient utiles pour pr\u00e9parer au mieux cette heure.<\/p>\n","protected":false},"excerpt":{"rendered":"<p><strong>Besoin<\/strong> <strong>:<\/strong> J&#8217;ai des questions sur comment faire mon BP et concernant les financements que je peux aller chercher !<\/p>\n<p><strong>Description<\/strong> <strong>:<\/strong> Un coaching individuel avec un.e expert.e du financement pour travailler sur pr\u00e9visions, vos besoins de financements ou vous initier aux obligations comptables ! Lors de cet \u00e9change individuel, diff\u00e9rents sujets pourront \u00eatre abord\u00e9s :<\/p>\n<ul>\n<li>Vos pr\u00e9visions budg\u00e9taires et les investissements \u00e0 pr\u00e9voir pour votre projet ;<\/li>\n<li>La r\u00e9daction de votre Business Plan, la construction de votre pr\u00e9visionnel financier ;<\/li>\n<li>L&#8217;identification de solutions de financement adapt\u00e9s pour votre projet ;<\/li>\n<li>Les bases de comptabilit\u00e9 et vos obligations comptables en tant qu&#8217;entrepreneure&#8230;<\/li>\n<\/ul>\n<p><strong>Pr\u00e9-requis :<\/strong> <strong>Vous avez suivi un coaching ou particip\u00e9 \u00e0 un atelier sur le mod\u00e8le \u00e9conomique, ou bien vous avez identifi\u00e9 un mod\u00e8le \u00e9conomique<\/strong><\/p>\n<p><strong>Intervenant: <\/strong><strong>Antoine G\u00e9rardin de Finetic<\/strong><\/p>\n<p>Je suis passionn\u00e9 par l&#8217;entrepreneuriat et les sujets \u00e0 impact social et environnemental. J&#8217;ai travaill\u00e9 dans plusieurs fonds d&#8217;investissement \u00e0 impact, ainsi qu&#8217;au sein de plusieurs startups engag\u00e9es en croissance. Je poss\u00e8de des comp\u00e9tences dans le financement, la structuration \u00e9conomique et le d\u00e9veloppement de projet entrepreneurial !<\/p>\n<p><strong>Son super pouvoir :<\/strong> Explorer tous les mod\u00e8les \u00e9conomiques possibles !<\/p>\n<p><strong>Son petit mot :<\/strong> Bravo pour cette d\u00e9marche ! D\u00e9sormais le plus important est de rester obs\u00e9d\u00e9e par votre mission et vos clients !<\/p>\n<p><strong>Dur\u00e9e<\/strong>\u00a0<strong>:<\/strong> U<span data-sheets-value=\"{&quot;1&quot;:2,&quot;2&quot;:&quot;Permanence de 4h avec un cr\u00e9neau de 1h par participante (+ 15 minutes entre chaque)&quot;}\" data-sheets-userformat=\"{&quot;2&quot;:7167,&quot;3&quot;:{&quot;1&quot;:0},&quot;4&quot;:{&quot;1&quot;:2,&quot;2&quot;:16777215},&quot;5&quot;:{&quot;1&quot;:[{&quot;1&quot;:2,&quot;2&quot;:0,&quot;5&quot;:{&quot;1&quot;:2,&quot;2&quot;:0}},{&quot;1&quot;:0,&quot;2&quot;:0,&quot;3&quot;:3},{&quot;1&quot;:1,&quot;2&quot;:0,&quot;4&quot;:1}]},&quot;6&quot;:{&quot;1&quot;:[{&quot;1&quot;:2,&quot;2&quot;:0,&quot;5&quot;:{&quot;1&quot;:2,&quot;2&quot;:0}},{&quot;1&quot;:0,&quot;2&quot;:0,&quot;3&quot;:3},{&quot;1&quot;:1,&quot;2&quot;:0,&quot;4&quot;:1}]},&quot;7&quot;:{&quot;1&quot;:[{&quot;1&quot;:2,&quot;2&quot;:0,&quot;5&quot;:{&quot;1&quot;:2,&quot;2&quot;:0}},{&quot;1&quot;:0,&quot;2&quot;:0,&quot;3&quot;:3},{&quot;1&quot;:1,&quot;2&quot;:0,&quot;4&quot;:1}]},&quot;8&quot;:{&quot;1&quot;:[{&quot;1&quot;:2,&quot;2&quot;:0,&quot;5&quot;:{&quot;1&quot;:2,&quot;2&quot;:0}},{&quot;1&quot;:0,&quot;2&quot;:0,&quot;3&quot;:3},{&quot;1&quot;:1,&quot;2&quot;:0,&quot;4&quot;:1}]},&quot;9&quot;:0,&quot;10&quot;:1,&quot;11&quot;:4,&quot;12&quot;:0,&quot;14&quot;:{&quot;1&quot;:2,&quot;2&quot;:0},&quot;15&quot;:&quot;Calibri&quot;}\">n cr\u00e9neau de 1h en individuel<\/span><\/p>\n<p><span data-sheets-value=\"{&quot;1&quot;:2,&quot;2&quot;:&quot;Attention ! \u00a0Veuillez vous pr\u00e9sentez \u00e0 l'heure pour que l'activit\u00e9 puisse commencer \u00e0 temps. Si vous avez du retard veuillez pr\u00e9venir l'intervenant.e. Si vous avez plus de 15 min de retard l'intervenant.e se r\u00e9serve le droit de plus vous accepter pour le coaching ou l'atelier.\u00a0&quot;}\" data-sheets-userformat=\"{&quot;2&quot;:641,&quot;3&quot;:{&quot;1&quot;:0},&quot;10&quot;:1,&quot;12&quot;:0}\"><strong>Attention !<\/strong> \u00a0Veuillez vous pr\u00e9senter \u00e0 l\u2019heure pour que l\u2019activit\u00e9 puisse commencer \u00e0 temps. Si vous avez du retard veuillez pr\u00e9venir l\u2019intervenant.e. Si vous avez plus de 15 min de retard l\u2019intervenant.e se r\u00e9serve le droit de ne plus vous accepter pour le coaching ou l\u2019atelier.\u00a0<\/span><\/p>\n<p>Vous souhaitez vous inscrire \u00e0 ce coaching ? Une fois que vous avez re\u00e7u l\u2019invitation Google Calendrier pour le coaching que vous avez r\u00e9serv\u00e9, envoyez un mail \u00e0 l\u2019experte qui est dans l\u2019invitation avec vous en joignant tous les documents qui lui seraient utiles pour pr\u00e9parer au mieux cette heure.<\/p>\n<p>&nbsp;<\/p>\n","protected":false},"featured_media":252848,"template":"","format":"standard","meta":{"_acf_changed":false,"om_disable_all_campaigns":false,"_uf_show_specific_survey":0,"_uf_disable_surveys":false},"product_brand":[],"product_cat":[121],"product_tag":[],"lieu":[125],"thematiques":[],"class_list":{"0":"post-252847","1":"product","2":"type-product","3":"status-publish","4":"format-standard","5":"has-post-thumbnail","7":"product_cat-coaching","8":"lieu-en-ligne","10":"first","11":"instock","12":"virtual","13":"purchasable","14":"product-type-appointment"},"exclude_global_add_ons":[],"addons":[],"acf":[],"yoast_head":"<!-- This site is optimized with the Yoast SEO plugin v24.8 - https:\/\/yoast.com\/wordpress\/plugins\/seo\/ -->\n<title>Coaching : financement et business plan<\/title>\n<meta name=\"robots\" content=\"index, follow, max-snippet:-1, max-image-preview:large, max-video-preview:-1\" \/>\n<link rel=\"canonical\" href=\"https:\/\/empow-her.com\/en\/produit\/coaching-financement-business-plan-46\/\" \/>\n<meta property=\"og:locale\" content=\"es_ES\" \/>\n<meta property=\"og:type\" content=\"article\" \/>\n<meta property=\"og:title\" content=\"Coaching : financement et business plan\" \/>\n<meta property=\"og:description\" content=\"Besoin : J&#039;ai des questions sur comment faire mon BP et concernant les financements que je peux aller chercher !  Description : Un coaching individuel avec un.e expert.e du financement pour travailler sur pr\u00e9visions, vos besoins de financements ou vous initier aux obligations comptables ! Lors de cet \u00e9change individuel, diff\u00e9rents sujets pourront \u00eatre abord\u00e9s :   Vos pr\u00e9visions budg\u00e9taires et les investissements \u00e0 pr\u00e9voir pour votre projet ;  La r\u00e9daction de votre Business Plan, la construction de votre pr\u00e9visionnel financier ;  L&#039;identification de solutions de financement adapt\u00e9s pour votre projet ;  Les bases de comptabilit\u00e9 et vos obligations comptables en tant qu&#039;entrepreneure...  Pr\u00e9-requis : Vous avez suivi un coaching ou particip\u00e9 \u00e0 un atelier sur le mod\u00e8le \u00e9conomique, ou bien vous avez identifi\u00e9 un mod\u00e8le \u00e9conomique  Intervenant: Antoine G\u00e9rardin de Finetic  Je suis passionn\u00e9 par l&#039;entrepreneuriat et les sujets \u00e0 impact social et environnemental. J&#039;ai travaill\u00e9 dans plusieurs fonds d&#039;investissement \u00e0 impact, ainsi qu&#039;au sein de plusieurs startups engag\u00e9es en croissance. Je poss\u00e8de des comp\u00e9tences dans le financement, la structuration \u00e9conomique et le d\u00e9veloppement de projet entrepreneurial !  Son super pouvoir : Explorer tous les mod\u00e8les \u00e9conomiques possibles !  Son petit mot : Bravo pour cette d\u00e9marche ! D\u00e9sormais le plus important est de rester obs\u00e9d\u00e9e par votre mission et vos clients !  Dur\u00e9e\u00a0: Un cr\u00e9neau de 1h en individuel  Attention ! \u00a0Veuillez vous pr\u00e9senter \u00e0 l\u2019heure pour que l\u2019activit\u00e9 puisse commencer \u00e0 temps. Si vous avez du retard veuillez pr\u00e9venir l\u2019intervenant.e. Si vous avez plus de 15 min de retard l\u2019intervenant.e se r\u00e9serve le droit de ne plus vous accepter pour le coaching ou l\u2019atelier.\u00a0  Vous souhaitez vous inscrire \u00e0 ce coaching ? Une fois que vous avez re\u00e7u l\u2019invitation Google Calendrier pour le coaching que vous avez r\u00e9serv\u00e9, envoyez un mail \u00e0 l\u2019experte qui est dans l\u2019invitation avec vous en joignant tous les documents qui lui seraient utiles pour pr\u00e9parer au mieux cette heure.  &nbsp;\" \/>\n<meta property=\"og:url\" content=\"https:\/\/empow-her.com\/en\/produit\/coaching-financement-business-plan-46\/\" \/>\n<meta property=\"og:site_name\" content=\"Empow&#039;Her\" \/>\n<meta property=\"article:modified_time\" content=\"2024-07-25T09:50:45+00:00\" \/>\n<meta property=\"og:image\" content=\"https:\/\/empow-her.com\/wp-content\/uploads\/2024\/07\/Women-Dare-templates-events-7.png\" \/>\n\t<meta property=\"og:image:width\" content=\"1080\" \/>\n\t<meta property=\"og:image:height\" content=\"1080\" \/>\n\t<meta property=\"og:image:type\" content=\"image\/png\" \/>\n<meta name=\"twitter:card\" content=\"summary_large_image\" \/>\n<meta name=\"twitter:label1\" content=\"Tiempo de lectura\" \/>\n\t<meta name=\"twitter:data1\" content=\"2 minutos\" \/>\n<script type=\"application\/ld+json\" class=\"yoast-schema-graph\">{\"@context\":\"https:\/\/schema.org\",\"@graph\":[{\"@type\":\"WebPage\",\"@id\":\"https:\/\/empow-her.com\/en\/produit\/coaching-financement-business-plan-46\/\",\"url\":\"https:\/\/empow-her.com\/en\/produit\/coaching-financement-business-plan-46\/\",\"name\":\"Coaching : financement et business plan\",\"isPartOf\":{\"@id\":\"https:\/\/empow-her.com\/#website\"},\"primaryImageOfPage\":{\"@id\":\"https:\/\/empow-her.com\/en\/produit\/coaching-financement-business-plan-46\/#primaryimage\"},\"image\":{\"@id\":\"https:\/\/empow-her.com\/en\/produit\/coaching-financement-business-plan-46\/#primaryimage\"},\"thumbnailUrl\":\"https:\/\/empow-her.com\/wp-content\/uploads\/2024\/07\/Women-Dare-templates-events-7.png\",\"datePublished\":\"2024-07-25T09:27:15+00:00\",\"dateModified\":\"2024-07-25T09:50:45+00:00\",\"breadcrumb\":{\"@id\":\"https:\/\/empow-her.com\/en\/produit\/coaching-financement-business-plan-46\/#breadcrumb\"},\"inLanguage\":\"es\",\"potentialAction\":[{\"@type\":\"ReadAction\",\"target\":[\"https:\/\/empow-her.com\/en\/produit\/coaching-financement-business-plan-46\/\"]}]},{\"@type\":\"ImageObject\",\"inLanguage\":\"es\",\"@id\":\"https:\/\/empow-her.com\/en\/produit\/coaching-financement-business-plan-46\/#primaryimage\",\"url\":\"https:\/\/empow-her.com\/wp-content\/uploads\/2024\/07\/Women-Dare-templates-events-7.png\",\"contentUrl\":\"https:\/\/empow-her.com\/wp-content\/uploads\/2024\/07\/Women-Dare-templates-events-7.png\",\"width\":1080,\"height\":1080},{\"@type\":\"BreadcrumbList\",\"@id\":\"https:\/\/empow-her.com\/en\/produit\/coaching-financement-business-plan-46\/#breadcrumb\",\"itemListElement\":[{\"@type\":\"ListItem\",\"position\":1,\"name\":\"Accueil\",\"item\":\"https:\/\/empow-her.com\/es\/inicio\/\"},{\"@type\":\"ListItem\",\"position\":2,\"name\":\"LA BOUTIQUE\",\"item\":\"https:\/\/empow-her.com\/boutique\/\"},{\"@type\":\"ListItem\",\"position\":3,\"name\":\"Coaching &#8211; Financement &#038; Business Plan\"}]},{\"@type\":\"WebSite\",\"@id\":\"https:\/\/empow-her.com\/#website\",\"url\":\"https:\/\/empow-her.com\/\",\"name\":\"Empow&#039;Her\",\"description\":\"Women Development\",\"potentialAction\":[{\"@type\":\"SearchAction\",\"target\":{\"@type\":\"EntryPoint\",\"urlTemplate\":\"https:\/\/empow-her.com\/?s={search_term_string}\"},\"query-input\":{\"@type\":\"PropertyValueSpecification\",\"valueRequired\":true,\"valueName\":\"search_term_string\"}}],\"inLanguage\":\"es\"}]}<\/script>\n<!-- \/ Yoast SEO plugin. -->","yoast_head_json":{"title":"Coaching : financement et business plan","robots":{"index":"index","follow":"follow","max-snippet":"max-snippet:-1","max-image-preview":"max-image-preview:large","max-video-preview":"max-video-preview:-1"},"canonical":"https:\/\/empow-her.com\/en\/produit\/coaching-financement-business-plan-46\/","og_locale":"es_ES","og_type":"article","og_title":"Coaching : financement et business plan","og_description":"Besoin : J'ai des questions sur comment faire mon BP et concernant les financements que je peux aller chercher !  Description : Un coaching individuel avec un.e expert.e du financement pour travailler sur pr\u00e9visions, vos besoins de financements ou vous initier aux obligations comptables ! Lors de cet \u00e9change individuel, diff\u00e9rents sujets pourront \u00eatre abord\u00e9s :   Vos pr\u00e9visions budg\u00e9taires et les investissements \u00e0 pr\u00e9voir pour votre projet ;  La r\u00e9daction de votre Business Plan, la construction de votre pr\u00e9visionnel financier ;  L'identification de solutions de financement adapt\u00e9s pour votre projet ;  Les bases de comptabilit\u00e9 et vos obligations comptables en tant qu'entrepreneure...  Pr\u00e9-requis : Vous avez suivi un coaching ou particip\u00e9 \u00e0 un atelier sur le mod\u00e8le \u00e9conomique, ou bien vous avez identifi\u00e9 un mod\u00e8le \u00e9conomique  Intervenant: Antoine G\u00e9rardin de Finetic  Je suis passionn\u00e9 par l'entrepreneuriat et les sujets \u00e0 impact social et environnemental. J'ai travaill\u00e9 dans plusieurs fonds d'investissement \u00e0 impact, ainsi qu'au sein de plusieurs startups engag\u00e9es en croissance. Je poss\u00e8de des comp\u00e9tences dans le financement, la structuration \u00e9conomique et le d\u00e9veloppement de projet entrepreneurial !  Son super pouvoir : Explorer tous les mod\u00e8les \u00e9conomiques possibles !  Son petit mot : Bravo pour cette d\u00e9marche ! D\u00e9sormais le plus important est de rester obs\u00e9d\u00e9e par votre mission et vos clients !  Dur\u00e9e\u00a0: Un cr\u00e9neau de 1h en individuel  Attention ! \u00a0Veuillez vous pr\u00e9senter \u00e0 l\u2019heure pour que l\u2019activit\u00e9 puisse commencer \u00e0 temps. Si vous avez du retard veuillez pr\u00e9venir l\u2019intervenant.e. Si vous avez plus de 15 min de retard l\u2019intervenant.e se r\u00e9serve le droit de ne plus vous accepter pour le coaching ou l\u2019atelier.\u00a0  Vous souhaitez vous inscrire \u00e0 ce coaching ? Une fois que vous avez re\u00e7u l\u2019invitation Google Calendrier pour le coaching que vous avez r\u00e9serv\u00e9, envoyez un mail \u00e0 l\u2019experte qui est dans l\u2019invitation avec vous en joignant tous les documents qui lui seraient utiles pour pr\u00e9parer au mieux cette heure.  &nbsp;","og_url":"https:\/\/empow-her.com\/en\/produit\/coaching-financement-business-plan-46\/","og_site_name":"Empow&#039;Her","article_modified_time":"2024-07-25T09:50:45+00:00","og_image":[{"width":1080,"height":1080,"url":"https:\/\/empow-her.com\/wp-content\/uploads\/2024\/07\/Women-Dare-templates-events-7.png","type":"image\/png"}],"twitter_card":"summary_large_image","twitter_misc":{"Tiempo de lectura":"2 minutos"},"schema":{"@context":"https:\/\/schema.org","@graph":[{"@type":"WebPage","@id":"https:\/\/empow-her.com\/en\/produit\/coaching-financement-business-plan-46\/","url":"https:\/\/empow-her.com\/en\/produit\/coaching-financement-business-plan-46\/","name":"Coaching : financement et business plan","isPartOf":{"@id":"https:\/\/empow-her.com\/#website"},"primaryImageOfPage":{"@id":"https:\/\/empow-her.com\/en\/produit\/coaching-financement-business-plan-46\/#primaryimage"},"image":{"@id":"https:\/\/empow-her.com\/en\/produit\/coaching-financement-business-plan-46\/#primaryimage"},"thumbnailUrl":"https:\/\/empow-her.com\/wp-content\/uploads\/2024\/07\/Women-Dare-templates-events-7.png","datePublished":"2024-07-25T09:27:15+00:00","dateModified":"2024-07-25T09:50:45+00:00","breadcrumb":{"@id":"https:\/\/empow-her.com\/en\/produit\/coaching-financement-business-plan-46\/#breadcrumb"},"inLanguage":"es","potentialAction":[{"@type":"ReadAction","target":["https:\/\/empow-her.com\/en\/produit\/coaching-financement-business-plan-46\/"]}]},{"@type":"ImageObject","inLanguage":"es","@id":"https:\/\/empow-her.com\/en\/produit\/coaching-financement-business-plan-46\/#primaryimage","url":"https:\/\/empow-her.com\/wp-content\/uploads\/2024\/07\/Women-Dare-templates-events-7.png","contentUrl":"https:\/\/empow-her.com\/wp-content\/uploads\/2024\/07\/Women-Dare-templates-events-7.png","width":1080,"height":1080},{"@type":"BreadcrumbList","@id":"https:\/\/empow-her.com\/en\/produit\/coaching-financement-business-plan-46\/#breadcrumb","itemListElement":[{"@type":"ListItem","position":1,"name":"Accueil","item":"https:\/\/empow-her.com\/es\/inicio\/"},{"@type":"ListItem","position":2,"name":"LA BOUTIQUE","item":"https:\/\/empow-her.com\/boutique\/"},{"@type":"ListItem","position":3,"name":"Coaching &#8211; Financement &#038; Business Plan"}]},{"@type":"WebSite","@id":"https:\/\/empow-her.com\/#website","url":"https:\/\/empow-her.com\/","name":"Empow&#039;Her","description":"Women Development","potentialAction":[{"@type":"SearchAction","target":{"@type":"EntryPoint","urlTemplate":"https:\/\/empow-her.com\/?s={search_term_string}"},"query-input":{"@type":"PropertyValueSpecification","valueRequired":true,"valueName":"search_term_string"}}],"inLanguage":"es"}]}},"_links":{"self":[{"href":"https:\/\/empow-her.com\/es\/wp-json\/wp\/v2\/product\/252847","targetHints":{"allow":["GET"]}}],"collection":[{"href":"https:\/\/empow-her.com\/es\/wp-json\/wp\/v2\/product"}],"about":[{"href":"https:\/\/empow-her.com\/es\/wp-json\/wp\/v2\/types\/product"}],"wp:featuredmedia":[{"embeddable":true,"href":"https:\/\/empow-her.com\/es\/wp-json\/wp\/v2\/media\/252848"}],"wp:attachment":[{"href":"https:\/\/empow-her.com\/es\/wp-json\/wp\/v2\/media?parent=252847"}],"wp:term":[{"taxonomy":"product_brand","embeddable":true,"href":"https:\/\/empow-her.com\/es\/wp-json\/wp\/v2\/product_brand?post=252847"},{"taxonomy":"product_cat","embeddable":true,"href":"https:\/\/empow-her.com\/es\/wp-json\/wp\/v2\/product_cat?post=252847"},{"taxonomy":"product_tag","embeddable":true,"href":"https:\/\/empow-her.com\/es\/wp-json\/wp\/v2\/product_tag?post=252847"},{"taxonomy":"lieu","embeddable":true,"href":"https:\/\/empow-her.com\/es\/wp-json\/wp\/v2\/lieu?post=252847"},{"taxonomy":"thematiques","embeddable":true,"href":"https:\/\/empow-her.com\/es\/wp-json\/wp\/v2\/thematiques?post=252847"}],"curies":[{"name":"wp","href":"https:\/\/api.w.org\/{rel}","templated":true}]}}