{"id":248946,"date":"2024-05-07T13:09:08","date_gmt":"2024-05-07T11:09:08","guid":{"rendered":"https:\/\/empow-her.com\/?post_type=product&#038;p=248946"},"modified":"2024-05-31T13:00:13","modified_gmt":"2024-05-31T11:00:13","slug":"coaching-construire-sa-strategie-commerciale-5","status":"publish","type":"product","link":"https:\/\/empow-her.com\/es\/produit\/coaching-construire-sa-strategie-commerciale-5\/","title":{"rendered":"Coaching &#8211; Construire sa strat\u00e9gie commerciale"},"content":{"rendered":"<p><strong>Besoin :<\/strong><br \/>\nVous avez \u00e9bauch\u00e9 une offre (\u00e0 partir d&#8217;un produit ou service) et vous avez des questions sans r\u00e9ponse : quels sont les bons canaux pour toucher vos cibles ? Comment diffuser et vendre au mieux mes offres ?<\/p>\n<p>En une heure, nous travaillerons ensemble sur quelques raisonnements et outils simples pour r\u00e9pondre \u00e0 vos questions concernant la strat\u00e9gie commerciale.<br \/>\nVous ressortirez de cet accompagnement avec des pistes pour d\u00e9velopper votre activit\u00e9, des outils adapt\u00e9s ou une feuille de route pr\u00eate \u00e0 l&#8217;emploi, selon votre besoin.<\/p>\n<p><strong>NB :<\/strong> Cette permanence est particuli\u00e8rement adapt\u00e9e si vous avez particip\u00e9 en amont \u00e0 l&#8217;atelier &#8220;Planifier et lancer une activit\u00e9 commerciale efficace&#8221;.<\/p>\n<p>Avant la session, n&#8217;h\u00e9sitez pas \u00e0 envoyer vos questions pr\u00e9cises (si vous en avez), ou tout autre document utile \u00e0 l&#8217;\u00e9quipe d&#8217;accompagnement Empow&#8217;Her, qui pourra les transmettre \u00e0 l&#8217;\u00e9quipe de plus1 pour pr\u00e9parer au mieux votre \u00e9change !<\/p>\n<p><strong>Intervenant.e : Alice De Castelnau <\/strong>de Plus 1<\/p>\n<p>J&#8217;accompagne les associations, les entreprises et les porteur.euse.s de projets \u00e0 fort impact depuis bient\u00f4t 15 ans sur leurs probl\u00e9matiques de d\u00e9veloppement et d&#8217;organisation. Mes dadas : la strat\u00e9gie de d\u00e9veloppement et la strat\u00e9gie commerciale, en particulier quand il faut inventer des mod\u00e8les hybrides : pas 100% lucratif et pas 100% non lucratif. Sant\u00e9, mal logement, migrations, mode \u00e9thique ou encore mobilit\u00e9 douce, je suis intervenue dans beaucoup de secteurs et tous me passionnent. Hasard ou pas, les porteuses de projet que j&#8217;ai accompagn\u00e9 individuellement \u00e9taient toutes des femmes. J&#8217;ai moi-m\u00eame lanc\u00e9 un projet entrepreneurial il y a quelques ann\u00e9es, ce qui m&#8217;a permis d&#8217;identifier clairement les difficult\u00e9s auxquelles on est confront\u00e9.e, les facteurs de succ\u00e8s, les facteurs d&#8217;\u00e9chec.<\/p>\n<p><strong>Son super pouvoir<\/strong> : J&#8217;ai r\u00e9ponse \u00e0 tout (mais je ne garantis pas qu&#8217;on aime la r\u00e9ponse \u00e0 chaque fois)<\/p>\n<p><strong>Leur petit mot :<\/strong> N&#8217;ayez pas peur d&#8217;oser mais ne vous oubliez jamais.<\/p>\n<p><strong>Attention !<\/strong> Veuillez vous pr\u00e9senter \u00e0 l&#8217;heure pour que l&#8217;activit\u00e9 puisse commencer \u00e0 temps. Si vous avez du retard veuillez pr\u00e9venir l&#8217;intervenant.e. Si vous avez plus de 15 min de retard l&#8217;intervenant.e se r\u00e9serve le droit de ne plus vous accepter pour le coaching ou l&#8217;atelier<\/p>\n","protected":false},"excerpt":{"rendered":"<p><strong>Besoin :<\/strong><br \/>\nVous avez \u00e9bauch\u00e9 une offre (\u00e0 partir d&#8217;un produit ou service) et vous avez des questions sans r\u00e9ponse : quels sont les bons canaux pour toucher vos cibles ? Comment diffuser et vendre au mieux mes offres ?<\/p>\n<p>En une heure, nous travaillerons ensemble sur quelques raisonnements et outils simples pour r\u00e9pondre \u00e0 vos questions concernant la strat\u00e9gie commerciale.<br \/>\nVous ressortirez de cet accompagnement avec des pistes pour d\u00e9velopper votre activit\u00e9, des outils adapt\u00e9s ou une feuille de route pr\u00eate \u00e0 l&#8217;emploi, selon votre besoin.<\/p>\n<p><strong>NB :<\/strong> Cette permanence est particuli\u00e8rement adapt\u00e9e si vous avez particip\u00e9 en amont \u00e0 l&#8217;atelier &#8220;Planifier et lancer une activit\u00e9 commerciale efficace&#8221;.<\/p>\n<p>Avant la session, n&#8217;h\u00e9sitez pas \u00e0 envoyer vos questions pr\u00e9cises (si vous en avez), ou tout autre document utile \u00e0 l&#8217;\u00e9quipe d&#8217;accompagnement Empow&#8217;Her, qui pourra les transmettre \u00e0 l&#8217;\u00e9quipe de plus1 pour pr\u00e9parer au mieux votre \u00e9change !<\/p>\n<p><strong>Intervenant.e : <\/strong><strong>Alice De Castelnau de Plus 1<\/strong><\/p>\n<p>J&#8217;accompagne les associations, les entreprises et les porteur.euse.s de projets \u00e0 fort impact depuis bient\u00f4t 15 ans sur leurs probl\u00e9matiques de d\u00e9veloppement et d&#8217;organisation. Mes dadas : la strat\u00e9gie de d\u00e9veloppement et la strat\u00e9gie commerciale, en particulier quand il faut inventer des mod\u00e8les hybrides : pas 100% lucratif et pas 100% non lucratif. Sant\u00e9, mal logement, migrations, mode \u00e9thique ou encore mobilit\u00e9 douce, je suis intervenue dans beaucoup de secteurs et tous me passionnent.<br \/>\nHasard ou pas, les porteuses de projet que j&#8217;ai accompagn\u00e9 individuellement \u00e9taient toutes des femmes. J&#8217;ai moi-m\u00eame lanc\u00e9 un projet entrepreneurial il y a quelques ann\u00e9es, ce qui m&#8217;a permis d&#8217;identifier clairement les difficult\u00e9s auxquelles on est confront\u00e9.e, les facteurs de succ\u00e8s, les facteurs d&#8217;\u00e9chec.<br \/>\nL&#8217;exp\u00e9rience la plus marquante (pour moi) est une mission d&#8217;observation dans la maison d&#8217;arr\u00eat de Mulhouse pour analyser des m\u00e9thodes de m\u00e9diation animale propos\u00e9es aux d\u00e9tenus : le niveau d&#8217;immersion \u00e9tait in\u00e9galable.<\/p>\n<p><strong>Son super pouvoir :\u00a0<\/strong>J&#8217;ai r\u00e9ponse \u00e0 tout (mais je ne garantis pas qu&#8217;on aime la r\u00e9ponse \u00e0 chaque fois)<\/p>\n<p><strong>Son petit mot :<\/strong> N&#8217;ayez pas peur d&#8217;oser mais ne vous oubliez jamais.<\/p>\n<p><strong>Attention !<\/strong> Veuillez vous pr\u00e9senter \u00e0 l&#8217;heure pour que l&#8217;activit\u00e9 puisse commencer \u00e0 temps. Si vous avez du retard veuillez pr\u00e9venir l&#8217;intervenant.e. Si vous avez plus de 15 min de retard l&#8217;intervenant.e se r\u00e9serve le droit de ne plus vous accepter pour le coaching ou l&#8217;atelier.<\/p>\n","protected":false},"featured_media":250787,"template":"","format":"standard","meta":{"_acf_changed":false,"om_disable_all_campaigns":false,"_uf_show_specific_survey":0,"_uf_disable_surveys":false},"product_brand":[],"product_cat":[121],"product_tag":[],"lieu":[125],"thematiques":[],"class_list":{"0":"post-248946","1":"product","2":"type-product","3":"status-publish","4":"format-standard","5":"has-post-thumbnail","7":"product_cat-coaching","8":"lieu-en-ligne","10":"first","11":"instock","12":"virtual","13":"purchasable","14":"product-type-appointment"},"exclude_global_add_ons":[],"addons":[],"acf":[],"yoast_head":"<!-- This site is optimized with the Yoast SEO plugin v24.8 - https:\/\/yoast.com\/wordpress\/plugins\/seo\/ -->\n<title>Coaching - Construire sa strat\u00e9gie commerciale - Empow&#039;Her<\/title>\n<meta name=\"robots\" content=\"index, follow, max-snippet:-1, max-image-preview:large, max-video-preview:-1\" \/>\n<link rel=\"canonical\" href=\"https:\/\/empow-her.com\/en\/produit\/coaching-construire-sa-strategie-commerciale-5\/\" \/>\n<meta property=\"og:locale\" content=\"es_ES\" \/>\n<meta property=\"og:type\" content=\"article\" \/>\n<meta property=\"og:title\" content=\"Coaching - Construire sa strat\u00e9gie commerciale - Empow&#039;Her\" \/>\n<meta property=\"og:description\" content=\"Besoin : Vous avez \u00e9bauch\u00e9 une offre (\u00e0 partir d&#039;un produit ou service) et vous avez des questions sans r\u00e9ponse : quels sont les bons canaux pour toucher vos cibles ? Comment diffuser et vendre au mieux mes offres ?  En une heure, nous travaillerons ensemble sur quelques raisonnements et outils simples pour r\u00e9pondre \u00e0 vos questions concernant la strat\u00e9gie commerciale. Vous ressortirez de cet accompagnement avec des pistes pour d\u00e9velopper votre activit\u00e9, des outils adapt\u00e9s ou une feuille de route pr\u00eate \u00e0 l&#039;emploi, selon votre besoin.  NB : Cette permanence est particuli\u00e8rement adapt\u00e9e si vous avez particip\u00e9 en amont \u00e0 l&#039;atelier &quot;Planifier et lancer une activit\u00e9 commerciale efficace&quot;.  Avant la session, n&#039;h\u00e9sitez pas \u00e0 envoyer vos questions pr\u00e9cises (si vous en avez), ou tout autre document utile \u00e0 l&#039;\u00e9quipe d&#039;accompagnement Empow&#039;Her, qui pourra les transmettre \u00e0 l&#039;\u00e9quipe de plus1 pour pr\u00e9parer au mieux votre \u00e9change !  Intervenant.e : Alice De Castelnau de Plus 1  J&#039;accompagne les associations, les entreprises et les porteur.euse.s de projets \u00e0 fort impact depuis bient\u00f4t 15 ans sur leurs probl\u00e9matiques de d\u00e9veloppement et d&#039;organisation. Mes dadas : la strat\u00e9gie de d\u00e9veloppement et la strat\u00e9gie commerciale, en particulier quand il faut inventer des mod\u00e8les hybrides : pas 100% lucratif et pas 100% non lucratif. Sant\u00e9, mal logement, migrations, mode \u00e9thique ou encore mobilit\u00e9 douce, je suis intervenue dans beaucoup de secteurs et tous me passionnent. Hasard ou pas, les porteuses de projet que j&#039;ai accompagn\u00e9 individuellement \u00e9taient toutes des femmes. J&#039;ai moi-m\u00eame lanc\u00e9 un projet entrepreneurial il y a quelques ann\u00e9es, ce qui m&#039;a permis d&#039;identifier clairement les difficult\u00e9s auxquelles on est confront\u00e9.e, les facteurs de succ\u00e8s, les facteurs d&#039;\u00e9chec. L&#039;exp\u00e9rience la plus marquante (pour moi) est une mission d&#039;observation dans la maison d&#039;arr\u00eat de Mulhouse pour analyser des m\u00e9thodes de m\u00e9diation animale propos\u00e9es aux d\u00e9tenus : le niveau d&#039;immersion \u00e9tait in\u00e9galable.  Son super pouvoir :\u00a0J&#039;ai r\u00e9ponse \u00e0 tout (mais je ne garantis pas qu&#039;on aime la r\u00e9ponse \u00e0 chaque fois)  Son petit mot : N&#039;ayez pas peur d&#039;oser mais ne vous oubliez jamais.  Attention ! Veuillez vous pr\u00e9senter \u00e0 l&#039;heure pour que l&#039;activit\u00e9 puisse commencer \u00e0 temps. Si vous avez du retard veuillez pr\u00e9venir l&#039;intervenant.e. Si vous avez plus de 15 min de retard l&#039;intervenant.e se r\u00e9serve le droit de ne plus vous accepter pour le coaching ou l&#039;atelier.\" \/>\n<meta property=\"og:url\" content=\"https:\/\/empow-her.com\/en\/produit\/coaching-construire-sa-strategie-commerciale-5\/\" \/>\n<meta property=\"og:site_name\" content=\"Empow&#039;Her\" \/>\n<meta property=\"article:modified_time\" content=\"2024-05-31T11:00:13+00:00\" \/>\n<meta property=\"og:image\" content=\"https:\/\/empow-her.com\/wp-content\/uploads\/2024\/05\/Women-Dare-templates-events34.png\" \/>\n\t<meta property=\"og:image:width\" content=\"1080\" \/>\n\t<meta property=\"og:image:height\" content=\"1080\" \/>\n\t<meta property=\"og:image:type\" content=\"image\/png\" \/>\n<meta name=\"twitter:card\" content=\"summary_large_image\" \/>\n<meta name=\"twitter:label1\" content=\"Tiempo de lectura\" \/>\n\t<meta name=\"twitter:data1\" content=\"2 minutos\" \/>\n<script type=\"application\/ld+json\" class=\"yoast-schema-graph\">{\"@context\":\"https:\/\/schema.org\",\"@graph\":[{\"@type\":\"WebPage\",\"@id\":\"https:\/\/empow-her.com\/en\/produit\/coaching-construire-sa-strategie-commerciale-5\/\",\"url\":\"https:\/\/empow-her.com\/en\/produit\/coaching-construire-sa-strategie-commerciale-5\/\",\"name\":\"Coaching - Construire sa strat\u00e9gie commerciale - Empow&#039;Her\",\"isPartOf\":{\"@id\":\"https:\/\/empow-her.com\/#website\"},\"primaryImageOfPage\":{\"@id\":\"https:\/\/empow-her.com\/en\/produit\/coaching-construire-sa-strategie-commerciale-5\/#primaryimage\"},\"image\":{\"@id\":\"https:\/\/empow-her.com\/en\/produit\/coaching-construire-sa-strategie-commerciale-5\/#primaryimage\"},\"thumbnailUrl\":\"https:\/\/empow-her.com\/wp-content\/uploads\/2024\/05\/Women-Dare-templates-events34.png\",\"datePublished\":\"2024-05-07T11:09:08+00:00\",\"dateModified\":\"2024-05-31T11:00:13+00:00\",\"breadcrumb\":{\"@id\":\"https:\/\/empow-her.com\/en\/produit\/coaching-construire-sa-strategie-commerciale-5\/#breadcrumb\"},\"inLanguage\":\"es\",\"potentialAction\":[{\"@type\":\"ReadAction\",\"target\":[\"https:\/\/empow-her.com\/en\/produit\/coaching-construire-sa-strategie-commerciale-5\/\"]}]},{\"@type\":\"ImageObject\",\"inLanguage\":\"es\",\"@id\":\"https:\/\/empow-her.com\/en\/produit\/coaching-construire-sa-strategie-commerciale-5\/#primaryimage\",\"url\":\"https:\/\/empow-her.com\/wp-content\/uploads\/2024\/05\/Women-Dare-templates-events34.png\",\"contentUrl\":\"https:\/\/empow-her.com\/wp-content\/uploads\/2024\/05\/Women-Dare-templates-events34.png\",\"width\":1080,\"height\":1080},{\"@type\":\"BreadcrumbList\",\"@id\":\"https:\/\/empow-her.com\/en\/produit\/coaching-construire-sa-strategie-commerciale-5\/#breadcrumb\",\"itemListElement\":[{\"@type\":\"ListItem\",\"position\":1,\"name\":\"Accueil\",\"item\":\"https:\/\/empow-her.com\/es\/inicio\/\"},{\"@type\":\"ListItem\",\"position\":2,\"name\":\"LA BOUTIQUE\",\"item\":\"https:\/\/empow-her.com\/boutique\/\"},{\"@type\":\"ListItem\",\"position\":3,\"name\":\"Coaching &#8211; Construire sa strat\u00e9gie commerciale\"}]},{\"@type\":\"WebSite\",\"@id\":\"https:\/\/empow-her.com\/#website\",\"url\":\"https:\/\/empow-her.com\/\",\"name\":\"Empow&#039;Her\",\"description\":\"Women Development\",\"potentialAction\":[{\"@type\":\"SearchAction\",\"target\":{\"@type\":\"EntryPoint\",\"urlTemplate\":\"https:\/\/empow-her.com\/?s={search_term_string}\"},\"query-input\":{\"@type\":\"PropertyValueSpecification\",\"valueRequired\":true,\"valueName\":\"search_term_string\"}}],\"inLanguage\":\"es\"}]}<\/script>\n<!-- \/ Yoast SEO plugin. -->","yoast_head_json":{"title":"Coaching - Construire sa strat\u00e9gie commerciale - Empow&#039;Her","robots":{"index":"index","follow":"follow","max-snippet":"max-snippet:-1","max-image-preview":"max-image-preview:large","max-video-preview":"max-video-preview:-1"},"canonical":"https:\/\/empow-her.com\/en\/produit\/coaching-construire-sa-strategie-commerciale-5\/","og_locale":"es_ES","og_type":"article","og_title":"Coaching - Construire sa strat\u00e9gie commerciale - Empow&#039;Her","og_description":"Besoin : Vous avez \u00e9bauch\u00e9 une offre (\u00e0 partir d'un produit ou service) et vous avez des questions sans r\u00e9ponse : quels sont les bons canaux pour toucher vos cibles ? Comment diffuser et vendre au mieux mes offres ?  En une heure, nous travaillerons ensemble sur quelques raisonnements et outils simples pour r\u00e9pondre \u00e0 vos questions concernant la strat\u00e9gie commerciale. Vous ressortirez de cet accompagnement avec des pistes pour d\u00e9velopper votre activit\u00e9, des outils adapt\u00e9s ou une feuille de route pr\u00eate \u00e0 l'emploi, selon votre besoin.  NB : Cette permanence est particuli\u00e8rement adapt\u00e9e si vous avez particip\u00e9 en amont \u00e0 l'atelier \"Planifier et lancer une activit\u00e9 commerciale efficace\".  Avant la session, n'h\u00e9sitez pas \u00e0 envoyer vos questions pr\u00e9cises (si vous en avez), ou tout autre document utile \u00e0 l'\u00e9quipe d'accompagnement Empow'Her, qui pourra les transmettre \u00e0 l'\u00e9quipe de plus1 pour pr\u00e9parer au mieux votre \u00e9change !  Intervenant.e : Alice De Castelnau de Plus 1  J'accompagne les associations, les entreprises et les porteur.euse.s de projets \u00e0 fort impact depuis bient\u00f4t 15 ans sur leurs probl\u00e9matiques de d\u00e9veloppement et d'organisation. Mes dadas : la strat\u00e9gie de d\u00e9veloppement et la strat\u00e9gie commerciale, en particulier quand il faut inventer des mod\u00e8les hybrides : pas 100% lucratif et pas 100% non lucratif. Sant\u00e9, mal logement, migrations, mode \u00e9thique ou encore mobilit\u00e9 douce, je suis intervenue dans beaucoup de secteurs et tous me passionnent. Hasard ou pas, les porteuses de projet que j'ai accompagn\u00e9 individuellement \u00e9taient toutes des femmes. J'ai moi-m\u00eame lanc\u00e9 un projet entrepreneurial il y a quelques ann\u00e9es, ce qui m'a permis d'identifier clairement les difficult\u00e9s auxquelles on est confront\u00e9.e, les facteurs de succ\u00e8s, les facteurs d'\u00e9chec. L'exp\u00e9rience la plus marquante (pour moi) est une mission d'observation dans la maison d'arr\u00eat de Mulhouse pour analyser des m\u00e9thodes de m\u00e9diation animale propos\u00e9es aux d\u00e9tenus : le niveau d'immersion \u00e9tait in\u00e9galable.  Son super pouvoir :\u00a0J'ai r\u00e9ponse \u00e0 tout (mais je ne garantis pas qu'on aime la r\u00e9ponse \u00e0 chaque fois)  Son petit mot : N'ayez pas peur d'oser mais ne vous oubliez jamais.  Attention ! Veuillez vous pr\u00e9senter \u00e0 l'heure pour que l'activit\u00e9 puisse commencer \u00e0 temps. Si vous avez du retard veuillez pr\u00e9venir l'intervenant.e. Si vous avez plus de 15 min de retard l'intervenant.e se r\u00e9serve le droit de ne plus vous accepter pour le coaching ou l'atelier.","og_url":"https:\/\/empow-her.com\/en\/produit\/coaching-construire-sa-strategie-commerciale-5\/","og_site_name":"Empow&#039;Her","article_modified_time":"2024-05-31T11:00:13+00:00","og_image":[{"width":1080,"height":1080,"url":"https:\/\/empow-her.com\/wp-content\/uploads\/2024\/05\/Women-Dare-templates-events34.png","type":"image\/png"}],"twitter_card":"summary_large_image","twitter_misc":{"Tiempo de lectura":"2 minutos"},"schema":{"@context":"https:\/\/schema.org","@graph":[{"@type":"WebPage","@id":"https:\/\/empow-her.com\/en\/produit\/coaching-construire-sa-strategie-commerciale-5\/","url":"https:\/\/empow-her.com\/en\/produit\/coaching-construire-sa-strategie-commerciale-5\/","name":"Coaching - Construire sa strat\u00e9gie commerciale - Empow&#039;Her","isPartOf":{"@id":"https:\/\/empow-her.com\/#website"},"primaryImageOfPage":{"@id":"https:\/\/empow-her.com\/en\/produit\/coaching-construire-sa-strategie-commerciale-5\/#primaryimage"},"image":{"@id":"https:\/\/empow-her.com\/en\/produit\/coaching-construire-sa-strategie-commerciale-5\/#primaryimage"},"thumbnailUrl":"https:\/\/empow-her.com\/wp-content\/uploads\/2024\/05\/Women-Dare-templates-events34.png","datePublished":"2024-05-07T11:09:08+00:00","dateModified":"2024-05-31T11:00:13+00:00","breadcrumb":{"@id":"https:\/\/empow-her.com\/en\/produit\/coaching-construire-sa-strategie-commerciale-5\/#breadcrumb"},"inLanguage":"es","potentialAction":[{"@type":"ReadAction","target":["https:\/\/empow-her.com\/en\/produit\/coaching-construire-sa-strategie-commerciale-5\/"]}]},{"@type":"ImageObject","inLanguage":"es","@id":"https:\/\/empow-her.com\/en\/produit\/coaching-construire-sa-strategie-commerciale-5\/#primaryimage","url":"https:\/\/empow-her.com\/wp-content\/uploads\/2024\/05\/Women-Dare-templates-events34.png","contentUrl":"https:\/\/empow-her.com\/wp-content\/uploads\/2024\/05\/Women-Dare-templates-events34.png","width":1080,"height":1080},{"@type":"BreadcrumbList","@id":"https:\/\/empow-her.com\/en\/produit\/coaching-construire-sa-strategie-commerciale-5\/#breadcrumb","itemListElement":[{"@type":"ListItem","position":1,"name":"Accueil","item":"https:\/\/empow-her.com\/es\/inicio\/"},{"@type":"ListItem","position":2,"name":"LA BOUTIQUE","item":"https:\/\/empow-her.com\/boutique\/"},{"@type":"ListItem","position":3,"name":"Coaching &#8211; Construire sa strat\u00e9gie commerciale"}]},{"@type":"WebSite","@id":"https:\/\/empow-her.com\/#website","url":"https:\/\/empow-her.com\/","name":"Empow&#039;Her","description":"Women Development","potentialAction":[{"@type":"SearchAction","target":{"@type":"EntryPoint","urlTemplate":"https:\/\/empow-her.com\/?s={search_term_string}"},"query-input":{"@type":"PropertyValueSpecification","valueRequired":true,"valueName":"search_term_string"}}],"inLanguage":"es"}]}},"_links":{"self":[{"href":"https:\/\/empow-her.com\/es\/wp-json\/wp\/v2\/product\/248946","targetHints":{"allow":["GET"]}}],"collection":[{"href":"https:\/\/empow-her.com\/es\/wp-json\/wp\/v2\/product"}],"about":[{"href":"https:\/\/empow-her.com\/es\/wp-json\/wp\/v2\/types\/product"}],"wp:featuredmedia":[{"embeddable":true,"href":"https:\/\/empow-her.com\/es\/wp-json\/wp\/v2\/media\/250787"}],"wp:attachment":[{"href":"https:\/\/empow-her.com\/es\/wp-json\/wp\/v2\/media?parent=248946"}],"wp:term":[{"taxonomy":"product_brand","embeddable":true,"href":"https:\/\/empow-her.com\/es\/wp-json\/wp\/v2\/product_brand?post=248946"},{"taxonomy":"product_cat","embeddable":true,"href":"https:\/\/empow-her.com\/es\/wp-json\/wp\/v2\/product_cat?post=248946"},{"taxonomy":"product_tag","embeddable":true,"href":"https:\/\/empow-her.com\/es\/wp-json\/wp\/v2\/product_tag?post=248946"},{"taxonomy":"lieu","embeddable":true,"href":"https:\/\/empow-her.com\/es\/wp-json\/wp\/v2\/lieu?post=248946"},{"taxonomy":"thematiques","embeddable":true,"href":"https:\/\/empow-her.com\/es\/wp-json\/wp\/v2\/thematiques?post=248946"}],"curies":[{"name":"wp","href":"https:\/\/api.w.org\/{rel}","templated":true}]}}