{"id":248927,"date":"2024-05-07T10:44:49","date_gmt":"2024-05-07T08:44:49","guid":{"rendered":"https:\/\/empow-her.com\/?post_type=product&#038;p=248927"},"modified":"2024-05-15T17:35:33","modified_gmt":"2024-05-15T15:35:33","slug":"descodeuses-empowher-femmes-minorites-tech","status":"publish","type":"product","link":"https:\/\/empow-her.com\/es\/produit\/descodeuses-empowher-femmes-minorites-tech\/","title":{"rendered":"Journ\u00e9e Sp\u00e9ciale Descodeuses x Empow&#8217;Her &#8211; Femmes et minorit\u00e9s dans la tech : les gardien\u00b7nes d\u2019un monde libre et s\u00fbr ?"},"content":{"rendered":"<h2>&#x1f449; Inscription obligatoire en cliquant sur <strong><a href=\"https:\/\/airtable.com\/app3QY5DdjYoBpUQt\/shrxTxc2Uef1Iht0o\">ce lien<\/a> !<\/strong><\/h2>\n<p dir=\"ltr\">Femmes et minorit\u00e9s dans la tech : les gardien\u00b7nes d\u2019un monde libre et s\u00fbr ?<\/p>\n<p dir=\"ltr\">D\u2019apr\u00e8s l<a href=\"https:\/\/www.vscyberh.org\/\" target=\"_blank\" rel=\"noopener\" data-saferedirecturl=\"https:\/\/www.google.com\/url?q=https:\/\/www.vscyberh.org\/&amp;source=gmail&amp;ust=1715155423636000&amp;usg=AOvVaw2Wj1P6EbDCUZDfTgzB-zr6\">\u2019enqu\u00eate nationale de l\u2019association F\u00e9ministes contre le cyberharc\u00e8lemen<\/a>t, plus de 4 fran\u00e7ais\u00b7es sur 10 ont d\u00e9clar\u00e9 avoir \u00e9t\u00e9 victime de cyberviolences en France en 2022. Un ph\u00e9nom\u00e8ne qui impacte notamment les personnes les plus vuln\u00e9rables ou les plus discrimin\u00e9es de notre soci\u00e9t\u00e9 : 85% des LGBTQI+, 71% des personnes racis\u00e9es et 65% des femmes de moins de 35 ans.<\/p>\n<p dir=\"ltr\">Les algorithmes des r\u00e9seaux sociaux <a href=\"https:\/\/www.radiofrance.fr\/franceinter\/l-algorithme-de-tiktok-favorise-les-contenus-misogynes-selon-une-etude-9874086\" target=\"_blank\" rel=\"noopener\" data-saferedirecturl=\"https:\/\/www.google.com\/url?q=https:\/\/www.radiofrance.fr\/franceinter\/l-algorithme-de-tiktok-favorise-les-contenus-misogynes-selon-une-etude-9874086&amp;source=gmail&amp;ust=1715155423636000&amp;usg=AOvVaw3dJhleXiswLTirpkQ2bXq9\">favorisent la multiplication des contenus misogynes<\/a>, les outils num\u00e9riques perp\u00e9tuent l<a href=\"https:\/\/www.ohchr.org\/fr\/news\/2023\/06\/special-rapporteur-right-health-says-digital-innovation-has-strengthened-right-health#:~:text=de%20l'homme-,Les%20outils%20num%C3%A9riques%20dans%20le%20domaine%20de%20la%20sant%C3%A9%20peuvent,le%20droit%20%C3%A0%20la%20sant%C3%A9\" target=\"_blank\" rel=\"noopener\" data-saferedirecturl=\"https:\/\/www.google.com\/url?q=https:\/\/www.ohchr.org\/fr\/news\/2023\/06\/special-rapporteur-right-health-says-digital-innovation-has-strengthened-right-health%23:~:text%3Dde%2520l'homme-,Les%2520outils%2520num%25C3%25A9riques%2520dans%2520le%2520domaine%2520de%2520la%2520sant%25C3%25A9%2520peuvent,le%2520droit%2520%25C3%25A0%2520la%2520sant%25C3%25A9&amp;source=gmail&amp;ust=1715155423636000&amp;usg=AOvVaw1gtKjkt_5nluf3LpT_Otu3\">es violences sexistes, racistes, homophobes et transphobes<\/a>\u2026<\/p>\n<p dir=\"ltr\">En bref, les constats de ces violences en ligne sont divers et nombreux et pourtant une question persiste : comment mieux faire pour les pr\u00e9venir ?<\/p>\n<p dir=\"ltr\"><a href=\"https:\/\/descodeuses.org\/\">DesCodeuses<\/a> et Empow\u2019Her vous proposent une journ\u00e9e sp\u00e9ciale d\u00e9di\u00e9e \u00e0 la place des femmes et minorit\u00e9s dans le secteur de la tech. L\u2019objectif de cette journ\u00e9e est d\u2019aborder cette question du \u201cmieux faire\u201d par le prisme du genre et de l\u2019inclusivit\u00e9 \u00e0 la racine. Autrement dit : <strong>et si combattre les violences dans la tech passait par l\u2019inclusion des personnes minoris\u00e9es d\u00e8s la conception des outils ? Comment leur pr\u00e9sence dans ce secteur peut garantir la libert\u00e9 et la s\u00e9curit\u00e9 des utilisateurices?<\/strong><\/p>\n<p dir=\"ltr\">&#x1f3a4; Pour \u00e9voquer ces questions, nos associations vous invitent \u00e0 participer \u00e0 <strong>une table-ronde le matin<\/strong> en pr\u00e9sence de :<\/p>\n<ul>\n<li dir=\"ltr\">\n<p dir=\"ltr\" role=\"presentation\">Souad Boutegrabet, Fondatrice et Directrice G\u00e9n\u00e9rale, DesCodeuses<\/p>\n<\/li>\n<li dir=\"ltr\">\n<p dir=\"ltr\" role=\"presentation\">A\u00efda Tour\u00e9, Responsable digital et p\u00e9dagogique, Empow\u2019Her<\/p>\n<\/li>\n<li dir=\"ltr\">\n<p dir=\"ltr\" role=\"presentation\">Carlotta Gradin, PhD experte du droit europ\u00e9en et international autour de la cybers\u00e9curit\u00e9.<\/p>\n<\/li>\n<\/ul>\n<p dir=\"ltr\">On y abordera notamment l&#8217;importance de l\u2019\u00e9mergence de nouvelles figures dans la tech, les diff\u00e9rentes mani\u00e8res de se faire sa place et d\u2019\u00e9voluer dans un secteur aujourd\u2019hui discriminant ou encore la place de la sororit\u00e9 pour r\u00e9pondre \u00e0 ces enjeux.<\/p>\n<p dir=\"ltr\"><strong>&#x270a;&#x1f3fd;L\u2019apr\u00e8s-midi on passe \u00e0 l\u2019action<\/strong> avec deux ateliers au choix destin\u00e9s aux femmes et minorit\u00e9s de genre :<\/p>\n<ul>\n<li dir=\"ltr\">\n<p dir=\"ltr\" role=\"presentation\">&#x1f6a7; <strong>Atelier 1 : Initiation au m\u00e9tier de la cybers\u00e9curit\u00e9 !<\/strong> Venez d\u00e9couvrir les bases d\u2019un secteur encore trop masculin et ses d\u00e9bouch\u00e9s avec DesCodeuses.<\/p>\n<\/li>\n<li dir=\"ltr\">\n<p dir=\"ltr\" role=\"presentation\">&#x1f469;&#x1f3fd;&#x200d;&#x1f3eb;<strong>Atelier 2 : Apprenez \u00e0 apprendre la tech !<\/strong> Paola Craveiro (responsable accompagnement chez Empow\u2019Her, experte FemTech et fondatrice de<a href=\"https:\/\/www.vulvae.io\/\" target=\"_blank\" rel=\"noopener\" data-saferedirecturl=\"https:\/\/www.google.com\/url?q=https:\/\/www.vulvae.io\/&amp;source=gmail&amp;ust=1715155423636000&amp;usg=AOvVaw2UjYH3gxoevgide7GPxP1c\"> Vulvae Fondation Sant\u00e9<\/a>) vous transmettra les m\u00e9thodologies simples pour monter en comp\u00e9tences dans un domaine qui appara\u00eet trop souvent comme inaccessible. En 2h, vous apprendrez \u00e0 d\u00e9construire cette id\u00e9e et repartirez avec les cl\u00e9s pour vous lancer !&#8221;<\/p>\n<\/li>\n<\/ul>\n<h4><strong>Infos pratiques :<\/strong><\/h4>\n<p>&#x1f4c6; Mardi 11 juin<br \/>\n&#x231b;&#xfe0f; De 10h \u00e0 17h<br \/>\n&#x1f516; R\u00e9servation gratuite obligatoire en cliquant sur <a href=\"https:\/\/airtable.com\/app3QY5DdjYoBpUQt\/shrxTxc2Uef1Iht0o\"><strong>ce lien<\/strong><\/a><br \/>\n&#x1f4cd; Chez <a href=\"https:\/\/www.instagram.com\/sisther.paris\/?hl=fr\">Sist&#8217;Her<\/a>, 82 rue du Faubourg Saint Martin 75010 Paris<\/p>\n<p>On a h\u00e2te de vous retrouver chez Sist&#8217;Her !<\/p>\n","protected":false},"excerpt":{"rendered":"<h2>&#x1f449; Inscription obligatoire en cliquant sur <strong><a href=\"https:\/\/airtable.com\/app3QY5DdjYoBpUQt\/shrxTxc2Uef1Iht0o\">ce lien<\/a> !<\/strong><\/h2>\n<p dir=\"ltr\">Femmes et minorit\u00e9s dans la tech : les gardien\u00b7nes d\u2019un monde libre et s\u00fbr ?<\/p>\n<p dir=\"ltr\">D\u2019apr\u00e8s l<a href=\"https:\/\/www.vscyberh.org\/\" target=\"_blank\" rel=\"noopener\" data-saferedirecturl=\"https:\/\/www.google.com\/url?q=https:\/\/www.vscyberh.org\/&amp;source=gmail&amp;ust=1715155423636000&amp;usg=AOvVaw2Wj1P6EbDCUZDfTgzB-zr6\">\u2019enqu\u00eate nationale de l\u2019association F\u00e9ministes contre le cyberharc\u00e8lemen<\/a>t, plus de 4 fran\u00e7ais\u00b7es sur 10 ont d\u00e9clar\u00e9 avoir \u00e9t\u00e9 victime de cyberviolences en France en 2022. Un ph\u00e9nom\u00e8ne qui impacte notamment les personnes les plus vuln\u00e9rables ou les plus discrimin\u00e9es de notre soci\u00e9t\u00e9 : 85% des LGBTQI+, 71% des personnes racis\u00e9es et 65% des femmes de moins de 35 ans.<\/p>\n<p dir=\"ltr\">Les algorithmes des r\u00e9seaux sociaux <a href=\"https:\/\/www.radiofrance.fr\/franceinter\/l-algorithme-de-tiktok-favorise-les-contenus-misogynes-selon-une-etude-9874086\" target=\"_blank\" rel=\"noopener\" data-saferedirecturl=\"https:\/\/www.google.com\/url?q=https:\/\/www.radiofrance.fr\/franceinter\/l-algorithme-de-tiktok-favorise-les-contenus-misogynes-selon-une-etude-9874086&amp;source=gmail&amp;ust=1715155423636000&amp;usg=AOvVaw3dJhleXiswLTirpkQ2bXq9\">favorisent la multiplication des contenus misogynes<\/a>, les outils num\u00e9riques perp\u00e9tuent l<a href=\"https:\/\/www.ohchr.org\/fr\/news\/2023\/06\/special-rapporteur-right-health-says-digital-innovation-has-strengthened-right-health#:~:text=de%20l'homme-,Les%20outils%20num%C3%A9riques%20dans%20le%20domaine%20de%20la%20sant%C3%A9%20peuvent,le%20droit%20%C3%A0%20la%20sant%C3%A9\" target=\"_blank\" rel=\"noopener\" data-saferedirecturl=\"https:\/\/www.google.com\/url?q=https:\/\/www.ohchr.org\/fr\/news\/2023\/06\/special-rapporteur-right-health-says-digital-innovation-has-strengthened-right-health%23:~:text%3Dde%2520l'homme-,Les%2520outils%2520num%25C3%25A9riques%2520dans%2520le%2520domaine%2520de%2520la%2520sant%25C3%25A9%2520peuvent,le%2520droit%2520%25C3%25A0%2520la%2520sant%25C3%25A9&amp;source=gmail&amp;ust=1715155423636000&amp;usg=AOvVaw1gtKjkt_5nluf3LpT_Otu3\">es violences sexistes, racistes, homophobes et transphobes<\/a>\u2026<\/p>\n<p dir=\"ltr\">En bref, les constats de ces violences en ligne sont divers et nombreux et pourtant une question persiste : comment mieux faire pour les pr\u00e9venir ?<\/p>\n<p dir=\"ltr\"><a href=\"https:\/\/descodeuses.org\/\">DesCodeuses<\/a> et Empow\u2019Her vous proposent une journ\u00e9e sp\u00e9ciale d\u00e9di\u00e9e \u00e0 la place des femmes et minorit\u00e9s dans le secteur de la tech. L\u2019objectif de cette journ\u00e9e est d\u2019aborder cette question du \u201cmieux faire\u201d par le prisme du genre et de l\u2019inclusivit\u00e9 \u00e0 la racine. Autrement dit : <strong>et si combattre les violences dans la tech passait par l\u2019inclusion des personnes minoris\u00e9es d\u00e8s la conception des outils ? Comment leur pr\u00e9sence dans ce secteur peut garantir la libert\u00e9 et la s\u00e9curit\u00e9 des utilisateurices?<\/strong><\/p>\n<p dir=\"ltr\">&#x1f3a4; [10h30-12h] Pour \u00e9voquer ces questions, nos associations vous invitent \u00e0 participer \u00e0 <strong>une table-ronde le matin<\/strong> en pr\u00e9sence de :<\/p>\n<ul>\n<li dir=\"ltr\">\n<p dir=\"ltr\" role=\"presentation\">Souad Boutegrabet, Fondatrice et Directrice G\u00e9n\u00e9rale, DesCodeuses<\/p>\n<\/li>\n<li dir=\"ltr\">\n<p dir=\"ltr\" role=\"presentation\">A\u00efda Tour\u00e9, Responsable digital et p\u00e9dagogique, Empow\u2019Her<\/p>\n<\/li>\n<li dir=\"ltr\">\n<p dir=\"ltr\" role=\"presentation\">Carlotta Gradin, PhD experte du droit europ\u00e9en et international autour de la cybers\u00e9curit\u00e9.<\/p>\n<\/li>\n<\/ul>\n<p dir=\"ltr\">On y abordera notamment l&#8217;importance de l\u2019\u00e9mergence de nouvelles figures dans la tech, les diff\u00e9rentes mani\u00e8res de se faire sa place et d\u2019\u00e9voluer dans un secteur aujourd\u2019hui discriminant ou encore la place de la sororit\u00e9 pour r\u00e9pondre \u00e0 ces enjeux.<\/p>\n<p dir=\"ltr\"><strong>&#x270a;&#x1f3fd;<\/strong>[14h-17h]<strong> L\u2019apr\u00e8s-midi on passe \u00e0 l\u2019action<\/strong> avec deux ateliers au choix destin\u00e9s aux femmes et minorit\u00e9s de genre :<\/p>\n<ul>\n<li dir=\"ltr\">\n<p dir=\"ltr\" role=\"presentation\">&#x1f6a7; <strong>Atelier 1 : Initiation au m\u00e9tier de la cybers\u00e9curit\u00e9 !<\/strong> Venez d\u00e9couvrir les bases d\u2019un secteur encore trop masculin et ses d\u00e9bouch\u00e9s avec DesCodeuses.<\/p>\n<\/li>\n<li dir=\"ltr\">\n<p dir=\"ltr\" role=\"presentation\">&#x1f469;&#x1f3fd;&#x200d;&#x1f3eb;<strong>Atelier 2 : Apprenez \u00e0 apprendre la tech !<\/strong> Paola Craveiro (responsable accompagnement chez Empow\u2019Her, experte FemTech et fondatrice de<a href=\"https:\/\/www.vulvae.io\/\" target=\"_blank\" rel=\"noopener\" data-saferedirecturl=\"https:\/\/www.google.com\/url?q=https:\/\/www.vulvae.io\/&amp;source=gmail&amp;ust=1715155423636000&amp;usg=AOvVaw2UjYH3gxoevgide7GPxP1c\"> Vulvae Fondation Sant\u00e9<\/a>) vous transmettra les m\u00e9thodologies simples pour monter en comp\u00e9tences dans un domaine qui appara\u00eet trop souvent comme inaccessible. En 2h, vous apprendrez \u00e0 d\u00e9construire cette id\u00e9e et repartirez avec les cl\u00e9s pour vous lancer !&#8221;<\/p>\n<\/li>\n<\/ul>\n<h4><strong>Infos pratiques :<\/strong><\/h4>\n<p>&#x1f4c6; Mardi 11 juin<br \/>\n&#x231b;&#xfe0f; De 10h \u00e0 17h<br \/>\n&#x1f516; R\u00e9servation gratuite obligatoire en cliquant sur <a href=\"https:\/\/airtable.com\/app3QY5DdjYoBpUQt\/shrxTxc2Uef1Iht0o\"><strong>ce lien<\/strong><\/a><br \/>\n&#x1f4cd; Chez <a href=\"https:\/\/www.instagram.com\/sisther.paris\/?hl=fr\">Sist&#8217;Her<\/a>, 82 rue du Faubourg Saint Martin 75010 Paris<\/p>\n<p>On a h\u00e2te de vous retrouver chez Sist&#8217;Her !<\/p>\n<p>Ouvert en mars 2021 par l\u2019ONG\u00a0<a href=\"https:\/\/empow-her.com\/\" target=\"_blank\" rel=\"noopener\" data-saferedirecturl=\"https:\/\/www.google.com\/url?q=https:\/\/empow-her.com\/&amp;source=gmail&amp;ust=1714034233887000&amp;usg=AOvVaw1LHBXoB0Xn5KEfgA0b3_JW\">Empow\u2019Her<\/a>, Sist\u2019Her Paris est un espace de partage et de cr\u00e9ation f\u00e9ministe, accessible \u00e0 tous.tes, d\u00e9di\u00e9 \u00e0 l\u2019\u00e9criture collective d\u2019un nouveau narratif entrepreneurial et \u00e0 l\u2019outillage des combats pour des soci\u00e9t\u00e9s plus justes, durables et \u00e9galitaires.<\/p>\n","protected":false},"featured_media":248928,"template":"","format":"standard","meta":{"_acf_changed":false,"om_disable_all_campaigns":false,"_uf_show_specific_survey":0,"_uf_disable_surveys":false},"product_brand":[],"product_cat":[119],"product_tag":[178],"lieu":[127],"thematiques":[],"class_list":{"0":"post-248927","1":"product","2":"type-product","3":"status-publish","4":"format-standard","5":"has-post-thumbnail","7":"product_cat-evenement-sisther","8":"product_tag-evenement-sisther","9":"lieu-hub-empowher","11":"first","12":"instock","13":"virtual","14":"purchasable","15":"product-type-appointment"},"exclude_global_add_ons":[],"addons":[],"acf":[],"yoast_head":"<!-- This site is optimized with the Yoast SEO plugin v24.8 - https:\/\/yoast.com\/wordpress\/plugins\/seo\/ -->\n<title>Femmes et minorit\u00e9s dans la tech : les gardien\u00b7nes d\u2019un monde libre et s\u00fbr ?<\/title>\n<meta name=\"description\" content=\"Retrouvez Descodeuses et Empow&#039;Her pour une journ\u00e9e sp\u00e9ciale de conf\u00e9rences et d&#039;ateliers autour des femmes et minorit\u00e9s dans la tech !\" \/>\n<meta name=\"robots\" content=\"index, follow, max-snippet:-1, max-image-preview:large, max-video-preview:-1\" \/>\n<link rel=\"canonical\" href=\"https:\/\/empow-her.com\/en\/produit\/descodeuses-empowher-femmes-minorites-tech\/\" \/>\n<meta property=\"og:locale\" content=\"es_ES\" \/>\n<meta property=\"og:type\" content=\"article\" \/>\n<meta property=\"og:title\" content=\"Femmes et minorit\u00e9s dans la tech : les gardien\u00b7nes d\u2019un monde libre et s\u00fbr ?\" \/>\n<meta property=\"og:description\" content=\"Retrouvez Descodeuses et Empow&#039;Her pour une journ\u00e9e sp\u00e9ciale de conf\u00e9rences et d&#039;ateliers autour des femmes et minorit\u00e9s dans la tech !\" \/>\n<meta property=\"og:url\" content=\"https:\/\/empow-her.com\/en\/produit\/descodeuses-empowher-femmes-minorites-tech\/\" \/>\n<meta property=\"og:site_name\" content=\"Empow&#039;Her\" \/>\n<meta property=\"article:modified_time\" content=\"2024-05-15T15:35:33+00:00\" \/>\n<meta property=\"og:image\" content=\"https:\/\/empow-her.com\/wp-content\/uploads\/2024\/05\/shetalks-economie-circulaire-10.png\" \/>\n\t<meta property=\"og:image:width\" content=\"1080\" \/>\n\t<meta property=\"og:image:height\" content=\"1080\" \/>\n\t<meta property=\"og:image:type\" content=\"image\/png\" \/>\n<meta name=\"twitter:card\" content=\"summary_large_image\" \/>\n<meta name=\"twitter:label1\" content=\"Tiempo de lectura\" \/>\n\t<meta name=\"twitter:data1\" content=\"3 minutos\" \/>\n<script type=\"application\/ld+json\" class=\"yoast-schema-graph\">{\"@context\":\"https:\/\/schema.org\",\"@graph\":[{\"@type\":\"WebPage\",\"@id\":\"https:\/\/empow-her.com\/en\/produit\/descodeuses-empowher-femmes-minorites-tech\/\",\"url\":\"https:\/\/empow-her.com\/en\/produit\/descodeuses-empowher-femmes-minorites-tech\/\",\"name\":\"Femmes et minorit\u00e9s dans la tech : les gardien\u00b7nes d\u2019un monde libre et s\u00fbr ?\",\"isPartOf\":{\"@id\":\"https:\/\/empow-her.com\/#website\"},\"primaryImageOfPage\":{\"@id\":\"https:\/\/empow-her.com\/en\/produit\/descodeuses-empowher-femmes-minorites-tech\/#primaryimage\"},\"image\":{\"@id\":\"https:\/\/empow-her.com\/en\/produit\/descodeuses-empowher-femmes-minorites-tech\/#primaryimage\"},\"thumbnailUrl\":\"https:\/\/empow-her.com\/wp-content\/uploads\/2024\/05\/shetalks-economie-circulaire-10.png\",\"datePublished\":\"2024-05-07T08:44:49+00:00\",\"dateModified\":\"2024-05-15T15:35:33+00:00\",\"description\":\"Retrouvez Descodeuses et Empow'Her pour une journ\u00e9e sp\u00e9ciale de conf\u00e9rences et d'ateliers autour des femmes et minorit\u00e9s dans la tech !\",\"breadcrumb\":{\"@id\":\"https:\/\/empow-her.com\/en\/produit\/descodeuses-empowher-femmes-minorites-tech\/#breadcrumb\"},\"inLanguage\":\"es\",\"potentialAction\":[{\"@type\":\"ReadAction\",\"target\":[\"https:\/\/empow-her.com\/en\/produit\/descodeuses-empowher-femmes-minorites-tech\/\"]}]},{\"@type\":\"ImageObject\",\"inLanguage\":\"es\",\"@id\":\"https:\/\/empow-her.com\/en\/produit\/descodeuses-empowher-femmes-minorites-tech\/#primaryimage\",\"url\":\"https:\/\/empow-her.com\/wp-content\/uploads\/2024\/05\/shetalks-economie-circulaire-10.png\",\"contentUrl\":\"https:\/\/empow-her.com\/wp-content\/uploads\/2024\/05\/shetalks-economie-circulaire-10.png\",\"width\":1080,\"height\":1080},{\"@type\":\"BreadcrumbList\",\"@id\":\"https:\/\/empow-her.com\/en\/produit\/descodeuses-empowher-femmes-minorites-tech\/#breadcrumb\",\"itemListElement\":[{\"@type\":\"ListItem\",\"position\":1,\"name\":\"Accueil\",\"item\":\"https:\/\/empow-her.com\/es\/inicio\/\"},{\"@type\":\"ListItem\",\"position\":2,\"name\":\"LA BOUTIQUE\",\"item\":\"https:\/\/empow-her.com\/boutique\/\"},{\"@type\":\"ListItem\",\"position\":3,\"name\":\"Journ\u00e9e Sp\u00e9ciale Descodeuses x Empow&#8217;Her &#8211; Femmes et minorit\u00e9s dans la tech : les gardien\u00b7nes d\u2019un monde libre et s\u00fbr ?\"}]},{\"@type\":\"WebSite\",\"@id\":\"https:\/\/empow-her.com\/#website\",\"url\":\"https:\/\/empow-her.com\/\",\"name\":\"Empow&#039;Her\",\"description\":\"Women Development\",\"potentialAction\":[{\"@type\":\"SearchAction\",\"target\":{\"@type\":\"EntryPoint\",\"urlTemplate\":\"https:\/\/empow-her.com\/?s={search_term_string}\"},\"query-input\":{\"@type\":\"PropertyValueSpecification\",\"valueRequired\":true,\"valueName\":\"search_term_string\"}}],\"inLanguage\":\"es\"}]}<\/script>\n<!-- \/ Yoast SEO plugin. -->","yoast_head_json":{"title":"Femmes et minorit\u00e9s dans la tech : les gardien\u00b7nes d\u2019un monde libre et s\u00fbr ?","description":"Retrouvez Descodeuses et Empow'Her pour une journ\u00e9e sp\u00e9ciale de conf\u00e9rences et d'ateliers autour des femmes et minorit\u00e9s dans la tech !","robots":{"index":"index","follow":"follow","max-snippet":"max-snippet:-1","max-image-preview":"max-image-preview:large","max-video-preview":"max-video-preview:-1"},"canonical":"https:\/\/empow-her.com\/en\/produit\/descodeuses-empowher-femmes-minorites-tech\/","og_locale":"es_ES","og_type":"article","og_title":"Femmes et minorit\u00e9s dans la tech : les gardien\u00b7nes d\u2019un monde libre et s\u00fbr ?","og_description":"Retrouvez Descodeuses et Empow'Her pour une journ\u00e9e sp\u00e9ciale de conf\u00e9rences et d'ateliers autour des femmes et minorit\u00e9s dans la tech !","og_url":"https:\/\/empow-her.com\/en\/produit\/descodeuses-empowher-femmes-minorites-tech\/","og_site_name":"Empow&#039;Her","article_modified_time":"2024-05-15T15:35:33+00:00","og_image":[{"width":1080,"height":1080,"url":"https:\/\/empow-her.com\/wp-content\/uploads\/2024\/05\/shetalks-economie-circulaire-10.png","type":"image\/png"}],"twitter_card":"summary_large_image","twitter_misc":{"Tiempo de lectura":"3 minutos"},"schema":{"@context":"https:\/\/schema.org","@graph":[{"@type":"WebPage","@id":"https:\/\/empow-her.com\/en\/produit\/descodeuses-empowher-femmes-minorites-tech\/","url":"https:\/\/empow-her.com\/en\/produit\/descodeuses-empowher-femmes-minorites-tech\/","name":"Femmes et minorit\u00e9s dans la tech : les gardien\u00b7nes d\u2019un monde libre et s\u00fbr ?","isPartOf":{"@id":"https:\/\/empow-her.com\/#website"},"primaryImageOfPage":{"@id":"https:\/\/empow-her.com\/en\/produit\/descodeuses-empowher-femmes-minorites-tech\/#primaryimage"},"image":{"@id":"https:\/\/empow-her.com\/en\/produit\/descodeuses-empowher-femmes-minorites-tech\/#primaryimage"},"thumbnailUrl":"https:\/\/empow-her.com\/wp-content\/uploads\/2024\/05\/shetalks-economie-circulaire-10.png","datePublished":"2024-05-07T08:44:49+00:00","dateModified":"2024-05-15T15:35:33+00:00","description":"Retrouvez Descodeuses et Empow'Her pour une journ\u00e9e sp\u00e9ciale de conf\u00e9rences et d'ateliers autour des femmes et minorit\u00e9s dans la tech !","breadcrumb":{"@id":"https:\/\/empow-her.com\/en\/produit\/descodeuses-empowher-femmes-minorites-tech\/#breadcrumb"},"inLanguage":"es","potentialAction":[{"@type":"ReadAction","target":["https:\/\/empow-her.com\/en\/produit\/descodeuses-empowher-femmes-minorites-tech\/"]}]},{"@type":"ImageObject","inLanguage":"es","@id":"https:\/\/empow-her.com\/en\/produit\/descodeuses-empowher-femmes-minorites-tech\/#primaryimage","url":"https:\/\/empow-her.com\/wp-content\/uploads\/2024\/05\/shetalks-economie-circulaire-10.png","contentUrl":"https:\/\/empow-her.com\/wp-content\/uploads\/2024\/05\/shetalks-economie-circulaire-10.png","width":1080,"height":1080},{"@type":"BreadcrumbList","@id":"https:\/\/empow-her.com\/en\/produit\/descodeuses-empowher-femmes-minorites-tech\/#breadcrumb","itemListElement":[{"@type":"ListItem","position":1,"name":"Accueil","item":"https:\/\/empow-her.com\/es\/inicio\/"},{"@type":"ListItem","position":2,"name":"LA BOUTIQUE","item":"https:\/\/empow-her.com\/boutique\/"},{"@type":"ListItem","position":3,"name":"Journ\u00e9e Sp\u00e9ciale Descodeuses x Empow&#8217;Her &#8211; Femmes et minorit\u00e9s dans la tech : les gardien\u00b7nes d\u2019un monde libre et s\u00fbr ?"}]},{"@type":"WebSite","@id":"https:\/\/empow-her.com\/#website","url":"https:\/\/empow-her.com\/","name":"Empow&#039;Her","description":"Women Development","potentialAction":[{"@type":"SearchAction","target":{"@type":"EntryPoint","urlTemplate":"https:\/\/empow-her.com\/?s={search_term_string}"},"query-input":{"@type":"PropertyValueSpecification","valueRequired":true,"valueName":"search_term_string"}}],"inLanguage":"es"}]}},"_links":{"self":[{"href":"https:\/\/empow-her.com\/es\/wp-json\/wp\/v2\/product\/248927","targetHints":{"allow":["GET"]}}],"collection":[{"href":"https:\/\/empow-her.com\/es\/wp-json\/wp\/v2\/product"}],"about":[{"href":"https:\/\/empow-her.com\/es\/wp-json\/wp\/v2\/types\/product"}],"wp:featuredmedia":[{"embeddable":true,"href":"https:\/\/empow-her.com\/es\/wp-json\/wp\/v2\/media\/248928"}],"wp:attachment":[{"href":"https:\/\/empow-her.com\/es\/wp-json\/wp\/v2\/media?parent=248927"}],"wp:term":[{"taxonomy":"product_brand","embeddable":true,"href":"https:\/\/empow-her.com\/es\/wp-json\/wp\/v2\/product_brand?post=248927"},{"taxonomy":"product_cat","embeddable":true,"href":"https:\/\/empow-her.com\/es\/wp-json\/wp\/v2\/product_cat?post=248927"},{"taxonomy":"product_tag","embeddable":true,"href":"https:\/\/empow-her.com\/es\/wp-json\/wp\/v2\/product_tag?post=248927"},{"taxonomy":"lieu","embeddable":true,"href":"https:\/\/empow-her.com\/es\/wp-json\/wp\/v2\/lieu?post=248927"},{"taxonomy":"thematiques","embeddable":true,"href":"https:\/\/empow-her.com\/es\/wp-json\/wp\/v2\/thematiques?post=248927"}],"curies":[{"name":"wp","href":"https:\/\/api.w.org\/{rel}","templated":true}]}}