{"id":248571,"date":"2024-04-24T10:51:55","date_gmt":"2024-04-24T08:51:55","guid":{"rendered":"https:\/\/empow-her.com\/?post_type=product&#038;p=248571"},"modified":"2024-04-24T11:31:51","modified_gmt":"2024-04-24T09:31:51","slug":"groupe-parole-art-therapie-decolonisons-feminisme","status":"publish","type":"product","link":"https:\/\/empow-her.com\/es\/produit\/groupe-parole-art-therapie-decolonisons-feminisme\/","title":{"rendered":"Du groupe de paroles \u00e0 l\u2019art th\u00e9rapie : soigner &#038; prendre soin de son enfant int\u00e9rieur"},"content":{"rendered":"<div id=\":1by\" class=\"Ar Au Ao\">\n<div id=\":19r\" class=\"Am aiL Al editable LW-avf tS-tW tS-tY\" tabindex=\"1\" role=\"textbox\" contenteditable=\"true\" spellcheck=\"false\" aria-label=\"Corps du message\" aria-multiline=\"true\" aria-owns=\":1hf\" aria-controls=\":1hf\" aria-expanded=\"false\">\n<p>Du groupe de paroles \u00e0 l\u2019art th\u00e9rapie, soignons collectivement notre enfant int\u00e9rieur .<br \/>\n<strong>Prenons soin de nous, en explorant le pass\u00e9, en pensant au futur et en s\u2019ancrant dans le pr\u00e9sent.<\/strong><\/p>\n<p><em>&#8211; Un \u00e9v\u00e9nement en acc\u00e9ssibilit\u00e9 prioritaire aux femmes et minorit\u00e9s de genre racis\u00e9es &#8211;<\/em><\/p>\n<p><a href=\"https:\/\/www.instagram.com\/decolonisonslefeminisme\/\">D\u00e9colonisons le F\u00e9minisme<\/a> vous propose une journ\u00e9e de soin collectif en trois parties :<\/p>\n<ul>\n<li>&#x1f4ac;Un groupe de paroles sur le th\u00e8me de l\u2019enfance durant lequel nous explorerons les blessures du pass\u00e9. (14h00-16h30)<\/li>\n<li>&#x1f353;Une pause conviviale afin de laisser nos maux derri\u00e8re nous (16h45 -17h30)<\/li>\n<li>&#x2764;&#xfe0f;&#x200d;&#x1fa79;Un temps pour explorer notre futur, notre pr\u00e9sent ou peut-\u00eatre m\u00eame porter un nouveau regard sur notre pass\u00e9 \u00e0 travers un atelier d\u2019art th\u00e9rapie. (17h30-20h)<\/li>\n<\/ul>\n<p>&nbsp;<\/p>\n<p>&nbsp;<\/p>\n<p>&nbsp;<\/p>\n<p>&nbsp;<\/p>\n<p>&nbsp;<\/p>\n<p>&#x1f6a8; L\u2019atelier d\u2019art th\u00e9rapie n\u00e9cessite que vous apportiez un peu de mat\u00e9riel, nous vous demanderons donc d\u2019apporter <strong>dans la mesure du possible<\/strong> pour r\u00e9aliser des vos cr\u00e9ations :<\/p>\n<ul>\n<li>Boites \u00e0 chaussures<\/li>\n<li>De longues chutes de tissus<\/li>\n<li>Boites d\u2019allumettes<\/li>\n<li>Des souvenirs de chez vous de pr\u00e9f\u00e9rence de petite taille (photos, figurines, objets \u00e0 valeur sentimentale, etc)<\/li>\n<\/ul>\n<p>&nbsp;<\/p>\n<p>&nbsp;<\/p>\n<p>&nbsp;<\/p>\n<p>&#x1f353; Pour la pause conviviale, nous vous invitons \u00e0 ramener de quoi manger et boire pour partager un repas collectif.<\/p>\n<p>Ensemble, prenons soin de nous.<\/p>\n<p><strong>Infos pratiques<\/strong><\/p>\n<p>&#x1f4c5;Mercredi 22 mai<br \/>\n&#x231a;De 14h00 \u00e0 20h00<br \/>\n&#x1f39f;&#xfe0f;Inscription gratuite obligatoire<br \/>\n&#x1f4cd;Chez <a href=\"https:\/\/www.instagram.com\/sisther.paris\/\" target=\"_blank\" rel=\"noopener\" data-saferedirecturl=\"https:\/\/www.google.com\/url?q=https:\/\/www.instagram.com\/sisther.paris\/&amp;source=gmail&amp;ust=1714034233887000&amp;usg=AOvVaw08ahvkETuiWXqpA19bbf36\">Sist\u2019Her<\/a>, 82 rue du Faubourg St-Martin, 75010 Paris<\/p>\n<p>&nbsp;<\/p>\n<p>Ouvert en mars 2021 par l\u2019ONG\u00a0<a href=\"https:\/\/empow-her.com\/\" target=\"_blank\" rel=\"noopener\" data-saferedirecturl=\"https:\/\/www.google.com\/url?q=https:\/\/empow-her.com\/&amp;source=gmail&amp;ust=1714034233887000&amp;usg=AOvVaw1LHBXoB0Xn5KEfgA0b3_JW\">Empow\u2019Her<\/a>, Sist\u2019Her Paris est un espace de partage et de cr\u00e9ation f\u00e9ministe, accessible \u00e0 tous.tes, d\u00e9di\u00e9 \u00e0 l\u2019\u00e9criture collective d\u2019un nouveau narratif entrepreneurial et \u00e0 l\u2019outillage des combats pour des soci\u00e9t\u00e9s plus justes, durables et \u00e9galitaires.<\/p>\n<\/div>\n<\/div>\n","protected":false},"excerpt":{"rendered":"<p>Du groupe de paroles \u00e0 l\u2019art th\u00e9rapie, soignons collectivement notre enfant int\u00e9rieur .<br \/>\n<strong>Prenons soin de nous, en explorant le pass\u00e9, en pensant au futur et en s\u2019ancrant dans le pr\u00e9sent.<\/strong><\/p>\n<p><em>&#8211; Un \u00e9v\u00e9nement en acc\u00e9ssibilit\u00e9 prioritaire aux femmes et minorit\u00e9s de genre racis\u00e9es &#8211;<\/em><\/p>\n<p><a href=\"https:\/\/www.instagram.com\/decolonisonslefeminisme\/\">D\u00e9colonisons le F\u00e9minisme<\/a> vous propose une journ\u00e9e de soin collectif en trois parties :<\/p>\n<ul>\n<li>&#x1f4ac;Un groupe de paroles sur le th\u00e8me de l\u2019enfance durant lequel nous explorerons les blessures du pass\u00e9. (14h00-16h30)<\/li>\n<li>&#x1f353;Une pause conviviale afin de laisser nos maux derri\u00e8re nous (16h45 -17h30)<\/li>\n<li>&#x2764;&#xfe0f;&#x200d;&#x1fa79;Un temps pour explorer notre futur, notre pr\u00e9sent ou peut-\u00eatre m\u00eame porter un nouveau regard sur notre pass\u00e9 \u00e0 travers un atelier d\u2019art th\u00e9rapie. (17h30-20h)<\/li>\n<\/ul>\n<p>&nbsp;<\/p>\n<p>&#x1f6a8; L\u2019atelier d\u2019art th\u00e9rapie n\u00e9cessite que vous apportiez un peu de mat\u00e9riel, nous vous demanderons donc d\u2019apporter <strong>dans la mesure du possible<\/strong> pour r\u00e9aliser des vos cr\u00e9ations :<\/p>\n<ul>\n<li>Boites \u00e0 chaussures<\/li>\n<li>De longues chutes de tissus<\/li>\n<li>Boites d\u2019allumettes<\/li>\n<li>Des souvenirs de chez vous de pr\u00e9f\u00e9rence de petite taille (photos, figurines, objets \u00e0 valeur sentimentale, etc)<\/li>\n<\/ul>\n<p>&nbsp;<\/p>\n<p>&#x1f353; Pour la pause conviviale, nous vous invitons \u00e0 ramener de quoi manger et boire pour partager un repas collectif.<\/p>\n<p>Ensemble, prenons soin de nous.<\/p>\n<p><strong>Infos pratiques<\/strong><\/p>\n<p>&#x1f4c5;Mercredi 22 mai<br \/>\n&#x231a;De 14h00 \u00e0 20h00<br \/>\n&#x1f39f;&#xfe0f;Inscription gratuite obligatoire<br \/>\n&#x1f4cd;Chez <a href=\"https:\/\/www.instagram.com\/sisther.paris\/\" target=\"_blank\" rel=\"noopener\" data-saferedirecturl=\"https:\/\/www.google.com\/url?q=https:\/\/www.instagram.com\/sisther.paris\/&amp;source=gmail&amp;ust=1714034233887000&amp;usg=AOvVaw08ahvkETuiWXqpA19bbf36\">Sist\u2019Her<\/a>, 82 rue du Faubourg St-Martin, 75010 Paris<\/p>\n<p>&nbsp;<\/p>\n<p>Ouvert en mars 2021 par l\u2019ONG\u00a0<a href=\"https:\/\/empow-her.com\/\" target=\"_blank\" rel=\"noopener\" data-saferedirecturl=\"https:\/\/www.google.com\/url?q=https:\/\/empow-her.com\/&amp;source=gmail&amp;ust=1714034233887000&amp;usg=AOvVaw1LHBXoB0Xn5KEfgA0b3_JW\">Empow\u2019Her<\/a>, Sist\u2019Her Paris est un espace de partage et de cr\u00e9ation f\u00e9ministe, accessible \u00e0 tous.tes, d\u00e9di\u00e9 \u00e0 l\u2019\u00e9criture collective d\u2019un nouveau narratif entrepreneurial et \u00e0 l\u2019outillage des combats pour des soci\u00e9t\u00e9s plus justes, durables et \u00e9galitaires.<\/p>\n","protected":false},"featured_media":248583,"template":"","format":"standard","meta":{"_acf_changed":false,"om_disable_all_campaigns":false,"_uf_show_specific_survey":0,"_uf_disable_surveys":false},"product_brand":[],"product_cat":[119],"product_tag":[],"lieu":[127],"thematiques":[],"class_list":{"0":"post-248571","1":"product","2":"type-product","3":"status-publish","4":"format-standard","5":"has-post-thumbnail","7":"product_cat-evenement-sisther","8":"lieu-hub-empowher","10":"first","11":"instock","12":"virtual","13":"purchasable","14":"product-type-appointment"},"exclude_global_add_ons":[],"addons":[],"acf":[],"yoast_head":"<!-- This site is optimized with the Yoast SEO plugin v24.8 - https:\/\/yoast.com\/wordpress\/plugins\/seo\/ -->\n<title>Soignons collectivement notre enfant int\u00e9rieur<\/title>\n<meta name=\"description\" content=\"Prenez un temps pour vous avec un groupe de paroles &amp; atelier d&#039;art th\u00e9rapie propos\u00e9s par D\u00e9colonisons le F\u00e9minisme chez Sist&#039;Her Paris\" \/>\n<meta name=\"robots\" content=\"index, follow, max-snippet:-1, max-image-preview:large, max-video-preview:-1\" \/>\n<link rel=\"canonical\" href=\"https:\/\/empow-her.com\/en\/produit\/groupe-parole-art-therapie-decolonisons-feminisme\/\" \/>\n<meta property=\"og:locale\" content=\"es_ES\" \/>\n<meta property=\"og:type\" content=\"article\" \/>\n<meta property=\"og:title\" content=\"Soignons collectivement notre enfant int\u00e9rieur\" \/>\n<meta property=\"og:description\" content=\"Prenez un temps pour vous avec un groupe de paroles &amp; atelier d&#039;art th\u00e9rapie propos\u00e9s par D\u00e9colonisons le F\u00e9minisme chez Sist&#039;Her Paris\" \/>\n<meta property=\"og:url\" content=\"https:\/\/empow-her.com\/en\/produit\/groupe-parole-art-therapie-decolonisons-feminisme\/\" \/>\n<meta property=\"og:site_name\" content=\"Empow&#039;Her\" \/>\n<meta property=\"article:modified_time\" content=\"2024-04-24T09:31:51+00:00\" \/>\n<meta property=\"og:image\" content=\"https:\/\/empow-her.com\/wp-content\/uploads\/2024\/04\/shetalks-economie-circulaire-6.png\" \/>\n\t<meta property=\"og:image:width\" content=\"1080\" \/>\n\t<meta property=\"og:image:height\" content=\"1080\" \/>\n\t<meta property=\"og:image:type\" content=\"image\/png\" \/>\n<meta name=\"twitter:card\" content=\"summary_large_image\" \/>\n<meta name=\"twitter:label1\" content=\"Tiempo de lectura\" \/>\n\t<meta name=\"twitter:data1\" content=\"2 minutos\" \/>\n<script type=\"application\/ld+json\" class=\"yoast-schema-graph\">{\"@context\":\"https:\/\/schema.org\",\"@graph\":[{\"@type\":\"WebPage\",\"@id\":\"https:\/\/empow-her.com\/en\/produit\/groupe-parole-art-therapie-decolonisons-feminisme\/\",\"url\":\"https:\/\/empow-her.com\/en\/produit\/groupe-parole-art-therapie-decolonisons-feminisme\/\",\"name\":\"Soignons collectivement notre enfant int\u00e9rieur\",\"isPartOf\":{\"@id\":\"https:\/\/empow-her.com\/#website\"},\"primaryImageOfPage\":{\"@id\":\"https:\/\/empow-her.com\/en\/produit\/groupe-parole-art-therapie-decolonisons-feminisme\/#primaryimage\"},\"image\":{\"@id\":\"https:\/\/empow-her.com\/en\/produit\/groupe-parole-art-therapie-decolonisons-feminisme\/#primaryimage\"},\"thumbnailUrl\":\"https:\/\/empow-her.com\/wp-content\/uploads\/2024\/04\/shetalks-economie-circulaire-6.png\",\"datePublished\":\"2024-04-24T08:51:55+00:00\",\"dateModified\":\"2024-04-24T09:31:51+00:00\",\"description\":\"Prenez un temps pour vous avec un groupe de paroles & atelier d'art th\u00e9rapie propos\u00e9s par D\u00e9colonisons le F\u00e9minisme chez Sist'Her Paris\",\"breadcrumb\":{\"@id\":\"https:\/\/empow-her.com\/en\/produit\/groupe-parole-art-therapie-decolonisons-feminisme\/#breadcrumb\"},\"inLanguage\":\"es\",\"potentialAction\":[{\"@type\":\"ReadAction\",\"target\":[\"https:\/\/empow-her.com\/en\/produit\/groupe-parole-art-therapie-decolonisons-feminisme\/\"]}]},{\"@type\":\"ImageObject\",\"inLanguage\":\"es\",\"@id\":\"https:\/\/empow-her.com\/en\/produit\/groupe-parole-art-therapie-decolonisons-feminisme\/#primaryimage\",\"url\":\"https:\/\/empow-her.com\/wp-content\/uploads\/2024\/04\/shetalks-economie-circulaire-6.png\",\"contentUrl\":\"https:\/\/empow-her.com\/wp-content\/uploads\/2024\/04\/shetalks-economie-circulaire-6.png\",\"width\":1080,\"height\":1080},{\"@type\":\"BreadcrumbList\",\"@id\":\"https:\/\/empow-her.com\/en\/produit\/groupe-parole-art-therapie-decolonisons-feminisme\/#breadcrumb\",\"itemListElement\":[{\"@type\":\"ListItem\",\"position\":1,\"name\":\"Accueil\",\"item\":\"https:\/\/empow-her.com\/es\/inicio\/\"},{\"@type\":\"ListItem\",\"position\":2,\"name\":\"LA BOUTIQUE\",\"item\":\"https:\/\/empow-her.com\/boutique\/\"},{\"@type\":\"ListItem\",\"position\":3,\"name\":\"Du groupe de paroles \u00e0 l\u2019art th\u00e9rapie : soigner &#038; prendre soin de son enfant int\u00e9rieur\"}]},{\"@type\":\"WebSite\",\"@id\":\"https:\/\/empow-her.com\/#website\",\"url\":\"https:\/\/empow-her.com\/\",\"name\":\"Empow&#039;Her\",\"description\":\"Women Development\",\"potentialAction\":[{\"@type\":\"SearchAction\",\"target\":{\"@type\":\"EntryPoint\",\"urlTemplate\":\"https:\/\/empow-her.com\/?s={search_term_string}\"},\"query-input\":{\"@type\":\"PropertyValueSpecification\",\"valueRequired\":true,\"valueName\":\"search_term_string\"}}],\"inLanguage\":\"es\"}]}<\/script>\n<!-- \/ Yoast SEO plugin. -->","yoast_head_json":{"title":"Soignons collectivement notre enfant int\u00e9rieur","description":"Prenez un temps pour vous avec un groupe de paroles & atelier d'art th\u00e9rapie propos\u00e9s par D\u00e9colonisons le F\u00e9minisme chez Sist'Her Paris","robots":{"index":"index","follow":"follow","max-snippet":"max-snippet:-1","max-image-preview":"max-image-preview:large","max-video-preview":"max-video-preview:-1"},"canonical":"https:\/\/empow-her.com\/en\/produit\/groupe-parole-art-therapie-decolonisons-feminisme\/","og_locale":"es_ES","og_type":"article","og_title":"Soignons collectivement notre enfant int\u00e9rieur","og_description":"Prenez un temps pour vous avec un groupe de paroles & atelier d'art th\u00e9rapie propos\u00e9s par D\u00e9colonisons le F\u00e9minisme chez Sist'Her Paris","og_url":"https:\/\/empow-her.com\/en\/produit\/groupe-parole-art-therapie-decolonisons-feminisme\/","og_site_name":"Empow&#039;Her","article_modified_time":"2024-04-24T09:31:51+00:00","og_image":[{"width":1080,"height":1080,"url":"https:\/\/empow-her.com\/wp-content\/uploads\/2024\/04\/shetalks-economie-circulaire-6.png","type":"image\/png"}],"twitter_card":"summary_large_image","twitter_misc":{"Tiempo de lectura":"2 minutos"},"schema":{"@context":"https:\/\/schema.org","@graph":[{"@type":"WebPage","@id":"https:\/\/empow-her.com\/en\/produit\/groupe-parole-art-therapie-decolonisons-feminisme\/","url":"https:\/\/empow-her.com\/en\/produit\/groupe-parole-art-therapie-decolonisons-feminisme\/","name":"Soignons collectivement notre enfant int\u00e9rieur","isPartOf":{"@id":"https:\/\/empow-her.com\/#website"},"primaryImageOfPage":{"@id":"https:\/\/empow-her.com\/en\/produit\/groupe-parole-art-therapie-decolonisons-feminisme\/#primaryimage"},"image":{"@id":"https:\/\/empow-her.com\/en\/produit\/groupe-parole-art-therapie-decolonisons-feminisme\/#primaryimage"},"thumbnailUrl":"https:\/\/empow-her.com\/wp-content\/uploads\/2024\/04\/shetalks-economie-circulaire-6.png","datePublished":"2024-04-24T08:51:55+00:00","dateModified":"2024-04-24T09:31:51+00:00","description":"Prenez un temps pour vous avec un groupe de paroles & atelier d'art th\u00e9rapie propos\u00e9s par D\u00e9colonisons le F\u00e9minisme chez Sist'Her Paris","breadcrumb":{"@id":"https:\/\/empow-her.com\/en\/produit\/groupe-parole-art-therapie-decolonisons-feminisme\/#breadcrumb"},"inLanguage":"es","potentialAction":[{"@type":"ReadAction","target":["https:\/\/empow-her.com\/en\/produit\/groupe-parole-art-therapie-decolonisons-feminisme\/"]}]},{"@type":"ImageObject","inLanguage":"es","@id":"https:\/\/empow-her.com\/en\/produit\/groupe-parole-art-therapie-decolonisons-feminisme\/#primaryimage","url":"https:\/\/empow-her.com\/wp-content\/uploads\/2024\/04\/shetalks-economie-circulaire-6.png","contentUrl":"https:\/\/empow-her.com\/wp-content\/uploads\/2024\/04\/shetalks-economie-circulaire-6.png","width":1080,"height":1080},{"@type":"BreadcrumbList","@id":"https:\/\/empow-her.com\/en\/produit\/groupe-parole-art-therapie-decolonisons-feminisme\/#breadcrumb","itemListElement":[{"@type":"ListItem","position":1,"name":"Accueil","item":"https:\/\/empow-her.com\/es\/inicio\/"},{"@type":"ListItem","position":2,"name":"LA BOUTIQUE","item":"https:\/\/empow-her.com\/boutique\/"},{"@type":"ListItem","position":3,"name":"Du groupe de paroles \u00e0 l\u2019art th\u00e9rapie : soigner &#038; prendre soin de son enfant int\u00e9rieur"}]},{"@type":"WebSite","@id":"https:\/\/empow-her.com\/#website","url":"https:\/\/empow-her.com\/","name":"Empow&#039;Her","description":"Women Development","potentialAction":[{"@type":"SearchAction","target":{"@type":"EntryPoint","urlTemplate":"https:\/\/empow-her.com\/?s={search_term_string}"},"query-input":{"@type":"PropertyValueSpecification","valueRequired":true,"valueName":"search_term_string"}}],"inLanguage":"es"}]}},"_links":{"self":[{"href":"https:\/\/empow-her.com\/es\/wp-json\/wp\/v2\/product\/248571","targetHints":{"allow":["GET"]}}],"collection":[{"href":"https:\/\/empow-her.com\/es\/wp-json\/wp\/v2\/product"}],"about":[{"href":"https:\/\/empow-her.com\/es\/wp-json\/wp\/v2\/types\/product"}],"wp:featuredmedia":[{"embeddable":true,"href":"https:\/\/empow-her.com\/es\/wp-json\/wp\/v2\/media\/248583"}],"wp:attachment":[{"href":"https:\/\/empow-her.com\/es\/wp-json\/wp\/v2\/media?parent=248571"}],"wp:term":[{"taxonomy":"product_brand","embeddable":true,"href":"https:\/\/empow-her.com\/es\/wp-json\/wp\/v2\/product_brand?post=248571"},{"taxonomy":"product_cat","embeddable":true,"href":"https:\/\/empow-her.com\/es\/wp-json\/wp\/v2\/product_cat?post=248571"},{"taxonomy":"product_tag","embeddable":true,"href":"https:\/\/empow-her.com\/es\/wp-json\/wp\/v2\/product_tag?post=248571"},{"taxonomy":"lieu","embeddable":true,"href":"https:\/\/empow-her.com\/es\/wp-json\/wp\/v2\/lieu?post=248571"},{"taxonomy":"thematiques","embeddable":true,"href":"https:\/\/empow-her.com\/es\/wp-json\/wp\/v2\/thematiques?post=248571"}],"curies":[{"name":"wp","href":"https:\/\/api.w.org\/{rel}","templated":true}]}}