{"id":248408,"date":"2024-04-18T16:20:50","date_gmt":"2024-04-18T14:20:50","guid":{"rendered":"https:\/\/empow-her.com\/?post_type=product&#038;p=248408"},"modified":"2024-04-19T10:32:55","modified_gmt":"2024-04-19T08:32:55","slug":"atelier-prototyper-et-tester-son-idee-avec-lapproche-mvp-2","status":"publish","type":"product","link":"https:\/\/empow-her.com\/es\/produit\/atelier-prototyper-et-tester-son-idee-avec-lapproche-mvp-2\/","title":{"rendered":"Atelier &#8211; Prototyper et tester son id\u00e9e"},"content":{"rendered":"<p><strong>Besoins :<\/strong> vous avez une id\u00e9e claire de l&#8217;activit\u00e9 que vous souhaitez lancer (produits, services ou autres) et vous souhaitez la tester en condition r\u00e9elles ? Vous avez besoin de v\u00e9rifier l&#8217;attractivit\u00e9 de votre proposition aupr\u00e8s de votre cible ? Vous souhaitez rencontrer vos premier\u00b7\u00e8res client\u00b7es et avoir leurs retours pour am\u00e9liorer votre proposition ? Vous souhaitez tester le bon fonctionnement de votre produit ou service sur le terrain ?<\/p>\n<p>Pendant cet atelier, nous verrons comment il est possible de prototyper tous types de produits ou de services, afin de tester les hypoth\u00e8ses structurantes pour votre projet.<br \/>\n&#8211; D\u00e9couverte de diff\u00e9rents exemples de prototypes, permettant de tester diff\u00e9rents aspects d&#8217;un projet.<br \/>\n&#8211; Pr\u00e9sentation d&#8217;outils de prototypage facile d&#8217;utilisation.<br \/>\n&#8211; Identifier les hypoth\u00e8ses que vous souhaitez \u00e9valuer gr\u00e2ce au prototypage.<br \/>\n&#8211; D\u00e9finir une m\u00e9thode, un protocole de test, pour \u00e9valuer ces hypoth\u00e8ses.<br \/>\n&#8211; D\u00e9finition d&#8217;un plan d&#8217;action pour r\u00e9aliser les prototypes et les tester en conditions r\u00e9elles.<br \/>\n&#8211; R\u00e9alisation des premi\u00e8res \u00e9tapes du plan d&#8217;action.<\/p>\n<p><strong>Pr\u00e9requis :<\/strong> &#8211; Avoir une d\u00e9finition relativement claire de l&#8217;activit\u00e9 que vous souhaitez lancer (produit, service ou autre).<\/p>\n<p><strong>Pr\u00e9sentation de l&#8217;intervenant : Paul Morin<\/strong><br \/>\nPaul met sa pratique du design au service de projets \u00e0 impact pour contribuer \u00e0 relever les d\u00e9fis \u00e9cologiques et sociaux contemporains. Son profil g\u00e9n\u00e9raliste s\u2019exprime sur des sujets vari\u00e9s, de l\u2019objet industriel au service, en passant par le lancement de nouvelles entreprises. Ses diff\u00e9rentes exp\u00e9riences entrepreneuriales \u2014 comme le skatepark en financement collaboratif Skate-o-rama ; la femtech en sant\u00e9 sexuelle Vulvae ; ou encore l\u2019imprimante \u00e9co-con\u00e7ue impro \u2014 combin\u00e9es \u00e0 6 ans de conseil dans des studios d\u2019innovation et en ind\u00e9pendant, lui permettent d\u2019avoir une approche strat\u00e9gique, ancr\u00e9e et ambitieuse de l\u2019innovation par le design.<\/p>\n<p><strong>Son super pouvoir :<\/strong> Creuser un sujet pour d\u00e9nicher une id\u00e9e innovante et pragmatique.<\/p>\n<p><strong>Son petit mot : <\/strong><br \/>\nPremi\u00e8rement : tous mes encouragements !<br \/>\nDeuxi\u00e8mement : comment puis-je vous aider ?<\/p>\n<p><strong>Attention !<\/strong>\u00a0Veuillez vous pr\u00e9senter \u00e0 l\u2019heure pour que l\u2019activit\u00e9 puisse commencer \u00e0 temps. Si vous avez du retard veuillez pr\u00e9venir l\u2019intervenant.e. Si vous avez plus de 15 min de retard l\u2019intervenant.e se r\u00e9serve le droit de ne plus vous accepter pour le coaching ou l\u2019atelier.<\/p>\n<div><\/div>\n<div><b>Lieu :\u00a0<\/b>Sist\u2019Her Paris, 82 rue du Faubourg Saint-Martin<\/div>\n","protected":false},"excerpt":{"rendered":"<p><strong>Besoins :<\/strong> vous avez une id\u00e9e claire de l&#8217;activit\u00e9 que vous souhaitez lancer (produits, services ou autres) et vous souhaitez la tester en condition r\u00e9elles ? Vous avez besoin de v\u00e9rifier l&#8217;attractivit\u00e9 de votre proposition aupr\u00e8s de votre cible ? Vous souhaitez rencontrer vos premier\u00b7\u00e8res client\u00b7es et avoir leurs retours pour am\u00e9liorer votre proposition ? Vous souhaitez tester le bon fonctionnement de votre produit ou service sur le terrain ?<\/p>\n<p>Pendant cet atelier, nous verrons comment il est possible de prototyper tous types de produits ou de services, afin de tester les hypoth\u00e8ses structurantes pour votre projet.<br \/>\n&#8211; D\u00e9couverte de diff\u00e9rents exemples de prototypes, permettant de tester diff\u00e9rents aspects d&#8217;un projet.<br \/>\n&#8211; Pr\u00e9sentation d&#8217;outils de prototypage facile d&#8217;utilisation.<br \/>\n&#8211; Identifier les hypoth\u00e8ses que vous souhaitez \u00e9valuer gr\u00e2ce au prototypage.<br \/>\n&#8211; D\u00e9finir une m\u00e9thode, un protocole de test, pour \u00e9valuer ces hypoth\u00e8ses.<br \/>\n&#8211; D\u00e9finition d&#8217;un plan d&#8217;action pour r\u00e9aliser les prototypes et les tester en conditions r\u00e9elles.<br \/>\n&#8211; R\u00e9alisation des premi\u00e8res \u00e9tapes du plan d&#8217;action.<\/p>\n<p><strong>Pr\u00e9requis :<\/strong> &#8211; Avoir une d\u00e9finition relativement claire de l&#8217;activit\u00e9 que vous souhaitez lancer (produit, service ou autre).<\/p>\n<p><strong>Pr\u00e9sentation de l&#8217;intervenant : Paul Morin<\/strong><br \/>\nPaul met sa pratique du design au service de projets \u00e0 impact pour contribuer \u00e0 relever les d\u00e9fis \u00e9cologiques et sociaux contemporains. Son profil g\u00e9n\u00e9raliste s\u2019exprime sur des sujets vari\u00e9s, de l\u2019objet industriel au service, en passant par le lancement de nouvelles entreprises. Ses diff\u00e9rentes exp\u00e9riences entrepreneuriales \u2014 comme le skatepark en financement collaboratif Skate-o-rama ; la femtech en sant\u00e9 sexuelle Vulvae ; ou encore l\u2019imprimante \u00e9co-con\u00e7ue impro \u2014 combin\u00e9es \u00e0 6 ans de conseil dans des studios d\u2019innovation et en ind\u00e9pendant, lui permettent d\u2019avoir une approche strat\u00e9gique, ancr\u00e9e et ambitieuse de l\u2019innovation par le design.<\/p>\n<p><strong>Son super pouvoir :<\/strong> Creuser un sujet pour d\u00e9nicher une id\u00e9e innovante et pragmatique.<\/p>\n<p><strong>Son petit mot : <\/strong><br \/>\nPremi\u00e8rement : tous mes encouragements !<br \/>\nDeuxi\u00e8mement : comment puis-je vous aider ?<\/p>\n<p><strong>Attention !<\/strong>\u00a0Veuillez vous pr\u00e9senter \u00e0 l\u2019heure pour que l\u2019activit\u00e9 puisse commencer \u00e0 temps. Si vous avez du retard veuillez pr\u00e9venir l\u2019intervenant.e. Si vous avez plus de 15 min de retard l\u2019intervenant.e se r\u00e9serve le droit de ne plus vous accepter pour le coaching ou l\u2019atelier.<\/p>\n<div><\/div>\n<div><b>Lieu :\u00a0<\/b>Sist\u2019Her Paris, 82 rue du Faubourg Saint-Martin<\/div>\n","protected":false},"featured_media":248409,"template":"","format":"standard","meta":{"_acf_changed":false,"om_disable_all_campaigns":false,"_uf_show_specific_survey":0,"_uf_disable_surveys":false},"product_brand":[],"product_cat":[118],"product_tag":[],"lieu":[127],"thematiques":[],"class_list":{"0":"post-248408","1":"product","2":"type-product","3":"status-publish","4":"format-standard","5":"has-post-thumbnail","7":"product_cat-atelier-collectif","8":"lieu-hub-empowher","10":"first","11":"instock","12":"virtual","13":"purchasable","14":"product-type-appointment"},"exclude_global_add_ons":[],"addons":[],"acf":[],"yoast_head":"<!-- This site is optimized with the Yoast SEO plugin v24.8 - https:\/\/yoast.com\/wordpress\/plugins\/seo\/ -->\n<title>Atelier - Prototyper et tester son id\u00e9e - Empow&#039;Her<\/title>\n<meta name=\"robots\" content=\"index, follow, max-snippet:-1, max-image-preview:large, max-video-preview:-1\" \/>\n<link rel=\"canonical\" href=\"https:\/\/empow-her.com\/en\/produit\/atelier-prototyper-et-tester-son-idee-avec-lapproche-mvp-2\/\" \/>\n<meta property=\"og:locale\" content=\"es_ES\" \/>\n<meta property=\"og:type\" content=\"article\" \/>\n<meta property=\"og:title\" content=\"Atelier - Prototyper et tester son id\u00e9e - Empow&#039;Her\" \/>\n<meta property=\"og:description\" content=\"Besoins : vous avez une id\u00e9e claire de l&#039;activit\u00e9 que vous souhaitez lancer (produits, services ou autres) et vous souhaitez la tester en condition r\u00e9elles ? Vous avez besoin de v\u00e9rifier l&#039;attractivit\u00e9 de votre proposition aupr\u00e8s de votre cible ? Vous souhaitez rencontrer vos premier\u00b7\u00e8res client\u00b7es et avoir leurs retours pour am\u00e9liorer votre proposition ? Vous souhaitez tester le bon fonctionnement de votre produit ou service sur le terrain ?  Pendant cet atelier, nous verrons comment il est possible de prototyper tous types de produits ou de services, afin de tester les hypoth\u00e8ses structurantes pour votre projet. - D\u00e9couverte de diff\u00e9rents exemples de prototypes, permettant de tester diff\u00e9rents aspects d&#039;un projet. - Pr\u00e9sentation d&#039;outils de prototypage facile d&#039;utilisation. - Identifier les hypoth\u00e8ses que vous souhaitez \u00e9valuer gr\u00e2ce au prototypage. - D\u00e9finir une m\u00e9thode, un protocole de test, pour \u00e9valuer ces hypoth\u00e8ses. - D\u00e9finition d&#039;un plan d&#039;action pour r\u00e9aliser les prototypes et les tester en conditions r\u00e9elles. - R\u00e9alisation des premi\u00e8res \u00e9tapes du plan d&#039;action.  Pr\u00e9requis : - Avoir une d\u00e9finition relativement claire de l&#039;activit\u00e9 que vous souhaitez lancer (produit, service ou autre).  Pr\u00e9sentation de l&#039;intervenant : Paul Morin Paul met sa pratique du design au service de projets \u00e0 impact pour contribuer \u00e0 relever les d\u00e9fis \u00e9cologiques et sociaux contemporains. Son profil g\u00e9n\u00e9raliste s\u2019exprime sur des sujets vari\u00e9s, de l\u2019objet industriel au service, en passant par le lancement de nouvelles entreprises. Ses diff\u00e9rentes exp\u00e9riences entrepreneuriales \u2014 comme le skatepark en financement collaboratif Skate-o-rama ; la femtech en sant\u00e9 sexuelle Vulvae ; ou encore l\u2019imprimante \u00e9co-con\u00e7ue impro \u2014 combin\u00e9es \u00e0 6 ans de conseil dans des studios d\u2019innovation et en ind\u00e9pendant, lui permettent d\u2019avoir une approche strat\u00e9gique, ancr\u00e9e et ambitieuse de l\u2019innovation par le design.  Son super pouvoir : Creuser un sujet pour d\u00e9nicher une id\u00e9e innovante et pragmatique.  Son petit mot :  Premi\u00e8rement : tous mes encouragements ! Deuxi\u00e8mement : comment puis-je vous aider ?  Attention !\u00a0Veuillez vous pr\u00e9senter \u00e0 l\u2019heure pour que l\u2019activit\u00e9 puisse commencer \u00e0 temps. Si vous avez du retard veuillez pr\u00e9venir l\u2019intervenant.e. Si vous avez plus de 15 min de retard l\u2019intervenant.e se r\u00e9serve le droit de ne plus vous accepter pour le coaching ou l\u2019atelier.  Lieu :\u00a0Sist\u2019Her Paris, 82 rue du Faubourg Saint-Martin\" \/>\n<meta property=\"og:url\" content=\"https:\/\/empow-her.com\/en\/produit\/atelier-prototyper-et-tester-son-idee-avec-lapproche-mvp-2\/\" \/>\n<meta property=\"og:site_name\" content=\"Empow&#039;Her\" \/>\n<meta property=\"article:modified_time\" content=\"2024-04-19T08:32:55+00:00\" \/>\n<meta property=\"og:image\" content=\"https:\/\/empow-her.com\/wp-content\/uploads\/2024\/04\/Women-Dare-templates-events-4.png\" \/>\n\t<meta property=\"og:image:width\" content=\"1080\" \/>\n\t<meta property=\"og:image:height\" content=\"1080\" \/>\n\t<meta property=\"og:image:type\" content=\"image\/png\" \/>\n<meta name=\"twitter:card\" content=\"summary_large_image\" \/>\n<meta name=\"twitter:label1\" content=\"Tiempo de lectura\" \/>\n\t<meta name=\"twitter:data1\" content=\"2 minutos\" \/>\n<script type=\"application\/ld+json\" class=\"yoast-schema-graph\">{\"@context\":\"https:\/\/schema.org\",\"@graph\":[{\"@type\":\"WebPage\",\"@id\":\"https:\/\/empow-her.com\/en\/produit\/atelier-prototyper-et-tester-son-idee-avec-lapproche-mvp-2\/\",\"url\":\"https:\/\/empow-her.com\/en\/produit\/atelier-prototyper-et-tester-son-idee-avec-lapproche-mvp-2\/\",\"name\":\"Atelier - Prototyper et tester son id\u00e9e - Empow&#039;Her\",\"isPartOf\":{\"@id\":\"https:\/\/empow-her.com\/#website\"},\"primaryImageOfPage\":{\"@id\":\"https:\/\/empow-her.com\/en\/produit\/atelier-prototyper-et-tester-son-idee-avec-lapproche-mvp-2\/#primaryimage\"},\"image\":{\"@id\":\"https:\/\/empow-her.com\/en\/produit\/atelier-prototyper-et-tester-son-idee-avec-lapproche-mvp-2\/#primaryimage\"},\"thumbnailUrl\":\"https:\/\/empow-her.com\/wp-content\/uploads\/2024\/04\/Women-Dare-templates-events-4.png\",\"datePublished\":\"2024-04-18T14:20:50+00:00\",\"dateModified\":\"2024-04-19T08:32:55+00:00\",\"breadcrumb\":{\"@id\":\"https:\/\/empow-her.com\/en\/produit\/atelier-prototyper-et-tester-son-idee-avec-lapproche-mvp-2\/#breadcrumb\"},\"inLanguage\":\"es\",\"potentialAction\":[{\"@type\":\"ReadAction\",\"target\":[\"https:\/\/empow-her.com\/en\/produit\/atelier-prototyper-et-tester-son-idee-avec-lapproche-mvp-2\/\"]}]},{\"@type\":\"ImageObject\",\"inLanguage\":\"es\",\"@id\":\"https:\/\/empow-her.com\/en\/produit\/atelier-prototyper-et-tester-son-idee-avec-lapproche-mvp-2\/#primaryimage\",\"url\":\"https:\/\/empow-her.com\/wp-content\/uploads\/2024\/04\/Women-Dare-templates-events-4.png\",\"contentUrl\":\"https:\/\/empow-her.com\/wp-content\/uploads\/2024\/04\/Women-Dare-templates-events-4.png\",\"width\":1080,\"height\":1080},{\"@type\":\"BreadcrumbList\",\"@id\":\"https:\/\/empow-her.com\/en\/produit\/atelier-prototyper-et-tester-son-idee-avec-lapproche-mvp-2\/#breadcrumb\",\"itemListElement\":[{\"@type\":\"ListItem\",\"position\":1,\"name\":\"Accueil\",\"item\":\"https:\/\/empow-her.com\/es\/inicio\/\"},{\"@type\":\"ListItem\",\"position\":2,\"name\":\"LA BOUTIQUE\",\"item\":\"https:\/\/empow-her.com\/boutique\/\"},{\"@type\":\"ListItem\",\"position\":3,\"name\":\"Atelier &#8211; Prototyper et tester son id\u00e9e\"}]},{\"@type\":\"WebSite\",\"@id\":\"https:\/\/empow-her.com\/#website\",\"url\":\"https:\/\/empow-her.com\/\",\"name\":\"Empow&#039;Her\",\"description\":\"Women Development\",\"potentialAction\":[{\"@type\":\"SearchAction\",\"target\":{\"@type\":\"EntryPoint\",\"urlTemplate\":\"https:\/\/empow-her.com\/?s={search_term_string}\"},\"query-input\":{\"@type\":\"PropertyValueSpecification\",\"valueRequired\":true,\"valueName\":\"search_term_string\"}}],\"inLanguage\":\"es\"}]}<\/script>\n<!-- \/ Yoast SEO plugin. -->","yoast_head_json":{"title":"Atelier - Prototyper et tester son id\u00e9e - Empow&#039;Her","robots":{"index":"index","follow":"follow","max-snippet":"max-snippet:-1","max-image-preview":"max-image-preview:large","max-video-preview":"max-video-preview:-1"},"canonical":"https:\/\/empow-her.com\/en\/produit\/atelier-prototyper-et-tester-son-idee-avec-lapproche-mvp-2\/","og_locale":"es_ES","og_type":"article","og_title":"Atelier - Prototyper et tester son id\u00e9e - Empow&#039;Her","og_description":"Besoins : vous avez une id\u00e9e claire de l'activit\u00e9 que vous souhaitez lancer (produits, services ou autres) et vous souhaitez la tester en condition r\u00e9elles ? Vous avez besoin de v\u00e9rifier l'attractivit\u00e9 de votre proposition aupr\u00e8s de votre cible ? Vous souhaitez rencontrer vos premier\u00b7\u00e8res client\u00b7es et avoir leurs retours pour am\u00e9liorer votre proposition ? Vous souhaitez tester le bon fonctionnement de votre produit ou service sur le terrain ?  Pendant cet atelier, nous verrons comment il est possible de prototyper tous types de produits ou de services, afin de tester les hypoth\u00e8ses structurantes pour votre projet. - D\u00e9couverte de diff\u00e9rents exemples de prototypes, permettant de tester diff\u00e9rents aspects d'un projet. - Pr\u00e9sentation d'outils de prototypage facile d'utilisation. - Identifier les hypoth\u00e8ses que vous souhaitez \u00e9valuer gr\u00e2ce au prototypage. - D\u00e9finir une m\u00e9thode, un protocole de test, pour \u00e9valuer ces hypoth\u00e8ses. - D\u00e9finition d'un plan d'action pour r\u00e9aliser les prototypes et les tester en conditions r\u00e9elles. - R\u00e9alisation des premi\u00e8res \u00e9tapes du plan d'action.  Pr\u00e9requis : - Avoir une d\u00e9finition relativement claire de l'activit\u00e9 que vous souhaitez lancer (produit, service ou autre).  Pr\u00e9sentation de l'intervenant : Paul Morin Paul met sa pratique du design au service de projets \u00e0 impact pour contribuer \u00e0 relever les d\u00e9fis \u00e9cologiques et sociaux contemporains. Son profil g\u00e9n\u00e9raliste s\u2019exprime sur des sujets vari\u00e9s, de l\u2019objet industriel au service, en passant par le lancement de nouvelles entreprises. Ses diff\u00e9rentes exp\u00e9riences entrepreneuriales \u2014 comme le skatepark en financement collaboratif Skate-o-rama ; la femtech en sant\u00e9 sexuelle Vulvae ; ou encore l\u2019imprimante \u00e9co-con\u00e7ue impro \u2014 combin\u00e9es \u00e0 6 ans de conseil dans des studios d\u2019innovation et en ind\u00e9pendant, lui permettent d\u2019avoir une approche strat\u00e9gique, ancr\u00e9e et ambitieuse de l\u2019innovation par le design.  Son super pouvoir : Creuser un sujet pour d\u00e9nicher une id\u00e9e innovante et pragmatique.  Son petit mot :  Premi\u00e8rement : tous mes encouragements ! Deuxi\u00e8mement : comment puis-je vous aider ?  Attention !\u00a0Veuillez vous pr\u00e9senter \u00e0 l\u2019heure pour que l\u2019activit\u00e9 puisse commencer \u00e0 temps. Si vous avez du retard veuillez pr\u00e9venir l\u2019intervenant.e. Si vous avez plus de 15 min de retard l\u2019intervenant.e se r\u00e9serve le droit de ne plus vous accepter pour le coaching ou l\u2019atelier.  Lieu :\u00a0Sist\u2019Her Paris, 82 rue du Faubourg Saint-Martin","og_url":"https:\/\/empow-her.com\/en\/produit\/atelier-prototyper-et-tester-son-idee-avec-lapproche-mvp-2\/","og_site_name":"Empow&#039;Her","article_modified_time":"2024-04-19T08:32:55+00:00","og_image":[{"width":1080,"height":1080,"url":"https:\/\/empow-her.com\/wp-content\/uploads\/2024\/04\/Women-Dare-templates-events-4.png","type":"image\/png"}],"twitter_card":"summary_large_image","twitter_misc":{"Tiempo de lectura":"2 minutos"},"schema":{"@context":"https:\/\/schema.org","@graph":[{"@type":"WebPage","@id":"https:\/\/empow-her.com\/en\/produit\/atelier-prototyper-et-tester-son-idee-avec-lapproche-mvp-2\/","url":"https:\/\/empow-her.com\/en\/produit\/atelier-prototyper-et-tester-son-idee-avec-lapproche-mvp-2\/","name":"Atelier - Prototyper et tester son id\u00e9e - Empow&#039;Her","isPartOf":{"@id":"https:\/\/empow-her.com\/#website"},"primaryImageOfPage":{"@id":"https:\/\/empow-her.com\/en\/produit\/atelier-prototyper-et-tester-son-idee-avec-lapproche-mvp-2\/#primaryimage"},"image":{"@id":"https:\/\/empow-her.com\/en\/produit\/atelier-prototyper-et-tester-son-idee-avec-lapproche-mvp-2\/#primaryimage"},"thumbnailUrl":"https:\/\/empow-her.com\/wp-content\/uploads\/2024\/04\/Women-Dare-templates-events-4.png","datePublished":"2024-04-18T14:20:50+00:00","dateModified":"2024-04-19T08:32:55+00:00","breadcrumb":{"@id":"https:\/\/empow-her.com\/en\/produit\/atelier-prototyper-et-tester-son-idee-avec-lapproche-mvp-2\/#breadcrumb"},"inLanguage":"es","potentialAction":[{"@type":"ReadAction","target":["https:\/\/empow-her.com\/en\/produit\/atelier-prototyper-et-tester-son-idee-avec-lapproche-mvp-2\/"]}]},{"@type":"ImageObject","inLanguage":"es","@id":"https:\/\/empow-her.com\/en\/produit\/atelier-prototyper-et-tester-son-idee-avec-lapproche-mvp-2\/#primaryimage","url":"https:\/\/empow-her.com\/wp-content\/uploads\/2024\/04\/Women-Dare-templates-events-4.png","contentUrl":"https:\/\/empow-her.com\/wp-content\/uploads\/2024\/04\/Women-Dare-templates-events-4.png","width":1080,"height":1080},{"@type":"BreadcrumbList","@id":"https:\/\/empow-her.com\/en\/produit\/atelier-prototyper-et-tester-son-idee-avec-lapproche-mvp-2\/#breadcrumb","itemListElement":[{"@type":"ListItem","position":1,"name":"Accueil","item":"https:\/\/empow-her.com\/es\/inicio\/"},{"@type":"ListItem","position":2,"name":"LA BOUTIQUE","item":"https:\/\/empow-her.com\/boutique\/"},{"@type":"ListItem","position":3,"name":"Atelier &#8211; Prototyper et tester son id\u00e9e"}]},{"@type":"WebSite","@id":"https:\/\/empow-her.com\/#website","url":"https:\/\/empow-her.com\/","name":"Empow&#039;Her","description":"Women Development","potentialAction":[{"@type":"SearchAction","target":{"@type":"EntryPoint","urlTemplate":"https:\/\/empow-her.com\/?s={search_term_string}"},"query-input":{"@type":"PropertyValueSpecification","valueRequired":true,"valueName":"search_term_string"}}],"inLanguage":"es"}]}},"_links":{"self":[{"href":"https:\/\/empow-her.com\/es\/wp-json\/wp\/v2\/product\/248408","targetHints":{"allow":["GET"]}}],"collection":[{"href":"https:\/\/empow-her.com\/es\/wp-json\/wp\/v2\/product"}],"about":[{"href":"https:\/\/empow-her.com\/es\/wp-json\/wp\/v2\/types\/product"}],"wp:featuredmedia":[{"embeddable":true,"href":"https:\/\/empow-her.com\/es\/wp-json\/wp\/v2\/media\/248409"}],"wp:attachment":[{"href":"https:\/\/empow-her.com\/es\/wp-json\/wp\/v2\/media?parent=248408"}],"wp:term":[{"taxonomy":"product_brand","embeddable":true,"href":"https:\/\/empow-her.com\/es\/wp-json\/wp\/v2\/product_brand?post=248408"},{"taxonomy":"product_cat","embeddable":true,"href":"https:\/\/empow-her.com\/es\/wp-json\/wp\/v2\/product_cat?post=248408"},{"taxonomy":"product_tag","embeddable":true,"href":"https:\/\/empow-her.com\/es\/wp-json\/wp\/v2\/product_tag?post=248408"},{"taxonomy":"lieu","embeddable":true,"href":"https:\/\/empow-her.com\/es\/wp-json\/wp\/v2\/lieu?post=248408"},{"taxonomy":"thematiques","embeddable":true,"href":"https:\/\/empow-her.com\/es\/wp-json\/wp\/v2\/thematiques?post=248408"}],"curies":[{"name":"wp","href":"https:\/\/api.w.org\/{rel}","templated":true}]}}