{"id":248163,"date":"2024-04-04T16:05:45","date_gmt":"2024-04-04T14:05:45","guid":{"rendered":"https:\/\/empow-her.com\/?post_type=product&#038;p=248163"},"modified":"2024-04-04T16:08:29","modified_gmt":"2024-04-04T14:08:29","slug":"coaching-formaliser-mon-idee-entrepreneuriale-2","status":"publish","type":"product","link":"https:\/\/empow-her.com\/es\/produit\/coaching-formaliser-mon-idee-entrepreneuriale-2\/","title":{"rendered":"Coaching &#8211; Formaliser mon id\u00e9e entrepreneuriale"},"content":{"rendered":"<p><strong>Besoin<\/strong> <strong>:<\/strong><\/p>\n<p>Vous cherchez une ou des pistes d&#8217;id\u00e9es qui vous correspondent, vous avez identifi\u00e9 un probl\u00e8me que vous souhaiteriez r\u00e9soudre mais vous avez besoin de savoir s&#8217;il est pertinent ? Vous avez envisag\u00e9 un projet mais est-ce que ce sujet vous motive ? Vous souhaitez vous lancer sur un secteur en particulier mais vous vous demandez par o\u00f9 commencer ?<\/p>\n<p><strong>Description<\/strong> <strong>:<\/strong><\/p>\n<p>En fonction de votre besoin, vous ressortirez de cet accompagnement avec une id\u00e9e de projet \u00e0 creuser, des outils sp\u00e9cifiques pour vous aider \u00e0 identifier des pistes de projet \u00e0 d\u00e9velopper sur des th\u00e9matiques qui vous motivent !<\/p>\n<p><strong>Pr\u00e9-requis :<\/strong> Une id\u00e9e ou de l&#8217;envie !<\/p>\n<p><strong> Intervenant.e.s : Milan Kieffer de Milan<\/strong><\/p>\n<p>Passionn\u00e9 par le design et l\u2019\u00e9tude des comportements humains, Milan a travaill\u00e9 4 ans sur des projets vari\u00e9s d\u2019innovation \u00e0 impact social et environnemental au service de grands groupes, PME et associations issus de secteurs diff\u00e9rents au sein d\u2019une agence pluridisciplinaire. Son expertise allie des comp\u00e9tences en design \u00e0 des comp\u00e9tences strat\u00e9giques. Depuis, Milan souhaite partager ses exp\u00e9riences au travers de projets en faveur de l&#8217;innovation sociale.<br \/>\nEn parall\u00e8le, Milan est enseignant en design \u00e0 Strate, \u00e9cole de design et actuellement designer \u00e0 la Croix-Rouge fran\u00e7aise.<\/p>\n<p><strong>Son super pouvoir :\u00a0<\/strong>Transforme vos id\u00e9es g\u00e9niales en super business plans<\/p>\n<p><strong>Dur\u00e9e<\/strong>\u00a0<strong>:<\/strong> U<span data-sheets-value=\"{&quot;1&quot;:2,&quot;2&quot;:&quot;Permanence de 4h avec un cr\u00e9neau de 1h par participante (+ 15 minutes entre chaque)&quot;}\" data-sheets-userformat=\"{&quot;2&quot;:7167,&quot;3&quot;:{&quot;1&quot;:0},&quot;4&quot;:{&quot;1&quot;:2,&quot;2&quot;:16777215},&quot;5&quot;:{&quot;1&quot;:[{&quot;1&quot;:2,&quot;2&quot;:0,&quot;5&quot;:{&quot;1&quot;:2,&quot;2&quot;:0}},{&quot;1&quot;:0,&quot;2&quot;:0,&quot;3&quot;:3},{&quot;1&quot;:1,&quot;2&quot;:0,&quot;4&quot;:1}]},&quot;6&quot;:{&quot;1&quot;:[{&quot;1&quot;:2,&quot;2&quot;:0,&quot;5&quot;:{&quot;1&quot;:2,&quot;2&quot;:0}},{&quot;1&quot;:0,&quot;2&quot;:0,&quot;3&quot;:3},{&quot;1&quot;:1,&quot;2&quot;:0,&quot;4&quot;:1}]},&quot;7&quot;:{&quot;1&quot;:[{&quot;1&quot;:2,&quot;2&quot;:0,&quot;5&quot;:{&quot;1&quot;:2,&quot;2&quot;:0}},{&quot;1&quot;:0,&quot;2&quot;:0,&quot;3&quot;:3},{&quot;1&quot;:1,&quot;2&quot;:0,&quot;4&quot;:1}]},&quot;8&quot;:{&quot;1&quot;:[{&quot;1&quot;:2,&quot;2&quot;:0,&quot;5&quot;:{&quot;1&quot;:2,&quot;2&quot;:0}},{&quot;1&quot;:0,&quot;2&quot;:0,&quot;3&quot;:3},{&quot;1&quot;:1,&quot;2&quot;:0,&quot;4&quot;:1}]},&quot;9&quot;:0,&quot;10&quot;:1,&quot;11&quot;:4,&quot;12&quot;:0,&quot;14&quot;:{&quot;1&quot;:2,&quot;2&quot;:0},&quot;15&quot;:&quot;Calibri&quot;}\">n cr\u00e9neau de 1h en individuel<\/span><\/p>\n<p><strong>Lieu :<\/strong> En ligne<br \/>\nRendez-vous en ligne, le lien Zoom vous sera envoy\u00e9 dans un second temps.<\/p>\n<p><span data-sheets-value=\"{&quot;1&quot;:2,&quot;2&quot;:&quot;Attention ! \u00a0Veuillez vous pr\u00e9sentez \u00e0 l'heure pour que l'activit\u00e9 puisse commencer \u00e0 temps. Si vous avez du retard veuillez pr\u00e9venir l'intervenant.e. Si vous avez plus de 15 min de retard l'intervenant.e se r\u00e9serve le droit de plus vous accepter pour le coaching ou l'atelier.\u00a0&quot;}\" data-sheets-userformat=\"{&quot;2&quot;:641,&quot;3&quot;:{&quot;1&quot;:0},&quot;10&quot;:1,&quot;12&quot;:0}\"><strong>Attention !<\/strong> \u00a0Veuillez vous pr\u00e9senter \u00e0 l\u2019heure pour que l\u2019activit\u00e9 puisse commencer \u00e0 temps. Si vous avez du retard veuillez pr\u00e9venir l\u2019intervenant.e. Si vous avez plus de 15 min de retard l\u2019intervenant.e se r\u00e9serve le droit de ne plus vous accepter pour le coaching ou l\u2019atelier.\u00a0<\/span><\/p>\n<p>Vous souhaitez vous inscrire \u00e0 ce coaching ? Une fois que vous avez re\u00e7u l\u2019invitation Google Calendrier pour le coaching que vous avez r\u00e9serv\u00e9, envoyez un mail \u00e0 l\u2019experte qui est dans l\u2019invitation avec vous en joignant tous les documents qui lui seraient utiles pour pr\u00e9parer au mieux cette heure.<\/p>\n","protected":false},"excerpt":{"rendered":"<p><strong>Besoin<\/strong> <strong>:<\/strong><\/p>\n<p>Vous cherchez une ou des pistes d&#8217;id\u00e9es qui vous correspondent, vous avez identifi\u00e9 un probl\u00e8me que vous souhaiteriez r\u00e9soudre mais vous avez besoin de savoir s&#8217;il est pertinent ? Vous avez envisag\u00e9 un projet mais est-ce que ce sujet vous motive ? Vous souhaitez vous lancer sur un secteur en particulier mais vous vous demandez par o\u00f9 commencer ?<\/p>\n<p><strong>Description<\/strong> <strong>:<\/strong><\/p>\n<p>En fonction de votre besoin, vous ressortirez de cet accompagnement avec une id\u00e9e de projet \u00e0 creuser, des outils sp\u00e9cifiques pour vous aider \u00e0 identifier des pistes de projet \u00e0 d\u00e9velopper sur des th\u00e9matiques qui vous motivent !<\/p>\n<p><strong>Pr\u00e9-requis :<\/strong> Une id\u00e9e ou de l&#8217;envie !<\/p>\n<p><strong> Intervenant.e.s : Milan Kieffer de Milan<\/strong><\/p>\n<p>Passionn\u00e9 par le design et l\u2019\u00e9tude des comportements humains, Milan a travaill\u00e9 4 ans sur des projets vari\u00e9s d\u2019innovation \u00e0 impact social et environnemental au service de grands groupes, PME et associations issus de secteurs diff\u00e9rents au sein d\u2019une agence pluridisciplinaire. Son expertise allie des comp\u00e9tences en design \u00e0 des comp\u00e9tences strat\u00e9giques. Depuis, Milan souhaite partager ses exp\u00e9riences au travers de projets en faveur de l&#8217;innovation sociale.<br \/>\nEn parall\u00e8le, Milan est enseignant en design \u00e0 Strate, \u00e9cole de design et actuellement designer \u00e0 la Croix-Rouge fran\u00e7aise.<\/p>\n<p><strong>Dur\u00e9e<\/strong>\u00a0<strong>:<\/strong> U<span data-sheets-value=\"{&quot;1&quot;:2,&quot;2&quot;:&quot;Permanence de 4h avec un cr\u00e9neau de 1h par participante (+ 15 minutes entre chaque)&quot;}\" data-sheets-userformat=\"{&quot;2&quot;:7167,&quot;3&quot;:{&quot;1&quot;:0},&quot;4&quot;:{&quot;1&quot;:2,&quot;2&quot;:16777215},&quot;5&quot;:{&quot;1&quot;:[{&quot;1&quot;:2,&quot;2&quot;:0,&quot;5&quot;:{&quot;1&quot;:2,&quot;2&quot;:0}},{&quot;1&quot;:0,&quot;2&quot;:0,&quot;3&quot;:3},{&quot;1&quot;:1,&quot;2&quot;:0,&quot;4&quot;:1}]},&quot;6&quot;:{&quot;1&quot;:[{&quot;1&quot;:2,&quot;2&quot;:0,&quot;5&quot;:{&quot;1&quot;:2,&quot;2&quot;:0}},{&quot;1&quot;:0,&quot;2&quot;:0,&quot;3&quot;:3},{&quot;1&quot;:1,&quot;2&quot;:0,&quot;4&quot;:1}]},&quot;7&quot;:{&quot;1&quot;:[{&quot;1&quot;:2,&quot;2&quot;:0,&quot;5&quot;:{&quot;1&quot;:2,&quot;2&quot;:0}},{&quot;1&quot;:0,&quot;2&quot;:0,&quot;3&quot;:3},{&quot;1&quot;:1,&quot;2&quot;:0,&quot;4&quot;:1}]},&quot;8&quot;:{&quot;1&quot;:[{&quot;1&quot;:2,&quot;2&quot;:0,&quot;5&quot;:{&quot;1&quot;:2,&quot;2&quot;:0}},{&quot;1&quot;:0,&quot;2&quot;:0,&quot;3&quot;:3},{&quot;1&quot;:1,&quot;2&quot;:0,&quot;4&quot;:1}]},&quot;9&quot;:0,&quot;10&quot;:1,&quot;11&quot;:4,&quot;12&quot;:0,&quot;14&quot;:{&quot;1&quot;:2,&quot;2&quot;:0},&quot;15&quot;:&quot;Calibri&quot;}\">n cr\u00e9neau de 1h en individuel<\/span><\/p>\n<p><strong>Lieu :<\/strong> En ligne<br \/>\nRendez-vous en ligne, le lien Zoom vous sera envoy\u00e9 dans un second temps.<\/p>\n<p><span data-sheets-value=\"{&quot;1&quot;:2,&quot;2&quot;:&quot;Attention ! \u00a0Veuillez vous pr\u00e9sentez \u00e0 l'heure pour que l'activit\u00e9 puisse commencer \u00e0 temps. Si vous avez du retard veuillez pr\u00e9venir l'intervenant.e. Si vous avez plus de 15 min de retard l'intervenant.e se r\u00e9serve le droit de plus vous accepter pour le coaching ou l'atelier.\u00a0&quot;}\" data-sheets-userformat=\"{&quot;2&quot;:641,&quot;3&quot;:{&quot;1&quot;:0},&quot;10&quot;:1,&quot;12&quot;:0}\"><strong>Attention !<\/strong> \u00a0Veuillez vous pr\u00e9senter \u00e0 l\u2019heure pour que l\u2019activit\u00e9 puisse commencer \u00e0 temps. Si vous avez du retard veuillez pr\u00e9venir l\u2019intervenant.e. Si vous avez plus de 15 min de retard l\u2019intervenant.e se r\u00e9serve le droit de ne plus vous accepter pour le coaching ou l\u2019atelier.\u00a0<\/span><\/p>\n<p>Vous souhaitez vous inscrire \u00e0 ce coaching ? Une fois que vous avez re\u00e7u l\u2019invitation Google Calendrier pour le coaching que vous avez r\u00e9serv\u00e9, envoyez un mail \u00e0 l\u2019experte qui est dans l\u2019invitation avec vous en joignant tous les documents qui lui seraient utiles pour pr\u00e9parer au mieux cette heure.<\/p>\n","protected":false},"featured_media":248164,"template":"","format":"standard","meta":{"_acf_changed":false,"om_disable_all_campaigns":false,"_uf_show_specific_survey":0,"_uf_disable_surveys":false},"product_brand":[],"product_cat":[121],"product_tag":[],"lieu":[125],"thematiques":[],"class_list":{"0":"post-248163","1":"product","2":"type-product","3":"status-publish","4":"format-standard","5":"has-post-thumbnail","7":"product_cat-coaching","8":"lieu-en-ligne","10":"first","11":"instock","12":"virtual","13":"purchasable","14":"product-type-appointment"},"exclude_global_add_ons":[],"addons":[],"acf":[],"yoast_head":"<!-- This site is optimized with the Yoast SEO plugin v24.8 - https:\/\/yoast.com\/wordpress\/plugins\/seo\/ -->\n<title>Coaching : financement et business plan<\/title>\n<meta name=\"robots\" content=\"index, follow, max-snippet:-1, max-image-preview:large, max-video-preview:-1\" \/>\n<link rel=\"canonical\" href=\"https:\/\/empow-her.com\/en\/produit\/coaching-formaliser-mon-idee-entrepreneuriale-2\/\" \/>\n<meta property=\"og:locale\" content=\"es_ES\" \/>\n<meta property=\"og:type\" content=\"article\" \/>\n<meta property=\"og:title\" content=\"Coaching : financement et business plan\" \/>\n<meta property=\"og:description\" content=\"Besoin :  Vous cherchez une ou des pistes d&#039;id\u00e9es qui vous correspondent, vous avez identifi\u00e9 un probl\u00e8me que vous souhaiteriez r\u00e9soudre mais vous avez besoin de savoir s&#039;il est pertinent ? Vous avez envisag\u00e9 un projet mais est-ce que ce sujet vous motive ? Vous souhaitez vous lancer sur un secteur en particulier mais vous vous demandez par o\u00f9 commencer ?  Description :  En fonction de votre besoin, vous ressortirez de cet accompagnement avec une id\u00e9e de projet \u00e0 creuser, des outils sp\u00e9cifiques pour vous aider \u00e0 identifier des pistes de projet \u00e0 d\u00e9velopper sur des th\u00e9matiques qui vous motivent !  Pr\u00e9-requis : Une id\u00e9e ou de l&#039;envie !   Intervenant.e.s : Milan Kieffer de Milan  Passionn\u00e9 par le design et l\u2019\u00e9tude des comportements humains, Milan a travaill\u00e9 4 ans sur des projets vari\u00e9s d\u2019innovation \u00e0 impact social et environnemental au service de grands groupes, PME et associations issus de secteurs diff\u00e9rents au sein d\u2019une agence pluridisciplinaire. Son expertise allie des comp\u00e9tences en design \u00e0 des comp\u00e9tences strat\u00e9giques. Depuis, Milan souhaite partager ses exp\u00e9riences au travers de projets en faveur de l&#039;innovation sociale. En parall\u00e8le, Milan est enseignant en design \u00e0 Strate, \u00e9cole de design et actuellement designer \u00e0 la Croix-Rouge fran\u00e7aise.  Dur\u00e9e\u00a0: Un cr\u00e9neau de 1h en individuel  Lieu : En ligne Rendez-vous en ligne, le lien Zoom vous sera envoy\u00e9 dans un second temps.  Attention ! \u00a0Veuillez vous pr\u00e9senter \u00e0 l\u2019heure pour que l\u2019activit\u00e9 puisse commencer \u00e0 temps. Si vous avez du retard veuillez pr\u00e9venir l\u2019intervenant.e. Si vous avez plus de 15 min de retard l\u2019intervenant.e se r\u00e9serve le droit de ne plus vous accepter pour le coaching ou l\u2019atelier.\u00a0  Vous souhaitez vous inscrire \u00e0 ce coaching ? Une fois que vous avez re\u00e7u l\u2019invitation Google Calendrier pour le coaching que vous avez r\u00e9serv\u00e9, envoyez un mail \u00e0 l\u2019experte qui est dans l\u2019invitation avec vous en joignant tous les documents qui lui seraient utiles pour pr\u00e9parer au mieux cette heure.\" \/>\n<meta property=\"og:url\" content=\"https:\/\/empow-her.com\/en\/produit\/coaching-formaliser-mon-idee-entrepreneuriale-2\/\" \/>\n<meta property=\"og:site_name\" content=\"Empow&#039;Her\" \/>\n<meta property=\"article:modified_time\" content=\"2024-04-04T14:08:29+00:00\" \/>\n<meta property=\"og:image\" content=\"https:\/\/empow-her.com\/wp-content\/uploads\/2024\/04\/Women-Dare-templates-events-67.png\" \/>\n\t<meta property=\"og:image:width\" content=\"1080\" \/>\n\t<meta property=\"og:image:height\" content=\"1080\" \/>\n\t<meta property=\"og:image:type\" content=\"image\/png\" \/>\n<meta name=\"twitter:card\" content=\"summary_large_image\" \/>\n<meta name=\"twitter:label1\" content=\"Tiempo de lectura\" \/>\n\t<meta name=\"twitter:data1\" content=\"2 minutos\" \/>\n<script type=\"application\/ld+json\" class=\"yoast-schema-graph\">{\"@context\":\"https:\/\/schema.org\",\"@graph\":[{\"@type\":\"WebPage\",\"@id\":\"https:\/\/empow-her.com\/en\/produit\/coaching-formaliser-mon-idee-entrepreneuriale-2\/\",\"url\":\"https:\/\/empow-her.com\/en\/produit\/coaching-formaliser-mon-idee-entrepreneuriale-2\/\",\"name\":\"Coaching : financement et business plan\",\"isPartOf\":{\"@id\":\"https:\/\/empow-her.com\/#website\"},\"primaryImageOfPage\":{\"@id\":\"https:\/\/empow-her.com\/en\/produit\/coaching-formaliser-mon-idee-entrepreneuriale-2\/#primaryimage\"},\"image\":{\"@id\":\"https:\/\/empow-her.com\/en\/produit\/coaching-formaliser-mon-idee-entrepreneuriale-2\/#primaryimage\"},\"thumbnailUrl\":\"https:\/\/empow-her.com\/wp-content\/uploads\/2024\/04\/Women-Dare-templates-events-67.png\",\"datePublished\":\"2024-04-04T14:05:45+00:00\",\"dateModified\":\"2024-04-04T14:08:29+00:00\",\"breadcrumb\":{\"@id\":\"https:\/\/empow-her.com\/en\/produit\/coaching-formaliser-mon-idee-entrepreneuriale-2\/#breadcrumb\"},\"inLanguage\":\"es\",\"potentialAction\":[{\"@type\":\"ReadAction\",\"target\":[\"https:\/\/empow-her.com\/en\/produit\/coaching-formaliser-mon-idee-entrepreneuriale-2\/\"]}]},{\"@type\":\"ImageObject\",\"inLanguage\":\"es\",\"@id\":\"https:\/\/empow-her.com\/en\/produit\/coaching-formaliser-mon-idee-entrepreneuriale-2\/#primaryimage\",\"url\":\"https:\/\/empow-her.com\/wp-content\/uploads\/2024\/04\/Women-Dare-templates-events-67.png\",\"contentUrl\":\"https:\/\/empow-her.com\/wp-content\/uploads\/2024\/04\/Women-Dare-templates-events-67.png\",\"width\":1080,\"height\":1080},{\"@type\":\"BreadcrumbList\",\"@id\":\"https:\/\/empow-her.com\/en\/produit\/coaching-formaliser-mon-idee-entrepreneuriale-2\/#breadcrumb\",\"itemListElement\":[{\"@type\":\"ListItem\",\"position\":1,\"name\":\"Accueil\",\"item\":\"https:\/\/empow-her.com\/es\/inicio\/\"},{\"@type\":\"ListItem\",\"position\":2,\"name\":\"LA BOUTIQUE\",\"item\":\"https:\/\/empow-her.com\/boutique\/\"},{\"@type\":\"ListItem\",\"position\":3,\"name\":\"Coaching &#8211; Formaliser mon id\u00e9e entrepreneuriale\"}]},{\"@type\":\"WebSite\",\"@id\":\"https:\/\/empow-her.com\/#website\",\"url\":\"https:\/\/empow-her.com\/\",\"name\":\"Empow&#039;Her\",\"description\":\"Women Development\",\"potentialAction\":[{\"@type\":\"SearchAction\",\"target\":{\"@type\":\"EntryPoint\",\"urlTemplate\":\"https:\/\/empow-her.com\/?s={search_term_string}\"},\"query-input\":{\"@type\":\"PropertyValueSpecification\",\"valueRequired\":true,\"valueName\":\"search_term_string\"}}],\"inLanguage\":\"es\"}]}<\/script>\n<!-- \/ Yoast SEO plugin. -->","yoast_head_json":{"title":"Coaching : financement et business plan","robots":{"index":"index","follow":"follow","max-snippet":"max-snippet:-1","max-image-preview":"max-image-preview:large","max-video-preview":"max-video-preview:-1"},"canonical":"https:\/\/empow-her.com\/en\/produit\/coaching-formaliser-mon-idee-entrepreneuriale-2\/","og_locale":"es_ES","og_type":"article","og_title":"Coaching : financement et business plan","og_description":"Besoin :  Vous cherchez une ou des pistes d'id\u00e9es qui vous correspondent, vous avez identifi\u00e9 un probl\u00e8me que vous souhaiteriez r\u00e9soudre mais vous avez besoin de savoir s'il est pertinent ? Vous avez envisag\u00e9 un projet mais est-ce que ce sujet vous motive ? Vous souhaitez vous lancer sur un secteur en particulier mais vous vous demandez par o\u00f9 commencer ?  Description :  En fonction de votre besoin, vous ressortirez de cet accompagnement avec une id\u00e9e de projet \u00e0 creuser, des outils sp\u00e9cifiques pour vous aider \u00e0 identifier des pistes de projet \u00e0 d\u00e9velopper sur des th\u00e9matiques qui vous motivent !  Pr\u00e9-requis : Une id\u00e9e ou de l'envie !   Intervenant.e.s : Milan Kieffer de Milan  Passionn\u00e9 par le design et l\u2019\u00e9tude des comportements humains, Milan a travaill\u00e9 4 ans sur des projets vari\u00e9s d\u2019innovation \u00e0 impact social et environnemental au service de grands groupes, PME et associations issus de secteurs diff\u00e9rents au sein d\u2019une agence pluridisciplinaire. Son expertise allie des comp\u00e9tences en design \u00e0 des comp\u00e9tences strat\u00e9giques. Depuis, Milan souhaite partager ses exp\u00e9riences au travers de projets en faveur de l'innovation sociale. En parall\u00e8le, Milan est enseignant en design \u00e0 Strate, \u00e9cole de design et actuellement designer \u00e0 la Croix-Rouge fran\u00e7aise.  Dur\u00e9e\u00a0: Un cr\u00e9neau de 1h en individuel  Lieu : En ligne Rendez-vous en ligne, le lien Zoom vous sera envoy\u00e9 dans un second temps.  Attention ! \u00a0Veuillez vous pr\u00e9senter \u00e0 l\u2019heure pour que l\u2019activit\u00e9 puisse commencer \u00e0 temps. Si vous avez du retard veuillez pr\u00e9venir l\u2019intervenant.e. Si vous avez plus de 15 min de retard l\u2019intervenant.e se r\u00e9serve le droit de ne plus vous accepter pour le coaching ou l\u2019atelier.\u00a0  Vous souhaitez vous inscrire \u00e0 ce coaching ? Une fois que vous avez re\u00e7u l\u2019invitation Google Calendrier pour le coaching que vous avez r\u00e9serv\u00e9, envoyez un mail \u00e0 l\u2019experte qui est dans l\u2019invitation avec vous en joignant tous les documents qui lui seraient utiles pour pr\u00e9parer au mieux cette heure.","og_url":"https:\/\/empow-her.com\/en\/produit\/coaching-formaliser-mon-idee-entrepreneuriale-2\/","og_site_name":"Empow&#039;Her","article_modified_time":"2024-04-04T14:08:29+00:00","og_image":[{"width":1080,"height":1080,"url":"https:\/\/empow-her.com\/wp-content\/uploads\/2024\/04\/Women-Dare-templates-events-67.png","type":"image\/png"}],"twitter_card":"summary_large_image","twitter_misc":{"Tiempo de lectura":"2 minutos"},"schema":{"@context":"https:\/\/schema.org","@graph":[{"@type":"WebPage","@id":"https:\/\/empow-her.com\/en\/produit\/coaching-formaliser-mon-idee-entrepreneuriale-2\/","url":"https:\/\/empow-her.com\/en\/produit\/coaching-formaliser-mon-idee-entrepreneuriale-2\/","name":"Coaching : financement et business plan","isPartOf":{"@id":"https:\/\/empow-her.com\/#website"},"primaryImageOfPage":{"@id":"https:\/\/empow-her.com\/en\/produit\/coaching-formaliser-mon-idee-entrepreneuriale-2\/#primaryimage"},"image":{"@id":"https:\/\/empow-her.com\/en\/produit\/coaching-formaliser-mon-idee-entrepreneuriale-2\/#primaryimage"},"thumbnailUrl":"https:\/\/empow-her.com\/wp-content\/uploads\/2024\/04\/Women-Dare-templates-events-67.png","datePublished":"2024-04-04T14:05:45+00:00","dateModified":"2024-04-04T14:08:29+00:00","breadcrumb":{"@id":"https:\/\/empow-her.com\/en\/produit\/coaching-formaliser-mon-idee-entrepreneuriale-2\/#breadcrumb"},"inLanguage":"es","potentialAction":[{"@type":"ReadAction","target":["https:\/\/empow-her.com\/en\/produit\/coaching-formaliser-mon-idee-entrepreneuriale-2\/"]}]},{"@type":"ImageObject","inLanguage":"es","@id":"https:\/\/empow-her.com\/en\/produit\/coaching-formaliser-mon-idee-entrepreneuriale-2\/#primaryimage","url":"https:\/\/empow-her.com\/wp-content\/uploads\/2024\/04\/Women-Dare-templates-events-67.png","contentUrl":"https:\/\/empow-her.com\/wp-content\/uploads\/2024\/04\/Women-Dare-templates-events-67.png","width":1080,"height":1080},{"@type":"BreadcrumbList","@id":"https:\/\/empow-her.com\/en\/produit\/coaching-formaliser-mon-idee-entrepreneuriale-2\/#breadcrumb","itemListElement":[{"@type":"ListItem","position":1,"name":"Accueil","item":"https:\/\/empow-her.com\/es\/inicio\/"},{"@type":"ListItem","position":2,"name":"LA BOUTIQUE","item":"https:\/\/empow-her.com\/boutique\/"},{"@type":"ListItem","position":3,"name":"Coaching &#8211; Formaliser mon id\u00e9e entrepreneuriale"}]},{"@type":"WebSite","@id":"https:\/\/empow-her.com\/#website","url":"https:\/\/empow-her.com\/","name":"Empow&#039;Her","description":"Women Development","potentialAction":[{"@type":"SearchAction","target":{"@type":"EntryPoint","urlTemplate":"https:\/\/empow-her.com\/?s={search_term_string}"},"query-input":{"@type":"PropertyValueSpecification","valueRequired":true,"valueName":"search_term_string"}}],"inLanguage":"es"}]}},"_links":{"self":[{"href":"https:\/\/empow-her.com\/es\/wp-json\/wp\/v2\/product\/248163","targetHints":{"allow":["GET"]}}],"collection":[{"href":"https:\/\/empow-her.com\/es\/wp-json\/wp\/v2\/product"}],"about":[{"href":"https:\/\/empow-her.com\/es\/wp-json\/wp\/v2\/types\/product"}],"wp:featuredmedia":[{"embeddable":true,"href":"https:\/\/empow-her.com\/es\/wp-json\/wp\/v2\/media\/248164"}],"wp:attachment":[{"href":"https:\/\/empow-her.com\/es\/wp-json\/wp\/v2\/media?parent=248163"}],"wp:term":[{"taxonomy":"product_brand","embeddable":true,"href":"https:\/\/empow-her.com\/es\/wp-json\/wp\/v2\/product_brand?post=248163"},{"taxonomy":"product_cat","embeddable":true,"href":"https:\/\/empow-her.com\/es\/wp-json\/wp\/v2\/product_cat?post=248163"},{"taxonomy":"product_tag","embeddable":true,"href":"https:\/\/empow-her.com\/es\/wp-json\/wp\/v2\/product_tag?post=248163"},{"taxonomy":"lieu","embeddable":true,"href":"https:\/\/empow-her.com\/es\/wp-json\/wp\/v2\/lieu?post=248163"},{"taxonomy":"thematiques","embeddable":true,"href":"https:\/\/empow-her.com\/es\/wp-json\/wp\/v2\/thematiques?post=248163"}],"curies":[{"name":"wp","href":"https:\/\/api.w.org\/{rel}","templated":true}]}}