{"id":248140,"date":"2024-04-04T15:32:47","date_gmt":"2024-04-04T13:32:47","guid":{"rendered":"https:\/\/empow-her.com\/?post_type=product&#038;p=248140"},"modified":"2024-04-04T15:37:35","modified_gmt":"2024-04-04T13:37:35","slug":"atelier-la-strategie-de-communication-cibles-contenus-canaux-2","status":"publish","type":"product","link":"https:\/\/empow-her.com\/es\/produit\/atelier-la-strategie-de-communication-cibles-contenus-canaux-2\/","title":{"rendered":"Atelier &#8211; La strat\u00e9gie de communication : cibles, contenus, canaux"},"content":{"rendered":"<p><strong>Besoin : <\/strong>J&#8217;ai besoin de me rendre visible aupr\u00e8s de mes publics et de monter en notori\u00e9t\u00e9 tant au niveau de ma marque en g\u00e9n\u00e9ral (cr\u00e9er ma communaut\u00e9) qu&#8217;aupr\u00e8s de publics bien pr\u00e9cis afin d&#8217;enclencher un soutien \u00e0 la commercialisation de mes produits\/services.<\/p>\n<p><strong>Description :\u00a0<\/strong><\/p>\n<p>Au cours de cet atelier, nous &#8220;d\u00e9roulerons&#8221; les \u00e9tapes structurantes de la mise en place d&#8217;une strat\u00e9gie de communication : notions, exemples, outils et mise en pratique pour votre projet \u00e0 partir de ces derniers seront les s\u00e9quences que nous suivrons.<\/p>\n<p>Les notions qui pourront \u00eatre abord\u00e9es au cours de la permanences sont les suivantes :<br \/>\n(1) les objectifs de communication : notori\u00e9t\u00e9, assise de positionnement,<br \/>\n(2) les publics : insights, segmentation et ciblage, personna<br \/>\n(3) les messages cl\u00e9s : discours socle et fils directeurs<br \/>\n(4) activation : mise en \u0153uvre via un calendrier \u00e9ditorial omni-canal<br \/>\n(5) mesure d&#8217;impact : quels crit\u00e8res, pour quelles finalit\u00e9s.<\/p>\n<p><strong>Pr\u00e9-requis<\/strong> : Aucun<\/p>\n<p><strong> Intervenant.e<\/strong> : <strong>Anne-Sophie<\/strong>\u00a0de l\u2019agence LesLieuxdits<\/p>\n<p>Je suis une d\u00e9veloppeuse! J&#8217;ai travaill\u00e9 durant plus de 20 ans au d\u00e9veloppement de march\u00e9s en France et \u00e0 l&#8217;international en trouvant les points de diff\u00e9renciations des produits ou services dont j&#8217;avais la responsabilit\u00e9 et en identifiant les cibles pour lesquelles ces points de differentiations repr\u00e9sentent une valeur.<br \/>\nJ&#8217;accompagne depuis 6 ans les entrepreneurs et les dirigeants dans leur strat\u00e9gie de d\u00e9veloppement &#8211; plus particuli\u00e8rement \u00e0 partir de la marque et de son expression.<br \/>\n#marque<br \/>\n#marketing<br \/>\n#segmentation<br \/>\n#expressiondelavaleur<\/p>\n<p><strong> Son super pouvoir<\/strong> : Simplifier le complexe. Accompagner le changement. Rationnelle tout en restant intuitive.<\/p>\n<p><strong>Son petit mot<\/strong> : Never give up &#8211; you owe it to yourself!<\/p>\n<p><strong>Lieu :\u00a0<\/strong>Sist&#8217;Her<\/p>\n<p><strong>Dur\u00e9e :<\/strong> 3h<\/p>\n<p><strong>Attention<\/strong> ! Veuillez vous pr\u00e9senter \u00e0 l\u2019heure pour que l\u2019activit\u00e9 puisse commencer \u00e0 temps. Si vous avez du retard veuillez pr\u00e9venir l\u2019intervenant.e. Si vous avez plus de 15 min de retard l\u2019intervenant.e se r\u00e9serve le droit de ne pas vous accepter pour le coaching ou l\u2019atelier.<\/p>\n","protected":false},"excerpt":{"rendered":"<p><strong>Besoin : <\/strong>J&#8217;ai besoin de me rendre visible aupr\u00e8s de mes publics et de monter en notori\u00e9t\u00e9 tant au niveau de ma marque en g\u00e9n\u00e9ral (cr\u00e9er ma communaut\u00e9) qu&#8217;aupr\u00e8s de publics bien pr\u00e9cis afin d&#8217;enclencher un soutien \u00e0 la commercialisation de mes produits\/services.<\/p>\n<p><strong>Description :\u00a0<\/strong><\/p>\n<p>Au cours de cet atelier, nous &#8220;d\u00e9roulerons&#8221; les \u00e9tapes structurantes de la mise en place d&#8217;une strat\u00e9gie de communication : notions, exemples, outils et mise en pratique pour votre projet \u00e0 partir de ces derniers seront les s\u00e9quences que nous suivrons.<\/p>\n<p>Les notions qui pourront \u00eatre abord\u00e9es au cours de la permanences sont les suivantes :<br \/>\n(1) les objectifs de communication : notori\u00e9t\u00e9, assise de positionnement,<br \/>\n(2) les publics : insights, segmentation et ciblage, personna<br \/>\n(3) les messages cl\u00e9s : discours socle et fils directeurs<br \/>\n(4) activation : mise en \u0153uvre via un calendrier \u00e9ditorial omni-canal<br \/>\n(5) mesure d&#8217;impact : quels crit\u00e8res, pour quelles finalit\u00e9s.<\/p>\n<p><strong>Pr\u00e9-requis<\/strong> <strong>:<\/strong> Aucun<\/p>\n<p><strong> Intervenant.e<\/strong> <strong>:<\/strong> <strong>Anne-Sophie<\/strong>\u00a0de l\u2019agence LesLieuxdits<\/p>\n<p>Je suis une d\u00e9veloppeuse! J&#8217;ai travaill\u00e9 durant plus de 20 ans au d\u00e9veloppement de march\u00e9s en France et \u00e0 l&#8217;international en trouvant les points de diff\u00e9renciations des produits ou services dont j&#8217;avais la responsabilit\u00e9 et en identifiant les cibles pour lesquelles ces points de differentiations repr\u00e9sentent une valeur.<br \/>\nJ&#8217;accompagne depuis 6 ans les entrepreneurs et les dirigeants dans leur strat\u00e9gie de d\u00e9veloppement &#8211; plus particuli\u00e8rement \u00e0 partir de la marque et de son expression.<br \/>\n#marque<br \/>\n#marketing<br \/>\n#segmentation<br \/>\n#expressiondelavaleur<\/p>\n<p><strong> Son super pouvoir<\/strong> <strong>:<\/strong> Simplifier le complexe. Accompagner le changement. Rationnelle tout en restant intuitive.<\/p>\n<p><strong>Son petit mot<\/strong> <strong>:<\/strong> Never give up &#8211; you owe it to yourself!<\/p>\n<p><strong>Lieu :\u00a0<\/strong>Sist&#8217;Her<\/p>\n<p><strong>Dur\u00e9e :<\/strong> 3h<\/p>\n<p><strong>Attention<\/strong> ! Veuillez vous pr\u00e9senter \u00e0 l\u2019heure pour que l\u2019activit\u00e9 puisse commencer \u00e0 temps. Si vous avez du retard veuillez pr\u00e9venir l\u2019intervenant.e. Si vous avez plus de 15 min de retard l\u2019intervenant.e se r\u00e9serve le droit de ne pas vous accepter pour le coaching ou l\u2019atelier.<\/p>\n","protected":false},"featured_media":248141,"template":"","format":"standard","meta":{"_acf_changed":false,"om_disable_all_campaigns":false,"_uf_show_specific_survey":0,"_uf_disable_surveys":false},"product_brand":[],"product_cat":[118],"product_tag":[],"lieu":[127],"thematiques":[],"class_list":{"0":"post-248140","1":"product","2":"type-product","3":"status-publish","4":"format-standard","5":"has-post-thumbnail","7":"product_cat-atelier-collectif","8":"lieu-hub-empowher","10":"first","11":"instock","12":"virtual","13":"purchasable","14":"product-type-appointment"},"exclude_global_add_ons":[],"addons":[],"acf":[],"yoast_head":"<!-- This site is optimized with the Yoast SEO plugin v24.8 - https:\/\/yoast.com\/wordpress\/plugins\/seo\/ -->\n<title>Atelier - La strat\u00e9gie de communication : cibles, contenus, canaux - Empow&#039;Her<\/title>\n<meta name=\"robots\" content=\"index, follow, max-snippet:-1, max-image-preview:large, max-video-preview:-1\" \/>\n<link rel=\"canonical\" href=\"https:\/\/empow-her.com\/en\/produit\/atelier-la-strategie-de-communication-cibles-contenus-canaux-2\/\" \/>\n<meta property=\"og:locale\" content=\"es_ES\" \/>\n<meta property=\"og:type\" content=\"article\" \/>\n<meta property=\"og:title\" content=\"Atelier - La strat\u00e9gie de communication : cibles, contenus, canaux - Empow&#039;Her\" \/>\n<meta property=\"og:description\" content=\"Besoin : J&#039;ai besoin de me rendre visible aupr\u00e8s de mes publics et de monter en notori\u00e9t\u00e9 tant au niveau de ma marque en g\u00e9n\u00e9ral (cr\u00e9er ma communaut\u00e9) qu&#039;aupr\u00e8s de publics bien pr\u00e9cis afin d&#039;enclencher un soutien \u00e0 la commercialisation de mes produits\/services.  Description :\u00a0  Au cours de cet atelier, nous &quot;d\u00e9roulerons&quot; les \u00e9tapes structurantes de la mise en place d&#039;une strat\u00e9gie de communication : notions, exemples, outils et mise en pratique pour votre projet \u00e0 partir de ces derniers seront les s\u00e9quences que nous suivrons.  Les notions qui pourront \u00eatre abord\u00e9es au cours de la permanences sont les suivantes : (1) les objectifs de communication : notori\u00e9t\u00e9, assise de positionnement, (2) les publics : insights, segmentation et ciblage, personna (3) les messages cl\u00e9s : discours socle et fils directeurs (4) activation : mise en \u0153uvre via un calendrier \u00e9ditorial omni-canal (5) mesure d&#039;impact : quels crit\u00e8res, pour quelles finalit\u00e9s.  Pr\u00e9-requis : Aucun   Intervenant.e : Anne-Sophie\u00a0de l\u2019agence LesLieuxdits  Je suis une d\u00e9veloppeuse! J&#039;ai travaill\u00e9 durant plus de 20 ans au d\u00e9veloppement de march\u00e9s en France et \u00e0 l&#039;international en trouvant les points de diff\u00e9renciations des produits ou services dont j&#039;avais la responsabilit\u00e9 et en identifiant les cibles pour lesquelles ces points de differentiations repr\u00e9sentent une valeur. J&#039;accompagne depuis 6 ans les entrepreneurs et les dirigeants dans leur strat\u00e9gie de d\u00e9veloppement - plus particuli\u00e8rement \u00e0 partir de la marque et de son expression. #marque #marketing #segmentation #expressiondelavaleur   Son super pouvoir : Simplifier le complexe. Accompagner le changement. Rationnelle tout en restant intuitive.  Son petit mot : Never give up - you owe it to yourself!  Lieu :\u00a0Sist&#039;Her  Dur\u00e9e : 3h  Attention ! Veuillez vous pr\u00e9senter \u00e0 l\u2019heure pour que l\u2019activit\u00e9 puisse commencer \u00e0 temps. Si vous avez du retard veuillez pr\u00e9venir l\u2019intervenant.e. Si vous avez plus de 15 min de retard l\u2019intervenant.e se r\u00e9serve le droit de ne pas vous accepter pour le coaching ou l\u2019atelier.\" \/>\n<meta property=\"og:url\" content=\"https:\/\/empow-her.com\/en\/produit\/atelier-la-strategie-de-communication-cibles-contenus-canaux-2\/\" \/>\n<meta property=\"og:site_name\" content=\"Empow&#039;Her\" \/>\n<meta property=\"article:modified_time\" content=\"2024-04-04T13:37:35+00:00\" \/>\n<meta property=\"og:image\" content=\"https:\/\/empow-her.com\/wp-content\/uploads\/2024\/04\/Women-Dare-templates-events-61.png\" \/>\n\t<meta property=\"og:image:width\" content=\"1080\" \/>\n\t<meta property=\"og:image:height\" content=\"1080\" \/>\n\t<meta property=\"og:image:type\" content=\"image\/png\" \/>\n<meta name=\"twitter:card\" content=\"summary_large_image\" \/>\n<meta name=\"twitter:label1\" content=\"Tiempo de lectura\" \/>\n\t<meta name=\"twitter:data1\" content=\"2 minutos\" \/>\n<script type=\"application\/ld+json\" class=\"yoast-schema-graph\">{\"@context\":\"https:\/\/schema.org\",\"@graph\":[{\"@type\":\"WebPage\",\"@id\":\"https:\/\/empow-her.com\/en\/produit\/atelier-la-strategie-de-communication-cibles-contenus-canaux-2\/\",\"url\":\"https:\/\/empow-her.com\/en\/produit\/atelier-la-strategie-de-communication-cibles-contenus-canaux-2\/\",\"name\":\"Atelier - La strat\u00e9gie de communication : cibles, contenus, canaux - Empow&#039;Her\",\"isPartOf\":{\"@id\":\"https:\/\/empow-her.com\/#website\"},\"primaryImageOfPage\":{\"@id\":\"https:\/\/empow-her.com\/en\/produit\/atelier-la-strategie-de-communication-cibles-contenus-canaux-2\/#primaryimage\"},\"image\":{\"@id\":\"https:\/\/empow-her.com\/en\/produit\/atelier-la-strategie-de-communication-cibles-contenus-canaux-2\/#primaryimage\"},\"thumbnailUrl\":\"https:\/\/empow-her.com\/wp-content\/uploads\/2024\/04\/Women-Dare-templates-events-61.png\",\"datePublished\":\"2024-04-04T13:32:47+00:00\",\"dateModified\":\"2024-04-04T13:37:35+00:00\",\"breadcrumb\":{\"@id\":\"https:\/\/empow-her.com\/en\/produit\/atelier-la-strategie-de-communication-cibles-contenus-canaux-2\/#breadcrumb\"},\"inLanguage\":\"es\",\"potentialAction\":[{\"@type\":\"ReadAction\",\"target\":[\"https:\/\/empow-her.com\/en\/produit\/atelier-la-strategie-de-communication-cibles-contenus-canaux-2\/\"]}]},{\"@type\":\"ImageObject\",\"inLanguage\":\"es\",\"@id\":\"https:\/\/empow-her.com\/en\/produit\/atelier-la-strategie-de-communication-cibles-contenus-canaux-2\/#primaryimage\",\"url\":\"https:\/\/empow-her.com\/wp-content\/uploads\/2024\/04\/Women-Dare-templates-events-61.png\",\"contentUrl\":\"https:\/\/empow-her.com\/wp-content\/uploads\/2024\/04\/Women-Dare-templates-events-61.png\",\"width\":1080,\"height\":1080},{\"@type\":\"BreadcrumbList\",\"@id\":\"https:\/\/empow-her.com\/en\/produit\/atelier-la-strategie-de-communication-cibles-contenus-canaux-2\/#breadcrumb\",\"itemListElement\":[{\"@type\":\"ListItem\",\"position\":1,\"name\":\"Accueil\",\"item\":\"https:\/\/empow-her.com\/es\/inicio\/\"},{\"@type\":\"ListItem\",\"position\":2,\"name\":\"LA BOUTIQUE\",\"item\":\"https:\/\/empow-her.com\/boutique\/\"},{\"@type\":\"ListItem\",\"position\":3,\"name\":\"Atelier &#8211; La strat\u00e9gie de communication : cibles, contenus, canaux\"}]},{\"@type\":\"WebSite\",\"@id\":\"https:\/\/empow-her.com\/#website\",\"url\":\"https:\/\/empow-her.com\/\",\"name\":\"Empow&#039;Her\",\"description\":\"Women Development\",\"potentialAction\":[{\"@type\":\"SearchAction\",\"target\":{\"@type\":\"EntryPoint\",\"urlTemplate\":\"https:\/\/empow-her.com\/?s={search_term_string}\"},\"query-input\":{\"@type\":\"PropertyValueSpecification\",\"valueRequired\":true,\"valueName\":\"search_term_string\"}}],\"inLanguage\":\"es\"}]}<\/script>\n<!-- \/ Yoast SEO plugin. -->","yoast_head_json":{"title":"Atelier - La strat\u00e9gie de communication : cibles, contenus, canaux - Empow&#039;Her","robots":{"index":"index","follow":"follow","max-snippet":"max-snippet:-1","max-image-preview":"max-image-preview:large","max-video-preview":"max-video-preview:-1"},"canonical":"https:\/\/empow-her.com\/en\/produit\/atelier-la-strategie-de-communication-cibles-contenus-canaux-2\/","og_locale":"es_ES","og_type":"article","og_title":"Atelier - La strat\u00e9gie de communication : cibles, contenus, canaux - Empow&#039;Her","og_description":"Besoin : J'ai besoin de me rendre visible aupr\u00e8s de mes publics et de monter en notori\u00e9t\u00e9 tant au niveau de ma marque en g\u00e9n\u00e9ral (cr\u00e9er ma communaut\u00e9) qu'aupr\u00e8s de publics bien pr\u00e9cis afin d'enclencher un soutien \u00e0 la commercialisation de mes produits\/services.  Description :\u00a0  Au cours de cet atelier, nous \"d\u00e9roulerons\" les \u00e9tapes structurantes de la mise en place d'une strat\u00e9gie de communication : notions, exemples, outils et mise en pratique pour votre projet \u00e0 partir de ces derniers seront les s\u00e9quences que nous suivrons.  Les notions qui pourront \u00eatre abord\u00e9es au cours de la permanences sont les suivantes : (1) les objectifs de communication : notori\u00e9t\u00e9, assise de positionnement, (2) les publics : insights, segmentation et ciblage, personna (3) les messages cl\u00e9s : discours socle et fils directeurs (4) activation : mise en \u0153uvre via un calendrier \u00e9ditorial omni-canal (5) mesure d'impact : quels crit\u00e8res, pour quelles finalit\u00e9s.  Pr\u00e9-requis : Aucun   Intervenant.e : Anne-Sophie\u00a0de l\u2019agence LesLieuxdits  Je suis une d\u00e9veloppeuse! J'ai travaill\u00e9 durant plus de 20 ans au d\u00e9veloppement de march\u00e9s en France et \u00e0 l'international en trouvant les points de diff\u00e9renciations des produits ou services dont j'avais la responsabilit\u00e9 et en identifiant les cibles pour lesquelles ces points de differentiations repr\u00e9sentent une valeur. J'accompagne depuis 6 ans les entrepreneurs et les dirigeants dans leur strat\u00e9gie de d\u00e9veloppement - plus particuli\u00e8rement \u00e0 partir de la marque et de son expression. #marque #marketing #segmentation #expressiondelavaleur   Son super pouvoir : Simplifier le complexe. Accompagner le changement. Rationnelle tout en restant intuitive.  Son petit mot : Never give up - you owe it to yourself!  Lieu :\u00a0Sist'Her  Dur\u00e9e : 3h  Attention ! Veuillez vous pr\u00e9senter \u00e0 l\u2019heure pour que l\u2019activit\u00e9 puisse commencer \u00e0 temps. Si vous avez du retard veuillez pr\u00e9venir l\u2019intervenant.e. Si vous avez plus de 15 min de retard l\u2019intervenant.e se r\u00e9serve le droit de ne pas vous accepter pour le coaching ou l\u2019atelier.","og_url":"https:\/\/empow-her.com\/en\/produit\/atelier-la-strategie-de-communication-cibles-contenus-canaux-2\/","og_site_name":"Empow&#039;Her","article_modified_time":"2024-04-04T13:37:35+00:00","og_image":[{"width":1080,"height":1080,"url":"https:\/\/empow-her.com\/wp-content\/uploads\/2024\/04\/Women-Dare-templates-events-61.png","type":"image\/png"}],"twitter_card":"summary_large_image","twitter_misc":{"Tiempo de lectura":"2 minutos"},"schema":{"@context":"https:\/\/schema.org","@graph":[{"@type":"WebPage","@id":"https:\/\/empow-her.com\/en\/produit\/atelier-la-strategie-de-communication-cibles-contenus-canaux-2\/","url":"https:\/\/empow-her.com\/en\/produit\/atelier-la-strategie-de-communication-cibles-contenus-canaux-2\/","name":"Atelier - La strat\u00e9gie de communication : cibles, contenus, canaux - Empow&#039;Her","isPartOf":{"@id":"https:\/\/empow-her.com\/#website"},"primaryImageOfPage":{"@id":"https:\/\/empow-her.com\/en\/produit\/atelier-la-strategie-de-communication-cibles-contenus-canaux-2\/#primaryimage"},"image":{"@id":"https:\/\/empow-her.com\/en\/produit\/atelier-la-strategie-de-communication-cibles-contenus-canaux-2\/#primaryimage"},"thumbnailUrl":"https:\/\/empow-her.com\/wp-content\/uploads\/2024\/04\/Women-Dare-templates-events-61.png","datePublished":"2024-04-04T13:32:47+00:00","dateModified":"2024-04-04T13:37:35+00:00","breadcrumb":{"@id":"https:\/\/empow-her.com\/en\/produit\/atelier-la-strategie-de-communication-cibles-contenus-canaux-2\/#breadcrumb"},"inLanguage":"es","potentialAction":[{"@type":"ReadAction","target":["https:\/\/empow-her.com\/en\/produit\/atelier-la-strategie-de-communication-cibles-contenus-canaux-2\/"]}]},{"@type":"ImageObject","inLanguage":"es","@id":"https:\/\/empow-her.com\/en\/produit\/atelier-la-strategie-de-communication-cibles-contenus-canaux-2\/#primaryimage","url":"https:\/\/empow-her.com\/wp-content\/uploads\/2024\/04\/Women-Dare-templates-events-61.png","contentUrl":"https:\/\/empow-her.com\/wp-content\/uploads\/2024\/04\/Women-Dare-templates-events-61.png","width":1080,"height":1080},{"@type":"BreadcrumbList","@id":"https:\/\/empow-her.com\/en\/produit\/atelier-la-strategie-de-communication-cibles-contenus-canaux-2\/#breadcrumb","itemListElement":[{"@type":"ListItem","position":1,"name":"Accueil","item":"https:\/\/empow-her.com\/es\/inicio\/"},{"@type":"ListItem","position":2,"name":"LA BOUTIQUE","item":"https:\/\/empow-her.com\/boutique\/"},{"@type":"ListItem","position":3,"name":"Atelier &#8211; La strat\u00e9gie de communication : cibles, contenus, canaux"}]},{"@type":"WebSite","@id":"https:\/\/empow-her.com\/#website","url":"https:\/\/empow-her.com\/","name":"Empow&#039;Her","description":"Women Development","potentialAction":[{"@type":"SearchAction","target":{"@type":"EntryPoint","urlTemplate":"https:\/\/empow-her.com\/?s={search_term_string}"},"query-input":{"@type":"PropertyValueSpecification","valueRequired":true,"valueName":"search_term_string"}}],"inLanguage":"es"}]}},"_links":{"self":[{"href":"https:\/\/empow-her.com\/es\/wp-json\/wp\/v2\/product\/248140","targetHints":{"allow":["GET"]}}],"collection":[{"href":"https:\/\/empow-her.com\/es\/wp-json\/wp\/v2\/product"}],"about":[{"href":"https:\/\/empow-her.com\/es\/wp-json\/wp\/v2\/types\/product"}],"wp:featuredmedia":[{"embeddable":true,"href":"https:\/\/empow-her.com\/es\/wp-json\/wp\/v2\/media\/248141"}],"wp:attachment":[{"href":"https:\/\/empow-her.com\/es\/wp-json\/wp\/v2\/media?parent=248140"}],"wp:term":[{"taxonomy":"product_brand","embeddable":true,"href":"https:\/\/empow-her.com\/es\/wp-json\/wp\/v2\/product_brand?post=248140"},{"taxonomy":"product_cat","embeddable":true,"href":"https:\/\/empow-her.com\/es\/wp-json\/wp\/v2\/product_cat?post=248140"},{"taxonomy":"product_tag","embeddable":true,"href":"https:\/\/empow-her.com\/es\/wp-json\/wp\/v2\/product_tag?post=248140"},{"taxonomy":"lieu","embeddable":true,"href":"https:\/\/empow-her.com\/es\/wp-json\/wp\/v2\/lieu?post=248140"},{"taxonomy":"thematiques","embeddable":true,"href":"https:\/\/empow-her.com\/es\/wp-json\/wp\/v2\/thematiques?post=248140"}],"curies":[{"name":"wp","href":"https:\/\/api.w.org\/{rel}","templated":true}]}}