{"id":247827,"date":"2024-03-19T16:00:06","date_gmt":"2024-03-19T15:00:06","guid":{"rendered":"https:\/\/empow-her.com\/?post_type=product&#038;p=247827"},"modified":"2024-03-20T09:56:03","modified_gmt":"2024-03-20T08:56:03","slug":"endometriose-sensibilisation-et-gestion-de-la-douleur","status":"publish","type":"product","link":"https:\/\/empow-her.com\/es\/produit\/endometriose-sensibilisation-et-gestion-de-la-douleur\/","title":{"rendered":"Endom\u00e9triose : Demi-journ\u00e9e sensibilisation et gestion de la douleur par EndoFrance"},"content":{"rendered":"<h3>Une demi-journ\u00e9e organis\u00e9e par l&#8217;association EndoFrance d\u00e9di\u00e9e \u00e0 la sensibilisation et gestion de la douleur de l&#8217;endom\u00e9triose.<\/h3>\n<p>EndoFrance vous propose le <strong>mercredi 3 avril de 13h30 \u00e0 20h00<\/strong> une apr\u00e8s-midi de conf\u00e9rences et d&#8217;ateliers pratiques pour <strong>mieux comprendre l&#8217;endom\u00e9triose <\/strong>et son impact sur le quotidien, mais aussi quelques <strong>solutions concr\u00e8tes<\/strong> pour g\u00e9rer la douleur.<\/p>\n<p>&nbsp;<\/p>\n<h3>Au programme :<\/h3>\n<p>&#x1f469;&#x200d;&#x1f3eb; <strong>Des conf\u00e9rences :<\/strong><\/p>\n<ul>\n<li>Une conf\u00e9rence sur la physiopathologie de l&#8217;endom\u00e9triose<\/li>\n<li>Une conf\u00e9rence di\u00e9t\u00e9tique et ost\u00e9opathie pour g\u00e9rer la douleur<\/li>\n<\/ul>\n<p>&#x1f3a5; <strong>Diffusion de Toi mon endo :<\/strong><br \/>\nUn court-m\u00e9trage illustrant ce que vit une femme avec l&#8217;endom\u00e9triose avec une session questions r\u00e9ponses.<\/p>\n<p>&#x1f5e3; <strong>Des ateliers :<\/strong><\/p>\n<ul>\n<li>Fasciath\u00e9rapie<\/li>\n<li>Et groupe de discussion<\/li>\n<\/ul>\n<p>&nbsp;<\/p>\n<p>&nbsp;<\/p>\n<h3>Un \u00e9v\u00e9nement organis\u00e9 par EndoFrance :<\/h3>\n<p>Une association qui a <strong>3 missions<\/strong> : Soutenir les personnes atteintes d&#8217;endom\u00e9triose, informer le public sur la maladie, agir avec les professionnels de sant\u00e9 et les pouvoirs publics pour am\u00e9liorer le parcours de soins des malades.<\/p>\n<p>EndoFrance a aussi publi\u00e9 deux livres :<br \/>\n&#8211;<strong> Id\u00e9es re\u00e7ues sur l&#8217;endom\u00e9triose<\/strong>, livre co-r\u00e9dig\u00e9 avec des m\u00e9decins, dont la 3e \u00e9dition remani\u00e9e paraitra le 18 avril 2024<br \/>\n&#8211; <strong>L&#8217;endom\u00e9triose de Clara<\/strong>, comprendre la maladie pour les 15-25 ans, un format BD destin\u00e9 aux plus jeunes, mais aussi aux adultes et \u00e0 l&#8217;entourage pour mieux comprendre la pathologie et sa prise en charge.<\/p>\n<p>&nbsp;<\/p>\n<h3>Infos pratiques :<\/h3>\n<p>&#x1f4c6; Mercredi 3 avril<br \/>\n&#x231b;&#xfe0f; Ouverture des portes \u00e0 13h30, \u00e9v\u00e9nement de 14h00 \u00e0 20h00<br \/>\n&#x1f516; Inscription gratuite obligatoire<br \/>\n&#x1f4cd; Chez <a href=\"https:\/\/www.instagram.com\/sisther.paris\/\">Sist\u2019Her<\/a>, 82 rue du Faubourg St-Martin, 75010 Paris<\/p>\n<p>&nbsp;<\/p>\n<p>Ouvert en mars 2021 par l\u2019ONG\u00a0<a href=\"https:\/\/empow-her.com\/\">Empow\u2019Her<\/a>, Sist\u2019Her Paris est un espace de partage et de cr\u00e9ation f\u00e9ministe, accessible \u00e0 tous.tes, d\u00e9di\u00e9 \u00e0 l\u2019\u00e9criture collective d\u2019un nouveau narratif entrepreneurial et \u00e0 l\u2019outillage des combats pour des soci\u00e9t\u00e9s plus justes, durables et \u00e9galitaires.<\/p>\n<p>&nbsp;<\/p>\n<p>On a h\u00e2te de vous retrouver chez Sist&#8217;Her ! &#x2728;<\/p>\n<p><img decoding=\"async\" class=\"alignnone wp-image-247840\" src=\"https:\/\/empow-her.com\/wp-content\/uploads\/2024\/03\/oFWFwpQIbNJAB8mZsFor4HvpURkpr7bc-1PWEHolPQA-300x200.jpeg\" alt=\"\" width=\"168\" height=\"112\" srcset=\"https:\/\/empow-her.com\/wp-content\/uploads\/2024\/03\/oFWFwpQIbNJAB8mZsFor4HvpURkpr7bc-1PWEHolPQA-300x200.jpeg 300w, https:\/\/empow-her.com\/wp-content\/uploads\/2024\/03\/oFWFwpQIbNJAB8mZsFor4HvpURkpr7bc-1PWEHolPQA-1024x683.jpeg 1024w, https:\/\/empow-her.com\/wp-content\/uploads\/2024\/03\/oFWFwpQIbNJAB8mZsFor4HvpURkpr7bc-1PWEHolPQA-768x512.jpeg 768w, https:\/\/empow-her.com\/wp-content\/uploads\/2024\/03\/oFWFwpQIbNJAB8mZsFor4HvpURkpr7bc-1PWEHolPQA-1536x1024.jpeg 1536w, https:\/\/empow-her.com\/wp-content\/uploads\/2024\/03\/oFWFwpQIbNJAB8mZsFor4HvpURkpr7bc-1PWEHolPQA-2048x1365.jpeg 2048w, https:\/\/empow-her.com\/wp-content\/uploads\/2024\/03\/oFWFwpQIbNJAB8mZsFor4HvpURkpr7bc-1PWEHolPQA-600x400.jpeg 600w\" sizes=\"(max-width: 168px) 100vw, 168px\" \/><\/p>\n","protected":false},"excerpt":{"rendered":"<h3>Une demi-journ\u00e9e organis\u00e9e par l&#8217;association EndoFrance d\u00e9di\u00e9e \u00e0 la sensibilisation et gestion de la douleur de l&#8217;endom\u00e9triose.<\/h3>\n<p>EndoFrance vous propose le <strong>mercredi 3 avril de 13h30 \u00e0 20h00<\/strong> une apr\u00e8s-midi de conf\u00e9rences et d&#8217;ateliers pratiques pour <strong>mieux comprendre l&#8217;endom\u00e9triose <\/strong>et son impact sur le quotidien, mais aussi quelques <strong>solutions concr\u00e8tes<\/strong> pour g\u00e9rer la douleur.<\/p>\n<p>&nbsp;<\/p>\n<h3>Au programme :<\/h3>\n<p>&#x1f469;&#x200d;&#x1f3eb; <strong>Des conf\u00e9rences :<\/strong><\/p>\n<ul>\n<li>Une conf\u00e9rence sur la physiopathologie de l&#8217;endom\u00e9triose<\/li>\n<li>Une conf\u00e9rence di\u00e9t\u00e9tique et ost\u00e9opathie pour g\u00e9rer la douleur<\/li>\n<\/ul>\n<p>&#x1f3a5; <strong>Diffusion de Toi mon endo :<\/strong><br \/>\nUn court-m\u00e9trage illustrant ce que vit une femme avec l&#8217;endom\u00e9triose avec une session questions r\u00e9ponses.<\/p>\n<p>&#x1f5e3; <strong>Des ateliers :<\/strong><\/p>\n<ul>\n<li>Fasciath\u00e9rapie<\/li>\n<li>Et groupe de discussion<\/li>\n<\/ul>\n<p>&nbsp;<\/p>\n<p>&nbsp;<\/p>\n<h3>Un \u00e9v\u00e9nement organis\u00e9 par EndoFrance :<\/h3>\n<p>Une association qui a <strong>3 missions<\/strong> : Soutenir les personnes atteintes d&#8217;endom\u00e9triose, informer le public sur la maladie, agir avec les professionnels de sant\u00e9 et les pouvoirs publics pour am\u00e9liorer le parcours de soins des malades.<\/p>\n<p>EndoFrance a aussi publi\u00e9 deux livres :<br \/>\n&#8211;<strong> Id\u00e9es re\u00e7ues sur l&#8217;endom\u00e9triose<\/strong>, livre co-r\u00e9dig\u00e9 avec des m\u00e9decins, dont la 3e \u00e9dition remani\u00e9e paraitra le 18 avril 2024<br \/>\n&#8211; <strong>L&#8217;endom\u00e9triose de Clara<\/strong>, comprendre la maladie pour les 15-25 ans, un format BD destin\u00e9 aux plus jeunes, mais aussi aux adultes et \u00e0 l&#8217;entourage pour mieux comprendre la pathologie et sa prise en charge.<\/p>\n<p>&nbsp;<\/p>\n<h3>Infos pratiques :<\/h3>\n<p>&#x1f4c6; Mercredi 3 avril<br \/>\n&#x231b;&#xfe0f; De 13h30 \u00e0 20h00<br \/>\n&#x1f516; Inscription gratuite obligatoire<br \/>\n&#x1f4cd; Chez <a href=\"https:\/\/www.instagram.com\/sisther.paris\/\">Sist\u2019Her<\/a>, 82 rue du Faubourg St-Martin, 75010 Paris<\/p>\n<p>&nbsp;<\/p>\n<p>Ouvert en mars 2021 par l\u2019ONG\u00a0<a href=\"https:\/\/empow-her.com\/\">Empow\u2019Her<\/a>, Sist\u2019Her Paris est un espace de partage et de cr\u00e9ation f\u00e9ministe, accessible \u00e0 tous.tes, d\u00e9di\u00e9 \u00e0 l\u2019\u00e9criture collective d\u2019un nouveau narratif entrepreneurial et \u00e0 l\u2019outillage des combats pour des soci\u00e9t\u00e9s plus justes, durables et \u00e9galitaires.<\/p>\n<p>&nbsp;<\/p>\n<p>On a h\u00e2te de vous retrouver chez Sist&#8217;Her ! &#x2728;<\/p>\n<p><img decoding=\"async\" class=\"alignnone wp-image-247840\" src=\"https:\/\/empow-her.com\/wp-content\/uploads\/2024\/03\/oFWFwpQIbNJAB8mZsFor4HvpURkpr7bc-1PWEHolPQA-300x200.jpeg\" alt=\"\" width=\"160\" height=\"106\" srcset=\"https:\/\/empow-her.com\/wp-content\/uploads\/2024\/03\/oFWFwpQIbNJAB8mZsFor4HvpURkpr7bc-1PWEHolPQA-300x200.jpeg 300w, https:\/\/empow-her.com\/wp-content\/uploads\/2024\/03\/oFWFwpQIbNJAB8mZsFor4HvpURkpr7bc-1PWEHolPQA-1024x683.jpeg 1024w, https:\/\/empow-her.com\/wp-content\/uploads\/2024\/03\/oFWFwpQIbNJAB8mZsFor4HvpURkpr7bc-1PWEHolPQA-768x512.jpeg 768w, https:\/\/empow-her.com\/wp-content\/uploads\/2024\/03\/oFWFwpQIbNJAB8mZsFor4HvpURkpr7bc-1PWEHolPQA-1536x1024.jpeg 1536w, https:\/\/empow-her.com\/wp-content\/uploads\/2024\/03\/oFWFwpQIbNJAB8mZsFor4HvpURkpr7bc-1PWEHolPQA-2048x1365.jpeg 2048w, https:\/\/empow-her.com\/wp-content\/uploads\/2024\/03\/oFWFwpQIbNJAB8mZsFor4HvpURkpr7bc-1PWEHolPQA-600x400.jpeg 600w\" sizes=\"(max-width: 160px) 100vw, 160px\" \/><\/p>\n","protected":false},"featured_media":247838,"template":"","format":"standard","meta":{"_acf_changed":false,"om_disable_all_campaigns":false,"_uf_show_specific_survey":0,"_uf_disable_surveys":false},"product_brand":[],"product_cat":[119],"product_tag":[178],"lieu":[127],"thematiques":[],"class_list":{"0":"post-247827","1":"product","2":"type-product","3":"status-publish","4":"format-standard","5":"has-post-thumbnail","7":"product_cat-evenement-sisther","8":"product_tag-evenement-sisther","9":"lieu-hub-empowher","11":"first","12":"instock","13":"virtual","14":"purchasable","15":"product-type-appointment"},"exclude_global_add_ons":[],"addons":[],"acf":[],"yoast_head":"<!-- This site is optimized with the Yoast SEO plugin v24.8 - https:\/\/yoast.com\/wordpress\/plugins\/seo\/ -->\n<title>Endom\u00e9triose : Sensibilisation et gestion de la douleur<\/title>\n<meta name=\"description\" content=\"Meercredi 3 avril de 13h30 \u00e0 20h rendez-vous chez Sist&#039;Her pour une apr\u00e8s-midi organis\u00e9e par EndoFrance afin de sensibiliser et informer sur l&#039;endom\u00e9triose.\" \/>\n<meta name=\"robots\" content=\"index, follow, max-snippet:-1, max-image-preview:large, max-video-preview:-1\" \/>\n<link rel=\"canonical\" href=\"https:\/\/empow-her.com\/en\/produit\/endometriose-sensibilisation-et-gestion-de-la-douleur\/\" \/>\n<meta property=\"og:locale\" content=\"es_ES\" \/>\n<meta property=\"og:type\" content=\"article\" \/>\n<meta property=\"og:title\" content=\"Endom\u00e9triose : Sensibilisation et gestion de la douleur\" \/>\n<meta property=\"og:description\" content=\"Meercredi 3 avril de 13h30 \u00e0 20h rendez-vous chez Sist&#039;Her pour une apr\u00e8s-midi organis\u00e9e par EndoFrance afin de sensibiliser et informer sur l&#039;endom\u00e9triose.\" \/>\n<meta property=\"og:url\" content=\"https:\/\/empow-her.com\/en\/produit\/endometriose-sensibilisation-et-gestion-de-la-douleur\/\" \/>\n<meta property=\"og:site_name\" content=\"Empow&#039;Her\" \/>\n<meta property=\"article:modified_time\" content=\"2024-03-20T08:56:03+00:00\" \/>\n<meta property=\"og:image\" content=\"https:\/\/empow-her.com\/wp-content\/uploads\/2024\/03\/shetalks-economie-circulaire-33.png\" \/>\n\t<meta property=\"og:image:width\" content=\"1080\" \/>\n\t<meta property=\"og:image:height\" content=\"1080\" \/>\n\t<meta property=\"og:image:type\" content=\"image\/png\" \/>\n<meta name=\"twitter:card\" content=\"summary_large_image\" \/>\n<meta name=\"twitter:label1\" content=\"Tiempo de lectura\" \/>\n\t<meta name=\"twitter:data1\" content=\"2 minutos\" \/>\n<script type=\"application\/ld+json\" class=\"yoast-schema-graph\">{\"@context\":\"https:\/\/schema.org\",\"@graph\":[{\"@type\":\"WebPage\",\"@id\":\"https:\/\/empow-her.com\/en\/produit\/endometriose-sensibilisation-et-gestion-de-la-douleur\/\",\"url\":\"https:\/\/empow-her.com\/en\/produit\/endometriose-sensibilisation-et-gestion-de-la-douleur\/\",\"name\":\"Endom\u00e9triose : Sensibilisation et gestion de la douleur\",\"isPartOf\":{\"@id\":\"https:\/\/empow-her.com\/#website\"},\"primaryImageOfPage\":{\"@id\":\"https:\/\/empow-her.com\/en\/produit\/endometriose-sensibilisation-et-gestion-de-la-douleur\/#primaryimage\"},\"image\":{\"@id\":\"https:\/\/empow-her.com\/en\/produit\/endometriose-sensibilisation-et-gestion-de-la-douleur\/#primaryimage\"},\"thumbnailUrl\":\"https:\/\/empow-her.com\/wp-content\/uploads\/2024\/03\/shetalks-economie-circulaire-33.png\",\"datePublished\":\"2024-03-19T15:00:06+00:00\",\"dateModified\":\"2024-03-20T08:56:03+00:00\",\"description\":\"Meercredi 3 avril de 13h30 \u00e0 20h rendez-vous chez Sist'Her pour une apr\u00e8s-midi organis\u00e9e par EndoFrance afin de sensibiliser et informer sur l'endom\u00e9triose.\",\"breadcrumb\":{\"@id\":\"https:\/\/empow-her.com\/en\/produit\/endometriose-sensibilisation-et-gestion-de-la-douleur\/#breadcrumb\"},\"inLanguage\":\"es\",\"potentialAction\":[{\"@type\":\"ReadAction\",\"target\":[\"https:\/\/empow-her.com\/en\/produit\/endometriose-sensibilisation-et-gestion-de-la-douleur\/\"]}]},{\"@type\":\"ImageObject\",\"inLanguage\":\"es\",\"@id\":\"https:\/\/empow-her.com\/en\/produit\/endometriose-sensibilisation-et-gestion-de-la-douleur\/#primaryimage\",\"url\":\"https:\/\/empow-her.com\/wp-content\/uploads\/2024\/03\/shetalks-economie-circulaire-33.png\",\"contentUrl\":\"https:\/\/empow-her.com\/wp-content\/uploads\/2024\/03\/shetalks-economie-circulaire-33.png\",\"width\":1080,\"height\":1080},{\"@type\":\"BreadcrumbList\",\"@id\":\"https:\/\/empow-her.com\/en\/produit\/endometriose-sensibilisation-et-gestion-de-la-douleur\/#breadcrumb\",\"itemListElement\":[{\"@type\":\"ListItem\",\"position\":1,\"name\":\"Accueil\",\"item\":\"https:\/\/empow-her.com\/es\/inicio\/\"},{\"@type\":\"ListItem\",\"position\":2,\"name\":\"LA BOUTIQUE\",\"item\":\"https:\/\/empow-her.com\/boutique\/\"},{\"@type\":\"ListItem\",\"position\":3,\"name\":\"Endom\u00e9triose : Demi-journ\u00e9e sensibilisation et gestion de la douleur par EndoFrance\"}]},{\"@type\":\"WebSite\",\"@id\":\"https:\/\/empow-her.com\/#website\",\"url\":\"https:\/\/empow-her.com\/\",\"name\":\"Empow&#039;Her\",\"description\":\"Women Development\",\"potentialAction\":[{\"@type\":\"SearchAction\",\"target\":{\"@type\":\"EntryPoint\",\"urlTemplate\":\"https:\/\/empow-her.com\/?s={search_term_string}\"},\"query-input\":{\"@type\":\"PropertyValueSpecification\",\"valueRequired\":true,\"valueName\":\"search_term_string\"}}],\"inLanguage\":\"es\"}]}<\/script>\n<!-- \/ Yoast SEO plugin. -->","yoast_head_json":{"title":"Endom\u00e9triose : Sensibilisation et gestion de la douleur","description":"Meercredi 3 avril de 13h30 \u00e0 20h rendez-vous chez Sist'Her pour une apr\u00e8s-midi organis\u00e9e par EndoFrance afin de sensibiliser et informer sur l'endom\u00e9triose.","robots":{"index":"index","follow":"follow","max-snippet":"max-snippet:-1","max-image-preview":"max-image-preview:large","max-video-preview":"max-video-preview:-1"},"canonical":"https:\/\/empow-her.com\/en\/produit\/endometriose-sensibilisation-et-gestion-de-la-douleur\/","og_locale":"es_ES","og_type":"article","og_title":"Endom\u00e9triose : Sensibilisation et gestion de la douleur","og_description":"Meercredi 3 avril de 13h30 \u00e0 20h rendez-vous chez Sist'Her pour une apr\u00e8s-midi organis\u00e9e par EndoFrance afin de sensibiliser et informer sur l'endom\u00e9triose.","og_url":"https:\/\/empow-her.com\/en\/produit\/endometriose-sensibilisation-et-gestion-de-la-douleur\/","og_site_name":"Empow&#039;Her","article_modified_time":"2024-03-20T08:56:03+00:00","og_image":[{"width":1080,"height":1080,"url":"https:\/\/empow-her.com\/wp-content\/uploads\/2024\/03\/shetalks-economie-circulaire-33.png","type":"image\/png"}],"twitter_card":"summary_large_image","twitter_misc":{"Tiempo de lectura":"2 minutos"},"schema":{"@context":"https:\/\/schema.org","@graph":[{"@type":"WebPage","@id":"https:\/\/empow-her.com\/en\/produit\/endometriose-sensibilisation-et-gestion-de-la-douleur\/","url":"https:\/\/empow-her.com\/en\/produit\/endometriose-sensibilisation-et-gestion-de-la-douleur\/","name":"Endom\u00e9triose : Sensibilisation et gestion de la douleur","isPartOf":{"@id":"https:\/\/empow-her.com\/#website"},"primaryImageOfPage":{"@id":"https:\/\/empow-her.com\/en\/produit\/endometriose-sensibilisation-et-gestion-de-la-douleur\/#primaryimage"},"image":{"@id":"https:\/\/empow-her.com\/en\/produit\/endometriose-sensibilisation-et-gestion-de-la-douleur\/#primaryimage"},"thumbnailUrl":"https:\/\/empow-her.com\/wp-content\/uploads\/2024\/03\/shetalks-economie-circulaire-33.png","datePublished":"2024-03-19T15:00:06+00:00","dateModified":"2024-03-20T08:56:03+00:00","description":"Meercredi 3 avril de 13h30 \u00e0 20h rendez-vous chez Sist'Her pour une apr\u00e8s-midi organis\u00e9e par EndoFrance afin de sensibiliser et informer sur l'endom\u00e9triose.","breadcrumb":{"@id":"https:\/\/empow-her.com\/en\/produit\/endometriose-sensibilisation-et-gestion-de-la-douleur\/#breadcrumb"},"inLanguage":"es","potentialAction":[{"@type":"ReadAction","target":["https:\/\/empow-her.com\/en\/produit\/endometriose-sensibilisation-et-gestion-de-la-douleur\/"]}]},{"@type":"ImageObject","inLanguage":"es","@id":"https:\/\/empow-her.com\/en\/produit\/endometriose-sensibilisation-et-gestion-de-la-douleur\/#primaryimage","url":"https:\/\/empow-her.com\/wp-content\/uploads\/2024\/03\/shetalks-economie-circulaire-33.png","contentUrl":"https:\/\/empow-her.com\/wp-content\/uploads\/2024\/03\/shetalks-economie-circulaire-33.png","width":1080,"height":1080},{"@type":"BreadcrumbList","@id":"https:\/\/empow-her.com\/en\/produit\/endometriose-sensibilisation-et-gestion-de-la-douleur\/#breadcrumb","itemListElement":[{"@type":"ListItem","position":1,"name":"Accueil","item":"https:\/\/empow-her.com\/es\/inicio\/"},{"@type":"ListItem","position":2,"name":"LA BOUTIQUE","item":"https:\/\/empow-her.com\/boutique\/"},{"@type":"ListItem","position":3,"name":"Endom\u00e9triose : Demi-journ\u00e9e sensibilisation et gestion de la douleur par EndoFrance"}]},{"@type":"WebSite","@id":"https:\/\/empow-her.com\/#website","url":"https:\/\/empow-her.com\/","name":"Empow&#039;Her","description":"Women Development","potentialAction":[{"@type":"SearchAction","target":{"@type":"EntryPoint","urlTemplate":"https:\/\/empow-her.com\/?s={search_term_string}"},"query-input":{"@type":"PropertyValueSpecification","valueRequired":true,"valueName":"search_term_string"}}],"inLanguage":"es"}]}},"_links":{"self":[{"href":"https:\/\/empow-her.com\/es\/wp-json\/wp\/v2\/product\/247827","targetHints":{"allow":["GET"]}}],"collection":[{"href":"https:\/\/empow-her.com\/es\/wp-json\/wp\/v2\/product"}],"about":[{"href":"https:\/\/empow-her.com\/es\/wp-json\/wp\/v2\/types\/product"}],"wp:featuredmedia":[{"embeddable":true,"href":"https:\/\/empow-her.com\/es\/wp-json\/wp\/v2\/media\/247838"}],"wp:attachment":[{"href":"https:\/\/empow-her.com\/es\/wp-json\/wp\/v2\/media?parent=247827"}],"wp:term":[{"taxonomy":"product_brand","embeddable":true,"href":"https:\/\/empow-her.com\/es\/wp-json\/wp\/v2\/product_brand?post=247827"},{"taxonomy":"product_cat","embeddable":true,"href":"https:\/\/empow-her.com\/es\/wp-json\/wp\/v2\/product_cat?post=247827"},{"taxonomy":"product_tag","embeddable":true,"href":"https:\/\/empow-her.com\/es\/wp-json\/wp\/v2\/product_tag?post=247827"},{"taxonomy":"lieu","embeddable":true,"href":"https:\/\/empow-her.com\/es\/wp-json\/wp\/v2\/lieu?post=247827"},{"taxonomy":"thematiques","embeddable":true,"href":"https:\/\/empow-her.com\/es\/wp-json\/wp\/v2\/thematiques?post=247827"}],"curies":[{"name":"wp","href":"https:\/\/api.w.org\/{rel}","templated":true}]}}