{"id":247161,"date":"2024-03-05T14:13:50","date_gmt":"2024-03-05T13:13:50","guid":{"rendered":"https:\/\/empow-her.com\/?post_type=product&#038;p=247161"},"modified":"2024-03-14T09:59:46","modified_gmt":"2024-03-14T08:59:46","slug":"vulva-fest-day-une-journee-consacree-a-la-sante-et-lepanouissement-des-vulves","status":"publish","type":"product","link":"https:\/\/empow-her.com\/es\/produit\/vulva-fest-day-une-journee-consacree-a-la-sante-et-lepanouissement-des-vulves\/","title":{"rendered":"Vulva Fest Day \u2014 La journ\u00e9e consacr\u00e9e \u00e0 la sant\u00e9 et l\u2019\u00e9panouissement des vulves !"},"content":{"rendered":"<p>&#x1f449; Inscription obligatoire en cliquant sur <strong><a href=\"https:\/\/www.helloasso.com\/associations\/vulvae-fondation-sante\/evenements\/vulva-fest-day\">ce lien<\/a> !<\/strong><\/p>\n<h3>Vulva Fest Day \u2014 La journ\u00e9e consacr\u00e9e \u00e0 la sant\u00e9 et l\u2019\u00e9panouissement des vulves !<\/h3>\n<p>&nbsp;<\/p>\n<p>En avril nous mettons en avant la sant\u00e9 chez Sist&#8217;Her !<br \/>\nRetrouvez<strong> le samedi 13 avril de 11h \u00e0 20h<\/strong>, un \u00e9v\u00e8nement de sant\u00e9 publique organis\u00e9 par<strong> l&#8217;association <a href=\"https:\/\/www.vulvae.io\/\">Vulvae Fondation Sant\u00e9<\/a>. <\/strong><strong>Une journ\u00e9e destin\u00e9e \u00e0 toutes les personnes souhaitant mieux conna\u00eetre l\u2019anatomie et la sant\u00e9 de la vulve<\/strong> ainsi que les strat\u00e9gies pour (re)trouver le plaisir seul\u00b7e ou accompagn\u00e9\u00b7e.<\/p>\n<p>&nbsp;<\/p>\n<h4>L&#8217;objectif de cette journ\u00e9e ?<\/h4>\n<p>Mieux conna\u00eetre l\u2019anatomie de la vulve, les \u00e9ventuelles pathologies et douleurs vulvaires, conna\u00eetre les solutions qui existent pour commencer son parcours de soins et explorer diff\u00e9rentes pistes d\u2019adaptation de la sexualit\u00e9.<br \/>\n<strong>C\u2019est aussi la parfaite opportunit\u00e9 de d\u00e9truire le tabou et les pr\u00e9jug\u00e9s.<\/strong><\/p>\n<p>&nbsp;<\/p>\n<h4>Qui est Vulvae Fondation Sant\u00e9 ?<\/h4>\n<p>L&#8217;association Vulvae Fondation Sant\u00e9 (Vulvae Foundation for Health) a pour objet de soutenir et promouvoir la sant\u00e9 vulvaire, ainsi que la recherche et l&#8217;information autour des douleurs vulvaires chroniques et des pathologies sp\u00e9cifiques de la vulve.<\/p>\n<p>&nbsp;<\/p>\n<h4><strong>Les animatrices principales de cette journ\u00e9e<\/strong> :<\/h4>\n<ul>\n<li>Emma Puech-H\u00e9lin (pr\u00e9sidente VFS)<\/li>\n<li>Paola Craveiro (Empow\u2019Her)<\/li>\n<li>Ad\u00e8le Burgaud (tr\u00e9sori\u00e8re de Vulvae).<\/li>\n<\/ul>\n<p>&nbsp;<\/p>\n<h4>Au programme :<\/h4>\n<p><strong>&#x1f5e3; 11h30 -12h30 :<\/strong> Talk \u00ab\u00a0<strong>Conna\u00eetre la vulve sur le bout des doigts\u00a0<\/strong>\u00bb men\u00e9 par la sage-femme Camille Tallet<\/p>\n<p><strong>&#x1f355;12h30 -14h<\/strong> : interlude lunch<\/p>\n<p><strong>&#x1f525; 14h-15 h<\/strong> : Talk \u00ab\u00a0<strong>Douleurs &amp; Sexualit\u00e9 : retrouver le plaisir !<\/strong>\u00a0\u00bb men\u00e9 par la sexoth\u00e9rapeute Diane Deswarte du @clubkamami<\/p>\n<p><strong>&#x1f3a8; 15h30-17h30<\/strong> : Atelier \u00ab\u00a0<strong>Dessine moi une vulve<\/strong>\u00a0\u00bb men\u00e9 par l\u2019experte en sexoth\u00e9rapie et r\u00e9silience Violeta Belhouchat<\/p>\n<p><strong>&#x1f942; 18h-19h30<\/strong> : Ateliers \u00ab\u00a0<strong>Ap\u00e9ro sexo : am\u00e8ne ton\u00b7ta +1 !<\/strong> \u00bb men\u00e9 par la sexoth\u00e9rapeute Cl\u00e9mence Rerolle<\/p>\n<p>&nbsp;<\/p>\n<h4><strong>En parall\u00e8le de ce programme venez d\u00e9couvrir :<\/strong><\/h4>\n<p>&#8211; Un stand d\u2019exposition de partenaires sant\u00e9 et plaisir<br \/>\n&#8211; Une exposition de Vulv\u2019art<br \/>\n&#8211; Un stand Vulvae Fondation Sant\u00e9<br \/>\n&#8211; Des cr\u00e9neaux d&#8217;entretiens individuels gratuits avec Diane Deswarte (plage horaire \u00e0 retrouver dans la billeterie).<\/p>\n<p>&nbsp;<\/p>\n<h4><strong>Infos pratiques :<\/strong><\/h4>\n<p>&#x1f4c6; Samedi 13 avril<br \/>\n&#x231b;&#xfe0f; De 11h \u00e0 20h<br \/>\n&#x1f516; R\u00e9servation gratuite obligatoire en cliquant sur <strong><a href=\"https:\/\/www.helloasso.com\/associations\/vulvae-fondation-sante\/evenements\/vulva-fest-day\">ce lien<\/a><\/strong><br \/>\n&#x1f4cd; Chez <a href=\"https:\/\/empow-her.com\/nos-hubs\/\">Sist&#8217;Her<\/a>, 82 rue du Faubourg Saint Martin 75010 Paris<\/p>\n<p>On a h\u00e2te de vous retrouver chez Sist&#8217;Her !<\/p>\n","protected":false},"excerpt":{"rendered":"<p>&#x1f449; Inscription obligatoire en cliquant sur <strong><a href=\"https:\/\/www.helloasso.com\/associations\/vulvae-fondation-sante\/evenements\/vulva-fest-day\">ce lien<\/a> !<\/strong><\/p>\n<h3>Vulva Fest Day \u2014 La journ\u00e9e consacr\u00e9e \u00e0 la sant\u00e9 et l\u2019\u00e9panouissement des vulves !<\/h3>\n<p>&nbsp;<\/p>\n<p>En avril nous mettons en avant la sant\u00e9 chez Sist&#8217;Her !<br \/>\nRetrouvez<strong> le samedi 13 avril de 11h \u00e0 20h<\/strong>, un \u00e9v\u00e8nement de sant\u00e9 publique organis\u00e9 par<strong> l&#8217;association <a href=\"https:\/\/www.vulvae.io\/\">Vulvae Fondation Sant\u00e9<\/a>. <\/strong><strong>Une journ\u00e9e destin\u00e9e \u00e0 toutes les personnes souhaitant mieux conna\u00eetre l\u2019anatomie et la sant\u00e9 de la vulve<\/strong> ainsi que les strat\u00e9gies pour (re)trouver le plaisir seul\u00b7e ou accompagn\u00e9\u00b7e.<\/p>\n<p>&nbsp;<\/p>\n<h4>L&#8217;objectif de cette journ\u00e9e ?<\/h4>\n<p>Mieux conna\u00eetre l\u2019anatomie de la vulve, les \u00e9ventuelles pathologies et douleurs vulvaires, conna\u00eetre les solutions qui existent pour commencer son parcours de soins et explorer diff\u00e9rentes pistes d\u2019adaptation de la sexualit\u00e9.<br \/>\n<strong>C\u2019est aussi la parfaite opportunit\u00e9 de d\u00e9truire le tabou et les pr\u00e9jug\u00e9s.<\/strong><\/p>\n<p>&nbsp;<\/p>\n<h4>Qui est Vulvae Fondation Sant\u00e9 ?<\/h4>\n<p>L&#8217;association Vulvae Fondation Sant\u00e9 (Vulvae Foundation for Health) a pour objet de soutenir et promouvoir la sant\u00e9 vulvaire, ainsi que la recherche et l&#8217;information autour des douleurs vulvaires chroniques et des pathologies sp\u00e9cifiques de la vulve.<\/p>\n<p>&nbsp;<\/p>\n<h4><strong>Les animatrices principales de cette journ\u00e9e<\/strong> :<\/h4>\n<ul>\n<li>Emma Puech-H\u00e9lin (pr\u00e9sidente VFS)<\/li>\n<li>Paola Craveiro (Empow\u2019Her)<\/li>\n<li>Ad\u00e8le Burgaud (tr\u00e9sori\u00e8re de Vulvae).<\/li>\n<\/ul>\n<p>&nbsp;<\/p>\n<h4>Au programme :<\/h4>\n<p><strong>&#x1f5e3; 11h30 -12h30 :<\/strong> Talk \u00ab\u00a0<strong>Conna\u00eetre la vulve sur le bout des doigts\u00a0<\/strong>\u00bb men\u00e9 par la sage-femme Camille Tallet<\/p>\n<p><strong>&#x1f355;12h30 -14h<\/strong> : interlude lunch<\/p>\n<p><strong>&#x1f525; 14h-15 h<\/strong> : Talk \u00ab\u00a0<strong>Douleurs &amp; Sexualit\u00e9 : retrouver le plaisir !<\/strong>\u00a0\u00bb men\u00e9 par la sexoth\u00e9rapeute Diane Deswarte du @clubkamami<\/p>\n<p><strong>&#x1f3a8; 15h30-17h30<\/strong> : Atelier \u00ab\u00a0<strong>Dessine moi une vulve<\/strong>\u00a0\u00bb men\u00e9 par l\u2019experte en sexoth\u00e9rapie et r\u00e9silience Violeta Belhouchat<\/p>\n<p><strong>&#x1f942; 18h-19h30<\/strong> : Ateliers \u00ab\u00a0<strong>Ap\u00e9ro sexo : am\u00e8ne ton\u00b7ta +1 !<\/strong> \u00bb men\u00e9 par la sexoth\u00e9rapeute Cl\u00e9mence Rerolle<\/p>\n<p>&nbsp;<\/p>\n<h4><strong>En parall\u00e8le de ce programme venez d\u00e9couvrir :<\/strong><\/h4>\n<p>&#8211; Un stand d\u2019exposition de partenaires sant\u00e9 et plaisir<br \/>\n&#8211; Une exposition de Vulv\u2019art<br \/>\n&#8211; Un stand Vulvae Fondation Sant\u00e9<br \/>\n&#8211; Des cr\u00e9neaux d&#8217;entretiens individuels gratuits avec Diane Deswarte (plage horaire \u00e0 retrouver dans la billeterie).<\/p>\n<p>&nbsp;<\/p>\n<h4><strong>Infos pratiques :<\/strong><\/h4>\n<p>&#x1f4c6; Samedi 13 avril<br \/>\n&#x231b;&#xfe0f; De 11h \u00e0 20h<br \/>\n&#x1f516; R\u00e9servation gratuite obligatoire en cliquant sur <strong><a href=\"https:\/\/www.helloasso.com\/associations\/vulvae-fondation-sante\/evenements\/vulva-fest-day\">ce lien<\/a> !<\/strong><br \/>\n&#x1f4cd; Chez <a href=\"https:\/\/empow-her.com\/nos-hubs\/\">Sist&#8217;Her<\/a>, 82 rue du Faubourg Saint Martin 75010 Paris<\/p>\n<p>On a h\u00e2te de vous retrouver chez Sist&#8217;Her !<\/p>\n","protected":false},"featured_media":247165,"template":"","format":"standard","meta":{"_acf_changed":false,"om_disable_all_campaigns":false,"_uf_show_specific_survey":0,"_uf_disable_surveys":false},"product_brand":[],"product_cat":[119],"product_tag":[178],"lieu":[127],"thematiques":[],"class_list":{"0":"post-247161","1":"product","2":"type-product","3":"status-publish","4":"format-standard","5":"has-post-thumbnail","7":"product_cat-evenement-sisther","8":"product_tag-evenement-sisther","9":"lieu-hub-empowher","11":"first","12":"instock","13":"virtual","14":"purchasable","15":"product-type-appointment"},"exclude_global_add_ons":[],"addons":[],"acf":[],"yoast_head":"<!-- This site is optimized with the Yoast SEO plugin v24.8 - https:\/\/yoast.com\/wordpress\/plugins\/seo\/ -->\n<title>Vulva Fest Day : Une journ\u00e9e consacr\u00e9e \u00e0 la sant\u00e9 des vulves !<\/title>\n<meta name=\"description\" content=\"Retrouvez le samedi 13 avril de 11h \u00e0 20h, le Vulva Fest Day ! Un \u00e9v\u00e9nement de sant\u00e9 publique organis\u00e9 par l&#039;association Vulvae Fondation Sant\u00e9.\" \/>\n<meta name=\"robots\" content=\"index, follow, max-snippet:-1, max-image-preview:large, max-video-preview:-1\" \/>\n<link rel=\"canonical\" href=\"https:\/\/empow-her.com\/produit\/vulva-fest-day-une-journee-consacree-a-la-sante-et-lepanouissement-des-vulves\/\" \/>\n<meta property=\"og:locale\" content=\"es_ES\" \/>\n<meta property=\"og:type\" content=\"article\" \/>\n<meta property=\"og:title\" content=\"Vulva Fest Day : Une journ\u00e9e consacr\u00e9e \u00e0 la sant\u00e9 des vulves !\" \/>\n<meta property=\"og:description\" content=\"Retrouvez le samedi 13 avril de 11h \u00e0 20h, le Vulva Fest Day ! Un \u00e9v\u00e9nement de sant\u00e9 publique organis\u00e9 par l&#039;association Vulvae Fondation Sant\u00e9.\" \/>\n<meta property=\"og:url\" content=\"https:\/\/empow-her.com\/produit\/vulva-fest-day-une-journee-consacree-a-la-sante-et-lepanouissement-des-vulves\/\" \/>\n<meta property=\"og:site_name\" content=\"Empow&#039;Her\" \/>\n<meta property=\"article:modified_time\" content=\"2024-03-14T08:59:46+00:00\" \/>\n<meta property=\"og:image\" content=\"https:\/\/empow-her.com\/wp-content\/uploads\/2024\/03\/shetalks-economie-circulaire-27.png\" \/>\n\t<meta property=\"og:image:width\" content=\"1080\" \/>\n\t<meta property=\"og:image:height\" content=\"1080\" \/>\n\t<meta property=\"og:image:type\" content=\"image\/png\" \/>\n<meta name=\"twitter:card\" content=\"summary_large_image\" \/>\n<meta name=\"twitter:label1\" content=\"Tiempo de lectura\" \/>\n\t<meta name=\"twitter:data1\" content=\"2 minutos\" \/>\n<script type=\"application\/ld+json\" class=\"yoast-schema-graph\">{\"@context\":\"https:\/\/schema.org\",\"@graph\":[{\"@type\":\"WebPage\",\"@id\":\"https:\/\/empow-her.com\/produit\/vulva-fest-day-une-journee-consacree-a-la-sante-et-lepanouissement-des-vulves\/\",\"url\":\"https:\/\/empow-her.com\/produit\/vulva-fest-day-une-journee-consacree-a-la-sante-et-lepanouissement-des-vulves\/\",\"name\":\"Vulva Fest Day : Une journ\u00e9e consacr\u00e9e \u00e0 la sant\u00e9 des vulves !\",\"isPartOf\":{\"@id\":\"https:\/\/empow-her.com\/#website\"},\"primaryImageOfPage\":{\"@id\":\"https:\/\/empow-her.com\/produit\/vulva-fest-day-une-journee-consacree-a-la-sante-et-lepanouissement-des-vulves\/#primaryimage\"},\"image\":{\"@id\":\"https:\/\/empow-her.com\/produit\/vulva-fest-day-une-journee-consacree-a-la-sante-et-lepanouissement-des-vulves\/#primaryimage\"},\"thumbnailUrl\":\"https:\/\/empow-her.com\/wp-content\/uploads\/2024\/03\/shetalks-economie-circulaire-27.png\",\"datePublished\":\"2024-03-05T13:13:50+00:00\",\"dateModified\":\"2024-03-14T08:59:46+00:00\",\"description\":\"Retrouvez le samedi 13 avril de 11h \u00e0 20h, le Vulva Fest Day ! Un \u00e9v\u00e9nement de sant\u00e9 publique organis\u00e9 par l'association Vulvae Fondation Sant\u00e9.\",\"breadcrumb\":{\"@id\":\"https:\/\/empow-her.com\/produit\/vulva-fest-day-une-journee-consacree-a-la-sante-et-lepanouissement-des-vulves\/#breadcrumb\"},\"inLanguage\":\"es\",\"potentialAction\":[{\"@type\":\"ReadAction\",\"target\":[\"https:\/\/empow-her.com\/produit\/vulva-fest-day-une-journee-consacree-a-la-sante-et-lepanouissement-des-vulves\/\"]}]},{\"@type\":\"ImageObject\",\"inLanguage\":\"es\",\"@id\":\"https:\/\/empow-her.com\/produit\/vulva-fest-day-une-journee-consacree-a-la-sante-et-lepanouissement-des-vulves\/#primaryimage\",\"url\":\"https:\/\/empow-her.com\/wp-content\/uploads\/2024\/03\/shetalks-economie-circulaire-27.png\",\"contentUrl\":\"https:\/\/empow-her.com\/wp-content\/uploads\/2024\/03\/shetalks-economie-circulaire-27.png\",\"width\":1080,\"height\":1080},{\"@type\":\"BreadcrumbList\",\"@id\":\"https:\/\/empow-her.com\/produit\/vulva-fest-day-une-journee-consacree-a-la-sante-et-lepanouissement-des-vulves\/#breadcrumb\",\"itemListElement\":[{\"@type\":\"ListItem\",\"position\":1,\"name\":\"Accueil\",\"item\":\"https:\/\/empow-her.com\/es\/inicio\/\"},{\"@type\":\"ListItem\",\"position\":2,\"name\":\"LA BOUTIQUE\",\"item\":\"https:\/\/empow-her.com\/boutique\/\"},{\"@type\":\"ListItem\",\"position\":3,\"name\":\"Vulva Fest Day \u2014 La journ\u00e9e consacr\u00e9e \u00e0 la sant\u00e9 et l\u2019\u00e9panouissement des vulves !\"}]},{\"@type\":\"WebSite\",\"@id\":\"https:\/\/empow-her.com\/#website\",\"url\":\"https:\/\/empow-her.com\/\",\"name\":\"Empow&#039;Her\",\"description\":\"Women Development\",\"potentialAction\":[{\"@type\":\"SearchAction\",\"target\":{\"@type\":\"EntryPoint\",\"urlTemplate\":\"https:\/\/empow-her.com\/?s={search_term_string}\"},\"query-input\":{\"@type\":\"PropertyValueSpecification\",\"valueRequired\":true,\"valueName\":\"search_term_string\"}}],\"inLanguage\":\"es\"}]}<\/script>\n<!-- \/ Yoast SEO plugin. -->","yoast_head_json":{"title":"Vulva Fest Day : Une journ\u00e9e consacr\u00e9e \u00e0 la sant\u00e9 des vulves !","description":"Retrouvez le samedi 13 avril de 11h \u00e0 20h, le Vulva Fest Day ! Un \u00e9v\u00e9nement de sant\u00e9 publique organis\u00e9 par l'association Vulvae Fondation Sant\u00e9.","robots":{"index":"index","follow":"follow","max-snippet":"max-snippet:-1","max-image-preview":"max-image-preview:large","max-video-preview":"max-video-preview:-1"},"canonical":"https:\/\/empow-her.com\/produit\/vulva-fest-day-une-journee-consacree-a-la-sante-et-lepanouissement-des-vulves\/","og_locale":"es_ES","og_type":"article","og_title":"Vulva Fest Day : Une journ\u00e9e consacr\u00e9e \u00e0 la sant\u00e9 des vulves !","og_description":"Retrouvez le samedi 13 avril de 11h \u00e0 20h, le Vulva Fest Day ! Un \u00e9v\u00e9nement de sant\u00e9 publique organis\u00e9 par l'association Vulvae Fondation Sant\u00e9.","og_url":"https:\/\/empow-her.com\/produit\/vulva-fest-day-une-journee-consacree-a-la-sante-et-lepanouissement-des-vulves\/","og_site_name":"Empow&#039;Her","article_modified_time":"2024-03-14T08:59:46+00:00","og_image":[{"width":1080,"height":1080,"url":"https:\/\/empow-her.com\/wp-content\/uploads\/2024\/03\/shetalks-economie-circulaire-27.png","type":"image\/png"}],"twitter_card":"summary_large_image","twitter_misc":{"Tiempo de lectura":"2 minutos"},"schema":{"@context":"https:\/\/schema.org","@graph":[{"@type":"WebPage","@id":"https:\/\/empow-her.com\/produit\/vulva-fest-day-une-journee-consacree-a-la-sante-et-lepanouissement-des-vulves\/","url":"https:\/\/empow-her.com\/produit\/vulva-fest-day-une-journee-consacree-a-la-sante-et-lepanouissement-des-vulves\/","name":"Vulva Fest Day : Une journ\u00e9e consacr\u00e9e \u00e0 la sant\u00e9 des vulves !","isPartOf":{"@id":"https:\/\/empow-her.com\/#website"},"primaryImageOfPage":{"@id":"https:\/\/empow-her.com\/produit\/vulva-fest-day-une-journee-consacree-a-la-sante-et-lepanouissement-des-vulves\/#primaryimage"},"image":{"@id":"https:\/\/empow-her.com\/produit\/vulva-fest-day-une-journee-consacree-a-la-sante-et-lepanouissement-des-vulves\/#primaryimage"},"thumbnailUrl":"https:\/\/empow-her.com\/wp-content\/uploads\/2024\/03\/shetalks-economie-circulaire-27.png","datePublished":"2024-03-05T13:13:50+00:00","dateModified":"2024-03-14T08:59:46+00:00","description":"Retrouvez le samedi 13 avril de 11h \u00e0 20h, le Vulva Fest Day ! Un \u00e9v\u00e9nement de sant\u00e9 publique organis\u00e9 par l'association Vulvae Fondation Sant\u00e9.","breadcrumb":{"@id":"https:\/\/empow-her.com\/produit\/vulva-fest-day-une-journee-consacree-a-la-sante-et-lepanouissement-des-vulves\/#breadcrumb"},"inLanguage":"es","potentialAction":[{"@type":"ReadAction","target":["https:\/\/empow-her.com\/produit\/vulva-fest-day-une-journee-consacree-a-la-sante-et-lepanouissement-des-vulves\/"]}]},{"@type":"ImageObject","inLanguage":"es","@id":"https:\/\/empow-her.com\/produit\/vulva-fest-day-une-journee-consacree-a-la-sante-et-lepanouissement-des-vulves\/#primaryimage","url":"https:\/\/empow-her.com\/wp-content\/uploads\/2024\/03\/shetalks-economie-circulaire-27.png","contentUrl":"https:\/\/empow-her.com\/wp-content\/uploads\/2024\/03\/shetalks-economie-circulaire-27.png","width":1080,"height":1080},{"@type":"BreadcrumbList","@id":"https:\/\/empow-her.com\/produit\/vulva-fest-day-une-journee-consacree-a-la-sante-et-lepanouissement-des-vulves\/#breadcrumb","itemListElement":[{"@type":"ListItem","position":1,"name":"Accueil","item":"https:\/\/empow-her.com\/es\/inicio\/"},{"@type":"ListItem","position":2,"name":"LA BOUTIQUE","item":"https:\/\/empow-her.com\/boutique\/"},{"@type":"ListItem","position":3,"name":"Vulva Fest Day \u2014 La journ\u00e9e consacr\u00e9e \u00e0 la sant\u00e9 et l\u2019\u00e9panouissement des vulves !"}]},{"@type":"WebSite","@id":"https:\/\/empow-her.com\/#website","url":"https:\/\/empow-her.com\/","name":"Empow&#039;Her","description":"Women Development","potentialAction":[{"@type":"SearchAction","target":{"@type":"EntryPoint","urlTemplate":"https:\/\/empow-her.com\/?s={search_term_string}"},"query-input":{"@type":"PropertyValueSpecification","valueRequired":true,"valueName":"search_term_string"}}],"inLanguage":"es"}]}},"_links":{"self":[{"href":"https:\/\/empow-her.com\/es\/wp-json\/wp\/v2\/product\/247161","targetHints":{"allow":["GET"]}}],"collection":[{"href":"https:\/\/empow-her.com\/es\/wp-json\/wp\/v2\/product"}],"about":[{"href":"https:\/\/empow-her.com\/es\/wp-json\/wp\/v2\/types\/product"}],"wp:featuredmedia":[{"embeddable":true,"href":"https:\/\/empow-her.com\/es\/wp-json\/wp\/v2\/media\/247165"}],"wp:attachment":[{"href":"https:\/\/empow-her.com\/es\/wp-json\/wp\/v2\/media?parent=247161"}],"wp:term":[{"taxonomy":"product_brand","embeddable":true,"href":"https:\/\/empow-her.com\/es\/wp-json\/wp\/v2\/product_brand?post=247161"},{"taxonomy":"product_cat","embeddable":true,"href":"https:\/\/empow-her.com\/es\/wp-json\/wp\/v2\/product_cat?post=247161"},{"taxonomy":"product_tag","embeddable":true,"href":"https:\/\/empow-her.com\/es\/wp-json\/wp\/v2\/product_tag?post=247161"},{"taxonomy":"lieu","embeddable":true,"href":"https:\/\/empow-her.com\/es\/wp-json\/wp\/v2\/lieu?post=247161"},{"taxonomy":"thematiques","embeddable":true,"href":"https:\/\/empow-her.com\/es\/wp-json\/wp\/v2\/thematiques?post=247161"}],"curies":[{"name":"wp","href":"https:\/\/api.w.org\/{rel}","templated":true}]}}