{"id":245887,"date":"2024-02-20T11:35:54","date_gmt":"2024-02-20T10:35:54","guid":{"rendered":"https:\/\/empow-her.com\/?post_type=product&#038;p=245887"},"modified":"2024-02-20T11:41:20","modified_gmt":"2024-02-20T10:41:20","slug":"atelier-entrainement-au-pitch-chez-kpmg","status":"publish","type":"product","link":"https:\/\/empow-her.com\/es\/produit\/atelier-entrainement-au-pitch-chez-kpmg\/","title":{"rendered":"Atelier &#8211; Entrainement au pitch chez KPMG"},"content":{"rendered":"<p><strong>Descriptif :<\/strong><\/p>\n<p>Vous avez d\u00e9j\u00e0 un pitch et souhaitez le tester devant un jury de professionnel.les ?<br \/>\nLes collaborateur.ices de KPMG sont \u00e0 votre \u00e9coute afin de d\u00e9couvrir vos pitchs et vous faire des retours constructifs dans un cadre bienveillant.<br \/>\nRendez-vous \u00e0 la D\u00e9fense pour une mise en pratique de votre prise de parole en public !<\/p>\n<p><strong>Intervenant.e.s :<\/strong><br \/>\n<strong>Collaborateur.ices<\/strong> de KPMG<\/p>\n<p><strong>Lieu<\/strong> : Tour EQHO &#8211; 2, Avenue Gambetta &#8211; 92400 Courbevoie<\/p>\n<p>&nbsp;<\/p>\n<p>Attention ! Veuillez vous pr\u00e9senter \u00e0 l&#8217;heure pour que l&#8217;activit\u00e9 puisse commencer \u00e0 temps. Si vous avez du retard veuillez pr\u00e9venir l&#8217;intervenant.e. Si vous avez plus de 15 min de retard l&#8217;intervenant.e se r\u00e9serve le droit de ne plus vous accepter pour le coaching ou l&#8217;atelier.<\/p>\n","protected":false},"excerpt":{"rendered":"<p><strong>Descriptif :<\/strong><\/p>\n<p>Vous avez d\u00e9j\u00e0 un pitch et souhaitez le tester devant un jury de professionnel.les ?<br \/>\nLes collaborateur.ices de KPMG sont \u00e0 votre \u00e9coute afin de d\u00e9couvrir vos pitchs et vous faire des retours constructifs dans un cadre bienveillant.<br \/>\nRendez-vous \u00e0 la D\u00e9fense pour une mise en pratique de votre prise de parole en public !<\/p>\n<p><strong>Intervenant.e.s :<\/strong><br \/>\n<strong>Collaborateur.ices<\/strong> de KPMG<\/p>\n<p><strong>Lieu<\/strong> : Tour EQHO &#8211; 2, Avenue Gambetta &#8211; 92400 Courbevoie<\/p>\n<p>&nbsp;<\/p>\n<p><strong>Attention !<\/strong> Veuillez vous pr\u00e9senter \u00e0 l&#8217;heure pour que l&#8217;activit\u00e9 puisse commencer \u00e0 temps. Si vous avez du retard veuillez pr\u00e9venir l&#8217;intervenant.e. Si vous avez plus de 15 min de retard l&#8217;intervenant.e se r\u00e9serve le droit de ne plus vous accepter pour le coaching ou l&#8217;atelier.<\/p>\n","protected":false},"featured_media":245890,"template":"","format":"standard","meta":{"_acf_changed":false,"om_disable_all_campaigns":false,"_uf_show_specific_survey":0,"_uf_disable_surveys":false},"product_brand":[],"product_cat":[118],"product_tag":[169],"lieu":[161],"thematiques":[],"class_list":{"0":"post-245887","1":"product","2":"type-product","3":"status-publish","4":"format-standard","5":"has-post-thumbnail","7":"product_cat-atelier-collectif","8":"product_tag-externe","9":"lieu-externe","11":"first","12":"instock","13":"virtual","14":"purchasable","15":"product-type-appointment"},"exclude_global_add_ons":[],"addons":[],"acf":[],"yoast_head":"<!-- This site is optimized with the Yoast SEO plugin v24.8 - https:\/\/yoast.com\/wordpress\/plugins\/seo\/ -->\n<title>Atelier - Entrainement au pitch chez KPMG - Empow&#039;Her<\/title>\n<meta name=\"robots\" content=\"index, follow, max-snippet:-1, max-image-preview:large, max-video-preview:-1\" \/>\n<link rel=\"canonical\" href=\"https:\/\/empow-her.com\/en\/produit\/atelier-entrainement-au-pitch-chez-kpmg\/\" \/>\n<meta property=\"og:locale\" content=\"es_ES\" \/>\n<meta property=\"og:type\" content=\"article\" \/>\n<meta property=\"og:title\" content=\"Atelier - Entrainement au pitch chez KPMG - Empow&#039;Her\" \/>\n<meta property=\"og:description\" content=\"Descriptif :  Vous avez d\u00e9j\u00e0 un pitch et souhaitez le tester devant un jury de professionnel.les ? Les collaborateur.ices de KPMG sont \u00e0 votre \u00e9coute afin de d\u00e9couvrir vos pitchs et vous faire des retours constructifs dans un cadre bienveillant. Rendez-vous \u00e0 la D\u00e9fense pour une mise en pratique de votre prise de parole en public !  Intervenant.e.s : Collaborateur.ices de KPMG  Lieu : Tour EQHO - 2, Avenue Gambetta - 92400 Courbevoie  &nbsp;  Attention ! Veuillez vous pr\u00e9senter \u00e0 l&#039;heure pour que l&#039;activit\u00e9 puisse commencer \u00e0 temps. Si vous avez du retard veuillez pr\u00e9venir l&#039;intervenant.e. Si vous avez plus de 15 min de retard l&#039;intervenant.e se r\u00e9serve le droit de ne plus vous accepter pour le coaching ou l&#039;atelier.\" \/>\n<meta property=\"og:url\" content=\"https:\/\/empow-her.com\/en\/produit\/atelier-entrainement-au-pitch-chez-kpmg\/\" \/>\n<meta property=\"og:site_name\" content=\"Empow&#039;Her\" \/>\n<meta property=\"article:modified_time\" content=\"2024-02-20T10:41:20+00:00\" \/>\n<meta property=\"og:image\" content=\"https:\/\/empow-her.com\/wp-content\/uploads\/2024\/02\/Women-Dare-templates-events-16.png\" \/>\n\t<meta property=\"og:image:width\" content=\"1080\" \/>\n\t<meta property=\"og:image:height\" content=\"1080\" \/>\n\t<meta property=\"og:image:type\" content=\"image\/png\" \/>\n<meta name=\"twitter:card\" content=\"summary_large_image\" \/>\n<meta name=\"twitter:label1\" content=\"Tiempo de lectura\" \/>\n\t<meta name=\"twitter:data1\" content=\"1 minuto\" \/>\n<script type=\"application\/ld+json\" class=\"yoast-schema-graph\">{\"@context\":\"https:\/\/schema.org\",\"@graph\":[{\"@type\":\"WebPage\",\"@id\":\"https:\/\/empow-her.com\/en\/produit\/atelier-entrainement-au-pitch-chez-kpmg\/\",\"url\":\"https:\/\/empow-her.com\/en\/produit\/atelier-entrainement-au-pitch-chez-kpmg\/\",\"name\":\"Atelier - Entrainement au pitch chez KPMG - Empow&#039;Her\",\"isPartOf\":{\"@id\":\"https:\/\/empow-her.com\/#website\"},\"primaryImageOfPage\":{\"@id\":\"https:\/\/empow-her.com\/en\/produit\/atelier-entrainement-au-pitch-chez-kpmg\/#primaryimage\"},\"image\":{\"@id\":\"https:\/\/empow-her.com\/en\/produit\/atelier-entrainement-au-pitch-chez-kpmg\/#primaryimage\"},\"thumbnailUrl\":\"https:\/\/empow-her.com\/wp-content\/uploads\/2024\/02\/Women-Dare-templates-events-16.png\",\"datePublished\":\"2024-02-20T10:35:54+00:00\",\"dateModified\":\"2024-02-20T10:41:20+00:00\",\"breadcrumb\":{\"@id\":\"https:\/\/empow-her.com\/en\/produit\/atelier-entrainement-au-pitch-chez-kpmg\/#breadcrumb\"},\"inLanguage\":\"es\",\"potentialAction\":[{\"@type\":\"ReadAction\",\"target\":[\"https:\/\/empow-her.com\/en\/produit\/atelier-entrainement-au-pitch-chez-kpmg\/\"]}]},{\"@type\":\"ImageObject\",\"inLanguage\":\"es\",\"@id\":\"https:\/\/empow-her.com\/en\/produit\/atelier-entrainement-au-pitch-chez-kpmg\/#primaryimage\",\"url\":\"https:\/\/empow-her.com\/wp-content\/uploads\/2024\/02\/Women-Dare-templates-events-16.png\",\"contentUrl\":\"https:\/\/empow-her.com\/wp-content\/uploads\/2024\/02\/Women-Dare-templates-events-16.png\",\"width\":1080,\"height\":1080},{\"@type\":\"BreadcrumbList\",\"@id\":\"https:\/\/empow-her.com\/en\/produit\/atelier-entrainement-au-pitch-chez-kpmg\/#breadcrumb\",\"itemListElement\":[{\"@type\":\"ListItem\",\"position\":1,\"name\":\"Accueil\",\"item\":\"https:\/\/empow-her.com\/es\/inicio\/\"},{\"@type\":\"ListItem\",\"position\":2,\"name\":\"LA BOUTIQUE\",\"item\":\"https:\/\/empow-her.com\/boutique\/\"},{\"@type\":\"ListItem\",\"position\":3,\"name\":\"Atelier &#8211; Entrainement au pitch chez KPMG\"}]},{\"@type\":\"WebSite\",\"@id\":\"https:\/\/empow-her.com\/#website\",\"url\":\"https:\/\/empow-her.com\/\",\"name\":\"Empow&#039;Her\",\"description\":\"Women Development\",\"potentialAction\":[{\"@type\":\"SearchAction\",\"target\":{\"@type\":\"EntryPoint\",\"urlTemplate\":\"https:\/\/empow-her.com\/?s={search_term_string}\"},\"query-input\":{\"@type\":\"PropertyValueSpecification\",\"valueRequired\":true,\"valueName\":\"search_term_string\"}}],\"inLanguage\":\"es\"}]}<\/script>\n<!-- \/ Yoast SEO plugin. -->","yoast_head_json":{"title":"Atelier - Entrainement au pitch chez KPMG - Empow&#039;Her","robots":{"index":"index","follow":"follow","max-snippet":"max-snippet:-1","max-image-preview":"max-image-preview:large","max-video-preview":"max-video-preview:-1"},"canonical":"https:\/\/empow-her.com\/en\/produit\/atelier-entrainement-au-pitch-chez-kpmg\/","og_locale":"es_ES","og_type":"article","og_title":"Atelier - Entrainement au pitch chez KPMG - Empow&#039;Her","og_description":"Descriptif :  Vous avez d\u00e9j\u00e0 un pitch et souhaitez le tester devant un jury de professionnel.les ? Les collaborateur.ices de KPMG sont \u00e0 votre \u00e9coute afin de d\u00e9couvrir vos pitchs et vous faire des retours constructifs dans un cadre bienveillant. Rendez-vous \u00e0 la D\u00e9fense pour une mise en pratique de votre prise de parole en public !  Intervenant.e.s : Collaborateur.ices de KPMG  Lieu : Tour EQHO - 2, Avenue Gambetta - 92400 Courbevoie  &nbsp;  Attention ! Veuillez vous pr\u00e9senter \u00e0 l'heure pour que l'activit\u00e9 puisse commencer \u00e0 temps. Si vous avez du retard veuillez pr\u00e9venir l'intervenant.e. Si vous avez plus de 15 min de retard l'intervenant.e se r\u00e9serve le droit de ne plus vous accepter pour le coaching ou l'atelier.","og_url":"https:\/\/empow-her.com\/en\/produit\/atelier-entrainement-au-pitch-chez-kpmg\/","og_site_name":"Empow&#039;Her","article_modified_time":"2024-02-20T10:41:20+00:00","og_image":[{"width":1080,"height":1080,"url":"https:\/\/empow-her.com\/wp-content\/uploads\/2024\/02\/Women-Dare-templates-events-16.png","type":"image\/png"}],"twitter_card":"summary_large_image","twitter_misc":{"Tiempo de lectura":"1 minuto"},"schema":{"@context":"https:\/\/schema.org","@graph":[{"@type":"WebPage","@id":"https:\/\/empow-her.com\/en\/produit\/atelier-entrainement-au-pitch-chez-kpmg\/","url":"https:\/\/empow-her.com\/en\/produit\/atelier-entrainement-au-pitch-chez-kpmg\/","name":"Atelier - Entrainement au pitch chez KPMG - Empow&#039;Her","isPartOf":{"@id":"https:\/\/empow-her.com\/#website"},"primaryImageOfPage":{"@id":"https:\/\/empow-her.com\/en\/produit\/atelier-entrainement-au-pitch-chez-kpmg\/#primaryimage"},"image":{"@id":"https:\/\/empow-her.com\/en\/produit\/atelier-entrainement-au-pitch-chez-kpmg\/#primaryimage"},"thumbnailUrl":"https:\/\/empow-her.com\/wp-content\/uploads\/2024\/02\/Women-Dare-templates-events-16.png","datePublished":"2024-02-20T10:35:54+00:00","dateModified":"2024-02-20T10:41:20+00:00","breadcrumb":{"@id":"https:\/\/empow-her.com\/en\/produit\/atelier-entrainement-au-pitch-chez-kpmg\/#breadcrumb"},"inLanguage":"es","potentialAction":[{"@type":"ReadAction","target":["https:\/\/empow-her.com\/en\/produit\/atelier-entrainement-au-pitch-chez-kpmg\/"]}]},{"@type":"ImageObject","inLanguage":"es","@id":"https:\/\/empow-her.com\/en\/produit\/atelier-entrainement-au-pitch-chez-kpmg\/#primaryimage","url":"https:\/\/empow-her.com\/wp-content\/uploads\/2024\/02\/Women-Dare-templates-events-16.png","contentUrl":"https:\/\/empow-her.com\/wp-content\/uploads\/2024\/02\/Women-Dare-templates-events-16.png","width":1080,"height":1080},{"@type":"BreadcrumbList","@id":"https:\/\/empow-her.com\/en\/produit\/atelier-entrainement-au-pitch-chez-kpmg\/#breadcrumb","itemListElement":[{"@type":"ListItem","position":1,"name":"Accueil","item":"https:\/\/empow-her.com\/es\/inicio\/"},{"@type":"ListItem","position":2,"name":"LA BOUTIQUE","item":"https:\/\/empow-her.com\/boutique\/"},{"@type":"ListItem","position":3,"name":"Atelier &#8211; Entrainement au pitch chez KPMG"}]},{"@type":"WebSite","@id":"https:\/\/empow-her.com\/#website","url":"https:\/\/empow-her.com\/","name":"Empow&#039;Her","description":"Women Development","potentialAction":[{"@type":"SearchAction","target":{"@type":"EntryPoint","urlTemplate":"https:\/\/empow-her.com\/?s={search_term_string}"},"query-input":{"@type":"PropertyValueSpecification","valueRequired":true,"valueName":"search_term_string"}}],"inLanguage":"es"}]}},"_links":{"self":[{"href":"https:\/\/empow-her.com\/es\/wp-json\/wp\/v2\/product\/245887","targetHints":{"allow":["GET"]}}],"collection":[{"href":"https:\/\/empow-her.com\/es\/wp-json\/wp\/v2\/product"}],"about":[{"href":"https:\/\/empow-her.com\/es\/wp-json\/wp\/v2\/types\/product"}],"wp:featuredmedia":[{"embeddable":true,"href":"https:\/\/empow-her.com\/es\/wp-json\/wp\/v2\/media\/245890"}],"wp:attachment":[{"href":"https:\/\/empow-her.com\/es\/wp-json\/wp\/v2\/media?parent=245887"}],"wp:term":[{"taxonomy":"product_brand","embeddable":true,"href":"https:\/\/empow-her.com\/es\/wp-json\/wp\/v2\/product_brand?post=245887"},{"taxonomy":"product_cat","embeddable":true,"href":"https:\/\/empow-her.com\/es\/wp-json\/wp\/v2\/product_cat?post=245887"},{"taxonomy":"product_tag","embeddable":true,"href":"https:\/\/empow-her.com\/es\/wp-json\/wp\/v2\/product_tag?post=245887"},{"taxonomy":"lieu","embeddable":true,"href":"https:\/\/empow-her.com\/es\/wp-json\/wp\/v2\/lieu?post=245887"},{"taxonomy":"thematiques","embeddable":true,"href":"https:\/\/empow-her.com\/es\/wp-json\/wp\/v2\/thematiques?post=245887"}],"curies":[{"name":"wp","href":"https:\/\/api.w.org\/{rel}","templated":true}]}}