{"id":245626,"date":"2024-02-19T17:40:03","date_gmt":"2024-02-19T16:40:03","guid":{"rendered":"https:\/\/empow-her.com\/?post_type=product&#038;p=245626"},"modified":"2024-03-14T12:12:24","modified_gmt":"2024-03-14T11:12:24","slug":"physicalite-soul-meditation-avec-laetitia-sangronio","status":"publish","type":"product","link":"https:\/\/empow-her.com\/es\/produit\/physicalite-soul-meditation-avec-laetitia-sangronio\/","title":{"rendered":"PHYSICALIT\u00c9 : Soul Meditation avec Laetitia Sangronio"},"content":{"rendered":"<p>Sist&#8217;Her d\u00e9veloppe un nouveau format d&#8217;\u00e9v\u00e9nement !<br \/>\nFa\u00eetes place \u00e0 : <strong>PHYSICALIT\u00c9<\/strong> &#x1f60d;<br \/>\nLa physicalit\u00e9 c&#8217;est ce que peut faire un corps, sa capacit\u00e9 \u00e0 agir. C&#8217;est aussi, pour les fans du ballon ovale, ce qui d\u00e9signe la force et la puissance des joueuses. Enfin, c&#8217;est un savoureux m\u00e9lange entre Physique et Radicalit\u00e9.<\/p>\n<p>Vous voyez o\u00f9 on veut en venir ? On va se mettre EN MOUVEMENT !<\/p>\n<p>Pourquoi ?<br \/>\nCar prendre soin de soi c&#8217;est s&#8217;aider \u00e0 avancer &#x1f49c;<br \/>\nDans son essai, A Burst of Light, Audre Lorde aborde la question du soin de soi comme \u00e9tant un acte politique radical. Le fait de prendre soin de soi devient alors une fa\u00e7on de pr\u00e9server son individualit\u00e9 dans un monde hostile \u00e0 la diversit\u00e9 des identit\u00e9s.<\/p>\n<p><strong>Et pour le lancement de Physicalit\u00e9 on vous propose du lourd !<\/strong><br \/>\nRetrouvez <a href=\"https:\/\/www.instagram.com\/laetitiasangronio\/\">Laetitia Sangronio<\/a> pour un cours de Soul M\u00e9ditation &#x2600;&#xfe0f;<br \/>\nLa Soul Meditation, c\u2019est un voyage int\u00e9rieur combinant techniques de respiration, visualisations et mantras. C\u2019est un cours pour prendre le temps d\u2019\u00e9couter sa v\u00e9rit\u00e9, reconnecter au corps et \u00e0 l\u2019esprit tout en faisant le plein d&#8217;\u00e9nergie au rythme de musiques neo soul, jazz et r&amp;b chill.<\/p>\n<p>Si vous aussi vous voulez vous \u00e9couter avec bienveillance, apprendre \u00e0 l\u00e2cher prise et d\u00e9ployer votre \u00e9nergie m\u00eame lorsque vous \u00eates fatigu\u00e9.e, rendez-vous chez Sist&#8217;Her \u00e0 18h30 le 20 mars prochain.<\/p>\n<p><strong>&#x1f4b2;: Les \u00e9v\u00e9nements PHYSICALIT\u00c9 sont payants. L&#8217;int\u00e9gralit\u00e9 des sommes r\u00e9colt\u00e9es revient \u00e0 l&#8217;entrepreneuse qui vous fait vivre l&#8217;exp\u00e9rience pour laquelle vous vous inscrivez. Paiement sur place en cash ou via <a href=\"https:\/\/lydia-app.com\/pots?id=2614-soul-meditation-by-laetitia-sangronio\">Lydia<\/a>.<\/strong><br \/>\n<strong>#SoutenirLeTravailDesEntrepreneuses <\/strong><br \/>\n<strong>#SupportWomenOwnedBusinesses<\/strong><\/p>\n<h4><strong>Infos pratiques :\u00a0<\/strong><\/h4>\n<p>&#x1f4c6; Le mercredi 20 mars<br \/>\n&#x231b;&#xfe0f; De 18h30 \u00e0 20h00<br \/>\n&#x1f516; R\u00e9servation obligatoire, \u00e9v\u00e9nement payant sur place (Cash ou <a href=\"https:\/\/lydia-app.com\/pots?id=2614-soul-meditation-by-laetitia-sangronio\">Lydia<\/a>)<br \/>\n&#x1f4cd; Chez Sist\u2019Her, 82 rue du Faubourg St-Martin, 75010 Paris<\/p>\n<p><em>(&#x1fab7;Si vous en avez un, venez avec votre tapis de gym)<\/em><\/p>\n<p>Ouvert en mars 2021 par l\u2019ONG\u00a0<a href=\"https:\/\/empow-her.com\/\">Empow\u2019Her<\/a>, Sist\u2019Her Paris est un espace de partage et de cr\u00e9ation f\u00e9ministe. Accessible \u00e0 tous.tes le lieu est d\u00e9di\u00e9 \u00e0 l\u2019\u00e9criture collective d\u2019un nouveau narratif entrepreneurial et \u00e0 l\u2019outillage des combats pour des soci\u00e9t\u00e9s plus justes, durables et \u00e9galitaires.<\/p>\n","protected":false},"excerpt":{"rendered":"<p>Sist&#8217;Her d\u00e9veloppe un nouveau format d&#8217;\u00e9v\u00e9nement !<br \/>\nFa\u00eetes place \u00e0 : <strong>PHYSICALIT\u00c9<\/strong> &#x1f60d;<br \/>\nLa physicalit\u00e9 c&#8217;est ce que peut faire un corps, sa capacit\u00e9 \u00e0 agir. C&#8217;est aussi, pour les fans du ballon ovale, ce qui d\u00e9signe la force et la puissance des joueuses. Enfin, c&#8217;est un savoureux m\u00e9lange entre Physique et Radicalit\u00e9.<\/p>\n<p>Vous voyez o\u00f9 on veut en venir ? On va se mettre EN MOUVEMENT !<\/p>\n<p>Pourquoi ?<br \/>\nCar prendre soin de soi c&#8217;est s&#8217;aider \u00e0 avancer &#x1f49c;<br \/>\nDans son essai, A Burst of Light, Audre Lorde aborde la question du soin de soi comme \u00e9tant un acte politique radical. Le fait de prendre soin de soi devient alors une fa\u00e7on de pr\u00e9server son individualit\u00e9 dans un monde hostile \u00e0 la diversit\u00e9 des identit\u00e9s.<\/p>\n<p><strong>Et pour le lancement de Physicalit\u00e9 on vous propose du lourd !<\/strong><br \/>\nRetrouvez <a href=\"https:\/\/www.instagram.com\/laetitiasangronio\/\">Laetitia Sangronio<\/a> pour un cours de Soul M\u00e9ditation &#x2600;&#xfe0f;<br \/>\nLa Soul Meditation, c\u2019est un voyage int\u00e9rieur combinant techniques de respiration, visualisations et mantras. C\u2019est un cours pour prendre le temps d\u2019\u00e9couter sa v\u00e9rit\u00e9, reconnecter au corps et \u00e0 l\u2019esprit tout en faisant le plein d&#8217;\u00e9nergie au rythme de musiques neo soul, jazz et r&amp;b chill.<\/p>\n<p>Si vous aussi vous voulez vous \u00e9couter avec bienveillance, apprendre \u00e0 l\u00e2cher prise et d\u00e9ployer votre \u00e9nergie m\u00eame lorsque vous \u00eates fatigu\u00e9.e, rendez-vous chez Sist&#8217;Her \u00e0 18h30 le 20 mars prochain.<\/p>\n<p><strong>&#x1f4b2;: Les \u00e9v\u00e9nements PHYSICALIT\u00c9 sont payants. L&#8217;int\u00e9gralit\u00e9 des sommes r\u00e9colt\u00e9es revient \u00e0 l&#8217;entrepreneuse qui vous fait vivre l&#8217;exp\u00e9rience pour laquelle vous vous inscrivez. Paiement sur place en cash ou via <a href=\"https:\/\/lydia-app.com\/pots?id=2614-soul-meditation-by-laetitia-sangronio\">Lydia<\/a>.<\/strong><br \/>\n<strong>#SoutenirLeTravailDesEntrepreneuses <\/strong><br \/>\n<strong>#SupportWomenOwnedBusinesses<\/strong><\/p>\n<h4><strong>Infos pratiques :\u00a0<\/strong><\/h4>\n<p>&#x1f4c6; Le mercredi 20 mars<br \/>\n&#x231b;&#xfe0f; De 18h30 \u00e0 20h00<br \/>\n&#x1f516; R\u00e9servation obligatoire, \u00e9v\u00e9nement payant sur place (Cash ou <a href=\"https:\/\/lydia-app.com\/pots?id=2614-soul-meditation-by-laetitia-sangronio\">Lydia<\/a>)<br \/>\n&#x1f4cd; Chez Sist\u2019Her, 82 rue du Faubourg St-Martin, 75010 Paris<\/p>\n<p><em>(&#x1fab7;Si vous en avez un, venez avec votre tapis de gym)<\/em><\/p>\n<p>Ouvert en mars 2021 par l\u2019ONG\u00a0<a href=\"https:\/\/empow-her.com\/\">Empow\u2019Her<\/a>, Sist\u2019Her Paris est un espace de partage et de cr\u00e9ation f\u00e9ministe. Accessible \u00e0 tous.tes le lieu est d\u00e9di\u00e9 \u00e0 l\u2019\u00e9criture collective d\u2019un nouveau narratif entrepreneurial et \u00e0 l\u2019outillage des combats pour des soci\u00e9t\u00e9s plus justes, durables et \u00e9galitaires.<\/p>\n","protected":false},"featured_media":245628,"template":"","format":"standard","meta":{"_acf_changed":false,"om_disable_all_campaigns":false,"_uf_show_specific_survey":0,"_uf_disable_surveys":false},"product_brand":[],"product_cat":[119],"product_tag":[178],"lieu":[127],"thematiques":[],"class_list":{"0":"post-245626","1":"product","2":"type-product","3":"status-publish","4":"format-standard","5":"has-post-thumbnail","7":"product_cat-evenement-sisther","8":"product_tag-evenement-sisther","9":"lieu-hub-empowher","11":"first","12":"instock","13":"virtual","14":"purchasable","15":"product-type-appointment"},"exclude_global_add_ons":[],"addons":[],"acf":[],"yoast_head":"<!-- This site is optimized with the Yoast SEO plugin v24.8 - https:\/\/yoast.com\/wordpress\/plugins\/seo\/ -->\n<title>PHYSICALIT\u00c9 : Soul Meditation avec Laetitia Sangronio<\/title>\n<meta name=\"description\" content=\"La Soul Meditation c&#039;est prendre le temps d\u2019\u00e9couter sa v\u00e9rit\u00e9, reconnecter corps et esprit tout en faisant le plein d&#039;\u00e9nergie au rythme de musiques neo soul, jazz et r&amp;b chill.\" \/>\n<meta name=\"robots\" content=\"index, follow, max-snippet:-1, max-image-preview:large, max-video-preview:-1\" \/>\n<link rel=\"canonical\" href=\"https:\/\/empow-her.com\/en\/produit\/physicalite-soul-meditation-avec-laetitia-sangronio\/\" \/>\n<meta property=\"og:locale\" content=\"es_ES\" \/>\n<meta property=\"og:type\" content=\"article\" \/>\n<meta property=\"og:title\" content=\"PHYSICALIT\u00c9 : Soul Meditation avec Laetitia Sangronio\" \/>\n<meta property=\"og:description\" content=\"La Soul Meditation c&#039;est prendre le temps d\u2019\u00e9couter sa v\u00e9rit\u00e9, reconnecter corps et esprit tout en faisant le plein d&#039;\u00e9nergie au rythme de musiques neo soul, jazz et r&amp;b chill.\" \/>\n<meta property=\"og:url\" content=\"https:\/\/empow-her.com\/en\/produit\/physicalite-soul-meditation-avec-laetitia-sangronio\/\" \/>\n<meta property=\"og:site_name\" content=\"Empow&#039;Her\" \/>\n<meta property=\"article:modified_time\" content=\"2024-03-14T11:12:24+00:00\" \/>\n<meta property=\"og:image\" content=\"https:\/\/empow-her.com\/wp-content\/uploads\/2024\/02\/shetalks-economie-circulaire-3.png\" \/>\n\t<meta property=\"og:image:width\" content=\"1080\" \/>\n\t<meta property=\"og:image:height\" content=\"1080\" \/>\n\t<meta property=\"og:image:type\" content=\"image\/png\" \/>\n<meta name=\"twitter:card\" content=\"summary_large_image\" \/>\n<meta name=\"twitter:label1\" content=\"Tiempo de lectura\" \/>\n\t<meta name=\"twitter:data1\" content=\"2 minutos\" \/>\n<script type=\"application\/ld+json\" class=\"yoast-schema-graph\">{\"@context\":\"https:\/\/schema.org\",\"@graph\":[{\"@type\":\"WebPage\",\"@id\":\"https:\/\/empow-her.com\/en\/produit\/physicalite-soul-meditation-avec-laetitia-sangronio\/\",\"url\":\"https:\/\/empow-her.com\/en\/produit\/physicalite-soul-meditation-avec-laetitia-sangronio\/\",\"name\":\"PHYSICALIT\u00c9 : Soul Meditation avec Laetitia Sangronio\",\"isPartOf\":{\"@id\":\"https:\/\/empow-her.com\/#website\"},\"primaryImageOfPage\":{\"@id\":\"https:\/\/empow-her.com\/en\/produit\/physicalite-soul-meditation-avec-laetitia-sangronio\/#primaryimage\"},\"image\":{\"@id\":\"https:\/\/empow-her.com\/en\/produit\/physicalite-soul-meditation-avec-laetitia-sangronio\/#primaryimage\"},\"thumbnailUrl\":\"https:\/\/empow-her.com\/wp-content\/uploads\/2024\/02\/shetalks-economie-circulaire-3.png\",\"datePublished\":\"2024-02-19T16:40:03+00:00\",\"dateModified\":\"2024-03-14T11:12:24+00:00\",\"description\":\"La Soul Meditation c'est prendre le temps d\u2019\u00e9couter sa v\u00e9rit\u00e9, reconnecter corps et esprit tout en faisant le plein d'\u00e9nergie au rythme de musiques neo soul, jazz et r&b chill.\",\"breadcrumb\":{\"@id\":\"https:\/\/empow-her.com\/en\/produit\/physicalite-soul-meditation-avec-laetitia-sangronio\/#breadcrumb\"},\"inLanguage\":\"es\",\"potentialAction\":[{\"@type\":\"ReadAction\",\"target\":[\"https:\/\/empow-her.com\/en\/produit\/physicalite-soul-meditation-avec-laetitia-sangronio\/\"]}]},{\"@type\":\"ImageObject\",\"inLanguage\":\"es\",\"@id\":\"https:\/\/empow-her.com\/en\/produit\/physicalite-soul-meditation-avec-laetitia-sangronio\/#primaryimage\",\"url\":\"https:\/\/empow-her.com\/wp-content\/uploads\/2024\/02\/shetalks-economie-circulaire-3.png\",\"contentUrl\":\"https:\/\/empow-her.com\/wp-content\/uploads\/2024\/02\/shetalks-economie-circulaire-3.png\",\"width\":1080,\"height\":1080},{\"@type\":\"BreadcrumbList\",\"@id\":\"https:\/\/empow-her.com\/en\/produit\/physicalite-soul-meditation-avec-laetitia-sangronio\/#breadcrumb\",\"itemListElement\":[{\"@type\":\"ListItem\",\"position\":1,\"name\":\"Accueil\",\"item\":\"https:\/\/empow-her.com\/es\/inicio\/\"},{\"@type\":\"ListItem\",\"position\":2,\"name\":\"LA BOUTIQUE\",\"item\":\"https:\/\/empow-her.com\/boutique\/\"},{\"@type\":\"ListItem\",\"position\":3,\"name\":\"PHYSICALIT\u00c9 : Soul Meditation avec Laetitia Sangronio\"}]},{\"@type\":\"WebSite\",\"@id\":\"https:\/\/empow-her.com\/#website\",\"url\":\"https:\/\/empow-her.com\/\",\"name\":\"Empow&#039;Her\",\"description\":\"Women Development\",\"potentialAction\":[{\"@type\":\"SearchAction\",\"target\":{\"@type\":\"EntryPoint\",\"urlTemplate\":\"https:\/\/empow-her.com\/?s={search_term_string}\"},\"query-input\":{\"@type\":\"PropertyValueSpecification\",\"valueRequired\":true,\"valueName\":\"search_term_string\"}}],\"inLanguage\":\"es\"}]}<\/script>\n<!-- \/ Yoast SEO plugin. -->","yoast_head_json":{"title":"PHYSICALIT\u00c9 : Soul Meditation avec Laetitia Sangronio","description":"La Soul Meditation c'est prendre le temps d\u2019\u00e9couter sa v\u00e9rit\u00e9, reconnecter corps et esprit tout en faisant le plein d'\u00e9nergie au rythme de musiques neo soul, jazz et r&b chill.","robots":{"index":"index","follow":"follow","max-snippet":"max-snippet:-1","max-image-preview":"max-image-preview:large","max-video-preview":"max-video-preview:-1"},"canonical":"https:\/\/empow-her.com\/en\/produit\/physicalite-soul-meditation-avec-laetitia-sangronio\/","og_locale":"es_ES","og_type":"article","og_title":"PHYSICALIT\u00c9 : Soul Meditation avec Laetitia Sangronio","og_description":"La Soul Meditation c'est prendre le temps d\u2019\u00e9couter sa v\u00e9rit\u00e9, reconnecter corps et esprit tout en faisant le plein d'\u00e9nergie au rythme de musiques neo soul, jazz et r&b chill.","og_url":"https:\/\/empow-her.com\/en\/produit\/physicalite-soul-meditation-avec-laetitia-sangronio\/","og_site_name":"Empow&#039;Her","article_modified_time":"2024-03-14T11:12:24+00:00","og_image":[{"width":1080,"height":1080,"url":"https:\/\/empow-her.com\/wp-content\/uploads\/2024\/02\/shetalks-economie-circulaire-3.png","type":"image\/png"}],"twitter_card":"summary_large_image","twitter_misc":{"Tiempo de lectura":"2 minutos"},"schema":{"@context":"https:\/\/schema.org","@graph":[{"@type":"WebPage","@id":"https:\/\/empow-her.com\/en\/produit\/physicalite-soul-meditation-avec-laetitia-sangronio\/","url":"https:\/\/empow-her.com\/en\/produit\/physicalite-soul-meditation-avec-laetitia-sangronio\/","name":"PHYSICALIT\u00c9 : Soul Meditation avec Laetitia Sangronio","isPartOf":{"@id":"https:\/\/empow-her.com\/#website"},"primaryImageOfPage":{"@id":"https:\/\/empow-her.com\/en\/produit\/physicalite-soul-meditation-avec-laetitia-sangronio\/#primaryimage"},"image":{"@id":"https:\/\/empow-her.com\/en\/produit\/physicalite-soul-meditation-avec-laetitia-sangronio\/#primaryimage"},"thumbnailUrl":"https:\/\/empow-her.com\/wp-content\/uploads\/2024\/02\/shetalks-economie-circulaire-3.png","datePublished":"2024-02-19T16:40:03+00:00","dateModified":"2024-03-14T11:12:24+00:00","description":"La Soul Meditation c'est prendre le temps d\u2019\u00e9couter sa v\u00e9rit\u00e9, reconnecter corps et esprit tout en faisant le plein d'\u00e9nergie au rythme de musiques neo soul, jazz et r&b chill.","breadcrumb":{"@id":"https:\/\/empow-her.com\/en\/produit\/physicalite-soul-meditation-avec-laetitia-sangronio\/#breadcrumb"},"inLanguage":"es","potentialAction":[{"@type":"ReadAction","target":["https:\/\/empow-her.com\/en\/produit\/physicalite-soul-meditation-avec-laetitia-sangronio\/"]}]},{"@type":"ImageObject","inLanguage":"es","@id":"https:\/\/empow-her.com\/en\/produit\/physicalite-soul-meditation-avec-laetitia-sangronio\/#primaryimage","url":"https:\/\/empow-her.com\/wp-content\/uploads\/2024\/02\/shetalks-economie-circulaire-3.png","contentUrl":"https:\/\/empow-her.com\/wp-content\/uploads\/2024\/02\/shetalks-economie-circulaire-3.png","width":1080,"height":1080},{"@type":"BreadcrumbList","@id":"https:\/\/empow-her.com\/en\/produit\/physicalite-soul-meditation-avec-laetitia-sangronio\/#breadcrumb","itemListElement":[{"@type":"ListItem","position":1,"name":"Accueil","item":"https:\/\/empow-her.com\/es\/inicio\/"},{"@type":"ListItem","position":2,"name":"LA BOUTIQUE","item":"https:\/\/empow-her.com\/boutique\/"},{"@type":"ListItem","position":3,"name":"PHYSICALIT\u00c9 : Soul Meditation avec Laetitia Sangronio"}]},{"@type":"WebSite","@id":"https:\/\/empow-her.com\/#website","url":"https:\/\/empow-her.com\/","name":"Empow&#039;Her","description":"Women Development","potentialAction":[{"@type":"SearchAction","target":{"@type":"EntryPoint","urlTemplate":"https:\/\/empow-her.com\/?s={search_term_string}"},"query-input":{"@type":"PropertyValueSpecification","valueRequired":true,"valueName":"search_term_string"}}],"inLanguage":"es"}]}},"_links":{"self":[{"href":"https:\/\/empow-her.com\/es\/wp-json\/wp\/v2\/product\/245626","targetHints":{"allow":["GET"]}}],"collection":[{"href":"https:\/\/empow-her.com\/es\/wp-json\/wp\/v2\/product"}],"about":[{"href":"https:\/\/empow-her.com\/es\/wp-json\/wp\/v2\/types\/product"}],"wp:featuredmedia":[{"embeddable":true,"href":"https:\/\/empow-her.com\/es\/wp-json\/wp\/v2\/media\/245628"}],"wp:attachment":[{"href":"https:\/\/empow-her.com\/es\/wp-json\/wp\/v2\/media?parent=245626"}],"wp:term":[{"taxonomy":"product_brand","embeddable":true,"href":"https:\/\/empow-her.com\/es\/wp-json\/wp\/v2\/product_brand?post=245626"},{"taxonomy":"product_cat","embeddable":true,"href":"https:\/\/empow-her.com\/es\/wp-json\/wp\/v2\/product_cat?post=245626"},{"taxonomy":"product_tag","embeddable":true,"href":"https:\/\/empow-her.com\/es\/wp-json\/wp\/v2\/product_tag?post=245626"},{"taxonomy":"lieu","embeddable":true,"href":"https:\/\/empow-her.com\/es\/wp-json\/wp\/v2\/lieu?post=245626"},{"taxonomy":"thematiques","embeddable":true,"href":"https:\/\/empow-her.com\/es\/wp-json\/wp\/v2\/thematiques?post=245626"}],"curies":[{"name":"wp","href":"https:\/\/api.w.org\/{rel}","templated":true}]}}