{"id":245611,"date":"2024-02-19T17:14:17","date_gmt":"2024-02-19T16:14:17","guid":{"rendered":"https:\/\/empow-her.com\/?post_type=product&#038;p=245611"},"modified":"2024-03-08T15:29:29","modified_gmt":"2024-03-08T14:29:29","slug":"joyeux-bazar-alexia-sena-recoit-graffi-rathamohan-fondatrice-de-pny-burger","status":"publish","type":"product","link":"https:\/\/empow-her.com\/es\/produit\/joyeux-bazar-alexia-sena-recoit-graffi-rathamohan-fondatrice-de-pny-burger\/","title":{"rendered":"Joyeux Bazar : Alexia Sena re\u00e7oit Graffi Rathamohan, fondatrice de PNY Burger"},"content":{"rendered":"<p>Et si vous viviez l&#8217;enregistrement d&#8217;un podcast en live ? &#x1f929;<\/p>\n<p>Le 25 mars chez Sist&#8217;Her on vous propose d&#8217;assister \u00e0 une rencontre pas tout \u00e0 fait comme les autres entre Alexia Sena du podcast Joyeux Bazar et l&#8217;entrepreneuse Graffi Rathamohan, co-fondatrice de PNY Burger.<\/p>\n<p><a href=\"https:\/\/joyeuxbazarpodcast.com\/\"><strong>Joyeux Bazar<\/strong><\/a>&#x1f399;&#xfe0f;<br \/>\nJoyeux Bazar est le m\u00e9dia des identit\u00e9s multiculturelles &#8211; complexes, plurielles, &#8220;\u00e0 l&#8217;intersection&#8221;. Dans ce podcast, une personne multiculturelle connue ou anonyme vient nous expliquer comment dans tout son &#8220;bazar&#8221; elle est devenue elle-m\u00eame.<\/p>\n<p><strong>Graffi Rathamohan <\/strong>&#x2728;<br \/>\nGraffi a cofond\u00e9\u00a0<a href=\"https:\/\/www.pnyburger.com\/\">PNY<\/a>, v\u00e9ritable institution du burger dont la popularit\u00e9\u00a0et la\u00a0fr\u00e9quentation\u00a0ne cessent de cro\u00eetre. Issue d&#8217;une famille modeste et fille de parents immigr\u00e9s sri lankais, dipl\u00f4m\u00e9e d\u2019HEC,\u00a0Graffi\u00a0reviendra avec Alexia sur son parcours, l&#8217;influence de sa multiculturalit\u00e9 dans son projet\u00a0et ses d\u00e9fis actuels d\u2019entrepreneuse.<\/p>\n<p>Rendez-vous chez Sist&#8217;Her le 25 mars \u00e0 18h30 pour une discussion que vous n&#8217;\u00eates pas pr\u00eat.e.s d&#8217;oublier &#x1f49c;<\/p>\n<h4><strong>Infos pratiques :\u00a0<\/strong><\/h4>\n<p>&#x1f4c6; Le lundi 25 mars<br \/>\n&#x231b;&#xfe0f; De 18h30 \u00e0 20h30 &#8211; <strong>Ouverture des portes 18h30, d\u00e9but de l&#8217;enregistrement 19h<\/strong><br \/>\n&#x1f516; R\u00e9servation gratuite obligatoire<br \/>\n&#x1f4cd; Chez Sist\u2019Her, 82 rue du Faubourg St-Martin, 75010 Paris<\/p>\n<p>Ouvert en mars 2021 par l\u2019ONG\u00a0<a href=\"https:\/\/empow-her.com\/\">Empow\u2019Her<\/a>, Sist\u2019Her Paris est un espace de partage et de cr\u00e9ation f\u00e9ministe. Accessible \u00e0 tous.tes le lieu est d\u00e9di\u00e9 \u00e0 l\u2019\u00e9criture collective d\u2019un nouveau narratif entrepreneurial et \u00e0 l\u2019outillage des combats pour des soci\u00e9t\u00e9s plus justes, durables et \u00e9galitaires.<\/p>\n","protected":false},"excerpt":{"rendered":"<p>Et si vous viviez l&#8217;enregistrement d&#8217;un podcast en live ? &#x1f929;<\/p>\n<p>Le 25 mars chez Sist&#8217;Her on vous propose d&#8217;assister \u00e0 une rencontre pas tout \u00e0 fait comme les autres entre Alexia Sena du podcast Joyeux Bazar et l&#8217;entrepreneuse Graffi Rathamohan, co-fondatrice de PNY Burger.<\/p>\n<p><a href=\"https:\/\/joyeuxbazarpodcast.com\/\"><strong>Joyeux Bazar<\/strong><\/a>&#x1f399;&#xfe0f;<br \/>\nJoyeux Bazar est le m\u00e9dia des identit\u00e9s multiculturelles &#8211; complexes, plurielles, &#8220;\u00e0 l&#8217;intersection&#8221;. Dans ce podcast, une personne multiculturelle connue ou anonyme vient nous expliquer comment dans tout son &#8220;bazar&#8221; elle est devenue elle-m\u00eame.<\/p>\n<p><strong>Graffi Rathamohan <\/strong>&#x2728;<br \/>\nGraffi a cofond\u00e9\u00a0<a href=\"https:\/\/www.pnyburger.com\/\">PNY<\/a>, v\u00e9ritable institution du burger dont la popularit\u00e9\u00a0et la\u00a0fr\u00e9quentation\u00a0ne cessent de cro\u00eetre. Issue d&#8217;une famille modeste et fille de parents immigr\u00e9s sri lankais, dipl\u00f4m\u00e9e d\u2019HEC,\u00a0Graffi\u00a0reviendra avec Alexia sur son parcours, l&#8217;influence de sa multiculturalit\u00e9 dans son projet\u00a0et ses d\u00e9fis actuels d\u2019entrepreneuse.<\/p>\n<p>Rendez-vous chez Sist&#8217;Her le 25 mars \u00e0 18h30 pour une discussion que vous n&#8217;\u00eates pas pr\u00eat.e.s d&#8217;oublier &#x1f49c;<\/p>\n<h4><strong>Infos pratiques :\u00a0<\/strong><\/h4>\n<p>&#x1f4c6; Le lundi 25 mars<br \/>\n&#x231b;&#xfe0f; De 18h30 \u00e0 20h30 &#8211; <strong>Ouverture des portes 18h30, d\u00e9but de l&#8217;enregistrement 19h<\/strong><br \/>\n&#x1f516; R\u00e9servation gratuite obligatoire<br \/>\n&#x1f4cd; Chez Sist\u2019Her, 82 rue du Faubourg St-Martin, 75010 Paris<\/p>\n<p>Ouvert en mars 2021 par l\u2019ONG\u00a0<a href=\"https:\/\/empow-her.com\/\">Empow\u2019Her<\/a>, Sist\u2019Her Paris est un espace de partage et de cr\u00e9ation f\u00e9ministe. Accessible \u00e0 tous.tes le lieu est d\u00e9di\u00e9 \u00e0 l\u2019\u00e9criture collective d\u2019un nouveau narratif entrepreneurial et \u00e0 l\u2019outillage des combats pour des soci\u00e9t\u00e9s plus justes, durables et \u00e9galitaires.<\/p>\n","protected":false},"featured_media":247413,"template":"","format":"standard","meta":{"_acf_changed":false,"om_disable_all_campaigns":false,"_uf_show_specific_survey":0,"_uf_disable_surveys":false},"product_brand":[],"product_cat":[119],"product_tag":[178],"lieu":[127],"thematiques":[],"class_list":{"0":"post-245611","1":"product","2":"type-product","3":"status-publish","4":"format-standard","5":"has-post-thumbnail","7":"product_cat-evenement-sisther","8":"product_tag-evenement-sisther","9":"lieu-hub-empowher","11":"first","12":"instock","13":"virtual","14":"purchasable","15":"product-type-appointment"},"exclude_global_add_ons":[],"addons":[],"acf":[],"yoast_head":"<!-- This site is optimized with the Yoast SEO plugin v24.8 - https:\/\/yoast.com\/wordpress\/plugins\/seo\/ -->\n<title>Joyeux Bazar : Alexia Sena re\u00e7oit Graffi Rathamohan fondatrice de PNY Burger<\/title>\n<meta name=\"description\" content=\"A l&#039;occasion d&#039;un live podcast de Joyeux Bazar, d\u00e9couvrez le parcours de Graffi Rathamohan fondatrice de PNY Burger !\" \/>\n<meta name=\"robots\" content=\"index, follow, max-snippet:-1, max-image-preview:large, max-video-preview:-1\" \/>\n<link rel=\"canonical\" href=\"https:\/\/empow-her.com\/en\/produit\/joyeux-bazar-alexia-sena-recoit-graffi-rathamohan-fondatrice-de-pny-burger\/\" \/>\n<meta property=\"og:locale\" content=\"es_ES\" \/>\n<meta property=\"og:type\" content=\"article\" \/>\n<meta property=\"og:title\" content=\"Joyeux Bazar : Alexia Sena re\u00e7oit Graffi Rathamohan fondatrice de PNY Burger\" \/>\n<meta property=\"og:description\" content=\"A l&#039;occasion d&#039;un live podcast de Joyeux Bazar, d\u00e9couvrez le parcours de Graffi Rathamohan fondatrice de PNY Burger !\" \/>\n<meta property=\"og:url\" content=\"https:\/\/empow-her.com\/en\/produit\/joyeux-bazar-alexia-sena-recoit-graffi-rathamohan-fondatrice-de-pny-burger\/\" \/>\n<meta property=\"og:site_name\" content=\"Empow&#039;Her\" \/>\n<meta property=\"article:modified_time\" content=\"2024-03-08T14:29:29+00:00\" \/>\n<meta property=\"og:image\" content=\"https:\/\/empow-her.com\/wp-content\/uploads\/2024\/02\/shetalks-economie-circulaire-28.png\" \/>\n\t<meta property=\"og:image:width\" content=\"1080\" \/>\n\t<meta property=\"og:image:height\" content=\"1080\" \/>\n\t<meta property=\"og:image:type\" content=\"image\/png\" \/>\n<meta name=\"twitter:card\" content=\"summary_large_image\" \/>\n<meta name=\"twitter:label1\" content=\"Tiempo de lectura\" \/>\n\t<meta name=\"twitter:data1\" content=\"2 minutos\" \/>\n<script type=\"application\/ld+json\" class=\"yoast-schema-graph\">{\"@context\":\"https:\/\/schema.org\",\"@graph\":[{\"@type\":\"WebPage\",\"@id\":\"https:\/\/empow-her.com\/en\/produit\/joyeux-bazar-alexia-sena-recoit-graffi-rathamohan-fondatrice-de-pny-burger\/\",\"url\":\"https:\/\/empow-her.com\/en\/produit\/joyeux-bazar-alexia-sena-recoit-graffi-rathamohan-fondatrice-de-pny-burger\/\",\"name\":\"Joyeux Bazar : Alexia Sena re\u00e7oit Graffi Rathamohan fondatrice de PNY Burger\",\"isPartOf\":{\"@id\":\"https:\/\/empow-her.com\/#website\"},\"primaryImageOfPage\":{\"@id\":\"https:\/\/empow-her.com\/en\/produit\/joyeux-bazar-alexia-sena-recoit-graffi-rathamohan-fondatrice-de-pny-burger\/#primaryimage\"},\"image\":{\"@id\":\"https:\/\/empow-her.com\/en\/produit\/joyeux-bazar-alexia-sena-recoit-graffi-rathamohan-fondatrice-de-pny-burger\/#primaryimage\"},\"thumbnailUrl\":\"https:\/\/empow-her.com\/wp-content\/uploads\/2024\/02\/shetalks-economie-circulaire-28.png\",\"datePublished\":\"2024-02-19T16:14:17+00:00\",\"dateModified\":\"2024-03-08T14:29:29+00:00\",\"description\":\"A l'occasion d'un live podcast de Joyeux Bazar, d\u00e9couvrez le parcours de Graffi Rathamohan fondatrice de PNY Burger !\",\"breadcrumb\":{\"@id\":\"https:\/\/empow-her.com\/en\/produit\/joyeux-bazar-alexia-sena-recoit-graffi-rathamohan-fondatrice-de-pny-burger\/#breadcrumb\"},\"inLanguage\":\"es\",\"potentialAction\":[{\"@type\":\"ReadAction\",\"target\":[\"https:\/\/empow-her.com\/en\/produit\/joyeux-bazar-alexia-sena-recoit-graffi-rathamohan-fondatrice-de-pny-burger\/\"]}]},{\"@type\":\"ImageObject\",\"inLanguage\":\"es\",\"@id\":\"https:\/\/empow-her.com\/en\/produit\/joyeux-bazar-alexia-sena-recoit-graffi-rathamohan-fondatrice-de-pny-burger\/#primaryimage\",\"url\":\"https:\/\/empow-her.com\/wp-content\/uploads\/2024\/02\/shetalks-economie-circulaire-28.png\",\"contentUrl\":\"https:\/\/empow-her.com\/wp-content\/uploads\/2024\/02\/shetalks-economie-circulaire-28.png\",\"width\":1080,\"height\":1080},{\"@type\":\"BreadcrumbList\",\"@id\":\"https:\/\/empow-her.com\/en\/produit\/joyeux-bazar-alexia-sena-recoit-graffi-rathamohan-fondatrice-de-pny-burger\/#breadcrumb\",\"itemListElement\":[{\"@type\":\"ListItem\",\"position\":1,\"name\":\"Accueil\",\"item\":\"https:\/\/empow-her.com\/es\/inicio\/\"},{\"@type\":\"ListItem\",\"position\":2,\"name\":\"LA BOUTIQUE\",\"item\":\"https:\/\/empow-her.com\/boutique\/\"},{\"@type\":\"ListItem\",\"position\":3,\"name\":\"Joyeux Bazar : Alexia Sena re\u00e7oit Graffi Rathamohan, fondatrice de PNY Burger\"}]},{\"@type\":\"WebSite\",\"@id\":\"https:\/\/empow-her.com\/#website\",\"url\":\"https:\/\/empow-her.com\/\",\"name\":\"Empow&#039;Her\",\"description\":\"Women Development\",\"potentialAction\":[{\"@type\":\"SearchAction\",\"target\":{\"@type\":\"EntryPoint\",\"urlTemplate\":\"https:\/\/empow-her.com\/?s={search_term_string}\"},\"query-input\":{\"@type\":\"PropertyValueSpecification\",\"valueRequired\":true,\"valueName\":\"search_term_string\"}}],\"inLanguage\":\"es\"}]}<\/script>\n<!-- \/ Yoast SEO plugin. -->","yoast_head_json":{"title":"Joyeux Bazar : Alexia Sena re\u00e7oit Graffi Rathamohan fondatrice de PNY Burger","description":"A l'occasion d'un live podcast de Joyeux Bazar, d\u00e9couvrez le parcours de Graffi Rathamohan fondatrice de PNY Burger !","robots":{"index":"index","follow":"follow","max-snippet":"max-snippet:-1","max-image-preview":"max-image-preview:large","max-video-preview":"max-video-preview:-1"},"canonical":"https:\/\/empow-her.com\/en\/produit\/joyeux-bazar-alexia-sena-recoit-graffi-rathamohan-fondatrice-de-pny-burger\/","og_locale":"es_ES","og_type":"article","og_title":"Joyeux Bazar : Alexia Sena re\u00e7oit Graffi Rathamohan fondatrice de PNY Burger","og_description":"A l'occasion d'un live podcast de Joyeux Bazar, d\u00e9couvrez le parcours de Graffi Rathamohan fondatrice de PNY Burger !","og_url":"https:\/\/empow-her.com\/en\/produit\/joyeux-bazar-alexia-sena-recoit-graffi-rathamohan-fondatrice-de-pny-burger\/","og_site_name":"Empow&#039;Her","article_modified_time":"2024-03-08T14:29:29+00:00","og_image":[{"width":1080,"height":1080,"url":"https:\/\/empow-her.com\/wp-content\/uploads\/2024\/02\/shetalks-economie-circulaire-28.png","type":"image\/png"}],"twitter_card":"summary_large_image","twitter_misc":{"Tiempo de lectura":"2 minutos"},"schema":{"@context":"https:\/\/schema.org","@graph":[{"@type":"WebPage","@id":"https:\/\/empow-her.com\/en\/produit\/joyeux-bazar-alexia-sena-recoit-graffi-rathamohan-fondatrice-de-pny-burger\/","url":"https:\/\/empow-her.com\/en\/produit\/joyeux-bazar-alexia-sena-recoit-graffi-rathamohan-fondatrice-de-pny-burger\/","name":"Joyeux Bazar : Alexia Sena re\u00e7oit Graffi Rathamohan fondatrice de PNY Burger","isPartOf":{"@id":"https:\/\/empow-her.com\/#website"},"primaryImageOfPage":{"@id":"https:\/\/empow-her.com\/en\/produit\/joyeux-bazar-alexia-sena-recoit-graffi-rathamohan-fondatrice-de-pny-burger\/#primaryimage"},"image":{"@id":"https:\/\/empow-her.com\/en\/produit\/joyeux-bazar-alexia-sena-recoit-graffi-rathamohan-fondatrice-de-pny-burger\/#primaryimage"},"thumbnailUrl":"https:\/\/empow-her.com\/wp-content\/uploads\/2024\/02\/shetalks-economie-circulaire-28.png","datePublished":"2024-02-19T16:14:17+00:00","dateModified":"2024-03-08T14:29:29+00:00","description":"A l'occasion d'un live podcast de Joyeux Bazar, d\u00e9couvrez le parcours de Graffi Rathamohan fondatrice de PNY Burger !","breadcrumb":{"@id":"https:\/\/empow-her.com\/en\/produit\/joyeux-bazar-alexia-sena-recoit-graffi-rathamohan-fondatrice-de-pny-burger\/#breadcrumb"},"inLanguage":"es","potentialAction":[{"@type":"ReadAction","target":["https:\/\/empow-her.com\/en\/produit\/joyeux-bazar-alexia-sena-recoit-graffi-rathamohan-fondatrice-de-pny-burger\/"]}]},{"@type":"ImageObject","inLanguage":"es","@id":"https:\/\/empow-her.com\/en\/produit\/joyeux-bazar-alexia-sena-recoit-graffi-rathamohan-fondatrice-de-pny-burger\/#primaryimage","url":"https:\/\/empow-her.com\/wp-content\/uploads\/2024\/02\/shetalks-economie-circulaire-28.png","contentUrl":"https:\/\/empow-her.com\/wp-content\/uploads\/2024\/02\/shetalks-economie-circulaire-28.png","width":1080,"height":1080},{"@type":"BreadcrumbList","@id":"https:\/\/empow-her.com\/en\/produit\/joyeux-bazar-alexia-sena-recoit-graffi-rathamohan-fondatrice-de-pny-burger\/#breadcrumb","itemListElement":[{"@type":"ListItem","position":1,"name":"Accueil","item":"https:\/\/empow-her.com\/es\/inicio\/"},{"@type":"ListItem","position":2,"name":"LA BOUTIQUE","item":"https:\/\/empow-her.com\/boutique\/"},{"@type":"ListItem","position":3,"name":"Joyeux Bazar : Alexia Sena re\u00e7oit Graffi Rathamohan, fondatrice de PNY Burger"}]},{"@type":"WebSite","@id":"https:\/\/empow-her.com\/#website","url":"https:\/\/empow-her.com\/","name":"Empow&#039;Her","description":"Women Development","potentialAction":[{"@type":"SearchAction","target":{"@type":"EntryPoint","urlTemplate":"https:\/\/empow-her.com\/?s={search_term_string}"},"query-input":{"@type":"PropertyValueSpecification","valueRequired":true,"valueName":"search_term_string"}}],"inLanguage":"es"}]}},"_links":{"self":[{"href":"https:\/\/empow-her.com\/es\/wp-json\/wp\/v2\/product\/245611","targetHints":{"allow":["GET"]}}],"collection":[{"href":"https:\/\/empow-her.com\/es\/wp-json\/wp\/v2\/product"}],"about":[{"href":"https:\/\/empow-her.com\/es\/wp-json\/wp\/v2\/types\/product"}],"wp:featuredmedia":[{"embeddable":true,"href":"https:\/\/empow-her.com\/es\/wp-json\/wp\/v2\/media\/247413"}],"wp:attachment":[{"href":"https:\/\/empow-her.com\/es\/wp-json\/wp\/v2\/media?parent=245611"}],"wp:term":[{"taxonomy":"product_brand","embeddable":true,"href":"https:\/\/empow-her.com\/es\/wp-json\/wp\/v2\/product_brand?post=245611"},{"taxonomy":"product_cat","embeddable":true,"href":"https:\/\/empow-her.com\/es\/wp-json\/wp\/v2\/product_cat?post=245611"},{"taxonomy":"product_tag","embeddable":true,"href":"https:\/\/empow-her.com\/es\/wp-json\/wp\/v2\/product_tag?post=245611"},{"taxonomy":"lieu","embeddable":true,"href":"https:\/\/empow-her.com\/es\/wp-json\/wp\/v2\/lieu?post=245611"},{"taxonomy":"thematiques","embeddable":true,"href":"https:\/\/empow-her.com\/es\/wp-json\/wp\/v2\/thematiques?post=245611"}],"curies":[{"name":"wp","href":"https:\/\/api.w.org\/{rel}","templated":true}]}}