{"id":245608,"date":"2024-02-19T16:55:45","date_gmt":"2024-02-19T15:55:45","guid":{"rendered":"https:\/\/empow-her.com\/?post_type=product&#038;p=245608"},"modified":"2024-03-01T10:30:15","modified_gmt":"2024-03-01T09:30:15","slug":"she-talks-why-a-phd","status":"publish","type":"product","link":"https:\/\/empow-her.com\/es\/produit\/she-talks-why-a-phd\/","title":{"rendered":"She Talks &#8211; L&#8217;impact de la sous repr\u00e9sentation des femmes et personnes minoris\u00e9es dans la recherche"},"content":{"rendered":"<p><strong>Pourquoi le monde de la recherche nous concerne tous.tes ?<\/strong> &#x1f9d0;<\/p>\n<p>&#x1f52c;La recherche fait le dessin de notre soci\u00e9t\u00e9, visibilise certaines r\u00e9alit\u00e9s, remet en question les id\u00e9es pr\u00e9con\u00e7ues et enrichie notre vision du monde. Et pourtant, parmi les doctorant.e.s, les femmes et les personnes minoris\u00e9es sont encore sous-repr\u00e9sent\u00e9es !<\/p>\n<p>&#x1f440; Cette absence va avoir un impact consid\u00e9rable sur la mani\u00e8re dont est pens\u00e9e la recherche, sur les choix de sujets abord\u00e9s, sur la composition des instances de la sph\u00e8re universitaire et plus globalement : sur la production des savoirs.<\/p>\n<p>&#x1f3a4; Le 14 mars chez Sist&#8217;Her on vous propose de rencontrer Megda Bentout, une chercheuse ind\u00e9pendante et fondatrice de <a href=\"https:\/\/www.instagram.com\/whyaphd\/\">Why A PhD?<\/a> un m\u00e9dia qui agit pour une recherche inclusive et la mise en lumi\u00e8re des personnes sous-repr\u00e9sent\u00e9es dans ce domaine.<\/p>\n<p>Reproduction sociale, impact sur les donn\u00e9es produites, cooptation, acc\u00e8s in\u00e9gal aux contrats doctoraux et aux postes de maitres de conf\u00e9rence, pr\u00e9carit\u00e9, harc\u00e8lement&#8230;On reviendra avec Megda sur ses diff\u00e9rents combats et son parcours d&#8217;entrepreneuse engag\u00e9e &#x1f4a1;&#x1f4aa;<\/p>\n<p><strong>Infos pratiques :\u00a0<\/strong><\/p>\n<p>&#x1f4c6; Jeudi 14 mars 2024<br \/>\n&#x231b;&#xfe0f; De 18h30 \u00e0 20h00<br \/>\n&#x1f516; Inscription gratuite obligatoire<br \/>\n&#x1f4cd; Chez Sist\u2019Her, 82 rue du Faubourg St-Martin, 75010 Paris<\/p>\n<p>Ouvert en mars 2021 par l\u2019ONG\u00a0<a href=\"https:\/\/empow-her.com\/\">Empow\u2019Her<\/a>, Sist\u2019Her Paris est un espace de partage et de cr\u00e9ation f\u00e9ministe, accessible \u00e0 tous.tes, d\u00e9di\u00e9 \u00e0 l\u2019\u00e9criture collective d\u2019un nouveau narratif entrepreneurial et \u00e0 l\u2019outillage des combats pour des soci\u00e9t\u00e9s plus justes, durables et \u00e9galitaires.<\/p>\n","protected":false},"excerpt":{"rendered":"<p><strong>Pourquoi le monde de la recherche nous concerne tous.tes ?<\/strong> &#x1f9d0;<\/p>\n<p>&#x1f52c;La recherche fait le dessin de notre soci\u00e9t\u00e9, visibilise certaines r\u00e9alit\u00e9s, remet en question les id\u00e9es pr\u00e9con\u00e7ues et enrichie notre vision du monde. Et pourtant, parmi les doctorant.e.s, les femmes et les personnes minoris\u00e9es sont encore sous-repr\u00e9sent\u00e9es !<\/p>\n<p>&#x1f440; Cette absence va avoir un impact consid\u00e9rable sur la mani\u00e8re dont est pens\u00e9e la recherche, sur les choix de sujets abord\u00e9s, sur la composition des instances de la sph\u00e8re universitaire et plus globalement : sur la production des savoirs.<\/p>\n<p>&#x1f3a4; Le 14 mars chez Sist&#8217;Her on vous propose de rencontrer Megda Bentout, une chercheuse ind\u00e9pendante et fondatrice de <a href=\"https:\/\/www.instagram.com\/whyaphd\/\">Why A PhD?<\/a> un m\u00e9dia qui agit pour une recherche inclusive et la mise en lumi\u00e8re des personnes sous-repr\u00e9sent\u00e9es dans ce domaine.<\/p>\n<p>Reproduction sociale, impact sur les donn\u00e9es produites, cooptation, acc\u00e8s in\u00e9gal aux contrats doctoraux et aux postes de maitres de conf\u00e9rence, pr\u00e9carit\u00e9, harc\u00e8lement&#8230;On reviendra avec Megda sur ses diff\u00e9rents combats et son parcours d&#8217;entrepreneuse engag\u00e9e &#x1f4a1;&#x1f4aa;<\/p>\n<p><strong>Infos pratiques :\u00a0<\/strong><\/p>\n<p>&#x1f4c6; Jeudi 14 mars 2024<br \/>\n&#x231b;&#xfe0f; De 18h30 \u00e0 20h00<br \/>\n&#x1f516; Inscription gratuite obligatoire<br \/>\n&#x1f4cd; Chez Sist\u2019Her, 82 rue du Faubourg St-Martin, 75010 Paris<\/p>\n<p>Ouvert en mars 2021 par l\u2019ONG\u00a0<a href=\"https:\/\/empow-her.com\/\">Empow\u2019Her<\/a>, Sist\u2019Her Paris est un espace de partage et de cr\u00e9ation f\u00e9ministe, accessible \u00e0 tous.tes, d\u00e9di\u00e9 \u00e0 l\u2019\u00e9criture collective d\u2019un nouveau narratif entrepreneurial et \u00e0 l\u2019outillage des combats pour des soci\u00e9t\u00e9s plus justes, durables et \u00e9galitaires.<\/p>\n","protected":false},"featured_media":245609,"template":"","format":"standard","meta":{"_acf_changed":false,"om_disable_all_campaigns":false,"_uf_show_specific_survey":0,"_uf_disable_surveys":false},"product_brand":[],"product_cat":[119],"product_tag":[178],"lieu":[127],"thematiques":[],"class_list":{"0":"post-245608","1":"product","2":"type-product","3":"status-publish","4":"format-standard","5":"has-post-thumbnail","7":"product_cat-evenement-sisther","8":"product_tag-evenement-sisther","9":"lieu-hub-empowher","11":"first","12":"instock","13":"virtual","14":"purchasable","15":"product-type-appointment"},"exclude_global_add_ons":[],"addons":[],"acf":[],"yoast_head":"<!-- This site is optimized with the Yoast SEO plugin v24.8 - https:\/\/yoast.com\/wordpress\/plugins\/seo\/ -->\n<title>She Talks - Why a PhD ?<\/title>\n<meta name=\"description\" content=\"Rencontrez Megda Bentout, chercheuse et fondatrice de Why A PhD? qui agit pour une recherche inclusive et la mise en lumi\u00e8re des personnes sous-repr\u00e9sent\u00e9es dans ce domaine.\" \/>\n<meta name=\"robots\" content=\"index, follow, max-snippet:-1, max-image-preview:large, max-video-preview:-1\" \/>\n<link rel=\"canonical\" href=\"https:\/\/empow-her.com\/en\/produit\/she-talks-why-a-phd\/\" \/>\n<meta property=\"og:locale\" content=\"es_ES\" \/>\n<meta property=\"og:type\" content=\"article\" \/>\n<meta property=\"og:title\" content=\"She Talks - Why a PhD ?\" \/>\n<meta property=\"og:description\" content=\"Rencontrez Megda Bentout, chercheuse et fondatrice de Why A PhD? qui agit pour une recherche inclusive et la mise en lumi\u00e8re des personnes sous-repr\u00e9sent\u00e9es dans ce domaine.\" \/>\n<meta property=\"og:url\" content=\"https:\/\/empow-her.com\/en\/produit\/she-talks-why-a-phd\/\" \/>\n<meta property=\"og:site_name\" content=\"Empow&#039;Her\" \/>\n<meta property=\"article:modified_time\" content=\"2024-03-01T09:30:15+00:00\" \/>\n<meta property=\"og:image\" content=\"https:\/\/empow-her.com\/wp-content\/uploads\/2024\/02\/shetalks-economie-circulaire-1.png\" \/>\n\t<meta property=\"og:image:width\" content=\"1080\" \/>\n\t<meta property=\"og:image:height\" content=\"1080\" \/>\n\t<meta property=\"og:image:type\" content=\"image\/png\" \/>\n<meta name=\"twitter:card\" content=\"summary_large_image\" \/>\n<meta name=\"twitter:label1\" content=\"Tiempo de lectura\" \/>\n\t<meta name=\"twitter:data1\" content=\"2 minutos\" \/>\n<script type=\"application\/ld+json\" class=\"yoast-schema-graph\">{\"@context\":\"https:\/\/schema.org\",\"@graph\":[{\"@type\":\"WebPage\",\"@id\":\"https:\/\/empow-her.com\/en\/produit\/she-talks-why-a-phd\/\",\"url\":\"https:\/\/empow-her.com\/en\/produit\/she-talks-why-a-phd\/\",\"name\":\"She Talks - Why a PhD ?\",\"isPartOf\":{\"@id\":\"https:\/\/empow-her.com\/#website\"},\"primaryImageOfPage\":{\"@id\":\"https:\/\/empow-her.com\/en\/produit\/she-talks-why-a-phd\/#primaryimage\"},\"image\":{\"@id\":\"https:\/\/empow-her.com\/en\/produit\/she-talks-why-a-phd\/#primaryimage\"},\"thumbnailUrl\":\"https:\/\/empow-her.com\/wp-content\/uploads\/2024\/02\/shetalks-economie-circulaire-1.png\",\"datePublished\":\"2024-02-19T15:55:45+00:00\",\"dateModified\":\"2024-03-01T09:30:15+00:00\",\"description\":\"Rencontrez Megda Bentout, chercheuse et fondatrice de Why A PhD? qui agit pour une recherche inclusive et la mise en lumi\u00e8re des personnes sous-repr\u00e9sent\u00e9es dans ce domaine.\",\"breadcrumb\":{\"@id\":\"https:\/\/empow-her.com\/en\/produit\/she-talks-why-a-phd\/#breadcrumb\"},\"inLanguage\":\"es\",\"potentialAction\":[{\"@type\":\"ReadAction\",\"target\":[\"https:\/\/empow-her.com\/en\/produit\/she-talks-why-a-phd\/\"]}]},{\"@type\":\"ImageObject\",\"inLanguage\":\"es\",\"@id\":\"https:\/\/empow-her.com\/en\/produit\/she-talks-why-a-phd\/#primaryimage\",\"url\":\"https:\/\/empow-her.com\/wp-content\/uploads\/2024\/02\/shetalks-economie-circulaire-1.png\",\"contentUrl\":\"https:\/\/empow-her.com\/wp-content\/uploads\/2024\/02\/shetalks-economie-circulaire-1.png\",\"width\":1080,\"height\":1080},{\"@type\":\"BreadcrumbList\",\"@id\":\"https:\/\/empow-her.com\/en\/produit\/she-talks-why-a-phd\/#breadcrumb\",\"itemListElement\":[{\"@type\":\"ListItem\",\"position\":1,\"name\":\"Accueil\",\"item\":\"https:\/\/empow-her.com\/es\/inicio\/\"},{\"@type\":\"ListItem\",\"position\":2,\"name\":\"LA BOUTIQUE\",\"item\":\"https:\/\/empow-her.com\/boutique\/\"},{\"@type\":\"ListItem\",\"position\":3,\"name\":\"She Talks &#8211; L&#8217;impact de la sous repr\u00e9sentation des femmes et personnes minoris\u00e9es dans la recherche\"}]},{\"@type\":\"WebSite\",\"@id\":\"https:\/\/empow-her.com\/#website\",\"url\":\"https:\/\/empow-her.com\/\",\"name\":\"Empow&#039;Her\",\"description\":\"Women Development\",\"potentialAction\":[{\"@type\":\"SearchAction\",\"target\":{\"@type\":\"EntryPoint\",\"urlTemplate\":\"https:\/\/empow-her.com\/?s={search_term_string}\"},\"query-input\":{\"@type\":\"PropertyValueSpecification\",\"valueRequired\":true,\"valueName\":\"search_term_string\"}}],\"inLanguage\":\"es\"}]}<\/script>\n<!-- \/ Yoast SEO plugin. -->","yoast_head_json":{"title":"She Talks - Why a PhD ?","description":"Rencontrez Megda Bentout, chercheuse et fondatrice de Why A PhD? qui agit pour une recherche inclusive et la mise en lumi\u00e8re des personnes sous-repr\u00e9sent\u00e9es dans ce domaine.","robots":{"index":"index","follow":"follow","max-snippet":"max-snippet:-1","max-image-preview":"max-image-preview:large","max-video-preview":"max-video-preview:-1"},"canonical":"https:\/\/empow-her.com\/en\/produit\/she-talks-why-a-phd\/","og_locale":"es_ES","og_type":"article","og_title":"She Talks - Why a PhD ?","og_description":"Rencontrez Megda Bentout, chercheuse et fondatrice de Why A PhD? qui agit pour une recherche inclusive et la mise en lumi\u00e8re des personnes sous-repr\u00e9sent\u00e9es dans ce domaine.","og_url":"https:\/\/empow-her.com\/en\/produit\/she-talks-why-a-phd\/","og_site_name":"Empow&#039;Her","article_modified_time":"2024-03-01T09:30:15+00:00","og_image":[{"width":1080,"height":1080,"url":"https:\/\/empow-her.com\/wp-content\/uploads\/2024\/02\/shetalks-economie-circulaire-1.png","type":"image\/png"}],"twitter_card":"summary_large_image","twitter_misc":{"Tiempo de lectura":"2 minutos"},"schema":{"@context":"https:\/\/schema.org","@graph":[{"@type":"WebPage","@id":"https:\/\/empow-her.com\/en\/produit\/she-talks-why-a-phd\/","url":"https:\/\/empow-her.com\/en\/produit\/she-talks-why-a-phd\/","name":"She Talks - Why a PhD ?","isPartOf":{"@id":"https:\/\/empow-her.com\/#website"},"primaryImageOfPage":{"@id":"https:\/\/empow-her.com\/en\/produit\/she-talks-why-a-phd\/#primaryimage"},"image":{"@id":"https:\/\/empow-her.com\/en\/produit\/she-talks-why-a-phd\/#primaryimage"},"thumbnailUrl":"https:\/\/empow-her.com\/wp-content\/uploads\/2024\/02\/shetalks-economie-circulaire-1.png","datePublished":"2024-02-19T15:55:45+00:00","dateModified":"2024-03-01T09:30:15+00:00","description":"Rencontrez Megda Bentout, chercheuse et fondatrice de Why A PhD? qui agit pour une recherche inclusive et la mise en lumi\u00e8re des personnes sous-repr\u00e9sent\u00e9es dans ce domaine.","breadcrumb":{"@id":"https:\/\/empow-her.com\/en\/produit\/she-talks-why-a-phd\/#breadcrumb"},"inLanguage":"es","potentialAction":[{"@type":"ReadAction","target":["https:\/\/empow-her.com\/en\/produit\/she-talks-why-a-phd\/"]}]},{"@type":"ImageObject","inLanguage":"es","@id":"https:\/\/empow-her.com\/en\/produit\/she-talks-why-a-phd\/#primaryimage","url":"https:\/\/empow-her.com\/wp-content\/uploads\/2024\/02\/shetalks-economie-circulaire-1.png","contentUrl":"https:\/\/empow-her.com\/wp-content\/uploads\/2024\/02\/shetalks-economie-circulaire-1.png","width":1080,"height":1080},{"@type":"BreadcrumbList","@id":"https:\/\/empow-her.com\/en\/produit\/she-talks-why-a-phd\/#breadcrumb","itemListElement":[{"@type":"ListItem","position":1,"name":"Accueil","item":"https:\/\/empow-her.com\/es\/inicio\/"},{"@type":"ListItem","position":2,"name":"LA BOUTIQUE","item":"https:\/\/empow-her.com\/boutique\/"},{"@type":"ListItem","position":3,"name":"She Talks &#8211; L&#8217;impact de la sous repr\u00e9sentation des femmes et personnes minoris\u00e9es dans la recherche"}]},{"@type":"WebSite","@id":"https:\/\/empow-her.com\/#website","url":"https:\/\/empow-her.com\/","name":"Empow&#039;Her","description":"Women Development","potentialAction":[{"@type":"SearchAction","target":{"@type":"EntryPoint","urlTemplate":"https:\/\/empow-her.com\/?s={search_term_string}"},"query-input":{"@type":"PropertyValueSpecification","valueRequired":true,"valueName":"search_term_string"}}],"inLanguage":"es"}]}},"_links":{"self":[{"href":"https:\/\/empow-her.com\/es\/wp-json\/wp\/v2\/product\/245608","targetHints":{"allow":["GET"]}}],"collection":[{"href":"https:\/\/empow-her.com\/es\/wp-json\/wp\/v2\/product"}],"about":[{"href":"https:\/\/empow-her.com\/es\/wp-json\/wp\/v2\/types\/product"}],"wp:featuredmedia":[{"embeddable":true,"href":"https:\/\/empow-her.com\/es\/wp-json\/wp\/v2\/media\/245609"}],"wp:attachment":[{"href":"https:\/\/empow-her.com\/es\/wp-json\/wp\/v2\/media?parent=245608"}],"wp:term":[{"taxonomy":"product_brand","embeddable":true,"href":"https:\/\/empow-her.com\/es\/wp-json\/wp\/v2\/product_brand?post=245608"},{"taxonomy":"product_cat","embeddable":true,"href":"https:\/\/empow-her.com\/es\/wp-json\/wp\/v2\/product_cat?post=245608"},{"taxonomy":"product_tag","embeddable":true,"href":"https:\/\/empow-her.com\/es\/wp-json\/wp\/v2\/product_tag?post=245608"},{"taxonomy":"lieu","embeddable":true,"href":"https:\/\/empow-her.com\/es\/wp-json\/wp\/v2\/lieu?post=245608"},{"taxonomy":"thematiques","embeddable":true,"href":"https:\/\/empow-her.com\/es\/wp-json\/wp\/v2\/thematiques?post=245608"}],"curies":[{"name":"wp","href":"https:\/\/api.w.org\/{rel}","templated":true}]}}