{"id":243300,"date":"2024-02-08T16:56:48","date_gmt":"2024-02-08T15:56:48","guid":{"rendered":"https:\/\/empow-her.com\/?post_type=product&#038;p=243300"},"modified":"2024-02-08T17:06:52","modified_gmt":"2024-02-08T16:06:52","slug":"coaching-assurer-la-viabilite-economique","status":"publish","type":"product","link":"https:\/\/empow-her.com\/es\/produit\/coaching-assurer-la-viabilite-economique\/","title":{"rendered":"Coaching &#8211; Assurer la viabilit\u00e9 \u00e9conomique"},"content":{"rendered":"<p><strong>Besoin :<\/strong> Vous avez imagin\u00e9 une premi\u00e8re offre et identifi\u00e9 vos premier\u00b7es client\u00b7es et b\u00e9n\u00e9ficiaires, mais vous avez du mal \u00e0 travailler sur la viabilit\u00e9. Quels seront les co\u00fbts principaux du projet, comment le structurer ? Vous vous demandez quel est le &#8220;bon&#8221; prix pour vous r\u00e9mun\u00e9rer et couvrir vos frais ?<\/p>\n<p>En une heure, nous travaillerons ensemble sur quelques raisonnements et outils simples pour r\u00e9pondre \u00e0 vos questions concernant la viabilit\u00e9 \u00e9conomique. Vous ressortirez de cet accompagnement avec des pistes pour d\u00e9velopper votre activit\u00e9, des outils adapt\u00e9s ou une feuille de route pr\u00eate \u00e0 l&#8217;emploi, selon votre besoin.<\/p>\n<p>NB : Cette permanence est particuli\u00e8rement adapt\u00e9e si vous avez particip\u00e9 en amont \u00e0 la journ\u00e9e &#8220;Viabilit\u00e9 \u00e9conomique&#8221;. Avant la session, n&#8217;h\u00e9sitez pas \u00e0 envoyer vos questions pr\u00e9cises (si vous en avez), ou tout autre document utile \u00e0 l&#8217;\u00e9quipe d&#8217;accompagnement Empow&#8217;Her, qui pourra les transmettre \u00e0 l&#8217;\u00e9quipe de plus1 pour pr\u00e9parer au mieux votre \u00e9change !<\/p>\n<p>Lieu : En ligne Rendez-vous en ligne, le lien Zoom vous sera envoy\u00e9 dans un second temps. Attention ! Veuillez vous pr\u00e9senter \u00e0 l&#8217;heure pour que l&#8217;activit\u00e9 puisse commencer \u00e0 temps. Si vous avez du retard veuillez pr\u00e9venir l&#8217;intervenant.e. Si vous avez plus de 15 min de retard l&#8217;intervenant.e se r\u00e9serve le droit de ne plus vous accepter pour le coaching ou l&#8217;atelier.<\/p>\n<p><strong>Intervenant.e :\u00a0 Sophie Pottier <\/strong>de <strong>Plus1<\/strong><\/p>\n<p>Consultante en transition \u00e9cologique, avec un accent particulier sur les mod\u00e8les \u00e9conomiques (nouveaux \/ alternatifs), l&#8217;\u00e9conomie circulaire et la d\u00e9finition de la raison d&#8217;\u00eatre \/ vision \/ mission des projets<\/p>\n<p><strong>Son super pouvoir :<\/strong>Capacit\u00e9 d&#8217;\u00e9coute hors pair \/ Materner ver la sobri\u00e9t\u00e9<\/p>\n<p><strong>Son petit mot : <\/strong>Dare to dare ! Les femmes sont le futur de l&#8217;\u00e9cologie <strong>&#x1f4aa;<\/strong><\/p>\n<p><strong>NB<\/strong> : Cette permanence est particuli\u00e8rement adapt\u00e9e si vous avez particip\u00e9 en amont \u00e0 l&#8217;ateliers &#8220;Mod\u00e8le \u00e9conomique et viabilit\u00e9&#8221;.<\/p>\n<p>Avant la session, n&#8217;h\u00e9sitez pas \u00e0 envoyer vos questions pr\u00e9cises (si vous en avez), ou tout autre document utile \u00e0 l&#8217;\u00e9quipe d&#8217;accompagnement Empow&#8217;Her, qui pourra les transmettre \u00e0 l&#8217;\u00e9quipe de plus1 pour pr\u00e9parer au mieux votre \u00e9change !<\/p>\n<p><strong>Attention !<\/strong> Veuillez vous pr\u00e9senter \u00e0 l&#8217;heure pour que l&#8217;activit\u00e9 puisse commencer \u00e0 temps. Si vous avez du retard veuillez pr\u00e9venir l&#8217;intervenant.e. Si vous avez plus de 15 min de retard l&#8217;intervenant.e se r\u00e9serve le droit de ne plus vous accepter pour le coaching ou l&#8217;atelier.<\/p>\n<p>&nbsp;<\/p>\n","protected":false},"excerpt":{"rendered":"<p><strong>Besoin :<\/strong> Vous avez imagin\u00e9 une premi\u00e8re offre et identifi\u00e9 vos premier\u00b7es client\u00b7es et b\u00e9n\u00e9ficiaires, mais vous avez du mal \u00e0 travailler sur la viabilit\u00e9. Quels seront les co\u00fbts principaux du projet, comment le structurer ? Vous vous demandez quel est le &#8220;bon&#8221; prix pour vous r\u00e9mun\u00e9rer et couvrir vos frais ?<\/p>\n<p>En une heure, nous travaillerons ensemble sur quelques raisonnements et outils simples pour r\u00e9pondre \u00e0 vos questions concernant la viabilit\u00e9 \u00e9conomique. Vous ressortirez de cet accompagnement avec des pistes pour d\u00e9velopper votre activit\u00e9, des outils adapt\u00e9s ou une feuille de route pr\u00eate \u00e0 l&#8217;emploi, selon votre besoin.<\/p>\n<p>NB : Cette permanence est particuli\u00e8rement adapt\u00e9e si vous avez particip\u00e9 en amont \u00e0 la journ\u00e9e &#8220;Viabilit\u00e9 \u00e9conomique&#8221;. Avant la session, n&#8217;h\u00e9sitez pas \u00e0 envoyer vos questions pr\u00e9cises (si vous en avez), ou tout autre document utile \u00e0 l&#8217;\u00e9quipe d&#8217;accompagnement Empow&#8217;Her, qui pourra les transmettre \u00e0 l&#8217;\u00e9quipe de plus1 pour pr\u00e9parer au mieux votre \u00e9change !<\/p>\n<p>Lieu : En ligne Rendez-vous en ligne, le lien Zoom vous sera envoy\u00e9 dans un second temps. Attention ! Veuillez vous pr\u00e9senter \u00e0 l&#8217;heure pour que l&#8217;activit\u00e9 puisse commencer \u00e0 temps. Si vous avez du retard veuillez pr\u00e9venir l&#8217;intervenant.e. Si vous avez plus de 15 min de retard l&#8217;intervenant.e se r\u00e9serve le droit de ne plus vous accepter pour le coaching ou l&#8217;atelier.<\/p>\n<p><strong>Intervenant.e :\u00a0 Sophie Pottier <\/strong>de <strong>Plus1<\/strong><\/p>\n<p>Consultante en transition \u00e9cologique, avec un accent particulier sur les mod\u00e8les \u00e9conomiques (nouveaux \/ alternatifs), l&#8217;\u00e9conomie circulaire et la d\u00e9finition de la raison d&#8217;\u00eatre \/ vision \/ mission des projets<\/p>\n<p><strong>Son super pouvoir :<\/strong>Capacit\u00e9 d&#8217;\u00e9coute hors pair \/ Materner ver la sobri\u00e9t\u00e9<\/p>\n<p><strong>Son petit mot : <\/strong>Dare to dare ! Les femmes sont le futur de l&#8217;\u00e9cologie <strong>&#x1f4aa;<\/strong><\/p>\n<p><strong>NB<\/strong> : Cette permanence est particuli\u00e8rement adapt\u00e9e si vous avez particip\u00e9 en amont \u00e0 l&#8217;ateliers &#8220;Mod\u00e8le \u00e9conomique et viabilit\u00e9&#8221;.<\/p>\n<p>Avant la session, n&#8217;h\u00e9sitez pas \u00e0 envoyer vos questions pr\u00e9cises (si vous en avez), ou tout autre document utile \u00e0 l&#8217;\u00e9quipe d&#8217;accompagnement Empow&#8217;Her, qui pourra les transmettre \u00e0 l&#8217;\u00e9quipe de plus1 pour pr\u00e9parer au mieux votre \u00e9change !<\/p>\n<p><strong>Attention !<\/strong> Veuillez vous pr\u00e9senter \u00e0 l&#8217;heure pour que l&#8217;activit\u00e9 puisse commencer \u00e0 temps. Si vous avez du retard veuillez pr\u00e9venir l&#8217;intervenant.e. Si vous avez plus de 15 min de retard l&#8217;intervenant.e se r\u00e9serve le droit de ne plus vous accepter pour le coaching ou l&#8217;atelier.<\/p>\n","protected":false},"featured_media":243302,"template":"","format":"standard","meta":{"_acf_changed":false,"om_disable_all_campaigns":false,"_uf_show_specific_survey":0,"_uf_disable_surveys":false},"product_brand":[],"product_cat":[121],"product_tag":[],"lieu":[125],"thematiques":[],"class_list":{"0":"post-243300","1":"product","2":"type-product","3":"status-publish","4":"format-standard","5":"has-post-thumbnail","7":"product_cat-coaching","8":"lieu-en-ligne","10":"first","11":"instock","12":"virtual","13":"purchasable","14":"product-type-appointment"},"exclude_global_add_ons":[],"addons":[],"acf":[],"yoast_head":"<!-- This site is optimized with the Yoast SEO plugin v24.8 - https:\/\/yoast.com\/wordpress\/plugins\/seo\/ -->\n<title>Coaching - Assurer la viabilit\u00e9 \u00e9conomique - Empow&#039;Her<\/title>\n<meta name=\"robots\" content=\"index, follow, max-snippet:-1, max-image-preview:large, max-video-preview:-1\" \/>\n<link rel=\"canonical\" href=\"https:\/\/empow-her.com\/en\/produit\/coaching-assurer-la-viabilite-economique\/\" \/>\n<meta property=\"og:locale\" content=\"es_ES\" \/>\n<meta property=\"og:type\" content=\"article\" \/>\n<meta property=\"og:title\" content=\"Coaching - Assurer la viabilit\u00e9 \u00e9conomique - Empow&#039;Her\" \/>\n<meta property=\"og:description\" content=\"Besoin : Vous avez imagin\u00e9 une premi\u00e8re offre et identifi\u00e9 vos premier\u00b7es client\u00b7es et b\u00e9n\u00e9ficiaires, mais vous avez du mal \u00e0 travailler sur la viabilit\u00e9. Quels seront les co\u00fbts principaux du projet, comment le structurer ? Vous vous demandez quel est le &quot;bon&quot; prix pour vous r\u00e9mun\u00e9rer et couvrir vos frais ?  En une heure, nous travaillerons ensemble sur quelques raisonnements et outils simples pour r\u00e9pondre \u00e0 vos questions concernant la viabilit\u00e9 \u00e9conomique. Vous ressortirez de cet accompagnement avec des pistes pour d\u00e9velopper votre activit\u00e9, des outils adapt\u00e9s ou une feuille de route pr\u00eate \u00e0 l&#039;emploi, selon votre besoin.  NB : Cette permanence est particuli\u00e8rement adapt\u00e9e si vous avez particip\u00e9 en amont \u00e0 la journ\u00e9e &quot;Viabilit\u00e9 \u00e9conomique&quot;. Avant la session, n&#039;h\u00e9sitez pas \u00e0 envoyer vos questions pr\u00e9cises (si vous en avez), ou tout autre document utile \u00e0 l&#039;\u00e9quipe d&#039;accompagnement Empow&#039;Her, qui pourra les transmettre \u00e0 l&#039;\u00e9quipe de plus1 pour pr\u00e9parer au mieux votre \u00e9change !  Lieu : En ligne Rendez-vous en ligne, le lien Zoom vous sera envoy\u00e9 dans un second temps. Attention ! Veuillez vous pr\u00e9senter \u00e0 l&#039;heure pour que l&#039;activit\u00e9 puisse commencer \u00e0 temps. Si vous avez du retard veuillez pr\u00e9venir l&#039;intervenant.e. Si vous avez plus de 15 min de retard l&#039;intervenant.e se r\u00e9serve le droit de ne plus vous accepter pour le coaching ou l&#039;atelier.  Intervenant.e :\u00a0 Sophie Pottier de Plus1  Consultante en transition \u00e9cologique, avec un accent particulier sur les mod\u00e8les \u00e9conomiques (nouveaux \/ alternatifs), l&#039;\u00e9conomie circulaire et la d\u00e9finition de la raison d&#039;\u00eatre \/ vision \/ mission des projets  Son super pouvoir :Capacit\u00e9 d&#039;\u00e9coute hors pair \/ Materner ver la sobri\u00e9t\u00e9  Son petit mot : Dare to dare ! Les femmes sont le futur de l&#039;\u00e9cologie &#x1f4aa;  NB : Cette permanence est particuli\u00e8rement adapt\u00e9e si vous avez particip\u00e9 en amont \u00e0 l&#039;ateliers &quot;Mod\u00e8le \u00e9conomique et viabilit\u00e9&quot;.  Avant la session, n&#039;h\u00e9sitez pas \u00e0 envoyer vos questions pr\u00e9cises (si vous en avez), ou tout autre document utile \u00e0 l&#039;\u00e9quipe d&#039;accompagnement Empow&#039;Her, qui pourra les transmettre \u00e0 l&#039;\u00e9quipe de plus1 pour pr\u00e9parer au mieux votre \u00e9change !  Attention ! Veuillez vous pr\u00e9senter \u00e0 l&#039;heure pour que l&#039;activit\u00e9 puisse commencer \u00e0 temps. Si vous avez du retard veuillez pr\u00e9venir l&#039;intervenant.e. Si vous avez plus de 15 min de retard l&#039;intervenant.e se r\u00e9serve le droit de ne plus vous accepter pour le coaching ou l&#039;atelier.\" \/>\n<meta property=\"og:url\" content=\"https:\/\/empow-her.com\/en\/produit\/coaching-assurer-la-viabilite-economique\/\" \/>\n<meta property=\"og:site_name\" content=\"Empow&#039;Her\" \/>\n<meta property=\"article:modified_time\" content=\"2024-02-08T16:06:52+00:00\" \/>\n<meta property=\"og:image\" content=\"https:\/\/empow-her.com\/wp-content\/uploads\/2024\/02\/Women-Dare-templates-events-9.png\" \/>\n\t<meta property=\"og:image:width\" content=\"1080\" \/>\n\t<meta property=\"og:image:height\" content=\"1080\" \/>\n\t<meta property=\"og:image:type\" content=\"image\/png\" \/>\n<meta name=\"twitter:card\" content=\"summary_large_image\" \/>\n<meta name=\"twitter:label1\" content=\"Tiempo de lectura\" \/>\n\t<meta name=\"twitter:data1\" content=\"3 minutos\" \/>\n<script type=\"application\/ld+json\" class=\"yoast-schema-graph\">{\"@context\":\"https:\/\/schema.org\",\"@graph\":[{\"@type\":\"WebPage\",\"@id\":\"https:\/\/empow-her.com\/en\/produit\/coaching-assurer-la-viabilite-economique\/\",\"url\":\"https:\/\/empow-her.com\/en\/produit\/coaching-assurer-la-viabilite-economique\/\",\"name\":\"Coaching - Assurer la viabilit\u00e9 \u00e9conomique - Empow&#039;Her\",\"isPartOf\":{\"@id\":\"https:\/\/empow-her.com\/#website\"},\"primaryImageOfPage\":{\"@id\":\"https:\/\/empow-her.com\/en\/produit\/coaching-assurer-la-viabilite-economique\/#primaryimage\"},\"image\":{\"@id\":\"https:\/\/empow-her.com\/en\/produit\/coaching-assurer-la-viabilite-economique\/#primaryimage\"},\"thumbnailUrl\":\"https:\/\/empow-her.com\/wp-content\/uploads\/2024\/02\/Women-Dare-templates-events-9.png\",\"datePublished\":\"2024-02-08T15:56:48+00:00\",\"dateModified\":\"2024-02-08T16:06:52+00:00\",\"breadcrumb\":{\"@id\":\"https:\/\/empow-her.com\/en\/produit\/coaching-assurer-la-viabilite-economique\/#breadcrumb\"},\"inLanguage\":\"es\",\"potentialAction\":[{\"@type\":\"ReadAction\",\"target\":[\"https:\/\/empow-her.com\/en\/produit\/coaching-assurer-la-viabilite-economique\/\"]}]},{\"@type\":\"ImageObject\",\"inLanguage\":\"es\",\"@id\":\"https:\/\/empow-her.com\/en\/produit\/coaching-assurer-la-viabilite-economique\/#primaryimage\",\"url\":\"https:\/\/empow-her.com\/wp-content\/uploads\/2024\/02\/Women-Dare-templates-events-9.png\",\"contentUrl\":\"https:\/\/empow-her.com\/wp-content\/uploads\/2024\/02\/Women-Dare-templates-events-9.png\",\"width\":1080,\"height\":1080},{\"@type\":\"BreadcrumbList\",\"@id\":\"https:\/\/empow-her.com\/en\/produit\/coaching-assurer-la-viabilite-economique\/#breadcrumb\",\"itemListElement\":[{\"@type\":\"ListItem\",\"position\":1,\"name\":\"Accueil\",\"item\":\"https:\/\/empow-her.com\/es\/inicio\/\"},{\"@type\":\"ListItem\",\"position\":2,\"name\":\"LA BOUTIQUE\",\"item\":\"https:\/\/empow-her.com\/boutique\/\"},{\"@type\":\"ListItem\",\"position\":3,\"name\":\"Coaching &#8211; Assurer la viabilit\u00e9 \u00e9conomique\"}]},{\"@type\":\"WebSite\",\"@id\":\"https:\/\/empow-her.com\/#website\",\"url\":\"https:\/\/empow-her.com\/\",\"name\":\"Empow&#039;Her\",\"description\":\"Women Development\",\"potentialAction\":[{\"@type\":\"SearchAction\",\"target\":{\"@type\":\"EntryPoint\",\"urlTemplate\":\"https:\/\/empow-her.com\/?s={search_term_string}\"},\"query-input\":{\"@type\":\"PropertyValueSpecification\",\"valueRequired\":true,\"valueName\":\"search_term_string\"}}],\"inLanguage\":\"es\"}]}<\/script>\n<!-- \/ Yoast SEO plugin. -->","yoast_head_json":{"title":"Coaching - Assurer la viabilit\u00e9 \u00e9conomique - Empow&#039;Her","robots":{"index":"index","follow":"follow","max-snippet":"max-snippet:-1","max-image-preview":"max-image-preview:large","max-video-preview":"max-video-preview:-1"},"canonical":"https:\/\/empow-her.com\/en\/produit\/coaching-assurer-la-viabilite-economique\/","og_locale":"es_ES","og_type":"article","og_title":"Coaching - Assurer la viabilit\u00e9 \u00e9conomique - Empow&#039;Her","og_description":"Besoin : Vous avez imagin\u00e9 une premi\u00e8re offre et identifi\u00e9 vos premier\u00b7es client\u00b7es et b\u00e9n\u00e9ficiaires, mais vous avez du mal \u00e0 travailler sur la viabilit\u00e9. Quels seront les co\u00fbts principaux du projet, comment le structurer ? Vous vous demandez quel est le \"bon\" prix pour vous r\u00e9mun\u00e9rer et couvrir vos frais ?  En une heure, nous travaillerons ensemble sur quelques raisonnements et outils simples pour r\u00e9pondre \u00e0 vos questions concernant la viabilit\u00e9 \u00e9conomique. Vous ressortirez de cet accompagnement avec des pistes pour d\u00e9velopper votre activit\u00e9, des outils adapt\u00e9s ou une feuille de route pr\u00eate \u00e0 l'emploi, selon votre besoin.  NB : Cette permanence est particuli\u00e8rement adapt\u00e9e si vous avez particip\u00e9 en amont \u00e0 la journ\u00e9e \"Viabilit\u00e9 \u00e9conomique\". Avant la session, n'h\u00e9sitez pas \u00e0 envoyer vos questions pr\u00e9cises (si vous en avez), ou tout autre document utile \u00e0 l'\u00e9quipe d'accompagnement Empow'Her, qui pourra les transmettre \u00e0 l'\u00e9quipe de plus1 pour pr\u00e9parer au mieux votre \u00e9change !  Lieu : En ligne Rendez-vous en ligne, le lien Zoom vous sera envoy\u00e9 dans un second temps. Attention ! Veuillez vous pr\u00e9senter \u00e0 l'heure pour que l'activit\u00e9 puisse commencer \u00e0 temps. Si vous avez du retard veuillez pr\u00e9venir l'intervenant.e. Si vous avez plus de 15 min de retard l'intervenant.e se r\u00e9serve le droit de ne plus vous accepter pour le coaching ou l'atelier.  Intervenant.e :\u00a0 Sophie Pottier de Plus1  Consultante en transition \u00e9cologique, avec un accent particulier sur les mod\u00e8les \u00e9conomiques (nouveaux \/ alternatifs), l'\u00e9conomie circulaire et la d\u00e9finition de la raison d'\u00eatre \/ vision \/ mission des projets  Son super pouvoir :Capacit\u00e9 d'\u00e9coute hors pair \/ Materner ver la sobri\u00e9t\u00e9  Son petit mot : Dare to dare ! Les femmes sont le futur de l'\u00e9cologie &#x1f4aa;  NB : Cette permanence est particuli\u00e8rement adapt\u00e9e si vous avez particip\u00e9 en amont \u00e0 l'ateliers \"Mod\u00e8le \u00e9conomique et viabilit\u00e9\".  Avant la session, n'h\u00e9sitez pas \u00e0 envoyer vos questions pr\u00e9cises (si vous en avez), ou tout autre document utile \u00e0 l'\u00e9quipe d'accompagnement Empow'Her, qui pourra les transmettre \u00e0 l'\u00e9quipe de plus1 pour pr\u00e9parer au mieux votre \u00e9change !  Attention ! Veuillez vous pr\u00e9senter \u00e0 l'heure pour que l'activit\u00e9 puisse commencer \u00e0 temps. Si vous avez du retard veuillez pr\u00e9venir l'intervenant.e. Si vous avez plus de 15 min de retard l'intervenant.e se r\u00e9serve le droit de ne plus vous accepter pour le coaching ou l'atelier.","og_url":"https:\/\/empow-her.com\/en\/produit\/coaching-assurer-la-viabilite-economique\/","og_site_name":"Empow&#039;Her","article_modified_time":"2024-02-08T16:06:52+00:00","og_image":[{"width":1080,"height":1080,"url":"https:\/\/empow-her.com\/wp-content\/uploads\/2024\/02\/Women-Dare-templates-events-9.png","type":"image\/png"}],"twitter_card":"summary_large_image","twitter_misc":{"Tiempo de lectura":"3 minutos"},"schema":{"@context":"https:\/\/schema.org","@graph":[{"@type":"WebPage","@id":"https:\/\/empow-her.com\/en\/produit\/coaching-assurer-la-viabilite-economique\/","url":"https:\/\/empow-her.com\/en\/produit\/coaching-assurer-la-viabilite-economique\/","name":"Coaching - Assurer la viabilit\u00e9 \u00e9conomique - Empow&#039;Her","isPartOf":{"@id":"https:\/\/empow-her.com\/#website"},"primaryImageOfPage":{"@id":"https:\/\/empow-her.com\/en\/produit\/coaching-assurer-la-viabilite-economique\/#primaryimage"},"image":{"@id":"https:\/\/empow-her.com\/en\/produit\/coaching-assurer-la-viabilite-economique\/#primaryimage"},"thumbnailUrl":"https:\/\/empow-her.com\/wp-content\/uploads\/2024\/02\/Women-Dare-templates-events-9.png","datePublished":"2024-02-08T15:56:48+00:00","dateModified":"2024-02-08T16:06:52+00:00","breadcrumb":{"@id":"https:\/\/empow-her.com\/en\/produit\/coaching-assurer-la-viabilite-economique\/#breadcrumb"},"inLanguage":"es","potentialAction":[{"@type":"ReadAction","target":["https:\/\/empow-her.com\/en\/produit\/coaching-assurer-la-viabilite-economique\/"]}]},{"@type":"ImageObject","inLanguage":"es","@id":"https:\/\/empow-her.com\/en\/produit\/coaching-assurer-la-viabilite-economique\/#primaryimage","url":"https:\/\/empow-her.com\/wp-content\/uploads\/2024\/02\/Women-Dare-templates-events-9.png","contentUrl":"https:\/\/empow-her.com\/wp-content\/uploads\/2024\/02\/Women-Dare-templates-events-9.png","width":1080,"height":1080},{"@type":"BreadcrumbList","@id":"https:\/\/empow-her.com\/en\/produit\/coaching-assurer-la-viabilite-economique\/#breadcrumb","itemListElement":[{"@type":"ListItem","position":1,"name":"Accueil","item":"https:\/\/empow-her.com\/es\/inicio\/"},{"@type":"ListItem","position":2,"name":"LA BOUTIQUE","item":"https:\/\/empow-her.com\/boutique\/"},{"@type":"ListItem","position":3,"name":"Coaching &#8211; Assurer la viabilit\u00e9 \u00e9conomique"}]},{"@type":"WebSite","@id":"https:\/\/empow-her.com\/#website","url":"https:\/\/empow-her.com\/","name":"Empow&#039;Her","description":"Women Development","potentialAction":[{"@type":"SearchAction","target":{"@type":"EntryPoint","urlTemplate":"https:\/\/empow-her.com\/?s={search_term_string}"},"query-input":{"@type":"PropertyValueSpecification","valueRequired":true,"valueName":"search_term_string"}}],"inLanguage":"es"}]}},"_links":{"self":[{"href":"https:\/\/empow-her.com\/es\/wp-json\/wp\/v2\/product\/243300","targetHints":{"allow":["GET"]}}],"collection":[{"href":"https:\/\/empow-her.com\/es\/wp-json\/wp\/v2\/product"}],"about":[{"href":"https:\/\/empow-her.com\/es\/wp-json\/wp\/v2\/types\/product"}],"wp:featuredmedia":[{"embeddable":true,"href":"https:\/\/empow-her.com\/es\/wp-json\/wp\/v2\/media\/243302"}],"wp:attachment":[{"href":"https:\/\/empow-her.com\/es\/wp-json\/wp\/v2\/media?parent=243300"}],"wp:term":[{"taxonomy":"product_brand","embeddable":true,"href":"https:\/\/empow-her.com\/es\/wp-json\/wp\/v2\/product_brand?post=243300"},{"taxonomy":"product_cat","embeddable":true,"href":"https:\/\/empow-her.com\/es\/wp-json\/wp\/v2\/product_cat?post=243300"},{"taxonomy":"product_tag","embeddable":true,"href":"https:\/\/empow-her.com\/es\/wp-json\/wp\/v2\/product_tag?post=243300"},{"taxonomy":"lieu","embeddable":true,"href":"https:\/\/empow-her.com\/es\/wp-json\/wp\/v2\/lieu?post=243300"},{"taxonomy":"thematiques","embeddable":true,"href":"https:\/\/empow-her.com\/es\/wp-json\/wp\/v2\/thematiques?post=243300"}],"curies":[{"name":"wp","href":"https:\/\/api.w.org\/{rel}","templated":true}]}}