{"id":243288,"date":"2024-02-08T16:50:02","date_gmt":"2024-02-08T15:50:02","guid":{"rendered":"https:\/\/empow-her.com\/?post_type=product&#038;p=243288"},"modified":"2024-02-16T15:30:16","modified_gmt":"2024-02-16T14:30:16","slug":"atelier-planifier-et-lancer-une-activite-commerciale-efficace-4","status":"publish","type":"product","link":"https:\/\/empow-her.com\/es\/produit\/atelier-planifier-et-lancer-une-activite-commerciale-efficace-4\/","title":{"rendered":"Atelier &#8211; Planifier et lancer une activit\u00e9 commerciale efficace"},"content":{"rendered":"<p><span data-sheets-value=\"{&quot;1&quot;:2,&quot;2&quot;:&quot;Besoins : Vous avez imagin\u00e9 une premi\u00e8re offre et identifi\u00e9 vos premier\u00b7es client\u00b7es et b\u00e9n\u00e9ficiaires mais vous ne savez pas par o\u00f9 commencer pour la commercialiser ? Quels sont les canaux \u00e0 utiliser ? Comment pr\u00e9senter son offre ? Quels objectifs commerciaux se fixer et comment les atteindre ?nnPendant cet atelier, nous parcourerons ensemble plusieurs th\u00e9matiques :n- Savoir pr\u00e9senter son offre de fa\u00e7on rapide et percutanten- Identifier ses principaux canaux de prospection en fonction de ses ciblesn- Ma\u00eetriser des bonnes pratiques commercialesn- Planifier sa prospection et sa vente pour avoir de la visibilit\u00e9.nnA la fin de l'atelier, vous aurez \u00e9labor\u00e9 un pitch commercial impactant, vous saurez adopter une posture empathique vis-\u00e0-vis de vos client\u00b7es et b\u00e9n\u00e9ficiaires cibles et sur quels canaux vous appuyer. Vous aurez aussi une vision plus claire de vos prochaines actions commerciales et vous pourrez vous lancer en confiance.nnPr\u00e9-requis : avoir \u00e9bauch\u00e9 une premi\u00e8re offre de produit(s) ou de service(s) et avoir identifi\u00e9 les cibles aupr\u00e8s desquelles vous souhaitez la commercialiser. nnAttention ! Veuillez vous pr\u00e9senter \u00e0 l'heure pour que l'activit\u00e9 puisse commencer \u00e0 temps. Si vous avez du retard veuillez pr\u00e9venir l'intervenant.e. Si vous avez plus de 15 min de retard l'intervenant.e se r\u00e9serve le droit de ne plus vous accepter pour le coaching ou l'atelier.n&quot;}\" data-sheets-userformat=\"{&quot;2&quot;:4995,&quot;3&quot;:{&quot;1&quot;:0},&quot;4&quot;:{&quot;1&quot;:2,&quot;2&quot;:16773836},&quot;10&quot;:1,&quot;11&quot;:4,&quot;12&quot;:0,&quot;15&quot;:&quot;Hind&quot;}\"><strong>Besoin <\/strong>: Vous avez imagin\u00e9 une premi\u00e8re offre et identifi\u00e9 vos premier\u00b7es client\u00b7es et b\u00e9n\u00e9ficiaires mais vous ne savez pas par o\u00f9 commencer pour la commercialiser ? Quels sont les canaux \u00e0 utiliser ? Comment pr\u00e9senter son offre ? Quels objectifs commerciaux se fixer et comment les atteindre ?<\/span><\/p>\n<p>Pendant cet atelier, nous parcourrons ensemble plusieurs th\u00e9matiques :<\/p>\n<ul>\n<li>Savoir pr\u00e9senter son offre de fa\u00e7on rapide et percutante<\/li>\n<li>Identifier ses principaux canaux de prospection en fonction de ses cibles<\/li>\n<li>Ma\u00eetriser des bonnes pratiques commerciales<\/li>\n<li>Planifier sa prospection et sa vente pour avoir de la visibilit\u00e9.<\/li>\n<\/ul>\n<p>A la fin de l&#8217;atelier, vous aurez \u00e9labor\u00e9 un pitch commercial impactant, vous saurez adopter une posture empathique vis-\u00e0-vis de vos client\u00b7es et b\u00e9n\u00e9ficiaires cibles et sur quels canaux vous appuyer. Vous aurez aussi une vision plus claire de vos prochaines actions commerciales et vous pourrez vous lancer en confiance.<\/p>\n<p><strong>Pr\u00e9-requis<\/strong> : Avoir \u00e9bauch\u00e9 une premi\u00e8re offre de produit(s) ou de service(s) et avoir identifi\u00e9 les cibles aupr\u00e8s desquelles vous souhaitez la commercialiser.<\/p>\n<p><strong>Intervenant.e : Alice De Castelnau<\/strong> de Plus1<\/p>\n<p>J\u2019accompagne les associations, les entreprises et les porteur.euse.s de projets \u00e0 fort impact depuis bient\u00f4t 15 ans sur leurs probl\u00e9matiques de d\u00e9veloppement et d\u2019organisation. Mes dadas : la strat\u00e9gie de d\u00e9veloppement et la strat\u00e9gie commerciale, en particulier quand il faut inventer des mod\u00e8les hybrides : pas 100% lucratif et pas 100% non lucratif. Sant\u00e9, mal logement, migrations, mode \u00e9thique ou encore mobilit\u00e9 douce, je suis intervenue dans beaucoup de secteurs et tous me passionnent. Hasard ou pas, les porteuses de projet que j\u2019ai accompagn\u00e9 individuellement \u00e9taient toutes des femmes. J\u2019ai moi-m\u00eame lanc\u00e9 un projet entrepreneurial il y a quelques ann\u00e9es, ce qui m\u2019a permis d\u2019identifier clairement les difficult\u00e9s auxquelles on est confront\u00e9.e, les facteurs de succ\u00e8s, les facteurs d\u2019\u00e9chec.<\/p>\n<p><strong>Son super pouvoir : <\/strong>J\u2019ai r\u00e9ponse \u00e0 tout (mais je ne garantis pas qu\u2019on aime la r\u00e9ponse \u00e0 chaque fois)<\/p>\n<p><strong>Attention !<\/strong> Veuillez vous pr\u00e9senter \u00e0 l&#8217;heure pour que l&#8217;activit\u00e9 puisse commencer \u00e0 temps. Si vous avez du retard veuillez pr\u00e9venir l&#8217;intervenant.e. Si vous avez plus de 15 min de retard l&#8217;intervenant.e se r\u00e9serve le droit de ne plus vous accepter pour le coaching ou l&#8217;atelier.<\/p>\n","protected":false},"excerpt":{"rendered":"<p><span data-sheets-value=\"{&quot;1&quot;:2,&quot;2&quot;:&quot;Besoins : Vous avez imagin\u00e9 une premi\u00e8re offre et identifi\u00e9 vos premier\u00b7es client\u00b7es et b\u00e9n\u00e9ficiaires mais vous ne savez pas par o\u00f9 commencer pour la commercialiser ? Quels sont les canaux \u00e0 utiliser ? Comment pr\u00e9senter son offre ? Quels objectifs commerciaux se fixer et comment les atteindre ?nnPendant cet atelier, nous parcourerons ensemble plusieurs th\u00e9matiques :n- Savoir pr\u00e9senter son offre de fa\u00e7on rapide et percutanten- Identifier ses principaux canaux de prospection en fonction de ses ciblesn- Ma\u00eetriser des bonnes pratiques commercialesn- Planifier sa prospection et sa vente pour avoir de la visibilit\u00e9.nnA la fin de l'atelier, vous aurez \u00e9labor\u00e9 un pitch commercial impactant, vous saurez adopter une posture empathique vis-\u00e0-vis de vos client\u00b7es et b\u00e9n\u00e9ficiaires cibles et sur quels canaux vous appuyer. Vous aurez aussi une vision plus claire de vos prochaines actions commerciales et vous pourrez vous lancer en confiance.nnPr\u00e9-requis : avoir \u00e9bauch\u00e9 une premi\u00e8re offre de produit(s) ou de service(s) et avoir identifi\u00e9 les cibles aupr\u00e8s desquelles vous souhaitez la commercialiser. nnAttention ! Veuillez vous pr\u00e9senter \u00e0 l'heure pour que l'activit\u00e9 puisse commencer \u00e0 temps. Si vous avez du retard veuillez pr\u00e9venir l'intervenant.e. Si vous avez plus de 15 min de retard l'intervenant.e se r\u00e9serve le droit de ne plus vous accepter pour le coaching ou l'atelier.n&quot;}\" data-sheets-userformat=\"{&quot;2&quot;:4995,&quot;3&quot;:{&quot;1&quot;:0},&quot;4&quot;:{&quot;1&quot;:2,&quot;2&quot;:16773836},&quot;10&quot;:1,&quot;11&quot;:4,&quot;12&quot;:0,&quot;15&quot;:&quot;Hind&quot;}\"><strong>Besoin <\/strong>: Vous avez imagin\u00e9 une premi\u00e8re offre et identifi\u00e9 vos premier\u00b7es client\u00b7es et b\u00e9n\u00e9ficiaires mais vous ne savez pas par o\u00f9 commencer pour la commercialiser ? Quels sont les canaux \u00e0 utiliser ? Comment pr\u00e9senter son offre ? Quels objectifs commerciaux se fixer et comment les atteindre ?<\/span><\/p>\n<p>Pendant cet atelier, nous parcourrons ensemble plusieurs th\u00e9matiques :<\/p>\n<ul>\n<li>Savoir pr\u00e9senter son offre de fa\u00e7on rapide et percutante<\/li>\n<li>Identifier ses principaux canaux de prospection en fonction de ses cibles<\/li>\n<li>Ma\u00eetriser des bonnes pratiques commerciales<\/li>\n<li>Planifier sa prospection et sa vente pour avoir de la visibilit\u00e9.<\/li>\n<\/ul>\n<p>&nbsp;<\/p>\n<p>\u00c0 la fin de l&#8217;atelier, vous aurez \u00e9labor\u00e9 un pitch commercial impactant, vous saurez adopter une posture empathique vis-\u00e0-vis de vos client\u00b7es et b\u00e9n\u00e9ficiaires cibles et sur quels canaux vous appuyer. Vous aurez aussi une vision plus claire de vos prochaines actions commerciales et vous pourrez vous lancer en confiance.<\/p>\n<p><strong>Pr\u00e9-requis<\/strong> : Avoir \u00e9bauch\u00e9 une premi\u00e8re offre de produit(s) ou de service(s) et avoir identifi\u00e9 les cibles aupr\u00e8s desquelles vous souhaitez la commercialiser.<\/p>\n<p><strong>Intervenant.e : Alice De Castelnau<\/strong> de Plus1<\/p>\n<p>J\u2019accompagne les associations, les entreprises et les porteur.euse.s de projets \u00e0 fort impact depuis bient\u00f4t 15 ans sur leurs probl\u00e9matiques de d\u00e9veloppement et d\u2019organisation. Mes dadas : la strat\u00e9gie de d\u00e9veloppement et la strat\u00e9gie commerciale, en particulier quand il faut inventer des mod\u00e8les hybrides : pas 100% lucratif et pas 100% non lucratif. Sant\u00e9, mal logement, migrations, mode \u00e9thique ou encore mobilit\u00e9 douce, je suis intervenue dans beaucoup de secteurs et tous me passionnent. Hasard ou pas, les porteuses de projet que j\u2019ai accompagn\u00e9 individuellement \u00e9taient toutes des femmes. J\u2019ai moi-m\u00eame lanc\u00e9 un projet entrepreneurial il y a quelques ann\u00e9es, ce qui m\u2019a permis d\u2019identifier clairement les difficult\u00e9s auxquelles on est confront\u00e9.e, les facteurs de succ\u00e8s, les facteurs d\u2019\u00e9chec.<\/p>\n<p><strong>Son super pouvoir : <\/strong>J\u2019ai r\u00e9ponse \u00e0 tout (mais je ne garantis pas qu\u2019on aime la r\u00e9ponse \u00e0 chaque fois)<\/p>\n<p><strong>Attention !<\/strong> Veuillez vous pr\u00e9senter \u00e0 l&#8217;heure pour que l&#8217;activit\u00e9 puisse commencer \u00e0 temps. Si vous avez du retard veuillez pr\u00e9venir l&#8217;intervenant.e. Si vous avez plus de 15 min de retard l&#8217;intervenant.e se r\u00e9serve le droit de ne plus vous accepter pour le coaching ou l&#8217;atelier.<\/p>\n","protected":false},"featured_media":243298,"template":"","format":"standard","meta":{"_acf_changed":false,"om_disable_all_campaigns":false,"_uf_show_specific_survey":0,"_uf_disable_surveys":false},"product_brand":[],"product_cat":[118],"product_tag":[],"lieu":[127],"thematiques":[],"class_list":{"0":"post-243288","1":"product","2":"type-product","3":"status-publish","4":"format-standard","5":"has-post-thumbnail","7":"product_cat-atelier-collectif","8":"lieu-hub-empowher","10":"first","11":"instock","12":"virtual","13":"purchasable","14":"product-type-appointment"},"exclude_global_add_ons":[],"addons":[],"acf":[],"yoast_head":"<!-- This site is optimized with the Yoast SEO plugin v24.8 - https:\/\/yoast.com\/wordpress\/plugins\/seo\/ -->\n<title>Atelier - Planifier et lancer une activit\u00e9 commerciale efficace - Empow&#039;Her<\/title>\n<meta name=\"robots\" content=\"index, follow, max-snippet:-1, max-image-preview:large, max-video-preview:-1\" \/>\n<link rel=\"canonical\" href=\"https:\/\/empow-her.com\/en\/produit\/atelier-planifier-et-lancer-une-activite-commerciale-efficace-4\/\" \/>\n<meta property=\"og:locale\" content=\"es_ES\" \/>\n<meta property=\"og:type\" content=\"article\" \/>\n<meta property=\"og:title\" content=\"Atelier - Planifier et lancer une activit\u00e9 commerciale efficace - Empow&#039;Her\" \/>\n<meta property=\"og:description\" content=\"Besoin : Vous avez imagin\u00e9 une premi\u00e8re offre et identifi\u00e9 vos premier\u00b7es client\u00b7es et b\u00e9n\u00e9ficiaires mais vous ne savez pas par o\u00f9 commencer pour la commercialiser ? Quels sont les canaux \u00e0 utiliser ? Comment pr\u00e9senter son offre ? Quels objectifs commerciaux se fixer et comment les atteindre ?  Pendant cet atelier, nous parcourrons ensemble plusieurs th\u00e9matiques :   Savoir pr\u00e9senter son offre de fa\u00e7on rapide et percutante  Identifier ses principaux canaux de prospection en fonction de ses cibles  Ma\u00eetriser des bonnes pratiques commerciales  Planifier sa prospection et sa vente pour avoir de la visibilit\u00e9.  &nbsp;  \u00c0 la fin de l&#039;atelier, vous aurez \u00e9labor\u00e9 un pitch commercial impactant, vous saurez adopter une posture empathique vis-\u00e0-vis de vos client\u00b7es et b\u00e9n\u00e9ficiaires cibles et sur quels canaux vous appuyer. Vous aurez aussi une vision plus claire de vos prochaines actions commerciales et vous pourrez vous lancer en confiance.  Pr\u00e9-requis : Avoir \u00e9bauch\u00e9 une premi\u00e8re offre de produit(s) ou de service(s) et avoir identifi\u00e9 les cibles aupr\u00e8s desquelles vous souhaitez la commercialiser.  Intervenant.e : Alice De Castelnau de Plus1  J\u2019accompagne les associations, les entreprises et les porteur.euse.s de projets \u00e0 fort impact depuis bient\u00f4t 15 ans sur leurs probl\u00e9matiques de d\u00e9veloppement et d\u2019organisation. Mes dadas : la strat\u00e9gie de d\u00e9veloppement et la strat\u00e9gie commerciale, en particulier quand il faut inventer des mod\u00e8les hybrides : pas 100% lucratif et pas 100% non lucratif. Sant\u00e9, mal logement, migrations, mode \u00e9thique ou encore mobilit\u00e9 douce, je suis intervenue dans beaucoup de secteurs et tous me passionnent. Hasard ou pas, les porteuses de projet que j\u2019ai accompagn\u00e9 individuellement \u00e9taient toutes des femmes. J\u2019ai moi-m\u00eame lanc\u00e9 un projet entrepreneurial il y a quelques ann\u00e9es, ce qui m\u2019a permis d\u2019identifier clairement les difficult\u00e9s auxquelles on est confront\u00e9.e, les facteurs de succ\u00e8s, les facteurs d\u2019\u00e9chec.  Son super pouvoir : J\u2019ai r\u00e9ponse \u00e0 tout (mais je ne garantis pas qu\u2019on aime la r\u00e9ponse \u00e0 chaque fois)  Attention ! Veuillez vous pr\u00e9senter \u00e0 l&#039;heure pour que l&#039;activit\u00e9 puisse commencer \u00e0 temps. Si vous avez du retard veuillez pr\u00e9venir l&#039;intervenant.e. Si vous avez plus de 15 min de retard l&#039;intervenant.e se r\u00e9serve le droit de ne plus vous accepter pour le coaching ou l&#039;atelier.\" \/>\n<meta property=\"og:url\" content=\"https:\/\/empow-her.com\/en\/produit\/atelier-planifier-et-lancer-une-activite-commerciale-efficace-4\/\" \/>\n<meta property=\"og:site_name\" content=\"Empow&#039;Her\" \/>\n<meta property=\"article:modified_time\" content=\"2024-02-16T14:30:16+00:00\" \/>\n<meta property=\"og:image\" content=\"https:\/\/empow-her.com\/wp-content\/uploads\/2024\/02\/Women-Dare-templates-events-8.png\" \/>\n\t<meta property=\"og:image:width\" content=\"1080\" \/>\n\t<meta property=\"og:image:height\" content=\"1080\" \/>\n\t<meta property=\"og:image:type\" content=\"image\/png\" \/>\n<meta name=\"twitter:card\" content=\"summary_large_image\" \/>\n<meta name=\"twitter:label1\" content=\"Tiempo de lectura\" \/>\n\t<meta name=\"twitter:data1\" content=\"2 minutos\" \/>\n<script type=\"application\/ld+json\" class=\"yoast-schema-graph\">{\"@context\":\"https:\/\/schema.org\",\"@graph\":[{\"@type\":\"WebPage\",\"@id\":\"https:\/\/empow-her.com\/en\/produit\/atelier-planifier-et-lancer-une-activite-commerciale-efficace-4\/\",\"url\":\"https:\/\/empow-her.com\/en\/produit\/atelier-planifier-et-lancer-une-activite-commerciale-efficace-4\/\",\"name\":\"Atelier - Planifier et lancer une activit\u00e9 commerciale efficace - Empow&#039;Her\",\"isPartOf\":{\"@id\":\"https:\/\/empow-her.com\/#website\"},\"primaryImageOfPage\":{\"@id\":\"https:\/\/empow-her.com\/en\/produit\/atelier-planifier-et-lancer-une-activite-commerciale-efficace-4\/#primaryimage\"},\"image\":{\"@id\":\"https:\/\/empow-her.com\/en\/produit\/atelier-planifier-et-lancer-une-activite-commerciale-efficace-4\/#primaryimage\"},\"thumbnailUrl\":\"https:\/\/empow-her.com\/wp-content\/uploads\/2024\/02\/Women-Dare-templates-events-8.png\",\"datePublished\":\"2024-02-08T15:50:02+00:00\",\"dateModified\":\"2024-02-16T14:30:16+00:00\",\"breadcrumb\":{\"@id\":\"https:\/\/empow-her.com\/en\/produit\/atelier-planifier-et-lancer-une-activite-commerciale-efficace-4\/#breadcrumb\"},\"inLanguage\":\"es\",\"potentialAction\":[{\"@type\":\"ReadAction\",\"target\":[\"https:\/\/empow-her.com\/en\/produit\/atelier-planifier-et-lancer-une-activite-commerciale-efficace-4\/\"]}]},{\"@type\":\"ImageObject\",\"inLanguage\":\"es\",\"@id\":\"https:\/\/empow-her.com\/en\/produit\/atelier-planifier-et-lancer-une-activite-commerciale-efficace-4\/#primaryimage\",\"url\":\"https:\/\/empow-her.com\/wp-content\/uploads\/2024\/02\/Women-Dare-templates-events-8.png\",\"contentUrl\":\"https:\/\/empow-her.com\/wp-content\/uploads\/2024\/02\/Women-Dare-templates-events-8.png\",\"width\":1080,\"height\":1080},{\"@type\":\"BreadcrumbList\",\"@id\":\"https:\/\/empow-her.com\/en\/produit\/atelier-planifier-et-lancer-une-activite-commerciale-efficace-4\/#breadcrumb\",\"itemListElement\":[{\"@type\":\"ListItem\",\"position\":1,\"name\":\"Accueil\",\"item\":\"https:\/\/empow-her.com\/es\/inicio\/\"},{\"@type\":\"ListItem\",\"position\":2,\"name\":\"LA BOUTIQUE\",\"item\":\"https:\/\/empow-her.com\/boutique\/\"},{\"@type\":\"ListItem\",\"position\":3,\"name\":\"Atelier &#8211; Planifier et lancer une activit\u00e9 commerciale efficace\"}]},{\"@type\":\"WebSite\",\"@id\":\"https:\/\/empow-her.com\/#website\",\"url\":\"https:\/\/empow-her.com\/\",\"name\":\"Empow&#039;Her\",\"description\":\"Women Development\",\"potentialAction\":[{\"@type\":\"SearchAction\",\"target\":{\"@type\":\"EntryPoint\",\"urlTemplate\":\"https:\/\/empow-her.com\/?s={search_term_string}\"},\"query-input\":{\"@type\":\"PropertyValueSpecification\",\"valueRequired\":true,\"valueName\":\"search_term_string\"}}],\"inLanguage\":\"es\"}]}<\/script>\n<!-- \/ Yoast SEO plugin. -->","yoast_head_json":{"title":"Atelier - Planifier et lancer une activit\u00e9 commerciale efficace - Empow&#039;Her","robots":{"index":"index","follow":"follow","max-snippet":"max-snippet:-1","max-image-preview":"max-image-preview:large","max-video-preview":"max-video-preview:-1"},"canonical":"https:\/\/empow-her.com\/en\/produit\/atelier-planifier-et-lancer-une-activite-commerciale-efficace-4\/","og_locale":"es_ES","og_type":"article","og_title":"Atelier - Planifier et lancer une activit\u00e9 commerciale efficace - Empow&#039;Her","og_description":"Besoin : Vous avez imagin\u00e9 une premi\u00e8re offre et identifi\u00e9 vos premier\u00b7es client\u00b7es et b\u00e9n\u00e9ficiaires mais vous ne savez pas par o\u00f9 commencer pour la commercialiser ? Quels sont les canaux \u00e0 utiliser ? Comment pr\u00e9senter son offre ? Quels objectifs commerciaux se fixer et comment les atteindre ?  Pendant cet atelier, nous parcourrons ensemble plusieurs th\u00e9matiques :   Savoir pr\u00e9senter son offre de fa\u00e7on rapide et percutante  Identifier ses principaux canaux de prospection en fonction de ses cibles  Ma\u00eetriser des bonnes pratiques commerciales  Planifier sa prospection et sa vente pour avoir de la visibilit\u00e9.  &nbsp;  \u00c0 la fin de l'atelier, vous aurez \u00e9labor\u00e9 un pitch commercial impactant, vous saurez adopter une posture empathique vis-\u00e0-vis de vos client\u00b7es et b\u00e9n\u00e9ficiaires cibles et sur quels canaux vous appuyer. Vous aurez aussi une vision plus claire de vos prochaines actions commerciales et vous pourrez vous lancer en confiance.  Pr\u00e9-requis : Avoir \u00e9bauch\u00e9 une premi\u00e8re offre de produit(s) ou de service(s) et avoir identifi\u00e9 les cibles aupr\u00e8s desquelles vous souhaitez la commercialiser.  Intervenant.e : Alice De Castelnau de Plus1  J\u2019accompagne les associations, les entreprises et les porteur.euse.s de projets \u00e0 fort impact depuis bient\u00f4t 15 ans sur leurs probl\u00e9matiques de d\u00e9veloppement et d\u2019organisation. Mes dadas : la strat\u00e9gie de d\u00e9veloppement et la strat\u00e9gie commerciale, en particulier quand il faut inventer des mod\u00e8les hybrides : pas 100% lucratif et pas 100% non lucratif. Sant\u00e9, mal logement, migrations, mode \u00e9thique ou encore mobilit\u00e9 douce, je suis intervenue dans beaucoup de secteurs et tous me passionnent. Hasard ou pas, les porteuses de projet que j\u2019ai accompagn\u00e9 individuellement \u00e9taient toutes des femmes. J\u2019ai moi-m\u00eame lanc\u00e9 un projet entrepreneurial il y a quelques ann\u00e9es, ce qui m\u2019a permis d\u2019identifier clairement les difficult\u00e9s auxquelles on est confront\u00e9.e, les facteurs de succ\u00e8s, les facteurs d\u2019\u00e9chec.  Son super pouvoir : J\u2019ai r\u00e9ponse \u00e0 tout (mais je ne garantis pas qu\u2019on aime la r\u00e9ponse \u00e0 chaque fois)  Attention ! Veuillez vous pr\u00e9senter \u00e0 l'heure pour que l'activit\u00e9 puisse commencer \u00e0 temps. Si vous avez du retard veuillez pr\u00e9venir l'intervenant.e. Si vous avez plus de 15 min de retard l'intervenant.e se r\u00e9serve le droit de ne plus vous accepter pour le coaching ou l'atelier.","og_url":"https:\/\/empow-her.com\/en\/produit\/atelier-planifier-et-lancer-une-activite-commerciale-efficace-4\/","og_site_name":"Empow&#039;Her","article_modified_time":"2024-02-16T14:30:16+00:00","og_image":[{"width":1080,"height":1080,"url":"https:\/\/empow-her.com\/wp-content\/uploads\/2024\/02\/Women-Dare-templates-events-8.png","type":"image\/png"}],"twitter_card":"summary_large_image","twitter_misc":{"Tiempo de lectura":"2 minutos"},"schema":{"@context":"https:\/\/schema.org","@graph":[{"@type":"WebPage","@id":"https:\/\/empow-her.com\/en\/produit\/atelier-planifier-et-lancer-une-activite-commerciale-efficace-4\/","url":"https:\/\/empow-her.com\/en\/produit\/atelier-planifier-et-lancer-une-activite-commerciale-efficace-4\/","name":"Atelier - Planifier et lancer une activit\u00e9 commerciale efficace - Empow&#039;Her","isPartOf":{"@id":"https:\/\/empow-her.com\/#website"},"primaryImageOfPage":{"@id":"https:\/\/empow-her.com\/en\/produit\/atelier-planifier-et-lancer-une-activite-commerciale-efficace-4\/#primaryimage"},"image":{"@id":"https:\/\/empow-her.com\/en\/produit\/atelier-planifier-et-lancer-une-activite-commerciale-efficace-4\/#primaryimage"},"thumbnailUrl":"https:\/\/empow-her.com\/wp-content\/uploads\/2024\/02\/Women-Dare-templates-events-8.png","datePublished":"2024-02-08T15:50:02+00:00","dateModified":"2024-02-16T14:30:16+00:00","breadcrumb":{"@id":"https:\/\/empow-her.com\/en\/produit\/atelier-planifier-et-lancer-une-activite-commerciale-efficace-4\/#breadcrumb"},"inLanguage":"es","potentialAction":[{"@type":"ReadAction","target":["https:\/\/empow-her.com\/en\/produit\/atelier-planifier-et-lancer-une-activite-commerciale-efficace-4\/"]}]},{"@type":"ImageObject","inLanguage":"es","@id":"https:\/\/empow-her.com\/en\/produit\/atelier-planifier-et-lancer-une-activite-commerciale-efficace-4\/#primaryimage","url":"https:\/\/empow-her.com\/wp-content\/uploads\/2024\/02\/Women-Dare-templates-events-8.png","contentUrl":"https:\/\/empow-her.com\/wp-content\/uploads\/2024\/02\/Women-Dare-templates-events-8.png","width":1080,"height":1080},{"@type":"BreadcrumbList","@id":"https:\/\/empow-her.com\/en\/produit\/atelier-planifier-et-lancer-une-activite-commerciale-efficace-4\/#breadcrumb","itemListElement":[{"@type":"ListItem","position":1,"name":"Accueil","item":"https:\/\/empow-her.com\/es\/inicio\/"},{"@type":"ListItem","position":2,"name":"LA BOUTIQUE","item":"https:\/\/empow-her.com\/boutique\/"},{"@type":"ListItem","position":3,"name":"Atelier &#8211; Planifier et lancer une activit\u00e9 commerciale efficace"}]},{"@type":"WebSite","@id":"https:\/\/empow-her.com\/#website","url":"https:\/\/empow-her.com\/","name":"Empow&#039;Her","description":"Women Development","potentialAction":[{"@type":"SearchAction","target":{"@type":"EntryPoint","urlTemplate":"https:\/\/empow-her.com\/?s={search_term_string}"},"query-input":{"@type":"PropertyValueSpecification","valueRequired":true,"valueName":"search_term_string"}}],"inLanguage":"es"}]}},"_links":{"self":[{"href":"https:\/\/empow-her.com\/es\/wp-json\/wp\/v2\/product\/243288","targetHints":{"allow":["GET"]}}],"collection":[{"href":"https:\/\/empow-her.com\/es\/wp-json\/wp\/v2\/product"}],"about":[{"href":"https:\/\/empow-her.com\/es\/wp-json\/wp\/v2\/types\/product"}],"wp:featuredmedia":[{"embeddable":true,"href":"https:\/\/empow-her.com\/es\/wp-json\/wp\/v2\/media\/243298"}],"wp:attachment":[{"href":"https:\/\/empow-her.com\/es\/wp-json\/wp\/v2\/media?parent=243288"}],"wp:term":[{"taxonomy":"product_brand","embeddable":true,"href":"https:\/\/empow-her.com\/es\/wp-json\/wp\/v2\/product_brand?post=243288"},{"taxonomy":"product_cat","embeddable":true,"href":"https:\/\/empow-her.com\/es\/wp-json\/wp\/v2\/product_cat?post=243288"},{"taxonomy":"product_tag","embeddable":true,"href":"https:\/\/empow-her.com\/es\/wp-json\/wp\/v2\/product_tag?post=243288"},{"taxonomy":"lieu","embeddable":true,"href":"https:\/\/empow-her.com\/es\/wp-json\/wp\/v2\/lieu?post=243288"},{"taxonomy":"thematiques","embeddable":true,"href":"https:\/\/empow-her.com\/es\/wp-json\/wp\/v2\/thematiques?post=243288"}],"curies":[{"name":"wp","href":"https:\/\/api.w.org\/{rel}","templated":true}]}}