{"id":242645,"date":"2024-02-05T15:07:06","date_gmt":"2024-02-05T14:07:06","guid":{"rendered":"https:\/\/empow-her.com\/?post_type=product&#038;p=242645"},"modified":"2024-02-28T12:29:21","modified_gmt":"2024-02-28T11:29:21","slug":"tisser-des-liens-de-sororite","status":"publish","type":"product","link":"https:\/\/empow-her.com\/es\/produit\/tisser-des-liens-de-sororite\/","title":{"rendered":"Atelier sp\u00e9cial droit des femmes &#8211; Tisser des liens de sororit\u00e9"},"content":{"rendered":"<h3><strong>Le vendredi 8 mars, participez \u00e0 une \u0153uvre collective engag\u00e9e dans les locaux de Sist&#8217;Her avec l&#8217;association Magnitude Z\u00e9ro et l&#8217;artiste Niyaz Azadikhah !<\/strong><\/h3>\n<p>\u00c0 l&#8217;occasion de la Journ\u00e9e internationale des droits des femmes, l&#8217;association Magnitude Z\u00e9ro vous invite <strong>le<\/strong> <strong>Vendredi 8 mars de 17h \u00e0 21,<\/strong> pour venir questionner nos droits, nos revendications, \u00e0 travers un atelier de cr\u00e9ation textile o\u00f9 chacune des participantes pourra r\u00e9aliser son propre motif ou slogan en broderie selon une technique transmise par l&#8217;artiste Niyaz Azadikhah.<\/p>\n<p>&nbsp;<\/p>\n<h3><strong>Pourquoi la broderie ?<\/strong><\/h3>\n<p>La broderie rev\u00eat une symbolique forte, celle de la suture qui permet la gu\u00e9rison, mais \u00e9galement celle des liens de solidarit\u00e9 qui se tissent entre les femmes \u00e0 travers cette pratique. <strong>Chaque cr\u00e9ation viendra s&#8217;inscrire dans une composition collective qui sera donc le fruit des r\u00e9flexions personnelles et collectives de ce moment de partage.<\/strong><\/p>\n<p>&nbsp;<\/p>\n<h3>Les objectifs ?<\/h3>\n<ul>\n<li>Cr\u00e9er un <strong>espace de confiance<\/strong> et de libre expression d\u00e9di\u00e9 aux femmes<\/li>\n<li>Tisser des liens de <strong>sororit\u00e9 entre les participantes<\/strong> \u00e0 travers une activit\u00e9 artistique<\/li>\n<li><strong>D\u00e9fendre les<\/strong> <strong>droits des femmes<\/strong> et encourager la mobilisation des femmes<\/li>\n<\/ul>\n<p>&nbsp;<\/p>\n<ul>\n<li style=\"list-style-type: none;\"><\/li>\n<\/ul>\n<p>L&#8217;atelier propos\u00e9 s&#8217;inscrit dans la programmation du projet <a href=\"https:\/\/www.instagram.com\/diademuertas_\/?hl=fr\"><strong>D\u00eda de las Muertas<\/strong><\/a>\u00a0 de l&#8217;association Magnitude Z\u00e9ro, qui <strong>vise \u00e0 sensibiliser un large public aux violences de genre et aux f\u00e9minicides<\/strong> <strong>\u00e0 travers une installation m\u00ealant recherche et cr\u00e9ation artistique. <\/strong>Pour sa cinqui\u00e8me \u00e9dition en novembre prochain, le projet questionnera le r\u00f4le de la cr\u00e9ation artistique au sein des mobilisations f\u00e9ministes.<\/p>\n<p>L&#8217;atelier du 8 mars sera anim\u00e9 par les membres de l&#8217;association <strong>Claudia Benitez et M\u00e9lanie Enes<\/strong>, respectivement responsable de projet et responsable artistique, ainsi que par l&#8217;artiste partenaire de l&#8217;association <strong>Niyaz Azadikhah<\/strong>.<\/p>\n<p>&nbsp;<\/p>\n<h3><strong>&#x1f440; Qui est l&#8217;association Magnitude Z\u00e9ro ?\u00a0<\/strong><\/h3>\n<p>Magnitude Z\u00e9ro est une association pluridisciplinaire qui vise \u00e0 <strong>sensibiliser \u00e0 des probl\u00e9matiques sociales<\/strong> contemporaines <strong>\u00e0 travers des projets artistiques et culturels<\/strong> mettant en avant la rencontre entre diff\u00e9rentes disciplines, diff\u00e9rentes approches et diff\u00e9rents publics. L\u2019association se concentre plus particuli\u00e8rement <strong>sur les probl\u00e9matiques li\u00e9es \u00e0 la condition des femmes, telles que les violences de genre.<\/strong><\/p>\n<p>&nbsp;<\/p>\n<h3><strong>&#x1f440; Qui est l&#8217;artiste Niyaz Azadikhah ?\u00a0<\/strong><\/h3>\n<p>Niyaz Azadikhah est une <strong>artiste autodidacte multidisciplinaire et communautaire<\/strong> bas\u00e9e \u00e0 Paris. \u00c0 travers son travail, allant de la <strong>peinture \u00e0 la broderie<\/strong> en passant par la <strong>vid\u00e9o d\u2019animation<\/strong>, Niyaz raconte les histoires des personnes qu&#8217;elle rencontre et explore les mondes int\u00e9rieurs des conteurs et leurs \u00e9motions li\u00e9es \u00e0 la peur, \u00e0 l&#8217;amour, aux souvenirs d&#8217;enfance, aux confessions, aux tabous culturels et aux traumatismes, en tant qu&#8217;artiste iranienne immerg\u00e9e dans ces exp\u00e9riences.<br \/>\n<strong>Ses \u0153uvres ont \u00e9t\u00e9 notamment \u00e9t\u00e9 pr\u00e9sent\u00e9es<\/strong> dans de nombreuses expositions, notamment le <strong>Centre Pompidou, Fondazione Imago Mundi, Mus\u00e9e d&#8217;Art Contemporain de Barcelone et le Palais de Tokyo<\/strong>. Ses derni\u00e8res vid\u00e9os d\u2019animations font partie de la Collectivit\u00e9 de Corse \u2013 Frac Corsica.<\/p>\n<p>&nbsp;<\/p>\n<p>Rendez-vous le <strong>Vendredi 8 mars de 17h \u00e0 21h<\/strong> pour cet \u00e9v\u00e9nement en non mixit\u00e9 chez Sist&#8217;Her &#x1f49c;<\/p>\n<p>&nbsp;<\/p>\n<p>&nbsp;<\/p>\n<p><strong>Infos pratiques :\u00a0<\/strong><\/p>\n<p>&#x1f4c6; Vendredi 8 mars 2024<br \/>\n&#x231b;&#xfe0f; De 17h \u00e0 21h<br \/>\n&#x1f516; R\u00e9servation gratuite obligatoire<br \/>\n&#x1f6ba; Ev\u00e9nement en non mixit\u00e9<br \/>\n&#x1faa1; Mat\u00e9riel fourni par l&#8217;association Magnitude Z\u00e9ro<\/p>\n<p>&#x1f4cd;<strong>Chez Sist&#8217;Her<\/strong>, 82 rue du Faubourg Saint-Martin, 75010 Paris.<\/p>\n<p>Ouvert en mars 2021 par l\u2019ONG\u00a0<a href=\"https:\/\/empow-her.com\/\">Empow\u2019Her<\/a>, Sist\u2019Her Paris est un espace de partage et de cr\u00e9ation f\u00e9ministe, accessible \u00e0 tous.tes, d\u00e9di\u00e9 \u00e0 l\u2019\u00e9criture collective d\u2019un nouveau narratif entrepreneurial et \u00e0 l\u2019outillage des combats pour des soci\u00e9t\u00e9s plus justes, durables et \u00e9galitaires.<\/p>\n<p>&nbsp;<\/p>\n<p>&nbsp;<\/p>\n<p>On a h\u00e2te de vous voir, \u00e0 tr\u00e8s vite &#x2728;<\/p>\n","protected":false},"excerpt":{"rendered":"<h3><strong>Le vendredi 8 mars, participez \u00e0 une \u0153uvre collective engag\u00e9e dans les locaux de Sist&#8217;Her avec l&#8217;association Magnitude Z\u00e9ro et l&#8217;artiste Niyaz Azadikhah !<\/strong><\/h3>\n<p>\u00c0 l&#8217;occasion de la Journ\u00e9e internationale des droits des femmes, l&#8217;association Magnitude Z\u00e9ro vous invite \u00e0 <strong>Tisser des liens de sororit\u00e9<\/strong> <strong>le<\/strong> <strong>Vendredi 8 mars de 17h \u00e0 21,<\/strong> pour venir questionner nos droits, nos revendications, \u00e0 travers un atelier de cr\u00e9ation textile o\u00f9 chacune des participantes pourra r\u00e9aliser son propre motif ou slogan en broderie selon une technique transmise par l&#8217;artiste Niyaz Azadikhah.<\/p>\n<p>&nbsp;<\/p>\n<h3><strong>Pourquoi la broderie ?<\/strong><\/h3>\n<p>La broderie rev\u00eat une symbolique forte, celle de la suture qui permet la gu\u00e9rison, mais \u00e9galement celle des liens de solidarit\u00e9 qui se tissent entre les femmes \u00e0 travers cette pratique. <strong>Chaque cr\u00e9ation viendra s&#8217;inscrire dans une composition collective qui sera donc le fruit des r\u00e9flexions personnelles et collectives de ce moment de partage.<\/strong><\/p>\n<p>&nbsp;<\/p>\n<h3>Les objectifs ?<\/h3>\n<ul>\n<li>Cr\u00e9er un <strong>espace de confiance<\/strong> et de libre expression d\u00e9di\u00e9 aux femmes<\/li>\n<li>Tisser des liens de <strong>sororit\u00e9 entre les participantes<\/strong> \u00e0 travers une activit\u00e9 artistique<\/li>\n<li><strong>D\u00e9fendre les<\/strong> <strong>droits des femmes<\/strong> et encourager la mobilisation des femmes<\/li>\n<\/ul>\n<p>&nbsp;<\/p>\n<ul>\n<li style=\"list-style-type: none;\"><\/li>\n<\/ul>\n<p>L&#8217;atelier propos\u00e9 s&#8217;inscrit dans la programmation du projet <a href=\"https:\/\/www.instagram.com\/diademuertas_\/?hl=fr\"><strong>D\u00eda de las Muertas<\/strong><\/a>\u00a0 de l&#8217;association Magnitude Z\u00e9ro, qui <strong>vise \u00e0 sensibiliser un large public aux violences de genre et aux f\u00e9minicides<\/strong> <strong>\u00e0 travers une installation m\u00ealant recherche et cr\u00e9ation artistique. <\/strong>Pour sa cinqui\u00e8me \u00e9dition en novembre prochain, le projet questionnera le r\u00f4le de la cr\u00e9ation artistique au sein des mobilisations f\u00e9ministes.<\/p>\n<p>L&#8217;atelier du 8 mars sera anim\u00e9 par les membres de l&#8217;association <strong>Claudia Benitez et M\u00e9lanie Enes<\/strong>, respectivement responsable de projet et responsable artistique, ainsi que par l&#8217;artiste partenaire de l&#8217;association <strong>Niyaz Azadikhah<\/strong>.<\/p>\n<p>&nbsp;<\/p>\n<h3><strong>&#x1f440; Qui est l&#8217;association Magnitude Z\u00e9ro ?\u00a0<\/strong><\/h3>\n<p>Magnitude Z\u00e9ro est une association pluridisciplinaire qui vise \u00e0 <strong>sensibiliser \u00e0 des probl\u00e9matiques sociales<\/strong> contemporaines <strong>\u00e0 travers des projets artistiques et culturels<\/strong> mettant en avant la rencontre entre diff\u00e9rentes disciplines, diff\u00e9rentes approches et diff\u00e9rents publics. L\u2019association se concentre plus particuli\u00e8rement <strong>sur les probl\u00e9matiques li\u00e9es \u00e0 la condition des femmes, telles que les violences de genre.<\/strong><\/p>\n<p>&nbsp;<\/p>\n<h3><strong>&#x1f440; Qui est l&#8217;artiste Niyaz Azadikhah ?\u00a0<\/strong><\/h3>\n<p>Niyaz Azadikhah est une <strong>artiste autodidacte multidisciplinaire et communautaire<\/strong> bas\u00e9e \u00e0 Paris. \u00c0 travers son travail, allant de la <strong>peinture \u00e0 la broderie<\/strong> en passant par la <strong>vid\u00e9o d\u2019animation<\/strong>, Niyaz raconte les histoires des personnes qu&#8217;elle rencontre et explore les mondes int\u00e9rieurs des conteurs et leurs \u00e9motions li\u00e9es \u00e0 la peur, \u00e0 l&#8217;amour, aux souvenirs d&#8217;enfance, aux confessions, aux tabous culturels et aux traumatismes, en tant qu&#8217;artiste iranienne immerg\u00e9e dans ces exp\u00e9riences.<br \/>\n<strong>Ses \u0153uvres ont notamment \u00e9t\u00e9 pr\u00e9sent\u00e9es<\/strong> dans de nombreuses expositions, notamment le <strong>Centre Pompidou, Fondazione Imago Mundi, Mus\u00e9e d&#8217;Art Contemporain de Barcelone et le Palais de Tokyo<\/strong>. Ses derni\u00e8res vid\u00e9os d\u2019animations font partie de la Collectivit\u00e9 de Corse \u2013 Frac Corsica.<\/p>\n<p>&nbsp;<\/p>\n<p>Rendez-vous le <strong>Vendredi 8 mars de 17h \u00e0 21h<\/strong> pour cet \u00e9v\u00e9nement en non mixit\u00e9 chez Sist&#8217;Her &#x1f49c;<\/p>\n<p>&nbsp;<\/p>\n<p>&nbsp;<\/p>\n<p><strong>Infos pratiques :\u00a0<\/strong><\/p>\n<p>&#x1f4c6; Vendredi 8 mars 2024<br \/>\n&#x231b;&#xfe0f; De 17h \u00e0 21h<br \/>\n&#x1f516; R\u00e9servation gratuite obligatoire<br \/>\n&#x1f6ba; Ev\u00e9nement en non mixit\u00e9<br \/>\n&#x1faa1; Mat\u00e9riel fourni par l&#8217;association Magnitude Z\u00e9ro<\/p>\n<p>&#x1f4cd;<strong>Chez Sist&#8217;Her<\/strong>, 82 rue du Faubourg Saint-Martin, 75010 Paris.<\/p>\n<p>Ouvert en mars 2021 par l\u2019ONG\u00a0<a href=\"https:\/\/empow-her.com\/\">Empow\u2019Her<\/a>, Sist\u2019Her Paris est un espace de partage et de cr\u00e9ation f\u00e9ministe, accessible \u00e0 tous.tes, d\u00e9di\u00e9 \u00e0 l\u2019\u00e9criture collective d\u2019un nouveau narratif entrepreneurial et \u00e0 l\u2019outillage des combats pour des soci\u00e9t\u00e9s plus justes, durables et \u00e9galitaires.<\/p>\n<p>&nbsp;<\/p>\n<p>&nbsp;<\/p>\n<p>On a h\u00e2te de vous voir, \u00e0 tr\u00e8s vite &#x2728;<\/p>\n","protected":false},"featured_media":243313,"template":"","format":"standard","meta":{"_acf_changed":false,"om_disable_all_campaigns":false,"_uf_show_specific_survey":0,"_uf_disable_surveys":false},"product_brand":[],"product_cat":[119],"product_tag":[178],"lieu":[127],"thematiques":[],"class_list":{"0":"post-242645","1":"product","2":"type-product","3":"status-publish","4":"format-standard","5":"has-post-thumbnail","7":"product_cat-evenement-sisther","8":"product_tag-evenement-sisther","9":"lieu-hub-empowher","11":"first","12":"instock","13":"virtual","14":"purchasable","15":"product-type-appointment"},"exclude_global_add_ons":[],"addons":[],"acf":[],"yoast_head":"<!-- This site is optimized with the Yoast SEO plugin v24.8 - https:\/\/yoast.com\/wordpress\/plugins\/seo\/ -->\n<title>Atelier sp\u00e9cial Journ\u00e9e Internationale des droits des femmes<\/title>\n<meta name=\"description\" content=\"Pour la Journ\u00e9e internationale des droits des femmes, nous vous donnons rendez-vous le Vendredi 8 mars pour un atelier en non mixit\u00e9, organis\u00e9 par Magnitude Z\u00e9ro avec l&#039;artiste Niyaz Azadikhah !\" \/>\n<meta name=\"robots\" content=\"index, follow, max-snippet:-1, max-image-preview:large, max-video-preview:-1\" \/>\n<link rel=\"canonical\" href=\"https:\/\/empow-her.com\/en\/produit\/tisser-des-liens-de-sororite\/\" \/>\n<meta property=\"og:locale\" content=\"es_ES\" \/>\n<meta property=\"og:type\" content=\"article\" \/>\n<meta property=\"og:title\" content=\"Atelier sp\u00e9cial Journ\u00e9e Internationale des droits des femmes\" \/>\n<meta property=\"og:description\" content=\"Pour la Journ\u00e9e internationale des droits des femmes, nous vous donnons rendez-vous le Vendredi 8 mars pour un atelier en non mixit\u00e9, organis\u00e9 par Magnitude Z\u00e9ro avec l&#039;artiste Niyaz Azadikhah !\" \/>\n<meta property=\"og:url\" content=\"https:\/\/empow-her.com\/en\/produit\/tisser-des-liens-de-sororite\/\" \/>\n<meta property=\"og:site_name\" content=\"Empow&#039;Her\" \/>\n<meta property=\"article:modified_time\" content=\"2024-02-28T11:29:21+00:00\" \/>\n<meta property=\"og:image\" content=\"https:\/\/empow-her.com\/wp-content\/uploads\/2024\/02\/shetalks-economie-circulaire-26.png\" \/>\n\t<meta property=\"og:image:width\" content=\"1080\" \/>\n\t<meta property=\"og:image:height\" content=\"1080\" \/>\n\t<meta property=\"og:image:type\" content=\"image\/png\" \/>\n<meta name=\"twitter:card\" content=\"summary_large_image\" \/>\n<meta name=\"twitter:label1\" content=\"Tiempo de lectura\" \/>\n\t<meta name=\"twitter:data1\" content=\"4 minutos\" \/>\n<script type=\"application\/ld+json\" class=\"yoast-schema-graph\">{\"@context\":\"https:\/\/schema.org\",\"@graph\":[{\"@type\":\"WebPage\",\"@id\":\"https:\/\/empow-her.com\/en\/produit\/tisser-des-liens-de-sororite\/\",\"url\":\"https:\/\/empow-her.com\/en\/produit\/tisser-des-liens-de-sororite\/\",\"name\":\"Atelier sp\u00e9cial Journ\u00e9e Internationale des droits des femmes\",\"isPartOf\":{\"@id\":\"https:\/\/empow-her.com\/#website\"},\"primaryImageOfPage\":{\"@id\":\"https:\/\/empow-her.com\/en\/produit\/tisser-des-liens-de-sororite\/#primaryimage\"},\"image\":{\"@id\":\"https:\/\/empow-her.com\/en\/produit\/tisser-des-liens-de-sororite\/#primaryimage\"},\"thumbnailUrl\":\"https:\/\/empow-her.com\/wp-content\/uploads\/2024\/02\/shetalks-economie-circulaire-26.png\",\"datePublished\":\"2024-02-05T14:07:06+00:00\",\"dateModified\":\"2024-02-28T11:29:21+00:00\",\"description\":\"Pour la Journ\u00e9e internationale des droits des femmes, nous vous donnons rendez-vous le Vendredi 8 mars pour un atelier en non mixit\u00e9, organis\u00e9 par Magnitude Z\u00e9ro avec l'artiste Niyaz Azadikhah !\",\"breadcrumb\":{\"@id\":\"https:\/\/empow-her.com\/en\/produit\/tisser-des-liens-de-sororite\/#breadcrumb\"},\"inLanguage\":\"es\",\"potentialAction\":[{\"@type\":\"ReadAction\",\"target\":[\"https:\/\/empow-her.com\/en\/produit\/tisser-des-liens-de-sororite\/\"]}]},{\"@type\":\"ImageObject\",\"inLanguage\":\"es\",\"@id\":\"https:\/\/empow-her.com\/en\/produit\/tisser-des-liens-de-sororite\/#primaryimage\",\"url\":\"https:\/\/empow-her.com\/wp-content\/uploads\/2024\/02\/shetalks-economie-circulaire-26.png\",\"contentUrl\":\"https:\/\/empow-her.com\/wp-content\/uploads\/2024\/02\/shetalks-economie-circulaire-26.png\",\"width\":1080,\"height\":1080},{\"@type\":\"BreadcrumbList\",\"@id\":\"https:\/\/empow-her.com\/en\/produit\/tisser-des-liens-de-sororite\/#breadcrumb\",\"itemListElement\":[{\"@type\":\"ListItem\",\"position\":1,\"name\":\"Accueil\",\"item\":\"https:\/\/empow-her.com\/es\/inicio\/\"},{\"@type\":\"ListItem\",\"position\":2,\"name\":\"LA BOUTIQUE\",\"item\":\"https:\/\/empow-her.com\/boutique\/\"},{\"@type\":\"ListItem\",\"position\":3,\"name\":\"Atelier sp\u00e9cial droit des femmes &#8211; Tisser des liens de sororit\u00e9\"}]},{\"@type\":\"WebSite\",\"@id\":\"https:\/\/empow-her.com\/#website\",\"url\":\"https:\/\/empow-her.com\/\",\"name\":\"Empow&#039;Her\",\"description\":\"Women Development\",\"potentialAction\":[{\"@type\":\"SearchAction\",\"target\":{\"@type\":\"EntryPoint\",\"urlTemplate\":\"https:\/\/empow-her.com\/?s={search_term_string}\"},\"query-input\":{\"@type\":\"PropertyValueSpecification\",\"valueRequired\":true,\"valueName\":\"search_term_string\"}}],\"inLanguage\":\"es\"}]}<\/script>\n<!-- \/ Yoast SEO plugin. -->","yoast_head_json":{"title":"Atelier sp\u00e9cial Journ\u00e9e Internationale des droits des femmes","description":"Pour la Journ\u00e9e internationale des droits des femmes, nous vous donnons rendez-vous le Vendredi 8 mars pour un atelier en non mixit\u00e9, organis\u00e9 par Magnitude Z\u00e9ro avec l'artiste Niyaz Azadikhah !","robots":{"index":"index","follow":"follow","max-snippet":"max-snippet:-1","max-image-preview":"max-image-preview:large","max-video-preview":"max-video-preview:-1"},"canonical":"https:\/\/empow-her.com\/en\/produit\/tisser-des-liens-de-sororite\/","og_locale":"es_ES","og_type":"article","og_title":"Atelier sp\u00e9cial Journ\u00e9e Internationale des droits des femmes","og_description":"Pour la Journ\u00e9e internationale des droits des femmes, nous vous donnons rendez-vous le Vendredi 8 mars pour un atelier en non mixit\u00e9, organis\u00e9 par Magnitude Z\u00e9ro avec l'artiste Niyaz Azadikhah !","og_url":"https:\/\/empow-her.com\/en\/produit\/tisser-des-liens-de-sororite\/","og_site_name":"Empow&#039;Her","article_modified_time":"2024-02-28T11:29:21+00:00","og_image":[{"width":1080,"height":1080,"url":"https:\/\/empow-her.com\/wp-content\/uploads\/2024\/02\/shetalks-economie-circulaire-26.png","type":"image\/png"}],"twitter_card":"summary_large_image","twitter_misc":{"Tiempo de lectura":"4 minutos"},"schema":{"@context":"https:\/\/schema.org","@graph":[{"@type":"WebPage","@id":"https:\/\/empow-her.com\/en\/produit\/tisser-des-liens-de-sororite\/","url":"https:\/\/empow-her.com\/en\/produit\/tisser-des-liens-de-sororite\/","name":"Atelier sp\u00e9cial Journ\u00e9e Internationale des droits des femmes","isPartOf":{"@id":"https:\/\/empow-her.com\/#website"},"primaryImageOfPage":{"@id":"https:\/\/empow-her.com\/en\/produit\/tisser-des-liens-de-sororite\/#primaryimage"},"image":{"@id":"https:\/\/empow-her.com\/en\/produit\/tisser-des-liens-de-sororite\/#primaryimage"},"thumbnailUrl":"https:\/\/empow-her.com\/wp-content\/uploads\/2024\/02\/shetalks-economie-circulaire-26.png","datePublished":"2024-02-05T14:07:06+00:00","dateModified":"2024-02-28T11:29:21+00:00","description":"Pour la Journ\u00e9e internationale des droits des femmes, nous vous donnons rendez-vous le Vendredi 8 mars pour un atelier en non mixit\u00e9, organis\u00e9 par Magnitude Z\u00e9ro avec l'artiste Niyaz Azadikhah !","breadcrumb":{"@id":"https:\/\/empow-her.com\/en\/produit\/tisser-des-liens-de-sororite\/#breadcrumb"},"inLanguage":"es","potentialAction":[{"@type":"ReadAction","target":["https:\/\/empow-her.com\/en\/produit\/tisser-des-liens-de-sororite\/"]}]},{"@type":"ImageObject","inLanguage":"es","@id":"https:\/\/empow-her.com\/en\/produit\/tisser-des-liens-de-sororite\/#primaryimage","url":"https:\/\/empow-her.com\/wp-content\/uploads\/2024\/02\/shetalks-economie-circulaire-26.png","contentUrl":"https:\/\/empow-her.com\/wp-content\/uploads\/2024\/02\/shetalks-economie-circulaire-26.png","width":1080,"height":1080},{"@type":"BreadcrumbList","@id":"https:\/\/empow-her.com\/en\/produit\/tisser-des-liens-de-sororite\/#breadcrumb","itemListElement":[{"@type":"ListItem","position":1,"name":"Accueil","item":"https:\/\/empow-her.com\/es\/inicio\/"},{"@type":"ListItem","position":2,"name":"LA BOUTIQUE","item":"https:\/\/empow-her.com\/boutique\/"},{"@type":"ListItem","position":3,"name":"Atelier sp\u00e9cial droit des femmes &#8211; Tisser des liens de sororit\u00e9"}]},{"@type":"WebSite","@id":"https:\/\/empow-her.com\/#website","url":"https:\/\/empow-her.com\/","name":"Empow&#039;Her","description":"Women Development","potentialAction":[{"@type":"SearchAction","target":{"@type":"EntryPoint","urlTemplate":"https:\/\/empow-her.com\/?s={search_term_string}"},"query-input":{"@type":"PropertyValueSpecification","valueRequired":true,"valueName":"search_term_string"}}],"inLanguage":"es"}]}},"_links":{"self":[{"href":"https:\/\/empow-her.com\/es\/wp-json\/wp\/v2\/product\/242645","targetHints":{"allow":["GET"]}}],"collection":[{"href":"https:\/\/empow-her.com\/es\/wp-json\/wp\/v2\/product"}],"about":[{"href":"https:\/\/empow-her.com\/es\/wp-json\/wp\/v2\/types\/product"}],"wp:featuredmedia":[{"embeddable":true,"href":"https:\/\/empow-her.com\/es\/wp-json\/wp\/v2\/media\/243313"}],"wp:attachment":[{"href":"https:\/\/empow-her.com\/es\/wp-json\/wp\/v2\/media?parent=242645"}],"wp:term":[{"taxonomy":"product_brand","embeddable":true,"href":"https:\/\/empow-her.com\/es\/wp-json\/wp\/v2\/product_brand?post=242645"},{"taxonomy":"product_cat","embeddable":true,"href":"https:\/\/empow-her.com\/es\/wp-json\/wp\/v2\/product_cat?post=242645"},{"taxonomy":"product_tag","embeddable":true,"href":"https:\/\/empow-her.com\/es\/wp-json\/wp\/v2\/product_tag?post=242645"},{"taxonomy":"lieu","embeddable":true,"href":"https:\/\/empow-her.com\/es\/wp-json\/wp\/v2\/lieu?post=242645"},{"taxonomy":"thematiques","embeddable":true,"href":"https:\/\/empow-her.com\/es\/wp-json\/wp\/v2\/thematiques?post=242645"}],"curies":[{"name":"wp","href":"https:\/\/api.w.org\/{rel}","templated":true}]}}