{"id":240900,"date":"2024-01-29T16:12:20","date_gmt":"2024-01-29T15:12:20","guid":{"rendered":"https:\/\/empow-her.com\/?post_type=product&#038;p=240900"},"modified":"2024-02-09T09:43:45","modified_gmt":"2024-02-09T08:43:45","slug":"testher-evenementiel","status":"publish","type":"product","link":"https:\/\/empow-her.com\/es\/produit\/testher-evenementiel\/","title":{"rendered":"Test&#8217;Her \u00e9v\u00e8nementiel : Soir\u00e9e sexo, aidez une entrepreneuse \u00e0 am\u00e9liorer son concept d&#8217;\u00e9v\u00e9nement !"},"content":{"rendered":"<h3>Le Test&#8217;Her \u00e9v\u00e9nementiel d\u00e9barque en soir\u00e9e sexo : aidez une entrepreneuse \u00e0 am\u00e9liorer son concept d&#8217;\u00e9v\u00e9nement !<\/h3>\n<p>&#x1f469;&#x200d;&#x1f52c; Le Test&#8217;Her c&#8217;est un format qui permet aux entrepreneuses accompagn\u00e9es par l&#8217;association Empow&#8217;Her de tester leurs produits aupr\u00e8s de futur.e.s client.e.s. Cet \u00e9v\u00e9nement de 2h comprend un temps de retours o\u00f9 vous pouvez donner vos avis, et partager vos ressentis avec la porteuse de projet.<\/p>\n<p>&nbsp;<\/p>\n<p>&#x2728; Le <strong>Mardi 27 f\u00e9vrier de 18h30 \u00e0 21h30<\/strong>, on vous propose de plonger dans l&#8217;univers de Les Vagues.<\/p>\n<p>Le temps d&#8217;une soir\u00e9e, laissez vous porter ! Vous serez les premi\u00e8res \u00e0 vivre ce moment (avant que tout le monde ne s&#8217;arrache les places \u00e0 Paris &#x1f440;).<\/p>\n<p><strong>Concr\u00e8tement, qu&#8217;est-ce qui vous attend ?<\/strong><br \/>\nLe projet Les Vagues <a href=\"https:\/\/www.instagram.com\/_les_vagues\/\">@_Les_Vagues<\/a> propose des ateliers collectifs anim\u00e9s par des expert.e.s de diverses disciplines pour (re)rencontrer son d\u00e9sir, son plaisir et sa puissance.<\/p>\n<p>L\u2019objectif ? Lib\u00e9rer le corps et la parole pour lib\u00e9rer le plaisir et apporter plus d\u2019\u00e9galit\u00e9 dans l\u2019intimit\u00e9 en d\u00e9construisant les normes limitant son plein \u00e9panouissement.<\/p>\n<p>Rendez-vous chez Sist&#8217;Her pour tester l\u2019\u00e9v\u00e9nement \u201cImaginaire &amp; Fantasmes\u201d, fruit de la collaboration de 3 entrepreneuses autour de deux ateliers au choix :<\/p>\n<ul>\n<li>Un atelier d\u2019\u00e9criture cr\u00e9ative, par Emilie Fau <a href=\"https:\/\/emiliefau.net\">@lesmotsfauves<\/a><\/li>\n<li>Une exp\u00e9rience d\u2019hypnose guid\u00e9e, par Maud Virey <a href=\"https:\/\/www.instagram.com\/madame.hypno\/\">@Madame.hypno<\/a> (cet atelier est d\u00e9conseill\u00e9 aux personnes soufrant de bi polarit\u00e9, schizophr\u00e9nie, d\u00e9pression)<\/li>\n<\/ul>\n<p>Exp\u00e9rimentez une nouvelle fa\u00e7on de rencontrer ses fantasmes, sans obligation de les d\u00e9voiler. Nous vous proposons un espace pour vous laisser surprendre par votre inconscient.<\/p>\n<p>&#x1f449; Cet <strong>atelier sorore en non mixit\u00e9 choisie<\/strong> est destin\u00e9 aux personnes <strong>se reconnaissant dans le v\u00e9cu du spectre de la f\u00e9minit\u00e9<\/strong>.<\/p>\n<p>&nbsp;<\/p>\n<h4><strong>Infos pratiques :\u00a0<\/strong><\/h4>\n<p>&#x1f4c6; Le mardi 27 f\u00e9vrier<br \/>\n&#x231b;&#xfe0f; De 18h30 \u00e0 21h30<br \/>\n&#x1f516; R\u00e9servation gratuite obligatoire<br \/>\n&#x1f4cd; Chez Sist\u2019Her, 82 rue du Faubourg St-Martin, 75010 Paris<\/p>\n<p>Ouvert en mars 2021 par l\u2019ONG\u00a0<a href=\"https:\/\/empow-her.com\/\">Empow\u2019Her<\/a>, Sist\u2019Her Paris est un espace de partage et de cr\u00e9ation f\u00e9ministe. Accessible \u00e0 tous.tes le lieu est d\u00e9di\u00e9 \u00e0 l\u2019\u00e9criture collective d\u2019un nouveau narratif entrepreneurial et \u00e0 l\u2019outillage des combats pour des soci\u00e9t\u00e9s plus justes, durables et \u00e9galitaires.<\/p>\n<p>&nbsp;<\/p>\n<p>On esp\u00e8re vous voir nombreux\u00b7ses ! &#x2728;<\/p>\n","protected":false},"excerpt":{"rendered":"<h3>Le Test&#8217;Her \u00e9v\u00e9nementiel d\u00e9barque en soir\u00e9e sexo : aidez une entrepreneuse \u00e0 am\u00e9liorer son concept d&#8217;\u00e9v\u00e9nement !<\/h3>\n<p>&#x1f469;&#x200d;&#x1f52c; Le Test&#8217;Her c&#8217;est un format qui permet aux entrepreneuses accompagn\u00e9es par l&#8217;association Empow&#8217;Her de tester leurs produits aupr\u00e8s de futur.e.s client.e.s. Cet \u00e9v\u00e9nement de 2h comprend un temps de retours o\u00f9 vous pouvez donner vos avis, et partager vos ressentis avec la porteuse de projet.<\/p>\n<p>&nbsp;<\/p>\n<p>&#x2728; Le <strong>Mardi 27 f\u00e9vrier de 18h30 \u00e0 21h30<\/strong>, on vous propose de plonger dans l&#8217;univers de Les Vagues.<\/p>\n<p>Le temps d&#8217;une soir\u00e9e, laissez vous porter ! Vous serez les premi\u00e8res \u00e0 vivre ce moment (avant que tout le monde ne s&#8217;arrache les places \u00e0 Paris &#x1f440;).<\/p>\n<p><strong>Concr\u00e8tement, qu&#8217;est-ce qui vous attend ?<\/strong><br \/>\nLe projet Les Vagues <a href=\"https:\/\/www.instagram.com\/_les_vagues\/\">@_Les_Vagues<\/a> propose des ateliers collectifs anim\u00e9s par des expert.e.s de diverses disciplines pour (re)rencontrer son d\u00e9sir, son plaisir et sa puissance.<\/p>\n<p>L\u2019objectif ? Lib\u00e9rer le corps et la parole pour lib\u00e9rer le plaisir et apporter plus d\u2019\u00e9galit\u00e9 dans l\u2019intimit\u00e9 en d\u00e9construisant les normes limitant son plein \u00e9panouissement.<\/p>\n<p>Rendez-vous chez Sist&#8217;Her pour tester l\u2019\u00e9v\u00e9nement \u201cImaginaire &amp; Fantasmes\u201d, fruit de la collaboration de 3 entrepreneuses autour de deux ateliers au choix :<\/p>\n<ul>\n<li>Un atelier d\u2019\u00e9criture cr\u00e9ative, par Emilie Fau <a href=\"https:\/\/emiliefau.net\">@lesmotsfauves<\/a><\/li>\n<li>Une exp\u00e9rience d\u2019hypnose guid\u00e9e, par Maud Virey <a href=\"https:\/\/www.instagram.com\/madame.hypno\/\">@Madame.hypno<\/a> (cet atelier est d\u00e9conseill\u00e9 aux personnes soufrant de bi polarit\u00e9, schizophr\u00e9nie, d\u00e9pression)<\/li>\n<\/ul>\n<p>Exp\u00e9rimentez une nouvelle fa\u00e7on de rencontrer ses fantasmes, sans obligation de les d\u00e9voiler. Nous vous proposons un espace pour vous laisser surprendre par votre inconscient.<\/p>\n<p>&#x1f449; Cet <strong>atelier sorore en non mixit\u00e9 choisie<\/strong> est destin\u00e9 aux personnes <strong>se reconnaissant dans le v\u00e9cu du spectre de la f\u00e9minit\u00e9<\/strong>.<\/p>\n<p>&nbsp;<\/p>\n<h4><strong>Infos pratiques :\u00a0<\/strong><\/h4>\n<p>&#x1f4c6; Le mardi 27 f\u00e9vrier<br \/>\n&#x231b;&#xfe0f; De 18h30 \u00e0 21h30<br \/>\n&#x1f516; R\u00e9servation gratuite obligatoire<br \/>\n&#x1f4cd; Chez Sist\u2019Her, 82 rue du Faubourg St-Martin, 75010 Paris<\/p>\n<p>Ouvert en mars 2021 par l\u2019ONG\u00a0<a href=\"https:\/\/empow-her.com\/\">Empow\u2019Her<\/a>, Sist\u2019Her Paris est un espace de partage et de cr\u00e9ation f\u00e9ministe. Accessible \u00e0 tous.tes le lieu est d\u00e9di\u00e9 \u00e0 l\u2019\u00e9criture collective d\u2019un nouveau narratif entrepreneurial et \u00e0 l\u2019outillage des combats pour des soci\u00e9t\u00e9s plus justes, durables et \u00e9galitaires.<\/p>\n<p>&nbsp;<\/p>\n<p>On esp\u00e8re vous voir nombreux\u00b7ses ! &#x2728;<\/p>\n","protected":false},"featured_media":240924,"template":"","format":"standard","meta":{"_acf_changed":false,"om_disable_all_campaigns":false,"_uf_show_specific_survey":0,"_uf_disable_surveys":false},"product_brand":[],"product_cat":[119],"product_tag":[],"lieu":[127],"thematiques":[],"class_list":{"0":"post-240900","1":"product","2":"type-product","3":"status-publish","4":"format-standard","5":"has-post-thumbnail","7":"product_cat-evenement-sisther","8":"lieu-hub-empowher","10":"first","11":"instock","12":"virtual","13":"purchasable","14":"product-type-appointment"},"exclude_global_add_ons":[],"addons":[],"acf":[],"yoast_head":"<!-- This site is optimized with the Yoast SEO plugin v24.8 - https:\/\/yoast.com\/wordpress\/plugins\/seo\/ -->\n<title>Test&#039;Her \u00e9v\u00e9nementiel !<\/title>\n<meta name=\"description\" content=\"Le Test&#039;Her d\u00e9barque en soir\u00e9e sexo : aidez une entrepreneuse \u00e0 am\u00e9liorer son concept d&#039;\u00e9v\u00e9nement ! Rendez-vous mardi 27 f\u00e9vrier de 18h30 \u00e0 21h30 !\" \/>\n<meta name=\"robots\" content=\"index, follow, max-snippet:-1, max-image-preview:large, max-video-preview:-1\" \/>\n<link rel=\"canonical\" href=\"https:\/\/empow-her.com\/en\/produit\/testher-evenementiel\/\" \/>\n<meta property=\"og:locale\" content=\"es_ES\" \/>\n<meta property=\"og:type\" content=\"article\" \/>\n<meta property=\"og:title\" content=\"Test&#039;Her \u00e9v\u00e9nementiel !\" \/>\n<meta property=\"og:description\" content=\"Le Test&#039;Her d\u00e9barque en soir\u00e9e sexo : aidez une entrepreneuse \u00e0 am\u00e9liorer son concept d&#039;\u00e9v\u00e9nement ! Rendez-vous mardi 27 f\u00e9vrier de 18h30 \u00e0 21h30 !\" \/>\n<meta property=\"og:url\" content=\"https:\/\/empow-her.com\/en\/produit\/testher-evenementiel\/\" \/>\n<meta property=\"og:site_name\" content=\"Empow&#039;Her\" \/>\n<meta property=\"article:modified_time\" content=\"2024-02-09T08:43:45+00:00\" \/>\n<meta property=\"og:image\" content=\"https:\/\/empow-her.com\/wp-content\/uploads\/2024\/01\/shetalks-economie-circulaire-25.png\" \/>\n\t<meta property=\"og:image:width\" content=\"1080\" \/>\n\t<meta property=\"og:image:height\" content=\"1080\" \/>\n\t<meta property=\"og:image:type\" content=\"image\/png\" \/>\n<meta name=\"twitter:card\" content=\"summary_large_image\" \/>\n<meta name=\"twitter:label1\" content=\"Tiempo de lectura\" \/>\n\t<meta name=\"twitter:data1\" content=\"2 minutos\" \/>\n<script type=\"application\/ld+json\" class=\"yoast-schema-graph\">{\"@context\":\"https:\/\/schema.org\",\"@graph\":[{\"@type\":\"WebPage\",\"@id\":\"https:\/\/empow-her.com\/en\/produit\/testher-evenementiel\/\",\"url\":\"https:\/\/empow-her.com\/en\/produit\/testher-evenementiel\/\",\"name\":\"Test'Her \u00e9v\u00e9nementiel !\",\"isPartOf\":{\"@id\":\"https:\/\/empow-her.com\/#website\"},\"primaryImageOfPage\":{\"@id\":\"https:\/\/empow-her.com\/en\/produit\/testher-evenementiel\/#primaryimage\"},\"image\":{\"@id\":\"https:\/\/empow-her.com\/en\/produit\/testher-evenementiel\/#primaryimage\"},\"thumbnailUrl\":\"https:\/\/empow-her.com\/wp-content\/uploads\/2024\/01\/shetalks-economie-circulaire-25.png\",\"datePublished\":\"2024-01-29T15:12:20+00:00\",\"dateModified\":\"2024-02-09T08:43:45+00:00\",\"description\":\"Le Test'Her d\u00e9barque en soir\u00e9e sexo : aidez une entrepreneuse \u00e0 am\u00e9liorer son concept d'\u00e9v\u00e9nement ! Rendez-vous mardi 27 f\u00e9vrier de 18h30 \u00e0 21h30 !\",\"breadcrumb\":{\"@id\":\"https:\/\/empow-her.com\/en\/produit\/testher-evenementiel\/#breadcrumb\"},\"inLanguage\":\"es\",\"potentialAction\":[{\"@type\":\"ReadAction\",\"target\":[\"https:\/\/empow-her.com\/en\/produit\/testher-evenementiel\/\"]}]},{\"@type\":\"ImageObject\",\"inLanguage\":\"es\",\"@id\":\"https:\/\/empow-her.com\/en\/produit\/testher-evenementiel\/#primaryimage\",\"url\":\"https:\/\/empow-her.com\/wp-content\/uploads\/2024\/01\/shetalks-economie-circulaire-25.png\",\"contentUrl\":\"https:\/\/empow-her.com\/wp-content\/uploads\/2024\/01\/shetalks-economie-circulaire-25.png\",\"width\":1080,\"height\":1080},{\"@type\":\"BreadcrumbList\",\"@id\":\"https:\/\/empow-her.com\/en\/produit\/testher-evenementiel\/#breadcrumb\",\"itemListElement\":[{\"@type\":\"ListItem\",\"position\":1,\"name\":\"Accueil\",\"item\":\"https:\/\/empow-her.com\/es\/inicio\/\"},{\"@type\":\"ListItem\",\"position\":2,\"name\":\"LA BOUTIQUE\",\"item\":\"https:\/\/empow-her.com\/boutique\/\"},{\"@type\":\"ListItem\",\"position\":3,\"name\":\"Test&#8217;Her \u00e9v\u00e8nementiel : Soir\u00e9e sexo, aidez une entrepreneuse \u00e0 am\u00e9liorer son concept d&#8217;\u00e9v\u00e9nement !\"}]},{\"@type\":\"WebSite\",\"@id\":\"https:\/\/empow-her.com\/#website\",\"url\":\"https:\/\/empow-her.com\/\",\"name\":\"Empow&#039;Her\",\"description\":\"Women Development\",\"potentialAction\":[{\"@type\":\"SearchAction\",\"target\":{\"@type\":\"EntryPoint\",\"urlTemplate\":\"https:\/\/empow-her.com\/?s={search_term_string}\"},\"query-input\":{\"@type\":\"PropertyValueSpecification\",\"valueRequired\":true,\"valueName\":\"search_term_string\"}}],\"inLanguage\":\"es\"}]}<\/script>\n<!-- \/ Yoast SEO plugin. -->","yoast_head_json":{"title":"Test'Her \u00e9v\u00e9nementiel !","description":"Le Test'Her d\u00e9barque en soir\u00e9e sexo : aidez une entrepreneuse \u00e0 am\u00e9liorer son concept d'\u00e9v\u00e9nement ! Rendez-vous mardi 27 f\u00e9vrier de 18h30 \u00e0 21h30 !","robots":{"index":"index","follow":"follow","max-snippet":"max-snippet:-1","max-image-preview":"max-image-preview:large","max-video-preview":"max-video-preview:-1"},"canonical":"https:\/\/empow-her.com\/en\/produit\/testher-evenementiel\/","og_locale":"es_ES","og_type":"article","og_title":"Test'Her \u00e9v\u00e9nementiel !","og_description":"Le Test'Her d\u00e9barque en soir\u00e9e sexo : aidez une entrepreneuse \u00e0 am\u00e9liorer son concept d'\u00e9v\u00e9nement ! Rendez-vous mardi 27 f\u00e9vrier de 18h30 \u00e0 21h30 !","og_url":"https:\/\/empow-her.com\/en\/produit\/testher-evenementiel\/","og_site_name":"Empow&#039;Her","article_modified_time":"2024-02-09T08:43:45+00:00","og_image":[{"width":1080,"height":1080,"url":"https:\/\/empow-her.com\/wp-content\/uploads\/2024\/01\/shetalks-economie-circulaire-25.png","type":"image\/png"}],"twitter_card":"summary_large_image","twitter_misc":{"Tiempo de lectura":"2 minutos"},"schema":{"@context":"https:\/\/schema.org","@graph":[{"@type":"WebPage","@id":"https:\/\/empow-her.com\/en\/produit\/testher-evenementiel\/","url":"https:\/\/empow-her.com\/en\/produit\/testher-evenementiel\/","name":"Test'Her \u00e9v\u00e9nementiel !","isPartOf":{"@id":"https:\/\/empow-her.com\/#website"},"primaryImageOfPage":{"@id":"https:\/\/empow-her.com\/en\/produit\/testher-evenementiel\/#primaryimage"},"image":{"@id":"https:\/\/empow-her.com\/en\/produit\/testher-evenementiel\/#primaryimage"},"thumbnailUrl":"https:\/\/empow-her.com\/wp-content\/uploads\/2024\/01\/shetalks-economie-circulaire-25.png","datePublished":"2024-01-29T15:12:20+00:00","dateModified":"2024-02-09T08:43:45+00:00","description":"Le Test'Her d\u00e9barque en soir\u00e9e sexo : aidez une entrepreneuse \u00e0 am\u00e9liorer son concept d'\u00e9v\u00e9nement ! Rendez-vous mardi 27 f\u00e9vrier de 18h30 \u00e0 21h30 !","breadcrumb":{"@id":"https:\/\/empow-her.com\/en\/produit\/testher-evenementiel\/#breadcrumb"},"inLanguage":"es","potentialAction":[{"@type":"ReadAction","target":["https:\/\/empow-her.com\/en\/produit\/testher-evenementiel\/"]}]},{"@type":"ImageObject","inLanguage":"es","@id":"https:\/\/empow-her.com\/en\/produit\/testher-evenementiel\/#primaryimage","url":"https:\/\/empow-her.com\/wp-content\/uploads\/2024\/01\/shetalks-economie-circulaire-25.png","contentUrl":"https:\/\/empow-her.com\/wp-content\/uploads\/2024\/01\/shetalks-economie-circulaire-25.png","width":1080,"height":1080},{"@type":"BreadcrumbList","@id":"https:\/\/empow-her.com\/en\/produit\/testher-evenementiel\/#breadcrumb","itemListElement":[{"@type":"ListItem","position":1,"name":"Accueil","item":"https:\/\/empow-her.com\/es\/inicio\/"},{"@type":"ListItem","position":2,"name":"LA BOUTIQUE","item":"https:\/\/empow-her.com\/boutique\/"},{"@type":"ListItem","position":3,"name":"Test&#8217;Her \u00e9v\u00e8nementiel : Soir\u00e9e sexo, aidez une entrepreneuse \u00e0 am\u00e9liorer son concept d&#8217;\u00e9v\u00e9nement !"}]},{"@type":"WebSite","@id":"https:\/\/empow-her.com\/#website","url":"https:\/\/empow-her.com\/","name":"Empow&#039;Her","description":"Women Development","potentialAction":[{"@type":"SearchAction","target":{"@type":"EntryPoint","urlTemplate":"https:\/\/empow-her.com\/?s={search_term_string}"},"query-input":{"@type":"PropertyValueSpecification","valueRequired":true,"valueName":"search_term_string"}}],"inLanguage":"es"}]}},"_links":{"self":[{"href":"https:\/\/empow-her.com\/es\/wp-json\/wp\/v2\/product\/240900","targetHints":{"allow":["GET"]}}],"collection":[{"href":"https:\/\/empow-her.com\/es\/wp-json\/wp\/v2\/product"}],"about":[{"href":"https:\/\/empow-her.com\/es\/wp-json\/wp\/v2\/types\/product"}],"wp:featuredmedia":[{"embeddable":true,"href":"https:\/\/empow-her.com\/es\/wp-json\/wp\/v2\/media\/240924"}],"wp:attachment":[{"href":"https:\/\/empow-her.com\/es\/wp-json\/wp\/v2\/media?parent=240900"}],"wp:term":[{"taxonomy":"product_brand","embeddable":true,"href":"https:\/\/empow-her.com\/es\/wp-json\/wp\/v2\/product_brand?post=240900"},{"taxonomy":"product_cat","embeddable":true,"href":"https:\/\/empow-her.com\/es\/wp-json\/wp\/v2\/product_cat?post=240900"},{"taxonomy":"product_tag","embeddable":true,"href":"https:\/\/empow-her.com\/es\/wp-json\/wp\/v2\/product_tag?post=240900"},{"taxonomy":"lieu","embeddable":true,"href":"https:\/\/empow-her.com\/es\/wp-json\/wp\/v2\/lieu?post=240900"},{"taxonomy":"thematiques","embeddable":true,"href":"https:\/\/empow-her.com\/es\/wp-json\/wp\/v2\/thematiques?post=240900"}],"curies":[{"name":"wp","href":"https:\/\/api.w.org\/{rel}","templated":true}]}}