{"id":239308,"date":"2024-01-23T13:48:40","date_gmt":"2024-01-23T12:48:40","guid":{"rendered":"https:\/\/empow-her.com\/?post_type=product&#038;p=239308"},"modified":"2024-02-07T17:21:18","modified_gmt":"2024-02-07T16:21:18","slug":"sorority-show-levenement-sorore-au-service-de-votre-projet","status":"publish","type":"product","link":"https:\/\/empow-her.com\/es\/produit\/sorority-show-levenement-sorore-au-service-de-votre-projet\/","title":{"rendered":"Sorority Show : L&#8217;\u00e9v\u00e9nement sorore au service de votre projet !"},"content":{"rendered":"<h3>Le Sorority Show : l&#8217;\u00e9v\u00e9nement sorore au service de votre projet !<span class=\"OYPEnA text-decoration-none text-strikethrough-none\">\u00a0Un format d\u2019intelligence collective pour les entrepreneuses.\u00a0<\/span><\/h3>\n<p><strong>Au programme du jeudi 15 f\u00e9vrier de 18h30 \u00e0 20h30 chez Sist&#8217;Her : <\/strong><\/p>\n<ul>\n<li>2h d\u2019\u00e9v\u00e9nement<\/li>\n<li>5 \u00e9tapes pour prendre confiance pour tes prises de paroles en public, tes pitchs et tes projets<\/li>\n<li>2 Shows rythm\u00e9s et encadr\u00e9s par une \u00e9quipe motiv\u00e9e \u00e0 bloc<\/li>\n<li>Des stars et des coachs reboost\u00e9es et pr\u00eates \u00e0 viser la lune (\u00e7a leur fait pas peur&#x1f3a4;&#x2728;)<\/li>\n<\/ul>\n<h4><strong>Sorority Show, pourquoi faire ? &#x1f447;<\/strong><\/h4>\n<p><strong>Objectif #1<\/strong> : T&#8217;entrainer devant un public bienveillant pour te booster et te rassurer !<\/p>\n<p><strong>Objectif #2<\/strong> : Te confronter \u00e0 des retours sur ta prise de parole &#8212; pour challenger le fond ou la forme, la posture ou les id\u00e9es !<\/p>\n<p><strong>Objectif #3<\/strong> : T&#8217;inspirer, par la d\u00e9couverte d&#8217;autres projets, et des postures vari\u00e9es des femmes de notre r\u00e9seau !<\/p>\n<p>&nbsp;<\/p>\n<div>\n<p>&#x1f44b; <strong>Rejoignez-nous, le jeudi 15 f\u00e9vrier de 18h30 \u00e0 20h30 chez Sist&#8217;Her pour se challenger et se d\u00e9passer dans la convivialit\u00e9, la bienveillance et en sororit\u00e9 !<\/strong><\/p>\n<\/div>\n<div><\/div>\n<div><\/div>\n<div class=\"l7ghb35v kjdc1dyq kmwttqpk gh25dzvf jikcssrz\"><strong>Infos pratiques<\/strong><br \/>\n<span class=\"fxk3tzhb b2rh1bv3 gh55jysx m8h3af8h ewco64xe kjdc1dyq ms56khn7 bq6c9xl4 eohcrkr5 akh3l2rg\"><img decoding=\"async\" src=\"https:\/\/static.xx.fbcdn.net\/images\/emoji.php\/v9\/td7\/1.5\/16\/1f4c5.png\" alt=\"&#x1f4c5;\" width=\"16\" height=\"16\" \/><\/span> Jeudi 15 f\u00e9vrier 2024<\/div>\n<div class=\"l7ghb35v kjdc1dyq kmwttqpk gh25dzvf jikcssrz\"><span class=\"fxk3tzhb b2rh1bv3 gh55jysx m8h3af8h ewco64xe kjdc1dyq ms56khn7 bq6c9xl4 eohcrkr5 akh3l2rg\">&#x23f3; De 18h30 \u00e0 20h30<br \/>\n<img decoding=\"async\" src=\"https:\/\/static.xx.fbcdn.net\/images\/emoji.php\/v9\/t8b\/1.5\/16\/1f516.png\" alt=\"&#x1f516;\" width=\"16\" height=\"16\" \/><\/span> R\u00e9servation gratuite obligatoire<br \/>\n&#x1f4cd; Chez <a href=\"https:\/\/www.instagram.com\/sisther.paris\/?hl=fr\">Sist&#8217;Her<\/a>, 82 rue du Faubourg St-Martin, 75010 Paris<\/div>\n<div>\n<p>Ouvert en mars 2021 par l&#8217;ONG <a href=\"https:\/\/empow-her.com\/\">Empow&#8217;Her<\/a>, Sist\u2019Her Paris est un espace de partage et de cr\u00e9ation f\u00e9ministe, accessible \u00e0 tous.tes, d\u00e9di\u00e9 \u00e0 l\u2019\u00e9criture collective d\u2019un nouveau narratif entrepreneurial et \u00e0 l\u2019outillage des combats pour des soci\u00e9t\u00e9s plus justes, durables et \u00e9galitaires.<\/p>\n<\/div>\n<p>&nbsp;<\/p>\n<div>\n<p>L&#8217;\u00e9quipe esp\u00e8re vous voir nombreux\u00b7ses ! &#x2728;<\/p>\n<\/div>\n","protected":false},"excerpt":{"rendered":"<div class=\"x11i5rnm xat24cr x1mh8g0r x1vvkbs xtlvy1s\">\n<h3>Le Sorority Show : l&#8217;\u00e9v\u00e9nement sorore au service de votre projet !<span class=\"OYPEnA text-decoration-none text-strikethrough-none\">\u00a0Un format d\u2019intelligence collective pour les entrepreneuses.\u00a0<\/span><\/h3>\n<p><strong>Au programme du jeudi 15 f\u00e9vrier de 18h30 \u00e0 20h30 chez Sist&#8217;Her : <\/strong><\/p>\n<ul>\n<li>2h d\u2019\u00e9v\u00e9nement<\/li>\n<li>5 \u00e9tapes pour prendre confiance pour tes prises de paroles en public, tes pitchs et tes projets<\/li>\n<li>2 Shows rythm\u00e9s et encadr\u00e9s par une \u00e9quipe motiv\u00e9e \u00e0 bloc<\/li>\n<li>Des stars et des coachs reboost\u00e9es et pr\u00eates \u00e0 viser la lune (\u00e7a leur fait pas peur&#x1f3a4;&#x2728;)<\/li>\n<\/ul>\n<h4><strong>Sorority Show, pourquoi faire ? &#x1f447;<\/strong><\/h4>\n<p><strong>Objectif #1<\/strong> : T&#8217;entrainer devant un public bienveillant pour te booster et te rassurer !<\/p>\n<p><strong>Objectif #2<\/strong> : Te confronter \u00e0 des retours sur ta prise de parole &#8212; pour challenger le fond ou la forme, la posture ou les id\u00e9es !<\/p>\n<p><strong>Objectif #3<\/strong> : T&#8217;inspirer, par la d\u00e9couverte d&#8217;autres projets, et des postures vari\u00e9es des femmes de notre r\u00e9seau !<\/p>\n<p>&nbsp;<\/p>\n<div>\n<p>&#x1f44b; <strong>Rejoignez-nous, le jeudi 15 f\u00e9vrier de 18h30 \u00e0 20h30 chez Sist&#8217;Her pour se challenger et se d\u00e9passer dans la convivialit\u00e9, la bienveillance et en sororit\u00e9 !<\/strong><\/p>\n<\/div>\n<div><\/div>\n<div><\/div>\n<div class=\"l7ghb35v kjdc1dyq kmwttqpk gh25dzvf jikcssrz\"><strong>Infos pratiques<\/strong><br \/>\n<span class=\"fxk3tzhb b2rh1bv3 gh55jysx m8h3af8h ewco64xe kjdc1dyq ms56khn7 bq6c9xl4 eohcrkr5 akh3l2rg\"><img decoding=\"async\" src=\"https:\/\/static.xx.fbcdn.net\/images\/emoji.php\/v9\/td7\/1.5\/16\/1f4c5.png\" alt=\"&#x1f4c5;\" width=\"16\" height=\"16\" \/><\/span> Jeudi 15 f\u00e9vrier 2024<\/div>\n<div class=\"l7ghb35v kjdc1dyq kmwttqpk gh25dzvf jikcssrz\"><span class=\"fxk3tzhb b2rh1bv3 gh55jysx m8h3af8h ewco64xe kjdc1dyq ms56khn7 bq6c9xl4 eohcrkr5 akh3l2rg\">&#x23f3; De 18h30 \u00e0 20h30<br \/>\n<img decoding=\"async\" src=\"https:\/\/static.xx.fbcdn.net\/images\/emoji.php\/v9\/t8b\/1.5\/16\/1f516.png\" alt=\"&#x1f516;\" width=\"16\" height=\"16\" \/><\/span> R\u00e9servation gratuite obligatoire<br \/>\n&#x1f4cd; Chez <a href=\"https:\/\/www.instagram.com\/sisther.paris\/?hl=fr\">Sist&#8217;Her<\/a>, 82 rue du Faubourg St-Martin, 75010 Paris<\/div>\n<div>\n<p>Ouvert en mars 2021 par l&#8217;ONG <a href=\"https:\/\/empow-her.com\/\">Empow&#8217;Her<\/a>, Sist\u2019Her Paris est un espace de partage et de cr\u00e9ation f\u00e9ministe, accessible \u00e0 tous.tes, d\u00e9di\u00e9 \u00e0 l\u2019\u00e9criture collective d\u2019un nouveau narratif entrepreneurial et \u00e0 l\u2019outillage des combats pour des soci\u00e9t\u00e9s plus justes, durables et \u00e9galitaires.<\/p>\n<\/div>\n<p>&nbsp;<\/p>\n<div>\n<p>L&#8217;\u00e9quipe esp\u00e8re vous voir nombreux\u00b7ses ! &#x2728;<\/p>\n<\/div>\n<\/div>\n","protected":false},"featured_media":239328,"template":"","format":"standard","meta":{"_acf_changed":false,"om_disable_all_campaigns":false,"_uf_show_specific_survey":0,"_uf_disable_surveys":false},"product_brand":[],"product_cat":[119],"product_tag":[170],"lieu":[127],"thematiques":[],"class_list":{"0":"post-239308","1":"product","2":"type-product","3":"status-publish","4":"format-standard","5":"has-post-thumbnail","7":"product_cat-evenement-sisther","8":"product_tag-sorority-show","9":"lieu-hub-empowher","11":"first","12":"instock","13":"virtual","14":"purchasable","15":"product-type-appointment"},"exclude_global_add_ons":[],"addons":[],"acf":[],"yoast_head":"<!-- This site is optimized with the Yoast SEO plugin v24.8 - https:\/\/yoast.com\/wordpress\/plugins\/seo\/ -->\n<title>Sorority Show sorore au service de votre projet !<\/title>\n<meta name=\"description\" content=\"Inscrivez-vous au Sorority Show : l&#039;\u00e9v\u00e9nement sorore au service de votre projet ! Rendez-vous jeudi 15 f\u00e9vrier de 18h30 \u00e0 20h30 chez Sist&#039;Her\" \/>\n<meta name=\"robots\" content=\"index, follow, max-snippet:-1, max-image-preview:large, max-video-preview:-1\" \/>\n<link rel=\"canonical\" href=\"https:\/\/empow-her.com\/produit\/sorority-show-levenement-sorore-au-service-de-votre-projet\/\" \/>\n<meta property=\"og:locale\" content=\"es_ES\" \/>\n<meta property=\"og:type\" content=\"article\" \/>\n<meta property=\"og:title\" content=\"Sorority Show sorore au service de votre projet !\" \/>\n<meta property=\"og:description\" content=\"Inscrivez-vous au Sorority Show : l&#039;\u00e9v\u00e9nement sorore au service de votre projet ! Rendez-vous jeudi 15 f\u00e9vrier de 18h30 \u00e0 20h30 chez Sist&#039;Her\" \/>\n<meta property=\"og:url\" content=\"https:\/\/empow-her.com\/produit\/sorority-show-levenement-sorore-au-service-de-votre-projet\/\" \/>\n<meta property=\"og:site_name\" content=\"Empow&#039;Her\" \/>\n<meta property=\"article:modified_time\" content=\"2024-02-07T16:21:18+00:00\" \/>\n<meta property=\"og:image\" content=\"https:\/\/empow-her.com\/wp-content\/uploads\/2024\/01\/VIGNETTES-SITE-INTERNET-13.png\" \/>\n\t<meta property=\"og:image:width\" content=\"1080\" \/>\n\t<meta property=\"og:image:height\" content=\"1080\" \/>\n\t<meta property=\"og:image:type\" content=\"image\/png\" \/>\n<meta name=\"twitter:card\" content=\"summary_large_image\" \/>\n<meta name=\"twitter:label1\" content=\"Tiempo de lectura\" \/>\n\t<meta name=\"twitter:data1\" content=\"2 minutos\" \/>\n<script type=\"application\/ld+json\" class=\"yoast-schema-graph\">{\"@context\":\"https:\/\/schema.org\",\"@graph\":[{\"@type\":\"WebPage\",\"@id\":\"https:\/\/empow-her.com\/produit\/sorority-show-levenement-sorore-au-service-de-votre-projet\/\",\"url\":\"https:\/\/empow-her.com\/produit\/sorority-show-levenement-sorore-au-service-de-votre-projet\/\",\"name\":\"Sorority Show sorore au service de votre projet !\",\"isPartOf\":{\"@id\":\"https:\/\/empow-her.com\/#website\"},\"primaryImageOfPage\":{\"@id\":\"https:\/\/empow-her.com\/produit\/sorority-show-levenement-sorore-au-service-de-votre-projet\/#primaryimage\"},\"image\":{\"@id\":\"https:\/\/empow-her.com\/produit\/sorority-show-levenement-sorore-au-service-de-votre-projet\/#primaryimage\"},\"thumbnailUrl\":\"https:\/\/empow-her.com\/wp-content\/uploads\/2024\/01\/VIGNETTES-SITE-INTERNET-13.png\",\"datePublished\":\"2024-01-23T12:48:40+00:00\",\"dateModified\":\"2024-02-07T16:21:18+00:00\",\"description\":\"Inscrivez-vous au Sorority Show : l'\u00e9v\u00e9nement sorore au service de votre projet ! Rendez-vous jeudi 15 f\u00e9vrier de 18h30 \u00e0 20h30 chez Sist'Her\",\"breadcrumb\":{\"@id\":\"https:\/\/empow-her.com\/produit\/sorority-show-levenement-sorore-au-service-de-votre-projet\/#breadcrumb\"},\"inLanguage\":\"es\",\"potentialAction\":[{\"@type\":\"ReadAction\",\"target\":[\"https:\/\/empow-her.com\/produit\/sorority-show-levenement-sorore-au-service-de-votre-projet\/\"]}]},{\"@type\":\"ImageObject\",\"inLanguage\":\"es\",\"@id\":\"https:\/\/empow-her.com\/produit\/sorority-show-levenement-sorore-au-service-de-votre-projet\/#primaryimage\",\"url\":\"https:\/\/empow-her.com\/wp-content\/uploads\/2024\/01\/VIGNETTES-SITE-INTERNET-13.png\",\"contentUrl\":\"https:\/\/empow-her.com\/wp-content\/uploads\/2024\/01\/VIGNETTES-SITE-INTERNET-13.png\",\"width\":1080,\"height\":1080},{\"@type\":\"BreadcrumbList\",\"@id\":\"https:\/\/empow-her.com\/produit\/sorority-show-levenement-sorore-au-service-de-votre-projet\/#breadcrumb\",\"itemListElement\":[{\"@type\":\"ListItem\",\"position\":1,\"name\":\"Accueil\",\"item\":\"https:\/\/empow-her.com\/es\/inicio\/\"},{\"@type\":\"ListItem\",\"position\":2,\"name\":\"LA BOUTIQUE\",\"item\":\"https:\/\/empow-her.com\/boutique\/\"},{\"@type\":\"ListItem\",\"position\":3,\"name\":\"Sorority Show : L&#8217;\u00e9v\u00e9nement sorore au service de votre projet !\"}]},{\"@type\":\"WebSite\",\"@id\":\"https:\/\/empow-her.com\/#website\",\"url\":\"https:\/\/empow-her.com\/\",\"name\":\"Empow&#039;Her\",\"description\":\"Women Development\",\"potentialAction\":[{\"@type\":\"SearchAction\",\"target\":{\"@type\":\"EntryPoint\",\"urlTemplate\":\"https:\/\/empow-her.com\/?s={search_term_string}\"},\"query-input\":{\"@type\":\"PropertyValueSpecification\",\"valueRequired\":true,\"valueName\":\"search_term_string\"}}],\"inLanguage\":\"es\"}]}<\/script>\n<!-- \/ Yoast SEO plugin. -->","yoast_head_json":{"title":"Sorority Show sorore au service de votre projet !","description":"Inscrivez-vous au Sorority Show : l'\u00e9v\u00e9nement sorore au service de votre projet ! Rendez-vous jeudi 15 f\u00e9vrier de 18h30 \u00e0 20h30 chez Sist'Her","robots":{"index":"index","follow":"follow","max-snippet":"max-snippet:-1","max-image-preview":"max-image-preview:large","max-video-preview":"max-video-preview:-1"},"canonical":"https:\/\/empow-her.com\/produit\/sorority-show-levenement-sorore-au-service-de-votre-projet\/","og_locale":"es_ES","og_type":"article","og_title":"Sorority Show sorore au service de votre projet !","og_description":"Inscrivez-vous au Sorority Show : l'\u00e9v\u00e9nement sorore au service de votre projet ! Rendez-vous jeudi 15 f\u00e9vrier de 18h30 \u00e0 20h30 chez Sist'Her","og_url":"https:\/\/empow-her.com\/produit\/sorority-show-levenement-sorore-au-service-de-votre-projet\/","og_site_name":"Empow&#039;Her","article_modified_time":"2024-02-07T16:21:18+00:00","og_image":[{"width":1080,"height":1080,"url":"https:\/\/empow-her.com\/wp-content\/uploads\/2024\/01\/VIGNETTES-SITE-INTERNET-13.png","type":"image\/png"}],"twitter_card":"summary_large_image","twitter_misc":{"Tiempo de lectura":"2 minutos"},"schema":{"@context":"https:\/\/schema.org","@graph":[{"@type":"WebPage","@id":"https:\/\/empow-her.com\/produit\/sorority-show-levenement-sorore-au-service-de-votre-projet\/","url":"https:\/\/empow-her.com\/produit\/sorority-show-levenement-sorore-au-service-de-votre-projet\/","name":"Sorority Show sorore au service de votre projet !","isPartOf":{"@id":"https:\/\/empow-her.com\/#website"},"primaryImageOfPage":{"@id":"https:\/\/empow-her.com\/produit\/sorority-show-levenement-sorore-au-service-de-votre-projet\/#primaryimage"},"image":{"@id":"https:\/\/empow-her.com\/produit\/sorority-show-levenement-sorore-au-service-de-votre-projet\/#primaryimage"},"thumbnailUrl":"https:\/\/empow-her.com\/wp-content\/uploads\/2024\/01\/VIGNETTES-SITE-INTERNET-13.png","datePublished":"2024-01-23T12:48:40+00:00","dateModified":"2024-02-07T16:21:18+00:00","description":"Inscrivez-vous au Sorority Show : l'\u00e9v\u00e9nement sorore au service de votre projet ! Rendez-vous jeudi 15 f\u00e9vrier de 18h30 \u00e0 20h30 chez Sist'Her","breadcrumb":{"@id":"https:\/\/empow-her.com\/produit\/sorority-show-levenement-sorore-au-service-de-votre-projet\/#breadcrumb"},"inLanguage":"es","potentialAction":[{"@type":"ReadAction","target":["https:\/\/empow-her.com\/produit\/sorority-show-levenement-sorore-au-service-de-votre-projet\/"]}]},{"@type":"ImageObject","inLanguage":"es","@id":"https:\/\/empow-her.com\/produit\/sorority-show-levenement-sorore-au-service-de-votre-projet\/#primaryimage","url":"https:\/\/empow-her.com\/wp-content\/uploads\/2024\/01\/VIGNETTES-SITE-INTERNET-13.png","contentUrl":"https:\/\/empow-her.com\/wp-content\/uploads\/2024\/01\/VIGNETTES-SITE-INTERNET-13.png","width":1080,"height":1080},{"@type":"BreadcrumbList","@id":"https:\/\/empow-her.com\/produit\/sorority-show-levenement-sorore-au-service-de-votre-projet\/#breadcrumb","itemListElement":[{"@type":"ListItem","position":1,"name":"Accueil","item":"https:\/\/empow-her.com\/es\/inicio\/"},{"@type":"ListItem","position":2,"name":"LA BOUTIQUE","item":"https:\/\/empow-her.com\/boutique\/"},{"@type":"ListItem","position":3,"name":"Sorority Show : L&#8217;\u00e9v\u00e9nement sorore au service de votre projet !"}]},{"@type":"WebSite","@id":"https:\/\/empow-her.com\/#website","url":"https:\/\/empow-her.com\/","name":"Empow&#039;Her","description":"Women Development","potentialAction":[{"@type":"SearchAction","target":{"@type":"EntryPoint","urlTemplate":"https:\/\/empow-her.com\/?s={search_term_string}"},"query-input":{"@type":"PropertyValueSpecification","valueRequired":true,"valueName":"search_term_string"}}],"inLanguage":"es"}]}},"_links":{"self":[{"href":"https:\/\/empow-her.com\/es\/wp-json\/wp\/v2\/product\/239308","targetHints":{"allow":["GET"]}}],"collection":[{"href":"https:\/\/empow-her.com\/es\/wp-json\/wp\/v2\/product"}],"about":[{"href":"https:\/\/empow-her.com\/es\/wp-json\/wp\/v2\/types\/product"}],"wp:featuredmedia":[{"embeddable":true,"href":"https:\/\/empow-her.com\/es\/wp-json\/wp\/v2\/media\/239328"}],"wp:attachment":[{"href":"https:\/\/empow-her.com\/es\/wp-json\/wp\/v2\/media?parent=239308"}],"wp:term":[{"taxonomy":"product_brand","embeddable":true,"href":"https:\/\/empow-her.com\/es\/wp-json\/wp\/v2\/product_brand?post=239308"},{"taxonomy":"product_cat","embeddable":true,"href":"https:\/\/empow-her.com\/es\/wp-json\/wp\/v2\/product_cat?post=239308"},{"taxonomy":"product_tag","embeddable":true,"href":"https:\/\/empow-her.com\/es\/wp-json\/wp\/v2\/product_tag?post=239308"},{"taxonomy":"lieu","embeddable":true,"href":"https:\/\/empow-her.com\/es\/wp-json\/wp\/v2\/lieu?post=239308"},{"taxonomy":"thematiques","embeddable":true,"href":"https:\/\/empow-her.com\/es\/wp-json\/wp\/v2\/thematiques?post=239308"}],"curies":[{"name":"wp","href":"https:\/\/api.w.org\/{rel}","templated":true}]}}