{"id":239294,"date":"2024-01-23T09:18:36","date_gmt":"2024-01-23T08:18:36","guid":{"rendered":"https:\/\/empow-her.com\/?post_type=product&#038;p=239294"},"modified":"2024-02-27T10:21:35","modified_gmt":"2024-02-27T09:21:35","slug":"decolonisons-le-feminisme","status":"publish","type":"product","link":"https:\/\/empow-her.com\/es\/produit\/decolonisons-le-feminisme\/","title":{"rendered":"\u00c9v\u00e9nement sp\u00e9cial &#8211; D\u00e9colonisons le f\u00e9minisme !"},"content":{"rendered":"<h4><strong>D\u00e9colonisons le f\u00e9minisme : Comment d\u00e9construire ses biais et pr\u00e9jug\u00e9s racistes et se former \u00e0 l&#8217;antiracisme ?<\/strong><\/h4>\n<p>&nbsp;<\/p>\n<p>L&#8217;antiracisme est pour vous une notion vague et distante ? Vous \u00eates concern\u00e9\u00b7es par ces questions et vous n&#8217;avez pas encore eu la possibilit\u00e9 de vous exprimer \u00e0 ce sujet ? Vous \u00eates simplement int\u00e9ress\u00e9\u00b7es par le sujet ?<\/p>\n<p>Alors rendez-vous <b>Jeudi 29 f\u00e9vrier de 18h30 \u00e0 22h00 <\/b>chez Sist&#8217;Her pour un atelier organis\u00e9 par <b>l&#8217;association <a href=\"https:\/\/www.instagram.com\/lestressesdouces\/\">Les Tresses Douces<\/a><\/b><b>, avec pour objectif de d\u00e9construire ses biais et pr\u00e9jug\u00e9s racistes et se former \u00e0 l&#8217;antiracisme.<\/b><\/p>\n<p>&nbsp;<\/p>\n<p>Au programme, un atelier qui se structurera autour de deux jeux mouvants :<\/p>\n<ul>\n<li>Un jeu autour des privil\u00e8ges, pour se situer et en apprendre plus sur les personnes qui nous entourent<\/li>\n<li>Un jeu-d\u00e9bat pour construire ses propres arguments antiracistes et ainsi \u00eatre capable de pouvoir argumenter en toutes situations ! &#x1f4aa;<\/li>\n<\/ul>\n<p>&nbsp;<\/p>\n<p>&#x1f449; Durant cet \u00e9v\u00e9nement, <strong>un service de garde d&#8217;enfants<\/strong> sera propos\u00e9 par le <strong>collectif<\/strong> <strong><a href=\"https:\/\/www.instagram.com\/labulleidf\/\">La Bulle IDF<\/a> <\/strong>! Envoyez nous simplement <strong>un petit <a href=\"audrey.cividino@empow-her.com\">mail<\/a><\/strong> pour nous informer du nombre de petits loupiots qui vous accompagnerons &#x1f60c;<br \/>\nSi votre enfant a plus de 12 ans il pourra participer \u00e0 l&#8217;\u00e9v\u00e9nement s&#8217;il le souhaite.<\/p>\n<p>&#x1f449; Pour que ce moment convivial puisse avoir lieu, l&#8217;association D\u00e9colonisons le f\u00e9minisme vous invite \u00e0 <strong>pr\u00e9voir de quoi manger et boire<\/strong> (selon vos go\u00fbts et vos envies) afin de partager ces instants collectivement !<\/p>\n<p>&nbsp;<\/p>\n<div><span style=\"font-size: large;\"><b>Qui sont Les Tresses Douces?&#8221;<\/b><\/span><b><\/b><\/div>\n<div><\/div>\n<div>\n<p id=\"m_271285342460377404gmail-docs-internal-guid-bbaccfe9-7fff-55f4-7d2b-b5b4700ef063\" dir=\"ltr\">Les Tresses Douces, c&#8217;est l&#8217;association petite soeur du collectif <strong><a href=\"https:\/\/www.instagram.com\/decolonisonslefeminisme\/?hl=fr\">D\u00e9colonisons Le F\u00e9minisme<\/a>.<\/strong><\/p>\n<p dir=\"ltr\">Les Tresses douces est n\u00e9e d\u2019une rencontre de personnes touch\u00e9es par les m\u00eames questionnements personnels, des questionnements entourant les probl\u00e9matiques de race et de genre. Une m\u00eame observation dans la vie quotidienne les tracassait, <strong>un manque de sensibilisation et de communication sur l\u2018imbrication du racisme et du sexisme<\/strong>. Un m\u00eame d\u00e9sir aussi : <strong>celui de cr\u00e9er du lien entre nos diff\u00e9rentes r\u00e9alit\u00e9s et cultures avec bienveillance et douceur<\/strong>.<\/p>\n<p dir=\"ltr\">Les Tresses Douces ont pour objectifs principaux de r\u00e9duire les discriminations li\u00e9es \u00e0 la race et au genre, en sensibilisant et en menant des r\u00e9flexions partag\u00e9es autour de ces probl\u00e9matiques. L&#8217;association veut lutter contre les in\u00e9galit\u00e9s sociales et la difficile repr\u00e9sentation de certains pans de la population :<\/p>\n<ul>\n<li dir=\"ltr\">Visibiliser<\/li>\n<li dir=\"ltr\">Faire entendre<\/li>\n<li dir=\"ltr\">Aider \u00e0 s\u2019\u00e9lever des voix souvent tues.<\/li>\n<\/ul>\n<\/div>\n<p><strong>L\u2019association se veut ainsi \u00eatre un espace d\u2019accueil, de soin et de ressources pour toutes les personnes victimes de discriminations syst\u00e9miques de race et de genre et leurs alli\u00e9.e.s.<\/strong><\/p>\n<p>&nbsp;<\/p>\n<p><strong>Infos pratiques :\u00a0<\/strong><\/p>\n<p>&#x1f4c6; Jeudi 29 f\u00e9vrier<br \/>\n&#x231b;&#xfe0f; De 18h30 \u00e0 22h00<br \/>\n&#x1f516; Inscription gratuite obligatoire<br \/>\n&#x1f467; Un espace enfant est pr\u00e9vu lors de cet \u00e9v\u00e9nement (plus d&#8217;infos en description)<br \/>\n&#x1f4cd; Chez <a href=\"https:\/\/www.instagram.com\/sisther.paris\/?hl=fr\">Sist&#8217;Her<\/a>, 82 rue du Faubourg St-Martin, 75010 Paris<\/p>\n<p>Ouvert en mars 2021 par l&#8217;ONG <a href=\"https:\/\/empow-her.com\/\">Empow&#8217;Her<\/a>, Sist\u2019Her Paris est un espace de partage et de cr\u00e9ation f\u00e9ministe, accessible \u00e0 tous.tes, d\u00e9di\u00e9 \u00e0 l\u2019\u00e9criture collective d\u2019un nouveau narratif entrepreneurial et \u00e0 l\u2019outillage des combats pour des soci\u00e9t\u00e9s plus justes, durables et \u00e9galitaires.<\/p>\n<p>&nbsp;<\/p>\n<p>L&#8217;\u00e9quipe esp\u00e8re vous voir nombreux\u00b7ses ! &#x2728;<\/p>\n","protected":false},"excerpt":{"rendered":"<h4><strong>D\u00e9colonisons le f\u00e9minisme : Comment d\u00e9construire ses biais et pr\u00e9jug\u00e9s racistes et se former \u00e0 l&#8217;antiracisme ?<\/strong><\/h4>\n<p>&nbsp;<\/p>\n<p>L&#8217;antiracisme est pour vous une notion vague et distante ? Vous \u00eates concern\u00e9\u00b7es par ces questions et vous n&#8217;avez pas encore eu la possibilit\u00e9 de vous exprimer \u00e0 ce sujet ? Vous \u00eates simplement int\u00e9ress\u00e9\u00b7es par le sujet ?<\/p>\n<p>Alors rendez-vous <b>Jeudi 29 f\u00e9vrier de 18h30 \u00e0 22h00 <\/b>chez Sist&#8217;Her pour un atelier organis\u00e9 par <b>l&#8217;association <a href=\"https:\/\/www.instagram.com\/lestressesdouces\/\">Les Tresses Douces<\/a><\/b><b>, avec pour objectif de d\u00e9construire ses biais et pr\u00e9jug\u00e9s racistes et se former \u00e0 l&#8217;antiracisme.<\/b><\/p>\n<p>&nbsp;<\/p>\n<p>Au programme, un atelier qui se structurera autour de deux jeux mouvants :<\/p>\n<ul>\n<li>Un jeu autour des privil\u00e8ges, pour se situer et en apprendre plus sur les personnes qui nous entourent<\/li>\n<li>Un jeu-d\u00e9bat pour construire ses propres arguments antiracistes et ainsi \u00eatre capable de pouvoir argumenter en toutes situations ! &#x1f4aa;<\/li>\n<\/ul>\n<p>&nbsp;<\/p>\n<p>&#x1f449; Durant cet \u00e9v\u00e9nement, <strong>un service de garde d&#8217;enfants<\/strong> sera propos\u00e9 par le <strong>collectif<\/strong> <strong><a href=\"https:\/\/www.instagram.com\/labulleidf\/\">La Bulle IDF<\/a> <\/strong>! Envoyez nous simplement <strong>un petit <a href=\"audrey.cividino@empow-her.com\">mail<\/a><\/strong> pour nous informer du nombre de petits loupiots qui vous accompagnerons &#x1f60c;<br \/>\nSi votre enfant a plus de 12 ans il pourra participer \u00e0 l&#8217;\u00e9v\u00e9nement s&#8217;il le souhaite.<\/p>\n<p>&#x1f449; Pour que ce moment convivial puisse avoir lieu, l&#8217;association D\u00e9colonisons le f\u00e9minisme vous invite \u00e0 <strong>pr\u00e9voir de quoi manger et boire<\/strong> (selon vos go\u00fbts et vos envies) afin de partager ces instants collectivement !<\/p>\n<p>&nbsp;<\/p>\n<div><span style=\"font-size: large;\"><b>Qui sont Les Tresses Douces?&#8221;<\/b><\/span><b><\/b><\/div>\n<div><\/div>\n<div>\n<p id=\"m_271285342460377404gmail-docs-internal-guid-bbaccfe9-7fff-55f4-7d2b-b5b4700ef063\" dir=\"ltr\">Les Tresses Douces, c&#8217;est l&#8217;association petite soeur du collectif <strong><a href=\"https:\/\/www.instagram.com\/decolonisonslefeminisme\/?hl=fr\">D\u00e9colonisons Le F\u00e9minisme<\/a>.<\/strong><\/p>\n<p dir=\"ltr\">Les Tresses douces est n\u00e9e d\u2019une rencontre de personnes touch\u00e9es par les m\u00eames questionnements personnels, des questionnements entourant les probl\u00e9matiques de race et de genre. Une m\u00eame observation dans la vie quotidienne les tracassait, <strong>un manque de sensibilisation et de communication sur l\u2018imbrication du racisme et du sexisme<\/strong>. Un m\u00eame d\u00e9sir aussi : <strong>celui de cr\u00e9er du lien entre nos diff\u00e9rentes r\u00e9alit\u00e9s et cultures avec bienveillance et douceur<\/strong>.<\/p>\n<p dir=\"ltr\">Les Tresses Douces ont pour objectifs principaux de r\u00e9duire les discriminations li\u00e9es \u00e0 la race et au genre, en sensibilisant et en menant des r\u00e9flexions partag\u00e9es autour de ces probl\u00e9matiques. L&#8217;association veut lutter contre les in\u00e9galit\u00e9s sociales et la difficile repr\u00e9sentation de certains pans de la population :<\/p>\n<ul>\n<li dir=\"ltr\">Visibiliser<\/li>\n<li dir=\"ltr\">Faire entendre<\/li>\n<li dir=\"ltr\">Aider \u00e0 s\u2019\u00e9lever des voix souvent tues.<\/li>\n<\/ul>\n<\/div>\n<p><strong>L\u2019association se veut ainsi \u00eatre un espace d\u2019accueil, de soin et de ressources pour toutes les personnes victimes de discriminations syst\u00e9miques de race et de genre et leurs alli\u00e9.e.s.<\/strong><\/p>\n<p>&nbsp;<\/p>\n<p><strong>Infos pratiques :\u00a0<\/strong><\/p>\n<p>&#x1f4c6; Jeudi 29 f\u00e9vrier<br \/>\n&#x231b;&#xfe0f; De 18h30 \u00e0 22h00<br \/>\n&#x1f516; Inscription gratuite obligatoire<br \/>\n&#x1f467; Un espace enfant est pr\u00e9vu lors de cet \u00e9v\u00e9nement (plus d&#8217;infos en description)<br \/>\n&#x1f4cd; Chez <a href=\"https:\/\/www.instagram.com\/sisther.paris\/?hl=fr\">Sist&#8217;Her<\/a>, 82 rue du Faubourg St-Martin, 75010 Paris<\/p>\n<p>Ouvert en mars 2021 par l&#8217;ONG <a href=\"https:\/\/empow-her.com\/\">Empow&#8217;Her<\/a>, Sist\u2019Her Paris est un espace de partage et de cr\u00e9ation f\u00e9ministe, accessible \u00e0 tous.tes, d\u00e9di\u00e9 \u00e0 l\u2019\u00e9criture collective d\u2019un nouveau narratif entrepreneurial et \u00e0 l\u2019outillage des combats pour des soci\u00e9t\u00e9s plus justes, durables et \u00e9galitaires.<\/p>\n<p>&nbsp;<\/p>\n<p>L&#8217;\u00e9quipe esp\u00e8re vous voir nombreux\u00b7ses ! &#x2728;<\/p>\n","protected":false},"featured_media":239295,"template":"","format":"standard","meta":{"_acf_changed":false,"om_disable_all_campaigns":false,"_uf_show_specific_survey":0,"_uf_disable_surveys":false},"product_brand":[],"product_cat":[119],"product_tag":[132],"lieu":[127],"thematiques":[],"class_list":{"0":"post-239294","1":"product","2":"type-product","3":"status-publish","4":"format-standard","5":"has-post-thumbnail","7":"product_cat-evenement-sisther","8":"product_tag-sisther","9":"lieu-hub-empowher","11":"first","12":"instock","13":"virtual","14":"purchasable","15":"product-type-appointment"},"exclude_global_add_ons":[],"addons":[],"acf":[],"yoast_head":"<!-- This site is optimized with the Yoast SEO plugin v24.8 - https:\/\/yoast.com\/wordpress\/plugins\/seo\/ -->\n<title>D\u00e9colonisons le f\u00e9minisme !<\/title>\n<meta name=\"description\" content=\"L&#039;association Les Tresses Douces organise son \u00e9v\u00e9nement chez Sist&#039;Her. Rendez-vous le jeudi 29 f\u00e9vrier de 18h30 \u00e0 22h00 !\" \/>\n<meta name=\"robots\" content=\"index, follow, max-snippet:-1, max-image-preview:large, max-video-preview:-1\" \/>\n<link rel=\"canonical\" href=\"https:\/\/empow-her.com\/en\/produit\/decolonisons-le-feminisme\/\" \/>\n<meta property=\"og:locale\" content=\"es_ES\" \/>\n<meta property=\"og:type\" content=\"article\" \/>\n<meta property=\"og:title\" content=\"D\u00e9colonisons le f\u00e9minisme !\" \/>\n<meta property=\"og:description\" content=\"L&#039;association Les Tresses Douces organise son \u00e9v\u00e9nement chez Sist&#039;Her. Rendez-vous le jeudi 29 f\u00e9vrier de 18h30 \u00e0 22h00 !\" \/>\n<meta property=\"og:url\" content=\"https:\/\/empow-her.com\/en\/produit\/decolonisons-le-feminisme\/\" \/>\n<meta property=\"og:site_name\" content=\"Empow&#039;Her\" \/>\n<meta property=\"article:modified_time\" content=\"2024-02-27T09:21:35+00:00\" \/>\n<meta property=\"og:image\" content=\"https:\/\/empow-her.com\/wp-content\/uploads\/2024\/01\/shetalks-economie-circulaire-22.png\" \/>\n\t<meta property=\"og:image:width\" content=\"1080\" \/>\n\t<meta property=\"og:image:height\" content=\"1080\" \/>\n\t<meta property=\"og:image:type\" content=\"image\/png\" \/>\n<meta name=\"twitter:card\" content=\"summary_large_image\" \/>\n<meta name=\"twitter:label1\" content=\"Tiempo de lectura\" \/>\n\t<meta name=\"twitter:data1\" content=\"3 minutos\" \/>\n<script type=\"application\/ld+json\" class=\"yoast-schema-graph\">{\"@context\":\"https:\/\/schema.org\",\"@graph\":[{\"@type\":\"WebPage\",\"@id\":\"https:\/\/empow-her.com\/en\/produit\/decolonisons-le-feminisme\/\",\"url\":\"https:\/\/empow-her.com\/en\/produit\/decolonisons-le-feminisme\/\",\"name\":\"D\u00e9colonisons le f\u00e9minisme !\",\"isPartOf\":{\"@id\":\"https:\/\/empow-her.com\/#website\"},\"primaryImageOfPage\":{\"@id\":\"https:\/\/empow-her.com\/en\/produit\/decolonisons-le-feminisme\/#primaryimage\"},\"image\":{\"@id\":\"https:\/\/empow-her.com\/en\/produit\/decolonisons-le-feminisme\/#primaryimage\"},\"thumbnailUrl\":\"https:\/\/empow-her.com\/wp-content\/uploads\/2024\/01\/shetalks-economie-circulaire-22.png\",\"datePublished\":\"2024-01-23T08:18:36+00:00\",\"dateModified\":\"2024-02-27T09:21:35+00:00\",\"description\":\"L'association Les Tresses Douces organise son \u00e9v\u00e9nement chez Sist'Her. Rendez-vous le jeudi 29 f\u00e9vrier de 18h30 \u00e0 22h00 !\",\"breadcrumb\":{\"@id\":\"https:\/\/empow-her.com\/en\/produit\/decolonisons-le-feminisme\/#breadcrumb\"},\"inLanguage\":\"es\",\"potentialAction\":[{\"@type\":\"ReadAction\",\"target\":[\"https:\/\/empow-her.com\/en\/produit\/decolonisons-le-feminisme\/\"]}]},{\"@type\":\"ImageObject\",\"inLanguage\":\"es\",\"@id\":\"https:\/\/empow-her.com\/en\/produit\/decolonisons-le-feminisme\/#primaryimage\",\"url\":\"https:\/\/empow-her.com\/wp-content\/uploads\/2024\/01\/shetalks-economie-circulaire-22.png\",\"contentUrl\":\"https:\/\/empow-her.com\/wp-content\/uploads\/2024\/01\/shetalks-economie-circulaire-22.png\",\"width\":1080,\"height\":1080},{\"@type\":\"BreadcrumbList\",\"@id\":\"https:\/\/empow-her.com\/en\/produit\/decolonisons-le-feminisme\/#breadcrumb\",\"itemListElement\":[{\"@type\":\"ListItem\",\"position\":1,\"name\":\"Accueil\",\"item\":\"https:\/\/empow-her.com\/es\/inicio\/\"},{\"@type\":\"ListItem\",\"position\":2,\"name\":\"LA BOUTIQUE\",\"item\":\"https:\/\/empow-her.com\/boutique\/\"},{\"@type\":\"ListItem\",\"position\":3,\"name\":\"\u00c9v\u00e9nement sp\u00e9cial &#8211; D\u00e9colonisons le f\u00e9minisme !\"}]},{\"@type\":\"WebSite\",\"@id\":\"https:\/\/empow-her.com\/#website\",\"url\":\"https:\/\/empow-her.com\/\",\"name\":\"Empow&#039;Her\",\"description\":\"Women Development\",\"potentialAction\":[{\"@type\":\"SearchAction\",\"target\":{\"@type\":\"EntryPoint\",\"urlTemplate\":\"https:\/\/empow-her.com\/?s={search_term_string}\"},\"query-input\":{\"@type\":\"PropertyValueSpecification\",\"valueRequired\":true,\"valueName\":\"search_term_string\"}}],\"inLanguage\":\"es\"}]}<\/script>\n<!-- \/ Yoast SEO plugin. -->","yoast_head_json":{"title":"D\u00e9colonisons le f\u00e9minisme !","description":"L'association Les Tresses Douces organise son \u00e9v\u00e9nement chez Sist'Her. Rendez-vous le jeudi 29 f\u00e9vrier de 18h30 \u00e0 22h00 !","robots":{"index":"index","follow":"follow","max-snippet":"max-snippet:-1","max-image-preview":"max-image-preview:large","max-video-preview":"max-video-preview:-1"},"canonical":"https:\/\/empow-her.com\/en\/produit\/decolonisons-le-feminisme\/","og_locale":"es_ES","og_type":"article","og_title":"D\u00e9colonisons le f\u00e9minisme !","og_description":"L'association Les Tresses Douces organise son \u00e9v\u00e9nement chez Sist'Her. Rendez-vous le jeudi 29 f\u00e9vrier de 18h30 \u00e0 22h00 !","og_url":"https:\/\/empow-her.com\/en\/produit\/decolonisons-le-feminisme\/","og_site_name":"Empow&#039;Her","article_modified_time":"2024-02-27T09:21:35+00:00","og_image":[{"width":1080,"height":1080,"url":"https:\/\/empow-her.com\/wp-content\/uploads\/2024\/01\/shetalks-economie-circulaire-22.png","type":"image\/png"}],"twitter_card":"summary_large_image","twitter_misc":{"Tiempo de lectura":"3 minutos"},"schema":{"@context":"https:\/\/schema.org","@graph":[{"@type":"WebPage","@id":"https:\/\/empow-her.com\/en\/produit\/decolonisons-le-feminisme\/","url":"https:\/\/empow-her.com\/en\/produit\/decolonisons-le-feminisme\/","name":"D\u00e9colonisons le f\u00e9minisme !","isPartOf":{"@id":"https:\/\/empow-her.com\/#website"},"primaryImageOfPage":{"@id":"https:\/\/empow-her.com\/en\/produit\/decolonisons-le-feminisme\/#primaryimage"},"image":{"@id":"https:\/\/empow-her.com\/en\/produit\/decolonisons-le-feminisme\/#primaryimage"},"thumbnailUrl":"https:\/\/empow-her.com\/wp-content\/uploads\/2024\/01\/shetalks-economie-circulaire-22.png","datePublished":"2024-01-23T08:18:36+00:00","dateModified":"2024-02-27T09:21:35+00:00","description":"L'association Les Tresses Douces organise son \u00e9v\u00e9nement chez Sist'Her. Rendez-vous le jeudi 29 f\u00e9vrier de 18h30 \u00e0 22h00 !","breadcrumb":{"@id":"https:\/\/empow-her.com\/en\/produit\/decolonisons-le-feminisme\/#breadcrumb"},"inLanguage":"es","potentialAction":[{"@type":"ReadAction","target":["https:\/\/empow-her.com\/en\/produit\/decolonisons-le-feminisme\/"]}]},{"@type":"ImageObject","inLanguage":"es","@id":"https:\/\/empow-her.com\/en\/produit\/decolonisons-le-feminisme\/#primaryimage","url":"https:\/\/empow-her.com\/wp-content\/uploads\/2024\/01\/shetalks-economie-circulaire-22.png","contentUrl":"https:\/\/empow-her.com\/wp-content\/uploads\/2024\/01\/shetalks-economie-circulaire-22.png","width":1080,"height":1080},{"@type":"BreadcrumbList","@id":"https:\/\/empow-her.com\/en\/produit\/decolonisons-le-feminisme\/#breadcrumb","itemListElement":[{"@type":"ListItem","position":1,"name":"Accueil","item":"https:\/\/empow-her.com\/es\/inicio\/"},{"@type":"ListItem","position":2,"name":"LA BOUTIQUE","item":"https:\/\/empow-her.com\/boutique\/"},{"@type":"ListItem","position":3,"name":"\u00c9v\u00e9nement sp\u00e9cial &#8211; D\u00e9colonisons le f\u00e9minisme !"}]},{"@type":"WebSite","@id":"https:\/\/empow-her.com\/#website","url":"https:\/\/empow-her.com\/","name":"Empow&#039;Her","description":"Women Development","potentialAction":[{"@type":"SearchAction","target":{"@type":"EntryPoint","urlTemplate":"https:\/\/empow-her.com\/?s={search_term_string}"},"query-input":{"@type":"PropertyValueSpecification","valueRequired":true,"valueName":"search_term_string"}}],"inLanguage":"es"}]}},"_links":{"self":[{"href":"https:\/\/empow-her.com\/es\/wp-json\/wp\/v2\/product\/239294","targetHints":{"allow":["GET"]}}],"collection":[{"href":"https:\/\/empow-her.com\/es\/wp-json\/wp\/v2\/product"}],"about":[{"href":"https:\/\/empow-her.com\/es\/wp-json\/wp\/v2\/types\/product"}],"wp:featuredmedia":[{"embeddable":true,"href":"https:\/\/empow-her.com\/es\/wp-json\/wp\/v2\/media\/239295"}],"wp:attachment":[{"href":"https:\/\/empow-her.com\/es\/wp-json\/wp\/v2\/media?parent=239294"}],"wp:term":[{"taxonomy":"product_brand","embeddable":true,"href":"https:\/\/empow-her.com\/es\/wp-json\/wp\/v2\/product_brand?post=239294"},{"taxonomy":"product_cat","embeddable":true,"href":"https:\/\/empow-her.com\/es\/wp-json\/wp\/v2\/product_cat?post=239294"},{"taxonomy":"product_tag","embeddable":true,"href":"https:\/\/empow-her.com\/es\/wp-json\/wp\/v2\/product_tag?post=239294"},{"taxonomy":"lieu","embeddable":true,"href":"https:\/\/empow-her.com\/es\/wp-json\/wp\/v2\/lieu?post=239294"},{"taxonomy":"thematiques","embeddable":true,"href":"https:\/\/empow-her.com\/es\/wp-json\/wp\/v2\/thematiques?post=239294"}],"curies":[{"name":"wp","href":"https:\/\/api.w.org\/{rel}","templated":true}]}}