{"id":228456,"date":"2023-12-13T18:00:31","date_gmt":"2023-12-13T17:00:31","guid":{"rendered":"https:\/\/empow-her.com\/?post_type=product&#038;p=228456"},"modified":"2023-12-18T10:24:53","modified_gmt":"2023-12-18T09:24:53","slug":"powher-les-grandes-etapes-de-conception-et-realisation-dun-podcast","status":"publish","type":"product","link":"https:\/\/empow-her.com\/es\/produit\/powher-les-grandes-etapes-de-conception-et-realisation-dun-podcast\/","title":{"rendered":"Pow&#8217;Her : Les grandes \u00e9tapes de conception et r\u00e9alisation d\u2019un podcast avec Aur\u00e9lie Dor\u00e9 !"},"content":{"rendered":"<p><strong>Venez rencontrer Aur\u00e9lie Dor\u00e9 pour sa masterclass : Les grandes \u00e9tapes de conception et r\u00e9alisation d\u2019un podcast !<\/strong><\/p>\n<p>L\u2019audio est devenu un mode d\u2019expression \u00e0 part enti\u00e8re pour les individus, les entreprises et les institutions, et fait d\u00e9sormais partie des strat\u00e9gies de communication de toutes sortes d\u2019acteurs de la vie \u00e9conomique et sociale.<\/p>\n<p>C&#8217;est la magie du podcast : le m\u00e9dia de l&#8217;intime qui bouscule en douceur tout.e.s celles et ceux qui sont impliqu\u00e9.e.s !<\/p>\n<p>&#x27a1;&#xfe0f; Vous avez une id\u00e9e de podcast mais ne savez pas comment vous y prendre ?<br \/>\n&#x27a1;&#xfe0f; Vous voulez f\u00e9d\u00e9rer une communaut\u00e9 autour d&#8217;un sujet qui vous passionne ?<br \/>\n&#x27a1;&#xfe0f; Vous voulez valoriser vos salari\u00e9s, leur expertise, leur parcours, leur savoir-faire ?<\/p>\n<p><strong>Rendez-vous le jeudi 11 janvier chez Sist&#8217;Her avec Aur\u00e9lie Dor\u00e9, fondatrice du podcast Ceci est ton corps, pour d\u00e9couvrir les grandes \u00e9tapes de conception et r\u00e9alisation d\u2019un podcast &#x1f399;<\/strong><\/p>\n<p>Pour en savoir plus sur le podcast <strong>Ceci est ton corps<\/strong> cliquez sur <a href=\"https:\/\/linktr.ee\/ceciesttoncorps\">ce lien<\/a> ou consulter la page <a href=\"https:\/\/www.instagram.com\/ceciesttoncorps\/\">instagram<\/a> &#x1f448;<\/p>\n<p>&nbsp;<\/p>\n<p>&nbsp;<\/p>\n<div class=\"l7ghb35v kjdc1dyq kmwttqpk gh25dzvf jikcssrz\"><strong>Infos pratiques<\/strong><br \/>\n<span class=\"fxk3tzhb b2rh1bv3 gh55jysx m8h3af8h ewco64xe kjdc1dyq ms56khn7 bq6c9xl4 eohcrkr5 akh3l2rg\"><img decoding=\"async\" src=\"https:\/\/static.xx.fbcdn.net\/images\/emoji.php\/v9\/td7\/1.5\/16\/1f4c5.png\" alt=\"&#x1f4c5;\" width=\"16\" height=\"16\" \/><\/span> L\u2019\u00e9v\u00e9nement se d\u00e9roulera le jeudi 11 janvier de 18h45 \u00e0 21h<br \/>\n<span class=\"fxk3tzhb b2rh1bv3 gh55jysx m8h3af8h ewco64xe kjdc1dyq ms56khn7 bq6c9xl4 eohcrkr5 akh3l2rg\"><img decoding=\"async\" src=\"https:\/\/static.xx.fbcdn.net\/images\/emoji.php\/v9\/t8b\/1.5\/16\/1f516.png\" alt=\"&#x1f516;\" width=\"16\" height=\"16\" \/><\/span>\u00a0R\u00e9servation gratuite obligatoire<br \/>\n<span class=\"fxk3tzhb b2rh1bv3 gh55jysx m8h3af8h ewco64xe kjdc1dyq ms56khn7 bq6c9xl4 eohcrkr5 akh3l2rg\"><img decoding=\"async\" src=\"https:\/\/static.xx.fbcdn.net\/images\/emoji.php\/v9\/t86\/1.5\/16\/1f4cd.png\" alt=\"&#x1f4cd;\" width=\"16\" height=\"16\" \/><\/span>\u00a0Sist\u2019Her : 82 rue du Faubourg Saint-Martin 75010 Paris<\/div>\n<div><\/div>\n<div class=\"l7ghb35v kjdc1dyq kmwttqpk gh25dzvf jikcssrz\">Ouvert en mars 2021, Sist\u2019Her est le premier tiers-lieu sorore, d\u00e9di\u00e9 aux entrepreneuses et \u00e0 l\u2019impact en \u00cele-de-France. Port\u00e9 par l\u2019association Empow\u2019Her, c\u2019est un lieu de formations et de rencontres inclusif et collaboratif. Ouvert \u00e0 tou\u00b7te\u00b7s o\u00f9 il est possible de se former, s\u2019inspirer, s\u2019engager et se rencontrer.<\/div>\n<div><\/div>\n<div class=\"l7ghb35v kjdc1dyq kmwttqpk gh25dzvf jikcssrz\">A tr\u00e8s vite !\u00a0<span class=\"fxk3tzhb b2rh1bv3 gh55jysx m8h3af8h ewco64xe kjdc1dyq ms56khn7 bq6c9xl4 eohcrkr5 akh3l2rg\"><img loading=\"lazy\" decoding=\"async\" src=\"https:\/\/static.xx.fbcdn.net\/images\/emoji.php\/v9\/t56\/1.5\/16\/1f64c.png\" alt=\"&#x1f64c;\" width=\"16\" height=\"16\" \/><\/span><\/div>\n","protected":false},"excerpt":{"rendered":"<p><strong>Venez rencontrer Aur\u00e9lie Dor\u00e9 pour sa masterclass : Les grandes \u00e9tapes de conception et r\u00e9alisation d\u2019un podcast !<\/strong><\/p>\n<p>L\u2019audio est devenu un mode d\u2019expression \u00e0 part enti\u00e8re pour les individus, les entreprises et les institutions, et fait d\u00e9sormais partie des strat\u00e9gies de communication de toutes sortes d\u2019acteurs de la vie \u00e9conomique et sociale.<\/p>\n<p>C&#8217;est la magie du podcast : le m\u00e9dia de l&#8217;intime qui bouscule en douceur tout.e.s celles et ceux qui sont impliqu\u00e9.e.s !<\/p>\n<p>&#x27a1;&#xfe0f; Vous avez une id\u00e9e de podcast mais ne savez pas comment vous y prendre ?<br \/>\n&#x27a1;&#xfe0f; Vous voulez f\u00e9d\u00e9rer une communaut\u00e9 autour d&#8217;un sujet qui vous passionne ?<br \/>\n&#x27a1;&#xfe0f; Vous voulez valoriser vos salari\u00e9s, leur expertise, leur parcours, leur savoir-faire ?<\/p>\n<p><strong>Rendez-vous le jeudi 11 janvier chez Sist&#8217;Her avec Aur\u00e9lie Dor\u00e9, fondatrice du podcast Ceci est ton corps, pour d\u00e9couvrir les grandes \u00e9tapes de conception et r\u00e9alisation d\u2019un podcast &#x1f399;<\/strong><\/p>\n<p>Pour en savoir plus sur le podcast <strong>Ceci est ton corps<\/strong> cliquez sur <a href=\"https:\/\/linktr.ee\/ceciesttoncorps\">ce lien<\/a> ou consulter la page <a href=\"https:\/\/www.instagram.com\/ceciesttoncorps\/\">instagram<\/a> &#x1f448;<\/p>\n<p>&nbsp;<\/p>\n<div class=\"l7ghb35v kjdc1dyq kmwttqpk gh25dzvf jikcssrz\"><strong>Infos pratiques<\/strong><br \/>\n<span class=\"fxk3tzhb b2rh1bv3 gh55jysx m8h3af8h ewco64xe kjdc1dyq ms56khn7 bq6c9xl4 eohcrkr5 akh3l2rg\"><img decoding=\"async\" src=\"https:\/\/static.xx.fbcdn.net\/images\/emoji.php\/v9\/td7\/1.5\/16\/1f4c5.png\" alt=\"&#x1f4c5;\" width=\"16\" height=\"16\" \/><\/span> L\u2019\u00e9v\u00e9nement se d\u00e9roulera le jeudi 11 janvier de 18h45 \u00e0 21h<br \/>\n<span class=\"fxk3tzhb b2rh1bv3 gh55jysx m8h3af8h ewco64xe kjdc1dyq ms56khn7 bq6c9xl4 eohcrkr5 akh3l2rg\"><img decoding=\"async\" src=\"https:\/\/static.xx.fbcdn.net\/images\/emoji.php\/v9\/t8b\/1.5\/16\/1f516.png\" alt=\"&#x1f516;\" width=\"16\" height=\"16\" \/><\/span>\u00a0R\u00e9servation gratuite obligatoire<br \/>\n<span class=\"fxk3tzhb b2rh1bv3 gh55jysx m8h3af8h ewco64xe kjdc1dyq ms56khn7 bq6c9xl4 eohcrkr5 akh3l2rg\"><img decoding=\"async\" src=\"https:\/\/static.xx.fbcdn.net\/images\/emoji.php\/v9\/t86\/1.5\/16\/1f4cd.png\" alt=\"&#x1f4cd;\" width=\"16\" height=\"16\" \/><\/span>\u00a0Sist\u2019Her : 82 rue du Faubourg Saint-Martin 75010 Paris<\/div>\n<div><\/div>\n<div class=\"l7ghb35v kjdc1dyq kmwttqpk gh25dzvf jikcssrz\">Ouvert en mars 2021, Sist\u2019Her est le premier tiers-lieu sorore, d\u00e9di\u00e9 aux entrepreneuses et \u00e0 l\u2019impact en \u00cele-de-France. Port\u00e9 par l\u2019association Empow\u2019Her, c\u2019est un lieu de formations et de rencontres inclusif et collaboratif. Ouvert \u00e0 tou\u00b7te\u00b7s o\u00f9 il est possible de se former, s\u2019inspirer, s\u2019engager et se rencontrer.<\/div>\n<div><\/div>\n<div class=\"l7ghb35v kjdc1dyq kmwttqpk gh25dzvf jikcssrz\">A tr\u00e8s vite !\u00a0<span class=\"fxk3tzhb b2rh1bv3 gh55jysx m8h3af8h ewco64xe kjdc1dyq ms56khn7 bq6c9xl4 eohcrkr5 akh3l2rg\"><img loading=\"lazy\" decoding=\"async\" src=\"https:\/\/static.xx.fbcdn.net\/images\/emoji.php\/v9\/t56\/1.5\/16\/1f64c.png\" alt=\"&#x1f64c;\" width=\"16\" height=\"16\" \/><\/span><\/div>\n","protected":false},"featured_media":228457,"template":"","format":"standard","meta":{"_acf_changed":false,"om_disable_all_campaigns":false,"_uf_show_specific_survey":0,"_uf_disable_surveys":false},"product_brand":[],"product_cat":[119],"product_tag":[],"lieu":[127],"thematiques":[],"class_list":{"0":"post-228456","1":"product","2":"type-product","3":"status-publish","4":"format-standard","5":"has-post-thumbnail","7":"product_cat-evenement-sisther","8":"lieu-hub-empowher","10":"first","11":"instock","12":"virtual","13":"purchasable","14":"product-type-appointment"},"exclude_global_add_ons":[],"addons":[],"acf":[],"yoast_head":"<!-- This site is optimized with the Yoast SEO plugin v24.8 - https:\/\/yoast.com\/wordpress\/plugins\/seo\/ -->\n<title>Pow&#039;Her : Les grandes \u00e9tapes de conception et r\u00e9alisation d\u2019un podcast avec Aur\u00e9lie Dor\u00e9 ! - Empow&#039;Her<\/title>\n<meta name=\"description\" content=\"Venez rencontrer Aur\u00e9lie Dor\u00e9 pour sa masterclass : Les grandes \u00e9tapes de conception et r\u00e9alisation d\u2019un podcast !\" \/>\n<meta name=\"robots\" content=\"index, follow, max-snippet:-1, max-image-preview:large, max-video-preview:-1\" \/>\n<link rel=\"canonical\" href=\"https:\/\/empow-her.com\/en\/produit\/powher-les-grandes-etapes-de-conception-et-realisation-dun-podcast\/\" \/>\n<meta property=\"og:locale\" content=\"es_ES\" \/>\n<meta property=\"og:type\" content=\"article\" \/>\n<meta property=\"og:title\" content=\"Pow&#039;Her : Les grandes \u00e9tapes de conception et r\u00e9alisation d\u2019un podcast avec Aur\u00e9lie Dor\u00e9 ! - Empow&#039;Her\" \/>\n<meta property=\"og:description\" content=\"Venez rencontrer Aur\u00e9lie Dor\u00e9 pour sa masterclass : Les grandes \u00e9tapes de conception et r\u00e9alisation d\u2019un podcast !\" \/>\n<meta property=\"og:url\" content=\"https:\/\/empow-her.com\/en\/produit\/powher-les-grandes-etapes-de-conception-et-realisation-dun-podcast\/\" \/>\n<meta property=\"og:site_name\" content=\"Empow&#039;Her\" \/>\n<meta property=\"article:modified_time\" content=\"2023-12-18T09:24:53+00:00\" \/>\n<meta property=\"og:image\" content=\"https:\/\/empow-her.com\/wp-content\/uploads\/2023\/12\/VIGNETTES-SITE-INTERNET-9.png\" \/>\n\t<meta property=\"og:image:width\" content=\"1080\" \/>\n\t<meta property=\"og:image:height\" content=\"1080\" \/>\n\t<meta property=\"og:image:type\" content=\"image\/png\" \/>\n<meta name=\"twitter:card\" content=\"summary_large_image\" \/>\n<meta name=\"twitter:label1\" content=\"Tiempo de lectura\" \/>\n\t<meta name=\"twitter:data1\" content=\"3 minutos\" \/>\n<script type=\"application\/ld+json\" class=\"yoast-schema-graph\">{\"@context\":\"https:\/\/schema.org\",\"@graph\":[{\"@type\":\"WebPage\",\"@id\":\"https:\/\/empow-her.com\/en\/produit\/powher-les-grandes-etapes-de-conception-et-realisation-dun-podcast\/\",\"url\":\"https:\/\/empow-her.com\/en\/produit\/powher-les-grandes-etapes-de-conception-et-realisation-dun-podcast\/\",\"name\":\"Pow'Her : Les grandes \u00e9tapes de conception et r\u00e9alisation d\u2019un podcast avec Aur\u00e9lie Dor\u00e9 ! - Empow&#039;Her\",\"isPartOf\":{\"@id\":\"https:\/\/empow-her.com\/#website\"},\"primaryImageOfPage\":{\"@id\":\"https:\/\/empow-her.com\/en\/produit\/powher-les-grandes-etapes-de-conception-et-realisation-dun-podcast\/#primaryimage\"},\"image\":{\"@id\":\"https:\/\/empow-her.com\/en\/produit\/powher-les-grandes-etapes-de-conception-et-realisation-dun-podcast\/#primaryimage\"},\"thumbnailUrl\":\"https:\/\/empow-her.com\/wp-content\/uploads\/2023\/12\/VIGNETTES-SITE-INTERNET-9.png\",\"datePublished\":\"2023-12-13T17:00:31+00:00\",\"dateModified\":\"2023-12-18T09:24:53+00:00\",\"description\":\"Venez rencontrer Aur\u00e9lie Dor\u00e9 pour sa masterclass : Les grandes \u00e9tapes de conception et r\u00e9alisation d\u2019un podcast !\",\"breadcrumb\":{\"@id\":\"https:\/\/empow-her.com\/en\/produit\/powher-les-grandes-etapes-de-conception-et-realisation-dun-podcast\/#breadcrumb\"},\"inLanguage\":\"es\",\"potentialAction\":[{\"@type\":\"ReadAction\",\"target\":[\"https:\/\/empow-her.com\/en\/produit\/powher-les-grandes-etapes-de-conception-et-realisation-dun-podcast\/\"]}]},{\"@type\":\"ImageObject\",\"inLanguage\":\"es\",\"@id\":\"https:\/\/empow-her.com\/en\/produit\/powher-les-grandes-etapes-de-conception-et-realisation-dun-podcast\/#primaryimage\",\"url\":\"https:\/\/empow-her.com\/wp-content\/uploads\/2023\/12\/VIGNETTES-SITE-INTERNET-9.png\",\"contentUrl\":\"https:\/\/empow-her.com\/wp-content\/uploads\/2023\/12\/VIGNETTES-SITE-INTERNET-9.png\",\"width\":1080,\"height\":1080},{\"@type\":\"BreadcrumbList\",\"@id\":\"https:\/\/empow-her.com\/en\/produit\/powher-les-grandes-etapes-de-conception-et-realisation-dun-podcast\/#breadcrumb\",\"itemListElement\":[{\"@type\":\"ListItem\",\"position\":1,\"name\":\"Accueil\",\"item\":\"https:\/\/empow-her.com\/es\/inicio\/\"},{\"@type\":\"ListItem\",\"position\":2,\"name\":\"LA BOUTIQUE\",\"item\":\"https:\/\/empow-her.com\/boutique\/\"},{\"@type\":\"ListItem\",\"position\":3,\"name\":\"Pow&#8217;Her : Les grandes \u00e9tapes de conception et r\u00e9alisation d\u2019un podcast avec Aur\u00e9lie Dor\u00e9 !\"}]},{\"@type\":\"WebSite\",\"@id\":\"https:\/\/empow-her.com\/#website\",\"url\":\"https:\/\/empow-her.com\/\",\"name\":\"Empow&#039;Her\",\"description\":\"Women Development\",\"potentialAction\":[{\"@type\":\"SearchAction\",\"target\":{\"@type\":\"EntryPoint\",\"urlTemplate\":\"https:\/\/empow-her.com\/?s={search_term_string}\"},\"query-input\":{\"@type\":\"PropertyValueSpecification\",\"valueRequired\":true,\"valueName\":\"search_term_string\"}}],\"inLanguage\":\"es\"}]}<\/script>\n<!-- \/ Yoast SEO plugin. -->","yoast_head_json":{"title":"Pow'Her : Les grandes \u00e9tapes de conception et r\u00e9alisation d\u2019un podcast avec Aur\u00e9lie Dor\u00e9 ! - Empow&#039;Her","description":"Venez rencontrer Aur\u00e9lie Dor\u00e9 pour sa masterclass : Les grandes \u00e9tapes de conception et r\u00e9alisation d\u2019un podcast !","robots":{"index":"index","follow":"follow","max-snippet":"max-snippet:-1","max-image-preview":"max-image-preview:large","max-video-preview":"max-video-preview:-1"},"canonical":"https:\/\/empow-her.com\/en\/produit\/powher-les-grandes-etapes-de-conception-et-realisation-dun-podcast\/","og_locale":"es_ES","og_type":"article","og_title":"Pow'Her : Les grandes \u00e9tapes de conception et r\u00e9alisation d\u2019un podcast avec Aur\u00e9lie Dor\u00e9 ! - Empow&#039;Her","og_description":"Venez rencontrer Aur\u00e9lie Dor\u00e9 pour sa masterclass : Les grandes \u00e9tapes de conception et r\u00e9alisation d\u2019un podcast !","og_url":"https:\/\/empow-her.com\/en\/produit\/powher-les-grandes-etapes-de-conception-et-realisation-dun-podcast\/","og_site_name":"Empow&#039;Her","article_modified_time":"2023-12-18T09:24:53+00:00","og_image":[{"width":1080,"height":1080,"url":"https:\/\/empow-her.com\/wp-content\/uploads\/2023\/12\/VIGNETTES-SITE-INTERNET-9.png","type":"image\/png"}],"twitter_card":"summary_large_image","twitter_misc":{"Tiempo de lectura":"3 minutos"},"schema":{"@context":"https:\/\/schema.org","@graph":[{"@type":"WebPage","@id":"https:\/\/empow-her.com\/en\/produit\/powher-les-grandes-etapes-de-conception-et-realisation-dun-podcast\/","url":"https:\/\/empow-her.com\/en\/produit\/powher-les-grandes-etapes-de-conception-et-realisation-dun-podcast\/","name":"Pow'Her : Les grandes \u00e9tapes de conception et r\u00e9alisation d\u2019un podcast avec Aur\u00e9lie Dor\u00e9 ! - Empow&#039;Her","isPartOf":{"@id":"https:\/\/empow-her.com\/#website"},"primaryImageOfPage":{"@id":"https:\/\/empow-her.com\/en\/produit\/powher-les-grandes-etapes-de-conception-et-realisation-dun-podcast\/#primaryimage"},"image":{"@id":"https:\/\/empow-her.com\/en\/produit\/powher-les-grandes-etapes-de-conception-et-realisation-dun-podcast\/#primaryimage"},"thumbnailUrl":"https:\/\/empow-her.com\/wp-content\/uploads\/2023\/12\/VIGNETTES-SITE-INTERNET-9.png","datePublished":"2023-12-13T17:00:31+00:00","dateModified":"2023-12-18T09:24:53+00:00","description":"Venez rencontrer Aur\u00e9lie Dor\u00e9 pour sa masterclass : Les grandes \u00e9tapes de conception et r\u00e9alisation d\u2019un podcast !","breadcrumb":{"@id":"https:\/\/empow-her.com\/en\/produit\/powher-les-grandes-etapes-de-conception-et-realisation-dun-podcast\/#breadcrumb"},"inLanguage":"es","potentialAction":[{"@type":"ReadAction","target":["https:\/\/empow-her.com\/en\/produit\/powher-les-grandes-etapes-de-conception-et-realisation-dun-podcast\/"]}]},{"@type":"ImageObject","inLanguage":"es","@id":"https:\/\/empow-her.com\/en\/produit\/powher-les-grandes-etapes-de-conception-et-realisation-dun-podcast\/#primaryimage","url":"https:\/\/empow-her.com\/wp-content\/uploads\/2023\/12\/VIGNETTES-SITE-INTERNET-9.png","contentUrl":"https:\/\/empow-her.com\/wp-content\/uploads\/2023\/12\/VIGNETTES-SITE-INTERNET-9.png","width":1080,"height":1080},{"@type":"BreadcrumbList","@id":"https:\/\/empow-her.com\/en\/produit\/powher-les-grandes-etapes-de-conception-et-realisation-dun-podcast\/#breadcrumb","itemListElement":[{"@type":"ListItem","position":1,"name":"Accueil","item":"https:\/\/empow-her.com\/es\/inicio\/"},{"@type":"ListItem","position":2,"name":"LA BOUTIQUE","item":"https:\/\/empow-her.com\/boutique\/"},{"@type":"ListItem","position":3,"name":"Pow&#8217;Her : Les grandes \u00e9tapes de conception et r\u00e9alisation d\u2019un podcast avec Aur\u00e9lie Dor\u00e9 !"}]},{"@type":"WebSite","@id":"https:\/\/empow-her.com\/#website","url":"https:\/\/empow-her.com\/","name":"Empow&#039;Her","description":"Women Development","potentialAction":[{"@type":"SearchAction","target":{"@type":"EntryPoint","urlTemplate":"https:\/\/empow-her.com\/?s={search_term_string}"},"query-input":{"@type":"PropertyValueSpecification","valueRequired":true,"valueName":"search_term_string"}}],"inLanguage":"es"}]}},"_links":{"self":[{"href":"https:\/\/empow-her.com\/es\/wp-json\/wp\/v2\/product\/228456","targetHints":{"allow":["GET"]}}],"collection":[{"href":"https:\/\/empow-her.com\/es\/wp-json\/wp\/v2\/product"}],"about":[{"href":"https:\/\/empow-her.com\/es\/wp-json\/wp\/v2\/types\/product"}],"wp:featuredmedia":[{"embeddable":true,"href":"https:\/\/empow-her.com\/es\/wp-json\/wp\/v2\/media\/228457"}],"wp:attachment":[{"href":"https:\/\/empow-her.com\/es\/wp-json\/wp\/v2\/media?parent=228456"}],"wp:term":[{"taxonomy":"product_brand","embeddable":true,"href":"https:\/\/empow-her.com\/es\/wp-json\/wp\/v2\/product_brand?post=228456"},{"taxonomy":"product_cat","embeddable":true,"href":"https:\/\/empow-her.com\/es\/wp-json\/wp\/v2\/product_cat?post=228456"},{"taxonomy":"product_tag","embeddable":true,"href":"https:\/\/empow-her.com\/es\/wp-json\/wp\/v2\/product_tag?post=228456"},{"taxonomy":"lieu","embeddable":true,"href":"https:\/\/empow-her.com\/es\/wp-json\/wp\/v2\/lieu?post=228456"},{"taxonomy":"thematiques","embeddable":true,"href":"https:\/\/empow-her.com\/es\/wp-json\/wp\/v2\/thematiques?post=228456"}],"curies":[{"name":"wp","href":"https:\/\/api.w.org\/{rel}","templated":true}]}}