{"id":227967,"date":"2023-12-12T10:00:39","date_gmt":"2023-12-12T09:00:39","guid":{"rendered":"https:\/\/empow-her.com\/?post_type=product&#038;p=227967"},"modified":"2024-01-11T10:30:57","modified_gmt":"2024-01-11T09:30:57","slug":"atelier-speed-consulting-3","status":"publish","type":"product","link":"https:\/\/empow-her.com\/es\/produit\/atelier-speed-consulting-3\/","title":{"rendered":"Atelier &#8211; Speed consulting"},"content":{"rendered":"<p>D\u00e9roul\u00e9 :<\/p>\n<p>9:30-10:00 : Rencontre caf\u00e9 avec les collaborateurs<br \/>\n10:00 -10:30 :\u00a0 Ice breakers<br \/>\n10:30 &#8211; 11:50 : 2 cycles d&#8217;<b>atelier<\/b>\u00a0<b>speed-consulting<br \/>\n<\/b>11:50 &#8211; 12:20 D\u00e9brief et conclusion<b><\/b><\/p>\n<p>Les th\u00e9matiques sur lesquelles vous pourrez \u00eatre coach\u00e9es sont :<\/p>\n<p><strong>Marketing &amp; Communication :<\/strong><br \/>\n\u25cf D\u00e9finir son identit\u00e9 et image de marque<br \/>\n\u25cf Cr\u00e9er une campagne de communication<br \/>\n\u25cf Utiliser les techniques de marketing digital et les r\u00e9seaux sociaux.<\/p>\n<p><strong>Strat\u00e9gie et prospection commerciale :<\/strong><br \/>\n\u25cf D\u00e9finir ses offres et son argumentaire<br \/>\n\u25cf Prospecter et cr\u00e9er des partenariats<br \/>\n\u25cf Trouver ses premiers clients<\/p>\n<p><strong>Financements :<\/strong><br \/>\n\u25cf Construire son business plan<br \/>\n\u25cf Identifier des sources de financement<\/p>\n<p><strong>Pr\u00e9-requis :\u00a0<\/strong>Pr\u00e9parer deux besoins sur ces th\u00e9matiques \u00e0 aborder avec les collaborateur.rices<\/p>\n<p>Attention, seulement 15places sont disponibles !<\/p>\n<p>Il vous sera demand\u00e9 de remplir un formulaire en amont pour d\u00e9finir vos besoins et vous matcher avec les bon.nes\u00a0 collaborateur.rices.<\/p>\n<p>Il vous sera demand\u00e9 de remplir un formulaire en amont pour d\u00e9finir vos besoins et vous matcher avec les bon.nes\u00a0 collaborateur.rices.<\/p>\n","protected":false},"excerpt":{"rendered":"<p>KPMG vous propose un temps de speed consulting avec ses collaborateur.rices pour vous coacher sur diff\u00e9rentes th\u00e9matiques !<\/p>\n<p>D\u00e9roul\u00e9 :<\/p>\n<p>09h30-9h45 : Accueil caf\u00e9<br \/>\n9h45-10h : Ice breaker + petit jeu comme \u00e9voqu\u00e9<br \/>\n10h-10h45 : 1er speed consulting<br \/>\n10h45-11h30 : 2e speed consulting<br \/>\n11h30 &#8211; 11h45 : D\u00e9brief et Conclusion<br \/>\n11h45 &#8211; 12h : Pause<br \/>\n12h \u2013 13h30 : D\u00e9j \u2013 Networking<\/p>\n<p>&nbsp;<\/p>\n<p>Les th\u00e9matiques sur lesquelles vous pourrez \u00eatre coach\u00e9es sont :<\/p>\n<p><strong>Marketing &amp; Communication :<\/strong><br \/>\n\u25cf D\u00e9finir son identit\u00e9 et image de marque<br \/>\n\u25cf Cr\u00e9er une campagne de communication<br \/>\n\u25cf Utiliser les techniques de marketing digital et les r\u00e9seaux sociaux.<\/p>\n<p><strong>Strat\u00e9gie et prospection commerciale :<\/strong><br \/>\n\u25cf D\u00e9finir ses offres et son argumentaire<br \/>\n\u25cf Prospecter et cr\u00e9er des partenariats<br \/>\n\u25cf Trouver ses premiers clients<\/p>\n<p><strong>Financements :<\/strong><br \/>\n\u25cf Construire son business plan<br \/>\n\u25cf Identifier des sources de financement<\/p>\n<p><strong>Pr\u00e9-requis :\u00a0<\/strong>Pr\u00e9parer deux besoins sur ces th\u00e9matiques \u00e0 aborder avec les collaborateur.rices<\/p>\n<p>Attention, seulement 18 places sont disponibles !<\/p>\n<p>Il vous sera demand\u00e9 de remplir un formulaire en amont pour d\u00e9finir vos besoins et vous matcher avec les bon.nes\u00a0 collaborateur.rices.<\/p>\n","protected":false},"featured_media":229112,"template":"","format":"standard","meta":{"_acf_changed":false,"om_disable_all_campaigns":false,"_uf_show_specific_survey":0,"_uf_disable_surveys":false},"product_brand":[],"product_cat":[118],"product_tag":[],"lieu":[161],"thematiques":[],"class_list":{"0":"post-227967","1":"product","2":"type-product","3":"status-publish","4":"format-standard","5":"has-post-thumbnail","7":"product_cat-atelier-collectif","8":"lieu-externe","10":"first","11":"instock","12":"virtual","13":"purchasable","14":"product-type-appointment"},"exclude_global_add_ons":[],"addons":[],"acf":[],"yoast_head":"<!-- This site is optimized with the Yoast SEO plugin v24.8 - https:\/\/yoast.com\/wordpress\/plugins\/seo\/ -->\n<title>Atelier - Speed consulting - Empow&#039;Her<\/title>\n<meta name=\"robots\" content=\"index, follow, max-snippet:-1, max-image-preview:large, max-video-preview:-1\" \/>\n<link rel=\"canonical\" href=\"https:\/\/empow-her.com\/en\/produit\/atelier-speed-consulting-3\/\" \/>\n<meta property=\"og:locale\" content=\"es_ES\" \/>\n<meta property=\"og:type\" content=\"article\" \/>\n<meta property=\"og:title\" content=\"Atelier - Speed consulting - Empow&#039;Her\" \/>\n<meta property=\"og:description\" content=\"KPMG vous propose un temps de speed consulting avec ses collaborateur.rices pour vous coacher sur diff\u00e9rentes th\u00e9matiques !  D\u00e9roul\u00e9 :  09h30-9h45 : Accueil caf\u00e9 9h45-10h : Ice breaker + petit jeu comme \u00e9voqu\u00e9 10h-10h45 : 1er speed consulting 10h45-11h30 : 2e speed consulting 11h30 - 11h45 : D\u00e9brief et Conclusion 11h45 - 12h : Pause 12h \u2013 13h30 : D\u00e9j \u2013 Networking  &nbsp;  Les th\u00e9matiques sur lesquelles vous pourrez \u00eatre coach\u00e9es sont :  Marketing &amp; Communication : \u25cf D\u00e9finir son identit\u00e9 et image de marque \u25cf Cr\u00e9er une campagne de communication \u25cf Utiliser les techniques de marketing digital et les r\u00e9seaux sociaux.  Strat\u00e9gie et prospection commerciale : \u25cf D\u00e9finir ses offres et son argumentaire \u25cf Prospecter et cr\u00e9er des partenariats \u25cf Trouver ses premiers clients  Financements : \u25cf Construire son business plan \u25cf Identifier des sources de financement  Pr\u00e9-requis :\u00a0Pr\u00e9parer deux besoins sur ces th\u00e9matiques \u00e0 aborder avec les collaborateur.rices  Attention, seulement 18 places sont disponibles !  Il vous sera demand\u00e9 de remplir un formulaire en amont pour d\u00e9finir vos besoins et vous matcher avec les bon.nes\u00a0 collaborateur.rices.\" \/>\n<meta property=\"og:url\" content=\"https:\/\/empow-her.com\/en\/produit\/atelier-speed-consulting-3\/\" \/>\n<meta property=\"og:site_name\" content=\"Empow&#039;Her\" \/>\n<meta property=\"article:modified_time\" content=\"2024-01-11T09:30:57+00:00\" \/>\n<meta property=\"og:image\" content=\"https:\/\/empow-her.com\/wp-content\/uploads\/2023\/12\/Women-Dare-templates-events-25.png\" \/>\n\t<meta property=\"og:image:width\" content=\"1080\" \/>\n\t<meta property=\"og:image:height\" content=\"1080\" \/>\n\t<meta property=\"og:image:type\" content=\"image\/png\" \/>\n<meta name=\"twitter:card\" content=\"summary_large_image\" \/>\n<meta name=\"twitter:label1\" content=\"Tiempo de lectura\" \/>\n\t<meta name=\"twitter:data1\" content=\"1 minuto\" \/>\n<script type=\"application\/ld+json\" class=\"yoast-schema-graph\">{\"@context\":\"https:\/\/schema.org\",\"@graph\":[{\"@type\":\"WebPage\",\"@id\":\"https:\/\/empow-her.com\/en\/produit\/atelier-speed-consulting-3\/\",\"url\":\"https:\/\/empow-her.com\/en\/produit\/atelier-speed-consulting-3\/\",\"name\":\"Atelier - Speed consulting - Empow&#039;Her\",\"isPartOf\":{\"@id\":\"https:\/\/empow-her.com\/#website\"},\"primaryImageOfPage\":{\"@id\":\"https:\/\/empow-her.com\/en\/produit\/atelier-speed-consulting-3\/#primaryimage\"},\"image\":{\"@id\":\"https:\/\/empow-her.com\/en\/produit\/atelier-speed-consulting-3\/#primaryimage\"},\"thumbnailUrl\":\"https:\/\/empow-her.com\/wp-content\/uploads\/2023\/12\/Women-Dare-templates-events-25.png\",\"datePublished\":\"2023-12-12T09:00:39+00:00\",\"dateModified\":\"2024-01-11T09:30:57+00:00\",\"breadcrumb\":{\"@id\":\"https:\/\/empow-her.com\/en\/produit\/atelier-speed-consulting-3\/#breadcrumb\"},\"inLanguage\":\"es\",\"potentialAction\":[{\"@type\":\"ReadAction\",\"target\":[\"https:\/\/empow-her.com\/en\/produit\/atelier-speed-consulting-3\/\"]}]},{\"@type\":\"ImageObject\",\"inLanguage\":\"es\",\"@id\":\"https:\/\/empow-her.com\/en\/produit\/atelier-speed-consulting-3\/#primaryimage\",\"url\":\"https:\/\/empow-her.com\/wp-content\/uploads\/2023\/12\/Women-Dare-templates-events-25.png\",\"contentUrl\":\"https:\/\/empow-her.com\/wp-content\/uploads\/2023\/12\/Women-Dare-templates-events-25.png\",\"width\":1080,\"height\":1080},{\"@type\":\"BreadcrumbList\",\"@id\":\"https:\/\/empow-her.com\/en\/produit\/atelier-speed-consulting-3\/#breadcrumb\",\"itemListElement\":[{\"@type\":\"ListItem\",\"position\":1,\"name\":\"Accueil\",\"item\":\"https:\/\/empow-her.com\/es\/inicio\/\"},{\"@type\":\"ListItem\",\"position\":2,\"name\":\"LA BOUTIQUE\",\"item\":\"https:\/\/empow-her.com\/boutique\/\"},{\"@type\":\"ListItem\",\"position\":3,\"name\":\"Atelier &#8211; Speed consulting\"}]},{\"@type\":\"WebSite\",\"@id\":\"https:\/\/empow-her.com\/#website\",\"url\":\"https:\/\/empow-her.com\/\",\"name\":\"Empow&#039;Her\",\"description\":\"Women Development\",\"potentialAction\":[{\"@type\":\"SearchAction\",\"target\":{\"@type\":\"EntryPoint\",\"urlTemplate\":\"https:\/\/empow-her.com\/?s={search_term_string}\"},\"query-input\":{\"@type\":\"PropertyValueSpecification\",\"valueRequired\":true,\"valueName\":\"search_term_string\"}}],\"inLanguage\":\"es\"}]}<\/script>\n<!-- \/ Yoast SEO plugin. -->","yoast_head_json":{"title":"Atelier - Speed consulting - Empow&#039;Her","robots":{"index":"index","follow":"follow","max-snippet":"max-snippet:-1","max-image-preview":"max-image-preview:large","max-video-preview":"max-video-preview:-1"},"canonical":"https:\/\/empow-her.com\/en\/produit\/atelier-speed-consulting-3\/","og_locale":"es_ES","og_type":"article","og_title":"Atelier - Speed consulting - Empow&#039;Her","og_description":"KPMG vous propose un temps de speed consulting avec ses collaborateur.rices pour vous coacher sur diff\u00e9rentes th\u00e9matiques !  D\u00e9roul\u00e9 :  09h30-9h45 : Accueil caf\u00e9 9h45-10h : Ice breaker + petit jeu comme \u00e9voqu\u00e9 10h-10h45 : 1er speed consulting 10h45-11h30 : 2e speed consulting 11h30 - 11h45 : D\u00e9brief et Conclusion 11h45 - 12h : Pause 12h \u2013 13h30 : D\u00e9j \u2013 Networking  &nbsp;  Les th\u00e9matiques sur lesquelles vous pourrez \u00eatre coach\u00e9es sont :  Marketing &amp; Communication : \u25cf D\u00e9finir son identit\u00e9 et image de marque \u25cf Cr\u00e9er une campagne de communication \u25cf Utiliser les techniques de marketing digital et les r\u00e9seaux sociaux.  Strat\u00e9gie et prospection commerciale : \u25cf D\u00e9finir ses offres et son argumentaire \u25cf Prospecter et cr\u00e9er des partenariats \u25cf Trouver ses premiers clients  Financements : \u25cf Construire son business plan \u25cf Identifier des sources de financement  Pr\u00e9-requis :\u00a0Pr\u00e9parer deux besoins sur ces th\u00e9matiques \u00e0 aborder avec les collaborateur.rices  Attention, seulement 18 places sont disponibles !  Il vous sera demand\u00e9 de remplir un formulaire en amont pour d\u00e9finir vos besoins et vous matcher avec les bon.nes\u00a0 collaborateur.rices.","og_url":"https:\/\/empow-her.com\/en\/produit\/atelier-speed-consulting-3\/","og_site_name":"Empow&#039;Her","article_modified_time":"2024-01-11T09:30:57+00:00","og_image":[{"width":1080,"height":1080,"url":"https:\/\/empow-her.com\/wp-content\/uploads\/2023\/12\/Women-Dare-templates-events-25.png","type":"image\/png"}],"twitter_card":"summary_large_image","twitter_misc":{"Tiempo de lectura":"1 minuto"},"schema":{"@context":"https:\/\/schema.org","@graph":[{"@type":"WebPage","@id":"https:\/\/empow-her.com\/en\/produit\/atelier-speed-consulting-3\/","url":"https:\/\/empow-her.com\/en\/produit\/atelier-speed-consulting-3\/","name":"Atelier - Speed consulting - Empow&#039;Her","isPartOf":{"@id":"https:\/\/empow-her.com\/#website"},"primaryImageOfPage":{"@id":"https:\/\/empow-her.com\/en\/produit\/atelier-speed-consulting-3\/#primaryimage"},"image":{"@id":"https:\/\/empow-her.com\/en\/produit\/atelier-speed-consulting-3\/#primaryimage"},"thumbnailUrl":"https:\/\/empow-her.com\/wp-content\/uploads\/2023\/12\/Women-Dare-templates-events-25.png","datePublished":"2023-12-12T09:00:39+00:00","dateModified":"2024-01-11T09:30:57+00:00","breadcrumb":{"@id":"https:\/\/empow-her.com\/en\/produit\/atelier-speed-consulting-3\/#breadcrumb"},"inLanguage":"es","potentialAction":[{"@type":"ReadAction","target":["https:\/\/empow-her.com\/en\/produit\/atelier-speed-consulting-3\/"]}]},{"@type":"ImageObject","inLanguage":"es","@id":"https:\/\/empow-her.com\/en\/produit\/atelier-speed-consulting-3\/#primaryimage","url":"https:\/\/empow-her.com\/wp-content\/uploads\/2023\/12\/Women-Dare-templates-events-25.png","contentUrl":"https:\/\/empow-her.com\/wp-content\/uploads\/2023\/12\/Women-Dare-templates-events-25.png","width":1080,"height":1080},{"@type":"BreadcrumbList","@id":"https:\/\/empow-her.com\/en\/produit\/atelier-speed-consulting-3\/#breadcrumb","itemListElement":[{"@type":"ListItem","position":1,"name":"Accueil","item":"https:\/\/empow-her.com\/es\/inicio\/"},{"@type":"ListItem","position":2,"name":"LA BOUTIQUE","item":"https:\/\/empow-her.com\/boutique\/"},{"@type":"ListItem","position":3,"name":"Atelier &#8211; Speed consulting"}]},{"@type":"WebSite","@id":"https:\/\/empow-her.com\/#website","url":"https:\/\/empow-her.com\/","name":"Empow&#039;Her","description":"Women Development","potentialAction":[{"@type":"SearchAction","target":{"@type":"EntryPoint","urlTemplate":"https:\/\/empow-her.com\/?s={search_term_string}"},"query-input":{"@type":"PropertyValueSpecification","valueRequired":true,"valueName":"search_term_string"}}],"inLanguage":"es"}]}},"_links":{"self":[{"href":"https:\/\/empow-her.com\/es\/wp-json\/wp\/v2\/product\/227967","targetHints":{"allow":["GET"]}}],"collection":[{"href":"https:\/\/empow-her.com\/es\/wp-json\/wp\/v2\/product"}],"about":[{"href":"https:\/\/empow-her.com\/es\/wp-json\/wp\/v2\/types\/product"}],"wp:featuredmedia":[{"embeddable":true,"href":"https:\/\/empow-her.com\/es\/wp-json\/wp\/v2\/media\/229112"}],"wp:attachment":[{"href":"https:\/\/empow-her.com\/es\/wp-json\/wp\/v2\/media?parent=227967"}],"wp:term":[{"taxonomy":"product_brand","embeddable":true,"href":"https:\/\/empow-her.com\/es\/wp-json\/wp\/v2\/product_brand?post=227967"},{"taxonomy":"product_cat","embeddable":true,"href":"https:\/\/empow-her.com\/es\/wp-json\/wp\/v2\/product_cat?post=227967"},{"taxonomy":"product_tag","embeddable":true,"href":"https:\/\/empow-her.com\/es\/wp-json\/wp\/v2\/product_tag?post=227967"},{"taxonomy":"lieu","embeddable":true,"href":"https:\/\/empow-her.com\/es\/wp-json\/wp\/v2\/lieu?post=227967"},{"taxonomy":"thematiques","embeddable":true,"href":"https:\/\/empow-her.com\/es\/wp-json\/wp\/v2\/thematiques?post=227967"}],"curies":[{"name":"wp","href":"https:\/\/api.w.org\/{rel}","templated":true}]}}