{"id":221664,"date":"2023-11-22T10:43:20","date_gmt":"2023-11-22T09:43:20","guid":{"rendered":"https:\/\/empow-her.com\/?post_type=product&#038;p=221664"},"modified":"2023-11-22T13:03:21","modified_gmt":"2023-11-22T12:03:21","slug":"atelier-powher-savoir-parler-dargent","status":"publish","type":"product","link":"https:\/\/empow-her.com\/es\/produit\/atelier-powher-savoir-parler-dargent\/","title":{"rendered":"Atelier Pow&#8217;Her &#8211; Savoir parler d&#8217;argent !"},"content":{"rendered":"<p>En France, parler d&#8217;argent n&#8217;est pas chose facile ! C&#8217;est un sujet tabou, presque dangereux o\u00f9 il y aurait plus \u00e0 perdre qu&#8217;\u00e0 gagner. C&#8217;est d&#8217;ailleurs encore plus le cas pour les femmes qui, \u00e0 cause des croyances limitantes, \u00e9vite de parler d&#8217;argent.<\/p>\n<p>Charl\u00e8ne Por\u00e9e formatrice et coach commercial en n\u00e9gociation viendra <strong>mercredi 13 d\u00e9cembre de 18h30 \u00e0 20h30<\/strong> <strong>chez Sist&#8217;Her<\/strong> pour une conf\u00e9rence interactive sur la th\u00e9matique <strong>&#8220;Savoir parler d&#8217;argent&#8221;<\/strong>, avec un prisme entrepreneurial, f\u00e9minisme et projet \u00e0 impact.<\/p>\n<p><strong>Cette conf\u00e9rence aura pour objectif de lever les tabous sur l&#8217;argent, et les barri\u00e8res \u00e0 fixer et d\u00e9fendre un prix juste.<\/strong><\/p>\n<p>Elle vous donnera des conseils pour d\u00e9finir et d\u00e9fendre vos prix en tant qu&#8217;entrepreneuse ou vous donnera des outils pour mener au mieux vos n\u00e9gociations pour une augmentation de salaire si vous \u00eates salari\u00e9.e.<\/p>\n<p>Alors ? Pr\u00eate \u00e0 lever les freins qui entravent ton aventures entrepreneuriales ? Pr\u00eate \u00e0 parler argent ? &#x1f4b0;<\/p>\n<p><strong>&#x26a1;&#xfe0f; Rendez-vous chez Sist&#8217;Her mercredi 13 d\u00e9cembre de 18h30 \u00e0 20h30 !<\/strong><\/p>\n<p>&nbsp;<\/p>\n<p>&nbsp;<\/p>\n<p><strong>Infos pratiques :\u00a0<\/strong><\/p>\n<p>&#x1f4c6; Mercredi 13 d\u00e9cembre<br \/>\n&#x23f3; De 18h30 \u00e0 20h30<br \/>\n&#x1f516; R\u00e9servation gratuite obligatoire<br \/>\n&#x1f4cd; Chez <a href=\"https:\/\/www.instagram.com\/sisther.paris\/\">Sist&#8217;Her<\/a>\u00a0: 82 rue du Faubourg Saint-Martin 75010 Paris.<\/p>\n<div>Ouvert en mars 2021, Sist\u2019Her est le premier tiers-lieu sorore, d\u00e9di\u00e9 aux entrepreneuses et \u00e0 l\u2019impact en \u00cele-de-France. Port\u00e9 par l\u2019association Empow\u2019Her, c\u2019est un lieu de formations et de rencontres inclusif et collaboratif. Ouvert \u00e0 tou\u00b7te\u00b7s o\u00f9 il est possible de se former, s\u2019inspirer, s\u2019engager et se rencontrer.<\/div>\n<div><\/div>\n<div class=\"l7ghb35v kjdc1dyq kmwttqpk gh25dzvf jikcssrz\">A tr\u00e8s vite !\u00a0<span class=\"fxk3tzhb b2rh1bv3 gh55jysx m8h3af8h ewco64xe kjdc1dyq ms56khn7 bq6c9xl4 eohcrkr5 akh3l2rg\"><img decoding=\"async\" src=\"https:\/\/static.xx.fbcdn.net\/images\/emoji.php\/v9\/t56\/1.5\/16\/1f64c.png\" alt=\"&#x1f64c;\" width=\"16\" height=\"16\" \/><\/span><\/div>\n<p>&nbsp;<\/p>\n","protected":false},"excerpt":{"rendered":"<p>En France, parler d&#8217;argent n&#8217;est pas chose facile ! C&#8217;est un sujet tabou, presque dangereux o\u00f9 il y aurait plus \u00e0 perdre qu&#8217;\u00e0 gagner. C&#8217;est d&#8217;ailleurs encore plus le cas pour les femmes qui, \u00e0 cause des croyances limitantes, \u00e9vite de parler d&#8217;argent.<\/p>\n<p>Charl\u00e8ne Por\u00e9e formatrice et coach commercial en n\u00e9gociation viendra <strong>mercredi 13 d\u00e9cembre de 18h30 \u00e0 20h30<\/strong> <strong>chez Sist&#8217;Her<\/strong> pour une conf\u00e9rence interactive sur la th\u00e9matique <strong>&#8220;Savoir parler d&#8217;argent&#8221;<\/strong>, avec un prisme entrepreneurial, f\u00e9minisme et projet \u00e0 impact.<\/p>\n<p><strong>Cette conf\u00e9rence aura pour objectif de lever les tabous sur l&#8217;argent, et les barri\u00e8res \u00e0 fixer et d\u00e9fendre un prix juste.<\/strong><\/p>\n<p>Elle vous donnera des conseils pour d\u00e9finir et d\u00e9fendre vos prix en tant qu&#8217;entrepreneuse ou vous donnera des outils pour mener au mieux vos n\u00e9gociations pour une augmentation de salaire si vous \u00eates salari\u00e9.e.<\/p>\n<p>Alors ? Pr\u00eate \u00e0 lever les freins qui entravent ton aventures entrepreneuriales ? Pr\u00eate \u00e0 parler argent ? &#x1f4b0;<\/p>\n<p><strong>&#x26a1;&#xfe0f; Rendez-vous chez Sist&#8217;Her mercredi 13 d\u00e9cembre de 18h30 \u00e0 20h30 !<\/strong><\/p>\n<p>&nbsp;<\/p>\n<p>&nbsp;<\/p>\n<p><strong>Infos pratiques :\u00a0<\/strong><\/p>\n<p>&#x1f4c6; Mercredi 13 d\u00e9cembre<br \/>\n&#x23f3; De 18h30 \u00e0 20h30<br \/>\n&#x1f516; R\u00e9servation gratuite obligatoire<br \/>\n&#x1f4cd; Chez <a href=\"https:\/\/www.instagram.com\/sisther.paris\/\">Sist&#8217;Her<\/a>\u00a0: 82 rue du Faubourg Saint-Martin 75010 Paris.<\/p>\n<div>Ouvert en mars 2021, Sist\u2019Her est le premier tiers-lieu sorore, d\u00e9di\u00e9 aux entrepreneuses et \u00e0 l\u2019impact en \u00cele-de-France. Port\u00e9 par l\u2019association Empow\u2019Her, c\u2019est un lieu de formations et de rencontres inclusif et collaboratif. Ouvert \u00e0 tou\u00b7te\u00b7s o\u00f9 il est possible de se former, s\u2019inspirer, s\u2019engager et se rencontrer.<\/div>\n<div><\/div>\n<div class=\"l7ghb35v kjdc1dyq kmwttqpk gh25dzvf jikcssrz\">A tr\u00e8s vite !\u00a0<span class=\"fxk3tzhb b2rh1bv3 gh55jysx m8h3af8h ewco64xe kjdc1dyq ms56khn7 bq6c9xl4 eohcrkr5 akh3l2rg\"><img decoding=\"async\" src=\"https:\/\/static.xx.fbcdn.net\/images\/emoji.php\/v9\/t56\/1.5\/16\/1f64c.png\" alt=\"&#x1f64c;\" width=\"16\" height=\"16\" \/><\/span><\/div>\n<p>&nbsp;<\/p>\n","protected":false},"featured_media":221669,"template":"","format":"standard","meta":{"_acf_changed":false,"om_disable_all_campaigns":false,"_uf_show_specific_survey":0,"_uf_disable_surveys":false},"product_brand":[],"product_cat":[119],"product_tag":[],"lieu":[127],"thematiques":[],"class_list":{"0":"post-221664","1":"product","2":"type-product","3":"status-publish","4":"format-standard","5":"has-post-thumbnail","7":"product_cat-evenement-sisther","8":"lieu-hub-empowher","10":"first","11":"instock","12":"virtual","13":"purchasable","14":"product-type-appointment"},"exclude_global_add_ons":[],"addons":[],"acf":[],"yoast_head":"<!-- This site is optimized with the Yoast SEO plugin v24.8 - https:\/\/yoast.com\/wordpress\/plugins\/seo\/ -->\n<title>Atelier Pow&#039;Her - Savoir parler d&#039;argent ! - Empow&#039;Her<\/title>\n<meta name=\"description\" content=\"Charl\u00e8ne Por\u00e9e formatrice et coach commercial viendra mercredi 13 d\u00e9cembre de 18h30 \u00e0 20h30 chez Sist&#039;Her pour une conf\u00e9rence interactive sur la th\u00e9matique &quot;Savoir parler d&#039;argent&quot;, avec un prisme entrepreneurial, f\u00e9minisme et projet \u00e0 impact.\" \/>\n<meta name=\"robots\" content=\"index, follow, max-snippet:-1, max-image-preview:large, max-video-preview:-1\" \/>\n<link rel=\"canonical\" href=\"https:\/\/empow-her.com\/en\/produit\/atelier-powher-savoir-parler-dargent\/\" \/>\n<meta property=\"og:locale\" content=\"es_ES\" \/>\n<meta property=\"og:type\" content=\"article\" \/>\n<meta property=\"og:title\" content=\"Atelier Pow&#039;Her - Savoir parler d&#039;argent ! - Empow&#039;Her\" \/>\n<meta property=\"og:description\" content=\"Charl\u00e8ne Por\u00e9e formatrice et coach commercial viendra mercredi 13 d\u00e9cembre de 18h30 \u00e0 20h30 chez Sist&#039;Her pour une conf\u00e9rence interactive sur la th\u00e9matique &quot;Savoir parler d&#039;argent&quot;, avec un prisme entrepreneurial, f\u00e9minisme et projet \u00e0 impact.\" \/>\n<meta property=\"og:url\" content=\"https:\/\/empow-her.com\/en\/produit\/atelier-powher-savoir-parler-dargent\/\" \/>\n<meta property=\"og:site_name\" content=\"Empow&#039;Her\" \/>\n<meta property=\"article:modified_time\" content=\"2023-11-22T12:03:21+00:00\" \/>\n<meta property=\"og:image\" content=\"https:\/\/empow-her.com\/wp-content\/uploads\/2023\/11\/VIGNETTES-SITE-INTERNET-8.png\" \/>\n\t<meta property=\"og:image:width\" content=\"1080\" \/>\n\t<meta property=\"og:image:height\" content=\"1080\" \/>\n\t<meta property=\"og:image:type\" content=\"image\/png\" \/>\n<meta name=\"twitter:card\" content=\"summary_large_image\" \/>\n<meta name=\"twitter:label1\" content=\"Tiempo de lectura\" \/>\n\t<meta name=\"twitter:data1\" content=\"2 minutos\" \/>\n<script type=\"application\/ld+json\" class=\"yoast-schema-graph\">{\"@context\":\"https:\/\/schema.org\",\"@graph\":[{\"@type\":\"WebPage\",\"@id\":\"https:\/\/empow-her.com\/en\/produit\/atelier-powher-savoir-parler-dargent\/\",\"url\":\"https:\/\/empow-her.com\/en\/produit\/atelier-powher-savoir-parler-dargent\/\",\"name\":\"Atelier Pow'Her - Savoir parler d'argent ! - Empow&#039;Her\",\"isPartOf\":{\"@id\":\"https:\/\/empow-her.com\/#website\"},\"primaryImageOfPage\":{\"@id\":\"https:\/\/empow-her.com\/en\/produit\/atelier-powher-savoir-parler-dargent\/#primaryimage\"},\"image\":{\"@id\":\"https:\/\/empow-her.com\/en\/produit\/atelier-powher-savoir-parler-dargent\/#primaryimage\"},\"thumbnailUrl\":\"https:\/\/empow-her.com\/wp-content\/uploads\/2023\/11\/VIGNETTES-SITE-INTERNET-8.png\",\"datePublished\":\"2023-11-22T09:43:20+00:00\",\"dateModified\":\"2023-11-22T12:03:21+00:00\",\"description\":\"Charl\u00e8ne Por\u00e9e formatrice et coach commercial viendra mercredi 13 d\u00e9cembre de 18h30 \u00e0 20h30 chez Sist'Her pour une conf\u00e9rence interactive sur la th\u00e9matique \\\"Savoir parler d'argent\\\", avec un prisme entrepreneurial, f\u00e9minisme et projet \u00e0 impact.\",\"breadcrumb\":{\"@id\":\"https:\/\/empow-her.com\/en\/produit\/atelier-powher-savoir-parler-dargent\/#breadcrumb\"},\"inLanguage\":\"es\",\"potentialAction\":[{\"@type\":\"ReadAction\",\"target\":[\"https:\/\/empow-her.com\/en\/produit\/atelier-powher-savoir-parler-dargent\/\"]}]},{\"@type\":\"ImageObject\",\"inLanguage\":\"es\",\"@id\":\"https:\/\/empow-her.com\/en\/produit\/atelier-powher-savoir-parler-dargent\/#primaryimage\",\"url\":\"https:\/\/empow-her.com\/wp-content\/uploads\/2023\/11\/VIGNETTES-SITE-INTERNET-8.png\",\"contentUrl\":\"https:\/\/empow-her.com\/wp-content\/uploads\/2023\/11\/VIGNETTES-SITE-INTERNET-8.png\",\"width\":1080,\"height\":1080},{\"@type\":\"BreadcrumbList\",\"@id\":\"https:\/\/empow-her.com\/en\/produit\/atelier-powher-savoir-parler-dargent\/#breadcrumb\",\"itemListElement\":[{\"@type\":\"ListItem\",\"position\":1,\"name\":\"Accueil\",\"item\":\"https:\/\/empow-her.com\/es\/inicio\/\"},{\"@type\":\"ListItem\",\"position\":2,\"name\":\"LA BOUTIQUE\",\"item\":\"https:\/\/empow-her.com\/boutique\/\"},{\"@type\":\"ListItem\",\"position\":3,\"name\":\"Atelier Pow&#8217;Her &#8211; Savoir parler d&#8217;argent !\"}]},{\"@type\":\"WebSite\",\"@id\":\"https:\/\/empow-her.com\/#website\",\"url\":\"https:\/\/empow-her.com\/\",\"name\":\"Empow&#039;Her\",\"description\":\"Women Development\",\"potentialAction\":[{\"@type\":\"SearchAction\",\"target\":{\"@type\":\"EntryPoint\",\"urlTemplate\":\"https:\/\/empow-her.com\/?s={search_term_string}\"},\"query-input\":{\"@type\":\"PropertyValueSpecification\",\"valueRequired\":true,\"valueName\":\"search_term_string\"}}],\"inLanguage\":\"es\"}]}<\/script>\n<!-- \/ Yoast SEO plugin. -->","yoast_head_json":{"title":"Atelier Pow'Her - Savoir parler d'argent ! - Empow&#039;Her","description":"Charl\u00e8ne Por\u00e9e formatrice et coach commercial viendra mercredi 13 d\u00e9cembre de 18h30 \u00e0 20h30 chez Sist'Her pour une conf\u00e9rence interactive sur la th\u00e9matique \"Savoir parler d'argent\", avec un prisme entrepreneurial, f\u00e9minisme et projet \u00e0 impact.","robots":{"index":"index","follow":"follow","max-snippet":"max-snippet:-1","max-image-preview":"max-image-preview:large","max-video-preview":"max-video-preview:-1"},"canonical":"https:\/\/empow-her.com\/en\/produit\/atelier-powher-savoir-parler-dargent\/","og_locale":"es_ES","og_type":"article","og_title":"Atelier Pow'Her - Savoir parler d'argent ! - Empow&#039;Her","og_description":"Charl\u00e8ne Por\u00e9e formatrice et coach commercial viendra mercredi 13 d\u00e9cembre de 18h30 \u00e0 20h30 chez Sist'Her pour une conf\u00e9rence interactive sur la th\u00e9matique \"Savoir parler d'argent\", avec un prisme entrepreneurial, f\u00e9minisme et projet \u00e0 impact.","og_url":"https:\/\/empow-her.com\/en\/produit\/atelier-powher-savoir-parler-dargent\/","og_site_name":"Empow&#039;Her","article_modified_time":"2023-11-22T12:03:21+00:00","og_image":[{"width":1080,"height":1080,"url":"https:\/\/empow-her.com\/wp-content\/uploads\/2023\/11\/VIGNETTES-SITE-INTERNET-8.png","type":"image\/png"}],"twitter_card":"summary_large_image","twitter_misc":{"Tiempo de lectura":"2 minutos"},"schema":{"@context":"https:\/\/schema.org","@graph":[{"@type":"WebPage","@id":"https:\/\/empow-her.com\/en\/produit\/atelier-powher-savoir-parler-dargent\/","url":"https:\/\/empow-her.com\/en\/produit\/atelier-powher-savoir-parler-dargent\/","name":"Atelier Pow'Her - Savoir parler d'argent ! - Empow&#039;Her","isPartOf":{"@id":"https:\/\/empow-her.com\/#website"},"primaryImageOfPage":{"@id":"https:\/\/empow-her.com\/en\/produit\/atelier-powher-savoir-parler-dargent\/#primaryimage"},"image":{"@id":"https:\/\/empow-her.com\/en\/produit\/atelier-powher-savoir-parler-dargent\/#primaryimage"},"thumbnailUrl":"https:\/\/empow-her.com\/wp-content\/uploads\/2023\/11\/VIGNETTES-SITE-INTERNET-8.png","datePublished":"2023-11-22T09:43:20+00:00","dateModified":"2023-11-22T12:03:21+00:00","description":"Charl\u00e8ne Por\u00e9e formatrice et coach commercial viendra mercredi 13 d\u00e9cembre de 18h30 \u00e0 20h30 chez Sist'Her pour une conf\u00e9rence interactive sur la th\u00e9matique \"Savoir parler d'argent\", avec un prisme entrepreneurial, f\u00e9minisme et projet \u00e0 impact.","breadcrumb":{"@id":"https:\/\/empow-her.com\/en\/produit\/atelier-powher-savoir-parler-dargent\/#breadcrumb"},"inLanguage":"es","potentialAction":[{"@type":"ReadAction","target":["https:\/\/empow-her.com\/en\/produit\/atelier-powher-savoir-parler-dargent\/"]}]},{"@type":"ImageObject","inLanguage":"es","@id":"https:\/\/empow-her.com\/en\/produit\/atelier-powher-savoir-parler-dargent\/#primaryimage","url":"https:\/\/empow-her.com\/wp-content\/uploads\/2023\/11\/VIGNETTES-SITE-INTERNET-8.png","contentUrl":"https:\/\/empow-her.com\/wp-content\/uploads\/2023\/11\/VIGNETTES-SITE-INTERNET-8.png","width":1080,"height":1080},{"@type":"BreadcrumbList","@id":"https:\/\/empow-her.com\/en\/produit\/atelier-powher-savoir-parler-dargent\/#breadcrumb","itemListElement":[{"@type":"ListItem","position":1,"name":"Accueil","item":"https:\/\/empow-her.com\/es\/inicio\/"},{"@type":"ListItem","position":2,"name":"LA BOUTIQUE","item":"https:\/\/empow-her.com\/boutique\/"},{"@type":"ListItem","position":3,"name":"Atelier Pow&#8217;Her &#8211; Savoir parler d&#8217;argent !"}]},{"@type":"WebSite","@id":"https:\/\/empow-her.com\/#website","url":"https:\/\/empow-her.com\/","name":"Empow&#039;Her","description":"Women Development","potentialAction":[{"@type":"SearchAction","target":{"@type":"EntryPoint","urlTemplate":"https:\/\/empow-her.com\/?s={search_term_string}"},"query-input":{"@type":"PropertyValueSpecification","valueRequired":true,"valueName":"search_term_string"}}],"inLanguage":"es"}]}},"_links":{"self":[{"href":"https:\/\/empow-her.com\/es\/wp-json\/wp\/v2\/product\/221664","targetHints":{"allow":["GET"]}}],"collection":[{"href":"https:\/\/empow-her.com\/es\/wp-json\/wp\/v2\/product"}],"about":[{"href":"https:\/\/empow-her.com\/es\/wp-json\/wp\/v2\/types\/product"}],"wp:featuredmedia":[{"embeddable":true,"href":"https:\/\/empow-her.com\/es\/wp-json\/wp\/v2\/media\/221669"}],"wp:attachment":[{"href":"https:\/\/empow-her.com\/es\/wp-json\/wp\/v2\/media?parent=221664"}],"wp:term":[{"taxonomy":"product_brand","embeddable":true,"href":"https:\/\/empow-her.com\/es\/wp-json\/wp\/v2\/product_brand?post=221664"},{"taxonomy":"product_cat","embeddable":true,"href":"https:\/\/empow-her.com\/es\/wp-json\/wp\/v2\/product_cat?post=221664"},{"taxonomy":"product_tag","embeddable":true,"href":"https:\/\/empow-her.com\/es\/wp-json\/wp\/v2\/product_tag?post=221664"},{"taxonomy":"lieu","embeddable":true,"href":"https:\/\/empow-her.com\/es\/wp-json\/wp\/v2\/lieu?post=221664"},{"taxonomy":"thematiques","embeddable":true,"href":"https:\/\/empow-her.com\/es\/wp-json\/wp\/v2\/thematiques?post=221664"}],"curies":[{"name":"wp","href":"https:\/\/api.w.org\/{rel}","templated":true}]}}